{"id":108788,"date":"2024-06-11T17:05:07","date_gmt":"2024-06-11T15:05:07","guid":{"rendered":"https:\/\/pistonaddict.com\/product\/lamborghini-urraco-p250\/"},"modified":"2024-06-12T09:54:19","modified_gmt":"2024-06-12T07:54:19","slug":"lamborghini-urraco-p250","status":"publish","type":"product","link":"https:\/\/pistonaddict.com\/ro\/product\/lamborghini-urraco-p250\/","title":{"rendered":"Lamborghini Urraco P250"},"content":{"rendered":"<h2>Exterior<\/h2>\n<p>La exterior, acest automobil italian cu patru locuri are o siluet\u0103 \u00een form\u0103 de pan\u0103, caracteristic\u0103 majorit\u0103\u021bii supercarurilor din acea vreme. Partea frontal\u0103 este dominat\u0103 de farurile emblematice, care reprezint\u0103 o necesitate absolut\u0103 pentru a acomoda capota plat\u0103 \u0219i joas\u0103. Trec\u00e2nd de-a lungul p\u0103r\u021bilor laterale, unde se remarc\u0103 cel mai bine pasajele musculoase ale ro\u021bilor, care g\u0103zduiesc jantele originale din aliaj de 14 inch, echipate cu anvelope Michelin XWX, corecte pentru perioada respectiv\u0103. \u00cen plus, un ochi atent va observa \u00een partea din spate un ANSA dublu din o\u021bel inoxidabil, realizat de celebrul tuner Abart. Aceast\u0103 ma\u0219in\u0103 special\u0103 este vopsit\u0103 \u00eentr-un finisaj argintiu elegant, oferind o suprapunere elegant\u0103 la pozi\u021bia sa agresiv\u0103.<\/p>\n<h2>Interior<\/h2>\n<p>Deschiderea portierelor dezv\u0103luie interiorul somptuos Nero al Lambo-ului, cele mai remarcabile fiind scaunele din fa\u021b\u0103, a c\u0103ror stare este descris\u0103 de v\u00e2nz\u0103tor ca fiind &#8220;nou\u0103&#8221;. Aceea\u0219i descriere poate fi folosit\u0103 \u0219i pentru bancheta din spate, care este suficient de spa\u021bioas\u0103 pentru a g\u0103zdui dou\u0103 persoane. Odat\u0103 a\u0219ezat pe scaun, \u0219oferul se va afla \u00een fa\u021ba unui volan din piele cu patru spi\u021be, \u00een spatele c\u0103ruia se afl\u0103 un instrumentar de bord elaborat. Pe l\u00e2ng\u0103 vitezometrul care ajunge p\u00e2n\u0103 la 280 km\/h \u0219i turometrul de 9000 rpm, cadranele includ indicatoare de temperatur\u0103 a motorului, presiune a uleiului \u0219i tensiune de \u00eenc\u0103rcare. Plan\u0219a de bord este acoperit\u0103 cu piele Alcantara de culoare gri \u00eenchis, ceea ce \u00eei confer\u0103 o senza\u021bie de moliciune \u0219i un aspect plat care nu reflect\u0103 razele soarelui.<\/p>\n<h2>Mecanic\u0103<\/h2>\n<p>Fiind vorba de modelul P250, acest Urraco are un motor V8 de 2,5 litri care produce 250 de cai putere \u0219i un cuplu la fel de impresionant de 220 N-m. Aceast\u0103 putere este transferat\u0103 prin intermediul unei transmisii manuale cu 5 trepte, asigur\u00e2nd un timp 0-100 \u00een pu\u021bin sub 7 secunde \u0219i o vitez\u0103 maxim\u0103 de 240 de kilometri pe or\u0103. Aceste cifre de performan\u021b\u0103, impresionante chiar \u0219i dup\u0103 standardele de ast\u0103zi, au f\u0103cut din Uracco unul dintre cele mai rapide modele cu patru locuri din acea vreme. Manevrabilitatea este precis\u0103, datorit\u0103 unei suspensii independente, \u00een timp ce fr\u00e2nele cu disc, capabile \u0219i durabile, de pe toate cele patru ro\u021bi, asigur\u0103 oprirea \u00een siguran\u021b\u0103.<\/p>\n<h2>Istoricul vehiculului<\/h2>\n<p>Lamborghini Urraco P250 pe care \u00eel avem aici a fost fabricat \u00een 1975 \u0219i are \u00een prezent 78.000 de kilometri la activ. De-a lungul anilor, ma\u0219ina nu a fost niciodat\u0103 folosit\u0103 pe circuit \u0219i nici nu a fost implicat\u0103 \u00eentr-un accident. \u00cen 2016, a fost supus unei revizii ample, \u00een timpul c\u0103reia motorul \u0219i suspensia au fost complet reconstruite, \u00een timp ce partea inferioar\u0103 a caroseriei a primit un nou strat de protec\u021bie anti-rugin\u0103. \u00cen acela\u0219i timp, interiorul a fost complet ref\u0103cut \u0219i ma\u0219ina a fost vopsit\u0103. Imperfec\u021biunile vizuale se limiteaz\u0103 la o deteriorare minor\u0103 la u\u0219a \u0219oferului, care va fi reparat\u0103 \u00eenainte de livrarea c\u0103tre viitorul proprietar. Vehiculul se afl\u0103 \u00een prezent \u00een Spania, unde a fost \u00eenmatriculat \u00eenc\u0103 din prima zi.<\/p>\n<p><strong>Vezi videoclipul de pornire la rece al acestui uimitor<\/strong> <strong>Lamborghini Urraco P250<\/strong>:<\/p>\n<p><iframe title=\"Cold Start Video of the amazing Lamborghini Urraco P250\" width=\"1200\" height=\"675\" src=\"https:\/\/www.youtube.com\/embed\/wt_LCr8LgcQ?feature=oembed\" frameborder=\"0\" allow=\"accelerometer; autoplay; clipboard-write; encrypted-media; gyroscope; picture-in-picture; web-share\" referrerpolicy=\"strict-origin-when-cross-origin\" allowfullscreen><\/iframe><\/p>\n<p><strong>\u0218i turul video :<\/strong><\/p>\n<p><iframe title=\"Video Tour of the Lamborghini Urraco P250\" width=\"1200\" height=\"675\" src=\"https:\/\/www.youtube.com\/embed\/azU8K1XDHOA?feature=oembed\" frameborder=\"0\" allow=\"accelerometer; autoplay; clipboard-write; encrypted-media; gyroscope; picture-in-picture; web-share\" referrerpolicy=\"strict-origin-when-cross-origin\" allowfullscreen><\/iframe><\/p>\n","protected":false},"excerpt":{"rendered":"<p>Numit dup\u0103 o ras\u0103 de tauri de lupt\u0103 din Miura, Urraco este o ma\u0219in\u0103 sport produs\u0103 de Lamborghini \u00eentre 1972 \u0219i 1979. Acest automobil cu patru locuri, proiectat de Bertone, a fost conceput pentru a \u00eenfrunta concuren\u021bi precum Ferrari 308 GT4 \u0219i legendarul Porsche 911. Cu toate acestea, \u00een ciuda faptului c\u0103 era uimitor la vedere \u0219i u\u0219or de condus, Urraco nu a avut un succes de v\u00e2nz\u0103ri uria\u0219, fiind fabricate doar 791 de ma\u0219ini \u00een cei 7 ani de fabrica\u021bie. Cu toate acestea, un num\u0103r at\u00e2t de limitat de exemplare asigur\u0103 exclusivitatea, a\u0219a c\u0103 cei care vor cump\u0103ra acest Lambo argintiu vor avea ceva ce nu se vede prea des.<\/p>\n","protected":false},"featured_media":108765,"comment_status":"open","ping_status":"closed","template":"","meta":{"inline_featured_image":false},"product_cat":[744],"product_tag":[4231,4232,4229,965],"acf":[],"yoast_head":"<!-- This site is optimized with the Yoast SEO plugin v22.5 - https:\/\/yoast.com\/wordpress\/plugins\/seo\/ -->\n<title>Lamborghini Urraco P250 - Piston Addict<\/title>\n<meta name=\"robots\" content=\"index, follow, max-snippet:-1, max-image-preview:large, max-video-preview:-1\" \/>\n<link rel=\"canonical\" href=\"https:\/\/pistonaddict.com\/ro\/product\/lamborghini-urraco-p250\/\" \/>\n<meta property=\"og:locale\" content=\"ro_RO\" \/>\n<meta property=\"og:type\" content=\"article\" \/>\n<meta property=\"og:title\" content=\"Lamborghini Urraco P250 - Piston Addict\" \/>\n<meta property=\"og:description\" content=\"Numit dup\u0103 o ras\u0103 de tauri de lupt\u0103 din Miura, Urraco este o ma\u0219in\u0103 sport produs\u0103 de Lamborghini \u00eentre 1972 \u0219i 1979. Acest automobil cu patru locuri, proiectat de Bertone, a fost conceput pentru a \u00eenfrunta concuren\u021bi precum Ferrari 308 GT4 \u0219i legendarul Porsche 911. Cu toate acestea, \u00een ciuda faptului c\u0103 era uimitor la vedere \u0219i u\u0219or de condus, Urraco nu a avut un succes de v\u00e2nz\u0103ri uria\u0219, fiind fabricate doar 791 de ma\u0219ini \u00een cei 7 ani de fabrica\u021bie. Cu toate acestea, un num\u0103r at\u00e2t de limitat de exemplare asigur\u0103 exclusivitatea, a\u0219a c\u0103 cei care vor cump\u0103ra acest Lambo argintiu vor avea ceva ce nu se vede prea des.\" \/>\n<meta property=\"og:url\" content=\"https:\/\/pistonaddict.com\/ro\/product\/lamborghini-urraco-p250\/\" \/>\n<meta property=\"og:site_name\" content=\"Piston Addict\" \/>\n<meta property=\"article:modified_time\" content=\"2024-06-12T07:54:19+00:00\" \/>\n<meta property=\"og:image\" content=\"https:\/\/pistonaddict.com\/wp-content\/uploads\/2024\/06\/IMG-20231121-WA0182.jpg\" \/>\n\t<meta property=\"og:image:width\" content=\"2048\" \/>\n\t<meta property=\"og:image:height\" content=\"1536\" \/>\n\t<meta property=\"og:image:type\" content=\"image\/jpeg\" \/>\n<meta name=\"twitter:card\" content=\"summary_large_image\" \/>\n<meta name=\"twitter:label1\" content=\"Timp estimat pentru citire\" \/>\n\t<meta name=\"twitter:data1\" content=\"3 minute\" \/>\n<script type=\"application\/ld+json\" class=\"yoast-schema-graph\">{\"@context\":\"https:\/\/schema.org\",\"@graph\":[{\"@type\":\"WebPage\",\"@id\":\"https:\/\/pistonaddict.com\/ro\/product\/lamborghini-urraco-p250\/\",\"url\":\"https:\/\/pistonaddict.com\/ro\/product\/lamborghini-urraco-p250\/\",\"name\":\"Lamborghini Urraco P250 - Piston Addict\",\"isPartOf\":{\"@id\":\"https:\/\/pistonaddict.com\/ro\/#website\"},\"primaryImageOfPage\":{\"@id\":\"https:\/\/pistonaddict.com\/ro\/product\/lamborghini-urraco-p250\/#primaryimage\"},\"image\":{\"@id\":\"https:\/\/pistonaddict.com\/ro\/product\/lamborghini-urraco-p250\/#primaryimage\"},\"thumbnailUrl\":\"https:\/\/pistonaddict.com\/wp-content\/uploads\/2024\/06\/IMG-20231121-WA0182.jpg\",\"datePublished\":\"2024-06-11T15:05:07+00:00\",\"dateModified\":\"2024-06-12T07:54:19+00:00\",\"breadcrumb\":{\"@id\":\"https:\/\/pistonaddict.com\/ro\/product\/lamborghini-urraco-p250\/#breadcrumb\"},\"inLanguage\":\"ro-RO\",\"potentialAction\":[{\"@type\":\"ReadAction\",\"target\":[\"https:\/\/pistonaddict.com\/ro\/product\/lamborghini-urraco-p250\/\"]}]},{\"@type\":\"ImageObject\",\"inLanguage\":\"ro-RO\",\"@id\":\"https:\/\/pistonaddict.com\/ro\/product\/lamborghini-urraco-p250\/#primaryimage\",\"url\":\"https:\/\/pistonaddict.com\/wp-content\/uploads\/2024\/06\/IMG-20231121-WA0182.jpg\",\"contentUrl\":\"https:\/\/pistonaddict.com\/wp-content\/uploads\/2024\/06\/IMG-20231121-WA0182.jpg\",\"width\":2048,\"height\":1536},{\"@type\":\"BreadcrumbList\",\"@id\":\"https:\/\/pistonaddict.com\/ro\/product\/lamborghini-urraco-p250\/#breadcrumb\",\"itemListElement\":[{\"@type\":\"ListItem\",\"position\":1,\"name\":\"Pagina principala\",\"item\":\"https:\/\/pistonaddict.com\/ro\/pagina-de-start\/\"},{\"@type\":\"ListItem\",\"position\":2,\"name\":\"Auctions\",\"item\":\"https:\/\/pistonaddict.com\/auctions-listing\/\"},{\"@type\":\"ListItem\",\"position\":3,\"name\":\"Lamborghini Urraco P250\"}]},{\"@type\":\"WebSite\",\"@id\":\"https:\/\/pistonaddict.com\/ro\/#website\",\"url\":\"https:\/\/pistonaddict.com\/ro\/\",\"name\":\"Piston Addict\",\"description\":\"Only interesting vehicles\",\"publisher\":{\"@id\":\"https:\/\/pistonaddict.com\/ro\/#organization\"},\"potentialAction\":[{\"@type\":\"SearchAction\",\"target\":{\"@type\":\"EntryPoint\",\"urlTemplate\":\"https:\/\/pistonaddict.com\/ro\/?s={search_term_string}\"},\"query-input\":\"required name=search_term_string\"}],\"inLanguage\":\"ro-RO\"},{\"@type\":\"Organization\",\"@id\":\"https:\/\/pistonaddict.com\/ro\/#organization\",\"name\":\"Piston Addict\",\"url\":\"https:\/\/pistonaddict.com\/ro\/\",\"logo\":{\"@type\":\"ImageObject\",\"inLanguage\":\"ro-RO\",\"@id\":\"https:\/\/pistonaddict.com\/ro\/#\/schema\/logo\/image\/\",\"url\":\"https:\/\/pistonaddict.com\/wp-content\/uploads\/2022\/07\/logo-6.png\",\"contentUrl\":\"https:\/\/pistonaddict.com\/wp-content\/uploads\/2022\/07\/logo-6.png\",\"width\":970,\"height\":200,\"caption\":\"Piston Addict\"},\"image\":{\"@id\":\"https:\/\/pistonaddict.com\/ro\/#\/schema\/logo\/image\/\"}}]}<\/script>\n<!-- \/ Yoast SEO plugin. -->","yoast_head_json":{"title":"Lamborghini Urraco P250 - Piston Addict","robots":{"index":"index","follow":"follow","max-snippet":"max-snippet:-1","max-image-preview":"max-image-preview:large","max-video-preview":"max-video-preview:-1"},"canonical":"https:\/\/pistonaddict.com\/ro\/product\/lamborghini-urraco-p250\/","og_locale":"ro_RO","og_type":"article","og_title":"Lamborghini Urraco P250 - Piston Addict","og_description":"Numit dup\u0103 o ras\u0103 de tauri de lupt\u0103 din Miura, Urraco este o ma\u0219in\u0103 sport produs\u0103 de Lamborghini \u00eentre 1972 \u0219i 1979. Acest automobil cu patru locuri, proiectat de Bertone, a fost conceput pentru a \u00eenfrunta concuren\u021bi precum Ferrari 308 GT4 \u0219i legendarul Porsche 911. Cu toate acestea, \u00een ciuda faptului c\u0103 era uimitor la vedere \u0219i u\u0219or de condus, Urraco nu a avut un succes de v\u00e2nz\u0103ri uria\u0219, fiind fabricate doar 791 de ma\u0219ini \u00een cei 7 ani de fabrica\u021bie. Cu toate acestea, un num\u0103r at\u00e2t de limitat de exemplare asigur\u0103 exclusivitatea, a\u0219a c\u0103 cei care vor cump\u0103ra acest Lambo argintiu vor avea ceva ce nu se vede prea des.","og_url":"https:\/\/pistonaddict.com\/ro\/product\/lamborghini-urraco-p250\/","og_site_name":"Piston Addict","article_modified_time":"2024-06-12T07:54:19+00:00","og_image":[{"width":2048,"height":1536,"url":"https:\/\/pistonaddict.com\/wp-content\/uploads\/2024\/06\/IMG-20231121-WA0182.jpg","type":"image\/jpeg"}],"twitter_card":"summary_large_image","twitter_misc":{"Timp estimat pentru citire":"3 minute"},"schema":{"@context":"https:\/\/schema.org","@graph":[{"@type":"WebPage","@id":"https:\/\/pistonaddict.com\/ro\/product\/lamborghini-urraco-p250\/","url":"https:\/\/pistonaddict.com\/ro\/product\/lamborghini-urraco-p250\/","name":"Lamborghini Urraco P250 - Piston Addict","isPartOf":{"@id":"https:\/\/pistonaddict.com\/ro\/#website"},"primaryImageOfPage":{"@id":"https:\/\/pistonaddict.com\/ro\/product\/lamborghini-urraco-p250\/#primaryimage"},"image":{"@id":"https:\/\/pistonaddict.com\/ro\/product\/lamborghini-urraco-p250\/#primaryimage"},"thumbnailUrl":"https:\/\/pistonaddict.com\/wp-content\/uploads\/2024\/06\/IMG-20231121-WA0182.jpg","datePublished":"2024-06-11T15:05:07+00:00","dateModified":"2024-06-12T07:54:19+00:00","breadcrumb":{"@id":"https:\/\/pistonaddict.com\/ro\/product\/lamborghini-urraco-p250\/#breadcrumb"},"inLanguage":"ro-RO","potentialAction":[{"@type":"ReadAction","target":["https:\/\/pistonaddict.com\/ro\/product\/lamborghini-urraco-p250\/"]}]},{"@type":"ImageObject","inLanguage":"ro-RO","@id":"https:\/\/pistonaddict.com\/ro\/product\/lamborghini-urraco-p250\/#primaryimage","url":"https:\/\/pistonaddict.com\/wp-content\/uploads\/2024\/06\/IMG-20231121-WA0182.jpg","contentUrl":"https:\/\/pistonaddict.com\/wp-content\/uploads\/2024\/06\/IMG-20231121-WA0182.jpg","width":2048,"height":1536},{"@type":"BreadcrumbList","@id":"https:\/\/pistonaddict.com\/ro\/product\/lamborghini-urraco-p250\/#breadcrumb","itemListElement":[{"@type":"ListItem","position":1,"name":"Pagina principala","item":"https:\/\/pistonaddict.com\/ro\/pagina-de-start\/"},{"@type":"ListItem","position":2,"name":"Auctions","item":"https:\/\/pistonaddict.com\/auctions-listing\/"},{"@type":"ListItem","position":3,"name":"Lamborghini Urraco P250"}]},{"@type":"WebSite","@id":"https:\/\/pistonaddict.com\/ro\/#website","url":"https:\/\/pistonaddict.com\/ro\/","name":"Piston Addict","description":"Only interesting vehicles","publisher":{"@id":"https:\/\/pistonaddict.com\/ro\/#organization"},"potentialAction":[{"@type":"SearchAction","target":{"@type":"EntryPoint","urlTemplate":"https:\/\/pistonaddict.com\/ro\/?s={search_term_string}"},"query-input":"required name=search_term_string"}],"inLanguage":"ro-RO"},{"@type":"Organization","@id":"https:\/\/pistonaddict.com\/ro\/#organization","name":"Piston Addict","url":"https:\/\/pistonaddict.com\/ro\/","logo":{"@type":"ImageObject","inLanguage":"ro-RO","@id":"https:\/\/pistonaddict.com\/ro\/#\/schema\/logo\/image\/","url":"https:\/\/pistonaddict.com\/wp-content\/uploads\/2022\/07\/logo-6.png","contentUrl":"https:\/\/pistonaddict.com\/wp-content\/uploads\/2022\/07\/logo-6.png","width":970,"height":200,"caption":"Piston Addict"},"image":{"@id":"https:\/\/pistonaddict.com\/ro\/#\/schema\/logo\/image\/"}}]}},"_links":{"self":[{"href":"https:\/\/pistonaddict.com\/ro\/wp-json\/wp\/v2\/product\/108788"}],"collection":[{"href":"https:\/\/pistonaddict.com\/ro\/wp-json\/wp\/v2\/product"}],"about":[{"href":"https:\/\/pistonaddict.com\/ro\/wp-json\/wp\/v2\/types\/product"}],"replies":[{"embeddable":true,"href":"https:\/\/pistonaddict.com\/ro\/wp-json\/wp\/v2\/comments?post=108788"}],"wp:featuredmedia":[{"embeddable":true,"href":"https:\/\/pistonaddict.com\/ro\/wp-json\/wp\/v2\/media\/108765"}],"wp:attachment":[{"href":"https:\/\/pistonaddict.com\/ro\/wp-json\/wp\/v2\/media?parent=108788"}],"wp:term":[{"taxonomy":"product_cat","embeddable":true,"href":"https:\/\/pistonaddict.com\/ro\/wp-json\/wp\/v2\/product_cat?post=108788"},{"taxonomy":"product_tag","embeddable":true,"href":"https:\/\/pistonaddict.com\/ro\/wp-json\/wp\/v2\/product_tag?post=108788"}],"curies":[{"name":"wp","href":"https:\/\/api.w.org\/{rel}","templated":true}]}}