{"id":104839,"date":"2024-05-21T11:33:26","date_gmt":"2024-05-21T09:33:26","guid":{"rendered":"https:\/\/pistonaddict.com\/product\/fisker-karma-2\/"},"modified":"2024-05-21T14:15:38","modified_gmt":"2024-05-21T12:15:38","slug":"fisker-karma-2","status":"publish","type":"product","link":"https:\/\/pistonaddict.com\/ro\/product\/fisker-karma-2\/","title":{"rendered":"Fisker Karma"},"content":{"rendered":"<p><strong>Istoria ma\u0219inii<\/strong><\/p>\n<p>Fisker Karma, un testament al geniului lui Henrik Fisker, a fost prezentat \u00een 2011. Acest vehicul electric hibrid plug-in (PHEV) nu numai c\u0103 a dep\u0103\u0219it limitele designului \u0219i tehnologiei auto, dar a \u0219i cucerit inimile cu estetica sa izbitoare, interiorul luxos \u0219i ingineria inovatoare. De\u0219i hibrizii nu erau o noutate la acea vreme, Karma a redefinit percep\u021biile, transform\u00e2ndu-le din banale \u00een aspira\u021bionale. Acesta \u00eembin\u0103 perfect performan\u021ba \u0219i durabilitatea, f\u0103c\u00e2nd ca hibrizii s\u0103 fie at\u00e2t ecologici \u0219i elegan\u021bi, c\u00e2t \u0219i \u00eenc\u00e2nt\u0103tori la condus. Propulsat de o combina\u021bie puternic\u0103 \u00eentre un motor turbo pe benzin\u0103 de 2,0 litri \u0219i dou\u0103 motoare electrice, Karma s-a l\u0103udat cu cifre impresionante de performan\u021b\u0103. Accelera\u021bia de la 0 la 100 km\/h \u00een doar 5,9 secunde \u0219i viteza maxim\u0103 de peste 200 km\/h au pus \u00een eviden\u021b\u0103 pedigree-ul s\u0103u de ma\u0219in\u0103 sport. Cu toate acestea, a realizat aceste performan\u021be, men\u021bin\u00e2nd \u00een acela\u0219i timp o eficien\u021b\u0103 l\u0103udabil\u0103 a consumului de combustibil. Dincolo de performan\u021bele sale, designul lui Karma a devenit caracteristica sa definitorie. Liniile sale gra\u021bioase \u0219i prezen\u021ba sa impun\u0103toare au atras privirile oriunde mergea, ceea ce i-a adus admira\u021bia pasiona\u021bilor de automobile din \u00eentreaga lume. Acest model specific, o itera\u021bie din a doua serie din 2013, ocup\u0103 un loc de raritate \u0219i exclusivitate. Dintre cele 2.349 de Fisker Karma fabricate, acesta se num\u0103r\u0103 printre ultimele exemplare, purt\u00e2nd num\u0103rul de serie 2.259. O bijuterie rar\u0103, doar 188 de vehicule din \u00eentreaga lume se m\u00e2ndresc cu aceast\u0103 combina\u021bie unic\u0103 de culoare \u0219i jante.<\/p>\n<p><strong>Stare<\/strong><\/p>\n<p>Cu doar 82.080 km, \u00eenso\u021bit\u0103 de un istoric de service complet \u0219i doar c\u00e2\u021biva proprietari devota\u021bi, aceast\u0103 Karma se afl\u0103 \u00eentr-o stare impecabil\u0103. \u00cen ceea ce prive\u0219te consumul de combustibil, afirma\u021bia lui Fisker privind o autonomie exclusiv electric\u0103 de peste 80 km este \u00eentemeiat\u0103, ceea ce \u00eel face potrivit pentru deplas\u0103rile zilnice. \u00cen plus, apar cifre remarcabile atunci c\u00e2nd se utilizeaz\u0103 benzin\u0103 \u0219i energie electric\u0103, cu o medie de doar 4,5 litri de combustibil la 100 km. Poten\u021bialii cump\u0103r\u0103tori vor aprecia \u00eentre\u021binerea meticuloas\u0103 a acestui vehicul, a\u0219a cum reiese din fi\u0219ele de service complete. Un schimb de ulei a fost efectuat la sf\u00e2r\u0219itul anului 2022, o revizie complet\u0103 \u00een martie 2024 \u0219i o revizie a sistemului de fr\u00e2nare \u00een mai 2024 pentru a se asigura c\u0103 aceast\u0103 elegant\u0103 Karma neagr\u0103 este \u00een stare excelent\u0103. Cel mai important lucru de men\u021bionat este c\u0103 bateria a fost terminat\u0103 \u00een 2017, c\u00e2nd actualul proprietar a cump\u0103rat ma\u0219ina &#8211; ceea ce \u00eenseamn\u0103 c\u0103 viitorii proprietari vor avea o experien\u021b\u0103 de proprietate f\u0103r\u0103 probleme.<\/p>\n<p><strong>Interior<\/strong><\/p>\n<p>Combina\u021bia de piele neagr\u0103 \u0219i Alcantara se potrive\u0219te perfect cu exteriorul, dar cel mai important lucru este c\u0103 interiorul este \u00een stare ca nou, f\u0103r\u0103 rupturi, deterior\u0103ri sau modific\u0103ri. Sistemele de infotainment \u0219i audio sunt prezente, iar u\u0219ile f\u0103r\u0103 ram\u0103 adaug\u0103 acestui sedan un aer sportiv \u0219i de coupe. Datorit\u0103 construc\u021biei sale specifice, Karma st\u0103 jos \u0219i ofer\u0103 pasagerilor mai mult spa\u021biu interior dec\u00e2t concuren\u021bii. Fiecare caracteristic\u0103, cum ar fi scaunele \u00eenc\u0103lzite, este func\u021bional\u0103 \u0219i \u00een stare de func\u021bionare.<\/p>\n<p><strong>Exterior \u0219i ro\u021bi<\/strong><\/p>\n<p>Vopseaua neagr\u0103 lucioas\u0103 este \u00een stare excelent\u0103, f\u0103r\u0103 zg\u00e2rieturi, lovituri sau deterior\u0103ri. Acoperi\u0219ul solar unic este prezent \u0219i func\u021bional, fiind \u00een continuare una dintre cele mai remarcabile caracteristici ale acestui model. Acest Karma este echipat op\u021bional cu jante de 22 de inci, \u00eembr\u0103cate \u00een anvelope Pirelli pe ro\u021bile din fa\u021b\u0103 \u0219i Goodyear pe cele din spate. Anvelopele fa\u021b\u0103 au fost montate \u00een martie 2024 \u0219i sunt \u00een stare ca noi. Singura repara\u021bie efectuat\u0103 la exterior este recondi\u021bionarea jantelor cu aspect unic, astfel \u00eenc\u00e2t s\u0103 arate ca \u0219i cum ar fi fost livrate de cur\u00e2nd.<\/p>\n<p><strong>Documenta\u021bie<\/strong><\/p>\n<p>Aceast\u0103 ma\u0219in\u0103 se afl\u0103 \u00een Elve\u021bia \u0219i este v\u00e2ndut\u0103 de o persoan\u0103 privat\u0103. <a href=\"https:\/\/pistonaddict.com\/wp-content\/uploads\/2024\/05\/YH4K14AA4CA002259.pdf\">Raportul CarVertical<\/a> este curat; nu exist\u0103 dovezi de accidente, repara\u021bii \u00een caz de accident, proprietate sau probleme juridice. Exist\u0103 registre de \u00eentre\u021binere periodic\u0103, facturi de v\u00e2nzare \u0219i chitan\u021be. Nu exist\u0103 garan\u021bie din fabric\u0103 pentru acest model.<\/p>\n<p><strong>Vezi video cu acest superb Fisker Karma :<\/strong><\/p>\n<p><iframe title=\"Video Tour of the Fisker Karma for auction sale\" width=\"1200\" height=\"675\" src=\"https:\/\/www.youtube.com\/embed\/xv_ZkvmcPKw?feature=oembed\" frameborder=\"0\" allow=\"accelerometer; autoplay; clipboard-write; encrypted-media; gyroscope; picture-in-picture; web-share\" referrerpolicy=\"strict-origin-when-cross-origin\" allowfullscreen><\/iframe><\/p>\n","protected":false},"excerpt":{"rendered":"<p>Fisker Karma va r\u0103m\u00e2ne mereu \u00een istorie ca fiind unul dintre cele mai interesante \u0219i unul dintre primii hibrizi disponibili la nivel global. Cu designul s\u0103u unic, trenul de rulare puternic, caracteristicile sale excelente \u0219i num\u0103rul foarte mic de exemplare produse, Karma este, de fapt, prima ma\u0219in\u0103 de colec\u021bie din era modern\u0103 a vehiculelor electrice\/hibride. Un viitor clasic? Categoric!<\/p>\n","protected":false},"featured_media":104627,"comment_status":"open","ping_status":"closed","template":"","meta":{"inline_featured_image":false},"product_cat":[744],"product_tag":[4077,4078,1844,4081,934],"acf":[],"yoast_head":"<!-- This site is optimized with the Yoast SEO plugin v22.5 - https:\/\/yoast.com\/wordpress\/plugins\/seo\/ -->\n<title>Fisker Karma - Piston Addict<\/title>\n<meta name=\"robots\" content=\"index, follow, max-snippet:-1, max-image-preview:large, max-video-preview:-1\" \/>\n<link rel=\"canonical\" href=\"https:\/\/pistonaddict.com\/ro\/product\/fisker-karma-2\/\" \/>\n<meta property=\"og:locale\" content=\"ro_RO\" \/>\n<meta property=\"og:type\" content=\"article\" \/>\n<meta property=\"og:title\" content=\"Fisker Karma - Piston Addict\" \/>\n<meta property=\"og:description\" content=\"Fisker Karma va r\u0103m\u00e2ne mereu \u00een istorie ca fiind unul dintre cele mai interesante \u0219i unul dintre primii hibrizi disponibili la nivel global. Cu designul s\u0103u unic, trenul de rulare puternic, caracteristicile sale excelente \u0219i num\u0103rul foarte mic de exemplare produse, Karma este, de fapt, prima ma\u0219in\u0103 de colec\u021bie din era modern\u0103 a vehiculelor electrice\/hibride. Un viitor clasic? Categoric!\" \/>\n<meta property=\"og:url\" content=\"https:\/\/pistonaddict.com\/ro\/product\/fisker-karma-2\/\" \/>\n<meta property=\"og:site_name\" content=\"Piston Addict\" \/>\n<meta property=\"article:modified_time\" content=\"2024-05-21T12:15:38+00:00\" \/>\n<meta property=\"og:image\" content=\"https:\/\/pistonaddict.com\/wp-content\/uploads\/2024\/05\/IMG-20240321-WA0010.jpg\" \/>\n\t<meta property=\"og:image:width\" content=\"2000\" \/>\n\t<meta property=\"og:image:height\" content=\"1500\" \/>\n\t<meta property=\"og:image:type\" content=\"image\/jpeg\" \/>\n<meta name=\"twitter:card\" content=\"summary_large_image\" \/>\n<meta name=\"twitter:label1\" content=\"Timp estimat pentru citire\" \/>\n\t<meta name=\"twitter:data1\" content=\"4 minute\" \/>\n<script type=\"application\/ld+json\" class=\"yoast-schema-graph\">{\"@context\":\"https:\/\/schema.org\",\"@graph\":[{\"@type\":\"WebPage\",\"@id\":\"https:\/\/pistonaddict.com\/ro\/product\/fisker-karma-2\/\",\"url\":\"https:\/\/pistonaddict.com\/ro\/product\/fisker-karma-2\/\",\"name\":\"Fisker Karma - Piston Addict\",\"isPartOf\":{\"@id\":\"https:\/\/pistonaddict.com\/ro\/#website\"},\"primaryImageOfPage\":{\"@id\":\"https:\/\/pistonaddict.com\/ro\/product\/fisker-karma-2\/#primaryimage\"},\"image\":{\"@id\":\"https:\/\/pistonaddict.com\/ro\/product\/fisker-karma-2\/#primaryimage\"},\"thumbnailUrl\":\"https:\/\/pistonaddict.com\/wp-content\/uploads\/2024\/05\/IMG-20240321-WA0010.jpg\",\"datePublished\":\"2024-05-21T09:33:26+00:00\",\"dateModified\":\"2024-05-21T12:15:38+00:00\",\"breadcrumb\":{\"@id\":\"https:\/\/pistonaddict.com\/ro\/product\/fisker-karma-2\/#breadcrumb\"},\"inLanguage\":\"ro-RO\",\"potentialAction\":[{\"@type\":\"ReadAction\",\"target\":[\"https:\/\/pistonaddict.com\/ro\/product\/fisker-karma-2\/\"]}]},{\"@type\":\"ImageObject\",\"inLanguage\":\"ro-RO\",\"@id\":\"https:\/\/pistonaddict.com\/ro\/product\/fisker-karma-2\/#primaryimage\",\"url\":\"https:\/\/pistonaddict.com\/wp-content\/uploads\/2024\/05\/IMG-20240321-WA0010.jpg\",\"contentUrl\":\"https:\/\/pistonaddict.com\/wp-content\/uploads\/2024\/05\/IMG-20240321-WA0010.jpg\",\"width\":2000,\"height\":1500},{\"@type\":\"BreadcrumbList\",\"@id\":\"https:\/\/pistonaddict.com\/ro\/product\/fisker-karma-2\/#breadcrumb\",\"itemListElement\":[{\"@type\":\"ListItem\",\"position\":1,\"name\":\"Pagina principala\",\"item\":\"https:\/\/pistonaddict.com\/ro\/pagina-de-start\/\"},{\"@type\":\"ListItem\",\"position\":2,\"name\":\"Auctions\",\"item\":\"https:\/\/pistonaddict.com\/auctions-listing\/\"},{\"@type\":\"ListItem\",\"position\":3,\"name\":\"Fisker Karma\"}]},{\"@type\":\"WebSite\",\"@id\":\"https:\/\/pistonaddict.com\/ro\/#website\",\"url\":\"https:\/\/pistonaddict.com\/ro\/\",\"name\":\"Piston Addict\",\"description\":\"Only interesting vehicles\",\"publisher\":{\"@id\":\"https:\/\/pistonaddict.com\/ro\/#organization\"},\"potentialAction\":[{\"@type\":\"SearchAction\",\"target\":{\"@type\":\"EntryPoint\",\"urlTemplate\":\"https:\/\/pistonaddict.com\/ro\/?s={search_term_string}\"},\"query-input\":\"required name=search_term_string\"}],\"inLanguage\":\"ro-RO\"},{\"@type\":\"Organization\",\"@id\":\"https:\/\/pistonaddict.com\/ro\/#organization\",\"name\":\"Piston Addict\",\"url\":\"https:\/\/pistonaddict.com\/ro\/\",\"logo\":{\"@type\":\"ImageObject\",\"inLanguage\":\"ro-RO\",\"@id\":\"https:\/\/pistonaddict.com\/ro\/#\/schema\/logo\/image\/\",\"url\":\"https:\/\/pistonaddict.com\/wp-content\/uploads\/2022\/07\/logo-6.png\",\"contentUrl\":\"https:\/\/pistonaddict.com\/wp-content\/uploads\/2022\/07\/logo-6.png\",\"width\":970,\"height\":200,\"caption\":\"Piston Addict\"},\"image\":{\"@id\":\"https:\/\/pistonaddict.com\/ro\/#\/schema\/logo\/image\/\"}}]}<\/script>\n<!-- \/ Yoast SEO plugin. -->","yoast_head_json":{"title":"Fisker Karma - Piston Addict","robots":{"index":"index","follow":"follow","max-snippet":"max-snippet:-1","max-image-preview":"max-image-preview:large","max-video-preview":"max-video-preview:-1"},"canonical":"https:\/\/pistonaddict.com\/ro\/product\/fisker-karma-2\/","og_locale":"ro_RO","og_type":"article","og_title":"Fisker Karma - Piston Addict","og_description":"Fisker Karma va r\u0103m\u00e2ne mereu \u00een istorie ca fiind unul dintre cele mai interesante \u0219i unul dintre primii hibrizi disponibili la nivel global. Cu designul s\u0103u unic, trenul de rulare puternic, caracteristicile sale excelente \u0219i num\u0103rul foarte mic de exemplare produse, Karma este, de fapt, prima ma\u0219in\u0103 de colec\u021bie din era modern\u0103 a vehiculelor electrice\/hibride. Un viitor clasic? Categoric!","og_url":"https:\/\/pistonaddict.com\/ro\/product\/fisker-karma-2\/","og_site_name":"Piston Addict","article_modified_time":"2024-05-21T12:15:38+00:00","og_image":[{"width":2000,"height":1500,"url":"https:\/\/pistonaddict.com\/wp-content\/uploads\/2024\/05\/IMG-20240321-WA0010.jpg","type":"image\/jpeg"}],"twitter_card":"summary_large_image","twitter_misc":{"Timp estimat pentru citire":"4 minute"},"schema":{"@context":"https:\/\/schema.org","@graph":[{"@type":"WebPage","@id":"https:\/\/pistonaddict.com\/ro\/product\/fisker-karma-2\/","url":"https:\/\/pistonaddict.com\/ro\/product\/fisker-karma-2\/","name":"Fisker Karma - Piston Addict","isPartOf":{"@id":"https:\/\/pistonaddict.com\/ro\/#website"},"primaryImageOfPage":{"@id":"https:\/\/pistonaddict.com\/ro\/product\/fisker-karma-2\/#primaryimage"},"image":{"@id":"https:\/\/pistonaddict.com\/ro\/product\/fisker-karma-2\/#primaryimage"},"thumbnailUrl":"https:\/\/pistonaddict.com\/wp-content\/uploads\/2024\/05\/IMG-20240321-WA0010.jpg","datePublished":"2024-05-21T09:33:26+00:00","dateModified":"2024-05-21T12:15:38+00:00","breadcrumb":{"@id":"https:\/\/pistonaddict.com\/ro\/product\/fisker-karma-2\/#breadcrumb"},"inLanguage":"ro-RO","potentialAction":[{"@type":"ReadAction","target":["https:\/\/pistonaddict.com\/ro\/product\/fisker-karma-2\/"]}]},{"@type":"ImageObject","inLanguage":"ro-RO","@id":"https:\/\/pistonaddict.com\/ro\/product\/fisker-karma-2\/#primaryimage","url":"https:\/\/pistonaddict.com\/wp-content\/uploads\/2024\/05\/IMG-20240321-WA0010.jpg","contentUrl":"https:\/\/pistonaddict.com\/wp-content\/uploads\/2024\/05\/IMG-20240321-WA0010.jpg","width":2000,"height":1500},{"@type":"BreadcrumbList","@id":"https:\/\/pistonaddict.com\/ro\/product\/fisker-karma-2\/#breadcrumb","itemListElement":[{"@type":"ListItem","position":1,"name":"Pagina principala","item":"https:\/\/pistonaddict.com\/ro\/pagina-de-start\/"},{"@type":"ListItem","position":2,"name":"Auctions","item":"https:\/\/pistonaddict.com\/auctions-listing\/"},{"@type":"ListItem","position":3,"name":"Fisker Karma"}]},{"@type":"WebSite","@id":"https:\/\/pistonaddict.com\/ro\/#website","url":"https:\/\/pistonaddict.com\/ro\/","name":"Piston Addict","description":"Only interesting vehicles","publisher":{"@id":"https:\/\/pistonaddict.com\/ro\/#organization"},"potentialAction":[{"@type":"SearchAction","target":{"@type":"EntryPoint","urlTemplate":"https:\/\/pistonaddict.com\/ro\/?s={search_term_string}"},"query-input":"required name=search_term_string"}],"inLanguage":"ro-RO"},{"@type":"Organization","@id":"https:\/\/pistonaddict.com\/ro\/#organization","name":"Piston Addict","url":"https:\/\/pistonaddict.com\/ro\/","logo":{"@type":"ImageObject","inLanguage":"ro-RO","@id":"https:\/\/pistonaddict.com\/ro\/#\/schema\/logo\/image\/","url":"https:\/\/pistonaddict.com\/wp-content\/uploads\/2022\/07\/logo-6.png","contentUrl":"https:\/\/pistonaddict.com\/wp-content\/uploads\/2022\/07\/logo-6.png","width":970,"height":200,"caption":"Piston Addict"},"image":{"@id":"https:\/\/pistonaddict.com\/ro\/#\/schema\/logo\/image\/"}}]}},"_links":{"self":[{"href":"https:\/\/pistonaddict.com\/ro\/wp-json\/wp\/v2\/product\/104839"}],"collection":[{"href":"https:\/\/pistonaddict.com\/ro\/wp-json\/wp\/v2\/product"}],"about":[{"href":"https:\/\/pistonaddict.com\/ro\/wp-json\/wp\/v2\/types\/product"}],"replies":[{"embeddable":true,"href":"https:\/\/pistonaddict.com\/ro\/wp-json\/wp\/v2\/comments?post=104839"}],"wp:featuredmedia":[{"embeddable":true,"href":"https:\/\/pistonaddict.com\/ro\/wp-json\/wp\/v2\/media\/104627"}],"wp:attachment":[{"href":"https:\/\/pistonaddict.com\/ro\/wp-json\/wp\/v2\/media?parent=104839"}],"wp:term":[{"taxonomy":"product_cat","embeddable":true,"href":"https:\/\/pistonaddict.com\/ro\/wp-json\/wp\/v2\/product_cat?post=104839"},{"taxonomy":"product_tag","embeddable":true,"href":"https:\/\/pistonaddict.com\/ro\/wp-json\/wp\/v2\/product_tag?post=104839"}],"curies":[{"name":"wp","href":"https:\/\/api.w.org\/{rel}","templated":true}]}}