{"id":104247,"date":"2024-05-17T11:16:20","date_gmt":"2024-05-17T09:16:20","guid":{"rendered":"https:\/\/pistonaddict.com\/product\/1979-pontiac-bonneville-brougham\/"},"modified":"2024-05-17T15:57:33","modified_gmt":"2024-05-17T13:57:33","slug":"1979-pontiac-bonneville-brougham","status":"publish","type":"product","link":"https:\/\/pistonaddict.com\/ro\/product\/1979-pontiac-bonneville-brougham\/","title":{"rendered":"1979 Pontiac Bonneville Brougham"},"content":{"rendered":"<p><strong>Istoria ma\u0219inii<\/strong><\/p>\n<p>\u00cen nomenclatura GM, Pontiac Bonneville avea un loc special. Chiar dac\u0103 era str\u00e2ns \u00eenrudit cu mai banalele Chevrolet Impala \u0219i Caprice, caracteristicile unice de design, luxul de lux \u0219i alura de performan\u021b\u0103 \u00eel diferen\u021biau clar de restul modelelor. \u00cenc\u0103 de la introducerea primului model Bonneville \u00een 1958, aceast\u0103 marc\u0103 a avut o atrac\u021bie special\u0103 \u00een r\u00e2ndul fanilor auto din SUA. \u00cen ciuda faptului c\u0103 era mai pu\u021bin puternic dec\u00e2t predecesorii s\u0103i, Bonneville din 1979 a fost considerat unul dintre cele mai bune sedanuri de pe pia\u021b\u0103 \u0219i alegerea de top pentru entuzia\u0219tii preten\u021bio\u0219i care doresc un amestec de lux \u0219i performan\u021b\u0103. Aceast\u0103 a \u0219asea genera\u021bie a fost introdus\u0103 \u00een 1977 \u0219i a fost v\u00e2ndut\u0103 p\u00e2n\u0103 \u00een 1981, \u00eenainte ca GM s\u0103 o \u00eenlocuiasc\u0103 cu un model mai mic \u0219i mai pu\u021bin atr\u0103g\u0103tor. Iat\u0103 de ce acest Bonneville este at\u00e2t de interesant. Nu numai c\u0103 este unul dintre ultimele sedanuri Pontiac adev\u0103rate, dar este \u0219i un exemplar cu o poveste unic\u0103 \u0219i este \u00een stare impecabil\u0103. Deoarece este un Bonneville Brougham (modelul de top), este \u0219i destul de rar, iar Pontiac a fabricat doar 17.300 de exemplare \u00een acel an. Sub capot\u0103 se afl\u0103 un motor op\u021bional 350 V8 (5,7 litri) de 170 CP cuplat la o transmisie automat\u0103 cu 4 trepte.<\/p>\n<p>Acest exemplar special a fost v\u00e2ndut ini\u021bial \u00een Mexic \u00een 1979 \u0219i imediat dup\u0103 aceea a fost importat \u00een Spania. De aceea, are un vitezometru \u00een kilometri \u0219i alte detalii specifice. Proprietarul a importat-o \u0219i a folosit-o sporadic, astfel c\u0103 ma\u0219ina a parcurs doar 31.000 de kilometri. Actualul proprietar l-a achizi\u021bionat \u00een 2019 de la familia proprietarului ini\u021bial \u0219i a restaurat vehiculul (vopsea \u0219i c\u00e2teva detalii), ceea ce a adus acest sedan c\u0103utat la o stare nou\u0103.<\/p>\n<p><strong>Interior<\/strong><\/p>\n<p>C\u00e2nd v\u0103 ve\u021bi a\u0219eza la volanul unui Pontiac Bonneville din 1979, ideile dumneavoastr\u0103 despre ce \u00eenseamn\u0103 un interior de lux se vor schimba imediat. Scaunele masive \u0219i confortabile din catifea, mult spa\u021biu interior, detaliile cromate \u0219i silen\u021biozitatea sunt de neegalat chiar \u0219i de multe ma\u0219ini care nu au fost niciodat\u0103. Tapi\u021beria \u0219i covoarele de culoare caramel se potrivesc perfect cu inser\u021biile din lemn \u0219i culoarea exterioar\u0103, fiind un exemplu de prim\u0103 m\u00e2n\u0103 al esteticii Detroitului de la sf\u00e2r\u0219itul anilor &#8217;70. Este, de asemenea, un vehicul bine echipat cu geamuri \u0219i oglinzi electrice, aer condi\u021bionat automat convertit la gaz modern, sistem stereo \u0219i cruise control. Totul este complet func\u021bional \u0219i f\u0103r\u0103 nicio deteriorare.<\/p>\n<p><strong>Starea ma\u0219inii<\/strong><\/p>\n<p>Cu exact 31.619 kilometri pe odometru, acest Bonneville Brougham a fost \u00eentotdeauna p\u0103strat \u00een garaj \u0219i sub o hus\u0103 unic\u0103 atunci c\u00e2nd nu era folosit. Datorit\u0103 respray-ului recent \u00een culoarea sa original\u0103, putem spune cu siguran\u021b\u0103 c\u0103 vehiculul este \u00een stare ca nou. Detaliile cromate sunt str\u0103lucitoare; toate ornamentele sunt \u00een stare perfect\u0103, cu jante originale \u0219i anvelope de epoc\u0103. Ma\u0219ina a fost revizuit\u0103, uleiul a fost schimbat, iar fr\u00e2nele au fost revizuite \u00een aprilie 2024, \u00een timp ce unele lucr\u0103ri electrice au fost efectuate \u00een 2021. Av\u00e2nd \u00een vedere kilometrajul, starea \u0219i providen\u021ba, acesta ar putea fi cel mai bun Bonneville Brougham din 1979. Aceast\u0103 ma\u0219in\u0103 a trecut inspec\u021bia tehnic\u0103 ITV, care este valabil\u0103 p\u00e2n\u0103 \u00een 2028.<\/p>\n<p><strong>Exterior \u0219i ro\u021bi<\/strong><\/p>\n<p>Caroseria este impecabil\u0103 dup\u0103 o nou\u0103 vopsire profesional\u0103 \u0219i corect\u0103 \u00een culoarea original\u0103. Vopsirea a fost un succes, deoarece caroseria era perfect conservat\u0103, f\u0103r\u0103 coroziune, deterior\u0103ri sau repara\u021bii. Cu jante originale din s\u00e2rm\u0103, proprietarul a montat anvelopele caracteristice \u0219i originale cu pere\u021bi albi \u00een 2021.<\/p>\n<p><strong>Documenta\u021bie<\/strong><\/p>\n<p>Vehiculul se afl\u0103 \u00een Spania \u0219i este \u00eenso\u021bit de un dosar de documenta\u021bie extins, inclusiv chitan\u021be de \u00eentre\u021binere, documente de la inspec\u021bia vehiculului \u00een Spania, aprobarea pentru statutul de ma\u0219in\u0103 clasic\u0103 \u0219i a\u0219a mai departe. Nu exist\u0103 \u00eenregistr\u0103ri privind daunele, recuperarea furturilor sau cereri de desp\u0103gubire. Documenta\u021bia acoper\u0103 vehiculul din prima zi \u0219i este plin\u0103 de dovezi de \u00eengrijire excep\u021bional\u0103.<\/p>\n<p><strong>Verifica\u021bi videoclipul de pornire la rece al acestui Pontiac Bonneville imaculat din 1979:<\/strong><\/p>\n<p><iframe title=\"Cold Start Video of the incredible 1979 Pontiac Bonneville\" width=\"1200\" height=\"675\" src=\"https:\/\/www.youtube.com\/embed\/6DKO8uhEkN8?feature=oembed\" frameborder=\"0\" allow=\"accelerometer; autoplay; clipboard-write; encrypted-media; gyroscope; picture-in-picture; web-share\" referrerpolicy=\"strict-origin-when-cross-origin\" allowfullscreen><\/iframe><\/p>\n","protected":false},"excerpt":{"rendered":"<p>\u00cen istoria automobilelor, Pontiac va r\u0103m\u00e2ne \u00een istorie ca fiind marca interesant\u0103 a GM, cu o gam\u0103 de ma\u0219ini puternice, cu forme elegante \u0219i design inovator. Bonneville din 1979 se afl\u0103 \u00een v\u00e2rful gamei de modele \u0219i marcheaz\u0103 sf\u00e2r\u0219itul unei ere pentru sedanurile de dimensiuni mari. Cu un stil de neegalat, spa\u021biu din bel\u0219ug \u0219i o serie de caracteristici de lux, acest sedan este un exemplu de automobil american clasic.<\/p>\n","protected":false},"featured_media":104296,"comment_status":"open","ping_status":"closed","template":"","meta":{"inline_featured_image":false},"product_cat":[744],"product_tag":[3989,4051,934],"acf":[],"yoast_head":"<!-- This site is optimized with the Yoast SEO plugin v22.5 - https:\/\/yoast.com\/wordpress\/plugins\/seo\/ -->\n<title>1979 Pontiac Bonneville Brougham - Piston Addict<\/title>\n<meta name=\"robots\" content=\"index, follow, max-snippet:-1, max-image-preview:large, max-video-preview:-1\" \/>\n<link rel=\"canonical\" href=\"https:\/\/pistonaddict.com\/ro\/product\/1979-pontiac-bonneville-brougham\/\" \/>\n<meta property=\"og:locale\" content=\"ro_RO\" \/>\n<meta property=\"og:type\" content=\"article\" \/>\n<meta property=\"og:title\" content=\"1979 Pontiac Bonneville Brougham - Piston Addict\" \/>\n<meta property=\"og:description\" content=\"\u00cen istoria automobilelor, Pontiac va r\u0103m\u00e2ne \u00een istorie ca fiind marca interesant\u0103 a GM, cu o gam\u0103 de ma\u0219ini puternice, cu forme elegante \u0219i design inovator. Bonneville din 1979 se afl\u0103 \u00een v\u00e2rful gamei de modele \u0219i marcheaz\u0103 sf\u00e2r\u0219itul unei ere pentru sedanurile de dimensiuni mari. Cu un stil de neegalat, spa\u021biu din bel\u0219ug \u0219i o serie de caracteristici de lux, acest sedan este un exemplu de automobil american clasic.\" \/>\n<meta property=\"og:url\" content=\"https:\/\/pistonaddict.com\/ro\/product\/1979-pontiac-bonneville-brougham\/\" \/>\n<meta property=\"og:site_name\" content=\"Piston Addict\" \/>\n<meta property=\"article:modified_time\" content=\"2024-05-17T13:57:33+00:00\" \/>\n<meta property=\"og:image\" content=\"https:\/\/pistonaddict.com\/wp-content\/uploads\/2024\/05\/5a7bfe0d-cda7-49a4-89d2-85a67cfe2d90-1.jpg\" \/>\n\t<meta property=\"og:image:width\" content=\"2016\" \/>\n\t<meta property=\"og:image:height\" content=\"1134\" \/>\n\t<meta property=\"og:image:type\" content=\"image\/jpeg\" \/>\n<meta name=\"twitter:card\" content=\"summary_large_image\" \/>\n<meta name=\"twitter:label1\" content=\"Timp estimat pentru citire\" \/>\n\t<meta name=\"twitter:data1\" content=\"4 minute\" \/>\n<script type=\"application\/ld+json\" class=\"yoast-schema-graph\">{\"@context\":\"https:\/\/schema.org\",\"@graph\":[{\"@type\":\"WebPage\",\"@id\":\"https:\/\/pistonaddict.com\/ro\/product\/1979-pontiac-bonneville-brougham\/\",\"url\":\"https:\/\/pistonaddict.com\/ro\/product\/1979-pontiac-bonneville-brougham\/\",\"name\":\"1979 Pontiac Bonneville Brougham - Piston Addict\",\"isPartOf\":{\"@id\":\"https:\/\/pistonaddict.com\/ro\/#website\"},\"primaryImageOfPage\":{\"@id\":\"https:\/\/pistonaddict.com\/ro\/product\/1979-pontiac-bonneville-brougham\/#primaryimage\"},\"image\":{\"@id\":\"https:\/\/pistonaddict.com\/ro\/product\/1979-pontiac-bonneville-brougham\/#primaryimage\"},\"thumbnailUrl\":\"https:\/\/pistonaddict.com\/wp-content\/uploads\/2024\/05\/5a7bfe0d-cda7-49a4-89d2-85a67cfe2d90-1.jpg\",\"datePublished\":\"2024-05-17T09:16:20+00:00\",\"dateModified\":\"2024-05-17T13:57:33+00:00\",\"breadcrumb\":{\"@id\":\"https:\/\/pistonaddict.com\/ro\/product\/1979-pontiac-bonneville-brougham\/#breadcrumb\"},\"inLanguage\":\"ro-RO\",\"potentialAction\":[{\"@type\":\"ReadAction\",\"target\":[\"https:\/\/pistonaddict.com\/ro\/product\/1979-pontiac-bonneville-brougham\/\"]}]},{\"@type\":\"ImageObject\",\"inLanguage\":\"ro-RO\",\"@id\":\"https:\/\/pistonaddict.com\/ro\/product\/1979-pontiac-bonneville-brougham\/#primaryimage\",\"url\":\"https:\/\/pistonaddict.com\/wp-content\/uploads\/2024\/05\/5a7bfe0d-cda7-49a4-89d2-85a67cfe2d90-1.jpg\",\"contentUrl\":\"https:\/\/pistonaddict.com\/wp-content\/uploads\/2024\/05\/5a7bfe0d-cda7-49a4-89d2-85a67cfe2d90-1.jpg\",\"width\":2016,\"height\":1134},{\"@type\":\"BreadcrumbList\",\"@id\":\"https:\/\/pistonaddict.com\/ro\/product\/1979-pontiac-bonneville-brougham\/#breadcrumb\",\"itemListElement\":[{\"@type\":\"ListItem\",\"position\":1,\"name\":\"Pagina principala\",\"item\":\"https:\/\/pistonaddict.com\/ro\/pagina-de-start\/\"},{\"@type\":\"ListItem\",\"position\":2,\"name\":\"Auctions\",\"item\":\"https:\/\/pistonaddict.com\/auctions-listing\/\"},{\"@type\":\"ListItem\",\"position\":3,\"name\":\"1979 Pontiac Bonneville Brougham\"}]},{\"@type\":\"WebSite\",\"@id\":\"https:\/\/pistonaddict.com\/ro\/#website\",\"url\":\"https:\/\/pistonaddict.com\/ro\/\",\"name\":\"Piston Addict\",\"description\":\"Only interesting vehicles\",\"publisher\":{\"@id\":\"https:\/\/pistonaddict.com\/ro\/#organization\"},\"potentialAction\":[{\"@type\":\"SearchAction\",\"target\":{\"@type\":\"EntryPoint\",\"urlTemplate\":\"https:\/\/pistonaddict.com\/ro\/?s={search_term_string}\"},\"query-input\":\"required name=search_term_string\"}],\"inLanguage\":\"ro-RO\"},{\"@type\":\"Organization\",\"@id\":\"https:\/\/pistonaddict.com\/ro\/#organization\",\"name\":\"Piston Addict\",\"url\":\"https:\/\/pistonaddict.com\/ro\/\",\"logo\":{\"@type\":\"ImageObject\",\"inLanguage\":\"ro-RO\",\"@id\":\"https:\/\/pistonaddict.com\/ro\/#\/schema\/logo\/image\/\",\"url\":\"https:\/\/pistonaddict.com\/wp-content\/uploads\/2022\/07\/logo-6.png\",\"contentUrl\":\"https:\/\/pistonaddict.com\/wp-content\/uploads\/2022\/07\/logo-6.png\",\"width\":970,\"height\":200,\"caption\":\"Piston Addict\"},\"image\":{\"@id\":\"https:\/\/pistonaddict.com\/ro\/#\/schema\/logo\/image\/\"}}]}<\/script>\n<!-- \/ Yoast SEO plugin. -->","yoast_head_json":{"title":"1979 Pontiac Bonneville Brougham - Piston Addict","robots":{"index":"index","follow":"follow","max-snippet":"max-snippet:-1","max-image-preview":"max-image-preview:large","max-video-preview":"max-video-preview:-1"},"canonical":"https:\/\/pistonaddict.com\/ro\/product\/1979-pontiac-bonneville-brougham\/","og_locale":"ro_RO","og_type":"article","og_title":"1979 Pontiac Bonneville Brougham - Piston Addict","og_description":"\u00cen istoria automobilelor, Pontiac va r\u0103m\u00e2ne \u00een istorie ca fiind marca interesant\u0103 a GM, cu o gam\u0103 de ma\u0219ini puternice, cu forme elegante \u0219i design inovator. Bonneville din 1979 se afl\u0103 \u00een v\u00e2rful gamei de modele \u0219i marcheaz\u0103 sf\u00e2r\u0219itul unei ere pentru sedanurile de dimensiuni mari. Cu un stil de neegalat, spa\u021biu din bel\u0219ug \u0219i o serie de caracteristici de lux, acest sedan este un exemplu de automobil american clasic.","og_url":"https:\/\/pistonaddict.com\/ro\/product\/1979-pontiac-bonneville-brougham\/","og_site_name":"Piston Addict","article_modified_time":"2024-05-17T13:57:33+00:00","og_image":[{"width":2016,"height":1134,"url":"https:\/\/pistonaddict.com\/wp-content\/uploads\/2024\/05\/5a7bfe0d-cda7-49a4-89d2-85a67cfe2d90-1.jpg","type":"image\/jpeg"}],"twitter_card":"summary_large_image","twitter_misc":{"Timp estimat pentru citire":"4 minute"},"schema":{"@context":"https:\/\/schema.org","@graph":[{"@type":"WebPage","@id":"https:\/\/pistonaddict.com\/ro\/product\/1979-pontiac-bonneville-brougham\/","url":"https:\/\/pistonaddict.com\/ro\/product\/1979-pontiac-bonneville-brougham\/","name":"1979 Pontiac Bonneville Brougham - Piston Addict","isPartOf":{"@id":"https:\/\/pistonaddict.com\/ro\/#website"},"primaryImageOfPage":{"@id":"https:\/\/pistonaddict.com\/ro\/product\/1979-pontiac-bonneville-brougham\/#primaryimage"},"image":{"@id":"https:\/\/pistonaddict.com\/ro\/product\/1979-pontiac-bonneville-brougham\/#primaryimage"},"thumbnailUrl":"https:\/\/pistonaddict.com\/wp-content\/uploads\/2024\/05\/5a7bfe0d-cda7-49a4-89d2-85a67cfe2d90-1.jpg","datePublished":"2024-05-17T09:16:20+00:00","dateModified":"2024-05-17T13:57:33+00:00","breadcrumb":{"@id":"https:\/\/pistonaddict.com\/ro\/product\/1979-pontiac-bonneville-brougham\/#breadcrumb"},"inLanguage":"ro-RO","potentialAction":[{"@type":"ReadAction","target":["https:\/\/pistonaddict.com\/ro\/product\/1979-pontiac-bonneville-brougham\/"]}]},{"@type":"ImageObject","inLanguage":"ro-RO","@id":"https:\/\/pistonaddict.com\/ro\/product\/1979-pontiac-bonneville-brougham\/#primaryimage","url":"https:\/\/pistonaddict.com\/wp-content\/uploads\/2024\/05\/5a7bfe0d-cda7-49a4-89d2-85a67cfe2d90-1.jpg","contentUrl":"https:\/\/pistonaddict.com\/wp-content\/uploads\/2024\/05\/5a7bfe0d-cda7-49a4-89d2-85a67cfe2d90-1.jpg","width":2016,"height":1134},{"@type":"BreadcrumbList","@id":"https:\/\/pistonaddict.com\/ro\/product\/1979-pontiac-bonneville-brougham\/#breadcrumb","itemListElement":[{"@type":"ListItem","position":1,"name":"Pagina principala","item":"https:\/\/pistonaddict.com\/ro\/pagina-de-start\/"},{"@type":"ListItem","position":2,"name":"Auctions","item":"https:\/\/pistonaddict.com\/auctions-listing\/"},{"@type":"ListItem","position":3,"name":"1979 Pontiac Bonneville Brougham"}]},{"@type":"WebSite","@id":"https:\/\/pistonaddict.com\/ro\/#website","url":"https:\/\/pistonaddict.com\/ro\/","name":"Piston Addict","description":"Only interesting vehicles","publisher":{"@id":"https:\/\/pistonaddict.com\/ro\/#organization"},"potentialAction":[{"@type":"SearchAction","target":{"@type":"EntryPoint","urlTemplate":"https:\/\/pistonaddict.com\/ro\/?s={search_term_string}"},"query-input":"required name=search_term_string"}],"inLanguage":"ro-RO"},{"@type":"Organization","@id":"https:\/\/pistonaddict.com\/ro\/#organization","name":"Piston Addict","url":"https:\/\/pistonaddict.com\/ro\/","logo":{"@type":"ImageObject","inLanguage":"ro-RO","@id":"https:\/\/pistonaddict.com\/ro\/#\/schema\/logo\/image\/","url":"https:\/\/pistonaddict.com\/wp-content\/uploads\/2022\/07\/logo-6.png","contentUrl":"https:\/\/pistonaddict.com\/wp-content\/uploads\/2022\/07\/logo-6.png","width":970,"height":200,"caption":"Piston Addict"},"image":{"@id":"https:\/\/pistonaddict.com\/ro\/#\/schema\/logo\/image\/"}}]}},"_links":{"self":[{"href":"https:\/\/pistonaddict.com\/ro\/wp-json\/wp\/v2\/product\/104247"}],"collection":[{"href":"https:\/\/pistonaddict.com\/ro\/wp-json\/wp\/v2\/product"}],"about":[{"href":"https:\/\/pistonaddict.com\/ro\/wp-json\/wp\/v2\/types\/product"}],"replies":[{"embeddable":true,"href":"https:\/\/pistonaddict.com\/ro\/wp-json\/wp\/v2\/comments?post=104247"}],"wp:featuredmedia":[{"embeddable":true,"href":"https:\/\/pistonaddict.com\/ro\/wp-json\/wp\/v2\/media\/104296"}],"wp:attachment":[{"href":"https:\/\/pistonaddict.com\/ro\/wp-json\/wp\/v2\/media?parent=104247"}],"wp:term":[{"taxonomy":"product_cat","embeddable":true,"href":"https:\/\/pistonaddict.com\/ro\/wp-json\/wp\/v2\/product_cat?post=104247"},{"taxonomy":"product_tag","embeddable":true,"href":"https:\/\/pistonaddict.com\/ro\/wp-json\/wp\/v2\/product_tag?post=104247"}],"curies":[{"name":"wp","href":"https:\/\/api.w.org\/{rel}","templated":true}]}}