{"id":10092,"date":"2022-06-12T14:25:17","date_gmt":"2022-06-12T12:25:17","guid":{"rendered":"https:\/\/pistonaddict.com\/produit\/premium\/"},"modified":"2023-07-12T09:41:43","modified_gmt":"2023-07-12T07:41:43","slug":"premium","status":"publish","type":"product","link":"https:\/\/pistonaddict.com\/ro\/product\/premium\/","title":{"rendered":"Premium"},"content":{"rendered":"<p><strong>Cum functioneaz\u00e3?<\/strong><\/p>\n<ol>\n<li>V\u0103 abona\u021bi pentru 349\u20ac<\/li>\n<li>V\u0103 depune\u021bi vehiculul<\/li>\n<li>O accept\u0103m dac\u0103 se potrive\u0219te<\/li>\n<li>Noi scriem anun\u021bul dvs<\/li>\n<li>V\u0103 edita\u021bi \u0219i aproba\u021bi anun\u021bul<\/li>\n<li>Anun\u021bul dvs. este online<\/li>\n<li>\u00cel transmitem pe re\u021belele noastre sociale, pe site-urile partenere \u0219i \u00een buletinele noastre informative<\/li>\n<\/ol>\n","protected":false},"excerpt":{"rendered":"<p>Acela\u0219i serviciu extraordinar ca \u0219i \u00een cazul clasic, dar cu anun\u021bul dvs. prezentat pe re\u021belele noastre de socializare, pe site-urile noastre partenere \u0219i \u00een buletinele noastre informative pentru a ajuta cump\u0103r\u0103torii s\u0103 liciteze cu \u00eencredere \u0219i entuziasm.<\/p>\n","protected":false},"featured_media":1705,"comment_status":"closed","ping_status":"closed","template":"","meta":{"inline_featured_image":false},"product_cat":[],"product_tag":[],"acf":[],"yoast_head":"<!-- This site is optimized with the Yoast SEO plugin v22.5 - https:\/\/yoast.com\/wordpress\/plugins\/seo\/ -->\n<title>Premium - Piston Addict<\/title>\n<meta name=\"robots\" content=\"index, follow, max-snippet:-1, max-image-preview:large, max-video-preview:-1\" \/>\n<link rel=\"canonical\" href=\"https:\/\/pistonaddict.com\/ro\/product\/premium\/\" \/>\n<meta property=\"og:locale\" content=\"ro_RO\" \/>\n<meta property=\"og:type\" content=\"article\" \/>\n<meta property=\"og:title\" content=\"Premium - Piston Addict\" \/>\n<meta property=\"og:description\" content=\"Acela\u0219i serviciu extraordinar ca \u0219i \u00een cazul clasic, dar cu anun\u021bul dvs. prezentat pe re\u021belele noastre de socializare, pe site-urile noastre partenere \u0219i \u00een buletinele noastre informative pentru a ajuta cump\u0103r\u0103torii s\u0103 liciteze cu \u00eencredere \u0219i entuziasm.\" \/>\n<meta property=\"og:url\" content=\"https:\/\/pistonaddict.com\/ro\/product\/premium\/\" \/>\n<meta property=\"og:site_name\" content=\"Piston Addict\" \/>\n<meta property=\"article:modified_time\" content=\"2023-07-12T07:41:43+00:00\" \/>\n<meta property=\"og:image\" content=\"https:\/\/pistonaddict.com\/wp-content\/uploads\/2022\/05\/cropped-PA-Favicon.png\" \/>\n\t<meta property=\"og:image:width\" content=\"512\" \/>\n\t<meta property=\"og:image:height\" content=\"512\" \/>\n\t<meta property=\"og:image:type\" content=\"image\/png\" \/>\n<meta name=\"twitter:card\" content=\"summary_large_image\" \/>\n<script type=\"application\/ld+json\" class=\"yoast-schema-graph\">{\"@context\":\"https:\/\/schema.org\",\"@graph\":[{\"@type\":\"WebPage\",\"@id\":\"https:\/\/pistonaddict.com\/ro\/product\/premium\/\",\"url\":\"https:\/\/pistonaddict.com\/ro\/product\/premium\/\",\"name\":\"Premium - Piston Addict\",\"isPartOf\":{\"@id\":\"https:\/\/pistonaddict.com\/ro\/#website\"},\"primaryImageOfPage\":{\"@id\":\"https:\/\/pistonaddict.com\/ro\/product\/premium\/#primaryimage\"},\"image\":{\"@id\":\"https:\/\/pistonaddict.com\/ro\/product\/premium\/#primaryimage\"},\"thumbnailUrl\":\"https:\/\/pistonaddict.com\/wp-content\/uploads\/2022\/05\/cropped-PA-Favicon.png\",\"datePublished\":\"2022-06-12T12:25:17+00:00\",\"dateModified\":\"2023-07-12T07:41:43+00:00\",\"breadcrumb\":{\"@id\":\"https:\/\/pistonaddict.com\/ro\/product\/premium\/#breadcrumb\"},\"inLanguage\":\"ro-RO\",\"potentialAction\":[{\"@type\":\"ReadAction\",\"target\":[\"https:\/\/pistonaddict.com\/ro\/product\/premium\/\"]}]},{\"@type\":\"ImageObject\",\"inLanguage\":\"ro-RO\",\"@id\":\"https:\/\/pistonaddict.com\/ro\/product\/premium\/#primaryimage\",\"url\":\"https:\/\/pistonaddict.com\/wp-content\/uploads\/2022\/05\/cropped-PA-Favicon.png\",\"contentUrl\":\"https:\/\/pistonaddict.com\/wp-content\/uploads\/2022\/05\/cropped-PA-Favicon.png\",\"width\":512,\"height\":512},{\"@type\":\"BreadcrumbList\",\"@id\":\"https:\/\/pistonaddict.com\/ro\/product\/premium\/#breadcrumb\",\"itemListElement\":[{\"@type\":\"ListItem\",\"position\":1,\"name\":\"Pagina principala\",\"item\":\"https:\/\/pistonaddict.com\/ro\/pagina-de-start\/\"},{\"@type\":\"ListItem\",\"position\":2,\"name\":\"Auctions\",\"item\":\"https:\/\/pistonaddict.com\/auctions-listing\/\"},{\"@type\":\"ListItem\",\"position\":3,\"name\":\"Premium\"}]},{\"@type\":\"WebSite\",\"@id\":\"https:\/\/pistonaddict.com\/ro\/#website\",\"url\":\"https:\/\/pistonaddict.com\/ro\/\",\"name\":\"Piston Addict\",\"description\":\"Only interesting vehicles\",\"publisher\":{\"@id\":\"https:\/\/pistonaddict.com\/ro\/#organization\"},\"potentialAction\":[{\"@type\":\"SearchAction\",\"target\":{\"@type\":\"EntryPoint\",\"urlTemplate\":\"https:\/\/pistonaddict.com\/ro\/?s={search_term_string}\"},\"query-input\":\"required name=search_term_string\"}],\"inLanguage\":\"ro-RO\"},{\"@type\":\"Organization\",\"@id\":\"https:\/\/pistonaddict.com\/ro\/#organization\",\"name\":\"Piston Addict\",\"url\":\"https:\/\/pistonaddict.com\/ro\/\",\"logo\":{\"@type\":\"ImageObject\",\"inLanguage\":\"ro-RO\",\"@id\":\"https:\/\/pistonaddict.com\/ro\/#\/schema\/logo\/image\/\",\"url\":\"https:\/\/pistonaddict.com\/wp-content\/uploads\/2022\/07\/logo-6.png\",\"contentUrl\":\"https:\/\/pistonaddict.com\/wp-content\/uploads\/2022\/07\/logo-6.png\",\"width\":970,\"height\":200,\"caption\":\"Piston Addict\"},\"image\":{\"@id\":\"https:\/\/pistonaddict.com\/ro\/#\/schema\/logo\/image\/\"}}]}<\/script>\n<!-- \/ Yoast SEO plugin. -->","yoast_head_json":{"title":"Premium - Piston Addict","robots":{"index":"index","follow":"follow","max-snippet":"max-snippet:-1","max-image-preview":"max-image-preview:large","max-video-preview":"max-video-preview:-1"},"canonical":"https:\/\/pistonaddict.com\/ro\/product\/premium\/","og_locale":"ro_RO","og_type":"article","og_title":"Premium - Piston Addict","og_description":"Acela\u0219i serviciu extraordinar ca \u0219i \u00een cazul clasic, dar cu anun\u021bul dvs. prezentat pe re\u021belele noastre de socializare, pe site-urile noastre partenere \u0219i \u00een buletinele noastre informative pentru a ajuta cump\u0103r\u0103torii s\u0103 liciteze cu \u00eencredere \u0219i entuziasm.","og_url":"https:\/\/pistonaddict.com\/ro\/product\/premium\/","og_site_name":"Piston Addict","article_modified_time":"2023-07-12T07:41:43+00:00","og_image":[{"width":512,"height":512,"url":"https:\/\/pistonaddict.com\/wp-content\/uploads\/2022\/05\/cropped-PA-Favicon.png","type":"image\/png"}],"twitter_card":"summary_large_image","schema":{"@context":"https:\/\/schema.org","@graph":[{"@type":"WebPage","@id":"https:\/\/pistonaddict.com\/ro\/product\/premium\/","url":"https:\/\/pistonaddict.com\/ro\/product\/premium\/","name":"Premium - Piston Addict","isPartOf":{"@id":"https:\/\/pistonaddict.com\/ro\/#website"},"primaryImageOfPage":{"@id":"https:\/\/pistonaddict.com\/ro\/product\/premium\/#primaryimage"},"image":{"@id":"https:\/\/pistonaddict.com\/ro\/product\/premium\/#primaryimage"},"thumbnailUrl":"https:\/\/pistonaddict.com\/wp-content\/uploads\/2022\/05\/cropped-PA-Favicon.png","datePublished":"2022-06-12T12:25:17+00:00","dateModified":"2023-07-12T07:41:43+00:00","breadcrumb":{"@id":"https:\/\/pistonaddict.com\/ro\/product\/premium\/#breadcrumb"},"inLanguage":"ro-RO","potentialAction":[{"@type":"ReadAction","target":["https:\/\/pistonaddict.com\/ro\/product\/premium\/"]}]},{"@type":"ImageObject","inLanguage":"ro-RO","@id":"https:\/\/pistonaddict.com\/ro\/product\/premium\/#primaryimage","url":"https:\/\/pistonaddict.com\/wp-content\/uploads\/2022\/05\/cropped-PA-Favicon.png","contentUrl":"https:\/\/pistonaddict.com\/wp-content\/uploads\/2022\/05\/cropped-PA-Favicon.png","width":512,"height":512},{"@type":"BreadcrumbList","@id":"https:\/\/pistonaddict.com\/ro\/product\/premium\/#breadcrumb","itemListElement":[{"@type":"ListItem","position":1,"name":"Pagina principala","item":"https:\/\/pistonaddict.com\/ro\/pagina-de-start\/"},{"@type":"ListItem","position":2,"name":"Auctions","item":"https:\/\/pistonaddict.com\/auctions-listing\/"},{"@type":"ListItem","position":3,"name":"Premium"}]},{"@type":"WebSite","@id":"https:\/\/pistonaddict.com\/ro\/#website","url":"https:\/\/pistonaddict.com\/ro\/","name":"Piston Addict","description":"Only interesting vehicles","publisher":{"@id":"https:\/\/pistonaddict.com\/ro\/#organization"},"potentialAction":[{"@type":"SearchAction","target":{"@type":"EntryPoint","urlTemplate":"https:\/\/pistonaddict.com\/ro\/?s={search_term_string}"},"query-input":"required name=search_term_string"}],"inLanguage":"ro-RO"},{"@type":"Organization","@id":"https:\/\/pistonaddict.com\/ro\/#organization","name":"Piston Addict","url":"https:\/\/pistonaddict.com\/ro\/","logo":{"@type":"ImageObject","inLanguage":"ro-RO","@id":"https:\/\/pistonaddict.com\/ro\/#\/schema\/logo\/image\/","url":"https:\/\/pistonaddict.com\/wp-content\/uploads\/2022\/07\/logo-6.png","contentUrl":"https:\/\/pistonaddict.com\/wp-content\/uploads\/2022\/07\/logo-6.png","width":970,"height":200,"caption":"Piston Addict"},"image":{"@id":"https:\/\/pistonaddict.com\/ro\/#\/schema\/logo\/image\/"}}]}},"_links":{"self":[{"href":"https:\/\/pistonaddict.com\/ro\/wp-json\/wp\/v2\/product\/10092"}],"collection":[{"href":"https:\/\/pistonaddict.com\/ro\/wp-json\/wp\/v2\/product"}],"about":[{"href":"https:\/\/pistonaddict.com\/ro\/wp-json\/wp\/v2\/types\/product"}],"replies":[{"embeddable":true,"href":"https:\/\/pistonaddict.com\/ro\/wp-json\/wp\/v2\/comments?post=10092"}],"wp:featuredmedia":[{"embeddable":true,"href":"https:\/\/pistonaddict.com\/ro\/wp-json\/wp\/v2\/media\/1705"}],"wp:attachment":[{"href":"https:\/\/pistonaddict.com\/ro\/wp-json\/wp\/v2\/media?parent=10092"}],"wp:term":[{"taxonomy":"product_cat","embeddable":true,"href":"https:\/\/pistonaddict.com\/ro\/wp-json\/wp\/v2\/product_cat?post=10092"},{"taxonomy":"product_tag","embeddable":true,"href":"https:\/\/pistonaddict.com\/ro\/wp-json\/wp\/v2\/product_tag?post=10092"}],"curies":[{"name":"wp","href":"https:\/\/api.w.org\/{rel}","templated":true}]}}