{"id":51267,"date":"2022-04-28T09:17:25","date_gmt":"2022-04-28T07:17:25","guid":{"rendered":"https:\/\/pistonaddict.com\/pagina-de-start\/"},"modified":"2024-05-17T17:26:18","modified_gmt":"2024-05-17T15:26:18","slug":"pagina-de-start","status":"publish","type":"page","link":"https:\/\/pistonaddict.com\/ro\/","title":{"rendered":"Pagina de start"},"content":{"rendered":"","protected":false},"excerpt":{"rendered":"","protected":false},"author":1,"featured_media":0,"parent":0,"menu_order":0,"comment_status":"closed","ping_status":"closed","template":"template-parts\/tpl-accueil.php","meta":{"inline_featured_image":false,"footnotes":""},"acf":[],"yoast_head":"<!-- This site is optimized with the Yoast SEO plugin v22.5 - https:\/\/yoast.com\/wordpress\/plugins\/seo\/ -->\n<title>Piston Addict : Pia\u021ba de licita\u021bii online de ma\u0219ini<\/title>\n<meta name=\"description\" content=\"Piston Addict Auctions este pia\u021ba interna\u021bional\u0103 de vehicule clasice \u0219i de epoc\u0103. Vinde\u021bi \u0219i cump\u0103ra\u021bi la licita\u021bii vehiculul visurilor dumneavoastr\u0103 pe Piston Addict, numai vehicule interesante, de la motociclete de epoc\u0103 la hypercaruri. De asemenea, pute\u021bi s\u0103 v\u0103 informa\u021bi despre urm\u0103torul vehicul cu ajutorul articolelor auto Piston Addict scrise de jurnali\u0219tii no\u0219tri auto \u0219i s\u0103 adresa\u021bi \u00eentreb\u0103ri comunit\u0103\u021bii Piston Addict.\" \/>\n<meta name=\"robots\" content=\"index, follow, max-snippet:-1, max-image-preview:large, max-video-preview:-1\" \/>\n<link rel=\"canonical\" href=\"https:\/\/pistonaddict.com\/ro\/\" \/>\n<meta property=\"og:locale\" content=\"ro_RO\" \/>\n<meta property=\"og:type\" content=\"article\" \/>\n<meta property=\"og:title\" content=\"Piston Addict : Pia\u021ba de licita\u021bii online de ma\u0219ini\" \/>\n<meta property=\"og:description\" content=\"Piston Addict Auctions este pia\u021ba interna\u021bional\u0103 de vehicule clasice \u0219i de epoc\u0103. Vinde\u021bi \u0219i cump\u0103ra\u021bi la licita\u021bii vehiculul visurilor dumneavoastr\u0103 pe Piston Addict, numai vehicule interesante, de la motociclete de epoc\u0103 la hypercaruri. De asemenea, pute\u021bi s\u0103 v\u0103 informa\u021bi despre urm\u0103torul vehicul cu ajutorul articolelor auto Piston Addict scrise de jurnali\u0219tii no\u0219tri auto \u0219i s\u0103 adresa\u021bi \u00eentreb\u0103ri comunit\u0103\u021bii Piston Addict.\" \/>\n<meta property=\"og:url\" content=\"https:\/\/pistonaddict.com\/ro\/\" \/>\n<meta property=\"og:site_name\" content=\"Piston Addict\" \/>\n<meta property=\"article:modified_time\" content=\"2024-05-17T15:26:18+00:00\" \/>\n<meta name=\"twitter:card\" content=\"summary_large_image\" \/>\n<script type=\"application\/ld+json\" class=\"yoast-schema-graph\">{\"@context\":\"https:\/\/schema.org\",\"@graph\":[{\"@type\":\"WebPage\",\"@id\":\"https:\/\/pistonaddict.com\/ro\/\",\"url\":\"https:\/\/pistonaddict.com\/ro\/\",\"name\":\"Piston Addict : Pia\u021ba de licita\u021bii online de ma\u0219ini\",\"isPartOf\":{\"@id\":\"https:\/\/pistonaddict.com\/ro\/#website\"},\"datePublished\":\"2022-04-28T07:17:25+00:00\",\"dateModified\":\"2024-05-17T15:26:18+00:00\",\"description\":\"Piston Addict Auctions este pia\u021ba interna\u021bional\u0103 de vehicule clasice \u0219i de epoc\u0103. Vinde\u021bi \u0219i cump\u0103ra\u021bi la licita\u021bii vehiculul visurilor dumneavoastr\u0103 pe Piston Addict, numai vehicule interesante, de la motociclete de epoc\u0103 la hypercaruri. De asemenea, pute\u021bi s\u0103 v\u0103 informa\u021bi despre urm\u0103torul vehicul cu ajutorul articolelor auto Piston Addict scrise de jurnali\u0219tii no\u0219tri auto \u0219i s\u0103 adresa\u021bi \u00eentreb\u0103ri comunit\u0103\u021bii Piston Addict.\",\"breadcrumb\":{\"@id\":\"https:\/\/pistonaddict.com\/ro\/#breadcrumb\"},\"inLanguage\":\"ro-RO\",\"potentialAction\":[{\"@type\":\"ReadAction\",\"target\":[\"https:\/\/pistonaddict.com\/ro\/\"]}]},{\"@type\":\"BreadcrumbList\",\"@id\":\"https:\/\/pistonaddict.com\/ro\/#breadcrumb\",\"itemListElement\":[{\"@type\":\"ListItem\",\"position\":1,\"name\":\"Pagina principala\",\"item\":\"https:\/\/pistonaddict.com\/ro\/pagina-de-start\/\"},{\"@type\":\"ListItem\",\"position\":2,\"name\":\"Pagina de start\"}]},{\"@type\":\"WebSite\",\"@id\":\"https:\/\/pistonaddict.com\/ro\/#website\",\"url\":\"https:\/\/pistonaddict.com\/ro\/\",\"name\":\"Piston Addict\",\"description\":\"Only interesting vehicles\",\"publisher\":{\"@id\":\"https:\/\/pistonaddict.com\/ro\/#organization\"},\"potentialAction\":[{\"@type\":\"SearchAction\",\"target\":{\"@type\":\"EntryPoint\",\"urlTemplate\":\"https:\/\/pistonaddict.com\/ro\/?s={search_term_string}\"},\"query-input\":\"required name=search_term_string\"}],\"inLanguage\":\"ro-RO\"},{\"@type\":\"Organization\",\"@id\":\"https:\/\/pistonaddict.com\/ro\/#organization\",\"name\":\"Piston Addict\",\"url\":\"https:\/\/pistonaddict.com\/ro\/\",\"logo\":{\"@type\":\"ImageObject\",\"inLanguage\":\"ro-RO\",\"@id\":\"https:\/\/pistonaddict.com\/ro\/#\/schema\/logo\/image\/\",\"url\":\"https:\/\/pistonaddict.com\/wp-content\/uploads\/2022\/07\/logo-6.png\",\"contentUrl\":\"https:\/\/pistonaddict.com\/wp-content\/uploads\/2022\/07\/logo-6.png\",\"width\":970,\"height\":200,\"caption\":\"Piston Addict\"},\"image\":{\"@id\":\"https:\/\/pistonaddict.com\/ro\/#\/schema\/logo\/image\/\"}}]}<\/script>\n<!-- \/ Yoast SEO plugin. -->","yoast_head_json":{"title":"Piston Addict : Pia\u021ba de licita\u021bii online de ma\u0219ini","description":"Piston Addict Auctions este pia\u021ba interna\u021bional\u0103 de vehicule clasice \u0219i de epoc\u0103. Vinde\u021bi \u0219i cump\u0103ra\u021bi la licita\u021bii vehiculul visurilor dumneavoastr\u0103 pe Piston Addict, numai vehicule interesante, de la motociclete de epoc\u0103 la hypercaruri. De asemenea, pute\u021bi s\u0103 v\u0103 informa\u021bi despre urm\u0103torul vehicul cu ajutorul articolelor auto Piston Addict scrise de jurnali\u0219tii no\u0219tri auto \u0219i s\u0103 adresa\u021bi \u00eentreb\u0103ri comunit\u0103\u021bii Piston Addict.","robots":{"index":"index","follow":"follow","max-snippet":"max-snippet:-1","max-image-preview":"max-image-preview:large","max-video-preview":"max-video-preview:-1"},"canonical":"https:\/\/pistonaddict.com\/ro\/","og_locale":"ro_RO","og_type":"article","og_title":"Piston Addict : Pia\u021ba de licita\u021bii online de ma\u0219ini","og_description":"Piston Addict Auctions este pia\u021ba interna\u021bional\u0103 de vehicule clasice \u0219i de epoc\u0103. Vinde\u021bi \u0219i cump\u0103ra\u021bi la licita\u021bii vehiculul visurilor dumneavoastr\u0103 pe Piston Addict, numai vehicule interesante, de la motociclete de epoc\u0103 la hypercaruri. De asemenea, pute\u021bi s\u0103 v\u0103 informa\u021bi despre urm\u0103torul vehicul cu ajutorul articolelor auto Piston Addict scrise de jurnali\u0219tii no\u0219tri auto \u0219i s\u0103 adresa\u021bi \u00eentreb\u0103ri comunit\u0103\u021bii Piston Addict.","og_url":"https:\/\/pistonaddict.com\/ro\/","og_site_name":"Piston Addict","article_modified_time":"2024-05-17T15:26:18+00:00","twitter_card":"summary_large_image","schema":{"@context":"https:\/\/schema.org","@graph":[{"@type":"WebPage","@id":"https:\/\/pistonaddict.com\/ro\/","url":"https:\/\/pistonaddict.com\/ro\/","name":"Piston Addict : Pia\u021ba de licita\u021bii online de ma\u0219ini","isPartOf":{"@id":"https:\/\/pistonaddict.com\/ro\/#website"},"datePublished":"2022-04-28T07:17:25+00:00","dateModified":"2024-05-17T15:26:18+00:00","description":"Piston Addict Auctions este pia\u021ba interna\u021bional\u0103 de vehicule clasice \u0219i de epoc\u0103. Vinde\u021bi \u0219i cump\u0103ra\u021bi la licita\u021bii vehiculul visurilor dumneavoastr\u0103 pe Piston Addict, numai vehicule interesante, de la motociclete de epoc\u0103 la hypercaruri. De asemenea, pute\u021bi s\u0103 v\u0103 informa\u021bi despre urm\u0103torul vehicul cu ajutorul articolelor auto Piston Addict scrise de jurnali\u0219tii no\u0219tri auto \u0219i s\u0103 adresa\u021bi \u00eentreb\u0103ri comunit\u0103\u021bii Piston Addict.","breadcrumb":{"@id":"https:\/\/pistonaddict.com\/ro\/#breadcrumb"},"inLanguage":"ro-RO","potentialAction":[{"@type":"ReadAction","target":["https:\/\/pistonaddict.com\/ro\/"]}]},{"@type":"BreadcrumbList","@id":"https:\/\/pistonaddict.com\/ro\/#breadcrumb","itemListElement":[{"@type":"ListItem","position":1,"name":"Pagina principala","item":"https:\/\/pistonaddict.com\/ro\/pagina-de-start\/"},{"@type":"ListItem","position":2,"name":"Pagina de start"}]},{"@type":"WebSite","@id":"https:\/\/pistonaddict.com\/ro\/#website","url":"https:\/\/pistonaddict.com\/ro\/","name":"Piston Addict","description":"Only interesting vehicles","publisher":{"@id":"https:\/\/pistonaddict.com\/ro\/#organization"},"potentialAction":[{"@type":"SearchAction","target":{"@type":"EntryPoint","urlTemplate":"https:\/\/pistonaddict.com\/ro\/?s={search_term_string}"},"query-input":"required name=search_term_string"}],"inLanguage":"ro-RO"},{"@type":"Organization","@id":"https:\/\/pistonaddict.com\/ro\/#organization","name":"Piston Addict","url":"https:\/\/pistonaddict.com\/ro\/","logo":{"@type":"ImageObject","inLanguage":"ro-RO","@id":"https:\/\/pistonaddict.com\/ro\/#\/schema\/logo\/image\/","url":"https:\/\/pistonaddict.com\/wp-content\/uploads\/2022\/07\/logo-6.png","contentUrl":"https:\/\/pistonaddict.com\/wp-content\/uploads\/2022\/07\/logo-6.png","width":970,"height":200,"caption":"Piston Addict"},"image":{"@id":"https:\/\/pistonaddict.com\/ro\/#\/schema\/logo\/image\/"}}]}},"_links":{"self":[{"href":"https:\/\/pistonaddict.com\/ro\/wp-json\/wp\/v2\/pages\/51267"}],"collection":[{"href":"https:\/\/pistonaddict.com\/ro\/wp-json\/wp\/v2\/pages"}],"about":[{"href":"https:\/\/pistonaddict.com\/ro\/wp-json\/wp\/v2\/types\/page"}],"author":[{"embeddable":true,"href":"https:\/\/pistonaddict.com\/ro\/wp-json\/wp\/v2\/users\/1"}],"replies":[{"embeddable":true,"href":"https:\/\/pistonaddict.com\/ro\/wp-json\/wp\/v2\/comments?post=51267"}],"version-history":[{"count":1,"href":"https:\/\/pistonaddict.com\/ro\/wp-json\/wp\/v2\/pages\/51267\/revisions"}],"predecessor-version":[{"id":80985,"href":"https:\/\/pistonaddict.com\/ro\/wp-json\/wp\/v2\/pages\/51267\/revisions\/80985"}],"wp:attachment":[{"href":"https:\/\/pistonaddict.com\/ro\/wp-json\/wp\/v2\/media?parent=51267"}],"curies":[{"name":"wp","href":"https:\/\/api.w.org\/{rel}","templated":true}]}}