{"id":3106,"date":"2022-04-29T11:20:06","date_gmt":"2022-04-29T09:20:06","guid":{"rendered":"https:\/\/pistonaddict.com\/reguli-de-comentarii\/"},"modified":"2023-02-05T11:11:46","modified_gmt":"2023-02-05T10:11:46","slug":"reguli-de-comentarii","status":"publish","type":"page","link":"https:\/\/pistonaddict.com\/ro\/reguli-de-comentarii\/","title":{"rendered":"Reguli privind comentariile"},"content":{"rendered":"\t\t<div data-elementor-type=\"wp-page\" data-elementor-id=\"3106\" class=\"elementor elementor-3106 elementor-3043\">\n\t\t\t\t\t\t<section class=\"elementor-section elementor-top-section elementor-element elementor-element-01b8fa5 elementor-section-boxed elementor-section-height-default elementor-section-height-default\" data-id=\"01b8fa5\" data-element_type=\"section\">\n\t\t\t\t\t\t<div class=\"elementor-container elementor-column-gap-default\">\n\t\t\t\t\t<div class=\"elementor-column elementor-col-100 elementor-top-column elementor-element elementor-element-19e2c1c\" data-id=\"19e2c1c\" data-element_type=\"column\">\n\t\t\t<div class=\"elementor-widget-wrap elementor-element-populated\">\n\t\t\t\t\t\t<div class=\"elementor-element elementor-element-9413b6d elementor-widget elementor-widget-text-editor\" data-id=\"9413b6d\" data-element_type=\"widget\" data-widget_type=\"text-editor.default\">\n\t\t\t\t<div class=\"elementor-widget-container\">\n\t\t\t<style>\/*! elementor - v3.21.0 - 18-04-2024 *\/\n.elementor-widget-text-editor.elementor-drop-cap-view-stacked .elementor-drop-cap{background-color:#69727d;color:#fff}.elementor-widget-text-editor.elementor-drop-cap-view-framed .elementor-drop-cap{color:#69727d;border:3px solid;background-color:transparent}.elementor-widget-text-editor:not(.elementor-drop-cap-view-default) .elementor-drop-cap{margin-top:8px}.elementor-widget-text-editor:not(.elementor-drop-cap-view-default) .elementor-drop-cap-letter{width:1em;height:1em}.elementor-widget-text-editor .elementor-drop-cap{float:left;text-align:center;line-height:1;font-size:50px}.elementor-widget-text-editor .elementor-drop-cap-letter{display:inline-block}<\/style>\t\t\t\t<\/p>\n<h2> <\/h2>\n<h2>Regula 1. Fi\u021bi constructivi \u0219i nu negativi<\/h2>\n<p>Este mai u\u0219or s\u0103 spui c\u0103 nu-\u021bi place ceva \u0219i, uneori, acest lucru poate fi justificat. Pe de alt\u0103 parte, este mai valoros s\u0103 spui cum ai putea s\u0103 o \u00eembun\u0103t\u0103\u021be\u0219ti, valoarea real\u0103 este ad\u0103ugat\u0103 atunci c\u00e2nd po\u021bi specifica ce este gre\u0219it \u0219i cum s\u0103 o \u00eenfrumuse\u021bezi.<\/p>\n<h2> <\/h2>\n<h2>Regula 2. Experien\u021ba c\u00e2\u0219tig\u0103<\/h2>\n<p>Ceilal\u021bi cititori sunt mult mai interesa\u021bi de p\u0103rerea dumneavoastr\u0103 dac\u0103 aceasta provine dintr-o experien\u021b\u0103 relevant\u0103. Dac\u0103 cunoa\u0219te\u021bi istoria unui anumit vehicul sau dac\u0103 \u0219ti\u021bi multe despre o anumit\u0103 marc\u0103 sau un anumit model, ave\u021bi mai multe \u0219anse de a fi interesant.<\/p>\n<h2> <\/h2>\n<h2>Regula 3. Vorbi\u021bi despre ma\u0219ini, nu despre al\u021bii<\/h2>\n<p>Toat\u0103 lumea are dreptul de a avea o opinie, chiar dac\u0103 nu e\u0219ti de acord cu ea. Criticile la adresa caracterului, a gusturilor sau a naturii generale a altor membri nu \u00ee\u0219i au locul.<\/p>\n<h2> <\/h2>\n<h2>Regula 4. Pia\u021ba stabile\u0219te pre\u021bul<\/h2>\n<p>Piston Addict este o pia\u021b\u0103 liber\u0103 \u00een care v\u00e2nz\u0103torul \u0219i cump\u0103r\u0103torul stabilesc pre\u021bul, a\u0219a c\u0103 a spune c\u0103 ceva este prea scump sau prea ieftin nu \u00eenseamn\u0103 nimic. Un obiect valoreaz\u0103 ceea ce cineva este dispus s\u0103 pl\u0103teasc\u0103.<\/p>\n<h2> <\/h2>\n<h2>Regula 5. Dac\u0103 nu ai citit toate celelalte comentarii, \u00eenseamn\u0103 c\u0103 nu e\u0219ti preg\u0103tit s\u0103 le la\u0219i pe ale tale.<\/h2>\n<p>Acesta este echivalentul digital al &#8220;ascult\u0103 \u00eenainte de a vorbi&#8221;.<\/p>\n<h2> <\/h2>\n<h2>Regula 6. Nu este permis\u0103 cump\u0103rarea, v\u00e2nzarea sau informa\u021bii de contact \u00een sec\u021biunea de comentarii.<\/h2>\n<p>Dac\u0103 ave\u021bi o ma\u0219in\u0103 de v\u00e2nzare, v\u0103 rug\u0103m s\u0103 ne-o trimite\u021bi prin intermediul formularului de trimitere. Cereri de cump\u0103rare, adrese de e-mail \u0219i numere de telefon postate \u00een comentarii  <br \/>vor fi \u0219terse.<\/p>\n<h2> <\/h2>\n<h2>Regula 7. Toat\u0103 lumea este binevenit\u0103<\/h2>\n<p>Membrii comunit\u0103\u021bii noastre sunt la fel de diver\u0219i ca \u0219i selec\u021bia de ma\u0219ini pe care o list\u0103m. Comentariile politice, misogine sau homofobe nu sunt permise.<\/p>\n<h2> <\/h2>\n<h2>Func\u021bionalitatea comentariilor<\/h2>\n<p><strong>Modificarea<\/strong> comentariilor: comentariile pot fi modificate de c\u0103tre autorul lor dup\u0103 publicarea lor, f\u0103r\u0103 limit\u0103 de timp. Face\u021bi clic pe linkul ro\u0219u &#8220;Edit&#8221; (Editare) prev\u0103zut \u00een acest scop.<\/p>\n<p><strong>Marca\u021bi ca fiind neconstructiv\u0103:<\/strong> Dac\u0103 un comentariu \u00eencalc\u0103 regulile de mai sus, v\u0103 rug\u0103m s\u0103 face\u021bi clic pe linkul &#8220;Raporteaz\u0103&#8221; pentru ca acesta s\u0103 poat\u0103 fi revizuit sau eliminat. Noi analiz\u0103m toate comentariile raportate \u0219i lu\u0103m decizia final\u0103 dac\u0103 acestea vor fi reintroduse sau eliminate.<br \/>Dorim ca discu\u021biile de pe acest site s\u0103 fie de calitate.<\/p>\n<p><strong>Cei care comenteaz\u0103 pentru prima dat\u0103: To\u021bi<\/strong> cei care comenteaz\u0103 pentru <strong>prima dat\u0103<\/strong> sunt modera\u021bi, iar un comentariu nu va fi postat pe site p\u00e2n\u0103 c\u00e2nd nu va fi revizuit de c\u0103tre personalul Piston Addict. Dup\u0103 ce a\u021bi postat un comentariu pentru prima dat\u0103, acesta nu va mai fi moderat.<\/p>\n\t\t\t\t\t\t<\/div>\n\t\t\t\t<\/div>\n\t\t\t\t\t<\/div>\n\t\t<\/div>\n\t\t\t\t\t<\/div>\n\t\t<\/section>\n\t\t\t\t<\/div>\n\t\t","protected":false},"excerpt":{"rendered":"<p>Regula 1. Fi\u021bi constructivi \u0219i nu negativi Este mai u\u0219or s\u0103 spui c\u0103 nu-\u021bi place ceva \u0219i, uneori, acest lucru poate fi justificat. Pe de alt\u0103 parte, este mai valoros s\u0103 spui cum ai putea s\u0103 o \u00eembun\u0103t\u0103\u021be\u0219ti, valoarea real\u0103 este ad\u0103ugat\u0103 atunci c\u00e2nd po\u021bi specifica ce este gre\u0219it \u0219i cum s\u0103 o \u00eenfrumuse\u021bezi. Regula &#8230; <a title=\"Reguli privind comentariile\" class=\"read-more\" href=\"https:\/\/pistonaddict.com\/ro\/reguli-de-comentarii\/\">Cite\u0219te mai mult<span class=\"screen-reader-text\">Reguli privind comentariile<\/span><\/a><\/p>\n","protected":false},"author":1,"featured_media":0,"parent":0,"menu_order":0,"comment_status":"closed","ping_status":"closed","template":"","meta":{"inline_featured_image":false,"footnotes":""},"acf":[],"yoast_head":"<!-- This site is optimized with the Yoast SEO plugin v22.5 - https:\/\/yoast.com\/wordpress\/plugins\/seo\/ -->\n<title>Reguli privind comentariile - Piston Addict<\/title>\n<meta name=\"robots\" content=\"index, follow, max-snippet:-1, max-image-preview:large, max-video-preview:-1\" \/>\n<link rel=\"canonical\" href=\"https:\/\/pistonaddict.com\/ro\/reguli-de-comentarii\/\" \/>\n<meta property=\"og:locale\" content=\"ro_RO\" \/>\n<meta property=\"og:type\" content=\"article\" \/>\n<meta property=\"og:title\" content=\"Reguli privind comentariile - Piston Addict\" \/>\n<meta property=\"og:description\" content=\"Regula 1. Fi\u021bi constructivi \u0219i nu negativi Este mai u\u0219or s\u0103 spui c\u0103 nu-\u021bi place ceva \u0219i, uneori, acest lucru poate fi justificat. Pe de alt\u0103 parte, este mai valoros s\u0103 spui cum ai putea s\u0103 o \u00eembun\u0103t\u0103\u021be\u0219ti, valoarea real\u0103 este ad\u0103ugat\u0103 atunci c\u00e2nd po\u021bi specifica ce este gre\u0219it \u0219i cum s\u0103 o \u00eenfrumuse\u021bezi. Regula ... Cite\u0219te mai multReguli privind comentariile\" \/>\n<meta property=\"og:url\" content=\"https:\/\/pistonaddict.com\/ro\/reguli-de-comentarii\/\" \/>\n<meta property=\"og:site_name\" content=\"Piston Addict\" \/>\n<meta property=\"article:modified_time\" content=\"2023-02-05T10:11:46+00:00\" \/>\n<meta name=\"twitter:card\" content=\"summary_large_image\" \/>\n<meta name=\"twitter:label1\" content=\"Timp estimat pentru citire\" \/>\n\t<meta name=\"twitter:data1\" content=\"2 minute\" \/>\n<script type=\"application\/ld+json\" class=\"yoast-schema-graph\">{\"@context\":\"https:\/\/schema.org\",\"@graph\":[{\"@type\":\"WebPage\",\"@id\":\"https:\/\/pistonaddict.com\/ro\/reguli-de-comentarii\/\",\"url\":\"https:\/\/pistonaddict.com\/ro\/reguli-de-comentarii\/\",\"name\":\"Reguli privind comentariile - Piston Addict\",\"isPartOf\":{\"@id\":\"https:\/\/pistonaddict.com\/ro\/#website\"},\"datePublished\":\"2022-04-29T09:20:06+00:00\",\"dateModified\":\"2023-02-05T10:11:46+00:00\",\"breadcrumb\":{\"@id\":\"https:\/\/pistonaddict.com\/ro\/reguli-de-comentarii\/#breadcrumb\"},\"inLanguage\":\"ro-RO\",\"potentialAction\":[{\"@type\":\"ReadAction\",\"target\":[\"https:\/\/pistonaddict.com\/ro\/reguli-de-comentarii\/\"]}]},{\"@type\":\"BreadcrumbList\",\"@id\":\"https:\/\/pistonaddict.com\/ro\/reguli-de-comentarii\/#breadcrumb\",\"itemListElement\":[{\"@type\":\"ListItem\",\"position\":1,\"name\":\"Pagina principala\",\"item\":\"https:\/\/pistonaddict.com\/ro\/pagina-de-start\/\"},{\"@type\":\"ListItem\",\"position\":2,\"name\":\"Reguli privind comentariile\"}]},{\"@type\":\"WebSite\",\"@id\":\"https:\/\/pistonaddict.com\/ro\/#website\",\"url\":\"https:\/\/pistonaddict.com\/ro\/\",\"name\":\"Piston Addict\",\"description\":\"Only interesting vehicles\",\"publisher\":{\"@id\":\"https:\/\/pistonaddict.com\/ro\/#organization\"},\"potentialAction\":[{\"@type\":\"SearchAction\",\"target\":{\"@type\":\"EntryPoint\",\"urlTemplate\":\"https:\/\/pistonaddict.com\/ro\/?s={search_term_string}\"},\"query-input\":\"required name=search_term_string\"}],\"inLanguage\":\"ro-RO\"},{\"@type\":\"Organization\",\"@id\":\"https:\/\/pistonaddict.com\/ro\/#organization\",\"name\":\"Piston Addict\",\"url\":\"https:\/\/pistonaddict.com\/ro\/\",\"logo\":{\"@type\":\"ImageObject\",\"inLanguage\":\"ro-RO\",\"@id\":\"https:\/\/pistonaddict.com\/ro\/#\/schema\/logo\/image\/\",\"url\":\"https:\/\/pistonaddict.com\/wp-content\/uploads\/2022\/07\/logo-6.png\",\"contentUrl\":\"https:\/\/pistonaddict.com\/wp-content\/uploads\/2022\/07\/logo-6.png\",\"width\":970,\"height\":200,\"caption\":\"Piston Addict\"},\"image\":{\"@id\":\"https:\/\/pistonaddict.com\/ro\/#\/schema\/logo\/image\/\"}}]}<\/script>\n<!-- \/ Yoast SEO plugin. -->","yoast_head_json":{"title":"Reguli privind comentariile - Piston Addict","robots":{"index":"index","follow":"follow","max-snippet":"max-snippet:-1","max-image-preview":"max-image-preview:large","max-video-preview":"max-video-preview:-1"},"canonical":"https:\/\/pistonaddict.com\/ro\/reguli-de-comentarii\/","og_locale":"ro_RO","og_type":"article","og_title":"Reguli privind comentariile - Piston Addict","og_description":"Regula 1. Fi\u021bi constructivi \u0219i nu negativi Este mai u\u0219or s\u0103 spui c\u0103 nu-\u021bi place ceva \u0219i, uneori, acest lucru poate fi justificat. Pe de alt\u0103 parte, este mai valoros s\u0103 spui cum ai putea s\u0103 o \u00eembun\u0103t\u0103\u021be\u0219ti, valoarea real\u0103 este ad\u0103ugat\u0103 atunci c\u00e2nd po\u021bi specifica ce este gre\u0219it \u0219i cum s\u0103 o \u00eenfrumuse\u021bezi. Regula ... Cite\u0219te mai multReguli privind comentariile","og_url":"https:\/\/pistonaddict.com\/ro\/reguli-de-comentarii\/","og_site_name":"Piston Addict","article_modified_time":"2023-02-05T10:11:46+00:00","twitter_card":"summary_large_image","twitter_misc":{"Timp estimat pentru citire":"2 minute"},"schema":{"@context":"https:\/\/schema.org","@graph":[{"@type":"WebPage","@id":"https:\/\/pistonaddict.com\/ro\/reguli-de-comentarii\/","url":"https:\/\/pistonaddict.com\/ro\/reguli-de-comentarii\/","name":"Reguli privind comentariile - Piston Addict","isPartOf":{"@id":"https:\/\/pistonaddict.com\/ro\/#website"},"datePublished":"2022-04-29T09:20:06+00:00","dateModified":"2023-02-05T10:11:46+00:00","breadcrumb":{"@id":"https:\/\/pistonaddict.com\/ro\/reguli-de-comentarii\/#breadcrumb"},"inLanguage":"ro-RO","potentialAction":[{"@type":"ReadAction","target":["https:\/\/pistonaddict.com\/ro\/reguli-de-comentarii\/"]}]},{"@type":"BreadcrumbList","@id":"https:\/\/pistonaddict.com\/ro\/reguli-de-comentarii\/#breadcrumb","itemListElement":[{"@type":"ListItem","position":1,"name":"Pagina principala","item":"https:\/\/pistonaddict.com\/ro\/pagina-de-start\/"},{"@type":"ListItem","position":2,"name":"Reguli privind comentariile"}]},{"@type":"WebSite","@id":"https:\/\/pistonaddict.com\/ro\/#website","url":"https:\/\/pistonaddict.com\/ro\/","name":"Piston Addict","description":"Only interesting vehicles","publisher":{"@id":"https:\/\/pistonaddict.com\/ro\/#organization"},"potentialAction":[{"@type":"SearchAction","target":{"@type":"EntryPoint","urlTemplate":"https:\/\/pistonaddict.com\/ro\/?s={search_term_string}"},"query-input":"required name=search_term_string"}],"inLanguage":"ro-RO"},{"@type":"Organization","@id":"https:\/\/pistonaddict.com\/ro\/#organization","name":"Piston Addict","url":"https:\/\/pistonaddict.com\/ro\/","logo":{"@type":"ImageObject","inLanguage":"ro-RO","@id":"https:\/\/pistonaddict.com\/ro\/#\/schema\/logo\/image\/","url":"https:\/\/pistonaddict.com\/wp-content\/uploads\/2022\/07\/logo-6.png","contentUrl":"https:\/\/pistonaddict.com\/wp-content\/uploads\/2022\/07\/logo-6.png","width":970,"height":200,"caption":"Piston Addict"},"image":{"@id":"https:\/\/pistonaddict.com\/ro\/#\/schema\/logo\/image\/"}}]}},"_links":{"self":[{"href":"https:\/\/pistonaddict.com\/ro\/wp-json\/wp\/v2\/pages\/3106"}],"collection":[{"href":"https:\/\/pistonaddict.com\/ro\/wp-json\/wp\/v2\/pages"}],"about":[{"href":"https:\/\/pistonaddict.com\/ro\/wp-json\/wp\/v2\/types\/page"}],"author":[{"embeddable":true,"href":"https:\/\/pistonaddict.com\/ro\/wp-json\/wp\/v2\/users\/1"}],"replies":[{"embeddable":true,"href":"https:\/\/pistonaddict.com\/ro\/wp-json\/wp\/v2\/comments?post=3106"}],"version-history":[{"count":5,"href":"https:\/\/pistonaddict.com\/ro\/wp-json\/wp\/v2\/pages\/3106\/revisions"}],"predecessor-version":[{"id":26235,"href":"https:\/\/pistonaddict.com\/ro\/wp-json\/wp\/v2\/pages\/3106\/revisions\/26235"}],"wp:attachment":[{"href":"https:\/\/pistonaddict.com\/ro\/wp-json\/wp\/v2\/media?parent=3106"}],"curies":[{"name":"wp","href":"https:\/\/api.w.org\/{rel}","templated":true}]}}