{"id":3033,"date":"2022-04-29T11:19:25","date_gmt":"2022-04-29T09:19:25","guid":{"rendered":"https:\/\/pistonaddict.com\/gestionarea-cookie-urilor\/"},"modified":"2022-10-28T10:21:18","modified_gmt":"2022-10-28T08:21:18","slug":"gestionarea-cookie-urilor","status":"publish","type":"page","link":"https:\/\/pistonaddict.com\/ro\/gestionarea-cookie-urilor\/","title":{"rendered":"Gestionarea cookie-urilor"},"content":{"rendered":"\t\t<div data-elementor-type=\"wp-page\" data-elementor-id=\"3033\" class=\"elementor elementor-3033 elementor-2954\">\n\t\t\t\t\t\t<section class=\"elementor-section elementor-top-section elementor-element elementor-element-00987b4 elementor-section-boxed elementor-section-height-default elementor-section-height-default\" data-id=\"00987b4\" data-element_type=\"section\">\n\t\t\t\t\t\t<div class=\"elementor-container elementor-column-gap-default\">\n\t\t\t\t\t<div class=\"elementor-column elementor-col-100 elementor-top-column elementor-element elementor-element-9f5f945\" data-id=\"9f5f945\" data-element_type=\"column\">\n\t\t\t<div class=\"elementor-widget-wrap elementor-element-populated\">\n\t\t\t\t\t\t<div class=\"elementor-element elementor-element-8525f40 elementor-widget elementor-widget-text-editor\" data-id=\"8525f40\" data-element_type=\"widget\" data-widget_type=\"text-editor.default\">\n\t\t\t\t<div class=\"elementor-widget-container\">\n\t\t\t<style>\/*! elementor - v3.21.0 - 18-04-2024 *\/\n.elementor-widget-text-editor.elementor-drop-cap-view-stacked .elementor-drop-cap{background-color:#69727d;color:#fff}.elementor-widget-text-editor.elementor-drop-cap-view-framed .elementor-drop-cap{color:#69727d;border:3px solid;background-color:transparent}.elementor-widget-text-editor:not(.elementor-drop-cap-view-default) .elementor-drop-cap{margin-top:8px}.elementor-widget-text-editor:not(.elementor-drop-cap-view-default) .elementor-drop-cap-letter{width:1em;height:1em}.elementor-widget-text-editor .elementor-drop-cap{float:left;text-align:center;line-height:1;font-size:50px}.elementor-widget-text-editor .elementor-drop-cap-letter{display:inline-block}<\/style>\t\t\t\t<div class=\"wpb_text_column wpb_content_element cms_text_block\">\n<div class=\"wpb_wrapper \">\n<p>La prima accesare a site-ului Internet: https:\/\/www.pistonaddict.com, o band\u0103 situat\u0103 \u00een partea de jos a paginii v\u0103 informeaz\u0103 c\u0103 datele referitoare la navigarea dvs. vor fi \u00eenregistrate pe fi\u0219iere specifice numite &#8220;cookies&#8221; sau fi\u0219iere de conectare.<\/p>\n<p>Pentru a v\u0103 informa mai bine despre rolul lor, constr\u00e2ngerile legate de acceptarea sau refuzul lor \u0219i m\u0103surile de urmat pentru a bloca instalarea lor pe computerul dumneavoastr\u0103, <strong>Piston Addict<\/strong> v\u0103 prezint\u0103 politica de gestionare a cookie-urilor.<\/p>\n<div class=\"wpb_column vc_column_container vc_col-sm-12\">\n<div class=\"vc_column-inner\">\n<div class=\"wpb_wrapper\"> <\/div>\n<\/div>\n<\/div>\n<div class=\"cms-custom-heading-wrap heading2 text-left vc_custom_heading heading2_uppercase \">\n<h2> <\/h2>\n<h2 class=\"cmsc-custom-heading vc_custom_heading\">1\u00b0 ROLUL COOKIE-URILOR SAU AL FI\u0218IERELOR DE CONECTARE<\/h2>\n<\/div>\n<p>Cookie-urile permit colectarea informa\u021biilor referitoare la consultarea dvs. pe site-ul Internet (https:\/\/www.pistonaddict.com) \u00een scopul de a ajusta \u0219i orienta mai bine navigarea dvs. G\u0103se\u0219te de c\u0103tre navigator, fi\u0219ierele de conectare permit determinarea precis\u0103 a serviciilor \u0219i informa\u021biilor pe care le c\u0103uta\u021bi, pornind de la rubricile \u0219i paginile pe care le consulta\u021bi.<\/p>\n<p>Pentru o utilizare optim\u0103 a site-ului Internet \u0219i a serviciilor sale, sunt utilizate diferite tipuri de cookie-uri \u00een func\u021bie de scopurile lor:<\/p>\n<ul>\n<li>cookie-urile de sesiune sunt instalate \u00een principal pe site-urile comerciale pentru a proteja, pe parcursul \u00eentregii secven\u021be de navigare, anumite date \u00eenregistrate \u00een prealabil,<\/li>\n<li>cookie-urile func\u021bionale iau \u00een considerare preferin\u021bele de navigare (limba, rezolu\u021bia ecranului&#8230;) sau ob\u021bin informa\u021biile ob\u021binute \u00een timpul sesiunilor de navigare anterioare (identificatori de conexiune, servicii accesate, date \u00eenregistrate&#8230;),<\/li>\n<li>modulele cookie analitice permit contabilizarea internau\u021bilor \u0219i analizarea comportamentului lor \u00een timpul vizitei pe site-ul internet pentru a genera statistici de frecven\u021b\u0103,<\/li>\n<li>cookie-urile ter\u021be sunt depuse pe navigatorul internau\u021bilor de c\u0103tre strategiile publicitare sau de c\u0103tre partenerii site-ului Internet, precum \u0219i de c\u0103tre re\u021belele sociale \u0219i platformele video \u00een leg\u0103tur\u0103 cu acest site.<\/li>\n<\/ul>\n<p>Datele necesare din fi\u0219ierele de conectare nu v\u0103 permit s\u0103 v\u0103 identifica\u021bi \u00een mod nominativ, acestea sunt utilizate exclusiv pentru buna func\u021bionare a site-ului Internet \u0219i nu sunt niciodat\u0103 comunicate de <strong>Piston Addict<\/strong> c\u0103tre alte structuri.<\/p>\n<div class=\"wpb_column vc_column_container vc_col-sm-12\">\n<div class=\"vc_column-inner\">\n<div class=\"wpb_wrapper\"> <\/div>\n<\/div>\n<\/div>\n<div class=\"cms-custom-heading-wrap heading2 text-left vc_custom_heading heading2_uppercase \">\n<h2> <\/h2>\n<h2 class=\"cmsc-custom-heading vc_custom_heading\">2\u00b0 LES COOKIES PREZENTE PE SITE-UL PISTONADDICT.COM<\/h2>\n<\/div>\n<div class=\"wpb_text_column wpb_content_element vc_custom_1621498045904 cms_text_block\">\n<div class=\"wpb_wrapper \"> <\/div>\n<\/div>\n<p>\u00cen func\u021bie de natura lor \u0219i de tipul de date pe care le colecteaz\u0103, cookie-urile utilizate pe site-ul Internet https:\/\/www.pistonaddict.com v\u0103 \u00eempiedic\u0103 s\u0103 v\u0103 da\u021bi consim\u021b\u0103m\u00e2ntul pentru utilizarea lor sau, dimpotriv\u0103, sunt contrare.<\/p>\n<h3> <\/h3>\n<h3>2.1\u00b0 Cookie-urile func\u021bionale<\/h3>\n<p>La Commission Nationale de l&#8217;Informatique et des Libert\u00e9s (CNIL) recomand\u0103 s\u0103 se renun\u021be la colectarea consim\u021b\u0103m\u00e2ntului pentru cookie-urile necesare pentru buna func\u021bionare a site-ului Internet sau care au ca unic scop facilitarea comunic\u0103rii pe cale electronic\u0103.<\/p>\n<p>Aceasta se refer\u0103 \u00een principal la cookie-urile de identificare a sesiunii, cookie-urile de sesiune pentru cititorul multimedia, cookie-urile de autentificare, cookie-urile de sesiune de echilibrare a \u00eenc\u0103rc\u0103turii sau create, precum \u0219i la cookie-urile de personalizare a interfe\u021bei dumneavoastr\u0103 de utilizator.<\/p>\n<h3> <\/h3>\n<h3>2.2\u00b0 Cookie-urile de monitorizare<\/h3>\n<p>\u00cen conformitate cu legisla\u021bia \u00een vigoare aplicat\u0103 de RGPD, toate cookie-urile care permit crearea unui profil sau a unui profil vor fi disponibile \u00eenainte de trimiterea lor c\u0103tre navigatorul dvs.: \u00eenregistrarea acordului dvs., posibilitatea de a v\u0103 opune utiliz\u0103rii lor, informa\u021biile pe care le ofer\u0103 continuarea navig\u0103rii, precum \u0219i depunerea de cookie-uri pe terminalul dvs.<\/p>\n<p>Acest lucru se refer\u0103 deopotriv\u0103 la cookie-urile de m\u0103surare a audien\u021bei (Analytics) \u0219i la cookie-urile de partajare pe re\u021belele sociale (Facebook&#8230;), aceste cookie-uri sunt deci supuse politicilor de confiden\u021bialitate ale editorilor acestor aplica\u021bii logice.<\/p>\n<h4> <\/h4>\n<h4><strong>2.2.1\u00b0 Cookie-urile de m\u0103surare a audien\u021bei<\/strong><\/h4>\n<p>Cookie-urile de la Google Analytics permit stabilirea de statistici referitoare la utilizarea site-ului Internet: https:\/\/www.pistonaddict.com.<\/p>\n<p>Acestea au fost parametrizate \u00een a\u0219a fel \u00eenc\u00e2t s\u0103 colecteze date care s\u0103 permit\u0103 colectarea facultativ\u0103 a consim\u021b\u0103m\u00e2ntului dumneavoastr\u0103:<\/p>\n<ul>\n<li>cookie-urile depuse servesc exclusiv la producerea de statistici anonime, adresa IP care v\u0103 permite s\u0103 v\u0103 localiza\u021bi nu este mai precis\u0103 dec\u00e2t nivelul ora\u0219ului, \u00een mod concret, ultimele dou\u0103 octe\u021bi ale adresei IP sunt suprimate,<\/li>\n<li>cookie-urile care v\u0103 permit s\u0103 v\u0103 stabili\u021bi capacitatea de urm\u0103rire \u0219i adresele IP nu sunt p\u0103strate peste 13 luni de la prima vizit\u0103.<\/li>\n<\/ul>\n<p>Politica de confiden\u021bialitate a Google Analytics este disponibil\u0103 la adresa urm\u0103toare: https:\/\/policies.google.com\/privacy?hl=fr<\/p>\n<h3> <\/h3>\n<h4><strong>2.2.2\u00b0 Cookie-urile de partajare a datelor<\/strong><\/h4>\n<p>Cookie-urile de partajare pe re\u021belele sociale (Facebook&#8230;) sunt emise \u0219i gestionate de c\u0103tre editorii aplica\u021biilor. Sub rezerva consim\u021b\u0103m\u00e2ntului dumneavoastr\u0103, aceste cookie-uri v\u0103 permit s\u0103 partaja\u021bi u\u0219or con\u021binuturile publicate pe site-ul Internet: https:\/\/www.pistonaddict.com cu ajutorul butoanelor aplicative dedicate.<\/p>\n<p>Politicile de confiden\u021bialitate ale re\u021belelor sociale sunt disponibile pe paginile urm\u0103toare :<\/p>\n<ul>\n<li>Facebook : https:\/\/fr-fr.facebook.com\/privacy\/explanation<\/li>\n<li>Twitter : https:\/\/twitter.com\/fr\/privacy#update<\/li>\n<li>Pinterest : https:\/\/policy.pinterest.com\/fr\/privacy-policy<\/li>\n<li>Instagram : https:\/\/help.instagram.com\/519522125107875<\/li>\n<\/ul>\n<h3> <\/h3>\n<h4><strong>2.2.3\u00b0 Cookie-urile de pe platformele video<\/strong><\/h4>\n<p>Cookie-urile legate de vizualizarea videoclipurilor pe YouTube sunt emise \u0219i gestionate de editorul platformei video. Sub rezerva consim\u021b\u0103m\u00e2ntului dvs., aceste cookie-uri sunt trimise pe navigatorul dvs. de internat \u00een timpul citirii videoclipurilor publicate pe site-ul Internet: https:\/\/www.pistonaddict.com \u0219i g\u0103zduite pe platform\u0103.<\/p>\n<p>Politica de confiden\u021bialitate a YouTube este disponibil\u0103 la adresa urm\u0103toare: https:\/\/policies.google.com\/privacy?hl=fr-CA<\/p>\n<\/div>\n<\/div>\n<div class=\"wpb_column vc_column_container vc_col-sm-12\">\n<div class=\"vc_column-inner\">\n<div class=\"wpb_wrapper\"> <\/div>\n<\/div>\n<\/div>\n<div class=\"cms-custom-heading-wrap heading2 text-left vc_custom_heading heading2_uppercase \">\n<h2> <\/h2>\n<h2 class=\"cmsc-custom-heading vc_custom_heading\">3\u00b0 ACCEPTAREA SAU REFUZUL COOKIE-URILOR<\/h2>\n<\/div>\n<div class=\"wpb_text_column wpb_content_element vc_custom_1621498045904 cms_text_block\">\n<div class=\"wpb_wrapper \">\n<p>La prima dvs. vizit\u0103 pe site-ul Internet https:\/\/www.pistonaddict.com, \u00een partea de jos a paginii este afi\u0219at\u0103 o band\u0103 pentru a v\u0103 permite s\u0103 accepta\u021bi sau s\u0103 refuza\u021bi cookie-urile. Aceast\u0103 banderol\u0103 con\u021bine, de asemenea, men\u021biuni referitoare la finalitatea trimiterilor de cookie-uri pe navigatorul dumneavoastr\u0103 de internet.<\/p>\n<p>Pute\u021bi, de asemenea, s\u0103 v\u0103 configura\u021bi navigatorul de internet pentru a fi avertizat atunci c\u00e2nd se depun cookie-uri cu posibilitatea de a le accepta sau de a le refuza. \u00cen func\u021bie de navigatorul utilizat, configura\u021bia de gestionare a modulelor cookie (acceptare sau refuz) este diferit\u0103.<\/p>\n<p>G\u0103si\u021bi mai jos adresele paginilor dedicate fiec\u0103ruia dintre principalii navigatori :<\/p>\n<ul>\n<li>Microsoft Internet Explorer : http:\/\/windows.microsoft.com\/fr-FR\/windows-vista\/Block-or-allow-cookies<\/li>\n<li>Google Chrome : https:\/\/support.google.com\/chrome\/answer\/95647?hl=fr<\/li>\n<li>Safari : https:\/\/support.apple.com\/fr-fr\/guide\/safari\/sfri11471\/mac<\/li>\n<li>Firefox : https:\/\/support.mozilla.org\/fr\/kb\/autoriser-bloquer-cookies-preferences-sites<\/li>\n<li>Opera : https:\/\/help.opera.com\/en\/latest\/web-preferences\/#cookies<\/li>\n<\/ul>\n<p>De re\u021binut: Refuzul cookie-urilor poate \u00eempiedica personalizarea navig\u0103rii dvs. pe site-ul Internet: https:\/\/www.pistonaddict.com, de aceea este important s\u0103 v\u0103 configura\u021bi navigatorul \u00een deplin\u0103 cuno\u0219tin\u021b\u0103 de cauz\u0103.<\/p>\n<\/div>\n<\/div>\n<div class=\"wpb_column vc_column_container vc_col-sm-12\">\n<div class=\"vc_column-inner\">\n<div class=\"wpb_wrapper\"> <\/div>\n<\/div>\n<\/div>\n<div class=\"cms-custom-heading-wrap heading2 text-left vc_custom_heading heading2_uppercase \">\n<h2> <\/h2>\n<h2 class=\"cmsc-custom-heading vc_custom_heading\">4\u00b0 REVOCAREA CONSIM\u021a\u0102M\u00c2NTULUI PENTRU COOKIE-URI<\/h2>\n<\/div>\n<div class=\"wpb_text_column wpb_content_element vc_custom_1621498045904 cms_text_block\">\n<div class=\"wpb_wrapper \">\n<p>Este posibil \u00een orice moment s\u0103 v\u0103 retrage\u021bi <a class=\"wt-cli-manage-consent-link\">consim\u021b\u0103m\u00e2ntul<\/a> pentru cookie-urile de nivel ter\u021b \u0219i pentru cookie-urile analitice.<\/p>\n<div class=\"wpb_column vc_column_container vc_col-sm-12\">\n<div class=\"vc_column-inner\">\n<div class=\"wpb_wrapper\"> <\/div>\n<\/div>\n<\/div>\n<div class=\"cms-custom-heading-wrap heading2 text-left vc_custom_heading heading2_uppercase \">\n<h2> <\/h2>\n<h2 class=\"cmsc-custom-heading vc_custom_heading\">5\u00b0 POLITICA DE CONFIDEN\u021aIALITATE<\/h2>\n<\/div>\n<div class=\"wpb_text_column wpb_content_element vc_custom_1621498045904 cms_text_block\">\n<div class=\"wpb_wrapper \"> <\/div>\n<\/div>\n<p>Pentru a afla mai multe despre politica de confiden\u021bialitate a <strong>Piston Addict<\/strong>: <a href=\"https:\/\/pistonaddict.com\/ro\/politica-de-confidentialitate\/\">click aici<\/a>.<\/p>\n<\/div>\n<\/div>\n\t\t\t\t\t\t<\/div>\n\t\t\t\t<\/div>\n\t\t\t\t\t<\/div>\n\t\t<\/div>\n\t\t\t\t\t<\/div>\n\t\t<\/section>\n\t\t\t\t<\/div>\n\t\t","protected":false},"excerpt":{"rendered":"<p>La prima accesare a site-ului Internet: https:\/\/www.pistonaddict.com, o band\u0103 situat\u0103 \u00een partea de jos a paginii v\u0103 informeaz\u0103 c\u0103 datele referitoare la navigarea dvs. vor fi \u00eenregistrate pe fi\u0219iere specifice numite &#8220;cookies&#8221; sau fi\u0219iere de conectare. Pentru a v\u0103 informa mai bine despre rolul lor, constr\u00e2ngerile legate de acceptarea sau refuzul lor \u0219i m\u0103surile de &#8230; <a title=\"Gestionarea cookie-urilor\" class=\"read-more\" href=\"https:\/\/pistonaddict.com\/ro\/gestionarea-cookie-urilor\/\">Cite\u0219te mai mult<span class=\"screen-reader-text\">Gestionarea cookie-urilor<\/span><\/a><\/p>\n","protected":false},"author":1,"featured_media":0,"parent":0,"menu_order":0,"comment_status":"closed","ping_status":"closed","template":"","meta":{"inline_featured_image":false,"footnotes":""},"acf":[],"yoast_head":"<!-- This site is optimized with the Yoast SEO plugin v22.5 - https:\/\/yoast.com\/wordpress\/plugins\/seo\/ -->\n<title>Gestionarea cookie-urilor - Piston Addict<\/title>\n<meta name=\"robots\" content=\"index, follow, max-snippet:-1, max-image-preview:large, max-video-preview:-1\" \/>\n<link rel=\"canonical\" href=\"https:\/\/pistonaddict.com\/ro\/gestionarea-cookie-urilor\/\" \/>\n<meta property=\"og:locale\" content=\"ro_RO\" \/>\n<meta property=\"og:type\" content=\"article\" \/>\n<meta property=\"og:title\" content=\"Gestionarea cookie-urilor - Piston Addict\" \/>\n<meta property=\"og:description\" content=\"La prima accesare a site-ului Internet: https:\/\/www.pistonaddict.com, o band\u0103 situat\u0103 \u00een partea de jos a paginii v\u0103 informeaz\u0103 c\u0103 datele referitoare la navigarea dvs. vor fi \u00eenregistrate pe fi\u0219iere specifice numite &#8220;cookies&#8221; sau fi\u0219iere de conectare. Pentru a v\u0103 informa mai bine despre rolul lor, constr\u00e2ngerile legate de acceptarea sau refuzul lor \u0219i m\u0103surile de ... Cite\u0219te mai multGestionarea cookie-urilor\" \/>\n<meta property=\"og:url\" content=\"https:\/\/pistonaddict.com\/ro\/gestionarea-cookie-urilor\/\" \/>\n<meta property=\"og:site_name\" content=\"Piston Addict\" \/>\n<meta property=\"article:modified_time\" content=\"2022-10-28T08:21:18+00:00\" \/>\n<meta name=\"twitter:card\" content=\"summary_large_image\" \/>\n<meta name=\"twitter:label1\" content=\"Timp estimat pentru citire\" \/>\n\t<meta name=\"twitter:data1\" content=\"6 minute\" \/>\n<script type=\"application\/ld+json\" class=\"yoast-schema-graph\">{\"@context\":\"https:\/\/schema.org\",\"@graph\":[{\"@type\":\"WebPage\",\"@id\":\"https:\/\/pistonaddict.com\/ro\/gestionarea-cookie-urilor\/\",\"url\":\"https:\/\/pistonaddict.com\/ro\/gestionarea-cookie-urilor\/\",\"name\":\"Gestionarea cookie-urilor - Piston Addict\",\"isPartOf\":{\"@id\":\"https:\/\/pistonaddict.com\/ro\/#website\"},\"datePublished\":\"2022-04-29T09:19:25+00:00\",\"dateModified\":\"2022-10-28T08:21:18+00:00\",\"breadcrumb\":{\"@id\":\"https:\/\/pistonaddict.com\/ro\/gestionarea-cookie-urilor\/#breadcrumb\"},\"inLanguage\":\"ro-RO\",\"potentialAction\":[{\"@type\":\"ReadAction\",\"target\":[\"https:\/\/pistonaddict.com\/ro\/gestionarea-cookie-urilor\/\"]}]},{\"@type\":\"BreadcrumbList\",\"@id\":\"https:\/\/pistonaddict.com\/ro\/gestionarea-cookie-urilor\/#breadcrumb\",\"itemListElement\":[{\"@type\":\"ListItem\",\"position\":1,\"name\":\"Pagina principala\",\"item\":\"https:\/\/pistonaddict.com\/ro\/pagina-de-start\/\"},{\"@type\":\"ListItem\",\"position\":2,\"name\":\"Gestionarea cookie-urilor\"}]},{\"@type\":\"WebSite\",\"@id\":\"https:\/\/pistonaddict.com\/ro\/#website\",\"url\":\"https:\/\/pistonaddict.com\/ro\/\",\"name\":\"Piston Addict\",\"description\":\"Only interesting vehicles\",\"publisher\":{\"@id\":\"https:\/\/pistonaddict.com\/ro\/#organization\"},\"potentialAction\":[{\"@type\":\"SearchAction\",\"target\":{\"@type\":\"EntryPoint\",\"urlTemplate\":\"https:\/\/pistonaddict.com\/ro\/?s={search_term_string}\"},\"query-input\":\"required name=search_term_string\"}],\"inLanguage\":\"ro-RO\"},{\"@type\":\"Organization\",\"@id\":\"https:\/\/pistonaddict.com\/ro\/#organization\",\"name\":\"Piston Addict\",\"url\":\"https:\/\/pistonaddict.com\/ro\/\",\"logo\":{\"@type\":\"ImageObject\",\"inLanguage\":\"ro-RO\",\"@id\":\"https:\/\/pistonaddict.com\/ro\/#\/schema\/logo\/image\/\",\"url\":\"https:\/\/pistonaddict.com\/wp-content\/uploads\/2022\/07\/logo-6.png\",\"contentUrl\":\"https:\/\/pistonaddict.com\/wp-content\/uploads\/2022\/07\/logo-6.png\",\"width\":970,\"height\":200,\"caption\":\"Piston Addict\"},\"image\":{\"@id\":\"https:\/\/pistonaddict.com\/ro\/#\/schema\/logo\/image\/\"}}]}<\/script>\n<!-- \/ Yoast SEO plugin. -->","yoast_head_json":{"title":"Gestionarea cookie-urilor - Piston Addict","robots":{"index":"index","follow":"follow","max-snippet":"max-snippet:-1","max-image-preview":"max-image-preview:large","max-video-preview":"max-video-preview:-1"},"canonical":"https:\/\/pistonaddict.com\/ro\/gestionarea-cookie-urilor\/","og_locale":"ro_RO","og_type":"article","og_title":"Gestionarea cookie-urilor - Piston Addict","og_description":"La prima accesare a site-ului Internet: https:\/\/www.pistonaddict.com, o band\u0103 situat\u0103 \u00een partea de jos a paginii v\u0103 informeaz\u0103 c\u0103 datele referitoare la navigarea dvs. vor fi \u00eenregistrate pe fi\u0219iere specifice numite &#8220;cookies&#8221; sau fi\u0219iere de conectare. Pentru a v\u0103 informa mai bine despre rolul lor, constr\u00e2ngerile legate de acceptarea sau refuzul lor \u0219i m\u0103surile de ... Cite\u0219te mai multGestionarea cookie-urilor","og_url":"https:\/\/pistonaddict.com\/ro\/gestionarea-cookie-urilor\/","og_site_name":"Piston Addict","article_modified_time":"2022-10-28T08:21:18+00:00","twitter_card":"summary_large_image","twitter_misc":{"Timp estimat pentru citire":"6 minute"},"schema":{"@context":"https:\/\/schema.org","@graph":[{"@type":"WebPage","@id":"https:\/\/pistonaddict.com\/ro\/gestionarea-cookie-urilor\/","url":"https:\/\/pistonaddict.com\/ro\/gestionarea-cookie-urilor\/","name":"Gestionarea cookie-urilor - Piston Addict","isPartOf":{"@id":"https:\/\/pistonaddict.com\/ro\/#website"},"datePublished":"2022-04-29T09:19:25+00:00","dateModified":"2022-10-28T08:21:18+00:00","breadcrumb":{"@id":"https:\/\/pistonaddict.com\/ro\/gestionarea-cookie-urilor\/#breadcrumb"},"inLanguage":"ro-RO","potentialAction":[{"@type":"ReadAction","target":["https:\/\/pistonaddict.com\/ro\/gestionarea-cookie-urilor\/"]}]},{"@type":"BreadcrumbList","@id":"https:\/\/pistonaddict.com\/ro\/gestionarea-cookie-urilor\/#breadcrumb","itemListElement":[{"@type":"ListItem","position":1,"name":"Pagina principala","item":"https:\/\/pistonaddict.com\/ro\/pagina-de-start\/"},{"@type":"ListItem","position":2,"name":"Gestionarea cookie-urilor"}]},{"@type":"WebSite","@id":"https:\/\/pistonaddict.com\/ro\/#website","url":"https:\/\/pistonaddict.com\/ro\/","name":"Piston Addict","description":"Only interesting vehicles","publisher":{"@id":"https:\/\/pistonaddict.com\/ro\/#organization"},"potentialAction":[{"@type":"SearchAction","target":{"@type":"EntryPoint","urlTemplate":"https:\/\/pistonaddict.com\/ro\/?s={search_term_string}"},"query-input":"required name=search_term_string"}],"inLanguage":"ro-RO"},{"@type":"Organization","@id":"https:\/\/pistonaddict.com\/ro\/#organization","name":"Piston Addict","url":"https:\/\/pistonaddict.com\/ro\/","logo":{"@type":"ImageObject","inLanguage":"ro-RO","@id":"https:\/\/pistonaddict.com\/ro\/#\/schema\/logo\/image\/","url":"https:\/\/pistonaddict.com\/wp-content\/uploads\/2022\/07\/logo-6.png","contentUrl":"https:\/\/pistonaddict.com\/wp-content\/uploads\/2022\/07\/logo-6.png","width":970,"height":200,"caption":"Piston Addict"},"image":{"@id":"https:\/\/pistonaddict.com\/ro\/#\/schema\/logo\/image\/"}}]}},"_links":{"self":[{"href":"https:\/\/pistonaddict.com\/ro\/wp-json\/wp\/v2\/pages\/3033"}],"collection":[{"href":"https:\/\/pistonaddict.com\/ro\/wp-json\/wp\/v2\/pages"}],"about":[{"href":"https:\/\/pistonaddict.com\/ro\/wp-json\/wp\/v2\/types\/page"}],"author":[{"embeddable":true,"href":"https:\/\/pistonaddict.com\/ro\/wp-json\/wp\/v2\/users\/1"}],"replies":[{"embeddable":true,"href":"https:\/\/pistonaddict.com\/ro\/wp-json\/wp\/v2\/comments?post=3033"}],"version-history":[{"count":4,"href":"https:\/\/pistonaddict.com\/ro\/wp-json\/wp\/v2\/pages\/3033\/revisions"}],"predecessor-version":[{"id":15942,"href":"https:\/\/pistonaddict.com\/ro\/wp-json\/wp\/v2\/pages\/3033\/revisions\/15942"}],"wp:attachment":[{"href":"https:\/\/pistonaddict.com\/ro\/wp-json\/wp\/v2\/media?parent=3033"}],"curies":[{"name":"wp","href":"https:\/\/api.w.org\/{rel}","templated":true}]}}