{"id":2988,"date":"2022-04-29T11:18:49","date_gmt":"2022-04-29T09:18:49","guid":{"rendered":"https:\/\/pistonaddict.com\/expediere\/"},"modified":"2022-05-04T18:00:05","modified_gmt":"2022-05-04T16:00:05","slug":"expediere","status":"publish","type":"page","link":"https:\/\/pistonaddict.com\/ro\/expediere\/","title":{"rendered":"Expediere"},"content":{"rendered":"\t\t<div data-elementor-type=\"wp-page\" data-elementor-id=\"2988\" class=\"elementor elementor-2988 elementor-333\">\n\t\t\t\t\t\t<section class=\"elementor-section elementor-top-section elementor-element elementor-element-eb8a04d elementor-section-boxed elementor-section-height-default elementor-section-height-default\" data-id=\"eb8a04d\" data-element_type=\"section\">\n\t\t\t\t\t\t<div class=\"elementor-container elementor-column-gap-default\">\n\t\t\t\t\t<div class=\"elementor-column elementor-col-100 elementor-top-column elementor-element elementor-element-43edc4e\" data-id=\"43edc4e\" data-element_type=\"column\">\n\t\t\t<div class=\"elementor-widget-wrap elementor-element-populated\">\n\t\t\t\t\t\t<div class=\"elementor-element elementor-element-d78828a elementor-widget elementor-widget-text-editor\" data-id=\"d78828a\" data-element_type=\"widget\" data-widget_type=\"text-editor.default\">\n\t\t\t\t<div class=\"elementor-widget-container\">\n\t\t\t<style>\/*! elementor - v3.21.0 - 18-04-2024 *\/\n.elementor-widget-text-editor.elementor-drop-cap-view-stacked .elementor-drop-cap{background-color:#69727d;color:#fff}.elementor-widget-text-editor.elementor-drop-cap-view-framed .elementor-drop-cap{color:#69727d;border:3px solid;background-color:transparent}.elementor-widget-text-editor:not(.elementor-drop-cap-view-default) .elementor-drop-cap{margin-top:8px}.elementor-widget-text-editor:not(.elementor-drop-cap-view-default) .elementor-drop-cap-letter{width:1em;height:1em}.elementor-widget-text-editor .elementor-drop-cap{float:left;text-align:center;line-height:1;font-size:50px}.elementor-widget-text-editor .elementor-drop-cap-letter{display:inline-block}<\/style>\t\t\t\t\n          <h1>\n            <strong>TRANSPORTUL VEHICULULUI DVS<\/strong>\n          <\/h1>\n          <h2>\n            <strong>CUM S\u0102 TRANSPORTA\u021aI VEHICULUL?<\/strong>\n          <\/h2>\n          <p>Ave\u021bi la dispozi\u021bie mai multe solu\u021bii dac\u0103 dori\u021bi s\u0103 v\u0103 transporta\u021bi vehiculul.<\/p>\n          <p>O po\u021bi face pe cont propriu sau po\u021bi folosi servicii profesionale de transport precum remorcare, transport, transport cu platform\u0103 sau cu camioane sau \u00een cele din urm\u0103 transport maritim.<\/p>\n          <h3>\n            <strong>1- Tractarea vehiculului<\/strong>\n          <\/h3>\n          <p>Acest tip de transport este potrivit pentru distan\u021be scurte, la vitez\u0103 mic\u0103. Pentru a v\u0103 remorca vehiculul, va trebui s\u0103:<\/p>\n          <ul>\n            <li>Utiliza\u021bi o bar\u0103 de trac\u021biuni aprobat\u0103 pentru siguran\u021b\u0103 maxim\u0103;<\/li>\n            <li>S\u0103 fie \u00eenso\u021bit de un \u0219ofer \u00een vehiculul remorcat;<\/li>\n            <li>Conduce\u021bi cu maxim 50 km\/h \u0219i folosi\u021bi numai axele secundare;<\/li>\n            <li>Furniza\u021bi un vehicul de remorcare mai greu dec\u00e2t vehiculul remorcat;<\/li>\n            <li>Folose\u0219te avertismentele, fii atent \u0219i adopt\u0103 un stil de condus flexibil.<\/li>\n          <\/ul>\n          <h2> <\/h2>\n          <h3>\n            <strong>2- Transporta\u021bi un vehicul pe o platform\u0103<\/strong>\n          <\/h3>\n          <p>Aceast\u0103 op\u021biune este potrivit\u0103 pentru a v\u0103 transporta vehiculul pe distan\u021be lungi \u00een deplin\u0103 siguran\u021b\u0103. Pute\u021bi alege s\u0103 v\u0103 transporta\u021bi vehiculul pe un camion cu platform\u0103, de preferin\u021b\u0103 acoperit, pentru a proteja caroseria \u00een timpul transportului.<\/p>\n          <h3>\n            <strong>3- Transport vehicul cu camion<\/strong>\n          <\/h3>\n          <p>Acesta este acela\u0219i principiu ca \u0219i transportul cu un camion cu platform\u0103, dar \u00een acest caz vehiculul dumneavoastr\u0103 este transportat \u00een remorca camionului. Aceast\u0103 alternativ\u0103 este posibil\u0103 chiar dac\u0103 ai un singur vehicul de transportat. Aceast\u0103 op\u021biune este economic\u0103; cei mai buni juc\u0103tori de pe pia\u021b\u0103 ofer\u0103 termene de livrare de una p\u00e2n\u0103 la dou\u0103 s\u0103pt\u0103m\u00e2ni de la preluarea comenzii p\u00e2n\u0103 la livrare.<\/p>\n          <h3>\n            <strong>4- Transportul vehiculului<\/strong>\n          <\/h3>\n          <p>Pentru ca transportul s\u0103 fie posibil, vehiculul trebuie s\u0103 fie mobil, \u00een stare bun\u0103 de func\u021bionare \u0219i bine \u00eentre\u021binut. Un transportor este alocat nevoilor dumneavoastr\u0103 \u0219i conduce vehiculul de la plecare la destina\u021bie.<\/p>\n          <p>Este o alternativa rapida fara a trece prin diferite platforme de incarcare sau descarcare dar mai scumpa.<\/p>\n          <h3>\n            <strong>5- Transport maritim<\/strong>\n          <\/h3>\n          <p>Transportul de ma\u0219ini cu nava ro-ro (sau RO-RO) reprezint\u0103 o mare majoritate a transportului maritim pentru vehicule. Vehiculele sunt parcate acolo pe durata transportului. Este cel mai economic \u0219i uneori cel mai rapid mod de transport auto.<\/p>\n          <p>Folosirea unui agent de transport maritim este adesea obligatorie pentru a putea trimite un vehicul \u00eentr-o \u021bar\u0103 str\u0103in\u0103. Aceasta se va ocupa de procedurile administrative la portul de plecare, dar \u0219i la portul de sosire.<\/p>\n          <h2>\n            <strong>CARE SUNT DOCUMENTELE TREBUIE FURNIZATE PENTRU A TRIMITE VEHICULUL DVS. PE INTERNA\u021aIONAL?<\/strong>\n          <\/h2>\n          <ul>\n            <li>Factura de cump\u0103rare a vehiculului;<\/li>\n            <li>O copie a actului de identitate;<\/li>\n            <li>Actul de inmatriculare al vehiculului;<\/li>\n            <li>certificatul de transfer;<\/li>\n            <li>Certificatul de non-gaj;<\/li>\n            <li>Certificatul de valoare completat \u0219i semnat ( <strong><a href=\"https:\/\/pistonaddict.com\/wp-content\/uploads\/2022\/05\/Attestation-de-valeur-vehicule.pdf\" target=\"_blank\" rel=\"noopener\"><u>desc\u0103rca\u021bi-l<\/u><\/a><\/strong> ).<\/li>\n          <\/ul>\n          <p>\u00cen func\u021bie de \u021bara de destina\u021bie, pot fi necesare alte documente. Nu uita\u021bi s\u0103 \u00eentreba\u021bi transportatorul dumneavoastr\u0103 dac\u0103 taxele, taxele \u0219i taxele de v\u0103muire sunt incluse \u00een cota\u021bia prezentat\u0103.<\/p>\n          <h2>\n            <strong>C\u00c2T COSTA TRIMITEA UNUI VEHICUL \u00ceN INTERNA\u021aIONAL?<\/strong>\n          <\/h2>\n          <p>Tarifele variaz\u0103 \u00een mod natural de la un transportator la altul: pentru a calcula costurile de transport sunt luate \u00een considerare mai multe elemente de c\u0103tre compania de transport auto:<\/p>\n          <ul>\n            <li>tipul vehiculului;<\/li>\n            <li>Modul de transport;<\/li>\n            <li>Distan\u021ba dintre cele dou\u0103 \u021b\u0103ri;<\/li>\n            <li>Termenul limit\u0103 pentru trimitere \u0219i perioada anului.<\/li>\n          <\/ul>\n          <p>Ve\u021bi r\u0103m\u00e2ne responsabil pentru asigurarea de transport, care v\u0103 va fi oferit\u0103 de c\u0103tre compania de transport, precum \u0219i pentru taxele \u0219i taxele vamale care trebuie pl\u0103tite.<\/p>\n          <p>Transportul terestru este cel mai practic mod de a trimite un vehicul, mai ales \u00eentre \u021b\u0103rile limitrofe. Transportul maritim are avantajul de a fi economic, dar mai lent.<\/p>\n          <h2>\n            <strong>SFAT PISTON DEDICT<\/strong>\n          <\/h2>\n          <p>Acum c\u0103 \u0219tii tot ce trebuie s\u0103 \u0219tii despre transportul autovehiculelor, iat\u0103 c\u00e2teva sfaturi care sunt \u00eentotdeauna bine de urmat, \u00eenainte de a-\u021bi \u00eencredin\u021ba vehiculul companiei de transport alese:<\/p>\n          <ul>\n            <li>Dezactiva\u021bi alarma dac\u0103 exist\u0103, pentru a preveni declan\u0219area acesteia \u00een timpul transportului;<\/li>\n            <li>\u00cenc\u0103rca\u021bi bateria la maximum, astfel \u00eenc\u00e2t s\u0103 nu se descarce complet \u00een timpul transportului;<\/li>\n            <li>Goli\u021bi rezervorul de combustibil pe c\u00e2t posibil, ca m\u0103sur\u0103 de siguran\u021b\u0103;<\/li>\n            <li>Ave\u021bi grij\u0103 s\u0103 nu l\u0103sa\u021bi niciun obiect \u00een vehicul;<\/li>\n            <li>P\u0103stra\u021bi dovezi ale st\u0103rii vehiculului \u00eenainte de a-l preda transportatorului;<\/li>\n            <li>\u00cencheia\u021bi o asigurare pentru a avea o garan\u021bie de returnare a banilor \u00een cazul unei probleme \u00een timpul transportului;<\/li>\n            <li>P\u0103stra\u021bi originalele certificatului de \u00eenmatriculare a vehiculului, certificatului de proprietate \u0219i certificatului de negaj;<\/li>\n            <li>P\u0103stra\u021bi cheile vehiculului de rezerv\u0103 cu dvs. \u0218i mai presus de toate, nu uita\u021bi s\u0103 trimite\u021bi cheile duplicate odat\u0103 ce vehiculul a fost primit de c\u0103tre cump\u0103r\u0103tor.<\/li>\n          <\/ul>\n          <p> <\/p>\n          <h2>\n            <strong>Recomand\u0103rile noastre cu camionul<\/strong>\n          <\/h2>\n          <ul>\n            <li><em><strong>Germania \u2013 Austria \u2013 Belgia \u2013 Spania \u2013 Fran\u021ba \u2013 Italia \u2013 \u021a\u0103rile de Jos \u2013 Portugalia \u2013 Elve\u021bia \u2013 Marea Britanie<\/strong> :<\/em> Interna\u021bional: <a href=\"https:\/\/www.eurosender.com\/en\/vt\/vehicle-transport\/car\" target=\"_blank\" rel=\"noopener\">Eurosender<\/a> , <a href=\"https:\/\/www.shiply.com\/vehicle-delivery\/car-transport-to-europe.php\" target=\"_blank\" rel=\"noopener\">Shiply<\/a><\/li>\n            <li><strong><em>Fran\u021ba:<\/em><\/strong> Na\u021bional: <a href=\"https:\/\/disposeo.com\/\" target=\"_blank\" rel=\"noopener\">Disposeo<\/a> , <a href=\"https:\/\/www.hiflow.com\/particulier\" target=\"_blank\" rel=\"noopener\">Hiflow<\/a><\/li>\n          <\/ul>\n          <h2>\n            <strong>Recomand\u0103rile noastre pe mare<\/strong>\n          <\/h2>\n          <ul>\n            <li><a href=\"https:\/\/cfrrinkens.com\/rate-request\/\" target=\"_blank\" rel=\"noopener\">CFR Rinkens<\/a> , <a href=\"https:\/\/www.carseurope.net\/international-car-transportation-quote\/\" target=\"_blank\" rel=\"noopener\">CARS<\/a><\/li>\n          <\/ul>\n        \t\t\t\t\t\t<\/div>\n\t\t\t\t<\/div>\n\t\t\t\t\t<\/div>\n\t\t<\/div>\n\t\t\t\t\t<\/div>\n\t\t<\/section>\n\t\t\t\t<\/div>\n\t\t","protected":false},"excerpt":{"rendered":"<p>TRANSPORTUL VEHICULULUI DVS CUM S\u0102 TRANSPORTA\u021aI VEHICULUL? Ave\u021bi la dispozi\u021bie mai multe solu\u021bii dac\u0103 dori\u021bi s\u0103 v\u0103 transporta\u021bi vehiculul. O po\u021bi face pe cont propriu sau po\u021bi folosi servicii profesionale de transport precum remorcare, transport, transport cu platform\u0103 sau cu camioane sau \u00een cele din urm\u0103 transport maritim. 1- Tractarea vehiculului Acest tip de transport &#8230; <a title=\"Expediere\" class=\"read-more\" href=\"https:\/\/pistonaddict.com\/ro\/expediere\/\">Cite\u0219te mai mult<span class=\"screen-reader-text\">Expediere<\/span><\/a><\/p>\n","protected":false},"author":1,"featured_media":0,"parent":0,"menu_order":0,"comment_status":"closed","ping_status":"closed","template":"","meta":{"inline_featured_image":false,"footnotes":""},"acf":[],"yoast_head":"<!-- This site is optimized with the Yoast SEO plugin v22.5 - https:\/\/yoast.com\/wordpress\/plugins\/seo\/ -->\n<title>Expediere - Piston Addict<\/title>\n<meta name=\"robots\" content=\"index, follow, max-snippet:-1, max-image-preview:large, max-video-preview:-1\" \/>\n<link rel=\"canonical\" href=\"https:\/\/pistonaddict.com\/ro\/expediere\/\" \/>\n<meta property=\"og:locale\" content=\"ro_RO\" \/>\n<meta property=\"og:type\" content=\"article\" \/>\n<meta property=\"og:title\" content=\"Expediere - Piston Addict\" \/>\n<meta property=\"og:description\" content=\"TRANSPORTUL VEHICULULUI DVS CUM S\u0102 TRANSPORTA\u021aI VEHICULUL? Ave\u021bi la dispozi\u021bie mai multe solu\u021bii dac\u0103 dori\u021bi s\u0103 v\u0103 transporta\u021bi vehiculul. O po\u021bi face pe cont propriu sau po\u021bi folosi servicii profesionale de transport precum remorcare, transport, transport cu platform\u0103 sau cu camioane sau \u00een cele din urm\u0103 transport maritim. 1- Tractarea vehiculului Acest tip de transport ... Cite\u0219te mai multExpediere\" \/>\n<meta property=\"og:url\" content=\"https:\/\/pistonaddict.com\/ro\/expediere\/\" \/>\n<meta property=\"og:site_name\" content=\"Piston Addict\" \/>\n<meta property=\"article:modified_time\" content=\"2022-05-04T16:00:05+00:00\" \/>\n<meta name=\"twitter:card\" content=\"summary_large_image\" \/>\n<meta name=\"twitter:label1\" content=\"Timp estimat pentru citire\" \/>\n\t<meta name=\"twitter:data1\" content=\"4 minute\" \/>\n<script type=\"application\/ld+json\" class=\"yoast-schema-graph\">{\"@context\":\"https:\/\/schema.org\",\"@graph\":[{\"@type\":\"WebPage\",\"@id\":\"https:\/\/pistonaddict.com\/ro\/expediere\/\",\"url\":\"https:\/\/pistonaddict.com\/ro\/expediere\/\",\"name\":\"Expediere - Piston Addict\",\"isPartOf\":{\"@id\":\"https:\/\/pistonaddict.com\/ro\/#website\"},\"datePublished\":\"2022-04-29T09:18:49+00:00\",\"dateModified\":\"2022-05-04T16:00:05+00:00\",\"breadcrumb\":{\"@id\":\"https:\/\/pistonaddict.com\/ro\/expediere\/#breadcrumb\"},\"inLanguage\":\"ro-RO\",\"potentialAction\":[{\"@type\":\"ReadAction\",\"target\":[\"https:\/\/pistonaddict.com\/ro\/expediere\/\"]}]},{\"@type\":\"BreadcrumbList\",\"@id\":\"https:\/\/pistonaddict.com\/ro\/expediere\/#breadcrumb\",\"itemListElement\":[{\"@type\":\"ListItem\",\"position\":1,\"name\":\"Pagina principala\",\"item\":\"https:\/\/pistonaddict.com\/ro\/pagina-de-start\/\"},{\"@type\":\"ListItem\",\"position\":2,\"name\":\"Expediere\"}]},{\"@type\":\"WebSite\",\"@id\":\"https:\/\/pistonaddict.com\/ro\/#website\",\"url\":\"https:\/\/pistonaddict.com\/ro\/\",\"name\":\"Piston Addict\",\"description\":\"Only interesting vehicles\",\"publisher\":{\"@id\":\"https:\/\/pistonaddict.com\/ro\/#organization\"},\"potentialAction\":[{\"@type\":\"SearchAction\",\"target\":{\"@type\":\"EntryPoint\",\"urlTemplate\":\"https:\/\/pistonaddict.com\/ro\/?s={search_term_string}\"},\"query-input\":\"required name=search_term_string\"}],\"inLanguage\":\"ro-RO\"},{\"@type\":\"Organization\",\"@id\":\"https:\/\/pistonaddict.com\/ro\/#organization\",\"name\":\"Piston Addict\",\"url\":\"https:\/\/pistonaddict.com\/ro\/\",\"logo\":{\"@type\":\"ImageObject\",\"inLanguage\":\"ro-RO\",\"@id\":\"https:\/\/pistonaddict.com\/ro\/#\/schema\/logo\/image\/\",\"url\":\"https:\/\/pistonaddict.com\/wp-content\/uploads\/2022\/07\/logo-6.png\",\"contentUrl\":\"https:\/\/pistonaddict.com\/wp-content\/uploads\/2022\/07\/logo-6.png\",\"width\":970,\"height\":200,\"caption\":\"Piston Addict\"},\"image\":{\"@id\":\"https:\/\/pistonaddict.com\/ro\/#\/schema\/logo\/image\/\"}}]}<\/script>\n<!-- \/ Yoast SEO plugin. -->","yoast_head_json":{"title":"Expediere - Piston Addict","robots":{"index":"index","follow":"follow","max-snippet":"max-snippet:-1","max-image-preview":"max-image-preview:large","max-video-preview":"max-video-preview:-1"},"canonical":"https:\/\/pistonaddict.com\/ro\/expediere\/","og_locale":"ro_RO","og_type":"article","og_title":"Expediere - Piston Addict","og_description":"TRANSPORTUL VEHICULULUI DVS CUM S\u0102 TRANSPORTA\u021aI VEHICULUL? Ave\u021bi la dispozi\u021bie mai multe solu\u021bii dac\u0103 dori\u021bi s\u0103 v\u0103 transporta\u021bi vehiculul. O po\u021bi face pe cont propriu sau po\u021bi folosi servicii profesionale de transport precum remorcare, transport, transport cu platform\u0103 sau cu camioane sau \u00een cele din urm\u0103 transport maritim. 1- Tractarea vehiculului Acest tip de transport ... Cite\u0219te mai multExpediere","og_url":"https:\/\/pistonaddict.com\/ro\/expediere\/","og_site_name":"Piston Addict","article_modified_time":"2022-05-04T16:00:05+00:00","twitter_card":"summary_large_image","twitter_misc":{"Timp estimat pentru citire":"4 minute"},"schema":{"@context":"https:\/\/schema.org","@graph":[{"@type":"WebPage","@id":"https:\/\/pistonaddict.com\/ro\/expediere\/","url":"https:\/\/pistonaddict.com\/ro\/expediere\/","name":"Expediere - Piston Addict","isPartOf":{"@id":"https:\/\/pistonaddict.com\/ro\/#website"},"datePublished":"2022-04-29T09:18:49+00:00","dateModified":"2022-05-04T16:00:05+00:00","breadcrumb":{"@id":"https:\/\/pistonaddict.com\/ro\/expediere\/#breadcrumb"},"inLanguage":"ro-RO","potentialAction":[{"@type":"ReadAction","target":["https:\/\/pistonaddict.com\/ro\/expediere\/"]}]},{"@type":"BreadcrumbList","@id":"https:\/\/pistonaddict.com\/ro\/expediere\/#breadcrumb","itemListElement":[{"@type":"ListItem","position":1,"name":"Pagina principala","item":"https:\/\/pistonaddict.com\/ro\/pagina-de-start\/"},{"@type":"ListItem","position":2,"name":"Expediere"}]},{"@type":"WebSite","@id":"https:\/\/pistonaddict.com\/ro\/#website","url":"https:\/\/pistonaddict.com\/ro\/","name":"Piston Addict","description":"Only interesting vehicles","publisher":{"@id":"https:\/\/pistonaddict.com\/ro\/#organization"},"potentialAction":[{"@type":"SearchAction","target":{"@type":"EntryPoint","urlTemplate":"https:\/\/pistonaddict.com\/ro\/?s={search_term_string}"},"query-input":"required name=search_term_string"}],"inLanguage":"ro-RO"},{"@type":"Organization","@id":"https:\/\/pistonaddict.com\/ro\/#organization","name":"Piston Addict","url":"https:\/\/pistonaddict.com\/ro\/","logo":{"@type":"ImageObject","inLanguage":"ro-RO","@id":"https:\/\/pistonaddict.com\/ro\/#\/schema\/logo\/image\/","url":"https:\/\/pistonaddict.com\/wp-content\/uploads\/2022\/07\/logo-6.png","contentUrl":"https:\/\/pistonaddict.com\/wp-content\/uploads\/2022\/07\/logo-6.png","width":970,"height":200,"caption":"Piston Addict"},"image":{"@id":"https:\/\/pistonaddict.com\/ro\/#\/schema\/logo\/image\/"}}]}},"_links":{"self":[{"href":"https:\/\/pistonaddict.com\/ro\/wp-json\/wp\/v2\/pages\/2988"}],"collection":[{"href":"https:\/\/pistonaddict.com\/ro\/wp-json\/wp\/v2\/pages"}],"about":[{"href":"https:\/\/pistonaddict.com\/ro\/wp-json\/wp\/v2\/types\/page"}],"author":[{"embeddable":true,"href":"https:\/\/pistonaddict.com\/ro\/wp-json\/wp\/v2\/users\/1"}],"replies":[{"embeddable":true,"href":"https:\/\/pistonaddict.com\/ro\/wp-json\/wp\/v2\/comments?post=2988"}],"version-history":[{"count":2,"href":"https:\/\/pistonaddict.com\/ro\/wp-json\/wp\/v2\/pages\/2988\/revisions"}],"predecessor-version":[{"id":4209,"href":"https:\/\/pistonaddict.com\/ro\/wp-json\/wp\/v2\/pages\/2988\/revisions\/4209"}],"wp:attachment":[{"href":"https:\/\/pistonaddict.com\/ro\/wp-json\/wp\/v2\/media?parent=2988"}],"curies":[{"name":"wp","href":"https:\/\/api.w.org\/{rel}","templated":true}]}}