{"id":2905,"date":"2022-04-29T11:18:33","date_gmt":"2022-04-29T09:18:33","guid":{"rendered":"https:\/\/pistonaddict.com\/aviz-juridic\/"},"modified":"2024-10-26T08:17:36","modified_gmt":"2024-10-26T06:17:36","slug":"aviz-juridic","status":"publish","type":"page","link":"https:\/\/pistonaddict.com\/ro\/aviz-juridic\/","title":{"rendered":"Aviz juridic"},"content":{"rendered":"\t\t<div data-elementor-type=\"wp-page\" data-elementor-id=\"2905\" class=\"elementor elementor-2905 elementor-2848\">\n\t\t\t\t\t\t<section class=\"elementor-section elementor-top-section elementor-element elementor-element-4eb0e23 elementor-section-boxed elementor-section-height-default elementor-section-height-default\" data-id=\"4eb0e23\" data-element_type=\"section\">\n\t\t\t\t\t\t<div class=\"elementor-container elementor-column-gap-default\">\n\t\t\t\t\t<div class=\"elementor-column elementor-col-100 elementor-top-column elementor-element elementor-element-229cbe5\" data-id=\"229cbe5\" data-element_type=\"column\">\n\t\t\t<div class=\"elementor-widget-wrap elementor-element-populated\">\n\t\t\t\t\t\t<div class=\"elementor-element elementor-element-2af4966 elementor-widget elementor-widget-text-editor\" data-id=\"2af4966\" data-element_type=\"widget\" data-widget_type=\"text-editor.default\">\n\t\t\t\t<div class=\"elementor-widget-container\">\n\t\t\t<style>\/*! elementor - v3.21.0 - 18-04-2024 *\/\n.elementor-widget-text-editor.elementor-drop-cap-view-stacked .elementor-drop-cap{background-color:#69727d;color:#fff}.elementor-widget-text-editor.elementor-drop-cap-view-framed .elementor-drop-cap{color:#69727d;border:3px solid;background-color:transparent}.elementor-widget-text-editor:not(.elementor-drop-cap-view-default) .elementor-drop-cap{margin-top:8px}.elementor-widget-text-editor:not(.elementor-drop-cap-view-default) .elementor-drop-cap-letter{width:1em;height:1em}.elementor-widget-text-editor .elementor-drop-cap{float:left;text-align:center;line-height:1;font-size:50px}.elementor-widget-text-editor .elementor-drop-cap-letter{display:inline-block}<\/style>\t\t\t\t<h2><strong>PREZENTARE SITE WEB<\/strong><\/h2>\n<p>\u00cen conformitate cu articolul 6 din Legea nr. 2004-575 din 21 iunie 2004 privind \u00eencrederea \u00een economia digital\u0103 \u0219i \u00een aplicarea <strong>Regulamentului<\/strong> <strong>general privind protec\u021bia datelor<\/strong> [Regulamentul (UE) 2016\/679], se specific\u0103 utilizatorilor site-ului: https:\/\/www.pistonaddict.com, identitatea diferitelor p\u0103r\u021bi interesate \u00een contextul realiz\u0103rii \u0219i monitoriz\u0103rii sale.<\/p>\n<ul>\n<li><strong>Proprietar:<\/strong> <strong>Piston Addict SA<\/strong><\/li>\n<li>SA cu un capital social de 400 000 CHF<\/li>\n<li>Num\u0103rul IDE: CHE-354.351.695<\/li>\n<li>Num\u0103r de TVA : CHE-354.351.695TVA \u0219i EU528667635 (num\u0103r OSS non-UE)<\/li>\n<li>Birou : Rue Alexandre Gavard 16, 1227 Carouge,&nbsp; Elve\u021bia<\/li>\n<li>Telefon : 00 41 22 342 342 03 55<\/li>\n<\/ul>\n<ul>\n<li><strong>Creator\/Webmaster: KUBIWEB<\/strong><\/li>\n<li>SAS cu un capital social de 21 320 \u20ac.<\/li>\n<li>Num\u0103r SIRET: 53018964600025<\/li>\n<li>Sediul central: 46-48 Chemin de la Bruy\u00e8re &#8211; 69570 DARDILLY<\/li>\n<\/ul>\n<ul>\n<li><strong>Gazd\u0103: HOSTINGER<\/strong><\/li>\n<li>Sediul central: HOSTINGER INTERNATIONAL LTD, 61 Lordou Vironos Street, 6023 Larnaca, Cipru.<\/li>\n<li>Contact: <a href=\"https:\/\/www.hostinger.fr\/contact\" target=\"_blank\" rel=\"noopener\">https:\/\/www.hostinger.fr\/contact<\/a><\/li>\n<\/ul>\n\n<ul>\n<li>E-mail : <a href=\"https:\/\/pistonaddict.com\/ro\/contacteaza-ne\/\">Formular de contact<\/a><\/li>\n<\/ul>\n<p>Activit\u0103\u021bile Piston Addict au loc \u00een \u00eentreaga lume, cu accent pe Europa, cu excep\u021bia Regatului Unit \u0219i a Irlandei.&nbsp;<\/p>\n<p><\/p>\n<h2><strong>CONDI\u021aII GENERALE DE UTILIZARE A SITE-ULUI \u0218I A SERVICIILOR OFERITE<\/strong><\/h2>\n<p>Utilizarea site-ului https:\/\/www.pistonaddict.com implic\u0103 acceptarea deplin\u0103 a condi\u021biilor generale de utilizare descrise mai jos. Aceste condi\u021bii de utilizare pot fi modificate sau completate \u00een orice moment, utilizatorii site-ului https:\/\/www.pistonaddict.com sunt invita\u021bi s\u0103 le consulte \u00een mod regulat.<\/p>\n<p>\u00cen mod normal, acest site este accesibil utilizatorilor \u00een orice moment. O \u00eentrerupere din cauza unei \u00eentre\u021bineri tehnice poate fi totu\u0219i decis\u0103 de <strong>Piston Addict<\/strong>, care se va str\u0103dui atunci s\u0103 comunice utilizatorilor \u00eenainte de data \u0219i ora interven\u021biei.<\/p>\n<p>Site-ul https:\/\/www.pistonaddict.com este actualizat periodic de c\u0103tre <strong>Piston Addict<\/strong>. \u00cen acela\u0219i mod, men\u021biunile legale pot fi modificate \u00een orice moment: ele se impun totu\u0219i utilizatorului, care este invitat s\u0103 le consulte c\u00e2t mai des posibil pentru a se familiariza cu ele.<\/p>\n<h2>&nbsp;<\/h2>\n<h2><strong>DESCRIEREA SERVICIILOR FURNIZATE<\/strong><\/h2>\n<p>Scopul site-ului https:\/\/www.pistonaddict.com este de a oferi informa\u021bii despre toate activit\u0103\u021bile companiei. <strong>Piston Addict<\/strong> se str\u0103duie\u0219te s\u0103 ofere pe site-ul https:\/\/www.pistonaddict.com informa\u021bii c\u00e2t mai exacte.<\/p>\n<p>Cu toate acestea, nu poate fi tras\u0103 la r\u0103spundere pentru omisiunile, inexactit\u0103\u021bile \u0219i deficien\u021bele din actualizare, fie de c\u0103tre ea \u00eens\u0103\u0219i, fie de c\u0103tre partenerii ter\u021bi care \u00eei furnizeaz\u0103 aceste informa\u021bii.<\/p>\n<p>Toate informa\u021biile indicate pe site-ul https:\/\/www.pistonaddict.com sunt date cu titlu indicativ \u0219i sunt susceptibile de a evolua. \u00cen plus, informa\u021biile de pe site-ul https:\/\/www.pistonaddict.com nu sunt exhaustive. Acestea sunt oferite sub rezerva modific\u0103rilor care au fost aduse de c\u00e2nd au fost puse online.<\/p>\n<h2>&nbsp;<\/h2>\n<h2><strong>LIMIT\u0102RI CONTRACTUALE PRIVIND DATELE TEHNICE<\/strong><\/h2>\n<p>Site-ul utilizeaz\u0103 tehnologia JavaScript.<\/p>\n<p>Site-ul nu poate fi considerat responsabil pentru daune materiale legate de utilizarea site-ului. \u00cen plus, utilizatorul site-ului este de acord s\u0103 acceseze site-ul folosind echipamente recente, care nu con\u021bin viru\u0219i \u0219i cu un browser actualizat de ultim\u0103 genera\u021bie.<\/p>\n<h2>&nbsp;<\/h2>\n<h2><strong>PROPRIETATEA INTELECTUAL\u0102 \u0218I \u00ceNC\u0102LC\u0102RILE<\/strong><\/h2>\n<p><strong>Piston Addict<\/strong> este titularul drepturilor de proprietate intelectual\u0103 sau de\u021bine drepturile de utilizare a tuturor elementelor accesibile pe site, \u00een special textele, imaginile, grafica, logo-ul, pictogramele, pictogramele, sunetele, software-ul.<\/p>\n<p>Orice reproducere, reprezentare, modificare, publicare, adaptare a tuturor sau a unei p\u0103r\u021bi din elementele site-ului, indiferent de mijloacele sau procedeele utilizate, este interzis\u0103, cu excep\u021bia autoriza\u021biei prealabile scrise a <strong>Piston Addict<\/strong>.<\/p>\n<p>Orice utilizare neautorizat\u0103 a site-ului sau a oric\u0103ruia dintre elementele pe care acesta le con\u021bine va fi considerat\u0103 ca reprezent\u00e2nd o contrafacere \u0219i va fi urm\u0103rit\u0103 \u00een conformitate cu dispozi\u021biile articolelor L.335-2 \u0219i urm\u0103toarele din Codul propriet\u0103\u021bii intelectuale.<\/p>\n<h2>&nbsp;<\/h2>\n<h2><strong>LIMIT\u0102RI DE R\u0102SPUNDERE<\/strong><\/h2>\n<p><strong>Piston Addict<\/strong> nu poate fi tras la r\u0103spundere pentru daunele directe sau indirecte cauzate echipamentului utilizatorului, atunci c\u00e2nd acesta acceseaz\u0103 site-ul https:\/\/www.pistonaddict.com, \u0219i care rezult\u0103 fie din utilizarea unui echipament care nu respect\u0103 specifica\u021biile indicate la punctul 4, fie din apari\u021bia unui bug sau a unei incompatibilit\u0103\u021bi.<\/p>\n<p><strong>Piston Addict<\/strong> nu poate fi, de asemenea, tras la r\u0103spundere pentru daune indirecte (cum ar fi pierderea pie\u021bei sau pierderea unei oportunit\u0103\u021bi) care rezult\u0103 din utilizarea site-ului https:\/\/www.pistonaddict.com. Utilizatorii au la dispozi\u021bie spa\u021bii interactive (posibilitatea de a pune \u00eentreb\u0103ri \u00een spa\u021biul de contact).<\/p>\n<p><strong>Piston Addict<\/strong> \u00ee\u0219i rezerv\u0103 dreptul de a \u0219terge, f\u0103r\u0103 notificare prealabil\u0103, orice con\u021binut postat \u00een acest spa\u021biu care ar contraveni legisla\u021biei aplicabile \u00een Fran\u021ba, \u00een special dispozi\u021biile referitoare la protec\u021bia datelor.<\/p>\n<p>Dac\u0103 este cazul, <strong>Piston Addict<\/strong> \u00ee\u0219i rezerv\u0103, de asemenea, dreptul de a pune \u00een discu\u021bie r\u0103spunderea civil\u0103 \u0219i\/sau penal\u0103 a utilizatorului, \u00een special \u00een cazul unui mesaj rasist, abuziv, def\u0103im\u0103tor sau pornografic, indiferent de suportul utilizat (text, fotografie etc.).<\/p>\n<h2>&nbsp;<\/h2>\n<h2><strong>GESTIONAREA DATELOR CU CARACTER PERSONAL<\/strong><\/h2>\n<p>\u00cen Fran\u021ba, datele cu caracter personal sunt protejate \u00een special de legea nr. 78-87 din 6 ianuarie 1978, de legea nr. 2004-801 din 6 august 2004, de articolul L. 226-13 din Codul penal \u0219i de Directiva european\u0103 din 24 octombrie 1995, precum \u0219i de Regulamentul (UE) 2016\/679 al Parlamentului European \u0219i al Consiliului din 27 aprilie 2016.<\/p>\n<p>Atunci c\u00e2nd se utilizeaz\u0103 site-ul https:\/\/www.pistonaddict.com, pot fi colectate urm\u0103toarele date: URL-ul linkurilor prin care utilizatorul a accesat site-ul https:\/\/www.pistonaddict.com , furnizorul de servicii de internet al utilizatorului, adresa de protocol internet (IP) a utilizatorului.<\/p>\n<p>\u00cen orice caz, <strong>Piston Addict<\/strong> colecteaz\u0103 informa\u021bii personale referitoare la utilizator doar pentru a avea nevoie de anumite servicii oferite de site-ul https:\/\/www.pistonaddict.com.<\/p>\n<p>Utilizatorul furnizeaz\u0103 aceste informa\u021bii \u00een deplin\u0103 cuno\u0219tin\u021b\u0103 de cauz\u0103, \u00een special atunci c\u00e2nd le introduce el \u00eensu\u0219i. Se precizeaz\u0103 apoi utilizatorului site-ului https:\/\/www.pistonaddict.com obliga\u021bia sau nu de a furniza aceste informa\u021bii. \u00cen conformitate cu dispozi\u021biile articolelor 38 \u0219i urm\u0103toarele din legea 78-17 din 6 ianuarie 1978 privind prelucrarea datelor, fi\u0219ierele \u0219i libert\u0103\u021bile, precum \u0219i cu dispozi\u021biile capitolului 3 din Regulamentul general privind protec\u021bia datelor, orice utilizator are dreptul de acces, rectificare \u0219i opozi\u021bie la datele cu caracter personal care \u00eel privesc, prin depunerea unei cereri scrise \u0219i semnate, \u00eenso\u021bit\u0103 de o copie a documentului de identitate cu semn\u0103tura titularului documentului, preciz\u00e2nd adresa la care trebuie trimis r\u0103spunsul.<\/p>\n<p>Nicio informa\u021bie personal\u0103 a utilizatorului site-ului https:\/\/www.pistonaddict.com nu este publicat\u0103 f\u0103r\u0103 \u0219tirea utilizatorului, schimbat\u0103, transferat\u0103, cedat\u0103 sau v\u00e2ndut\u0103 pe orice suport unor ter\u021be p\u0103r\u021bi.<\/p>\n<p>Numai asumarea r\u0103scump\u0103r\u0103rii <strong>Piston Addict<\/strong> \u0219i a drepturilor sale ar permite transmiterea acestor informa\u021bii c\u0103tre poten\u021bialul cump\u0103r\u0103tor care, la r\u00e2ndul s\u0103u, ar fi obligat la aceea\u0219i obliga\u021bie de a stoca \u0219i modifica datele cu privire la utilizatorul site-ului. https:\/\/www.pistonaddict.com.<\/p>\n<p>Site-ul nu este declarat la CNIL, deoarece nu colecteaz\u0103 informa\u021bii personale f\u0103r\u0103 consim\u021b\u0103m\u00e2ntul persoanelor \u00een cauz\u0103. Bazele de date sunt protejate de dispozi\u021biile legii din 1 iulie 1998 de transpunere a Directivei 96\/9 din 11 martie 1996 privind protec\u021bia juridic\u0103 a bazelor de date.<\/p>\n<p><span lang=\"en\">Pentru a v\u0103 exercita drepturile asupra datelor dumneavoastr\u0103 cu caracter personal sau \u00een cazul unor \u00eentreb\u0103ri referitoare la acestea, pute\u021bi contacta responsabilul nostru cu protec\u021bia datelor la urm\u0103toarea adres\u0103: dpo@pistonaddict.com.<\/span><\/p>\n<h2>&nbsp;<\/h2>\n<h2><strong>LINKURI HIPERTEXT \u0218I COOKIE-URI<\/strong><\/h2>\n<p>Site-ul https:\/\/www.pistonaddict.com con\u021bine un anumit num\u0103r de leg\u0103turi hipertextuale c\u0103tre alte site-uri, create cu autoriza\u021bia <strong>Piston Addict<\/strong>. Cu toate acestea, <strong>Piston Addict<\/strong> nu are posibilitatea de a verifica con\u021binutul site-urilor astfel vizitate \u0219i, prin urmare, nu \u00ee\u0219i asum\u0103 nicio responsabilitate pentru acest fapt.<\/p>\n<p>Navigarea pe site-ul https:\/\/www.pistonaddict.com este susceptibil\u0103 de a determina instalarea de cookie(uri) pe computerul utilizatorului. Un cookie este un fi\u0219ier de mici dimensiuni, care nu permite identificarea utilizatorului, dar care \u00eenregistreaz\u0103 informa\u021bii referitoare la navigarea unui computer pe un site.<\/p>\n<p>Datele astfel ob\u021binute sunt destinate s\u0103 faciliteze navigarea ulterioar\u0103 pe site \u0219i, de asemenea, s\u0103 permit\u0103 diverse m\u0103sur\u0103tori de prezen\u021b\u0103.<\/p>\n<p>Refuzul de a instala un cookie poate face imposibil\u0103 accesarea anumitor servicii. Cu toate acestea, utilizatorul \u00ee\u0219i poate configura computerul \u00een felul urm\u0103tor pentru a refuza instalarea de cookie-uri:<\/p>\n<ul>\n<li>\u00cen Internet Explorer: fila Tool (pictograma sub forma unei roti\u021be din dreapta sus) \/ Op\u021biuni internet. Face\u021bi clic pe Confiden\u021bialitate \u0219i alege\u021bi Blocarea tuturor modulelor cookie. Valida\u021bi la Ok.<\/li>\n<li>\u00cen Firefox: \u00een partea de sus a ferestrei browserului, face\u021bi clic pe butonul Firefox, apoi merge\u021bi la fila Op\u021biuni. Face\u021bi clic pe fila Privacy (Confiden\u021bialitate). Seta\u021bi regulile de p\u0103strare la: Utiliza\u021bi set\u0103rile personalizate pentru istoric. \u00cen cele din urm\u0103, debifa\u021bi-o pentru a dezactiva cookie-urile.<\/li>\n<li>Sub Safari: Face\u021bi clic \u00een partea dreapt\u0103 sus a browserului pe pictograma de meniu (simbolizat\u0103 de o roti\u021b\u0103 din\u021bat\u0103). Selecta\u021bi Settings (Set\u0103ri). Face\u021bi clic pe Show advanced settings (Afi\u0219a\u021bi set\u0103rile avansate). \u00cen sec\u021biunea &#8220;Privacy&#8221; (Confiden\u021bialitate), face\u021bi clic pe Content settings (Set\u0103ri de con\u021binut). \u00cen sec\u021biunea &#8220;Cookies&#8221;, pute\u021bi bloca cookie-urile.<\/li>\n<li>\u00cen Chrome: Face\u021bi clic \u00een partea dreapt\u0103 sus a browserului pe pictograma de meniu (simbolizat\u0103 prin trei linii orizontale). Selecta\u021bi Settings (Set\u0103ri). Face\u021bi clic pe Show advanced settings (Afi\u0219a\u021bi set\u0103rile avansate). \u00cen sec\u021biunea &#8220;Confiden\u021bialitate&#8221;, face\u021bi clic pe preferin\u021be. \u00cen fila &#8220;Confiden\u021bialitate&#8221;, pute\u021bi bloca cookie-urile.<\/li>\n<\/ul>\n<h2>&nbsp;<\/h2>\n<h2><strong>LEGEA APLICABIL\u0102 \u0218I ATRIBUIREA COMPETEN\u021aEI<\/strong><\/h2>\n<p>Orice litigiu \u00een leg\u0103tur\u0103 cu utilizarea site-ului https:\/\/www.pistonaddict.com este supus legii elve\u021biene. Competen\u021ba exclusiv\u0103 este atribuit\u0103 instan\u021belor competente din Geneva.<\/p>\n<h2>&nbsp;<\/h2>\n<h2><strong>PRINCIPALELE LEGI \u00ceN CAUZ\u0102<\/strong><\/h2>\n<p>Legea nr. 78-87 din 6 ianuarie 1978, modificat\u0103 \u00een special prin legea nr. 2004-801 din 6 august 2004 privind prelucrarea datelor, fi\u0219ierele \u0219i libert\u0103\u021bile. Legea nr. 2004-575 din 21 iunie 2004 pentru \u00eencrederea \u00een economia digital\u0103. Sec\u021biunile 2, 3, 4 \u0219i 5 din capitolul 3 din Regulamentul general privind protec\u021bia datelor.<\/p>\n<h2>&nbsp;<\/h2>\n<h2><strong>LEXICON<\/strong><\/h2>\n<p>Utilizator: Utilizatorul de internet care se conecteaz\u0103, folosind site-ul men\u021bionat anterior.<\/p>\n<p>Informa\u021bii personale: &#8220;informa\u021bii care permit, sub orice form\u0103, direct sau indirect, identificarea persoanelor fizice c\u0103rora li se aplic\u0103&#8221; (articolul 4 din Legea nr. 78-17 din 6 ianuarie 1978).<\/p>\n<h2>&nbsp;<\/h2>\n<h2>COPYRIGHT<\/h2>\n<p><a title=\"pictograme cheie\" href=\"https:\/\/www.flaticon.com\/free-icons\/key\">Pictogramele cheie create de Good Ware &#8211; Flaticon<br><\/a><\/p>\n<p><strong>Piston Addict<\/strong> este o marc\u0103 \u00eenregistrat\u0103, toate drepturile rezervate.<\/p>\t\t\t\t\t\t<\/div>\n\t\t\t\t<\/div>\n\t\t\t\t\t<\/div>\n\t\t<\/div>\n\t\t\t\t\t<\/div>\n\t\t<\/section>\n\t\t\t\t<\/div>\n\t\t","protected":false},"excerpt":{"rendered":"<p>PREZENTARE SITE WEB \u00cen conformitate cu articolul 6 din Legea nr. 2004-575 din 21 iunie 2004 privind \u00eencrederea \u00een economia digital\u0103 \u0219i \u00een aplicarea Regulamentului general privind protec\u021bia datelor [Regulamentul (UE) 2016\/679], se specific\u0103 utilizatorilor site-ului: https:\/\/www.pistonaddict.com, identitatea diferitelor p\u0103r\u021bi interesate \u00een contextul realiz\u0103rii \u0219i monitoriz\u0103rii sale. Proprietar: Piston Addict SA SA cu un capital &#8230; <a title=\"Aviz juridic\" class=\"read-more\" href=\"https:\/\/pistonaddict.com\/ro\/aviz-juridic\/\">Cite\u0219te mai mult<span class=\"screen-reader-text\">Aviz juridic<\/span><\/a><\/p>\n","protected":false},"author":1,"featured_media":0,"parent":0,"menu_order":0,"comment_status":"closed","ping_status":"closed","template":"","meta":{"inline_featured_image":false,"footnotes":""},"acf":[],"yoast_head":"<!-- This site is optimized with the Yoast SEO plugin v22.5 - https:\/\/yoast.com\/wordpress\/plugins\/seo\/ -->\n<title>Aviz juridic - Piston Addict<\/title>\n<meta name=\"robots\" content=\"index, follow, max-snippet:-1, max-image-preview:large, max-video-preview:-1\" \/>\n<link rel=\"canonical\" href=\"https:\/\/pistonaddict.com\/ro\/aviz-juridic\/\" \/>\n<meta property=\"og:locale\" content=\"ro_RO\" \/>\n<meta property=\"og:type\" content=\"article\" \/>\n<meta property=\"og:title\" content=\"Aviz juridic - Piston Addict\" \/>\n<meta property=\"og:description\" content=\"PREZENTARE SITE WEB \u00cen conformitate cu articolul 6 din Legea nr. 2004-575 din 21 iunie 2004 privind \u00eencrederea \u00een economia digital\u0103 \u0219i \u00een aplicarea Regulamentului general privind protec\u021bia datelor [Regulamentul (UE) 2016\/679], se specific\u0103 utilizatorilor site-ului: https:\/\/www.pistonaddict.com, identitatea diferitelor p\u0103r\u021bi interesate \u00een contextul realiz\u0103rii \u0219i monitoriz\u0103rii sale. Proprietar: Piston Addict SA SA cu un capital ... Cite\u0219te mai multAviz juridic\" \/>\n<meta property=\"og:url\" content=\"https:\/\/pistonaddict.com\/ro\/aviz-juridic\/\" \/>\n<meta property=\"og:site_name\" content=\"Piston Addict\" \/>\n<meta property=\"article:modified_time\" content=\"2024-10-26T06:17:36+00:00\" \/>\n<meta name=\"twitter:card\" content=\"summary_large_image\" \/>\n<meta name=\"twitter:label1\" content=\"Timp estimat pentru citire\" \/>\n\t<meta name=\"twitter:data1\" content=\"9 minute\" \/>\n<script type=\"application\/ld+json\" class=\"yoast-schema-graph\">{\"@context\":\"https:\/\/schema.org\",\"@graph\":[{\"@type\":\"WebPage\",\"@id\":\"https:\/\/pistonaddict.com\/ro\/aviz-juridic\/\",\"url\":\"https:\/\/pistonaddict.com\/ro\/aviz-juridic\/\",\"name\":\"Aviz juridic - Piston Addict\",\"isPartOf\":{\"@id\":\"https:\/\/pistonaddict.com\/ro\/#website\"},\"datePublished\":\"2022-04-29T09:18:33+00:00\",\"dateModified\":\"2024-10-26T06:17:36+00:00\",\"breadcrumb\":{\"@id\":\"https:\/\/pistonaddict.com\/ro\/aviz-juridic\/#breadcrumb\"},\"inLanguage\":\"ro-RO\",\"potentialAction\":[{\"@type\":\"ReadAction\",\"target\":[\"https:\/\/pistonaddict.com\/ro\/aviz-juridic\/\"]}]},{\"@type\":\"BreadcrumbList\",\"@id\":\"https:\/\/pistonaddict.com\/ro\/aviz-juridic\/#breadcrumb\",\"itemListElement\":[{\"@type\":\"ListItem\",\"position\":1,\"name\":\"Pagina principala\",\"item\":\"https:\/\/pistonaddict.com\/ro\/pagina-de-start\/\"},{\"@type\":\"ListItem\",\"position\":2,\"name\":\"Aviz juridic\"}]},{\"@type\":\"WebSite\",\"@id\":\"https:\/\/pistonaddict.com\/ro\/#website\",\"url\":\"https:\/\/pistonaddict.com\/ro\/\",\"name\":\"Piston Addict\",\"description\":\"Only interesting vehicles\",\"publisher\":{\"@id\":\"https:\/\/pistonaddict.com\/ro\/#organization\"},\"potentialAction\":[{\"@type\":\"SearchAction\",\"target\":{\"@type\":\"EntryPoint\",\"urlTemplate\":\"https:\/\/pistonaddict.com\/ro\/?s={search_term_string}\"},\"query-input\":\"required name=search_term_string\"}],\"inLanguage\":\"ro-RO\"},{\"@type\":\"Organization\",\"@id\":\"https:\/\/pistonaddict.com\/ro\/#organization\",\"name\":\"Piston Addict\",\"url\":\"https:\/\/pistonaddict.com\/ro\/\",\"logo\":{\"@type\":\"ImageObject\",\"inLanguage\":\"ro-RO\",\"@id\":\"https:\/\/pistonaddict.com\/ro\/#\/schema\/logo\/image\/\",\"url\":\"https:\/\/pistonaddict.com\/wp-content\/uploads\/2022\/07\/logo-6.png\",\"contentUrl\":\"https:\/\/pistonaddict.com\/wp-content\/uploads\/2022\/07\/logo-6.png\",\"width\":970,\"height\":200,\"caption\":\"Piston Addict\"},\"image\":{\"@id\":\"https:\/\/pistonaddict.com\/ro\/#\/schema\/logo\/image\/\"}}]}<\/script>\n<!-- \/ Yoast SEO plugin. -->","yoast_head_json":{"title":"Aviz juridic - Piston Addict","robots":{"index":"index","follow":"follow","max-snippet":"max-snippet:-1","max-image-preview":"max-image-preview:large","max-video-preview":"max-video-preview:-1"},"canonical":"https:\/\/pistonaddict.com\/ro\/aviz-juridic\/","og_locale":"ro_RO","og_type":"article","og_title":"Aviz juridic - Piston Addict","og_description":"PREZENTARE SITE WEB \u00cen conformitate cu articolul 6 din Legea nr. 2004-575 din 21 iunie 2004 privind \u00eencrederea \u00een economia digital\u0103 \u0219i \u00een aplicarea Regulamentului general privind protec\u021bia datelor [Regulamentul (UE) 2016\/679], se specific\u0103 utilizatorilor site-ului: https:\/\/www.pistonaddict.com, identitatea diferitelor p\u0103r\u021bi interesate \u00een contextul realiz\u0103rii \u0219i monitoriz\u0103rii sale. Proprietar: Piston Addict SA SA cu un capital ... Cite\u0219te mai multAviz juridic","og_url":"https:\/\/pistonaddict.com\/ro\/aviz-juridic\/","og_site_name":"Piston Addict","article_modified_time":"2024-10-26T06:17:36+00:00","twitter_card":"summary_large_image","twitter_misc":{"Timp estimat pentru citire":"9 minute"},"schema":{"@context":"https:\/\/schema.org","@graph":[{"@type":"WebPage","@id":"https:\/\/pistonaddict.com\/ro\/aviz-juridic\/","url":"https:\/\/pistonaddict.com\/ro\/aviz-juridic\/","name":"Aviz juridic - Piston Addict","isPartOf":{"@id":"https:\/\/pistonaddict.com\/ro\/#website"},"datePublished":"2022-04-29T09:18:33+00:00","dateModified":"2024-10-26T06:17:36+00:00","breadcrumb":{"@id":"https:\/\/pistonaddict.com\/ro\/aviz-juridic\/#breadcrumb"},"inLanguage":"ro-RO","potentialAction":[{"@type":"ReadAction","target":["https:\/\/pistonaddict.com\/ro\/aviz-juridic\/"]}]},{"@type":"BreadcrumbList","@id":"https:\/\/pistonaddict.com\/ro\/aviz-juridic\/#breadcrumb","itemListElement":[{"@type":"ListItem","position":1,"name":"Pagina principala","item":"https:\/\/pistonaddict.com\/ro\/pagina-de-start\/"},{"@type":"ListItem","position":2,"name":"Aviz juridic"}]},{"@type":"WebSite","@id":"https:\/\/pistonaddict.com\/ro\/#website","url":"https:\/\/pistonaddict.com\/ro\/","name":"Piston Addict","description":"Only interesting vehicles","publisher":{"@id":"https:\/\/pistonaddict.com\/ro\/#organization"},"potentialAction":[{"@type":"SearchAction","target":{"@type":"EntryPoint","urlTemplate":"https:\/\/pistonaddict.com\/ro\/?s={search_term_string}"},"query-input":"required name=search_term_string"}],"inLanguage":"ro-RO"},{"@type":"Organization","@id":"https:\/\/pistonaddict.com\/ro\/#organization","name":"Piston Addict","url":"https:\/\/pistonaddict.com\/ro\/","logo":{"@type":"ImageObject","inLanguage":"ro-RO","@id":"https:\/\/pistonaddict.com\/ro\/#\/schema\/logo\/image\/","url":"https:\/\/pistonaddict.com\/wp-content\/uploads\/2022\/07\/logo-6.png","contentUrl":"https:\/\/pistonaddict.com\/wp-content\/uploads\/2022\/07\/logo-6.png","width":970,"height":200,"caption":"Piston Addict"},"image":{"@id":"https:\/\/pistonaddict.com\/ro\/#\/schema\/logo\/image\/"}}]}},"_links":{"self":[{"href":"https:\/\/pistonaddict.com\/ro\/wp-json\/wp\/v2\/pages\/2905"}],"collection":[{"href":"https:\/\/pistonaddict.com\/ro\/wp-json\/wp\/v2\/pages"}],"about":[{"href":"https:\/\/pistonaddict.com\/ro\/wp-json\/wp\/v2\/types\/page"}],"author":[{"embeddable":true,"href":"https:\/\/pistonaddict.com\/ro\/wp-json\/wp\/v2\/users\/1"}],"replies":[{"embeddable":true,"href":"https:\/\/pistonaddict.com\/ro\/wp-json\/wp\/v2\/comments?post=2905"}],"version-history":[{"count":15,"href":"https:\/\/pistonaddict.com\/ro\/wp-json\/wp\/v2\/pages\/2905\/revisions"}],"predecessor-version":[{"id":111602,"href":"https:\/\/pistonaddict.com\/ro\/wp-json\/wp\/v2\/pages\/2905\/revisions\/111602"}],"wp:attachment":[{"href":"https:\/\/pistonaddict.com\/ro\/wp-json\/wp\/v2\/media?parent=2905"}],"curies":[{"name":"wp","href":"https:\/\/api.w.org\/{rel}","templated":true}]}}