{"id":2317,"date":"2022-04-21T10:08:27","date_gmt":"2022-04-21T08:08:27","guid":{"rendered":"https:\/\/pistonaddict.com\/fotografii\/"},"modified":"2022-05-04T18:00:13","modified_gmt":"2022-05-04T16:00:13","slug":"fotografii","status":"publish","type":"page","link":"https:\/\/pistonaddict.com\/ro\/fotografii\/","title":{"rendered":"Fotografii"},"content":{"rendered":"\t\t<div data-elementor-type=\"wp-page\" data-elementor-id=\"2317\" class=\"elementor elementor-2317 elementor-68\">\n\t\t\t\t\t\t<section class=\"elementor-section elementor-top-section elementor-element elementor-element-910ea2a elementor-section-full_width elementor-section-content-middle banniere-page elementor-section-height-default elementor-section-height-default\" data-id=\"910ea2a\" data-element_type=\"section\" data-settings=\"{&quot;background_background&quot;:&quot;classic&quot;}\">\n\t\t\t\t\t\t<div class=\"elementor-container elementor-column-gap-default\">\n\t\t\t\t\t<div class=\"elementor-column elementor-col-100 elementor-top-column elementor-element elementor-element-b8add27\" data-id=\"b8add27\" data-element_type=\"column\">\n\t\t\t<div class=\"elementor-widget-wrap elementor-element-populated\">\n\t\t\t\t\t\t<div class=\"elementor-element elementor-element-ec39b5c elementor-widget elementor-widget-heading\" data-id=\"ec39b5c\" data-element_type=\"widget\" data-widget_type=\"heading.default\">\n\t\t\t\t<div class=\"elementor-widget-container\">\n\t\t\t<style>\/*! elementor - v3.21.0 - 18-04-2024 *\/\n.elementor-heading-title{padding:0;margin:0;line-height:1}.elementor-widget-heading .elementor-heading-title[class*=elementor-size-]>a{color:inherit;font-size:inherit;line-height:inherit}.elementor-widget-heading .elementor-heading-title.elementor-size-small{font-size:15px}.elementor-widget-heading .elementor-heading-title.elementor-size-medium{font-size:19px}.elementor-widget-heading .elementor-heading-title.elementor-size-large{font-size:29px}.elementor-widget-heading .elementor-heading-title.elementor-size-xl{font-size:39px}.elementor-widget-heading .elementor-heading-title.elementor-size-xxl{font-size:59px}<\/style><h1 class=\"elementor-heading-title elementor-size-default\">Fotografii<\/h1>\t\t<\/div>\n\t\t\t\t<\/div>\n\t\t\t\t\t<\/div>\n\t\t<\/div>\n\t\t\t\t\t<\/div>\n\t\t<\/section>\n\t\t\t\t<section class=\"elementor-section elementor-top-section elementor-element elementor-element-24c18a1 elementor-section-full_width descs elementor-section-height-default elementor-section-height-default\" data-id=\"24c18a1\" data-element_type=\"section\">\n\t\t\t\t\t\t<div class=\"elementor-container elementor-column-gap-default\">\n\t\t\t\t\t<div class=\"elementor-column elementor-col-100 elementor-top-column elementor-element elementor-element-116ccfe\" data-id=\"116ccfe\" data-element_type=\"column\">\n\t\t\t<div class=\"elementor-widget-wrap elementor-element-populated\">\n\t\t\t\t\t\t<div class=\"elementor-element elementor-element-bccac14 elementor-widget elementor-widget-text-editor\" data-id=\"bccac14\" data-element_type=\"widget\" data-widget_type=\"text-editor.default\">\n\t\t\t\t<div class=\"elementor-widget-container\">\n\t\t\t<style>\/*! elementor - v3.21.0 - 18-04-2024 *\/\n.elementor-widget-text-editor.elementor-drop-cap-view-stacked .elementor-drop-cap{background-color:#69727d;color:#fff}.elementor-widget-text-editor.elementor-drop-cap-view-framed .elementor-drop-cap{color:#69727d;border:3px solid;background-color:transparent}.elementor-widget-text-editor:not(.elementor-drop-cap-view-default) .elementor-drop-cap{margin-top:8px}.elementor-widget-text-editor:not(.elementor-drop-cap-view-default) .elementor-drop-cap-letter{width:1em;height:1em}.elementor-widget-text-editor .elementor-drop-cap{float:left;text-align:center;line-height:1;font-size:50px}.elementor-widget-text-editor .elementor-drop-cap-letter{display:inline-block}<\/style>\t\t\t\t\n          <h2>Un serviciu de fotografi profesioni\u0219ti la u\u0219a ta<\/h2>\n          \n\n          <p>Piston Addict v\u0103 ofer\u0103 un serviciu de localizare gratuit pentru fotografi profesioni\u0219ti din zona dumneavoastr\u0103.<\/p>\n          \n\n          <p>\nDatorit\u0103 imaginilor lor, vehiculul dumneavoastr\u0103 va fi sublimat.\nAm construit o re\u021bea de peste X fotografi \u00een \u021b\u0103ri.\n<\/p>\n          <p>\nDup\u0103 ce v-a\u021bi ales fotograful, v\u0103 invit\u0103m s\u0103 \u00eel contacta\u021bi direct prin adresa de e-mail sau num\u0103rul de telefon indicat \u00een formularul s\u0103u de contact.<\/p>\n        \t\t\t\t\t\t<\/div>\n\t\t\t\t<\/div>\n\t\t\t\t\t<\/div>\n\t\t<\/div>\n\t\t\t\t\t<\/div>\n\t\t<\/section>\n\t\t\t\t<\/div>\n\t\t","protected":false},"excerpt":{"rendered":"<p>Fotografii Un serviciu de fotografi profesioni\u0219ti la u\u0219a ta Piston Addict v\u0103 ofer\u0103 un serviciu de localizare gratuit pentru fotografi profesioni\u0219ti din zona dumneavoastr\u0103. Datorit\u0103 imaginilor lor, vehiculul dumneavoastr\u0103 va fi sublimat. Am construit o re\u021bea de peste X fotografi \u00een \u021b\u0103ri. Dup\u0103 ce v-a\u021bi ales fotograful, v\u0103 invit\u0103m s\u0103 \u00eel contacta\u021bi direct prin adresa &#8230; <a title=\"Fotografii\" class=\"read-more\" href=\"https:\/\/pistonaddict.com\/ro\/fotografii\/\">Cite\u0219te mai mult<span class=\"screen-reader-text\">Fotografii<\/span><\/a><\/p>\n","protected":false},"author":1,"featured_media":0,"parent":0,"menu_order":0,"comment_status":"closed","ping_status":"closed","template":"template-parts\/tpl-photographers.php","meta":{"inline_featured_image":false,"footnotes":""},"acf":[],"yoast_head":"<!-- This site is optimized with the Yoast SEO plugin v22.5 - https:\/\/yoast.com\/wordpress\/plugins\/seo\/ -->\n<title>Fotografii - Piston Addict<\/title>\n<meta name=\"robots\" content=\"index, follow, max-snippet:-1, max-image-preview:large, max-video-preview:-1\" \/>\n<link rel=\"canonical\" href=\"https:\/\/pistonaddict.com\/ro\/fotografii\/\" \/>\n<meta property=\"og:locale\" content=\"ro_RO\" \/>\n<meta property=\"og:type\" content=\"article\" \/>\n<meta property=\"og:title\" content=\"Fotografii - Piston Addict\" \/>\n<meta property=\"og:description\" content=\"Fotografii Un serviciu de fotografi profesioni\u0219ti la u\u0219a ta Piston Addict v\u0103 ofer\u0103 un serviciu de localizare gratuit pentru fotografi profesioni\u0219ti din zona dumneavoastr\u0103. Datorit\u0103 imaginilor lor, vehiculul dumneavoastr\u0103 va fi sublimat. Am construit o re\u021bea de peste X fotografi \u00een \u021b\u0103ri. Dup\u0103 ce v-a\u021bi ales fotograful, v\u0103 invit\u0103m s\u0103 \u00eel contacta\u021bi direct prin adresa ... Cite\u0219te mai multFotografii\" \/>\n<meta property=\"og:url\" content=\"https:\/\/pistonaddict.com\/ro\/fotografii\/\" \/>\n<meta property=\"og:site_name\" content=\"Piston Addict\" \/>\n<meta property=\"article:modified_time\" content=\"2022-05-04T16:00:13+00:00\" \/>\n<meta name=\"twitter:card\" content=\"summary_large_image\" \/>\n<script type=\"application\/ld+json\" class=\"yoast-schema-graph\">{\"@context\":\"https:\/\/schema.org\",\"@graph\":[{\"@type\":\"WebPage\",\"@id\":\"https:\/\/pistonaddict.com\/ro\/fotografii\/\",\"url\":\"https:\/\/pistonaddict.com\/ro\/fotografii\/\",\"name\":\"Fotografii - Piston Addict\",\"isPartOf\":{\"@id\":\"https:\/\/pistonaddict.com\/ro\/#website\"},\"datePublished\":\"2022-04-21T08:08:27+00:00\",\"dateModified\":\"2022-05-04T16:00:13+00:00\",\"breadcrumb\":{\"@id\":\"https:\/\/pistonaddict.com\/ro\/fotografii\/#breadcrumb\"},\"inLanguage\":\"ro-RO\",\"potentialAction\":[{\"@type\":\"ReadAction\",\"target\":[\"https:\/\/pistonaddict.com\/ro\/fotografii\/\"]}]},{\"@type\":\"BreadcrumbList\",\"@id\":\"https:\/\/pistonaddict.com\/ro\/fotografii\/#breadcrumb\",\"itemListElement\":[{\"@type\":\"ListItem\",\"position\":1,\"name\":\"Pagina principala\",\"item\":\"https:\/\/pistonaddict.com\/ro\/pagina-de-start\/\"},{\"@type\":\"ListItem\",\"position\":2,\"name\":\"Fotografii\"}]},{\"@type\":\"WebSite\",\"@id\":\"https:\/\/pistonaddict.com\/ro\/#website\",\"url\":\"https:\/\/pistonaddict.com\/ro\/\",\"name\":\"Piston Addict\",\"description\":\"Only interesting vehicles\",\"publisher\":{\"@id\":\"https:\/\/pistonaddict.com\/ro\/#organization\"},\"potentialAction\":[{\"@type\":\"SearchAction\",\"target\":{\"@type\":\"EntryPoint\",\"urlTemplate\":\"https:\/\/pistonaddict.com\/ro\/?s={search_term_string}\"},\"query-input\":\"required name=search_term_string\"}],\"inLanguage\":\"ro-RO\"},{\"@type\":\"Organization\",\"@id\":\"https:\/\/pistonaddict.com\/ro\/#organization\",\"name\":\"Piston Addict\",\"url\":\"https:\/\/pistonaddict.com\/ro\/\",\"logo\":{\"@type\":\"ImageObject\",\"inLanguage\":\"ro-RO\",\"@id\":\"https:\/\/pistonaddict.com\/ro\/#\/schema\/logo\/image\/\",\"url\":\"https:\/\/pistonaddict.com\/wp-content\/uploads\/2022\/07\/logo-6.png\",\"contentUrl\":\"https:\/\/pistonaddict.com\/wp-content\/uploads\/2022\/07\/logo-6.png\",\"width\":970,\"height\":200,\"caption\":\"Piston Addict\"},\"image\":{\"@id\":\"https:\/\/pistonaddict.com\/ro\/#\/schema\/logo\/image\/\"}}]}<\/script>\n<!-- \/ Yoast SEO plugin. -->","yoast_head_json":{"title":"Fotografii - Piston Addict","robots":{"index":"index","follow":"follow","max-snippet":"max-snippet:-1","max-image-preview":"max-image-preview:large","max-video-preview":"max-video-preview:-1"},"canonical":"https:\/\/pistonaddict.com\/ro\/fotografii\/","og_locale":"ro_RO","og_type":"article","og_title":"Fotografii - Piston Addict","og_description":"Fotografii Un serviciu de fotografi profesioni\u0219ti la u\u0219a ta Piston Addict v\u0103 ofer\u0103 un serviciu de localizare gratuit pentru fotografi profesioni\u0219ti din zona dumneavoastr\u0103. Datorit\u0103 imaginilor lor, vehiculul dumneavoastr\u0103 va fi sublimat. Am construit o re\u021bea de peste X fotografi \u00een \u021b\u0103ri. Dup\u0103 ce v-a\u021bi ales fotograful, v\u0103 invit\u0103m s\u0103 \u00eel contacta\u021bi direct prin adresa ... Cite\u0219te mai multFotografii","og_url":"https:\/\/pistonaddict.com\/ro\/fotografii\/","og_site_name":"Piston Addict","article_modified_time":"2022-05-04T16:00:13+00:00","twitter_card":"summary_large_image","schema":{"@context":"https:\/\/schema.org","@graph":[{"@type":"WebPage","@id":"https:\/\/pistonaddict.com\/ro\/fotografii\/","url":"https:\/\/pistonaddict.com\/ro\/fotografii\/","name":"Fotografii - Piston Addict","isPartOf":{"@id":"https:\/\/pistonaddict.com\/ro\/#website"},"datePublished":"2022-04-21T08:08:27+00:00","dateModified":"2022-05-04T16:00:13+00:00","breadcrumb":{"@id":"https:\/\/pistonaddict.com\/ro\/fotografii\/#breadcrumb"},"inLanguage":"ro-RO","potentialAction":[{"@type":"ReadAction","target":["https:\/\/pistonaddict.com\/ro\/fotografii\/"]}]},{"@type":"BreadcrumbList","@id":"https:\/\/pistonaddict.com\/ro\/fotografii\/#breadcrumb","itemListElement":[{"@type":"ListItem","position":1,"name":"Pagina principala","item":"https:\/\/pistonaddict.com\/ro\/pagina-de-start\/"},{"@type":"ListItem","position":2,"name":"Fotografii"}]},{"@type":"WebSite","@id":"https:\/\/pistonaddict.com\/ro\/#website","url":"https:\/\/pistonaddict.com\/ro\/","name":"Piston Addict","description":"Only interesting vehicles","publisher":{"@id":"https:\/\/pistonaddict.com\/ro\/#organization"},"potentialAction":[{"@type":"SearchAction","target":{"@type":"EntryPoint","urlTemplate":"https:\/\/pistonaddict.com\/ro\/?s={search_term_string}"},"query-input":"required name=search_term_string"}],"inLanguage":"ro-RO"},{"@type":"Organization","@id":"https:\/\/pistonaddict.com\/ro\/#organization","name":"Piston Addict","url":"https:\/\/pistonaddict.com\/ro\/","logo":{"@type":"ImageObject","inLanguage":"ro-RO","@id":"https:\/\/pistonaddict.com\/ro\/#\/schema\/logo\/image\/","url":"https:\/\/pistonaddict.com\/wp-content\/uploads\/2022\/07\/logo-6.png","contentUrl":"https:\/\/pistonaddict.com\/wp-content\/uploads\/2022\/07\/logo-6.png","width":970,"height":200,"caption":"Piston Addict"},"image":{"@id":"https:\/\/pistonaddict.com\/ro\/#\/schema\/logo\/image\/"}}]}},"_links":{"self":[{"href":"https:\/\/pistonaddict.com\/ro\/wp-json\/wp\/v2\/pages\/2317"}],"collection":[{"href":"https:\/\/pistonaddict.com\/ro\/wp-json\/wp\/v2\/pages"}],"about":[{"href":"https:\/\/pistonaddict.com\/ro\/wp-json\/wp\/v2\/types\/page"}],"author":[{"embeddable":true,"href":"https:\/\/pistonaddict.com\/ro\/wp-json\/wp\/v2\/users\/1"}],"replies":[{"embeddable":true,"href":"https:\/\/pistonaddict.com\/ro\/wp-json\/wp\/v2\/comments?post=2317"}],"version-history":[{"count":2,"href":"https:\/\/pistonaddict.com\/ro\/wp-json\/wp\/v2\/pages\/2317\/revisions"}],"predecessor-version":[{"id":4333,"href":"https:\/\/pistonaddict.com\/ro\/wp-json\/wp\/v2\/pages\/2317\/revisions\/4333"}],"wp:attachment":[{"href":"https:\/\/pistonaddict.com\/ro\/wp-json\/wp\/v2\/media?parent=2317"}],"curies":[{"name":"wp","href":"https:\/\/api.w.org\/{rel}","templated":true}]}}