{"id":22655,"date":"2022-04-20T13:00:00","date_gmt":"2022-04-20T11:00:00","guid":{"rendered":"https:\/\/pistonaddict.com\/peste-pes\/"},"modified":"2023-01-04T12:23:05","modified_gmt":"2023-01-04T11:23:05","slug":"peste-pes","status":"publish","type":"page","link":"https:\/\/pistonaddict.com\/ro\/peste-pes\/","title":{"rendered":"Peste pes"},"content":{"rendered":"\t\t<div data-elementor-type=\"wp-page\" data-elementor-id=\"22655\" class=\"elementor elementor-22655 elementor-19002\">\n\t\t\t\t\t\t<section class=\"elementor-section elementor-top-section elementor-element elementor-element-3668bb8 elementor-section-full_width elementor-section-content-middle banniere-page elementor-section-height-default elementor-section-height-default\" data-id=\"3668bb8\" data-element_type=\"section\" data-settings=\"{&quot;background_background&quot;:&quot;classic&quot;}\">\n\t\t\t\t\t\t<div class=\"elementor-container elementor-column-gap-default\">\n\t\t\t\t\t<div class=\"elementor-column elementor-col-100 elementor-top-column elementor-element elementor-element-b2088b2\" data-id=\"b2088b2\" data-element_type=\"column\">\n\t\t\t<div class=\"elementor-widget-wrap elementor-element-populated\">\n\t\t\t\t\t\t<div class=\"elementor-element elementor-element-26e06c0 elementor-widget elementor-widget-heading\" data-id=\"26e06c0\" data-element_type=\"widget\" data-widget_type=\"heading.default\">\n\t\t\t\t<div class=\"elementor-widget-container\">\n\t\t\t<style>\/*! elementor - v3.21.0 - 18-04-2024 *\/\n.elementor-heading-title{padding:0;margin:0;line-height:1}.elementor-widget-heading .elementor-heading-title[class*=elementor-size-]>a{color:inherit;font-size:inherit;line-height:inherit}.elementor-widget-heading .elementor-heading-title.elementor-size-small{font-size:15px}.elementor-widget-heading .elementor-heading-title.elementor-size-medium{font-size:19px}.elementor-widget-heading .elementor-heading-title.elementor-size-large{font-size:29px}.elementor-widget-heading .elementor-heading-title.elementor-size-xl{font-size:39px}.elementor-widget-heading .elementor-heading-title.elementor-size-xxl{font-size:59px}<\/style><h1 class=\"elementor-heading-title elementor-size-default\">Despre Piston Addict<\/h1>\t\t<\/div>\n\t\t\t\t<\/div>\n\t\t\t\t\t<\/div>\n\t\t<\/div>\n\t\t\t\t\t<\/div>\n\t\t<\/section>\n\t\t\t\t<section class=\"elementor-section elementor-top-section elementor-element elementor-element-62ecd00 elementor-section-full_width descs elementor-section-height-default elementor-section-height-default\" data-id=\"62ecd00\" data-element_type=\"section\">\n\t\t\t\t\t\t<div class=\"elementor-container elementor-column-gap-default\">\n\t\t\t\t\t<div class=\"elementor-column elementor-col-100 elementor-top-column elementor-element elementor-element-cae2e10\" data-id=\"cae2e10\" data-element_type=\"column\">\n\t\t\t<div class=\"elementor-widget-wrap elementor-element-populated\">\n\t\t\t\t\t\t<div class=\"elementor-element elementor-element-174bee4 elementor-widget elementor-widget-text-editor\" data-id=\"174bee4\" data-element_type=\"widget\" data-widget_type=\"text-editor.default\">\n\t\t\t\t<div class=\"elementor-widget-container\">\n\t\t\t<style>\/*! elementor - v3.21.0 - 18-04-2024 *\/\n.elementor-widget-text-editor.elementor-drop-cap-view-stacked .elementor-drop-cap{background-color:#69727d;color:#fff}.elementor-widget-text-editor.elementor-drop-cap-view-framed .elementor-drop-cap{color:#69727d;border:3px solid;background-color:transparent}.elementor-widget-text-editor:not(.elementor-drop-cap-view-default) .elementor-drop-cap{margin-top:8px}.elementor-widget-text-editor:not(.elementor-drop-cap-view-default) .elementor-drop-cap-letter{width:1em;height:1em}.elementor-widget-text-editor .elementor-drop-cap{float:left;text-align:center;line-height:1;font-size:50px}.elementor-widget-text-editor .elementor-drop-cap-letter{display:inline-block}<\/style>\t\t\t\t<\/p>\n<h2>Istoria noastr\u0103<\/h2>\n<p>Piston Addict este o platform\u0103 de licita\u021bii online specializat\u0103 \u00een vehicule de excep\u021bie.  <\/p>\n<p>Pasiona\u021bi de ma\u0219ini de la o v\u00e2rst\u0103 fraged\u0103, a fost important pentru noi s\u0103 facem v\u00e2nzarea \u0219i cump\u0103rarea de ma\u0219ini \u0219i motociclete mai accesibile, permi\u021b\u00e2ndu-v\u0103 s\u0103 vinde\u021bi sau s\u0103 cump\u0103ra\u021bi un vehicul, oriunde v-a\u021bi afla. ai g\u0103sit.<\/p>\n<p>Piston Addict s-a n\u0103scut din dorin\u021ba de a revolu\u021biona pia\u021ba vehiculelor de ocazie \u00een cel mai simplu, fluid \u0219i transparent mod: tot ce ai nevoie este un click sau o licita\u021bie pentru a achizi\u021biona \u0219i vinde vehicule interesante. de entuzia\u0219ti.<\/p>\n<h2> <\/h2>\n<h2>Cum lucr\u0103m<\/h2>\n<p>Piston Addict reinventeaz\u0103 modul de a vinde sau de a cump\u0103ra vehicule clasice, de colec\u021bie \u0219i de entuziasm.<\/p>\n<p>Studiem fiecare vehicul trimis, cu cea mai mare aten\u021bie: la Piston Addict, ve\u021bi g\u0103si o echip\u0103 de pasiona\u021bi care sunt exper\u021bi \u00een ma\u0219ini vechi sau moderne.<\/p>\n<p>Licita\u021biile noastre ofer\u0103 transparen\u021b\u0103 total\u0103, liste mai cuprinz\u0103toare \u0219i comisioane mai echitabile \u00een compara\u021bie cu platformele tradi\u021bionale. Select\u0103m o gam\u0103 larg\u0103 de m\u0103rci, modele \u0219i tipuri de vehicule: dorim s\u0103 vedem c\u00e2t mai multe variet\u0103\u021bi pe care le pute\u021bi spera!<\/p>\n\t\t\t\t\t\t<\/div>\n\t\t\t\t<\/div>\n\t\t\t\t\t<\/div>\n\t\t<\/div>\n\t\t\t\t\t<\/div>\n\t\t<\/section>\n\t\t\t\t<section class=\"elementor-section elementor-top-section elementor-element elementor-element-38f2e81 elementor-section-content-middle story elementor-section-boxed elementor-section-height-default elementor-section-height-default\" data-id=\"38f2e81\" data-element_type=\"section\" data-settings=\"{&quot;background_background&quot;:&quot;gradient&quot;}\">\n\t\t\t\t\t\t<div class=\"elementor-container elementor-column-gap-default\">\n\t\t\t\t\t<div class=\"elementor-column elementor-col-100 elementor-top-column elementor-element elementor-element-71b8e7e\" data-id=\"71b8e7e\" data-element_type=\"column\">\n\t\t\t<div class=\"elementor-widget-wrap elementor-element-populated\">\n\t\t\t\t\t\t<div class=\"elementor-element elementor-element-205cd4d elementor-widget elementor-widget-text-editor\" data-id=\"205cd4d\" data-element_type=\"widget\" data-widget_type=\"text-editor.default\">\n\t\t\t\t<div class=\"elementor-widget-container\">\n\t\t\t\t\t\t\t\n          <h3>M\u0103rturie<\/h3>\n          <p>Ne place c\u00e2nd cump\u0103r\u0103torii \u0219i v\u00e2nz\u0103torii ne povestesc despre experien\u021bele bune pe care le-au avut pe site-ul nostru.<\/p>\n          <p>Trimite-ne povestea ta de cump\u0103rare sau de v\u00e2nzare, \u00eempreun\u0103 cu ni\u0219te fotografii interesante \u0219i vom publica m\u0103rturia ta.<\/p>\n          <p>\n            <a href=\"mailto:contact@pistonaddict.com\">Trimite\u021bi m\u0103rturia dvs.<\/a>\n          <\/p>\n        \t\t\t\t\t\t<\/div>\n\t\t\t\t<\/div>\n\t\t\t\t\t<\/div>\n\t\t<\/div>\n\t\t\t\t\t<\/div>\n\t\t<\/section>\n\t\t\t\t<\/div>\n\t\t","protected":false},"excerpt":{"rendered":"<p>Despre Piston Addict Istoria noastr\u0103 Piston Addict este o platform\u0103 de licita\u021bii online specializat\u0103 \u00een vehicule de excep\u021bie. Pasiona\u021bi de ma\u0219ini de la o v\u00e2rst\u0103 fraged\u0103, a fost important pentru noi s\u0103 facem v\u00e2nzarea \u0219i cump\u0103rarea de ma\u0219ini \u0219i motociclete mai accesibile, permi\u021b\u00e2ndu-v\u0103 s\u0103 vinde\u021bi sau s\u0103 cump\u0103ra\u021bi un vehicul, oriunde v-a\u021bi afla. ai g\u0103sit. &#8230; <a title=\"Peste pes\" class=\"read-more\" href=\"https:\/\/pistonaddict.com\/ro\/peste-pes\/\">Cite\u0219te mai mult<span class=\"screen-reader-text\">Peste pes<\/span><\/a><\/p>\n","protected":false},"author":1,"featured_media":0,"parent":0,"menu_order":0,"comment_status":"closed","ping_status":"closed","template":"","meta":{"inline_featured_image":false,"footnotes":""},"acf":[],"yoast_head":"<!-- This site is optimized with the Yoast SEO plugin v22.5 - https:\/\/yoast.com\/wordpress\/plugins\/seo\/ -->\n<title>Peste pes - Piston Addict<\/title>\n<meta name=\"robots\" content=\"index, follow, max-snippet:-1, max-image-preview:large, max-video-preview:-1\" \/>\n<link rel=\"canonical\" href=\"https:\/\/pistonaddict.com\/ro\/peste-pes\/\" \/>\n<meta property=\"og:locale\" content=\"ro_RO\" \/>\n<meta property=\"og:type\" content=\"article\" \/>\n<meta property=\"og:title\" content=\"Peste pes - Piston Addict\" \/>\n<meta property=\"og:description\" content=\"Despre Piston Addict Istoria noastr\u0103 Piston Addict este o platform\u0103 de licita\u021bii online specializat\u0103 \u00een vehicule de excep\u021bie. Pasiona\u021bi de ma\u0219ini de la o v\u00e2rst\u0103 fraged\u0103, a fost important pentru noi s\u0103 facem v\u00e2nzarea \u0219i cump\u0103rarea de ma\u0219ini \u0219i motociclete mai accesibile, permi\u021b\u00e2ndu-v\u0103 s\u0103 vinde\u021bi sau s\u0103 cump\u0103ra\u021bi un vehicul, oriunde v-a\u021bi afla. ai g\u0103sit. ... Cite\u0219te mai multPeste pes\" \/>\n<meta property=\"og:url\" content=\"https:\/\/pistonaddict.com\/ro\/peste-pes\/\" \/>\n<meta property=\"og:site_name\" content=\"Piston Addict\" \/>\n<meta property=\"article:modified_time\" content=\"2023-01-04T11:23:05+00:00\" \/>\n<meta name=\"twitter:card\" content=\"summary_large_image\" \/>\n<meta name=\"twitter:label1\" content=\"Timp estimat pentru citire\" \/>\n\t<meta name=\"twitter:data1\" content=\"1 minut\" \/>\n<script type=\"application\/ld+json\" class=\"yoast-schema-graph\">{\"@context\":\"https:\/\/schema.org\",\"@graph\":[{\"@type\":\"WebPage\",\"@id\":\"https:\/\/pistonaddict.com\/ro\/peste-pes\/\",\"url\":\"https:\/\/pistonaddict.com\/ro\/peste-pes\/\",\"name\":\"Peste pes - Piston Addict\",\"isPartOf\":{\"@id\":\"https:\/\/pistonaddict.com\/ro\/#website\"},\"datePublished\":\"2022-04-20T11:00:00+00:00\",\"dateModified\":\"2023-01-04T11:23:05+00:00\",\"breadcrumb\":{\"@id\":\"https:\/\/pistonaddict.com\/ro\/peste-pes\/#breadcrumb\"},\"inLanguage\":\"ro-RO\",\"potentialAction\":[{\"@type\":\"ReadAction\",\"target\":[\"https:\/\/pistonaddict.com\/ro\/peste-pes\/\"]}]},{\"@type\":\"BreadcrumbList\",\"@id\":\"https:\/\/pistonaddict.com\/ro\/peste-pes\/#breadcrumb\",\"itemListElement\":[{\"@type\":\"ListItem\",\"position\":1,\"name\":\"Pagina principala\",\"item\":\"https:\/\/pistonaddict.com\/ro\/pagina-de-start\/\"},{\"@type\":\"ListItem\",\"position\":2,\"name\":\"Peste pes\"}]},{\"@type\":\"WebSite\",\"@id\":\"https:\/\/pistonaddict.com\/ro\/#website\",\"url\":\"https:\/\/pistonaddict.com\/ro\/\",\"name\":\"Piston Addict\",\"description\":\"Only interesting vehicles\",\"publisher\":{\"@id\":\"https:\/\/pistonaddict.com\/ro\/#organization\"},\"potentialAction\":[{\"@type\":\"SearchAction\",\"target\":{\"@type\":\"EntryPoint\",\"urlTemplate\":\"https:\/\/pistonaddict.com\/ro\/?s={search_term_string}\"},\"query-input\":\"required name=search_term_string\"}],\"inLanguage\":\"ro-RO\"},{\"@type\":\"Organization\",\"@id\":\"https:\/\/pistonaddict.com\/ro\/#organization\",\"name\":\"Piston Addict\",\"url\":\"https:\/\/pistonaddict.com\/ro\/\",\"logo\":{\"@type\":\"ImageObject\",\"inLanguage\":\"ro-RO\",\"@id\":\"https:\/\/pistonaddict.com\/ro\/#\/schema\/logo\/image\/\",\"url\":\"https:\/\/pistonaddict.com\/wp-content\/uploads\/2022\/07\/logo-6.png\",\"contentUrl\":\"https:\/\/pistonaddict.com\/wp-content\/uploads\/2022\/07\/logo-6.png\",\"width\":970,\"height\":200,\"caption\":\"Piston Addict\"},\"image\":{\"@id\":\"https:\/\/pistonaddict.com\/ro\/#\/schema\/logo\/image\/\"}}]}<\/script>\n<!-- \/ Yoast SEO plugin. -->","yoast_head_json":{"title":"Peste pes - Piston Addict","robots":{"index":"index","follow":"follow","max-snippet":"max-snippet:-1","max-image-preview":"max-image-preview:large","max-video-preview":"max-video-preview:-1"},"canonical":"https:\/\/pistonaddict.com\/ro\/peste-pes\/","og_locale":"ro_RO","og_type":"article","og_title":"Peste pes - Piston Addict","og_description":"Despre Piston Addict Istoria noastr\u0103 Piston Addict este o platform\u0103 de licita\u021bii online specializat\u0103 \u00een vehicule de excep\u021bie. Pasiona\u021bi de ma\u0219ini de la o v\u00e2rst\u0103 fraged\u0103, a fost important pentru noi s\u0103 facem v\u00e2nzarea \u0219i cump\u0103rarea de ma\u0219ini \u0219i motociclete mai accesibile, permi\u021b\u00e2ndu-v\u0103 s\u0103 vinde\u021bi sau s\u0103 cump\u0103ra\u021bi un vehicul, oriunde v-a\u021bi afla. ai g\u0103sit. ... Cite\u0219te mai multPeste pes","og_url":"https:\/\/pistonaddict.com\/ro\/peste-pes\/","og_site_name":"Piston Addict","article_modified_time":"2023-01-04T11:23:05+00:00","twitter_card":"summary_large_image","twitter_misc":{"Timp estimat pentru citire":"1 minut"},"schema":{"@context":"https:\/\/schema.org","@graph":[{"@type":"WebPage","@id":"https:\/\/pistonaddict.com\/ro\/peste-pes\/","url":"https:\/\/pistonaddict.com\/ro\/peste-pes\/","name":"Peste pes - Piston Addict","isPartOf":{"@id":"https:\/\/pistonaddict.com\/ro\/#website"},"datePublished":"2022-04-20T11:00:00+00:00","dateModified":"2023-01-04T11:23:05+00:00","breadcrumb":{"@id":"https:\/\/pistonaddict.com\/ro\/peste-pes\/#breadcrumb"},"inLanguage":"ro-RO","potentialAction":[{"@type":"ReadAction","target":["https:\/\/pistonaddict.com\/ro\/peste-pes\/"]}]},{"@type":"BreadcrumbList","@id":"https:\/\/pistonaddict.com\/ro\/peste-pes\/#breadcrumb","itemListElement":[{"@type":"ListItem","position":1,"name":"Pagina principala","item":"https:\/\/pistonaddict.com\/ro\/pagina-de-start\/"},{"@type":"ListItem","position":2,"name":"Peste pes"}]},{"@type":"WebSite","@id":"https:\/\/pistonaddict.com\/ro\/#website","url":"https:\/\/pistonaddict.com\/ro\/","name":"Piston Addict","description":"Only interesting vehicles","publisher":{"@id":"https:\/\/pistonaddict.com\/ro\/#organization"},"potentialAction":[{"@type":"SearchAction","target":{"@type":"EntryPoint","urlTemplate":"https:\/\/pistonaddict.com\/ro\/?s={search_term_string}"},"query-input":"required name=search_term_string"}],"inLanguage":"ro-RO"},{"@type":"Organization","@id":"https:\/\/pistonaddict.com\/ro\/#organization","name":"Piston Addict","url":"https:\/\/pistonaddict.com\/ro\/","logo":{"@type":"ImageObject","inLanguage":"ro-RO","@id":"https:\/\/pistonaddict.com\/ro\/#\/schema\/logo\/image\/","url":"https:\/\/pistonaddict.com\/wp-content\/uploads\/2022\/07\/logo-6.png","contentUrl":"https:\/\/pistonaddict.com\/wp-content\/uploads\/2022\/07\/logo-6.png","width":970,"height":200,"caption":"Piston Addict"},"image":{"@id":"https:\/\/pistonaddict.com\/ro\/#\/schema\/logo\/image\/"}}]}},"_links":{"self":[{"href":"https:\/\/pistonaddict.com\/ro\/wp-json\/wp\/v2\/pages\/22655"}],"collection":[{"href":"https:\/\/pistonaddict.com\/ro\/wp-json\/wp\/v2\/pages"}],"about":[{"href":"https:\/\/pistonaddict.com\/ro\/wp-json\/wp\/v2\/types\/page"}],"author":[{"embeddable":true,"href":"https:\/\/pistonaddict.com\/ro\/wp-json\/wp\/v2\/users\/1"}],"replies":[{"embeddable":true,"href":"https:\/\/pistonaddict.com\/ro\/wp-json\/wp\/v2\/comments?post=22655"}],"version-history":[{"count":1,"href":"https:\/\/pistonaddict.com\/ro\/wp-json\/wp\/v2\/pages\/22655\/revisions"}],"predecessor-version":[{"id":22658,"href":"https:\/\/pistonaddict.com\/ro\/wp-json\/wp\/v2\/pages\/22655\/revisions\/22658"}],"wp:attachment":[{"href":"https:\/\/pistonaddict.com\/ro\/wp-json\/wp\/v2\/media?parent=22655"}],"curies":[{"name":"wp","href":"https:\/\/api.w.org\/{rel}","templated":true}]}}