{"id":18989,"date":"2022-04-20T13:00:00","date_gmt":"2022-04-20T11:00:00","guid":{"rendered":"https:\/\/pistonaddict.com\/despre-noi\/"},"modified":"2023-11-14T17:54:56","modified_gmt":"2023-11-14T16:54:56","slug":"despre-noi","status":"publish","type":"page","link":"https:\/\/pistonaddict.com\/ro\/despre-noi\/","title":{"rendered":"Despre noi"},"content":{"rendered":"\t\t<div data-elementor-type=\"wp-page\" data-elementor-id=\"18989\" class=\"elementor elementor-18989 elementor-2278\">\n\t\t\t\t\t\t<section class=\"elementor-section elementor-top-section elementor-element elementor-element-3668bb8 elementor-section-full_width elementor-section-content-middle banniere-page elementor-section-height-default elementor-section-height-default\" data-id=\"3668bb8\" data-element_type=\"section\" data-settings=\"{&quot;background_background&quot;:&quot;classic&quot;}\">\n\t\t\t\t\t\t<div class=\"elementor-container elementor-column-gap-default\">\n\t\t\t\t\t<div class=\"elementor-column elementor-col-100 elementor-top-column elementor-element elementor-element-b2088b2\" data-id=\"b2088b2\" data-element_type=\"column\">\n\t\t\t<div class=\"elementor-widget-wrap elementor-element-populated\">\n\t\t\t\t\t\t<div class=\"elementor-element elementor-element-26e06c0 elementor-widget elementor-widget-heading\" data-id=\"26e06c0\" data-element_type=\"widget\" data-widget_type=\"heading.default\">\n\t\t\t\t<div class=\"elementor-widget-container\">\n\t\t\t<style>\/*! elementor - v3.21.0 - 18-04-2024 *\/\n.elementor-heading-title{padding:0;margin:0;line-height:1}.elementor-widget-heading .elementor-heading-title[class*=elementor-size-]>a{color:inherit;font-size:inherit;line-height:inherit}.elementor-widget-heading .elementor-heading-title.elementor-size-small{font-size:15px}.elementor-widget-heading .elementor-heading-title.elementor-size-medium{font-size:19px}.elementor-widget-heading .elementor-heading-title.elementor-size-large{font-size:29px}.elementor-widget-heading .elementor-heading-title.elementor-size-xl{font-size:39px}.elementor-widget-heading .elementor-heading-title.elementor-size-xxl{font-size:59px}<\/style><h1 class=\"elementor-heading-title elementor-size-default\">Despre Piston Addict<\/h1>\t\t<\/div>\n\t\t\t\t<\/div>\n\t\t\t\t\t<\/div>\n\t\t<\/div>\n\t\t\t\t\t<\/div>\n\t\t<\/section>\n\t\t\t\t<section class=\"elementor-section elementor-top-section elementor-element elementor-element-62ecd00 elementor-section-full_width descs elementor-section-height-default elementor-section-height-default\" data-id=\"62ecd00\" data-element_type=\"section\">\n\t\t\t\t\t\t<div class=\"elementor-container elementor-column-gap-default\">\n\t\t\t\t\t<div class=\"elementor-column elementor-col-100 elementor-top-column elementor-element elementor-element-cae2e10\" data-id=\"cae2e10\" data-element_type=\"column\">\n\t\t\t<div class=\"elementor-widget-wrap elementor-element-populated\">\n\t\t\t\t\t\t<div class=\"elementor-element elementor-element-174bee4 elementor-widget elementor-widget-text-editor\" data-id=\"174bee4\" data-element_type=\"widget\" data-widget_type=\"text-editor.default\">\n\t\t\t\t<div class=\"elementor-widget-container\">\n\t\t\t<style>\/*! elementor - v3.21.0 - 18-04-2024 *\/\n.elementor-widget-text-editor.elementor-drop-cap-view-stacked .elementor-drop-cap{background-color:#69727d;color:#fff}.elementor-widget-text-editor.elementor-drop-cap-view-framed .elementor-drop-cap{color:#69727d;border:3px solid;background-color:transparent}.elementor-widget-text-editor:not(.elementor-drop-cap-view-default) .elementor-drop-cap{margin-top:8px}.elementor-widget-text-editor:not(.elementor-drop-cap-view-default) .elementor-drop-cap-letter{width:1em;height:1em}.elementor-widget-text-editor .elementor-drop-cap{float:left;text-align:center;line-height:1;font-size:50px}.elementor-widget-text-editor .elementor-drop-cap-letter{display:inline-block}<\/style>\t\t\t\t<h2>Istoria noastr\u0103<\/h2>\nPiston Addict este o platform\u0103 de licita\u021bii online specializat\u0103 \u00een vehicule de excep\u021bie.\n\nPasiona\u021bi de ma\u0219ini de la o v\u00e2rst\u0103 fraged\u0103, a fost important pentru noi s\u0103 facem v\u00e2nzarea \u0219i cump\u0103rarea de ma\u0219ini \u0219i motociclete mai accesibile, permi\u021b\u00e2ndu-v\u0103 s\u0103 vinde\u021bi sau s\u0103 cump\u0103ra\u021bi un vehicul, oriunde v-a\u021bi afla.\n\nPiston Addict s-a n\u0103scut din dorin\u021ba de a revolu\u021biona pia\u021ba vehiculelor de ocazie \u00een cel mai simplu, fluid \u0219i transparent mod, tot ce ai nevoie este un click sau o licita\u021bie pentru a achizi\u021biona \u0219i vinde vehicule interesante.\n\n<b>Lansat de pasiona\u021bi, profesioni\u0219ti \u00een domeniu cu peste 20 de ani de experien\u021b\u0103 \u00een domeniul auto.<\/b>, sus\u021binut\u0103 de un grup cu o cifr\u0103 de afaceri de peste 500 de milioane de euro \u00een ultimii 10 ani, cu ac\u021bionari care colec\u021bioneaz\u0103 vehicule de excep\u021bie \u00een ultimii 30 de ani, care au avut \u0219ansa de a de\u021bine ma\u0219ini legendare, cum ar fi  <a href=\"https:\/\/pistonaddict.com\/ro\/vand-ferrari-250-gto\/\">Ferrari 250 GTO<\/a>,  <a href=\"https:\/\/pistonaddict.com\/ro\/ferrari-250-gt-swb-pentru-vanzare-la-licitatie\/\">Ferrari 250 GT SWB<\/a>, <a href=\"https:\/\/pistonaddict.com\/ro\/vand-lamborghini-miura\/\">Lamborghini Miura SV<\/a>, <a href=\"https:\/\/pistonaddict.com\/ro\/porsche-959-de-vanzare-la-licitatie\/\">Porsche 959<\/a>, <a href=\"https:\/\/pistonaddict.com\/ro\/shelby-ac-cobra-de-vanzare\/\">AC Cobra<\/a> sau <a href=\"https:\/\/pistonaddict.com\/ro\/maserati-5000-gt-de-vanzare-la-licitatie\/\">Maserati 5000 GT<\/a>.\n\nDorin\u021ba de a ne \u00eemp\u0103rt\u0103\u0219i pasiunea ne-a determinat s\u0103 cre\u0103m Piston Addict.\n<h2><\/h2>\n<h2>Cum lucr\u0103m<\/h2>\nPiston Addict reinventeaz\u0103 modul de a vinde sau de a cump\u0103ra vehicule clasice, de colec\u021bie \u0219i de entuziasm.\n\nStudiem fiecare vehicul trimis, cu cea mai mare aten\u021bie: la Piston Addict, ve\u021bi g\u0103si o echip\u0103 de entuzia\u0219ti care sunt exper\u021bi \u00een vehicule motorizate vechi \u0219i moderne.\n\nLicita\u021biile noastre ofer\u0103 transparen\u021b\u0103 total\u0103, liste mai cuprinz\u0103toare \u0219i comisioane echitabile \u00een compara\u021bie cu platformele tradi\u021bionale. Select\u0103m o gam\u0103 larg\u0103 de m\u0103rci, modele \u0219i tipuri de autovehicule, dorim s\u0103 vedem c\u00e2t mai multe pe care le pute\u021bi spera!\n\t<div id=\"hp-videos\" class=\"internal-page\">\n\t\t\t\t\t<div class=\"row\">\n\t\t\t\t\t\t\t\t\t\t\t\t\t\t\t<div class=\"col-2\">\n\t\t\t\t\t\t\t<div class=\"titre\">Cum s\u0103 vinzi o ma\u0219in\u0103?<\/div>\n\t\t\t\t\t\t\t<div class=\"video\"><iframe width=\"560\" height=\"315\" src=\"https:\/\/www.youtube.com\/embed\/O3Y_LGkk7SA?si=lrPDABSM1_VbMAty&#038;cc_load_policy=1&#038;cc_lang_pref=ro\" title=\"YouTube video player\" frameborder=\"0\" allow=\"accelerometer; autoplay; clipboard-write; encrypted-media; gyroscope; picture-in-picture; web-share\" allowfullscreen><\/iframe><\/div>\n\t\t\t\t\t\t<\/div>\n\t\t\t\t\t\t\t\t\t\t\t\t\t\t\t\t\t\t\t\t<div class=\"col-2\">\n\t\t\t\t\t\t\t<div class=\"titre\">Cum s\u0103 cump\u0103ra\u021bi o ma\u0219in\u0103?<\/div>\n\t\t\t\t\t\t\t<div class=\"video\"><iframe width=\"560\" height=\"315\" src=\"https:\/\/www.youtube.com\/embed\/rpL_CWBVwKk?si=Inx_LsS68MsBiaVq&#038;cc_load_policy=1&#038;cc_lang_pref=ro\" title=\"YouTube video player\" frameborder=\"0\" allow=\"accelerometer; autoplay; clipboard-write; encrypted-media; gyroscope; picture-in-picture; web-share\" allowfullscreen><\/iframe><\/div>\n\t\t\t\t\t\t<\/div>\n\t\t\t\t\t\t\t\t\t\t\t\t<\/div>\n\t\t\t<\/div>\n\t\t\n<div class=\"grid-container\" id=\"logos-mag\">\n\t    \t<h3>Prezentat \u00een urm\u0103toarele reviste<\/h3>\n    \t<div class=\"c-logos-mag\">\n\t\t\t                                \t<div>\n                    \t<img \n                        \tsrc=\"https:\/\/pistonaddict.com\/wp-content\/uploads\/2023\/11\/1-logo-sport-auto-300x300-couleur.png\" \n                            alt=\"Sport Auto\" \n                        \ttitle=\"Sport Auto\" class=\"responsive-img\" \/>\n                    <\/div>\n                                                            \t<div>\n                    \t<img \n                        \tsrc=\"https:\/\/pistonaddict.com\/wp-content\/uploads\/2023\/11\/2-logo-auto-epca-300x300-couleur.png\" \n                            alt=\"Auto d\u2019Epoca\" \n                        \ttitle=\"Auto d\u2019Epoca\" class=\"responsive-img\" \/>\n                    <\/div>\n                                                            \t<div>\n                    \t<img \n                        \tsrc=\"https:\/\/pistonaddict.com\/wp-content\/uploads\/2023\/11\/3-logo-classic-300x300-couleur.png\" \n                            alt=\"Classic &amp; Sports Car\" \n                        \ttitle=\"Classic &amp; Sports Car\" class=\"responsive-img\" \/>\n                    <\/div>\n                                                            \t<div>\n                    \t<img \n                        \tsrc=\"https:\/\/pistonaddict.com\/wp-content\/uploads\/2023\/11\/4-logo-motor-klassik-300x300-couleur.png\" \n                            alt=\"Motor Klassik\" \n                        \ttitle=\"Motor Klassik\" class=\"responsive-img\" \/>\n                    <\/div>\n                                                            \t<div>\n                    \t<img \n                        \tsrc=\"https:\/\/pistonaddict.com\/wp-content\/uploads\/2023\/11\/5-logo-sport-auto-classiques-300x300-couleur.png\" \n                            alt=\"Sport Auto Classiques\" \n                        \ttitle=\"Sport Auto Classiques\" class=\"responsive-img\" \/>\n                    <\/div>\n                                    <\/div>\n    <\/div>\n\t\n<h2>Ave\u021bi vreo \u00eentrebare? <a href=\"https:\/\/pistonaddict.com\/ro\/contacteaza-ne\/\">Contacta\u021bi-ne<\/a>.<\/h2>\t\t\t\t\t\t<\/div>\n\t\t\t\t<\/div>\n\t\t\t\t\t<\/div>\n\t\t<\/div>\n\t\t\t\t\t<\/div>\n\t\t<\/section>\n\t\t\t\t<section class=\"elementor-section elementor-top-section elementor-element elementor-element-38f2e81 elementor-section-content-middle story elementor-section-boxed elementor-section-height-default elementor-section-height-default\" data-id=\"38f2e81\" data-element_type=\"section\" data-settings=\"{&quot;background_background&quot;:&quot;gradient&quot;}\">\n\t\t\t\t\t\t<div class=\"elementor-container elementor-column-gap-default\">\n\t\t\t\t\t<div class=\"elementor-column elementor-col-100 elementor-top-column elementor-element elementor-element-71b8e7e\" data-id=\"71b8e7e\" data-element_type=\"column\">\n\t\t\t<div class=\"elementor-widget-wrap elementor-element-populated\">\n\t\t\t\t\t\t<div class=\"elementor-element elementor-element-205cd4d elementor-widget elementor-widget-text-editor\" data-id=\"205cd4d\" data-element_type=\"widget\" data-widget_type=\"text-editor.default\">\n\t\t\t\t<div class=\"elementor-widget-container\">\n\t\t\t\t\t\t\t\n          <h3>M\u0103rturie<\/h3>\n          <p>Ne place c\u00e2nd cump\u0103r\u0103torii \u0219i v\u00e2nz\u0103torii ne povestesc despre experien\u021bele bune pe care le-au avut pe site-ul nostru.<\/p>\n          <p>Trimite-ne povestea ta de cump\u0103rare sau de v\u00e2nzare, \u00eempreun\u0103 cu ni\u0219te fotografii interesante \u0219i vom publica m\u0103rturia ta.<\/p>\n          <p>\n            <a href=\"mailto:contact@pistonaddict.com\">Trimite\u021bi m\u0103rturia dvs.<\/a>\n          <\/p>\n        \t\t\t\t\t\t<\/div>\n\t\t\t\t<\/div>\n\t\t\t\t\t<\/div>\n\t\t<\/div>\n\t\t\t\t\t<\/div>\n\t\t<\/section>\n\t\t\t\t<\/div>\n\t\t","protected":false},"excerpt":{"rendered":"<p>Despre Piston Addict Istoria noastr\u0103 Piston Addict este o platform\u0103 de licita\u021bii online specializat\u0103 \u00een vehicule de excep\u021bie. Pasiona\u021bi de ma\u0219ini de la o v\u00e2rst\u0103 fraged\u0103, a fost important pentru noi s\u0103 facem v\u00e2nzarea \u0219i cump\u0103rarea de ma\u0219ini \u0219i motociclete mai accesibile, permi\u021b\u00e2ndu-v\u0103 s\u0103 vinde\u021bi sau s\u0103 cump\u0103ra\u021bi un vehicul, oriunde v-a\u021bi afla. Piston Addict &#8230; <a title=\"Despre noi\" class=\"read-more\" href=\"https:\/\/pistonaddict.com\/ro\/despre-noi\/\">Cite\u0219te mai mult<span class=\"screen-reader-text\">Despre noi<\/span><\/a><\/p>\n","protected":false},"author":1,"featured_media":0,"parent":0,"menu_order":0,"comment_status":"closed","ping_status":"closed","template":"","meta":{"inline_featured_image":false,"footnotes":""},"acf":[],"yoast_head":"<!-- This site is optimized with the Yoast SEO plugin v22.5 - https:\/\/yoast.com\/wordpress\/plugins\/seo\/ -->\n<title>Despre noi - Piston Addict<\/title>\n<meta name=\"robots\" content=\"index, follow, max-snippet:-1, max-image-preview:large, max-video-preview:-1\" \/>\n<link rel=\"canonical\" href=\"https:\/\/pistonaddict.com\/ro\/despre-noi\/\" \/>\n<meta property=\"og:locale\" content=\"ro_RO\" \/>\n<meta property=\"og:type\" content=\"article\" \/>\n<meta property=\"og:title\" content=\"Despre noi - Piston Addict\" \/>\n<meta property=\"og:description\" content=\"Despre Piston Addict Istoria noastr\u0103 Piston Addict este o platform\u0103 de licita\u021bii online specializat\u0103 \u00een vehicule de excep\u021bie. Pasiona\u021bi de ma\u0219ini de la o v\u00e2rst\u0103 fraged\u0103, a fost important pentru noi s\u0103 facem v\u00e2nzarea \u0219i cump\u0103rarea de ma\u0219ini \u0219i motociclete mai accesibile, permi\u021b\u00e2ndu-v\u0103 s\u0103 vinde\u021bi sau s\u0103 cump\u0103ra\u021bi un vehicul, oriunde v-a\u021bi afla. Piston Addict ... Cite\u0219te mai multDespre noi\" \/>\n<meta property=\"og:url\" content=\"https:\/\/pistonaddict.com\/ro\/despre-noi\/\" \/>\n<meta property=\"og:site_name\" content=\"Piston Addict\" \/>\n<meta property=\"article:modified_time\" content=\"2023-11-14T16:54:56+00:00\" \/>\n<meta name=\"twitter:card\" content=\"summary_large_image\" \/>\n<meta name=\"twitter:label1\" content=\"Timp estimat pentru citire\" \/>\n\t<meta name=\"twitter:data1\" content=\"2 minute\" \/>\n<script type=\"application\/ld+json\" class=\"yoast-schema-graph\">{\"@context\":\"https:\/\/schema.org\",\"@graph\":[{\"@type\":\"WebPage\",\"@id\":\"https:\/\/pistonaddict.com\/ro\/despre-noi\/\",\"url\":\"https:\/\/pistonaddict.com\/ro\/despre-noi\/\",\"name\":\"Despre noi - Piston Addict\",\"isPartOf\":{\"@id\":\"https:\/\/pistonaddict.com\/ro\/#website\"},\"datePublished\":\"2022-04-20T11:00:00+00:00\",\"dateModified\":\"2023-11-14T16:54:56+00:00\",\"breadcrumb\":{\"@id\":\"https:\/\/pistonaddict.com\/ro\/despre-noi\/#breadcrumb\"},\"inLanguage\":\"ro-RO\",\"potentialAction\":[{\"@type\":\"ReadAction\",\"target\":[\"https:\/\/pistonaddict.com\/ro\/despre-noi\/\"]}]},{\"@type\":\"BreadcrumbList\",\"@id\":\"https:\/\/pistonaddict.com\/ro\/despre-noi\/#breadcrumb\",\"itemListElement\":[{\"@type\":\"ListItem\",\"position\":1,\"name\":\"Pagina principala\",\"item\":\"https:\/\/pistonaddict.com\/ro\/pagina-de-start\/\"},{\"@type\":\"ListItem\",\"position\":2,\"name\":\"Despre noi\"}]},{\"@type\":\"WebSite\",\"@id\":\"https:\/\/pistonaddict.com\/ro\/#website\",\"url\":\"https:\/\/pistonaddict.com\/ro\/\",\"name\":\"Piston Addict\",\"description\":\"Only interesting vehicles\",\"publisher\":{\"@id\":\"https:\/\/pistonaddict.com\/ro\/#organization\"},\"potentialAction\":[{\"@type\":\"SearchAction\",\"target\":{\"@type\":\"EntryPoint\",\"urlTemplate\":\"https:\/\/pistonaddict.com\/ro\/?s={search_term_string}\"},\"query-input\":\"required name=search_term_string\"}],\"inLanguage\":\"ro-RO\"},{\"@type\":\"Organization\",\"@id\":\"https:\/\/pistonaddict.com\/ro\/#organization\",\"name\":\"Piston Addict\",\"url\":\"https:\/\/pistonaddict.com\/ro\/\",\"logo\":{\"@type\":\"ImageObject\",\"inLanguage\":\"ro-RO\",\"@id\":\"https:\/\/pistonaddict.com\/ro\/#\/schema\/logo\/image\/\",\"url\":\"https:\/\/pistonaddict.com\/wp-content\/uploads\/2022\/07\/logo-6.png\",\"contentUrl\":\"https:\/\/pistonaddict.com\/wp-content\/uploads\/2022\/07\/logo-6.png\",\"width\":970,\"height\":200,\"caption\":\"Piston Addict\"},\"image\":{\"@id\":\"https:\/\/pistonaddict.com\/ro\/#\/schema\/logo\/image\/\"}}]}<\/script>\n<!-- \/ Yoast SEO plugin. -->","yoast_head_json":{"title":"Despre noi - Piston Addict","robots":{"index":"index","follow":"follow","max-snippet":"max-snippet:-1","max-image-preview":"max-image-preview:large","max-video-preview":"max-video-preview:-1"},"canonical":"https:\/\/pistonaddict.com\/ro\/despre-noi\/","og_locale":"ro_RO","og_type":"article","og_title":"Despre noi - Piston Addict","og_description":"Despre Piston Addict Istoria noastr\u0103 Piston Addict este o platform\u0103 de licita\u021bii online specializat\u0103 \u00een vehicule de excep\u021bie. Pasiona\u021bi de ma\u0219ini de la o v\u00e2rst\u0103 fraged\u0103, a fost important pentru noi s\u0103 facem v\u00e2nzarea \u0219i cump\u0103rarea de ma\u0219ini \u0219i motociclete mai accesibile, permi\u021b\u00e2ndu-v\u0103 s\u0103 vinde\u021bi sau s\u0103 cump\u0103ra\u021bi un vehicul, oriunde v-a\u021bi afla. Piston Addict ... Cite\u0219te mai multDespre noi","og_url":"https:\/\/pistonaddict.com\/ro\/despre-noi\/","og_site_name":"Piston Addict","article_modified_time":"2023-11-14T16:54:56+00:00","twitter_card":"summary_large_image","twitter_misc":{"Timp estimat pentru citire":"2 minute"},"schema":{"@context":"https:\/\/schema.org","@graph":[{"@type":"WebPage","@id":"https:\/\/pistonaddict.com\/ro\/despre-noi\/","url":"https:\/\/pistonaddict.com\/ro\/despre-noi\/","name":"Despre noi - Piston Addict","isPartOf":{"@id":"https:\/\/pistonaddict.com\/ro\/#website"},"datePublished":"2022-04-20T11:00:00+00:00","dateModified":"2023-11-14T16:54:56+00:00","breadcrumb":{"@id":"https:\/\/pistonaddict.com\/ro\/despre-noi\/#breadcrumb"},"inLanguage":"ro-RO","potentialAction":[{"@type":"ReadAction","target":["https:\/\/pistonaddict.com\/ro\/despre-noi\/"]}]},{"@type":"BreadcrumbList","@id":"https:\/\/pistonaddict.com\/ro\/despre-noi\/#breadcrumb","itemListElement":[{"@type":"ListItem","position":1,"name":"Pagina principala","item":"https:\/\/pistonaddict.com\/ro\/pagina-de-start\/"},{"@type":"ListItem","position":2,"name":"Despre noi"}]},{"@type":"WebSite","@id":"https:\/\/pistonaddict.com\/ro\/#website","url":"https:\/\/pistonaddict.com\/ro\/","name":"Piston Addict","description":"Only interesting vehicles","publisher":{"@id":"https:\/\/pistonaddict.com\/ro\/#organization"},"potentialAction":[{"@type":"SearchAction","target":{"@type":"EntryPoint","urlTemplate":"https:\/\/pistonaddict.com\/ro\/?s={search_term_string}"},"query-input":"required name=search_term_string"}],"inLanguage":"ro-RO"},{"@type":"Organization","@id":"https:\/\/pistonaddict.com\/ro\/#organization","name":"Piston Addict","url":"https:\/\/pistonaddict.com\/ro\/","logo":{"@type":"ImageObject","inLanguage":"ro-RO","@id":"https:\/\/pistonaddict.com\/ro\/#\/schema\/logo\/image\/","url":"https:\/\/pistonaddict.com\/wp-content\/uploads\/2022\/07\/logo-6.png","contentUrl":"https:\/\/pistonaddict.com\/wp-content\/uploads\/2022\/07\/logo-6.png","width":970,"height":200,"caption":"Piston Addict"},"image":{"@id":"https:\/\/pistonaddict.com\/ro\/#\/schema\/logo\/image\/"}}]}},"_links":{"self":[{"href":"https:\/\/pistonaddict.com\/ro\/wp-json\/wp\/v2\/pages\/18989"}],"collection":[{"href":"https:\/\/pistonaddict.com\/ro\/wp-json\/wp\/v2\/pages"}],"about":[{"href":"https:\/\/pistonaddict.com\/ro\/wp-json\/wp\/v2\/types\/page"}],"author":[{"embeddable":true,"href":"https:\/\/pistonaddict.com\/ro\/wp-json\/wp\/v2\/users\/1"}],"replies":[{"embeddable":true,"href":"https:\/\/pistonaddict.com\/ro\/wp-json\/wp\/v2\/comments?post=18989"}],"version-history":[{"count":17,"href":"https:\/\/pistonaddict.com\/ro\/wp-json\/wp\/v2\/pages\/18989\/revisions"}],"predecessor-version":[{"id":70331,"href":"https:\/\/pistonaddict.com\/ro\/wp-json\/wp\/v2\/pages\/18989\/revisions\/70331"}],"wp:attachment":[{"href":"https:\/\/pistonaddict.com\/ro\/wp-json\/wp\/v2\/media?parent=18989"}],"curies":[{"name":"wp","href":"https:\/\/api.w.org\/{rel}","templated":true}]}}