{"id":11056,"date":"2022-07-05T08:47:55","date_gmt":"2022-07-05T06:47:55","guid":{"rendered":"https:\/\/pistonaddict.com\/contul-meu\/licitatiile-mele\/"},"modified":"2022-07-05T08:49:09","modified_gmt":"2022-07-05T06:49:09","slug":"licitatiile-mele","status":"publish","type":"page","link":"https:\/\/pistonaddict.com\/ro\/contul-meu\/licitatiile-mele\/","title":{"rendered":"Licita\u021biile mele"},"content":{"rendered":"<h1>Licita\u021biile mele<\/h1>\n<h2>Activitatea mea de licita\u021bii<\/h2>\n<p>&nbsp;<\/p>\n<div class=\"woocommerce\"><p class=\"woocommerce-info\">V\u0103 rug\u0103m s\u0103 v\u0103 autentifica\u021bi pentru a vedea activitatea dumneavoastr\u0103 la licita\u021bii.<\/p><\/div>\n<h2>Licita\u021biile mele whatchlist<\/h2>\n<p>&nbsp;<\/p>\n<div class=\"woocommerce\"><p class=\"woocommerce-info\">V\u0103 rug\u0103m s\u0103 v\u0103 autentifica\u021bi pentru a v\u0103 vedea licita\u021biile.<\/p><\/div>\n","protected":false},"excerpt":{"rendered":"<p>Licita\u021biile mele Activitatea mea de licita\u021bii &nbsp; Licita\u021biile mele whatchlist &nbsp;<\/p>\n","protected":false},"author":1,"featured_media":0,"parent":2168,"menu_order":0,"comment_status":"closed","ping_status":"closed","template":"","meta":{"inline_featured_image":false,"footnotes":""},"acf":[],"yoast_head":"<!-- This site is optimized with the Yoast SEO plugin v22.5 - https:\/\/yoast.com\/wordpress\/plugins\/seo\/ -->\n<title>Licita\u021biile mele - Piston Addict<\/title>\n<meta name=\"robots\" content=\"index, follow, max-snippet:-1, max-image-preview:large, max-video-preview:-1\" \/>\n<link rel=\"canonical\" href=\"https:\/\/pistonaddict.com\/ro\/contul-meu\/licitatiile-mele\/\" \/>\n<meta property=\"og:locale\" content=\"ro_RO\" \/>\n<meta property=\"og:type\" content=\"article\" \/>\n<meta property=\"og:title\" content=\"Licita\u021biile mele - Piston Addict\" \/>\n<meta property=\"og:description\" content=\"Licita\u021biile mele Activitatea mea de licita\u021bii &nbsp; Licita\u021biile mele whatchlist &nbsp;\" \/>\n<meta property=\"og:url\" content=\"https:\/\/pistonaddict.com\/ro\/contul-meu\/licitatiile-mele\/\" \/>\n<meta property=\"og:site_name\" content=\"Piston Addict\" \/>\n<meta property=\"article:modified_time\" content=\"2022-07-05T06:49:09+00:00\" \/>\n<meta name=\"twitter:card\" content=\"summary_large_image\" \/>\n<script type=\"application\/ld+json\" class=\"yoast-schema-graph\">{\"@context\":\"https:\/\/schema.org\",\"@graph\":[{\"@type\":\"WebPage\",\"@id\":\"https:\/\/pistonaddict.com\/ro\/contul-meu\/licitatiile-mele\/\",\"url\":\"https:\/\/pistonaddict.com\/ro\/contul-meu\/licitatiile-mele\/\",\"name\":\"Licita\u021biile mele - Piston Addict\",\"isPartOf\":{\"@id\":\"https:\/\/pistonaddict.com\/ro\/#website\"},\"datePublished\":\"2022-07-05T06:47:55+00:00\",\"dateModified\":\"2022-07-05T06:49:09+00:00\",\"breadcrumb\":{\"@id\":\"https:\/\/pistonaddict.com\/ro\/contul-meu\/licitatiile-mele\/#breadcrumb\"},\"inLanguage\":\"ro-RO\",\"potentialAction\":[{\"@type\":\"ReadAction\",\"target\":[\"https:\/\/pistonaddict.com\/ro\/contul-meu\/licitatiile-mele\/\"]}]},{\"@type\":\"BreadcrumbList\",\"@id\":\"https:\/\/pistonaddict.com\/ro\/contul-meu\/licitatiile-mele\/#breadcrumb\",\"itemListElement\":[{\"@type\":\"ListItem\",\"position\":1,\"name\":\"Pagina principala\",\"item\":\"https:\/\/pistonaddict.com\/ro\/pagina-de-start\/\"},{\"@type\":\"ListItem\",\"position\":2,\"name\":\"Contul meu\",\"item\":\"https:\/\/pistonaddict.com\/ro\/contul-meu\/\"},{\"@type\":\"ListItem\",\"position\":3,\"name\":\"Licita\u021biile mele\"}]},{\"@type\":\"WebSite\",\"@id\":\"https:\/\/pistonaddict.com\/ro\/#website\",\"url\":\"https:\/\/pistonaddict.com\/ro\/\",\"name\":\"Piston Addict\",\"description\":\"Only interesting vehicles\",\"publisher\":{\"@id\":\"https:\/\/pistonaddict.com\/ro\/#organization\"},\"potentialAction\":[{\"@type\":\"SearchAction\",\"target\":{\"@type\":\"EntryPoint\",\"urlTemplate\":\"https:\/\/pistonaddict.com\/ro\/?s={search_term_string}\"},\"query-input\":\"required name=search_term_string\"}],\"inLanguage\":\"ro-RO\"},{\"@type\":\"Organization\",\"@id\":\"https:\/\/pistonaddict.com\/ro\/#organization\",\"name\":\"Piston Addict\",\"url\":\"https:\/\/pistonaddict.com\/ro\/\",\"logo\":{\"@type\":\"ImageObject\",\"inLanguage\":\"ro-RO\",\"@id\":\"https:\/\/pistonaddict.com\/ro\/#\/schema\/logo\/image\/\",\"url\":\"https:\/\/pistonaddict.com\/wp-content\/uploads\/2022\/07\/logo-6.png\",\"contentUrl\":\"https:\/\/pistonaddict.com\/wp-content\/uploads\/2022\/07\/logo-6.png\",\"width\":970,\"height\":200,\"caption\":\"Piston Addict\"},\"image\":{\"@id\":\"https:\/\/pistonaddict.com\/ro\/#\/schema\/logo\/image\/\"}}]}<\/script>\n<!-- \/ Yoast SEO plugin. -->","yoast_head_json":{"title":"Licita\u021biile mele - Piston Addict","robots":{"index":"index","follow":"follow","max-snippet":"max-snippet:-1","max-image-preview":"max-image-preview:large","max-video-preview":"max-video-preview:-1"},"canonical":"https:\/\/pistonaddict.com\/ro\/contul-meu\/licitatiile-mele\/","og_locale":"ro_RO","og_type":"article","og_title":"Licita\u021biile mele - Piston Addict","og_description":"Licita\u021biile mele Activitatea mea de licita\u021bii &nbsp; Licita\u021biile mele whatchlist &nbsp;","og_url":"https:\/\/pistonaddict.com\/ro\/contul-meu\/licitatiile-mele\/","og_site_name":"Piston Addict","article_modified_time":"2022-07-05T06:49:09+00:00","twitter_card":"summary_large_image","schema":{"@context":"https:\/\/schema.org","@graph":[{"@type":"WebPage","@id":"https:\/\/pistonaddict.com\/ro\/contul-meu\/licitatiile-mele\/","url":"https:\/\/pistonaddict.com\/ro\/contul-meu\/licitatiile-mele\/","name":"Licita\u021biile mele - Piston Addict","isPartOf":{"@id":"https:\/\/pistonaddict.com\/ro\/#website"},"datePublished":"2022-07-05T06:47:55+00:00","dateModified":"2022-07-05T06:49:09+00:00","breadcrumb":{"@id":"https:\/\/pistonaddict.com\/ro\/contul-meu\/licitatiile-mele\/#breadcrumb"},"inLanguage":"ro-RO","potentialAction":[{"@type":"ReadAction","target":["https:\/\/pistonaddict.com\/ro\/contul-meu\/licitatiile-mele\/"]}]},{"@type":"BreadcrumbList","@id":"https:\/\/pistonaddict.com\/ro\/contul-meu\/licitatiile-mele\/#breadcrumb","itemListElement":[{"@type":"ListItem","position":1,"name":"Pagina principala","item":"https:\/\/pistonaddict.com\/ro\/pagina-de-start\/"},{"@type":"ListItem","position":2,"name":"Contul meu","item":"https:\/\/pistonaddict.com\/ro\/contul-meu\/"},{"@type":"ListItem","position":3,"name":"Licita\u021biile mele"}]},{"@type":"WebSite","@id":"https:\/\/pistonaddict.com\/ro\/#website","url":"https:\/\/pistonaddict.com\/ro\/","name":"Piston Addict","description":"Only interesting vehicles","publisher":{"@id":"https:\/\/pistonaddict.com\/ro\/#organization"},"potentialAction":[{"@type":"SearchAction","target":{"@type":"EntryPoint","urlTemplate":"https:\/\/pistonaddict.com\/ro\/?s={search_term_string}"},"query-input":"required name=search_term_string"}],"inLanguage":"ro-RO"},{"@type":"Organization","@id":"https:\/\/pistonaddict.com\/ro\/#organization","name":"Piston Addict","url":"https:\/\/pistonaddict.com\/ro\/","logo":{"@type":"ImageObject","inLanguage":"ro-RO","@id":"https:\/\/pistonaddict.com\/ro\/#\/schema\/logo\/image\/","url":"https:\/\/pistonaddict.com\/wp-content\/uploads\/2022\/07\/logo-6.png","contentUrl":"https:\/\/pistonaddict.com\/wp-content\/uploads\/2022\/07\/logo-6.png","width":970,"height":200,"caption":"Piston Addict"},"image":{"@id":"https:\/\/pistonaddict.com\/ro\/#\/schema\/logo\/image\/"}}]}},"_links":{"self":[{"href":"https:\/\/pistonaddict.com\/ro\/wp-json\/wp\/v2\/pages\/11056"}],"collection":[{"href":"https:\/\/pistonaddict.com\/ro\/wp-json\/wp\/v2\/pages"}],"about":[{"href":"https:\/\/pistonaddict.com\/ro\/wp-json\/wp\/v2\/types\/page"}],"author":[{"embeddable":true,"href":"https:\/\/pistonaddict.com\/ro\/wp-json\/wp\/v2\/users\/1"}],"replies":[{"embeddable":true,"href":"https:\/\/pistonaddict.com\/ro\/wp-json\/wp\/v2\/comments?post=11056"}],"version-history":[{"count":1,"href":"https:\/\/pistonaddict.com\/ro\/wp-json\/wp\/v2\/pages\/11056\/revisions"}],"predecessor-version":[{"id":11081,"href":"https:\/\/pistonaddict.com\/ro\/wp-json\/wp\/v2\/pages\/11056\/revisions\/11081"}],"up":[{"embeddable":true,"href":"https:\/\/pistonaddict.com\/ro\/wp-json\/wp\/v2\/pages\/2168"}],"wp:attachment":[{"href":"https:\/\/pistonaddict.com\/ro\/wp-json\/wp\/v2\/media?parent=11056"}],"curies":[{"name":"wp","href":"https:\/\/api.w.org\/{rel}","templated":true}]}}