{"id":98279,"date":"2024-03-20T15:15:43","date_gmt":"2024-03-20T14:15:43","guid":{"rendered":"https:\/\/pistonaddict.com\/product\/porsche-997-targa\/"},"modified":"2024-03-20T15:24:03","modified_gmt":"2024-03-20T14:24:03","slug":"porsche-997-targa","status":"publish","type":"product","link":"https:\/\/pistonaddict.com\/pt-pt\/product\/porsche-997-targa\/","title":{"rendered":"Porsche 997 Targa 4S"},"content":{"rendered":"<p><strong>Hist\u00f3ria do autom\u00f3vel<\/strong><\/p>\n<p>A sexta gera\u00e7\u00e3o do ic\u00f3nico Porsche 911 foi estreada em 2004 e conhecida internamente como 997. O seu antecessor, o 996, continua a ser um dos modelos 911 mais controversos de sempre, sobretudo devido ao seu design e \u00e0 introdu\u00e7\u00e3o de motores arrefecidos a \u00e1gua. No entanto, o 997 foi universalmente elogiado pelas suas linhas simples e melhorias na tecnologia e pot\u00eancia. Apesar de o 997 ter algumas semelhan\u00e7as mec\u00e2nicas e a mesma plataforma do 996, era um carro muito melhor e mais competente, para n\u00e3o falar de mais moderno e bonito. N\u00e3o \u00e9 de admirar que os n\u00fameros de vendas provem que o 997 foi um sucesso de vendas, com mais de 212.000 exemplares produzidos em 9 anos. No entanto, este exemplar em particular \u00e9 bastante raro, n\u00e3o s\u00f3 por ser um modelo 997.1 mais antigo, mas tamb\u00e9m devido ao seu raro estilo de carro\u00e7aria Targa. Em 2008, apenas foram entregues 1426 exemplares do Targa 4S, e muito poucos tinham uma caixa manual de 6 velocidades. No total, apenas cerca de 8.400 Targa 4S foram produzidos para a gera\u00e7\u00e3o 997. O flat-six de 3,8 litros, de aspira\u00e7\u00e3o natural, debitava 350 cv \u00e0s quatro rodas, resultando numa acelera\u00e7\u00e3o impressionante e numa excelente ader\u00eancia \u00e0 estrada em quaisquer condi\u00e7\u00f5es. A combina\u00e7\u00e3o do forte desempenho com a sensa\u00e7\u00e3o de ar do tejadilho de vidro e a sensa\u00e7\u00e3o mec\u00e2nica da transmiss\u00e3o manual torna este exemplar incrivelmente interessante para qualquer verdadeiro colecionador.<\/p>\n<p><strong>Interior<\/strong><\/p>\n<p>Com acabamento em pele preta e painel de instrumentos em pele raro e opcional, o interior do Porsche Targa 4S de 2008 est\u00e1 em perfeitas condi\u00e7\u00f5es, sem danos e com poucos sinais de desgaste. Este exemplar possui muitos equipamentos opcionais desej\u00e1veis, tais como controlo de velocidade de cruzeiro, sistema \u00e1udio de alta qualidade, bancos desportivos em pele aquecidos e com comando el\u00e9trico, volante multifuncional, sistema de navega\u00e7\u00e3o, etc. Tudo funciona como deve ser, bem como o tejadilho de vidro, e n\u00e3o existem quaisquer modifica\u00e7\u00f5es. Comparado com outros 911 da \u00e9poca, o Targa \u00e9 \u00fanico, uma vez que oferece a sensa\u00e7\u00e3o de ar livre de um descapot\u00e1vel, mas com o conforto de um coup\u00e9 e a possibilidade de utiliza\u00e7\u00e3o durante todo o ano.<\/p>\n<p><strong>Estado do autom\u00f3vel<\/strong><\/p>\n<p>Com pouco mais de 110.000 quil\u00f3metros desde novo e dois propriet\u00e1rios cuidadosos, este Porsche 911 Targa 4S est\u00e1 em condi\u00e7\u00f5es impressionantes e tem sido cuidadosamente mantido. Os registos mostram que a \u00faltima grande manuten\u00e7\u00e3o foi realizada no final de 2022, tendo os trav\u00f5es sido revistos h\u00e1 apenas alguns dias, em mar\u00e7o de 2024. Todos os registos de manuten\u00e7\u00e3o est\u00e3o dispon\u00edveis, mostrando o cuidado meticuloso com que o carro foi tratado. Este autom\u00f3vel em particular foi entregue na B\u00e9lgica.<\/p>\n<p><strong>Exterior e rodas<\/strong><\/p>\n<p>Este exemplar em particular foi repintado profissionalmente na sua cor cinzenta escura original, que tem um aspeto perfeito e combina com as jantes originais e o interior preto. Tal como mencionado no CarVertical, o \u00fanico pormenor digno de men\u00e7\u00e3o \u00e9 um ligeiro dano no para-choques traseiro, que foi reparado como se pode ver nas fotografias. Os pneus Bridgestone, que t\u00eam as especifica\u00e7\u00f5es correctas, datam de 2018 e est\u00e3o apenas ligeiramente gastos.<\/p>\n<p><strong>Documenta\u00e7\u00e3o<\/strong><\/p>\n<p>O concession\u00e1rio vende este autom\u00f3vel com a documenta\u00e7\u00e3o adequada e est\u00e1 situado na B\u00e9lgica. O <a href=\"https:\/\/pistonaddict.com\/wp-content\/uploads\/2024\/03\/CarVertical-Porsche.pdf\">relat\u00f3rio do CarVertical<\/a> est\u00e1 limpo, sem problemas de propriedade ou legais. Existem registos de manuten\u00e7\u00e3o regular e recibos.<\/p>\n","protected":false},"excerpt":{"rendered":"<p>Com um equil\u00edbrio perfeito entre a sensa\u00e7\u00e3o cl\u00e1ssica do 911, dimens\u00f5es compactas, chassis comunicativo e tecnologia e caracter\u00edsticas modernas, a gera\u00e7\u00e3o 997 tem sido cada vez mais popular entre os entusiastas do 911. Isto significa que \u00e9 a pr\u00f3xima grande novidade no mundo do 911, com pre\u00e7os crescentes. Suponhamos que quer entrar no comboio do 997. Nesse caso, nada melhor do que um carro altamente desej\u00e1vel num estilo de carro\u00e7aria raro, com uma transmiss\u00e3o manual desej\u00e1vel, pronto a ser desfrutado em pleno.<\/p>\n","protected":false},"featured_media":97681,"comment_status":"open","ping_status":"closed","template":"","meta":{"inline_featured_image":false},"product_cat":[735],"product_tag":[3968,3970,2323,3966,956],"acf":[],"yoast_head":"<!-- This site is optimized with the Yoast SEO plugin v22.5 - https:\/\/yoast.com\/wordpress\/plugins\/seo\/ -->\n<title>Porsche 997 Targa 4S Piston Addict - t\u00edtulo<\/title>\n<meta name=\"robots\" content=\"index, follow, max-snippet:-1, max-image-preview:large, max-video-preview:-1\" \/>\n<link rel=\"canonical\" href=\"https:\/\/pistonaddict.com\/pt-pt\/product\/porsche-997-targa\/\" \/>\n<meta property=\"og:locale\" content=\"pt_PT\" \/>\n<meta property=\"og:type\" content=\"article\" \/>\n<meta property=\"og:title\" content=\"Porsche 997 Targa 4S Piston Addict - t\u00edtulo\" \/>\n<meta property=\"og:description\" content=\"Com um equil\u00edbrio perfeito entre a sensa\u00e7\u00e3o cl\u00e1ssica do 911, dimens\u00f5es compactas, chassis comunicativo e tecnologia e caracter\u00edsticas modernas, a gera\u00e7\u00e3o 997 tem sido cada vez mais popular entre os entusiastas do 911. Isto significa que \u00e9 a pr\u00f3xima grande novidade no mundo do 911, com pre\u00e7os crescentes. Suponhamos que quer entrar no comboio do 997. Nesse caso, nada melhor do que um carro altamente desej\u00e1vel num estilo de carro\u00e7aria raro, com uma transmiss\u00e3o manual desej\u00e1vel, pronto a ser desfrutado em pleno.\" \/>\n<meta property=\"og:url\" content=\"https:\/\/pistonaddict.com\/pt-pt\/product\/porsche-997-targa\/\" \/>\n<meta property=\"og:site_name\" content=\"Piston Addict\" \/>\n<meta property=\"article:modified_time\" content=\"2024-03-20T14:24:03+00:00\" \/>\n<meta property=\"og:image\" content=\"https:\/\/pistonaddict.com\/wp-content\/uploads\/2024\/03\/1-1-1024x611.png\" \/>\n\t<meta property=\"og:image:width\" content=\"1024\" \/>\n\t<meta property=\"og:image:height\" content=\"611\" \/>\n\t<meta property=\"og:image:type\" content=\"image\/png\" \/>\n<meta name=\"twitter:card\" content=\"summary_large_image\" \/>\n<meta name=\"twitter:label1\" content=\"Tempo estimado de leitura\" \/>\n\t<meta name=\"twitter:data1\" content=\"3 minutos\" \/>\n<script type=\"application\/ld+json\" class=\"yoast-schema-graph\">{\"@context\":\"https:\/\/schema.org\",\"@graph\":[{\"@type\":\"WebPage\",\"@id\":\"https:\/\/pistonaddict.com\/pt-pt\/product\/porsche-997-targa\/\",\"url\":\"https:\/\/pistonaddict.com\/pt-pt\/product\/porsche-997-targa\/\",\"name\":\"Porsche 997 Targa 4S Piston Addict - t\u00edtulo\",\"isPartOf\":{\"@id\":\"https:\/\/pistonaddict.com\/pt-pt\/#website\"},\"primaryImageOfPage\":{\"@id\":\"https:\/\/pistonaddict.com\/pt-pt\/product\/porsche-997-targa\/#primaryimage\"},\"image\":{\"@id\":\"https:\/\/pistonaddict.com\/pt-pt\/product\/porsche-997-targa\/#primaryimage\"},\"thumbnailUrl\":\"https:\/\/pistonaddict.com\/wp-content\/uploads\/2024\/03\/1-1.png\",\"datePublished\":\"2024-03-20T14:15:43+00:00\",\"dateModified\":\"2024-03-20T14:24:03+00:00\",\"breadcrumb\":{\"@id\":\"https:\/\/pistonaddict.com\/pt-pt\/product\/porsche-997-targa\/#breadcrumb\"},\"inLanguage\":\"pt-PT\",\"potentialAction\":[{\"@type\":\"ReadAction\",\"target\":[\"https:\/\/pistonaddict.com\/pt-pt\/product\/porsche-997-targa\/\"]}]},{\"@type\":\"ImageObject\",\"inLanguage\":\"pt-PT\",\"@id\":\"https:\/\/pistonaddict.com\/pt-pt\/product\/porsche-997-targa\/#primaryimage\",\"url\":\"https:\/\/pistonaddict.com\/wp-content\/uploads\/2024\/03\/1-1.png\",\"contentUrl\":\"https:\/\/pistonaddict.com\/wp-content\/uploads\/2024\/03\/1-1.png\",\"width\":2778,\"height\":1657},{\"@type\":\"BreadcrumbList\",\"@id\":\"https:\/\/pistonaddict.com\/pt-pt\/product\/porsche-997-targa\/#breadcrumb\",\"itemListElement\":[{\"@type\":\"ListItem\",\"position\":1,\"name\":\"Rece\u00e7\u00e3o\",\"item\":\"https:\/\/pistonaddict.com\/pt-pt\/pagina-inicial\/\"},{\"@type\":\"ListItem\",\"position\":2,\"name\":\"Auctions\",\"item\":\"https:\/\/pistonaddict.com\/auctions-listing\/\"},{\"@type\":\"ListItem\",\"position\":3,\"name\":\"Porsche 997 Targa 4S\"}]},{\"@type\":\"WebSite\",\"@id\":\"https:\/\/pistonaddict.com\/pt-pt\/#website\",\"url\":\"https:\/\/pistonaddict.com\/pt-pt\/\",\"name\":\"Piston Addict\",\"description\":\"Only interesting vehicles\",\"publisher\":{\"@id\":\"https:\/\/pistonaddict.com\/pt-pt\/#organization\"},\"potentialAction\":[{\"@type\":\"SearchAction\",\"target\":{\"@type\":\"EntryPoint\",\"urlTemplate\":\"https:\/\/pistonaddict.com\/pt-pt\/?s={search_term_string}\"},\"query-input\":\"required name=search_term_string\"}],\"inLanguage\":\"pt-PT\"},{\"@type\":\"Organization\",\"@id\":\"https:\/\/pistonaddict.com\/pt-pt\/#organization\",\"name\":\"Piston Addict\",\"url\":\"https:\/\/pistonaddict.com\/pt-pt\/\",\"logo\":{\"@type\":\"ImageObject\",\"inLanguage\":\"pt-PT\",\"@id\":\"https:\/\/pistonaddict.com\/pt-pt\/#\/schema\/logo\/image\/\",\"url\":\"https:\/\/pistonaddict.com\/wp-content\/uploads\/2022\/07\/logo-6.png\",\"contentUrl\":\"https:\/\/pistonaddict.com\/wp-content\/uploads\/2022\/07\/logo-6.png\",\"width\":970,\"height\":200,\"caption\":\"Piston Addict\"},\"image\":{\"@id\":\"https:\/\/pistonaddict.com\/pt-pt\/#\/schema\/logo\/image\/\"}}]}<\/script>\n<!-- \/ Yoast SEO plugin. -->","yoast_head_json":{"title":"Porsche 997 Targa 4S Piston Addict - t\u00edtulo","robots":{"index":"index","follow":"follow","max-snippet":"max-snippet:-1","max-image-preview":"max-image-preview:large","max-video-preview":"max-video-preview:-1"},"canonical":"https:\/\/pistonaddict.com\/pt-pt\/product\/porsche-997-targa\/","og_locale":"pt_PT","og_type":"article","og_title":"Porsche 997 Targa 4S Piston Addict - t\u00edtulo","og_description":"Com um equil\u00edbrio perfeito entre a sensa\u00e7\u00e3o cl\u00e1ssica do 911, dimens\u00f5es compactas, chassis comunicativo e tecnologia e caracter\u00edsticas modernas, a gera\u00e7\u00e3o 997 tem sido cada vez mais popular entre os entusiastas do 911. Isto significa que \u00e9 a pr\u00f3xima grande novidade no mundo do 911, com pre\u00e7os crescentes. Suponhamos que quer entrar no comboio do 997. Nesse caso, nada melhor do que um carro altamente desej\u00e1vel num estilo de carro\u00e7aria raro, com uma transmiss\u00e3o manual desej\u00e1vel, pronto a ser desfrutado em pleno.","og_url":"https:\/\/pistonaddict.com\/pt-pt\/product\/porsche-997-targa\/","og_site_name":"Piston Addict","article_modified_time":"2024-03-20T14:24:03+00:00","og_image":[{"width":1024,"height":611,"url":"https:\/\/pistonaddict.com\/wp-content\/uploads\/2024\/03\/1-1-1024x611.png","type":"image\/png"}],"twitter_card":"summary_large_image","twitter_misc":{"Tempo estimado de leitura":"3 minutos"},"schema":{"@context":"https:\/\/schema.org","@graph":[{"@type":"WebPage","@id":"https:\/\/pistonaddict.com\/pt-pt\/product\/porsche-997-targa\/","url":"https:\/\/pistonaddict.com\/pt-pt\/product\/porsche-997-targa\/","name":"Porsche 997 Targa 4S Piston Addict - t\u00edtulo","isPartOf":{"@id":"https:\/\/pistonaddict.com\/pt-pt\/#website"},"primaryImageOfPage":{"@id":"https:\/\/pistonaddict.com\/pt-pt\/product\/porsche-997-targa\/#primaryimage"},"image":{"@id":"https:\/\/pistonaddict.com\/pt-pt\/product\/porsche-997-targa\/#primaryimage"},"thumbnailUrl":"https:\/\/pistonaddict.com\/wp-content\/uploads\/2024\/03\/1-1.png","datePublished":"2024-03-20T14:15:43+00:00","dateModified":"2024-03-20T14:24:03+00:00","breadcrumb":{"@id":"https:\/\/pistonaddict.com\/pt-pt\/product\/porsche-997-targa\/#breadcrumb"},"inLanguage":"pt-PT","potentialAction":[{"@type":"ReadAction","target":["https:\/\/pistonaddict.com\/pt-pt\/product\/porsche-997-targa\/"]}]},{"@type":"ImageObject","inLanguage":"pt-PT","@id":"https:\/\/pistonaddict.com\/pt-pt\/product\/porsche-997-targa\/#primaryimage","url":"https:\/\/pistonaddict.com\/wp-content\/uploads\/2024\/03\/1-1.png","contentUrl":"https:\/\/pistonaddict.com\/wp-content\/uploads\/2024\/03\/1-1.png","width":2778,"height":1657},{"@type":"BreadcrumbList","@id":"https:\/\/pistonaddict.com\/pt-pt\/product\/porsche-997-targa\/#breadcrumb","itemListElement":[{"@type":"ListItem","position":1,"name":"Rece\u00e7\u00e3o","item":"https:\/\/pistonaddict.com\/pt-pt\/pagina-inicial\/"},{"@type":"ListItem","position":2,"name":"Auctions","item":"https:\/\/pistonaddict.com\/auctions-listing\/"},{"@type":"ListItem","position":3,"name":"Porsche 997 Targa 4S"}]},{"@type":"WebSite","@id":"https:\/\/pistonaddict.com\/pt-pt\/#website","url":"https:\/\/pistonaddict.com\/pt-pt\/","name":"Piston Addict","description":"Only interesting vehicles","publisher":{"@id":"https:\/\/pistonaddict.com\/pt-pt\/#organization"},"potentialAction":[{"@type":"SearchAction","target":{"@type":"EntryPoint","urlTemplate":"https:\/\/pistonaddict.com\/pt-pt\/?s={search_term_string}"},"query-input":"required name=search_term_string"}],"inLanguage":"pt-PT"},{"@type":"Organization","@id":"https:\/\/pistonaddict.com\/pt-pt\/#organization","name":"Piston Addict","url":"https:\/\/pistonaddict.com\/pt-pt\/","logo":{"@type":"ImageObject","inLanguage":"pt-PT","@id":"https:\/\/pistonaddict.com\/pt-pt\/#\/schema\/logo\/image\/","url":"https:\/\/pistonaddict.com\/wp-content\/uploads\/2022\/07\/logo-6.png","contentUrl":"https:\/\/pistonaddict.com\/wp-content\/uploads\/2022\/07\/logo-6.png","width":970,"height":200,"caption":"Piston Addict"},"image":{"@id":"https:\/\/pistonaddict.com\/pt-pt\/#\/schema\/logo\/image\/"}}]}},"_links":{"self":[{"href":"https:\/\/pistonaddict.com\/pt-pt\/wp-json\/wp\/v2\/product\/98279"}],"collection":[{"href":"https:\/\/pistonaddict.com\/pt-pt\/wp-json\/wp\/v2\/product"}],"about":[{"href":"https:\/\/pistonaddict.com\/pt-pt\/wp-json\/wp\/v2\/types\/product"}],"replies":[{"embeddable":true,"href":"https:\/\/pistonaddict.com\/pt-pt\/wp-json\/wp\/v2\/comments?post=98279"}],"wp:featuredmedia":[{"embeddable":true,"href":"https:\/\/pistonaddict.com\/pt-pt\/wp-json\/wp\/v2\/media\/97681"}],"wp:attachment":[{"href":"https:\/\/pistonaddict.com\/pt-pt\/wp-json\/wp\/v2\/media?parent=98279"}],"wp:term":[{"taxonomy":"product_cat","embeddable":true,"href":"https:\/\/pistonaddict.com\/pt-pt\/wp-json\/wp\/v2\/product_cat?post=98279"},{"taxonomy":"product_tag","embeddable":true,"href":"https:\/\/pistonaddict.com\/pt-pt\/wp-json\/wp\/v2\/product_tag?post=98279"}],"curies":[{"name":"wp","href":"https:\/\/api.w.org\/{rel}","templated":true}]}}