{"id":97451,"date":"2024-03-15T18:51:57","date_gmt":"2024-03-15T17:51:57","guid":{"rendered":"https:\/\/pistonaddict.com\/product\/competicao-bmw-m4\/"},"modified":"2024-03-20T14:16:42","modified_gmt":"2024-03-20T13:16:42","slug":"bmw-m4-competicao","status":"publish","type":"product","link":"https:\/\/pistonaddict.com\/pt-pt\/product\/bmw-m4-competicao\/","title":{"rendered":"Competi\u00e7\u00e3o BMW M4"},"content":{"rendered":"<h2>Exterior<\/h2>\n<p>Comecemos pela cor do autom\u00f3vel &#8211; chamar-lhe castanho seria, pelo menos, injusto. A BMW deu-lhe o nome de Sepang Bronze e, para o apreciar plenamente, \u00e9 preciso ver o carro ao sol. Mas a carater\u00edstica mais marcante do M4 \u00e9 o seu tejadilho rebat\u00edvel feito de fibra de carbono, que o torna simultaneamente leve e robusto. Gra\u00e7as a ele, este BMW pode passar de um carro desportivo tipo coup\u00e9 para um elegante ve\u00edculo citadino com o simples premir de um bot\u00e3o.<\/p>\n<p>Outros pormenores not\u00e1veis incluem far\u00f3is de X\u00e9non na frente, jantes de 19 polegadas com pneus Michelin Pilot Sport na lateral e escapes duplos na traseira. E como qualquer outro M4, este carro tem para-choques agressivos, aberturas de ventila\u00e7\u00e3o nos para-lamas e um capot com uma protuber\u00e2ncia no meio.<\/p>\n<h2>Interior<\/h2>\n<p>No interior, a primeira coisa que chama a aten\u00e7\u00e3o s\u00e3o os bancos, que s\u00e3o estofados em pele macia castanha com costuras brancas. Mas para al\u00e9m de serem desportivos e de apoio, como o seu aspeto pode sugerir, s\u00e3o tamb\u00e9m muito confort\u00e1veis. Uma vez sentado, encontra-se atr\u00e1s do carater\u00edstico volante de tr\u00eas raios da BMW e de um painel de instrumentos com uma disposi\u00e7\u00e3o simples dos instrumentos de medi\u00e7\u00e3o. Inclui um veloc\u00edmetro que termina na marca dos 330 km\/h, um conta-rota\u00e7\u00f5es que vai at\u00e9 \u00e0s 8000 RPM e indicadores do n\u00edvel de combust\u00edvel e da temperatura do motor. E se n\u00e3o quiser olhar para baixo durante as curvas apertadas, existe um Head-Up display que apresenta todas as informa\u00e7\u00f5es vitais no para-brisas.<\/p>\n<h2>Mec\u00e2nica<\/h2>\n<p>Para al\u00e9m da sua apar\u00eancia deslumbrante, todos os BMW t\u00eam de ser uma m\u00e1quina de condu\u00e7\u00e3o de topo. E este M4 tem v\u00e1rios ases na manga que o ajudam a corresponder a essas expectativas. Para come\u00e7ar, um espetacular motor biturbo de seis cilindros em linha est\u00e1 sob o capot, desenvolvendo uns tranquilizadores 450 cavalos de pot\u00eancia. A pot\u00eancia vai para as rodas traseiras atrav\u00e9s de uma transmiss\u00e3o de dupla embraiagem de 7 velocidades e de um diferencial de deslizamento limitado controlado eletronicamente.<\/p>\n<p>Com toda esta pot\u00eancia e tecnologia, o M4 atinge facilmente os 100 km\/h em cerca de 4 segundos e acelera at\u00e9 aos 250 km\/h. E provavelmente seria muito mais r\u00e1pido se n\u00e3o fosse o limitador eletr\u00f3nico. Por \u00faltimo, para ajudar a manter tudo sob controlo em velocidade, o autom\u00f3vel est\u00e1 equipado com uma suspens\u00e3o refor\u00e7ada e trav\u00f5es enormes.<\/p>\n<h2>Historial do ve\u00edculo<\/h2>\n<p>Terminamos com algumas palavras sobre o estado atual do BMW M4, que o vendedor descreve como imaculado. E, a julgar pelas fotografias e pelo v\u00eddeo fornecido, \u00e9-o sem d\u00favida, sem danos vis\u00edveis a assinalar. O autom\u00f3vel foi regularmente assistido e inspeccionado por um concession\u00e1rio BMW autorizado, tendo a \u00faltima revis\u00e3o sido efectuada em junho de 2022.<\/p>\n<p>O vendedor afirma que o autom\u00f3vel, que se encontra atualmente na B\u00e9lgica, n\u00e3o foi utilizado em pista nem esteve envolvido em quaisquer acidentes, o que \u00e9 confirmado por um <a href=\"https:\/\/pistonaddict.com\/wp-content\/uploads\/2024\/03\/CarVerticalBMWM4.pdf\">Relat\u00f3rio do Hist\u00f3rico do Ve\u00edculo da CarVertical<\/a>.<\/p>\n<p><strong>Veja o v\u00eddeo do arranque a frio deste fant\u00e1stico<\/strong> <strong>BMW M4 Competition<\/strong>:<\/p>\n<p><iframe title=\"Cold Start Video of the BMW M4 Competition\" width=\"1200\" height=\"675\" src=\"https:\/\/www.youtube.com\/embed\/-weepN3iz9c?feature=oembed\" frameborder=\"0\" allow=\"accelerometer; autoplay; clipboard-write; encrypted-media; gyroscope; picture-in-picture; web-share\" allowfullscreen><\/iframe><\/p>\n","protected":false},"excerpt":{"rendered":"<p>Se procura algo que d\u00ea a volta \u00e0 pista a um ritmo recorde, ent\u00e3o precisa de um carro desportivo. Por outro lado, se preferir um passeio confort\u00e1vel pela avenida num dia de sol, um descapot\u00e1vel elegante ser\u00e1 a melhor op\u00e7\u00e3o. Mas se quiser algo que fa\u00e7a as duas coisas, ent\u00e3o vai certamente gostar deste BMW M4 Competition que temos em leil\u00e3o. Est\u00e1 em perfeitas condi\u00e7\u00f5es, tem um propriet\u00e1rio anterior e 74.000 km no rel\u00f3gio.<\/p>\n","protected":false},"featured_media":96750,"comment_status":"open","ping_status":"closed","template":"","meta":{"inline_featured_image":false},"product_cat":[735],"product_tag":[3153,3120,3115,927],"acf":[],"yoast_head":"<!-- This site is optimized with the Yoast SEO plugin v22.5 - https:\/\/yoast.com\/wordpress\/plugins\/seo\/ -->\n<title>Competi\u00e7\u00e3o BMW M4 Piston Addict - t\u00edtulo<\/title>\n<meta name=\"robots\" content=\"index, follow, max-snippet:-1, max-image-preview:large, max-video-preview:-1\" \/>\n<link rel=\"canonical\" href=\"https:\/\/pistonaddict.com\/pt-pt\/product\/bmw-m4-competicao\/\" \/>\n<meta property=\"og:locale\" content=\"pt_PT\" \/>\n<meta property=\"og:type\" content=\"article\" \/>\n<meta property=\"og:title\" content=\"Competi\u00e7\u00e3o BMW M4 Piston Addict - t\u00edtulo\" \/>\n<meta property=\"og:description\" content=\"Se procura algo que d\u00ea a volta \u00e0 pista a um ritmo recorde, ent\u00e3o precisa de um carro desportivo. Por outro lado, se preferir um passeio confort\u00e1vel pela avenida num dia de sol, um descapot\u00e1vel elegante ser\u00e1 a melhor op\u00e7\u00e3o. Mas se quiser algo que fa\u00e7a as duas coisas, ent\u00e3o vai certamente gostar deste BMW M4 Competition que temos em leil\u00e3o. Est\u00e1 em perfeitas condi\u00e7\u00f5es, tem um propriet\u00e1rio anterior e 74.000 km no rel\u00f3gio.\" \/>\n<meta property=\"og:url\" content=\"https:\/\/pistonaddict.com\/pt-pt\/product\/bmw-m4-competicao\/\" \/>\n<meta property=\"og:site_name\" content=\"Piston Addict\" \/>\n<meta property=\"article:modified_time\" content=\"2024-03-20T13:16:42+00:00\" \/>\n<meta property=\"og:image\" content=\"https:\/\/pistonaddict.com\/wp-content\/uploads\/2024\/03\/1-1024x612.png\" \/>\n\t<meta property=\"og:image:width\" content=\"1024\" \/>\n\t<meta property=\"og:image:height\" content=\"612\" \/>\n\t<meta property=\"og:image:type\" content=\"image\/png\" \/>\n<meta name=\"twitter:card\" content=\"summary_large_image\" \/>\n<meta name=\"twitter:label1\" content=\"Tempo estimado de leitura\" \/>\n\t<meta name=\"twitter:data1\" content=\"3 minutos\" \/>\n<script type=\"application\/ld+json\" class=\"yoast-schema-graph\">{\"@context\":\"https:\/\/schema.org\",\"@graph\":[{\"@type\":\"WebPage\",\"@id\":\"https:\/\/pistonaddict.com\/pt-pt\/product\/bmw-m4-competicao\/\",\"url\":\"https:\/\/pistonaddict.com\/pt-pt\/product\/bmw-m4-competicao\/\",\"name\":\"Competi\u00e7\u00e3o BMW M4 Piston Addict - t\u00edtulo\",\"isPartOf\":{\"@id\":\"https:\/\/pistonaddict.com\/pt-pt\/#website\"},\"primaryImageOfPage\":{\"@id\":\"https:\/\/pistonaddict.com\/pt-pt\/product\/bmw-m4-competicao\/#primaryimage\"},\"image\":{\"@id\":\"https:\/\/pistonaddict.com\/pt-pt\/product\/bmw-m4-competicao\/#primaryimage\"},\"thumbnailUrl\":\"https:\/\/pistonaddict.com\/wp-content\/uploads\/2024\/03\/1.png\",\"datePublished\":\"2024-03-15T17:51:57+00:00\",\"dateModified\":\"2024-03-20T13:16:42+00:00\",\"breadcrumb\":{\"@id\":\"https:\/\/pistonaddict.com\/pt-pt\/product\/bmw-m4-competicao\/#breadcrumb\"},\"inLanguage\":\"pt-PT\",\"potentialAction\":[{\"@type\":\"ReadAction\",\"target\":[\"https:\/\/pistonaddict.com\/pt-pt\/product\/bmw-m4-competicao\/\"]}]},{\"@type\":\"ImageObject\",\"inLanguage\":\"pt-PT\",\"@id\":\"https:\/\/pistonaddict.com\/pt-pt\/product\/bmw-m4-competicao\/#primaryimage\",\"url\":\"https:\/\/pistonaddict.com\/wp-content\/uploads\/2024\/03\/1.png\",\"contentUrl\":\"https:\/\/pistonaddict.com\/wp-content\/uploads\/2024\/03\/1.png\",\"width\":2778,\"height\":1660},{\"@type\":\"BreadcrumbList\",\"@id\":\"https:\/\/pistonaddict.com\/pt-pt\/product\/bmw-m4-competicao\/#breadcrumb\",\"itemListElement\":[{\"@type\":\"ListItem\",\"position\":1,\"name\":\"Rece\u00e7\u00e3o\",\"item\":\"https:\/\/pistonaddict.com\/pt-pt\/pagina-inicial\/\"},{\"@type\":\"ListItem\",\"position\":2,\"name\":\"Auctions\",\"item\":\"https:\/\/pistonaddict.com\/auctions-listing\/\"},{\"@type\":\"ListItem\",\"position\":3,\"name\":\"Competi\u00e7\u00e3o BMW M4\"}]},{\"@type\":\"WebSite\",\"@id\":\"https:\/\/pistonaddict.com\/pt-pt\/#website\",\"url\":\"https:\/\/pistonaddict.com\/pt-pt\/\",\"name\":\"Piston Addict\",\"description\":\"Only interesting vehicles\",\"publisher\":{\"@id\":\"https:\/\/pistonaddict.com\/pt-pt\/#organization\"},\"potentialAction\":[{\"@type\":\"SearchAction\",\"target\":{\"@type\":\"EntryPoint\",\"urlTemplate\":\"https:\/\/pistonaddict.com\/pt-pt\/?s={search_term_string}\"},\"query-input\":\"required name=search_term_string\"}],\"inLanguage\":\"pt-PT\"},{\"@type\":\"Organization\",\"@id\":\"https:\/\/pistonaddict.com\/pt-pt\/#organization\",\"name\":\"Piston Addict\",\"url\":\"https:\/\/pistonaddict.com\/pt-pt\/\",\"logo\":{\"@type\":\"ImageObject\",\"inLanguage\":\"pt-PT\",\"@id\":\"https:\/\/pistonaddict.com\/pt-pt\/#\/schema\/logo\/image\/\",\"url\":\"https:\/\/pistonaddict.com\/wp-content\/uploads\/2022\/07\/logo-6.png\",\"contentUrl\":\"https:\/\/pistonaddict.com\/wp-content\/uploads\/2022\/07\/logo-6.png\",\"width\":970,\"height\":200,\"caption\":\"Piston Addict\"},\"image\":{\"@id\":\"https:\/\/pistonaddict.com\/pt-pt\/#\/schema\/logo\/image\/\"}}]}<\/script>\n<!-- \/ Yoast SEO plugin. -->","yoast_head_json":{"title":"Competi\u00e7\u00e3o BMW M4 Piston Addict - t\u00edtulo","robots":{"index":"index","follow":"follow","max-snippet":"max-snippet:-1","max-image-preview":"max-image-preview:large","max-video-preview":"max-video-preview:-1"},"canonical":"https:\/\/pistonaddict.com\/pt-pt\/product\/bmw-m4-competicao\/","og_locale":"pt_PT","og_type":"article","og_title":"Competi\u00e7\u00e3o BMW M4 Piston Addict - t\u00edtulo","og_description":"Se procura algo que d\u00ea a volta \u00e0 pista a um ritmo recorde, ent\u00e3o precisa de um carro desportivo. Por outro lado, se preferir um passeio confort\u00e1vel pela avenida num dia de sol, um descapot\u00e1vel elegante ser\u00e1 a melhor op\u00e7\u00e3o. Mas se quiser algo que fa\u00e7a as duas coisas, ent\u00e3o vai certamente gostar deste BMW M4 Competition que temos em leil\u00e3o. Est\u00e1 em perfeitas condi\u00e7\u00f5es, tem um propriet\u00e1rio anterior e 74.000 km no rel\u00f3gio.","og_url":"https:\/\/pistonaddict.com\/pt-pt\/product\/bmw-m4-competicao\/","og_site_name":"Piston Addict","article_modified_time":"2024-03-20T13:16:42+00:00","og_image":[{"width":1024,"height":612,"url":"https:\/\/pistonaddict.com\/wp-content\/uploads\/2024\/03\/1-1024x612.png","type":"image\/png"}],"twitter_card":"summary_large_image","twitter_misc":{"Tempo estimado de leitura":"3 minutos"},"schema":{"@context":"https:\/\/schema.org","@graph":[{"@type":"WebPage","@id":"https:\/\/pistonaddict.com\/pt-pt\/product\/bmw-m4-competicao\/","url":"https:\/\/pistonaddict.com\/pt-pt\/product\/bmw-m4-competicao\/","name":"Competi\u00e7\u00e3o BMW M4 Piston Addict - t\u00edtulo","isPartOf":{"@id":"https:\/\/pistonaddict.com\/pt-pt\/#website"},"primaryImageOfPage":{"@id":"https:\/\/pistonaddict.com\/pt-pt\/product\/bmw-m4-competicao\/#primaryimage"},"image":{"@id":"https:\/\/pistonaddict.com\/pt-pt\/product\/bmw-m4-competicao\/#primaryimage"},"thumbnailUrl":"https:\/\/pistonaddict.com\/wp-content\/uploads\/2024\/03\/1.png","datePublished":"2024-03-15T17:51:57+00:00","dateModified":"2024-03-20T13:16:42+00:00","breadcrumb":{"@id":"https:\/\/pistonaddict.com\/pt-pt\/product\/bmw-m4-competicao\/#breadcrumb"},"inLanguage":"pt-PT","potentialAction":[{"@type":"ReadAction","target":["https:\/\/pistonaddict.com\/pt-pt\/product\/bmw-m4-competicao\/"]}]},{"@type":"ImageObject","inLanguage":"pt-PT","@id":"https:\/\/pistonaddict.com\/pt-pt\/product\/bmw-m4-competicao\/#primaryimage","url":"https:\/\/pistonaddict.com\/wp-content\/uploads\/2024\/03\/1.png","contentUrl":"https:\/\/pistonaddict.com\/wp-content\/uploads\/2024\/03\/1.png","width":2778,"height":1660},{"@type":"BreadcrumbList","@id":"https:\/\/pistonaddict.com\/pt-pt\/product\/bmw-m4-competicao\/#breadcrumb","itemListElement":[{"@type":"ListItem","position":1,"name":"Rece\u00e7\u00e3o","item":"https:\/\/pistonaddict.com\/pt-pt\/pagina-inicial\/"},{"@type":"ListItem","position":2,"name":"Auctions","item":"https:\/\/pistonaddict.com\/auctions-listing\/"},{"@type":"ListItem","position":3,"name":"Competi\u00e7\u00e3o BMW M4"}]},{"@type":"WebSite","@id":"https:\/\/pistonaddict.com\/pt-pt\/#website","url":"https:\/\/pistonaddict.com\/pt-pt\/","name":"Piston Addict","description":"Only interesting vehicles","publisher":{"@id":"https:\/\/pistonaddict.com\/pt-pt\/#organization"},"potentialAction":[{"@type":"SearchAction","target":{"@type":"EntryPoint","urlTemplate":"https:\/\/pistonaddict.com\/pt-pt\/?s={search_term_string}"},"query-input":"required name=search_term_string"}],"inLanguage":"pt-PT"},{"@type":"Organization","@id":"https:\/\/pistonaddict.com\/pt-pt\/#organization","name":"Piston Addict","url":"https:\/\/pistonaddict.com\/pt-pt\/","logo":{"@type":"ImageObject","inLanguage":"pt-PT","@id":"https:\/\/pistonaddict.com\/pt-pt\/#\/schema\/logo\/image\/","url":"https:\/\/pistonaddict.com\/wp-content\/uploads\/2022\/07\/logo-6.png","contentUrl":"https:\/\/pistonaddict.com\/wp-content\/uploads\/2022\/07\/logo-6.png","width":970,"height":200,"caption":"Piston Addict"},"image":{"@id":"https:\/\/pistonaddict.com\/pt-pt\/#\/schema\/logo\/image\/"}}]}},"_links":{"self":[{"href":"https:\/\/pistonaddict.com\/pt-pt\/wp-json\/wp\/v2\/product\/97451"}],"collection":[{"href":"https:\/\/pistonaddict.com\/pt-pt\/wp-json\/wp\/v2\/product"}],"about":[{"href":"https:\/\/pistonaddict.com\/pt-pt\/wp-json\/wp\/v2\/types\/product"}],"replies":[{"embeddable":true,"href":"https:\/\/pistonaddict.com\/pt-pt\/wp-json\/wp\/v2\/comments?post=97451"}],"wp:featuredmedia":[{"embeddable":true,"href":"https:\/\/pistonaddict.com\/pt-pt\/wp-json\/wp\/v2\/media\/96750"}],"wp:attachment":[{"href":"https:\/\/pistonaddict.com\/pt-pt\/wp-json\/wp\/v2\/media?parent=97451"}],"wp:term":[{"taxonomy":"product_cat","embeddable":true,"href":"https:\/\/pistonaddict.com\/pt-pt\/wp-json\/wp\/v2\/product_cat?post=97451"},{"taxonomy":"product_tag","embeddable":true,"href":"https:\/\/pistonaddict.com\/pt-pt\/wp-json\/wp\/v2\/product_tag?post=97451"}],"curies":[{"name":"wp","href":"https:\/\/api.w.org\/{rel}","templated":true}]}}