{"id":96730,"date":"2024-03-15T17:17:18","date_gmt":"2024-03-15T16:17:18","guid":{"rendered":"https:\/\/pistonaddict.com\/product\/amg-sls-roadster\/"},"modified":"2024-03-19T16:40:25","modified_gmt":"2024-03-19T15:40:25","slug":"amg-sls-roadster","status":"publish","type":"product","link":"https:\/\/pistonaddict.com\/pt-pt\/product\/amg-sls-roadster\/","title":{"rendered":"AMG SLS Roadster"},"content":{"rendered":"<p><strong>Hist\u00f3ria do autom\u00f3vel<\/strong><\/p>\n<p>O mundo autom\u00f3vel ficou surpreendido quando a Mercedes apresentou o ic\u00f3nico SLS AMG em 2010. Cl\u00e1ssico na sua abordagem mas totalmente moderno na sua execu\u00e7\u00e3o, este era um autom\u00f3vel desportivo puro-sangue que se inspirava claramente no passado glorioso da marca e no lend\u00e1rio 300 SL Gullwing. Embora a Mercedes tenha olhado para o passado quando o concebeu, a empresa visou o futuro com uma constru\u00e7\u00e3o moderna do chassis, caracter\u00edsticas interiores, conforto e unidade de tra\u00e7\u00e3o. Sob o longo capot estava um V8 de 6,2 litros (nome de c\u00f3digo M156), que debitava 571 cavalos de pot\u00eancia de aspira\u00e7\u00e3o natural enviados para as rodas traseiras atrav\u00e9s de uma competente transmiss\u00e3o de dupla embraiagem de 7 velocidades. O resultado foi um autom\u00f3vel com um aspeto fant\u00e1stico e que continua a ser r\u00e1pido como um supercarro. Com um tempo de 0 a 100 km\/h de apenas 3,8 segundos e uma velocidade m\u00e1xima de mais de 310 km\/h, pode ver porque \u00e9 que o Mercedes SLS AMG est\u00e1 entre os autom\u00f3veis mais r\u00e1pidos da sua \u00e9poca.<\/p>\n<p>Curiosamente, a produ\u00e7\u00e3o desta incr\u00edvel m\u00e1quina foi relativamente curta, tendo o modelo sido descontinuado em 2014. H\u00e1 quem diga que a Mercedes o fez deliberadamente para garantir a exclusividade e a raridade do seu melhor autom\u00f3vel desportivo moderno. Estes rumores podem ser verdadeiros, uma vez que a empresa nunca revelou oficialmente n\u00fameros exactos de produ\u00e7\u00e3o. A estimativa \u00e9 de que foram entregues cerca de 8.000 coup\u00e9s e cerca de 4.000 roadsters. Este autom\u00f3vel \u00e9 um desses 4.000 exemplares, o que o torna ainda mais exclusivo e m\u00edtico.<\/p>\n<p><strong>Interior<\/strong><\/p>\n<p>Com acabamento em pele preta e painel de instrumentos em pele, o interior deste SLS AMG Roadster est\u00e1 em perfeitas condi\u00e7\u00f5es, sem quaisquer sinais de utiliza\u00e7\u00e3o. Os bancos e os cart\u00f5es das portas n\u00e3o t\u00eam marcas; todas as funcionalidades funcionam juntamente com o sistema de navega\u00e7\u00e3o, o sistema \u00e1udio premium e os bancos desportivos aquecidos e com controlo el\u00e9trico. O tejadilho descapot\u00e1vel est\u00e1 em estado de novo e abre e fecha perfeitamente.<\/p>\n<p><strong>Estado<\/strong><\/p>\n<p>Estamos sempre entusiasmados por oferecer ve\u00edculos que est\u00e3o em estado de novos, e este Mercedes SLS AMG Roadster 2012 \u00e9 um deles. Com apenas 19.000 quil\u00f3metros desde novo, este ve\u00edculo foi muito pouco utilizado nas m\u00e3os do seu primeiro e \u00fanico propriet\u00e1rio e percorreu em m\u00e9dia menos de 2000 km por ano. Significa que est\u00e1 em \u00f3timo estado mec\u00e2nico e est\u00e9tico e que \u00e9 totalmente original de f\u00e1brica. A \u00faltima grande manuten\u00e7\u00e3o foi efectuada em 2018, tendo os trav\u00f5es sido revistos recentemente, em mar\u00e7o de 2024. O autom\u00f3vel foi meticulosamente tratado por um concession\u00e1rio Mercedes.<\/p>\n<p><strong>Exterior e rodas<\/strong><\/p>\n<p>Com t\u00e3o poucos quil\u00f3metros percorridos e um cuidado obsessivo, n\u00e3o \u00e9 de admirar que a carro\u00e7aria esteja como nova, sem riscos ou amolgadelas. Com um acabamento num tom prateado cl\u00e1ssico da Mercedes (que faz lembrar os carros de corrida Silver Arrow), fica deslumbrante com um interior preto contrastante. Est\u00e3o presentes as jantes originais de 19 polegadas, revestidas com borracha de desempenho Continental ContiSport Contact (DOT 2017) com cerca de 50% de utiliza\u00e7\u00e3o.<\/p>\n<p><strong>Documenta\u00e7\u00e3o<\/strong><\/p>\n<p>O concession\u00e1rio vende este ve\u00edculo em nome do propriet\u00e1rio original, com a documenta\u00e7\u00e3o adequada, situado na B\u00e9lgica. O <a href=\"https:\/\/pistonaddict.com\/wp-content\/uploads\/2024\/03\/CarVerticalAMG.pdf\">relat\u00f3rio CarVertical<\/a> est\u00e1 limpo, sem provas de acidentes, repara\u00e7\u00f5es de acidentes, propriedade ou problemas legais. Existem registos de manuten\u00e7\u00e3o regular e recibos.<\/p>\n<p><strong>Veja o v\u00eddeo do arranque a frio deste fant\u00e1stico AMG SLS Roadster :<\/strong><\/p>\n<p><iframe title=\"Cold Start Video of the AMG SLS Roadster\" width=\"1200\" height=\"675\" src=\"https:\/\/www.youtube.com\/embed\/vjLjXYVelXI?feature=oembed\" frameborder=\"0\" allow=\"accelerometer; autoplay; clipboard-write; encrypted-media; gyroscope; picture-in-picture; web-share\" allowfullscreen><\/iframe><\/p>\n","protected":false},"excerpt":{"rendered":"<p>Quando se olha para os cl\u00e1ssicos modernos de Estugarda, nada se aproxima do Mercedes SLS AMG. Com o seu design retro-futurista, o poderoso V8 de 6,2 litros na frente e um desempenho sublime, o SLS \u00e9 o carro desportivo mais procurado da Mercedes desde o original dos anos 50 que iniciou a linhagem. Requintado em todos os aspectos, o SLS \u00e9 um autom\u00f3vel que raramente se encontra \u00e0 venda, o que torna este exemplar com baixa quilometragem, com um \u00fanico propriet\u00e1rio e praticamente novo, mais raro e ainda mais \u00fanico.<\/p>\n","protected":false},"featured_media":96001,"comment_status":"open","ping_status":"closed","template":"","meta":{"inline_featured_image":false},"product_cat":[735],"product_tag":[3088,2799,3087,927],"acf":[],"yoast_head":"<!-- This site is optimized with the Yoast SEO plugin v22.5 - https:\/\/yoast.com\/wordpress\/plugins\/seo\/ -->\n<title>AMG SLS Roadster Piston Addict - t\u00edtulo<\/title>\n<meta name=\"robots\" content=\"index, follow, max-snippet:-1, max-image-preview:large, max-video-preview:-1\" \/>\n<link rel=\"canonical\" href=\"https:\/\/pistonaddict.com\/pt-pt\/product\/amg-sls-roadster\/\" \/>\n<meta property=\"og:locale\" content=\"pt_PT\" \/>\n<meta property=\"og:type\" content=\"article\" \/>\n<meta property=\"og:title\" content=\"AMG SLS Roadster Piston Addict - t\u00edtulo\" \/>\n<meta property=\"og:description\" content=\"Quando se olha para os cl\u00e1ssicos modernos de Estugarda, nada se aproxima do Mercedes SLS AMG. Com o seu design retro-futurista, o poderoso V8 de 6,2 litros na frente e um desempenho sublime, o SLS \u00e9 o carro desportivo mais procurado da Mercedes desde o original dos anos 50 que iniciou a linhagem. Requintado em todos os aspectos, o SLS \u00e9 um autom\u00f3vel que raramente se encontra \u00e0 venda, o que torna este exemplar com baixa quilometragem, com um \u00fanico propriet\u00e1rio e praticamente novo, mais raro e ainda mais \u00fanico.\" \/>\n<meta property=\"og:url\" content=\"https:\/\/pistonaddict.com\/pt-pt\/product\/amg-sls-roadster\/\" \/>\n<meta property=\"og:site_name\" content=\"Piston Addict\" \/>\n<meta property=\"article:modified_time\" content=\"2024-03-19T15:40:25+00:00\" \/>\n<meta property=\"og:image\" content=\"https:\/\/pistonaddict.com\/wp-content\/uploads\/2024\/03\/1-scaled.jpg\" \/>\n\t<meta property=\"og:image:width\" content=\"2560\" \/>\n\t<meta property=\"og:image:height\" content=\"1527\" \/>\n\t<meta property=\"og:image:type\" content=\"image\/jpeg\" \/>\n<meta name=\"twitter:card\" content=\"summary_large_image\" \/>\n<meta name=\"twitter:label1\" content=\"Tempo estimado de leitura\" \/>\n\t<meta name=\"twitter:data1\" content=\"3 minutos\" \/>\n<script type=\"application\/ld+json\" class=\"yoast-schema-graph\">{\"@context\":\"https:\/\/schema.org\",\"@graph\":[{\"@type\":\"WebPage\",\"@id\":\"https:\/\/pistonaddict.com\/pt-pt\/product\/amg-sls-roadster\/\",\"url\":\"https:\/\/pistonaddict.com\/pt-pt\/product\/amg-sls-roadster\/\",\"name\":\"AMG SLS Roadster Piston Addict - t\u00edtulo\",\"isPartOf\":{\"@id\":\"https:\/\/pistonaddict.com\/pt-pt\/#website\"},\"primaryImageOfPage\":{\"@id\":\"https:\/\/pistonaddict.com\/pt-pt\/product\/amg-sls-roadster\/#primaryimage\"},\"image\":{\"@id\":\"https:\/\/pistonaddict.com\/pt-pt\/product\/amg-sls-roadster\/#primaryimage\"},\"thumbnailUrl\":\"https:\/\/pistonaddict.com\/wp-content\/uploads\/2024\/03\/1-scaled.jpg\",\"datePublished\":\"2024-03-15T16:17:18+00:00\",\"dateModified\":\"2024-03-19T15:40:25+00:00\",\"breadcrumb\":{\"@id\":\"https:\/\/pistonaddict.com\/pt-pt\/product\/amg-sls-roadster\/#breadcrumb\"},\"inLanguage\":\"pt-PT\",\"potentialAction\":[{\"@type\":\"ReadAction\",\"target\":[\"https:\/\/pistonaddict.com\/pt-pt\/product\/amg-sls-roadster\/\"]}]},{\"@type\":\"ImageObject\",\"inLanguage\":\"pt-PT\",\"@id\":\"https:\/\/pistonaddict.com\/pt-pt\/product\/amg-sls-roadster\/#primaryimage\",\"url\":\"https:\/\/pistonaddict.com\/wp-content\/uploads\/2024\/03\/1-scaled.jpg\",\"contentUrl\":\"https:\/\/pistonaddict.com\/wp-content\/uploads\/2024\/03\/1-scaled.jpg\",\"width\":2560,\"height\":1527},{\"@type\":\"BreadcrumbList\",\"@id\":\"https:\/\/pistonaddict.com\/pt-pt\/product\/amg-sls-roadster\/#breadcrumb\",\"itemListElement\":[{\"@type\":\"ListItem\",\"position\":1,\"name\":\"Rece\u00e7\u00e3o\",\"item\":\"https:\/\/pistonaddict.com\/pt-pt\/pagina-inicial\/\"},{\"@type\":\"ListItem\",\"position\":2,\"name\":\"Auctions\",\"item\":\"https:\/\/pistonaddict.com\/auctions-listing\/\"},{\"@type\":\"ListItem\",\"position\":3,\"name\":\"AMG SLS Roadster\"}]},{\"@type\":\"WebSite\",\"@id\":\"https:\/\/pistonaddict.com\/pt-pt\/#website\",\"url\":\"https:\/\/pistonaddict.com\/pt-pt\/\",\"name\":\"Piston Addict\",\"description\":\"Only interesting vehicles\",\"publisher\":{\"@id\":\"https:\/\/pistonaddict.com\/pt-pt\/#organization\"},\"potentialAction\":[{\"@type\":\"SearchAction\",\"target\":{\"@type\":\"EntryPoint\",\"urlTemplate\":\"https:\/\/pistonaddict.com\/pt-pt\/?s={search_term_string}\"},\"query-input\":\"required name=search_term_string\"}],\"inLanguage\":\"pt-PT\"},{\"@type\":\"Organization\",\"@id\":\"https:\/\/pistonaddict.com\/pt-pt\/#organization\",\"name\":\"Piston Addict\",\"url\":\"https:\/\/pistonaddict.com\/pt-pt\/\",\"logo\":{\"@type\":\"ImageObject\",\"inLanguage\":\"pt-PT\",\"@id\":\"https:\/\/pistonaddict.com\/pt-pt\/#\/schema\/logo\/image\/\",\"url\":\"https:\/\/pistonaddict.com\/wp-content\/uploads\/2022\/07\/logo-6.png\",\"contentUrl\":\"https:\/\/pistonaddict.com\/wp-content\/uploads\/2022\/07\/logo-6.png\",\"width\":970,\"height\":200,\"caption\":\"Piston Addict\"},\"image\":{\"@id\":\"https:\/\/pistonaddict.com\/pt-pt\/#\/schema\/logo\/image\/\"}}]}<\/script>\n<!-- \/ Yoast SEO plugin. -->","yoast_head_json":{"title":"AMG SLS Roadster Piston Addict - t\u00edtulo","robots":{"index":"index","follow":"follow","max-snippet":"max-snippet:-1","max-image-preview":"max-image-preview:large","max-video-preview":"max-video-preview:-1"},"canonical":"https:\/\/pistonaddict.com\/pt-pt\/product\/amg-sls-roadster\/","og_locale":"pt_PT","og_type":"article","og_title":"AMG SLS Roadster Piston Addict - t\u00edtulo","og_description":"Quando se olha para os cl\u00e1ssicos modernos de Estugarda, nada se aproxima do Mercedes SLS AMG. Com o seu design retro-futurista, o poderoso V8 de 6,2 litros na frente e um desempenho sublime, o SLS \u00e9 o carro desportivo mais procurado da Mercedes desde o original dos anos 50 que iniciou a linhagem. Requintado em todos os aspectos, o SLS \u00e9 um autom\u00f3vel que raramente se encontra \u00e0 venda, o que torna este exemplar com baixa quilometragem, com um \u00fanico propriet\u00e1rio e praticamente novo, mais raro e ainda mais \u00fanico.","og_url":"https:\/\/pistonaddict.com\/pt-pt\/product\/amg-sls-roadster\/","og_site_name":"Piston Addict","article_modified_time":"2024-03-19T15:40:25+00:00","og_image":[{"width":2560,"height":1527,"url":"https:\/\/pistonaddict.com\/wp-content\/uploads\/2024\/03\/1-scaled.jpg","type":"image\/jpeg"}],"twitter_card":"summary_large_image","twitter_misc":{"Tempo estimado de leitura":"3 minutos"},"schema":{"@context":"https:\/\/schema.org","@graph":[{"@type":"WebPage","@id":"https:\/\/pistonaddict.com\/pt-pt\/product\/amg-sls-roadster\/","url":"https:\/\/pistonaddict.com\/pt-pt\/product\/amg-sls-roadster\/","name":"AMG SLS Roadster Piston Addict - t\u00edtulo","isPartOf":{"@id":"https:\/\/pistonaddict.com\/pt-pt\/#website"},"primaryImageOfPage":{"@id":"https:\/\/pistonaddict.com\/pt-pt\/product\/amg-sls-roadster\/#primaryimage"},"image":{"@id":"https:\/\/pistonaddict.com\/pt-pt\/product\/amg-sls-roadster\/#primaryimage"},"thumbnailUrl":"https:\/\/pistonaddict.com\/wp-content\/uploads\/2024\/03\/1-scaled.jpg","datePublished":"2024-03-15T16:17:18+00:00","dateModified":"2024-03-19T15:40:25+00:00","breadcrumb":{"@id":"https:\/\/pistonaddict.com\/pt-pt\/product\/amg-sls-roadster\/#breadcrumb"},"inLanguage":"pt-PT","potentialAction":[{"@type":"ReadAction","target":["https:\/\/pistonaddict.com\/pt-pt\/product\/amg-sls-roadster\/"]}]},{"@type":"ImageObject","inLanguage":"pt-PT","@id":"https:\/\/pistonaddict.com\/pt-pt\/product\/amg-sls-roadster\/#primaryimage","url":"https:\/\/pistonaddict.com\/wp-content\/uploads\/2024\/03\/1-scaled.jpg","contentUrl":"https:\/\/pistonaddict.com\/wp-content\/uploads\/2024\/03\/1-scaled.jpg","width":2560,"height":1527},{"@type":"BreadcrumbList","@id":"https:\/\/pistonaddict.com\/pt-pt\/product\/amg-sls-roadster\/#breadcrumb","itemListElement":[{"@type":"ListItem","position":1,"name":"Rece\u00e7\u00e3o","item":"https:\/\/pistonaddict.com\/pt-pt\/pagina-inicial\/"},{"@type":"ListItem","position":2,"name":"Auctions","item":"https:\/\/pistonaddict.com\/auctions-listing\/"},{"@type":"ListItem","position":3,"name":"AMG SLS Roadster"}]},{"@type":"WebSite","@id":"https:\/\/pistonaddict.com\/pt-pt\/#website","url":"https:\/\/pistonaddict.com\/pt-pt\/","name":"Piston Addict","description":"Only interesting vehicles","publisher":{"@id":"https:\/\/pistonaddict.com\/pt-pt\/#organization"},"potentialAction":[{"@type":"SearchAction","target":{"@type":"EntryPoint","urlTemplate":"https:\/\/pistonaddict.com\/pt-pt\/?s={search_term_string}"},"query-input":"required name=search_term_string"}],"inLanguage":"pt-PT"},{"@type":"Organization","@id":"https:\/\/pistonaddict.com\/pt-pt\/#organization","name":"Piston Addict","url":"https:\/\/pistonaddict.com\/pt-pt\/","logo":{"@type":"ImageObject","inLanguage":"pt-PT","@id":"https:\/\/pistonaddict.com\/pt-pt\/#\/schema\/logo\/image\/","url":"https:\/\/pistonaddict.com\/wp-content\/uploads\/2022\/07\/logo-6.png","contentUrl":"https:\/\/pistonaddict.com\/wp-content\/uploads\/2022\/07\/logo-6.png","width":970,"height":200,"caption":"Piston Addict"},"image":{"@id":"https:\/\/pistonaddict.com\/pt-pt\/#\/schema\/logo\/image\/"}}]}},"_links":{"self":[{"href":"https:\/\/pistonaddict.com\/pt-pt\/wp-json\/wp\/v2\/product\/96730"}],"collection":[{"href":"https:\/\/pistonaddict.com\/pt-pt\/wp-json\/wp\/v2\/product"}],"about":[{"href":"https:\/\/pistonaddict.com\/pt-pt\/wp-json\/wp\/v2\/types\/product"}],"replies":[{"embeddable":true,"href":"https:\/\/pistonaddict.com\/pt-pt\/wp-json\/wp\/v2\/comments?post=96730"}],"wp:featuredmedia":[{"embeddable":true,"href":"https:\/\/pistonaddict.com\/pt-pt\/wp-json\/wp\/v2\/media\/96001"}],"wp:attachment":[{"href":"https:\/\/pistonaddict.com\/pt-pt\/wp-json\/wp\/v2\/media?parent=96730"}],"wp:term":[{"taxonomy":"product_cat","embeddable":true,"href":"https:\/\/pistonaddict.com\/pt-pt\/wp-json\/wp\/v2\/product_cat?post=96730"},{"taxonomy":"product_tag","embeddable":true,"href":"https:\/\/pistonaddict.com\/pt-pt\/wp-json\/wp\/v2\/product_tag?post=96730"}],"curies":[{"name":"wp","href":"https:\/\/api.w.org\/{rel}","templated":true}]}}