{"id":94129,"date":"2024-02-28T13:52:28","date_gmt":"2024-02-28T12:52:28","guid":{"rendered":"https:\/\/pistonaddict.com\/product\/fisker-karma\/"},"modified":"2024-03-19T16:38:42","modified_gmt":"2024-03-19T15:38:42","slug":"fisker-karma","status":"publish","type":"product","link":"https:\/\/pistonaddict.com\/pt-pt\/product\/fisker-karma\/","title":{"rendered":"Fisker Karma"},"content":{"rendered":"<h2>Exterior<\/h2>\n<p>No exterior, come\u00e7ando pela frente, o Karma apresenta um nariz baixo com grelhas largas e far\u00f3is de X\u00e9non alongados, dando ao carro uma postura agressiva. Este tema continua ao longo das laterais, onde uma silhueta musculada \u00e9 dominada por para-lamas maci\u00e7os envolvidos por jantes de 22 polegadas. Na traseira larga do supercarro italiano, pormenores como os elegantes farolins traseiros e os altifalantes num local onde seria de esperar ver ponteiras de escape com tampas cromadas conferem ao Karma um aspeto de estrada \u00fanico.<\/p>\n<p>O autom\u00f3vel est\u00e1 pintado em azul oceano profundo, que fica espetacular em dias claros, quando os raios de sol real\u00e7am a sua escama\u00e7\u00e3o. Por falar em sol &#8211; o Karma tem pain\u00e9is solares integrados no tejadilho, o que significa que pode recarregar-se a si pr\u00f3prio apenas se estiver estacionado no exterior.<\/p>\n<h2>Interior<\/h2>\n<p>No interior do autom\u00f3vel, encontra-se atr\u00e1s de um volante de quatro raios em pele que enquadra um painel de instrumentos elegante e futurista. \u00c0 esquerda est\u00e1 um veloc\u00edmetro que vai at\u00e9 220 km\/h. Mas, \u00e0 direita, em vez de um conta-rota\u00e7\u00f5es, h\u00e1 uma indica\u00e7\u00e3o da capacidade da bateria e se est\u00e1 a ser carregada ou se a eletricidade \u00e9 utilizada para a acelera\u00e7\u00e3o. O painel de instrumentos est\u00e1 equipado com um ecr\u00e3 t\u00e1til que serve de centro de comando para o sistema de som, navega\u00e7\u00e3o e controlo da climatiza\u00e7\u00e3o.<\/p>\n<p>Todo o interior \u00e9 revestido por uma combina\u00e7\u00e3o de madeira, pele e Alc\u00e2ntara macia, o que lhe confere um toque e um aspeto requintados. Uma coisa que chama a aten\u00e7\u00e3o \u00e9 o enorme t\u00fanel central, que \u00e9 necess\u00e1rio, uma vez que \u00e9 aqui que as baterias est\u00e3o alojadas.<\/p>\n<h2>Mec\u00e2nica<\/h2>\n<p>Por mais deslumbrante que seja o seu aspeto interior e exterior, as bases mec\u00e2nicas do Fisker s\u00e3o as mais impressionantes. Se abrir o capot, encontrar\u00e1 um motor por baixo, como em qualquer outro autom\u00f3vel. No entanto, esta unidade turbo de 4 cilindros n\u00e3o \u00e9 utilizada para alimentar as rodas. Em vez disso, actua como um gerador que carrega as baterias quando estas precisam de ser recarregadas.<\/p>\n<p>O autom\u00f3vel \u00e9 propulsionado por dois motores el\u00e9ctricos, que funcionam em pares para fornecer pot\u00eancia \u00e0s rodas traseiras atrav\u00e9s de um diferencial de deslizamento limitado. Esta combina\u00e7\u00e3o pode atingir 409 cavalos de pot\u00eancia e uns impressionantes 1300 N-m de bin\u00e1rio, proporcionando ao Karma um desempenho que combina com o seu aspeto.<\/p>\n<p>Como a Fisker n\u00e3o queria que o carro fosse demasiado pesado, pois isso comprometeria o manuseamento, as baterias e a autonomia resultante em modo totalmente el\u00e9trico n\u00e3o s\u00e3o demasiado extensas. Quando totalmente carregado, o Karma pode percorrer cerca de 80 quil\u00f3metros utilizando apenas eletricidade. Mas, honestamente, isto \u00e9 provavelmente mais do que suficiente para a maioria das desloca\u00e7\u00f5es di\u00e1rias, e h\u00e1 sempre um motor a gasolina como gerador de reserva.<\/p>\n<h2>Historial do ve\u00edculo<\/h2>\n<p>No final, algumas palavras sobre o estado do Fisker, que o vendedor descreve como excelente. E, para ser sincero, as fotografias e o pequeno v\u00eddeo contam a mesma hist\u00f3ria. O autom\u00f3vel foi revisto pela \u00faltima vez em novembro de 2023 e n\u00e3o apresenta quaisquer falhas ou erros, \u00e0 exce\u00e7\u00e3o do aviso de press\u00e3o dos pneus no painel de instrumentos. Aparentemente, isto deve-se ao facto de o ve\u00edculo estar atualmente equipado com jantes Schmid de 21 polegadas do mercado p\u00f3s-venda, enquanto o sistema TPMS est\u00e1 programado para funcionar com a configura\u00e7\u00e3o de ver\u00e3o OEM de 22 polegadas. O propriet\u00e1rio diz que o carro pode ser recalibrado para reconhecer dimens\u00f5es alternativas de pneus, mas n\u00e3o se preocupou com isso, pois raramente o conduz durante o inverno. Al\u00e9m disso, todos os airbags foram substitu\u00eddos em 2022 no \u00e2mbito de uma grande recolha de airbags da Takata.<\/p>\n<p>O facto de se tratar de um autom\u00f3vel h\u00edbrido el\u00e9trico pode suscitar algumas preocupa\u00e7\u00f5es quanto ao estado das baterias, uma vez que a sua substitui\u00e7\u00e3o \u00e9 muito dispendiosa. Mas, de acordo com o vendedor, n\u00e3o h\u00e1 nada com que se preocupar, porque a bateria foi verificada por um t\u00e9cnico certificado da Fisker Karma em agosto de 2023, que confirmou que ainda est\u00e1 em pleno desempenho. O autom\u00f3vel \u00e9 fornecido com o seu carregador m\u00f3vel original, que se liga \u00e0 tomada de 220 V, e com um leitor manual de c\u00f3digos OBD2. A inspe\u00e7\u00e3o t\u00e9cnica austr\u00edaca foi aprovada com \u00eaxito e \u00e9 v\u00e1lida at\u00e9 agosto de 2024.<\/p>\n<p>Uma nota futura em termos de manuten\u00e7\u00e3o &#8211; embora o \u00fanico revendedor europeu autorizado se situe nos Pa\u00edses Baixos, existe a possibilidade de mandar vir o seu especialista especializado para o seu local, onde ele trata de tudo o que precisa de ser feito (desde que a repara\u00e7\u00e3o possa ser efectuada no local).<\/p>\n<p>Por fim, o vendedor, que o comprou em 2019, afirma que o carro nunca teve um acidente nem foi utilizado em pista de corrida, o que pode ser confirmado adicionalmente por um <a href=\"https:\/\/pistonaddict.com\/wp-content\/uploads\/2024\/02\/FiskerKarma.pdf\">Relat\u00f3rio do Hist\u00f3rico do Ve\u00edculo<\/a> correspondente. Tamb\u00e9m vale a pena mencionar que o vendedor fornecer\u00e1 o <a href=\"https:\/\/pistonaddict.com\/wp-content\/uploads\/2024\/02\/CoC1-rotated.jpg\">Certificado de Conformidade<\/a>, caso o comprador pretenda transferir o ve\u00edculo para fora da \u00c1ustria, onde este Fisker est\u00e1 registado desde o primeiro dia.<\/p>\n<p><strong><br \/>\nVeja o v\u00eddeo do arranque a frio deste fant\u00e1stico Fisker Karma :<\/strong><\/p>\n<p><iframe title=\"Cold Start Video of the Fisker Karma\" width=\"1200\" height=\"675\" src=\"https:\/\/www.youtube.com\/embed\/Ct2_uFf2FEw?feature=oembed\" frameborder=\"0\" allow=\"accelerometer; autoplay; clipboard-write; encrypted-media; gyroscope; picture-in-picture; web-share\" allowfullscreen><\/iframe><\/p>\n","protected":false},"excerpt":{"rendered":"<p>Se procura um carro desportivo que possa transportar quatro pessoas e a respectiva bagagem, h\u00e1 muito por onde escolher. Mas se quiser algo que o distinga dos modelos mais comuns, ent\u00e3o talvez goste do Fisker Karma. Oferece todas as vantagens de um autom\u00f3vel el\u00e9trico sem a ansiedade da autonomia e o peso adicional que lhes est\u00e1 normalmente associado. Al\u00e9m disso, toda esta magia tecnol\u00f3gica est\u00e1 envolvida numa carro\u00e7aria de aspeto espetacular. E \u00e0 venda aqui, temos um modelo de 2012, que \u00e9 vendido pelo propriet\u00e1rio e que fez 67.000 quil\u00f3metros at\u00e9 agora. Vejamos mais de perto o que tem para oferecer.<\/p>\n","protected":false},"featured_media":93027,"comment_status":"open","ping_status":"closed","template":"","meta":{"inline_featured_image":false},"product_cat":[735],"product_tag":[2799,3036,1827,3019,1829,927],"acf":[],"yoast_head":"<!-- This site is optimized with the Yoast SEO plugin v22.5 - https:\/\/yoast.com\/wordpress\/plugins\/seo\/ -->\n<title>Fisker Karma Piston Addict - t\u00edtulo<\/title>\n<meta name=\"robots\" content=\"index, follow, max-snippet:-1, max-image-preview:large, max-video-preview:-1\" \/>\n<link rel=\"canonical\" href=\"https:\/\/pistonaddict.com\/pt-pt\/product\/fisker-karma\/\" \/>\n<meta property=\"og:locale\" content=\"pt_PT\" \/>\n<meta property=\"og:type\" content=\"article\" \/>\n<meta property=\"og:title\" content=\"Fisker Karma Piston Addict - t\u00edtulo\" \/>\n<meta property=\"og:description\" content=\"Se procura um carro desportivo que possa transportar quatro pessoas e a respectiva bagagem, h\u00e1 muito por onde escolher. Mas se quiser algo que o distinga dos modelos mais comuns, ent\u00e3o talvez goste do Fisker Karma. Oferece todas as vantagens de um autom\u00f3vel el\u00e9trico sem a ansiedade da autonomia e o peso adicional que lhes est\u00e1 normalmente associado. Al\u00e9m disso, toda esta magia tecnol\u00f3gica est\u00e1 envolvida numa carro\u00e7aria de aspeto espetacular. E \u00e0 venda aqui, temos um modelo de 2012, que \u00e9 vendido pelo propriet\u00e1rio e que fez 67.000 quil\u00f3metros at\u00e9 agora. Vejamos mais de perto o que tem para oferecer.\" \/>\n<meta property=\"og:url\" content=\"https:\/\/pistonaddict.com\/pt-pt\/product\/fisker-karma\/\" \/>\n<meta property=\"og:site_name\" content=\"Piston Addict\" \/>\n<meta property=\"article:modified_time\" content=\"2024-03-19T15:38:42+00:00\" \/>\n<meta property=\"og:image\" content=\"https:\/\/pistonaddict.com\/wp-content\/uploads\/2024\/02\/1.jpg\" \/>\n\t<meta property=\"og:image:width\" content=\"1280\" \/>\n\t<meta property=\"og:image:height\" content=\"960\" \/>\n\t<meta property=\"og:image:type\" content=\"image\/jpeg\" \/>\n<meta name=\"twitter:card\" content=\"summary_large_image\" \/>\n<meta name=\"twitter:label1\" content=\"Tempo estimado de leitura\" \/>\n\t<meta name=\"twitter:data1\" content=\"5 minutos\" \/>\n<script type=\"application\/ld+json\" class=\"yoast-schema-graph\">{\"@context\":\"https:\/\/schema.org\",\"@graph\":[{\"@type\":\"WebPage\",\"@id\":\"https:\/\/pistonaddict.com\/pt-pt\/product\/fisker-karma\/\",\"url\":\"https:\/\/pistonaddict.com\/pt-pt\/product\/fisker-karma\/\",\"name\":\"Fisker Karma Piston Addict - t\u00edtulo\",\"isPartOf\":{\"@id\":\"https:\/\/pistonaddict.com\/pt-pt\/#website\"},\"primaryImageOfPage\":{\"@id\":\"https:\/\/pistonaddict.com\/pt-pt\/product\/fisker-karma\/#primaryimage\"},\"image\":{\"@id\":\"https:\/\/pistonaddict.com\/pt-pt\/product\/fisker-karma\/#primaryimage\"},\"thumbnailUrl\":\"https:\/\/pistonaddict.com\/wp-content\/uploads\/2024\/02\/1.jpg\",\"datePublished\":\"2024-02-28T12:52:28+00:00\",\"dateModified\":\"2024-03-19T15:38:42+00:00\",\"breadcrumb\":{\"@id\":\"https:\/\/pistonaddict.com\/pt-pt\/product\/fisker-karma\/#breadcrumb\"},\"inLanguage\":\"pt-PT\",\"potentialAction\":[{\"@type\":\"ReadAction\",\"target\":[\"https:\/\/pistonaddict.com\/pt-pt\/product\/fisker-karma\/\"]}]},{\"@type\":\"ImageObject\",\"inLanguage\":\"pt-PT\",\"@id\":\"https:\/\/pistonaddict.com\/pt-pt\/product\/fisker-karma\/#primaryimage\",\"url\":\"https:\/\/pistonaddict.com\/wp-content\/uploads\/2024\/02\/1.jpg\",\"contentUrl\":\"https:\/\/pistonaddict.com\/wp-content\/uploads\/2024\/02\/1.jpg\",\"width\":1280,\"height\":960},{\"@type\":\"BreadcrumbList\",\"@id\":\"https:\/\/pistonaddict.com\/pt-pt\/product\/fisker-karma\/#breadcrumb\",\"itemListElement\":[{\"@type\":\"ListItem\",\"position\":1,\"name\":\"Rece\u00e7\u00e3o\",\"item\":\"https:\/\/pistonaddict.com\/pt-pt\/pagina-inicial\/\"},{\"@type\":\"ListItem\",\"position\":2,\"name\":\"Auctions\",\"item\":\"https:\/\/pistonaddict.com\/auctions-listing\/\"},{\"@type\":\"ListItem\",\"position\":3,\"name\":\"Fisker Karma\"}]},{\"@type\":\"WebSite\",\"@id\":\"https:\/\/pistonaddict.com\/pt-pt\/#website\",\"url\":\"https:\/\/pistonaddict.com\/pt-pt\/\",\"name\":\"Piston Addict\",\"description\":\"Only interesting vehicles\",\"publisher\":{\"@id\":\"https:\/\/pistonaddict.com\/pt-pt\/#organization\"},\"potentialAction\":[{\"@type\":\"SearchAction\",\"target\":{\"@type\":\"EntryPoint\",\"urlTemplate\":\"https:\/\/pistonaddict.com\/pt-pt\/?s={search_term_string}\"},\"query-input\":\"required name=search_term_string\"}],\"inLanguage\":\"pt-PT\"},{\"@type\":\"Organization\",\"@id\":\"https:\/\/pistonaddict.com\/pt-pt\/#organization\",\"name\":\"Piston Addict\",\"url\":\"https:\/\/pistonaddict.com\/pt-pt\/\",\"logo\":{\"@type\":\"ImageObject\",\"inLanguage\":\"pt-PT\",\"@id\":\"https:\/\/pistonaddict.com\/pt-pt\/#\/schema\/logo\/image\/\",\"url\":\"https:\/\/pistonaddict.com\/wp-content\/uploads\/2022\/07\/logo-6.png\",\"contentUrl\":\"https:\/\/pistonaddict.com\/wp-content\/uploads\/2022\/07\/logo-6.png\",\"width\":970,\"height\":200,\"caption\":\"Piston Addict\"},\"image\":{\"@id\":\"https:\/\/pistonaddict.com\/pt-pt\/#\/schema\/logo\/image\/\"}}]}<\/script>\n<!-- \/ Yoast SEO plugin. -->","yoast_head_json":{"title":"Fisker Karma Piston Addict - t\u00edtulo","robots":{"index":"index","follow":"follow","max-snippet":"max-snippet:-1","max-image-preview":"max-image-preview:large","max-video-preview":"max-video-preview:-1"},"canonical":"https:\/\/pistonaddict.com\/pt-pt\/product\/fisker-karma\/","og_locale":"pt_PT","og_type":"article","og_title":"Fisker Karma Piston Addict - t\u00edtulo","og_description":"Se procura um carro desportivo que possa transportar quatro pessoas e a respectiva bagagem, h\u00e1 muito por onde escolher. Mas se quiser algo que o distinga dos modelos mais comuns, ent\u00e3o talvez goste do Fisker Karma. Oferece todas as vantagens de um autom\u00f3vel el\u00e9trico sem a ansiedade da autonomia e o peso adicional que lhes est\u00e1 normalmente associado. Al\u00e9m disso, toda esta magia tecnol\u00f3gica est\u00e1 envolvida numa carro\u00e7aria de aspeto espetacular. E \u00e0 venda aqui, temos um modelo de 2012, que \u00e9 vendido pelo propriet\u00e1rio e que fez 67.000 quil\u00f3metros at\u00e9 agora. Vejamos mais de perto o que tem para oferecer.","og_url":"https:\/\/pistonaddict.com\/pt-pt\/product\/fisker-karma\/","og_site_name":"Piston Addict","article_modified_time":"2024-03-19T15:38:42+00:00","og_image":[{"width":1280,"height":960,"url":"https:\/\/pistonaddict.com\/wp-content\/uploads\/2024\/02\/1.jpg","type":"image\/jpeg"}],"twitter_card":"summary_large_image","twitter_misc":{"Tempo estimado de leitura":"5 minutos"},"schema":{"@context":"https:\/\/schema.org","@graph":[{"@type":"WebPage","@id":"https:\/\/pistonaddict.com\/pt-pt\/product\/fisker-karma\/","url":"https:\/\/pistonaddict.com\/pt-pt\/product\/fisker-karma\/","name":"Fisker Karma Piston Addict - t\u00edtulo","isPartOf":{"@id":"https:\/\/pistonaddict.com\/pt-pt\/#website"},"primaryImageOfPage":{"@id":"https:\/\/pistonaddict.com\/pt-pt\/product\/fisker-karma\/#primaryimage"},"image":{"@id":"https:\/\/pistonaddict.com\/pt-pt\/product\/fisker-karma\/#primaryimage"},"thumbnailUrl":"https:\/\/pistonaddict.com\/wp-content\/uploads\/2024\/02\/1.jpg","datePublished":"2024-02-28T12:52:28+00:00","dateModified":"2024-03-19T15:38:42+00:00","breadcrumb":{"@id":"https:\/\/pistonaddict.com\/pt-pt\/product\/fisker-karma\/#breadcrumb"},"inLanguage":"pt-PT","potentialAction":[{"@type":"ReadAction","target":["https:\/\/pistonaddict.com\/pt-pt\/product\/fisker-karma\/"]}]},{"@type":"ImageObject","inLanguage":"pt-PT","@id":"https:\/\/pistonaddict.com\/pt-pt\/product\/fisker-karma\/#primaryimage","url":"https:\/\/pistonaddict.com\/wp-content\/uploads\/2024\/02\/1.jpg","contentUrl":"https:\/\/pistonaddict.com\/wp-content\/uploads\/2024\/02\/1.jpg","width":1280,"height":960},{"@type":"BreadcrumbList","@id":"https:\/\/pistonaddict.com\/pt-pt\/product\/fisker-karma\/#breadcrumb","itemListElement":[{"@type":"ListItem","position":1,"name":"Rece\u00e7\u00e3o","item":"https:\/\/pistonaddict.com\/pt-pt\/pagina-inicial\/"},{"@type":"ListItem","position":2,"name":"Auctions","item":"https:\/\/pistonaddict.com\/auctions-listing\/"},{"@type":"ListItem","position":3,"name":"Fisker Karma"}]},{"@type":"WebSite","@id":"https:\/\/pistonaddict.com\/pt-pt\/#website","url":"https:\/\/pistonaddict.com\/pt-pt\/","name":"Piston Addict","description":"Only interesting vehicles","publisher":{"@id":"https:\/\/pistonaddict.com\/pt-pt\/#organization"},"potentialAction":[{"@type":"SearchAction","target":{"@type":"EntryPoint","urlTemplate":"https:\/\/pistonaddict.com\/pt-pt\/?s={search_term_string}"},"query-input":"required name=search_term_string"}],"inLanguage":"pt-PT"},{"@type":"Organization","@id":"https:\/\/pistonaddict.com\/pt-pt\/#organization","name":"Piston Addict","url":"https:\/\/pistonaddict.com\/pt-pt\/","logo":{"@type":"ImageObject","inLanguage":"pt-PT","@id":"https:\/\/pistonaddict.com\/pt-pt\/#\/schema\/logo\/image\/","url":"https:\/\/pistonaddict.com\/wp-content\/uploads\/2022\/07\/logo-6.png","contentUrl":"https:\/\/pistonaddict.com\/wp-content\/uploads\/2022\/07\/logo-6.png","width":970,"height":200,"caption":"Piston Addict"},"image":{"@id":"https:\/\/pistonaddict.com\/pt-pt\/#\/schema\/logo\/image\/"}}]}},"_links":{"self":[{"href":"https:\/\/pistonaddict.com\/pt-pt\/wp-json\/wp\/v2\/product\/94129"}],"collection":[{"href":"https:\/\/pistonaddict.com\/pt-pt\/wp-json\/wp\/v2\/product"}],"about":[{"href":"https:\/\/pistonaddict.com\/pt-pt\/wp-json\/wp\/v2\/types\/product"}],"replies":[{"embeddable":true,"href":"https:\/\/pistonaddict.com\/pt-pt\/wp-json\/wp\/v2\/comments?post=94129"}],"wp:featuredmedia":[{"embeddable":true,"href":"https:\/\/pistonaddict.com\/pt-pt\/wp-json\/wp\/v2\/media\/93027"}],"wp:attachment":[{"href":"https:\/\/pistonaddict.com\/pt-pt\/wp-json\/wp\/v2\/media?parent=94129"}],"wp:term":[{"taxonomy":"product_cat","embeddable":true,"href":"https:\/\/pistonaddict.com\/pt-pt\/wp-json\/wp\/v2\/product_cat?post=94129"},{"taxonomy":"product_tag","embeddable":true,"href":"https:\/\/pistonaddict.com\/pt-pt\/wp-json\/wp\/v2\/product_tag?post=94129"}],"curies":[{"name":"wp","href":"https:\/\/api.w.org\/{rel}","templated":true}]}}