{"id":92887,"date":"2024-02-23T14:19:05","date_gmt":"2024-02-23T13:19:05","guid":{"rendered":"https:\/\/pistonaddict.com\/product\/volkswagen-1303-carocha-descapotavel-triple-white\/"},"modified":"2024-03-20T09:46:47","modified_gmt":"2024-03-20T08:46:47","slug":"volkswagen-1303-convertible-triple-white-beetle","status":"publish","type":"product","link":"https:\/\/pistonaddict.com\/pt-pt\/product\/volkswagen-1303-convertible-triple-white-beetle\/","title":{"rendered":"Volkswagen 1303 Carocha descapot\u00e1vel Triple White"},"content":{"rendered":"<p>Se o Volkswagen Carocha normal era um modelo econ\u00f3mico que colocava o mundo sobre rodas, a sua vers\u00e3o descapot\u00e1vel era sempre a mais sofisticada e prestigiada. Em primeiro lugar, foi produzido pela famosa oficina Karmann e apresentava muitas modifica\u00e7\u00f5es em rela\u00e7\u00e3o ao modelo de s\u00e9rie. N\u00e3o se tratava apenas de um Carocha com capota; era um carro completamente diferente com melhorias no chassis, portas diferentes, para-brisas e pain\u00e9is espec\u00edficos. No final de uma longa s\u00e9rie de produ\u00e7\u00e3o, o Volkswagen Beetle Convertible recebeu um motor melhorado, trav\u00f5es de disco dianteiros e mais caracter\u00edsticas, tornando-o um cruzeiro de capota aberta melhor e mais competente. Hoje, temos o orgulho de apresentar um carro assim. Um Volkswagen 1303 Convertible de 1979 num esquema de cores \u00fanico, triplamente branco, com um motor de inje\u00e7\u00e3o de combust\u00edvel de 1,6 litros e em estado totalmente original. Originalmente vendidos nos EUA, estes descapot\u00e1veis Beetle de \u00faltima gera\u00e7\u00e3o foram comercializados como Super Beetle e contam-se entre os exemplares mais desejados devido ao melhor equipamento e a um motor de 48 cv com uma velocidade m\u00e1xima de 130 km\/h (82 mph). Este carro em particular foi produzido em dezembro de 1979, o que faz dele um dos \u00faltimos descapot\u00e1veis Beetle, com a produ\u00e7\u00e3o a terminar no in\u00edcio de 1980. A Volkswagen vendeu apenas 4.572 1303 Convertibles em 1980, muito poucos em Tripple-White, e este \u00e9 um deles. Estes modelos tardios t\u00eam v\u00e1rias caracter\u00edsticas de design \u00fanicas que os tornam ainda mais pr\u00e1ticos e agrad\u00e1veis. Por exemplo, uma bagageira dianteira maior e um para-brisas ligeiramente curvo reduziram o ru\u00eddo do vento, principalmente quando conduzido com o tejadilho descido.<\/p>\n<p><strong>Interior<\/strong><\/p>\n<p>Os bancos em vinil branco est\u00e3o em excelente estado e o interior deste atraente Carocha \u00e9 totalmente original. Com um painel de instrumentos com acabamentos em madeira, um volante exclusivo e uma ergonomia melhorada, este \u00e9 o ambiente de condu\u00e7\u00e3o mais sofisticado de qualquer Carocha cl\u00e1ssico. O painel de instrumentos n\u00e3o est\u00e1 rachado; o sistema \u00e1udio tem uma encantadora unidade de cassetes Blaupunkt dos anos 80.<\/p>\n<p><strong>Estado do autom\u00f3vel<\/strong><\/p>\n<p>Com apenas 94.000 quil\u00f3metros e um par de propriet\u00e1rios cuidadosos, este 1303 Convertible beneficiou de um restauro e manteve o motor e a transmiss\u00e3o originais, com os mesmos n\u00fameros. O estado geral \u00e9 quase perfeito, com tudo a funcionar corretamente e sem pontos de ferrugem ou descolora\u00e7\u00e3o. A \u00faltima revis\u00e3o foi efectuada em outubro de 2023 e o autom\u00f3vel passou a inspe\u00e7\u00e3o t\u00e9cnica anual de 2024 sem quaisquer problemas. Em carros como este, o tejadilho de vinil \u00e9 muitas vezes problem\u00e1tico, mas temos o prazer de informar que mesmo este est\u00e1 em perfeitas condi\u00e7\u00f5es, sem rasg\u00f5es ou fugas. A parte inferior da carro\u00e7aria est\u00e1 t\u00e3o limpa como a carro\u00e7aria, sem problemas de ferrugem. O autom\u00f3vel foi restaurado profissionalmente de acordo com os mais elevados padr\u00f5es, com pe\u00e7as originais e mantido por um especialista da VW. Desde o restauro, o ve\u00edculo tem sido mantido numa garagem climatizada.<\/p>\n<p><strong>Exterior e rodas<\/strong><\/p>\n<p>A cor branca carater\u00edstica est\u00e1 em condi\u00e7\u00f5es ideais e o esquema de cores triplo branco \u00e9 original e raro. As jantes s\u00e3o originais de 15 polegadas com calotas cromadas, revestidas com borracha nova (DOT 2023) e de tamanho adequado (175\/70\/R15).<\/p>\n<p><strong>Documenta\u00e7\u00e3o<\/strong><\/p>\n<p>O vendedor privado vende este ve\u00edculo com a documenta\u00e7\u00e3o adequada nos Pa\u00edses Baixos. A carta de condu\u00e7\u00e3o <strong>holandesa (APK) \u00e9 v\u00e1lida at\u00e9 agosto de 2024<\/strong>. Existem registos de manuten\u00e7\u00e3o regular, facturas de venda e recibos. A documenta\u00e7\u00e3o inclui o t\u00edtulo de propriedade original, brochuras, <a href=\"https:\/\/pistonaddict.com\/wp-content\/uploads\/2024\/02\/Zertificat.pdf\" target=\"blank\" rel=\"noopener\">conhecimentos cl\u00e1ssicos da VW<\/a> e documentos de registo. N\u00e3o existe garantia de f\u00e1brica para este modelo.<\/p>\n<p><strong><br \/>\nVeja o v\u00eddeo do arranque a frio deste belo Carocha descapot\u00e1vel Triple White :<\/strong><\/p>\n<p>&nbsp;<\/p>\n<p><iframe title=\"Cold Start Video of the Volkswagen Coccinelle\/Beetle Cabriolet 1.6 Triple White\" width=\"1200\" height=\"675\" src=\"https:\/\/www.youtube.com\/embed\/G0rjRvyjhRo?feature=oembed\" frameborder=\"0\" allow=\"accelerometer; autoplay; clipboard-write; encrypted-media; gyroscope; picture-in-picture; web-share\" allowfullscreen><\/iframe><\/p>\n<p><strong> <\/strong><\/p>\n","protected":false},"excerpt":{"rendered":"<p>O carocha hom\u00f3nimo da Volkswagen foi um dos carros mais importantes do s\u00e9culo XX e continua a ser um dos melhores cl\u00e1ssicos para arrancar. Mas a sua vers\u00e3o descapot\u00e1vel \u00e9 muito mais rara, mais fresca e perfeita para aquele passeio costeiro ao ar livre com uma inconfund\u00edvel banda sonora de quatro cilindros. Se est\u00e1 apaixonado pelas linhas cl\u00e1ssicas do Carocha, mas procura um que tenha melhor dirigibilidade e pot\u00eancia, este \u00e9 o carro perfeito para si. Um modelo posterior 1303 Convertible, mais desej\u00e1vel, com um motor mais potente e com inje\u00e7\u00e3o de combust\u00edvel, pronto para a \u00e9poca de ver\u00e3o.<\/p>\n","protected":false},"featured_media":92690,"comment_status":"open","ping_status":"closed","template":"","meta":{"inline_featured_image":false},"product_cat":[735],"product_tag":[2980,956,2978],"acf":[],"yoast_head":"<!-- This site is optimized with the Yoast SEO plugin v22.5 - https:\/\/yoast.com\/wordpress\/plugins\/seo\/ -->\n<title>Volkswagen 1303 Carocha descapot\u00e1vel Triple White Piston Addict - t\u00edtulo<\/title>\n<meta name=\"robots\" content=\"index, follow, max-snippet:-1, max-image-preview:large, max-video-preview:-1\" \/>\n<link rel=\"canonical\" href=\"https:\/\/pistonaddict.com\/pt-pt\/product\/volkswagen-1303-convertible-triple-white-beetle\/\" \/>\n<meta property=\"og:locale\" content=\"pt_PT\" \/>\n<meta property=\"og:type\" content=\"article\" \/>\n<meta property=\"og:title\" content=\"Volkswagen 1303 Carocha descapot\u00e1vel Triple White Piston Addict - t\u00edtulo\" \/>\n<meta property=\"og:description\" content=\"O carocha hom\u00f3nimo da Volkswagen foi um dos carros mais importantes do s\u00e9culo XX e continua a ser um dos melhores cl\u00e1ssicos para arrancar. Mas a sua vers\u00e3o descapot\u00e1vel \u00e9 muito mais rara, mais fresca e perfeita para aquele passeio costeiro ao ar livre com uma inconfund\u00edvel banda sonora de quatro cilindros. Se est\u00e1 apaixonado pelas linhas cl\u00e1ssicas do Carocha, mas procura um que tenha melhor dirigibilidade e pot\u00eancia, este \u00e9 o carro perfeito para si. Um modelo posterior 1303 Convertible, mais desej\u00e1vel, com um motor mais potente e com inje\u00e7\u00e3o de combust\u00edvel, pronto para a \u00e9poca de ver\u00e3o.\" \/>\n<meta property=\"og:url\" content=\"https:\/\/pistonaddict.com\/pt-pt\/product\/volkswagen-1303-convertible-triple-white-beetle\/\" \/>\n<meta property=\"og:site_name\" content=\"Piston Addict\" \/>\n<meta property=\"article:modified_time\" content=\"2024-03-20T08:46:47+00:00\" \/>\n<meta property=\"og:image\" content=\"https:\/\/pistonaddict.com\/wp-content\/uploads\/2024\/02\/b2c02738-a5a6-4266-893c-b51da700edcd-1.jpg\" \/>\n\t<meta property=\"og:image:width\" content=\"1600\" \/>\n\t<meta property=\"og:image:height\" content=\"1200\" \/>\n\t<meta property=\"og:image:type\" content=\"image\/jpeg\" \/>\n<meta name=\"twitter:card\" content=\"summary_large_image\" \/>\n<meta name=\"twitter:label1\" content=\"Tempo estimado de leitura\" \/>\n\t<meta name=\"twitter:data1\" content=\"3 minutos\" \/>\n<script type=\"application\/ld+json\" class=\"yoast-schema-graph\">{\"@context\":\"https:\/\/schema.org\",\"@graph\":[{\"@type\":\"WebPage\",\"@id\":\"https:\/\/pistonaddict.com\/pt-pt\/product\/volkswagen-1303-convertible-triple-white-beetle\/\",\"url\":\"https:\/\/pistonaddict.com\/pt-pt\/product\/volkswagen-1303-convertible-triple-white-beetle\/\",\"name\":\"Volkswagen 1303 Carocha descapot\u00e1vel Triple White Piston Addict - t\u00edtulo\",\"isPartOf\":{\"@id\":\"https:\/\/pistonaddict.com\/pt-pt\/#website\"},\"primaryImageOfPage\":{\"@id\":\"https:\/\/pistonaddict.com\/pt-pt\/product\/volkswagen-1303-convertible-triple-white-beetle\/#primaryimage\"},\"image\":{\"@id\":\"https:\/\/pistonaddict.com\/pt-pt\/product\/volkswagen-1303-convertible-triple-white-beetle\/#primaryimage\"},\"thumbnailUrl\":\"https:\/\/pistonaddict.com\/wp-content\/uploads\/2024\/02\/b2c02738-a5a6-4266-893c-b51da700edcd-1.jpg\",\"datePublished\":\"2024-02-23T13:19:05+00:00\",\"dateModified\":\"2024-03-20T08:46:47+00:00\",\"breadcrumb\":{\"@id\":\"https:\/\/pistonaddict.com\/pt-pt\/product\/volkswagen-1303-convertible-triple-white-beetle\/#breadcrumb\"},\"inLanguage\":\"pt-PT\",\"potentialAction\":[{\"@type\":\"ReadAction\",\"target\":[\"https:\/\/pistonaddict.com\/pt-pt\/product\/volkswagen-1303-convertible-triple-white-beetle\/\"]}]},{\"@type\":\"ImageObject\",\"inLanguage\":\"pt-PT\",\"@id\":\"https:\/\/pistonaddict.com\/pt-pt\/product\/volkswagen-1303-convertible-triple-white-beetle\/#primaryimage\",\"url\":\"https:\/\/pistonaddict.com\/wp-content\/uploads\/2024\/02\/b2c02738-a5a6-4266-893c-b51da700edcd-1.jpg\",\"contentUrl\":\"https:\/\/pistonaddict.com\/wp-content\/uploads\/2024\/02\/b2c02738-a5a6-4266-893c-b51da700edcd-1.jpg\",\"width\":1600,\"height\":1200},{\"@type\":\"BreadcrumbList\",\"@id\":\"https:\/\/pistonaddict.com\/pt-pt\/product\/volkswagen-1303-convertible-triple-white-beetle\/#breadcrumb\",\"itemListElement\":[{\"@type\":\"ListItem\",\"position\":1,\"name\":\"Rece\u00e7\u00e3o\",\"item\":\"https:\/\/pistonaddict.com\/pt-pt\/pagina-inicial\/\"},{\"@type\":\"ListItem\",\"position\":2,\"name\":\"Auctions\",\"item\":\"https:\/\/pistonaddict.com\/auctions-listing\/\"},{\"@type\":\"ListItem\",\"position\":3,\"name\":\"Volkswagen 1303 Carocha descapot\u00e1vel Triple White\"}]},{\"@type\":\"WebSite\",\"@id\":\"https:\/\/pistonaddict.com\/pt-pt\/#website\",\"url\":\"https:\/\/pistonaddict.com\/pt-pt\/\",\"name\":\"Piston Addict\",\"description\":\"Only interesting vehicles\",\"publisher\":{\"@id\":\"https:\/\/pistonaddict.com\/pt-pt\/#organization\"},\"potentialAction\":[{\"@type\":\"SearchAction\",\"target\":{\"@type\":\"EntryPoint\",\"urlTemplate\":\"https:\/\/pistonaddict.com\/pt-pt\/?s={search_term_string}\"},\"query-input\":\"required name=search_term_string\"}],\"inLanguage\":\"pt-PT\"},{\"@type\":\"Organization\",\"@id\":\"https:\/\/pistonaddict.com\/pt-pt\/#organization\",\"name\":\"Piston Addict\",\"url\":\"https:\/\/pistonaddict.com\/pt-pt\/\",\"logo\":{\"@type\":\"ImageObject\",\"inLanguage\":\"pt-PT\",\"@id\":\"https:\/\/pistonaddict.com\/pt-pt\/#\/schema\/logo\/image\/\",\"url\":\"https:\/\/pistonaddict.com\/wp-content\/uploads\/2022\/07\/logo-6.png\",\"contentUrl\":\"https:\/\/pistonaddict.com\/wp-content\/uploads\/2022\/07\/logo-6.png\",\"width\":970,\"height\":200,\"caption\":\"Piston Addict\"},\"image\":{\"@id\":\"https:\/\/pistonaddict.com\/pt-pt\/#\/schema\/logo\/image\/\"}}]}<\/script>\n<!-- \/ Yoast SEO plugin. -->","yoast_head_json":{"title":"Volkswagen 1303 Carocha descapot\u00e1vel Triple White Piston Addict - t\u00edtulo","robots":{"index":"index","follow":"follow","max-snippet":"max-snippet:-1","max-image-preview":"max-image-preview:large","max-video-preview":"max-video-preview:-1"},"canonical":"https:\/\/pistonaddict.com\/pt-pt\/product\/volkswagen-1303-convertible-triple-white-beetle\/","og_locale":"pt_PT","og_type":"article","og_title":"Volkswagen 1303 Carocha descapot\u00e1vel Triple White Piston Addict - t\u00edtulo","og_description":"O carocha hom\u00f3nimo da Volkswagen foi um dos carros mais importantes do s\u00e9culo XX e continua a ser um dos melhores cl\u00e1ssicos para arrancar. Mas a sua vers\u00e3o descapot\u00e1vel \u00e9 muito mais rara, mais fresca e perfeita para aquele passeio costeiro ao ar livre com uma inconfund\u00edvel banda sonora de quatro cilindros. Se est\u00e1 apaixonado pelas linhas cl\u00e1ssicas do Carocha, mas procura um que tenha melhor dirigibilidade e pot\u00eancia, este \u00e9 o carro perfeito para si. Um modelo posterior 1303 Convertible, mais desej\u00e1vel, com um motor mais potente e com inje\u00e7\u00e3o de combust\u00edvel, pronto para a \u00e9poca de ver\u00e3o.","og_url":"https:\/\/pistonaddict.com\/pt-pt\/product\/volkswagen-1303-convertible-triple-white-beetle\/","og_site_name":"Piston Addict","article_modified_time":"2024-03-20T08:46:47+00:00","og_image":[{"width":1600,"height":1200,"url":"https:\/\/pistonaddict.com\/wp-content\/uploads\/2024\/02\/b2c02738-a5a6-4266-893c-b51da700edcd-1.jpg","type":"image\/jpeg"}],"twitter_card":"summary_large_image","twitter_misc":{"Tempo estimado de leitura":"3 minutos"},"schema":{"@context":"https:\/\/schema.org","@graph":[{"@type":"WebPage","@id":"https:\/\/pistonaddict.com\/pt-pt\/product\/volkswagen-1303-convertible-triple-white-beetle\/","url":"https:\/\/pistonaddict.com\/pt-pt\/product\/volkswagen-1303-convertible-triple-white-beetle\/","name":"Volkswagen 1303 Carocha descapot\u00e1vel Triple White Piston Addict - t\u00edtulo","isPartOf":{"@id":"https:\/\/pistonaddict.com\/pt-pt\/#website"},"primaryImageOfPage":{"@id":"https:\/\/pistonaddict.com\/pt-pt\/product\/volkswagen-1303-convertible-triple-white-beetle\/#primaryimage"},"image":{"@id":"https:\/\/pistonaddict.com\/pt-pt\/product\/volkswagen-1303-convertible-triple-white-beetle\/#primaryimage"},"thumbnailUrl":"https:\/\/pistonaddict.com\/wp-content\/uploads\/2024\/02\/b2c02738-a5a6-4266-893c-b51da700edcd-1.jpg","datePublished":"2024-02-23T13:19:05+00:00","dateModified":"2024-03-20T08:46:47+00:00","breadcrumb":{"@id":"https:\/\/pistonaddict.com\/pt-pt\/product\/volkswagen-1303-convertible-triple-white-beetle\/#breadcrumb"},"inLanguage":"pt-PT","potentialAction":[{"@type":"ReadAction","target":["https:\/\/pistonaddict.com\/pt-pt\/product\/volkswagen-1303-convertible-triple-white-beetle\/"]}]},{"@type":"ImageObject","inLanguage":"pt-PT","@id":"https:\/\/pistonaddict.com\/pt-pt\/product\/volkswagen-1303-convertible-triple-white-beetle\/#primaryimage","url":"https:\/\/pistonaddict.com\/wp-content\/uploads\/2024\/02\/b2c02738-a5a6-4266-893c-b51da700edcd-1.jpg","contentUrl":"https:\/\/pistonaddict.com\/wp-content\/uploads\/2024\/02\/b2c02738-a5a6-4266-893c-b51da700edcd-1.jpg","width":1600,"height":1200},{"@type":"BreadcrumbList","@id":"https:\/\/pistonaddict.com\/pt-pt\/product\/volkswagen-1303-convertible-triple-white-beetle\/#breadcrumb","itemListElement":[{"@type":"ListItem","position":1,"name":"Rece\u00e7\u00e3o","item":"https:\/\/pistonaddict.com\/pt-pt\/pagina-inicial\/"},{"@type":"ListItem","position":2,"name":"Auctions","item":"https:\/\/pistonaddict.com\/auctions-listing\/"},{"@type":"ListItem","position":3,"name":"Volkswagen 1303 Carocha descapot\u00e1vel Triple White"}]},{"@type":"WebSite","@id":"https:\/\/pistonaddict.com\/pt-pt\/#website","url":"https:\/\/pistonaddict.com\/pt-pt\/","name":"Piston Addict","description":"Only interesting vehicles","publisher":{"@id":"https:\/\/pistonaddict.com\/pt-pt\/#organization"},"potentialAction":[{"@type":"SearchAction","target":{"@type":"EntryPoint","urlTemplate":"https:\/\/pistonaddict.com\/pt-pt\/?s={search_term_string}"},"query-input":"required name=search_term_string"}],"inLanguage":"pt-PT"},{"@type":"Organization","@id":"https:\/\/pistonaddict.com\/pt-pt\/#organization","name":"Piston Addict","url":"https:\/\/pistonaddict.com\/pt-pt\/","logo":{"@type":"ImageObject","inLanguage":"pt-PT","@id":"https:\/\/pistonaddict.com\/pt-pt\/#\/schema\/logo\/image\/","url":"https:\/\/pistonaddict.com\/wp-content\/uploads\/2022\/07\/logo-6.png","contentUrl":"https:\/\/pistonaddict.com\/wp-content\/uploads\/2022\/07\/logo-6.png","width":970,"height":200,"caption":"Piston Addict"},"image":{"@id":"https:\/\/pistonaddict.com\/pt-pt\/#\/schema\/logo\/image\/"}}]}},"_links":{"self":[{"href":"https:\/\/pistonaddict.com\/pt-pt\/wp-json\/wp\/v2\/product\/92887"}],"collection":[{"href":"https:\/\/pistonaddict.com\/pt-pt\/wp-json\/wp\/v2\/product"}],"about":[{"href":"https:\/\/pistonaddict.com\/pt-pt\/wp-json\/wp\/v2\/types\/product"}],"replies":[{"embeddable":true,"href":"https:\/\/pistonaddict.com\/pt-pt\/wp-json\/wp\/v2\/comments?post=92887"}],"wp:featuredmedia":[{"embeddable":true,"href":"https:\/\/pistonaddict.com\/pt-pt\/wp-json\/wp\/v2\/media\/92690"}],"wp:attachment":[{"href":"https:\/\/pistonaddict.com\/pt-pt\/wp-json\/wp\/v2\/media?parent=92887"}],"wp:term":[{"taxonomy":"product_cat","embeddable":true,"href":"https:\/\/pistonaddict.com\/pt-pt\/wp-json\/wp\/v2\/product_cat?post=92887"},{"taxonomy":"product_tag","embeddable":true,"href":"https:\/\/pistonaddict.com\/pt-pt\/wp-json\/wp\/v2\/product_tag?post=92887"}],"curies":[{"name":"wp","href":"https:\/\/api.w.org\/{rel}","templated":true}]}}