{"id":89356,"date":"2024-01-31T11:03:43","date_gmt":"2024-01-31T10:03:43","guid":{"rendered":"https:\/\/pistonaddict.com\/product\/abarth-695-tributo-ferrari-no424\/"},"modified":"2024-03-20T09:46:41","modified_gmt":"2024-03-20T08:46:41","slug":"abarth-695-tributo-ferrari-no424","status":"publish","type":"product","link":"https:\/\/pistonaddict.com\/pt-pt\/product\/abarth-695-tributo-ferrari-no424\/","title":{"rendered":"Abarth 695 Tributo Ferrari n\u00ba424"},"content":{"rendered":"<h2>Exterior<\/h2>\n<p>Baseado num famoso e muito popular Fiat 500, o 695 provavelmente n\u00e3o precisa de muitas apresenta\u00e7\u00f5es. O que a Abarth fez foi acrescentar uns para-choques maci\u00e7os \u00e0 frente e atr\u00e1s, acompanhados de protec\u00e7\u00f5es das soleiras a condizer, spoiler traseiro e escape duplo. E depois, para o apimentar ainda mais, colocaram pormenores como as coberturas dos espelhos retrovisores em fibra de carbono e o vistoso emblema <em>Tributo Ferrari<\/em> nos pain\u00e9is do quarto traseiro.<br \/>\nEste Abart 695 em particular est\u00e1 pintado numa cor vermelha ardente com faixas de corrida cinzentas que come\u00e7am no capot, se estendem pelo tejadilho e terminam na porta da bagageira. O quanto o carro foi conduzido &#8211; ou n\u00e3o foi, para ser mais preciso &#8211; \u00e9 melhor demonstrado pelas jantes de 17 polegadas, que ainda t\u00eam pneus Michelin Pilot de f\u00e1brica.<\/p>\n<h2>Interior<\/h2>\n<p>Tal como no exterior, o interior do autom\u00f3vel revela rapidamente a sua verdadeira natureza. Para come\u00e7ar, os bancos dianteiros em balde, fabricados pela Sabelt, apresentam uma estrutura em fibra de carbono e s\u00e3o extremamente confort\u00e1veis. Uma vez sentado no seu interior, o condutor encontra-se atr\u00e1s de um volante de tr\u00eas raios em pele com detalhes e pespontos vermelhos. Sendo um modelo com uma transmiss\u00e3o automatizada, este Abart n\u00e3o tem uma alavanca de velocidades na consola central &#8211; em vez disso, existem apenas v\u00e1rios bot\u00f5es para selecionar a marcha-atr\u00e1s, a condu\u00e7\u00e3o ou o ponto morto. Mas tamb\u00e9m existem patilhas no volante, para quando o condutor quiser engrenar as mudan\u00e7as manualmente.<\/p>\n<p>Todo o interior est\u00e1 coberto de pormenores requintados, tais como pe\u00e7as de acabamento em fibra de carbono, ar condicionado e sistema de som com liga\u00e7\u00e3o USB, bem como emblemas <em>Tributo Ferrari<\/em> por todo o lado.<\/p>\n<h2>Mec\u00e2nica<\/h2>\n<p>Este desportivo italiano de aspeto agressivo tem um motor turbo de 1,4 litros, do qual os engenheiros da Abarth conseguiram extrair uns espantosos 180 cavalos de pot\u00eancia. A pot\u00eancia \u00e9 fornecida \u00e0s rodas dianteiras atrav\u00e9s de uma transmiss\u00e3o MTA semi-automatizada, que funciona tanto em modo autom\u00e1tico como manual. \u00c9 claro que colocar tanta pot\u00eancia num carro t\u00e3o leve resultar\u00e1 num desempenho espetacular, como uma velocidade m\u00e1xima de mais de 220 quil\u00f3metros por hora. Por fim, para manter tudo isto sob controlo, este Abarth 695 est\u00e1 equipado com uma suspens\u00e3o mais r\u00edgida e trav\u00f5es maiores.<\/p>\n<h2>Historial do ve\u00edculo<\/h2>\n<p>O vendedor profissional, que o adquiriu recentemente, descreve o estado do Abarth como quase perfeito. Para al\u00e9m de ter uma baixa quilometragem, o carro teve a sua \u00faltima revis\u00e3o em janeiro de 2023, quando o \u00f3leo do motor foi mudado. Por dentro e por fora, n\u00e3o h\u00e1 sinais de desgaste, danos ou ferrugem, sendo as \u00fanicas falhas visuais dois pequenos riscos no lado direito. No entanto, estes ser\u00e3o reparados profissionalmente sem qualquer custo para o futuro propriet\u00e1rio quando o autom\u00f3vel for vendido.<\/p>\n<p>Por \u00faltimo, de acordo com o vendedor, o autom\u00f3vel, que se encontra atualmente em Espanha, nunca esteve envolvido num acidente, com o respetivo Relat\u00f3rio do Hist\u00f3rico Autom\u00f3vel <a href=\"https:\/\/pistonaddict.com\/wp-content\/uploads\/2024\/01\/carfaxAbarth695.pdf\">CARFAX<\/a> a comprov\u00e1-lo. A ITV espanhola foi aprovada e \u00e9 v\u00e1lida at\u00e9 dezembro de 2024.<\/p>\n<p><strong>Veja o v\u00eddeo do arranque a frio deste belo Abarth 695 Tributo Ferrari :<\/strong><\/p>\n<p><iframe title=\"Cold Start Video of the Abarth 500 Tributo Ferrari\" width=\"1200\" height=\"675\" src=\"https:\/\/www.youtube.com\/embed\/lzDg2i_JYA4?feature=oembed\" frameborder=\"0\" allow=\"accelerometer; autoplay; clipboard-write; encrypted-media; gyroscope; picture-in-picture; web-share\" allowfullscreen><\/iframe><\/p>\n<p>&nbsp;<\/p>\n","protected":false},"excerpt":{"rendered":"<p>Um autom\u00f3vel citadino pequeno n\u00e3o tem necessariamente de ser apenas uma forma pr\u00e1tica de se deslocar em ambientes apertados. Em vez disso, com o equipamento certo sob o cap\u00f4, pode ser um verdadeiro foguet\u00e3o de bolso que, se for bem vestido, tamb\u00e9m tem um aspeto deslumbrante. Um desses autom\u00f3veis \u00e9 o Abarth 500, baseado na reencarna\u00e7\u00e3o de enorme sucesso da Fiat do seu lend\u00e1rio modelo dos anos 60. Mas o modelo em particular que est\u00e1 a ser leiloado aqui \u00e9 uma variante Abarth 695 ainda mais apimentada, que foi constru\u00edda em 2010 e fez apenas 6.800 quil\u00f3metros at\u00e9 agora. E para aumentar a exclusividade, este \u00e9 um raro modelo Tributo Ferrari, cuja produ\u00e7\u00e3o foi limitada a 1.695 unidades. Vejamos ent\u00e3o o que oferece este autom\u00f3vel exclusivo e de aspeto agressivo&#8230;<\/p>\n","protected":false},"featured_media":89382,"comment_status":"open","ping_status":"closed","template":"","meta":{"inline_featured_image":false},"product_cat":[735],"product_tag":[2918,2919,927],"acf":[],"yoast_head":"<!-- This site is optimized with the Yoast SEO plugin v22.5 - https:\/\/yoast.com\/wordpress\/plugins\/seo\/ -->\n<title>Abarth 695 Tributo Ferrari n\u00ba424 Piston Addict - t\u00edtulo<\/title>\n<meta name=\"robots\" content=\"index, follow, max-snippet:-1, max-image-preview:large, max-video-preview:-1\" \/>\n<link rel=\"canonical\" href=\"https:\/\/pistonaddict.com\/pt-pt\/product\/abarth-695-tributo-ferrari-no424\/\" \/>\n<meta property=\"og:locale\" content=\"pt_PT\" \/>\n<meta property=\"og:type\" content=\"article\" \/>\n<meta property=\"og:title\" content=\"Abarth 695 Tributo Ferrari n\u00ba424 Piston Addict - t\u00edtulo\" \/>\n<meta property=\"og:description\" content=\"Um autom\u00f3vel citadino pequeno n\u00e3o tem necessariamente de ser apenas uma forma pr\u00e1tica de se deslocar em ambientes apertados. Em vez disso, com o equipamento certo sob o cap\u00f4, pode ser um verdadeiro foguet\u00e3o de bolso que, se for bem vestido, tamb\u00e9m tem um aspeto deslumbrante. Um desses autom\u00f3veis \u00e9 o Abarth 500, baseado na reencarna\u00e7\u00e3o de enorme sucesso da Fiat do seu lend\u00e1rio modelo dos anos 60. Mas o modelo em particular que est\u00e1 a ser leiloado aqui \u00e9 uma variante Abarth 695 ainda mais apimentada, que foi constru\u00edda em 2010 e fez apenas 6.800 quil\u00f3metros at\u00e9 agora. E para aumentar a exclusividade, este \u00e9 um raro modelo Tributo Ferrari, cuja produ\u00e7\u00e3o foi limitada a 1.695 unidades. Vejamos ent\u00e3o o que oferece este autom\u00f3vel exclusivo e de aspeto agressivo...\" \/>\n<meta property=\"og:url\" content=\"https:\/\/pistonaddict.com\/pt-pt\/product\/abarth-695-tributo-ferrari-no424\/\" \/>\n<meta property=\"og:site_name\" content=\"Piston Addict\" \/>\n<meta property=\"article:modified_time\" content=\"2024-03-20T08:46:41+00:00\" \/>\n<meta property=\"og:image\" content=\"https:\/\/pistonaddict.com\/wp-content\/uploads\/2024\/01\/IMG-20240110-WA0149-1.jpg\" \/>\n\t<meta property=\"og:image:width\" content=\"1600\" \/>\n\t<meta property=\"og:image:height\" content=\"1200\" \/>\n\t<meta property=\"og:image:type\" content=\"image\/jpeg\" \/>\n<meta name=\"twitter:card\" content=\"summary_large_image\" \/>\n<meta name=\"twitter:label1\" content=\"Tempo estimado de leitura\" \/>\n\t<meta name=\"twitter:data1\" content=\"3 minutos\" \/>\n<script type=\"application\/ld+json\" class=\"yoast-schema-graph\">{\"@context\":\"https:\/\/schema.org\",\"@graph\":[{\"@type\":\"WebPage\",\"@id\":\"https:\/\/pistonaddict.com\/pt-pt\/product\/abarth-695-tributo-ferrari-no424\/\",\"url\":\"https:\/\/pistonaddict.com\/pt-pt\/product\/abarth-695-tributo-ferrari-no424\/\",\"name\":\"Abarth 695 Tributo Ferrari n\u00ba424 Piston Addict - t\u00edtulo\",\"isPartOf\":{\"@id\":\"https:\/\/pistonaddict.com\/pt-pt\/#website\"},\"primaryImageOfPage\":{\"@id\":\"https:\/\/pistonaddict.com\/pt-pt\/product\/abarth-695-tributo-ferrari-no424\/#primaryimage\"},\"image\":{\"@id\":\"https:\/\/pistonaddict.com\/pt-pt\/product\/abarth-695-tributo-ferrari-no424\/#primaryimage\"},\"thumbnailUrl\":\"https:\/\/pistonaddict.com\/wp-content\/uploads\/2024\/01\/IMG-20240110-WA0149-1.jpg\",\"datePublished\":\"2024-01-31T10:03:43+00:00\",\"dateModified\":\"2024-03-20T08:46:41+00:00\",\"breadcrumb\":{\"@id\":\"https:\/\/pistonaddict.com\/pt-pt\/product\/abarth-695-tributo-ferrari-no424\/#breadcrumb\"},\"inLanguage\":\"pt-PT\",\"potentialAction\":[{\"@type\":\"ReadAction\",\"target\":[\"https:\/\/pistonaddict.com\/pt-pt\/product\/abarth-695-tributo-ferrari-no424\/\"]}]},{\"@type\":\"ImageObject\",\"inLanguage\":\"pt-PT\",\"@id\":\"https:\/\/pistonaddict.com\/pt-pt\/product\/abarth-695-tributo-ferrari-no424\/#primaryimage\",\"url\":\"https:\/\/pistonaddict.com\/wp-content\/uploads\/2024\/01\/IMG-20240110-WA0149-1.jpg\",\"contentUrl\":\"https:\/\/pistonaddict.com\/wp-content\/uploads\/2024\/01\/IMG-20240110-WA0149-1.jpg\",\"width\":1600,\"height\":1200},{\"@type\":\"BreadcrumbList\",\"@id\":\"https:\/\/pistonaddict.com\/pt-pt\/product\/abarth-695-tributo-ferrari-no424\/#breadcrumb\",\"itemListElement\":[{\"@type\":\"ListItem\",\"position\":1,\"name\":\"Rece\u00e7\u00e3o\",\"item\":\"https:\/\/pistonaddict.com\/pt-pt\/pagina-inicial\/\"},{\"@type\":\"ListItem\",\"position\":2,\"name\":\"Auctions\",\"item\":\"https:\/\/pistonaddict.com\/auctions-listing\/\"},{\"@type\":\"ListItem\",\"position\":3,\"name\":\"Abarth 695 Tributo Ferrari n\u00ba424\"}]},{\"@type\":\"WebSite\",\"@id\":\"https:\/\/pistonaddict.com\/pt-pt\/#website\",\"url\":\"https:\/\/pistonaddict.com\/pt-pt\/\",\"name\":\"Piston Addict\",\"description\":\"Only interesting vehicles\",\"publisher\":{\"@id\":\"https:\/\/pistonaddict.com\/pt-pt\/#organization\"},\"potentialAction\":[{\"@type\":\"SearchAction\",\"target\":{\"@type\":\"EntryPoint\",\"urlTemplate\":\"https:\/\/pistonaddict.com\/pt-pt\/?s={search_term_string}\"},\"query-input\":\"required name=search_term_string\"}],\"inLanguage\":\"pt-PT\"},{\"@type\":\"Organization\",\"@id\":\"https:\/\/pistonaddict.com\/pt-pt\/#organization\",\"name\":\"Piston Addict\",\"url\":\"https:\/\/pistonaddict.com\/pt-pt\/\",\"logo\":{\"@type\":\"ImageObject\",\"inLanguage\":\"pt-PT\",\"@id\":\"https:\/\/pistonaddict.com\/pt-pt\/#\/schema\/logo\/image\/\",\"url\":\"https:\/\/pistonaddict.com\/wp-content\/uploads\/2022\/07\/logo-6.png\",\"contentUrl\":\"https:\/\/pistonaddict.com\/wp-content\/uploads\/2022\/07\/logo-6.png\",\"width\":970,\"height\":200,\"caption\":\"Piston Addict\"},\"image\":{\"@id\":\"https:\/\/pistonaddict.com\/pt-pt\/#\/schema\/logo\/image\/\"}}]}<\/script>\n<!-- \/ Yoast SEO plugin. -->","yoast_head_json":{"title":"Abarth 695 Tributo Ferrari n\u00ba424 Piston Addict - t\u00edtulo","robots":{"index":"index","follow":"follow","max-snippet":"max-snippet:-1","max-image-preview":"max-image-preview:large","max-video-preview":"max-video-preview:-1"},"canonical":"https:\/\/pistonaddict.com\/pt-pt\/product\/abarth-695-tributo-ferrari-no424\/","og_locale":"pt_PT","og_type":"article","og_title":"Abarth 695 Tributo Ferrari n\u00ba424 Piston Addict - t\u00edtulo","og_description":"Um autom\u00f3vel citadino pequeno n\u00e3o tem necessariamente de ser apenas uma forma pr\u00e1tica de se deslocar em ambientes apertados. Em vez disso, com o equipamento certo sob o cap\u00f4, pode ser um verdadeiro foguet\u00e3o de bolso que, se for bem vestido, tamb\u00e9m tem um aspeto deslumbrante. Um desses autom\u00f3veis \u00e9 o Abarth 500, baseado na reencarna\u00e7\u00e3o de enorme sucesso da Fiat do seu lend\u00e1rio modelo dos anos 60. Mas o modelo em particular que est\u00e1 a ser leiloado aqui \u00e9 uma variante Abarth 695 ainda mais apimentada, que foi constru\u00edda em 2010 e fez apenas 6.800 quil\u00f3metros at\u00e9 agora. E para aumentar a exclusividade, este \u00e9 um raro modelo Tributo Ferrari, cuja produ\u00e7\u00e3o foi limitada a 1.695 unidades. Vejamos ent\u00e3o o que oferece este autom\u00f3vel exclusivo e de aspeto agressivo...","og_url":"https:\/\/pistonaddict.com\/pt-pt\/product\/abarth-695-tributo-ferrari-no424\/","og_site_name":"Piston Addict","article_modified_time":"2024-03-20T08:46:41+00:00","og_image":[{"width":1600,"height":1200,"url":"https:\/\/pistonaddict.com\/wp-content\/uploads\/2024\/01\/IMG-20240110-WA0149-1.jpg","type":"image\/jpeg"}],"twitter_card":"summary_large_image","twitter_misc":{"Tempo estimado de leitura":"3 minutos"},"schema":{"@context":"https:\/\/schema.org","@graph":[{"@type":"WebPage","@id":"https:\/\/pistonaddict.com\/pt-pt\/product\/abarth-695-tributo-ferrari-no424\/","url":"https:\/\/pistonaddict.com\/pt-pt\/product\/abarth-695-tributo-ferrari-no424\/","name":"Abarth 695 Tributo Ferrari n\u00ba424 Piston Addict - t\u00edtulo","isPartOf":{"@id":"https:\/\/pistonaddict.com\/pt-pt\/#website"},"primaryImageOfPage":{"@id":"https:\/\/pistonaddict.com\/pt-pt\/product\/abarth-695-tributo-ferrari-no424\/#primaryimage"},"image":{"@id":"https:\/\/pistonaddict.com\/pt-pt\/product\/abarth-695-tributo-ferrari-no424\/#primaryimage"},"thumbnailUrl":"https:\/\/pistonaddict.com\/wp-content\/uploads\/2024\/01\/IMG-20240110-WA0149-1.jpg","datePublished":"2024-01-31T10:03:43+00:00","dateModified":"2024-03-20T08:46:41+00:00","breadcrumb":{"@id":"https:\/\/pistonaddict.com\/pt-pt\/product\/abarth-695-tributo-ferrari-no424\/#breadcrumb"},"inLanguage":"pt-PT","potentialAction":[{"@type":"ReadAction","target":["https:\/\/pistonaddict.com\/pt-pt\/product\/abarth-695-tributo-ferrari-no424\/"]}]},{"@type":"ImageObject","inLanguage":"pt-PT","@id":"https:\/\/pistonaddict.com\/pt-pt\/product\/abarth-695-tributo-ferrari-no424\/#primaryimage","url":"https:\/\/pistonaddict.com\/wp-content\/uploads\/2024\/01\/IMG-20240110-WA0149-1.jpg","contentUrl":"https:\/\/pistonaddict.com\/wp-content\/uploads\/2024\/01\/IMG-20240110-WA0149-1.jpg","width":1600,"height":1200},{"@type":"BreadcrumbList","@id":"https:\/\/pistonaddict.com\/pt-pt\/product\/abarth-695-tributo-ferrari-no424\/#breadcrumb","itemListElement":[{"@type":"ListItem","position":1,"name":"Rece\u00e7\u00e3o","item":"https:\/\/pistonaddict.com\/pt-pt\/pagina-inicial\/"},{"@type":"ListItem","position":2,"name":"Auctions","item":"https:\/\/pistonaddict.com\/auctions-listing\/"},{"@type":"ListItem","position":3,"name":"Abarth 695 Tributo Ferrari n\u00ba424"}]},{"@type":"WebSite","@id":"https:\/\/pistonaddict.com\/pt-pt\/#website","url":"https:\/\/pistonaddict.com\/pt-pt\/","name":"Piston Addict","description":"Only interesting vehicles","publisher":{"@id":"https:\/\/pistonaddict.com\/pt-pt\/#organization"},"potentialAction":[{"@type":"SearchAction","target":{"@type":"EntryPoint","urlTemplate":"https:\/\/pistonaddict.com\/pt-pt\/?s={search_term_string}"},"query-input":"required name=search_term_string"}],"inLanguage":"pt-PT"},{"@type":"Organization","@id":"https:\/\/pistonaddict.com\/pt-pt\/#organization","name":"Piston Addict","url":"https:\/\/pistonaddict.com\/pt-pt\/","logo":{"@type":"ImageObject","inLanguage":"pt-PT","@id":"https:\/\/pistonaddict.com\/pt-pt\/#\/schema\/logo\/image\/","url":"https:\/\/pistonaddict.com\/wp-content\/uploads\/2022\/07\/logo-6.png","contentUrl":"https:\/\/pistonaddict.com\/wp-content\/uploads\/2022\/07\/logo-6.png","width":970,"height":200,"caption":"Piston Addict"},"image":{"@id":"https:\/\/pistonaddict.com\/pt-pt\/#\/schema\/logo\/image\/"}}]}},"_links":{"self":[{"href":"https:\/\/pistonaddict.com\/pt-pt\/wp-json\/wp\/v2\/product\/89356"}],"collection":[{"href":"https:\/\/pistonaddict.com\/pt-pt\/wp-json\/wp\/v2\/product"}],"about":[{"href":"https:\/\/pistonaddict.com\/pt-pt\/wp-json\/wp\/v2\/types\/product"}],"replies":[{"embeddable":true,"href":"https:\/\/pistonaddict.com\/pt-pt\/wp-json\/wp\/v2\/comments?post=89356"}],"wp:featuredmedia":[{"embeddable":true,"href":"https:\/\/pistonaddict.com\/pt-pt\/wp-json\/wp\/v2\/media\/89382"}],"wp:attachment":[{"href":"https:\/\/pistonaddict.com\/pt-pt\/wp-json\/wp\/v2\/media?parent=89356"}],"wp:term":[{"taxonomy":"product_cat","embeddable":true,"href":"https:\/\/pistonaddict.com\/pt-pt\/wp-json\/wp\/v2\/product_cat?post=89356"},{"taxonomy":"product_tag","embeddable":true,"href":"https:\/\/pistonaddict.com\/pt-pt\/wp-json\/wp\/v2\/product_tag?post=89356"}],"curies":[{"name":"wp","href":"https:\/\/api.w.org\/{rel}","templated":true}]}}