{"id":79064,"date":"2023-12-13T14:41:14","date_gmt":"2023-12-13T13:41:14","guid":{"rendered":"https:\/\/pistonaddict.com\/product\/alpine-a110\/"},"modified":"2024-03-20T09:42:53","modified_gmt":"2024-03-20T08:42:53","slug":"alpino-a110","status":"publish","type":"product","link":"https:\/\/pistonaddict.com\/pt-pt\/product\/alpino-a110\/","title":{"rendered":"Alpine A110"},"content":{"rendered":"<p><strong>Hist\u00f3ria do autom\u00f3vel<\/strong><\/p>\n<p>Para as gera\u00e7\u00f5es de amantes de autom\u00f3veis desportivos que cresceram nos anos 60 e 70, o nome Alpine \u00e9 sin\u00f3nimo de campeonatos de rali, de forte desempenho e de uma presen\u00e7a inigual\u00e1vel nas ruas. Embora a Alpine utilizasse os componentes de s\u00e9rie da Renault, os autom\u00f3veis tinham um car\u00e1cter quase de supercarro e eram os preferidos dos entusiastas pelo seu aspeto e din\u00e2mica de condu\u00e7\u00e3o. Mas, no in\u00edcio dos anos 90, a marca desapareceu, quase esquecida por todos os f\u00e3s, exceto os mais ac\u00e9rrimos. Felizmente, a Renault compreendeu a import\u00e2ncia do potencial deste nome lend\u00e1rio e investiu fortemente num novo modelo com uma carro\u00e7aria totalmente em alum\u00ednio, um motor centralizado e uma transmiss\u00e3o de dupla embraiagem. A combina\u00e7\u00e3o do visual ic\u00f3nico e retro-futurista com o motor do Clio RS e as configura\u00e7\u00f5es personalizadas da carro\u00e7aria e da suspens\u00e3o criaram um cl\u00e1ssico instant\u00e2neo e, possivelmente, o melhor autom\u00f3vel desportivo da d\u00e9cada. O motor turbo de 1,8 litros que envia a pot\u00eancia para as rodas traseiras consegue lan\u00e7ar este deslumbrante ve\u00edculo de dois lugares para um convincente tempo de 4,5 segundos dos 0 aos 100 km\/h. No entanto, os n\u00fameros n\u00e3o fazem justi\u00e7a a este autom\u00f3vel. Com um pouco mais de uma tonelada de peso em vazio, o Alpine A110 voa sobre as curvas e \u00e9 manuseado como um sonho. A din\u00e2mica de condu\u00e7\u00e3o inigual\u00e1vel \u00e9 precisamente a raz\u00e3o pela qual \u00e9 o queridinho de muitas cr\u00edticas de revistas.<\/p>\n<p><strong>Interior<\/strong><\/p>\n<p>Uma vez que este modelo \u00e9 relativamente novo e tem pouca quilometragem, o interior em pele est\u00e1 em estado novo, sem sinais de desgaste. Os compradores experientes ir\u00e3o reparar que os bancos &#8220;GT&#8221; opcionais est\u00e3o presentes, o que \u00e9 uma adi\u00e7\u00e3o bem-vinda, bem como algumas pe\u00e7as de acabamento em carbono para um aspeto de desporto motorizado. No entanto, o mais importante \u00e9 o sistema \u00e1udio premium Focal, que \u00e9 uma op\u00e7\u00e3o rara.<\/p>\n<p><strong>Estado<\/strong><\/p>\n<p>Este exemplar em particular foi entregue novo em 2021 e, desde ent\u00e3o, percorreu pouco mais de 30 000 km. \u00c9 um carro bem cuidado que foi utilizado para uma condu\u00e7\u00e3o alegre, tal como foi inventado pelos seus construtores. Nunca foi rastreado ou danificado por dois propriet\u00e1rios atenciosos desde novo. De facto, o propriet\u00e1rio original era o diretor comercial da Alpine Espanha. A \u00faltima revis\u00e3o foi efectuada em novembro de 2023, tendo os trav\u00f5es sido revistos recentemente, em dezembro de 2023. A anterior mudan\u00e7a de \u00f3leo foi efectuada em setembro. <strong>Este Alpine A110 ainda est\u00e1 ao abrigo da garantia de f\u00e1brica at\u00e9 novembro de 2024, pelo que toda a manuten\u00e7\u00e3o foi efectuada por um servi\u00e7o oficial em Espanha<\/strong>.<\/p>\n<p><strong> <\/strong><strong>Exterior e rodas<\/strong><\/p>\n<p>Pintado de branco com um pacote gr\u00e1fico muito interessante, este Alpine A110 tem um aspeto \u00fanico com jantes especiais de 18 polegadas exclusivas da Alpine. A carro\u00e7aria \u00e9 incompar\u00e1vel, sem quaisquer danos, amolgadelas ou riscos, e os pneus est\u00e3o em bom estado, com 50% de uso, segundo o vendedor. Os pneus s\u00e3o Michelin Pilot Sport e foram fabricados no final de 2021.<\/p>\n<p><strong>Documenta\u00e7\u00e3o<\/strong><\/p>\n<p>O concession\u00e1rio que vende este ve\u00edculo com a documenta\u00e7\u00e3o adequada est\u00e1 localizado em Espanha. O <a href=\"https:\/\/pistonaddict.com\/wp-content\/uploads\/2023\/12\/AlpineA110.pdf\">relat\u00f3rio CarFax<\/a> est\u00e1 limpo; n\u00e3o existem provas de acidentes, repara\u00e7\u00f5es de acidentes, propriedade ou problemas legais. Existem registos de manuten\u00e7\u00e3o regular, facturas de venda e recibos. Este Alpine A110 ainda est\u00e1 coberto por uma garantia de f\u00e1brica, que \u00e9 transfer\u00edvel para o pr\u00f3ximo propriet\u00e1rio.<\/p>\n<p><strong>Veja o v\u00eddeo do arranque a frio deste belo Alpine A110 :<\/strong><\/p>\n<p><iframe title=\"Cold Start Video of this great Alpine A110 for auction sale\" width=\"1200\" height=\"675\" src=\"https:\/\/www.youtube.com\/embed\/FlqeDNY4UtI?feature=oembed\" frameborder=\"0\" allow=\"accelerometer; autoplay; clipboard-write; encrypted-media; gyroscope; picture-in-picture; web-share\" allowfullscreen><\/iframe><\/p>\n","protected":false},"excerpt":{"rendered":"<p>O carro desportivo mais apetecido dos \u00faltimos anos n\u00e3o \u00e9 da Ferrari, da Lamborghini ou da McLaren. \u00c9 o Alpine A110, com uma carro\u00e7aria personalizada e altamente leve, um turbocompressor de quatro cilindros e um desempenho din\u00e2mico. Este carro de dois lugares recordou aos f\u00e3s de carros desportivos o que \u00e9 a condu\u00e7\u00e3o e devolveu triunfantemente a lend\u00e1ria marca ao mercado. Hoje, temos o orgulho de apresentar um dos melhores exemplos deste autom\u00f3vel desportivo de grande influ\u00eancia.<\/p>\n","protected":false},"featured_media":78362,"comment_status":"open","ping_status":"closed","template":"","meta":{"inline_featured_image":false},"product_cat":[735],"product_tag":[2833,2828,927],"acf":[],"yoast_head":"<!-- This site is optimized with the Yoast SEO plugin v22.5 - https:\/\/yoast.com\/wordpress\/plugins\/seo\/ -->\n<title>de Alpine A110 leil\u00e3o - Piston Addict<\/title>\n<meta name=\"robots\" content=\"index, follow, max-snippet:-1, max-image-preview:large, max-video-preview:-1\" \/>\n<link rel=\"canonical\" href=\"https:\/\/pistonaddict.com\/pt-pt\/product\/alpino-a110\/\" \/>\n<meta property=\"og:locale\" content=\"pt_PT\" \/>\n<meta property=\"og:type\" content=\"article\" \/>\n<meta property=\"og:title\" content=\"de Alpine A110 leil\u00e3o - Piston Addict\" \/>\n<meta property=\"og:description\" content=\"O carro desportivo mais apetecido dos \u00faltimos anos n\u00e3o \u00e9 da Ferrari, da Lamborghini ou da McLaren. \u00c9 o Alpine A110, com uma carro\u00e7aria personalizada e altamente leve, um turbocompressor de quatro cilindros e um desempenho din\u00e2mico. Este carro de dois lugares recordou aos f\u00e3s de carros desportivos o que \u00e9 a condu\u00e7\u00e3o e devolveu triunfantemente a lend\u00e1ria marca ao mercado. Hoje, temos o orgulho de apresentar um dos melhores exemplos deste autom\u00f3vel desportivo de grande influ\u00eancia.\" \/>\n<meta property=\"og:url\" content=\"https:\/\/pistonaddict.com\/pt-pt\/product\/alpino-a110\/\" \/>\n<meta property=\"og:site_name\" content=\"Piston Addict\" \/>\n<meta property=\"article:modified_time\" content=\"2024-03-20T08:42:53+00:00\" \/>\n<meta property=\"og:image\" content=\"https:\/\/pistonaddict.com\/wp-content\/uploads\/2023\/12\/4517LTW_01.jpg\" \/>\n\t<meta property=\"og:image:width\" content=\"1440\" \/>\n\t<meta property=\"og:image:height\" content=\"1080\" \/>\n\t<meta property=\"og:image:type\" content=\"image\/jpeg\" \/>\n<meta name=\"twitter:card\" content=\"summary_large_image\" \/>\n<meta name=\"twitter:label1\" content=\"Tempo estimado de leitura\" \/>\n\t<meta name=\"twitter:data1\" content=\"3 minutos\" \/>\n<script type=\"application\/ld+json\" class=\"yoast-schema-graph\">{\"@context\":\"https:\/\/schema.org\",\"@graph\":[{\"@type\":\"WebPage\",\"@id\":\"https:\/\/pistonaddict.com\/pt-pt\/product\/alpino-a110\/\",\"url\":\"https:\/\/pistonaddict.com\/pt-pt\/product\/alpino-a110\/\",\"name\":\"de Alpine A110 leil\u00e3o - Piston Addict\",\"isPartOf\":{\"@id\":\"https:\/\/pistonaddict.com\/pt-pt\/#website\"},\"primaryImageOfPage\":{\"@id\":\"https:\/\/pistonaddict.com\/pt-pt\/product\/alpino-a110\/#primaryimage\"},\"image\":{\"@id\":\"https:\/\/pistonaddict.com\/pt-pt\/product\/alpino-a110\/#primaryimage\"},\"thumbnailUrl\":\"https:\/\/pistonaddict.com\/wp-content\/uploads\/2023\/12\/4517LTW_01.jpg\",\"datePublished\":\"2023-12-13T13:41:14+00:00\",\"dateModified\":\"2024-03-20T08:42:53+00:00\",\"breadcrumb\":{\"@id\":\"https:\/\/pistonaddict.com\/pt-pt\/product\/alpino-a110\/#breadcrumb\"},\"inLanguage\":\"pt-PT\",\"potentialAction\":[{\"@type\":\"ReadAction\",\"target\":[\"https:\/\/pistonaddict.com\/pt-pt\/product\/alpino-a110\/\"]}]},{\"@type\":\"ImageObject\",\"inLanguage\":\"pt-PT\",\"@id\":\"https:\/\/pistonaddict.com\/pt-pt\/product\/alpino-a110\/#primaryimage\",\"url\":\"https:\/\/pistonaddict.com\/wp-content\/uploads\/2023\/12\/4517LTW_01.jpg\",\"contentUrl\":\"https:\/\/pistonaddict.com\/wp-content\/uploads\/2023\/12\/4517LTW_01.jpg\",\"width\":1440,\"height\":1080},{\"@type\":\"BreadcrumbList\",\"@id\":\"https:\/\/pistonaddict.com\/pt-pt\/product\/alpino-a110\/#breadcrumb\",\"itemListElement\":[{\"@type\":\"ListItem\",\"position\":1,\"name\":\"Rece\u00e7\u00e3o\",\"item\":\"https:\/\/pistonaddict.com\/pt-pt\/pagina-inicial\/\"},{\"@type\":\"ListItem\",\"position\":2,\"name\":\"Auctions\",\"item\":\"https:\/\/pistonaddict.com\/auctions-listing\/\"},{\"@type\":\"ListItem\",\"position\":3,\"name\":\"Alpine A110\"}]},{\"@type\":\"WebSite\",\"@id\":\"https:\/\/pistonaddict.com\/pt-pt\/#website\",\"url\":\"https:\/\/pistonaddict.com\/pt-pt\/\",\"name\":\"Piston Addict\",\"description\":\"Only interesting vehicles\",\"publisher\":{\"@id\":\"https:\/\/pistonaddict.com\/pt-pt\/#organization\"},\"potentialAction\":[{\"@type\":\"SearchAction\",\"target\":{\"@type\":\"EntryPoint\",\"urlTemplate\":\"https:\/\/pistonaddict.com\/pt-pt\/?s={search_term_string}\"},\"query-input\":\"required name=search_term_string\"}],\"inLanguage\":\"pt-PT\"},{\"@type\":\"Organization\",\"@id\":\"https:\/\/pistonaddict.com\/pt-pt\/#organization\",\"name\":\"Piston Addict\",\"url\":\"https:\/\/pistonaddict.com\/pt-pt\/\",\"logo\":{\"@type\":\"ImageObject\",\"inLanguage\":\"pt-PT\",\"@id\":\"https:\/\/pistonaddict.com\/pt-pt\/#\/schema\/logo\/image\/\",\"url\":\"https:\/\/pistonaddict.com\/wp-content\/uploads\/2022\/07\/logo-6.png\",\"contentUrl\":\"https:\/\/pistonaddict.com\/wp-content\/uploads\/2022\/07\/logo-6.png\",\"width\":970,\"height\":200,\"caption\":\"Piston Addict\"},\"image\":{\"@id\":\"https:\/\/pistonaddict.com\/pt-pt\/#\/schema\/logo\/image\/\"}}]}<\/script>\n<!-- \/ Yoast SEO plugin. -->","yoast_head_json":{"title":"de Alpine A110 leil\u00e3o - Piston Addict","robots":{"index":"index","follow":"follow","max-snippet":"max-snippet:-1","max-image-preview":"max-image-preview:large","max-video-preview":"max-video-preview:-1"},"canonical":"https:\/\/pistonaddict.com\/pt-pt\/product\/alpino-a110\/","og_locale":"pt_PT","og_type":"article","og_title":"de Alpine A110 leil\u00e3o - Piston Addict","og_description":"O carro desportivo mais apetecido dos \u00faltimos anos n\u00e3o \u00e9 da Ferrari, da Lamborghini ou da McLaren. \u00c9 o Alpine A110, com uma carro\u00e7aria personalizada e altamente leve, um turbocompressor de quatro cilindros e um desempenho din\u00e2mico. Este carro de dois lugares recordou aos f\u00e3s de carros desportivos o que \u00e9 a condu\u00e7\u00e3o e devolveu triunfantemente a lend\u00e1ria marca ao mercado. Hoje, temos o orgulho de apresentar um dos melhores exemplos deste autom\u00f3vel desportivo de grande influ\u00eancia.","og_url":"https:\/\/pistonaddict.com\/pt-pt\/product\/alpino-a110\/","og_site_name":"Piston Addict","article_modified_time":"2024-03-20T08:42:53+00:00","og_image":[{"width":1440,"height":1080,"url":"https:\/\/pistonaddict.com\/wp-content\/uploads\/2023\/12\/4517LTW_01.jpg","type":"image\/jpeg"}],"twitter_card":"summary_large_image","twitter_misc":{"Tempo estimado de leitura":"3 minutos"},"schema":{"@context":"https:\/\/schema.org","@graph":[{"@type":"WebPage","@id":"https:\/\/pistonaddict.com\/pt-pt\/product\/alpino-a110\/","url":"https:\/\/pistonaddict.com\/pt-pt\/product\/alpino-a110\/","name":"de Alpine A110 leil\u00e3o - Piston Addict","isPartOf":{"@id":"https:\/\/pistonaddict.com\/pt-pt\/#website"},"primaryImageOfPage":{"@id":"https:\/\/pistonaddict.com\/pt-pt\/product\/alpino-a110\/#primaryimage"},"image":{"@id":"https:\/\/pistonaddict.com\/pt-pt\/product\/alpino-a110\/#primaryimage"},"thumbnailUrl":"https:\/\/pistonaddict.com\/wp-content\/uploads\/2023\/12\/4517LTW_01.jpg","datePublished":"2023-12-13T13:41:14+00:00","dateModified":"2024-03-20T08:42:53+00:00","breadcrumb":{"@id":"https:\/\/pistonaddict.com\/pt-pt\/product\/alpino-a110\/#breadcrumb"},"inLanguage":"pt-PT","potentialAction":[{"@type":"ReadAction","target":["https:\/\/pistonaddict.com\/pt-pt\/product\/alpino-a110\/"]}]},{"@type":"ImageObject","inLanguage":"pt-PT","@id":"https:\/\/pistonaddict.com\/pt-pt\/product\/alpino-a110\/#primaryimage","url":"https:\/\/pistonaddict.com\/wp-content\/uploads\/2023\/12\/4517LTW_01.jpg","contentUrl":"https:\/\/pistonaddict.com\/wp-content\/uploads\/2023\/12\/4517LTW_01.jpg","width":1440,"height":1080},{"@type":"BreadcrumbList","@id":"https:\/\/pistonaddict.com\/pt-pt\/product\/alpino-a110\/#breadcrumb","itemListElement":[{"@type":"ListItem","position":1,"name":"Rece\u00e7\u00e3o","item":"https:\/\/pistonaddict.com\/pt-pt\/pagina-inicial\/"},{"@type":"ListItem","position":2,"name":"Auctions","item":"https:\/\/pistonaddict.com\/auctions-listing\/"},{"@type":"ListItem","position":3,"name":"Alpine A110"}]},{"@type":"WebSite","@id":"https:\/\/pistonaddict.com\/pt-pt\/#website","url":"https:\/\/pistonaddict.com\/pt-pt\/","name":"Piston Addict","description":"Only interesting vehicles","publisher":{"@id":"https:\/\/pistonaddict.com\/pt-pt\/#organization"},"potentialAction":[{"@type":"SearchAction","target":{"@type":"EntryPoint","urlTemplate":"https:\/\/pistonaddict.com\/pt-pt\/?s={search_term_string}"},"query-input":"required name=search_term_string"}],"inLanguage":"pt-PT"},{"@type":"Organization","@id":"https:\/\/pistonaddict.com\/pt-pt\/#organization","name":"Piston Addict","url":"https:\/\/pistonaddict.com\/pt-pt\/","logo":{"@type":"ImageObject","inLanguage":"pt-PT","@id":"https:\/\/pistonaddict.com\/pt-pt\/#\/schema\/logo\/image\/","url":"https:\/\/pistonaddict.com\/wp-content\/uploads\/2022\/07\/logo-6.png","contentUrl":"https:\/\/pistonaddict.com\/wp-content\/uploads\/2022\/07\/logo-6.png","width":970,"height":200,"caption":"Piston Addict"},"image":{"@id":"https:\/\/pistonaddict.com\/pt-pt\/#\/schema\/logo\/image\/"}}]}},"_links":{"self":[{"href":"https:\/\/pistonaddict.com\/pt-pt\/wp-json\/wp\/v2\/product\/79064"}],"collection":[{"href":"https:\/\/pistonaddict.com\/pt-pt\/wp-json\/wp\/v2\/product"}],"about":[{"href":"https:\/\/pistonaddict.com\/pt-pt\/wp-json\/wp\/v2\/types\/product"}],"replies":[{"embeddable":true,"href":"https:\/\/pistonaddict.com\/pt-pt\/wp-json\/wp\/v2\/comments?post=79064"}],"wp:featuredmedia":[{"embeddable":true,"href":"https:\/\/pistonaddict.com\/pt-pt\/wp-json\/wp\/v2\/media\/78362"}],"wp:attachment":[{"href":"https:\/\/pistonaddict.com\/pt-pt\/wp-json\/wp\/v2\/media?parent=79064"}],"wp:term":[{"taxonomy":"product_cat","embeddable":true,"href":"https:\/\/pistonaddict.com\/pt-pt\/wp-json\/wp\/v2\/product_cat?post=79064"},{"taxonomy":"product_tag","embeddable":true,"href":"https:\/\/pistonaddict.com\/pt-pt\/wp-json\/wp\/v2\/product_tag?post=79064"}],"curies":[{"name":"wp","href":"https:\/\/api.w.org\/{rel}","templated":true}]}}