{"id":78334,"date":"2023-12-13T10:17:52","date_gmt":"2023-12-13T09:17:52","guid":{"rendered":"https:\/\/pistonaddict.com\/product\/fisker-karma-signature-edition\/"},"modified":"2024-03-20T09:42:43","modified_gmt":"2024-03-20T08:42:43","slug":"fisker-karma-signature-edition","status":"publish","type":"product","link":"https:\/\/pistonaddict.com\/pt-pt\/product\/fisker-karma-signature-edition\/","title":{"rendered":"Fisker Karma Signature Edition"},"content":{"rendered":"<p><strong>Hist\u00f3ria do autom\u00f3vel<\/strong><\/p>\n<p>Antes de o Karma ter explodido no mercado em 2011, os h\u00edbridos eram ve\u00edculos bastante aborrecidos e pouco excitantes. Mas depois, a Fisker apresentou o Karma com um design apelativo, silhueta baixa, postura musculada e formas \u00fanicas. Foi e continua a ser algo de extraordin\u00e1rio. Sob a sedutora carro\u00e7aria estava o anfitri\u00e3o da tecnologia inovadora. O motor principal \u00e9 um 2.0 litros turboalimentado da GM com 260 cv e dois motores el\u00e9ctricos no eixo traseiro. Um conjunto de baterias de 20,1 kWh alimenta os motores el\u00e9ctricos com 120 kW cada (403 cv).<\/p>\n<p>\u00c9 interessante notar que as baterias est\u00e3o colocadas no centro do autom\u00f3vel, o que confere ao Karma um centro de gravidade baixo e uma excelente ader\u00eancia \u00e0 estrada. O princ\u00edpio de funcionamento tamb\u00e9m \u00e9 \u00fanico. O ve\u00edculo, de transmiss\u00e3o autom\u00e1tica, tinha uma autonomia de cerca de 80 km utilizando apenas energia el\u00e9ctrica. No entanto, quando as baterias s\u00e3o descarregadas, o condutor activa o motor a gasolina, que alimenta o gerador que alimenta os motores el\u00e9ctricos. Assim, o Karma \u00e9 um h\u00edbrido gasolina-el\u00e9trico com grande \u00eanfase na parte el\u00e9ctrica. Este modelo foi entregue a um membro da fam\u00edlia Fisker e a um dos investidores originais, o que faz dele uma parte extraordin\u00e1ria da hist\u00f3ria da empresa.<\/p>\n<p><strong>Interior<\/strong><\/p>\n<p>O interior deste exemplar em particular apresenta uma combina\u00e7\u00e3o de pele preta e castanha, tornando-o num local encantador. N\u00e3o existem riscos nos bancos e tudo est\u00e1 a funcionar. Est\u00e1 equipado com um sistema de infoentretenimento opcional com um ecr\u00e3 no painel de instrumentos.<\/p>\n<p><strong>Estado<\/strong><\/p>\n<p>Com 80.000 km, todo o historial de manuten\u00e7\u00e3o, apenas um propriet\u00e1rio, este Karma est\u00e1 em condi\u00e7\u00f5es ideais. N\u00e3o existem acidentes ou danos e o interior est\u00e1 em estado novo. Curiosamente, o Karma est\u00e1 equipado com um tejadilho de pain\u00e9is solares, que transformam a energia solar em eletricidade e desligam a bateria quando necess\u00e1rio. Neste exemplo, o teto solar est\u00e1 presente e em perfeitas condi\u00e7\u00f5es de funcionamento. <strong>Este exemplar em particular \u00e9 o 61\u00ba de um total de 100 exemplares fabricados com o pacote Signature Edition<\/strong>, o que \u00e9 essencial, uma vez que o seu historial pode ser seguido na comunidade Fisker. Uma vez que este exemplar tem um significado hist\u00f3rico, foi assistido por um dos melhores especialistas Fisker do mundo, com registos de manuten\u00e7\u00e3o regulares dispon\u00edveis. A \u00faltima revis\u00e3o e mudan\u00e7a de \u00f3leo foram efectuadas em outubro de 2023, tendo os trav\u00f5es sido revistos h\u00e1 poucos dias, em dezembro de 2023.<\/p>\n<p><strong>Exterior e rodas<\/strong><\/p>\n<p>A pintura prateada \u00fanica combina na perfei\u00e7\u00e3o com o interior bicolor, sem riscos nem amolgadelas. O autom\u00f3vel ser\u00e1 entregue com pneus de inverno de 21 polegadas em perfeitas condi\u00e7\u00f5es. As jantes de 22 polegadas com pneus de ver\u00e3o t\u00eam um custo adicional. Os pneus s\u00e3o de 2023.<\/p>\n<p><strong>Documenta\u00e7\u00e3o<\/strong><\/p>\n<p>O vendedor privado vende este ve\u00edculo com a documenta\u00e7\u00e3o adequada, localizado na Alemanha. O relat\u00f3rio <a href=\"https:\/\/pistonaddict.com\/wp-content\/uploads\/2023\/12\/FiskerKarma.pdf\">do CarVertical<\/a> est\u00e1 limpo; n\u00e3o existem provas de acidentes, repara\u00e7\u00f5es de acidentes, propriedade ou problemas legais. Existem registos de manuten\u00e7\u00e3o regular, facturas de venda e recibos. N\u00e3o existe garantia de f\u00e1brica para este modelo.<\/p>\n<p><strong><br \/>\nVeja o v\u00eddeo do arranque a frio deste belo Fisker Karma Silver Signature :<\/strong><\/p>\n<p><iframe title=\"Cold Start Video of the Fisker Karma Signature for auction sale\" width=\"1200\" height=\"675\" src=\"https:\/\/www.youtube.com\/embed\/sOmYYpDT2U8?feature=oembed\" frameborder=\"0\" allow=\"accelerometer; autoplay; clipboard-write; encrypted-media; gyroscope; picture-in-picture; web-share\" allowfullscreen><\/iframe><\/p>\n","protected":false},"excerpt":{"rendered":"<p>O Fisker Karma n\u00e3o \u00e9 apenas um h\u00edbrido revolucion\u00e1rio, mas tamb\u00e9m um dos autom\u00f3veis mais bonitos do s\u00e9culo XXI. Com pouco mais de 3000 exemplares fabricados, \u00e9 escasso, mas este \u00e9 ainda mais raro. O Karma 2012 prateado que oferecemos hoje \u00e9 um modelo 1 de 100 Signature Edition e foi mesmo assinado pessoalmente por Henrik Fisker, o propriet\u00e1rio da empresa. Se procura um sonho de colecionador, este \u00e9 o seu sonho.<\/p>\n","protected":false},"featured_media":77670,"comment_status":"open","ping_status":"closed","template":"","meta":{"inline_featured_image":false},"product_cat":[735],"product_tag":[2799,2801,1827,1829,927],"acf":[],"yoast_head":"<!-- This site is optimized with the Yoast SEO plugin v22.5 - https:\/\/yoast.com\/wordpress\/plugins\/seo\/ -->\n<title>de Fisker Karma Signature Edition leil\u00e3o - Piston Addict<\/title>\n<meta name=\"robots\" content=\"index, follow, max-snippet:-1, max-image-preview:large, max-video-preview:-1\" \/>\n<link rel=\"canonical\" href=\"https:\/\/pistonaddict.com\/pt-pt\/product\/fisker-karma-signature-edition\/\" \/>\n<meta property=\"og:locale\" content=\"pt_PT\" \/>\n<meta property=\"og:type\" content=\"article\" \/>\n<meta property=\"og:title\" content=\"de Fisker Karma Signature Edition leil\u00e3o - Piston Addict\" \/>\n<meta property=\"og:description\" content=\"O Fisker Karma n\u00e3o \u00e9 apenas um h\u00edbrido revolucion\u00e1rio, mas tamb\u00e9m um dos autom\u00f3veis mais bonitos do s\u00e9culo XXI. Com pouco mais de 3000 exemplares fabricados, \u00e9 escasso, mas este \u00e9 ainda mais raro. O Karma 2012 prateado que oferecemos hoje \u00e9 um modelo 1 de 100 Signature Edition e foi mesmo assinado pessoalmente por Henrik Fisker, o propriet\u00e1rio da empresa. Se procura um sonho de colecionador, este \u00e9 o seu sonho.\" \/>\n<meta property=\"og:url\" content=\"https:\/\/pistonaddict.com\/pt-pt\/product\/fisker-karma-signature-edition\/\" \/>\n<meta property=\"og:site_name\" content=\"Piston Addict\" \/>\n<meta property=\"article:modified_time\" content=\"2024-03-20T08:42:43+00:00\" \/>\n<meta property=\"og:image\" content=\"https:\/\/pistonaddict.com\/wp-content\/uploads\/2023\/12\/20210129_085341.jpg\" \/>\n\t<meta property=\"og:image:width\" content=\"1762\" \/>\n\t<meta property=\"og:image:height\" content=\"752\" \/>\n\t<meta property=\"og:image:type\" content=\"image\/jpeg\" \/>\n<meta name=\"twitter:card\" content=\"summary_large_image\" \/>\n<meta name=\"twitter:label1\" content=\"Tempo estimado de leitura\" \/>\n\t<meta name=\"twitter:data1\" content=\"3 minutos\" \/>\n<script type=\"application\/ld+json\" class=\"yoast-schema-graph\">{\"@context\":\"https:\/\/schema.org\",\"@graph\":[{\"@type\":\"WebPage\",\"@id\":\"https:\/\/pistonaddict.com\/pt-pt\/product\/fisker-karma-signature-edition\/\",\"url\":\"https:\/\/pistonaddict.com\/pt-pt\/product\/fisker-karma-signature-edition\/\",\"name\":\"de Fisker Karma Signature Edition leil\u00e3o - Piston Addict\",\"isPartOf\":{\"@id\":\"https:\/\/pistonaddict.com\/pt-pt\/#website\"},\"primaryImageOfPage\":{\"@id\":\"https:\/\/pistonaddict.com\/pt-pt\/product\/fisker-karma-signature-edition\/#primaryimage\"},\"image\":{\"@id\":\"https:\/\/pistonaddict.com\/pt-pt\/product\/fisker-karma-signature-edition\/#primaryimage\"},\"thumbnailUrl\":\"https:\/\/pistonaddict.com\/wp-content\/uploads\/2023\/12\/20210129_085341.jpg\",\"datePublished\":\"2023-12-13T09:17:52+00:00\",\"dateModified\":\"2024-03-20T08:42:43+00:00\",\"breadcrumb\":{\"@id\":\"https:\/\/pistonaddict.com\/pt-pt\/product\/fisker-karma-signature-edition\/#breadcrumb\"},\"inLanguage\":\"pt-PT\",\"potentialAction\":[{\"@type\":\"ReadAction\",\"target\":[\"https:\/\/pistonaddict.com\/pt-pt\/product\/fisker-karma-signature-edition\/\"]}]},{\"@type\":\"ImageObject\",\"inLanguage\":\"pt-PT\",\"@id\":\"https:\/\/pistonaddict.com\/pt-pt\/product\/fisker-karma-signature-edition\/#primaryimage\",\"url\":\"https:\/\/pistonaddict.com\/wp-content\/uploads\/2023\/12\/20210129_085341.jpg\",\"contentUrl\":\"https:\/\/pistonaddict.com\/wp-content\/uploads\/2023\/12\/20210129_085341.jpg\",\"width\":1762,\"height\":752},{\"@type\":\"BreadcrumbList\",\"@id\":\"https:\/\/pistonaddict.com\/pt-pt\/product\/fisker-karma-signature-edition\/#breadcrumb\",\"itemListElement\":[{\"@type\":\"ListItem\",\"position\":1,\"name\":\"Rece\u00e7\u00e3o\",\"item\":\"https:\/\/pistonaddict.com\/pt-pt\/pagina-inicial\/\"},{\"@type\":\"ListItem\",\"position\":2,\"name\":\"Auctions\",\"item\":\"https:\/\/pistonaddict.com\/auctions-listing\/\"},{\"@type\":\"ListItem\",\"position\":3,\"name\":\"Fisker Karma Signature Edition\"}]},{\"@type\":\"WebSite\",\"@id\":\"https:\/\/pistonaddict.com\/pt-pt\/#website\",\"url\":\"https:\/\/pistonaddict.com\/pt-pt\/\",\"name\":\"Piston Addict\",\"description\":\"Only interesting vehicles\",\"publisher\":{\"@id\":\"https:\/\/pistonaddict.com\/pt-pt\/#organization\"},\"potentialAction\":[{\"@type\":\"SearchAction\",\"target\":{\"@type\":\"EntryPoint\",\"urlTemplate\":\"https:\/\/pistonaddict.com\/pt-pt\/?s={search_term_string}\"},\"query-input\":\"required name=search_term_string\"}],\"inLanguage\":\"pt-PT\"},{\"@type\":\"Organization\",\"@id\":\"https:\/\/pistonaddict.com\/pt-pt\/#organization\",\"name\":\"Piston Addict\",\"url\":\"https:\/\/pistonaddict.com\/pt-pt\/\",\"logo\":{\"@type\":\"ImageObject\",\"inLanguage\":\"pt-PT\",\"@id\":\"https:\/\/pistonaddict.com\/pt-pt\/#\/schema\/logo\/image\/\",\"url\":\"https:\/\/pistonaddict.com\/wp-content\/uploads\/2022\/07\/logo-6.png\",\"contentUrl\":\"https:\/\/pistonaddict.com\/wp-content\/uploads\/2022\/07\/logo-6.png\",\"width\":970,\"height\":200,\"caption\":\"Piston Addict\"},\"image\":{\"@id\":\"https:\/\/pistonaddict.com\/pt-pt\/#\/schema\/logo\/image\/\"}}]}<\/script>\n<!-- \/ Yoast SEO plugin. -->","yoast_head_json":{"title":"de Fisker Karma Signature Edition leil\u00e3o - Piston Addict","robots":{"index":"index","follow":"follow","max-snippet":"max-snippet:-1","max-image-preview":"max-image-preview:large","max-video-preview":"max-video-preview:-1"},"canonical":"https:\/\/pistonaddict.com\/pt-pt\/product\/fisker-karma-signature-edition\/","og_locale":"pt_PT","og_type":"article","og_title":"de Fisker Karma Signature Edition leil\u00e3o - Piston Addict","og_description":"O Fisker Karma n\u00e3o \u00e9 apenas um h\u00edbrido revolucion\u00e1rio, mas tamb\u00e9m um dos autom\u00f3veis mais bonitos do s\u00e9culo XXI. Com pouco mais de 3000 exemplares fabricados, \u00e9 escasso, mas este \u00e9 ainda mais raro. O Karma 2012 prateado que oferecemos hoje \u00e9 um modelo 1 de 100 Signature Edition e foi mesmo assinado pessoalmente por Henrik Fisker, o propriet\u00e1rio da empresa. Se procura um sonho de colecionador, este \u00e9 o seu sonho.","og_url":"https:\/\/pistonaddict.com\/pt-pt\/product\/fisker-karma-signature-edition\/","og_site_name":"Piston Addict","article_modified_time":"2024-03-20T08:42:43+00:00","og_image":[{"width":1762,"height":752,"url":"https:\/\/pistonaddict.com\/wp-content\/uploads\/2023\/12\/20210129_085341.jpg","type":"image\/jpeg"}],"twitter_card":"summary_large_image","twitter_misc":{"Tempo estimado de leitura":"3 minutos"},"schema":{"@context":"https:\/\/schema.org","@graph":[{"@type":"WebPage","@id":"https:\/\/pistonaddict.com\/pt-pt\/product\/fisker-karma-signature-edition\/","url":"https:\/\/pistonaddict.com\/pt-pt\/product\/fisker-karma-signature-edition\/","name":"de Fisker Karma Signature Edition leil\u00e3o - Piston Addict","isPartOf":{"@id":"https:\/\/pistonaddict.com\/pt-pt\/#website"},"primaryImageOfPage":{"@id":"https:\/\/pistonaddict.com\/pt-pt\/product\/fisker-karma-signature-edition\/#primaryimage"},"image":{"@id":"https:\/\/pistonaddict.com\/pt-pt\/product\/fisker-karma-signature-edition\/#primaryimage"},"thumbnailUrl":"https:\/\/pistonaddict.com\/wp-content\/uploads\/2023\/12\/20210129_085341.jpg","datePublished":"2023-12-13T09:17:52+00:00","dateModified":"2024-03-20T08:42:43+00:00","breadcrumb":{"@id":"https:\/\/pistonaddict.com\/pt-pt\/product\/fisker-karma-signature-edition\/#breadcrumb"},"inLanguage":"pt-PT","potentialAction":[{"@type":"ReadAction","target":["https:\/\/pistonaddict.com\/pt-pt\/product\/fisker-karma-signature-edition\/"]}]},{"@type":"ImageObject","inLanguage":"pt-PT","@id":"https:\/\/pistonaddict.com\/pt-pt\/product\/fisker-karma-signature-edition\/#primaryimage","url":"https:\/\/pistonaddict.com\/wp-content\/uploads\/2023\/12\/20210129_085341.jpg","contentUrl":"https:\/\/pistonaddict.com\/wp-content\/uploads\/2023\/12\/20210129_085341.jpg","width":1762,"height":752},{"@type":"BreadcrumbList","@id":"https:\/\/pistonaddict.com\/pt-pt\/product\/fisker-karma-signature-edition\/#breadcrumb","itemListElement":[{"@type":"ListItem","position":1,"name":"Rece\u00e7\u00e3o","item":"https:\/\/pistonaddict.com\/pt-pt\/pagina-inicial\/"},{"@type":"ListItem","position":2,"name":"Auctions","item":"https:\/\/pistonaddict.com\/auctions-listing\/"},{"@type":"ListItem","position":3,"name":"Fisker Karma Signature Edition"}]},{"@type":"WebSite","@id":"https:\/\/pistonaddict.com\/pt-pt\/#website","url":"https:\/\/pistonaddict.com\/pt-pt\/","name":"Piston Addict","description":"Only interesting vehicles","publisher":{"@id":"https:\/\/pistonaddict.com\/pt-pt\/#organization"},"potentialAction":[{"@type":"SearchAction","target":{"@type":"EntryPoint","urlTemplate":"https:\/\/pistonaddict.com\/pt-pt\/?s={search_term_string}"},"query-input":"required name=search_term_string"}],"inLanguage":"pt-PT"},{"@type":"Organization","@id":"https:\/\/pistonaddict.com\/pt-pt\/#organization","name":"Piston Addict","url":"https:\/\/pistonaddict.com\/pt-pt\/","logo":{"@type":"ImageObject","inLanguage":"pt-PT","@id":"https:\/\/pistonaddict.com\/pt-pt\/#\/schema\/logo\/image\/","url":"https:\/\/pistonaddict.com\/wp-content\/uploads\/2022\/07\/logo-6.png","contentUrl":"https:\/\/pistonaddict.com\/wp-content\/uploads\/2022\/07\/logo-6.png","width":970,"height":200,"caption":"Piston Addict"},"image":{"@id":"https:\/\/pistonaddict.com\/pt-pt\/#\/schema\/logo\/image\/"}}]}},"_links":{"self":[{"href":"https:\/\/pistonaddict.com\/pt-pt\/wp-json\/wp\/v2\/product\/78334"}],"collection":[{"href":"https:\/\/pistonaddict.com\/pt-pt\/wp-json\/wp\/v2\/product"}],"about":[{"href":"https:\/\/pistonaddict.com\/pt-pt\/wp-json\/wp\/v2\/types\/product"}],"replies":[{"embeddable":true,"href":"https:\/\/pistonaddict.com\/pt-pt\/wp-json\/wp\/v2\/comments?post=78334"}],"wp:featuredmedia":[{"embeddable":true,"href":"https:\/\/pistonaddict.com\/pt-pt\/wp-json\/wp\/v2\/media\/77670"}],"wp:attachment":[{"href":"https:\/\/pistonaddict.com\/pt-pt\/wp-json\/wp\/v2\/media?parent=78334"}],"wp:term":[{"taxonomy":"product_cat","embeddable":true,"href":"https:\/\/pistonaddict.com\/pt-pt\/wp-json\/wp\/v2\/product_cat?post=78334"},{"taxonomy":"product_tag","embeddable":true,"href":"https:\/\/pistonaddict.com\/pt-pt\/wp-json\/wp\/v2\/product_tag?post=78334"}],"curies":[{"name":"wp","href":"https:\/\/api.w.org\/{rel}","templated":true}]}}