{"id":77368,"date":"2023-12-11T15:55:41","date_gmt":"2023-12-11T14:55:41","guid":{"rendered":"https:\/\/pistonaddict.com\/product\/abarth-124-spider\/"},"modified":"2024-03-20T09:41:49","modified_gmt":"2024-03-20T08:41:49","slug":"abarth-124-aranha","status":"publish","type":"product","link":"https:\/\/pistonaddict.com\/pt-pt\/product\/abarth-124-aranha\/","title":{"rendered":"Abarth 124 Spider"},"content":{"rendered":"<h2>Exterior<\/h2>\n<p>No exterior, \u00e9 evidente \u00e0 primeira vista que este \u00e9 mais do que um vulgar 124 Spider. Este roadster pintado de preto apresenta para-choques mais agressivos, far\u00f3is de x\u00e9non e um escape de dupla face na traseira, com duas ponteiras cromadas de cada lado. Todos estes pormenores conferem ao autom\u00f3vel uma presen\u00e7a formid\u00e1vel na estrada, que o separa inequivocamente do seu primo mais suave. E, como se isto n\u00e3o bastasse, o emblema lateral que celebra o 70\u00ba anivers\u00e1rio da Abarth n\u00e3o deixa de sublinhar a exclusividade deste modelo em particular.<\/p>\n<p>Este Abarth 124 Spider assenta em jantes de 17 polegadas equipadas com pneus Bridgestone, que podem j\u00e1 ter passado o seu tempo de gl\u00f3ria. As jantes tamb\u00e9m permitem uma vis\u00e3o clara das enormes pin\u00e7as de trav\u00e3o Brembo vermelhas que prometem uma excelente pot\u00eancia de travagem.<\/p>\n<h2>Interior<\/h2>\n<p>Tal como o aspeto exterior, o interior apresenta v\u00e1rios detalhes apelativos que mostram claramente a origem do autom\u00f3vel. Para come\u00e7ar, um par de bancos confort\u00e1veis revestidos a pele de camur\u00e7a, com uma enorme inscri\u00e7\u00e3o Abart vermelha cosida no encosto. Os detalhes em vermelho tamb\u00e9m acentuam o volante e o painel de instrumentos atr\u00e1s dele, dominado por um conta-rota\u00e7\u00f5es que vai at\u00e9 \u00e0s 8000 RPM. Por \u00faltimo, o painel de instrumentos minimalista cont\u00e9m apenas o essencial, como os comandos do ar condicionado e o ecr\u00e3 central, o que torna \u00f3bvio que este autom\u00f3vel foi concebido principalmente para a condu\u00e7\u00e3o.<\/p>\n<h2>Mec\u00e2nica<\/h2>\n<p>\u00c0 primeira vista, o motor de 1,4 litros sob o capot pode n\u00e3o parecer t\u00e3o convincente como seria de esperar. No entanto, gra\u00e7as a um turbocompressor e a uma gest\u00e3o de combust\u00edvel mais sofisticada, que aumentam a sua pot\u00eancia para 170 cavalos, esta unidade suave de 4 cilindros tem um grande poder de fogo. A transmiss\u00e3o &#8211; uma caixa manual convencional de seis velocidades &#8211; \u00e9 outro pormenor que revela a verdadeira natureza do Spider. Esta configura\u00e7\u00e3o da unidade de tra\u00e7\u00e3o, combinada com uma suspens\u00e3o soberba e trav\u00f5es capazes, faz dele um verdadeiro autom\u00f3vel de condu\u00e7\u00e3o concebido para enfrentar qualquer estrada sinuosa.<\/p>\n<h2>Historial do ve\u00edculo<\/h2>\n<p>No final, uma ou duas palavras sobre o estado atual deste Abarth Spider. A \u00faltima revis\u00e3o regular, que incluiu uma mudan\u00e7a de \u00f3leo, foi efectuada em janeiro de 2023. Mais recentemente, em dezembro, os trav\u00f5es foram revistos. Com base nas fotografias fornecidas e no v\u00eddeo correspondente, o autom\u00f3vel parece estar em perfeitas condi\u00e7\u00f5es, sem danos vis\u00edveis ou marcas de desgaste.<\/p>\n<p>Al\u00e9m disso, o vendedor afirma que o autom\u00f3vel, que se encontra atualmente em It\u00e1lia, n\u00e3o foi utilizado em pista nem esteve envolvido em quaisquer acidentes, o que \u00e9 confirmado por um Relat\u00f3rio do Historial do Ve\u00edculo <a href=\"https:\/\/pistonaddict.com\/wp-content\/uploads\/2023\/12\/abarthspider.pdf\">CARFAX<\/a>.<\/p>\n<p><strong><br \/>\nVeja o v\u00eddeo do arranque a frio deste belo Abarth 124 Spider :<\/strong><\/p>\n<p><iframe title=\"Cold Start Video of the Abarth 124 Spider for auction sale\" width=\"1200\" height=\"675\" src=\"https:\/\/www.youtube.com\/embed\/wZs51_ew1WU?feature=oembed\" frameborder=\"0\" allow=\"accelerometer; autoplay; clipboard-write; encrypted-media; gyroscope; picture-in-picture; web-share\" allowfullscreen><\/iframe><\/p>\n","protected":false},"excerpt":{"rendered":"<p>Se pretende um autom\u00f3vel com um \u00f3timo aspeto, divertido de conduzir e f\u00e1cil de conviver, deve considerar adquirir um roadster. Existem v\u00e1rios modelos relativamente novos por onde escolher, e um deles \u00e9 o 124 Spider, que partilha as suas bases mec\u00e2nicas com provavelmente o roadster mais famoso da atualidade &#8211; o Mazda MX5. Como tal, representa uma mistura \u00fanica de estilo italiano e tecnologia de precis\u00e3o japonesa.<\/p>\n<p>E quando o afinador interno da Fiat apimenta tudo isto, obt\u00e9m-se um ardente <strong>Abarth 124 Spider<\/strong>, um dos quais est\u00e1 em leil\u00e3o aqui mesmo no nosso site. Este modelo imaculado de 2019 fez apenas um pouco mais de 23.000 quil\u00f3metros e est\u00e1 atualmente \u00e0 procura de um novo propriet\u00e1rio. E, para al\u00e9m do seu aspeto elegante e do seu desempenho agrad\u00e1vel, esconde ainda mais um trunfo na manga.<\/p>\n","protected":false},"featured_media":77148,"comment_status":"open","ping_status":"closed","template":"","meta":{"inline_featured_image":false},"product_cat":[735],"product_tag":[2739,2741,2736,956],"acf":[],"yoast_head":"<!-- This site is optimized with the Yoast SEO plugin v22.5 - https:\/\/yoast.com\/wordpress\/plugins\/seo\/ -->\n<title>de Abarth 124 Spider leil\u00e3o - Piston Addict<\/title>\n<meta name=\"robots\" content=\"index, follow, max-snippet:-1, max-image-preview:large, max-video-preview:-1\" \/>\n<link rel=\"canonical\" href=\"https:\/\/pistonaddict.com\/pt-pt\/product\/abarth-124-aranha\/\" \/>\n<meta property=\"og:locale\" content=\"pt_PT\" \/>\n<meta property=\"og:type\" content=\"article\" \/>\n<meta property=\"og:title\" content=\"de Abarth 124 Spider leil\u00e3o - Piston Addict\" \/>\n<meta property=\"og:description\" content=\"Se pretende um autom\u00f3vel com um \u00f3timo aspeto, divertido de conduzir e f\u00e1cil de conviver, deve considerar adquirir um roadster. Existem v\u00e1rios modelos relativamente novos por onde escolher, e um deles \u00e9 o 124 Spider, que partilha as suas bases mec\u00e2nicas com provavelmente o roadster mais famoso da atualidade - o Mazda MX5. Como tal, representa uma mistura \u00fanica de estilo italiano e tecnologia de precis\u00e3o japonesa. E quando o afinador interno da Fiat apimenta tudo isto, obt\u00e9m-se um ardente Abarth 124 Spider, um dos quais est\u00e1 em leil\u00e3o aqui mesmo no nosso site. Este modelo imaculado de 2019 fez apenas um pouco mais de 23.000 quil\u00f3metros e est\u00e1 atualmente \u00e0 procura de um novo propriet\u00e1rio. E, para al\u00e9m do seu aspeto elegante e do seu desempenho agrad\u00e1vel, esconde ainda mais um trunfo na manga.\" \/>\n<meta property=\"og:url\" content=\"https:\/\/pistonaddict.com\/pt-pt\/product\/abarth-124-aranha\/\" \/>\n<meta property=\"og:site_name\" content=\"Piston Addict\" \/>\n<meta property=\"article:modified_time\" content=\"2024-03-20T08:41:49+00:00\" \/>\n<meta property=\"og:image\" content=\"https:\/\/pistonaddict.com\/wp-content\/uploads\/2023\/12\/image00020-scaled.jpeg\" \/>\n\t<meta property=\"og:image:width\" content=\"2560\" \/>\n\t<meta property=\"og:image:height\" content=\"1920\" \/>\n\t<meta property=\"og:image:type\" content=\"image\/jpeg\" \/>\n<meta name=\"twitter:card\" content=\"summary_large_image\" \/>\n<meta name=\"twitter:label1\" content=\"Tempo estimado de leitura\" \/>\n\t<meta name=\"twitter:data1\" content=\"2 minutos\" \/>\n<script type=\"application\/ld+json\" class=\"yoast-schema-graph\">{\"@context\":\"https:\/\/schema.org\",\"@graph\":[{\"@type\":\"WebPage\",\"@id\":\"https:\/\/pistonaddict.com\/pt-pt\/product\/abarth-124-aranha\/\",\"url\":\"https:\/\/pistonaddict.com\/pt-pt\/product\/abarth-124-aranha\/\",\"name\":\"de Abarth 124 Spider leil\u00e3o - Piston Addict\",\"isPartOf\":{\"@id\":\"https:\/\/pistonaddict.com\/pt-pt\/#website\"},\"primaryImageOfPage\":{\"@id\":\"https:\/\/pistonaddict.com\/pt-pt\/product\/abarth-124-aranha\/#primaryimage\"},\"image\":{\"@id\":\"https:\/\/pistonaddict.com\/pt-pt\/product\/abarth-124-aranha\/#primaryimage\"},\"thumbnailUrl\":\"https:\/\/pistonaddict.com\/wp-content\/uploads\/2023\/12\/image00020-scaled.jpeg\",\"datePublished\":\"2023-12-11T14:55:41+00:00\",\"dateModified\":\"2024-03-20T08:41:49+00:00\",\"breadcrumb\":{\"@id\":\"https:\/\/pistonaddict.com\/pt-pt\/product\/abarth-124-aranha\/#breadcrumb\"},\"inLanguage\":\"pt-PT\",\"potentialAction\":[{\"@type\":\"ReadAction\",\"target\":[\"https:\/\/pistonaddict.com\/pt-pt\/product\/abarth-124-aranha\/\"]}]},{\"@type\":\"ImageObject\",\"inLanguage\":\"pt-PT\",\"@id\":\"https:\/\/pistonaddict.com\/pt-pt\/product\/abarth-124-aranha\/#primaryimage\",\"url\":\"https:\/\/pistonaddict.com\/wp-content\/uploads\/2023\/12\/image00020-scaled.jpeg\",\"contentUrl\":\"https:\/\/pistonaddict.com\/wp-content\/uploads\/2023\/12\/image00020-scaled.jpeg\",\"width\":2560,\"height\":1920},{\"@type\":\"BreadcrumbList\",\"@id\":\"https:\/\/pistonaddict.com\/pt-pt\/product\/abarth-124-aranha\/#breadcrumb\",\"itemListElement\":[{\"@type\":\"ListItem\",\"position\":1,\"name\":\"Rece\u00e7\u00e3o\",\"item\":\"https:\/\/pistonaddict.com\/pt-pt\/pagina-inicial\/\"},{\"@type\":\"ListItem\",\"position\":2,\"name\":\"Auctions\",\"item\":\"https:\/\/pistonaddict.com\/auctions-listing\/\"},{\"@type\":\"ListItem\",\"position\":3,\"name\":\"Abarth 124 Spider\"}]},{\"@type\":\"WebSite\",\"@id\":\"https:\/\/pistonaddict.com\/pt-pt\/#website\",\"url\":\"https:\/\/pistonaddict.com\/pt-pt\/\",\"name\":\"Piston Addict\",\"description\":\"Only interesting vehicles\",\"publisher\":{\"@id\":\"https:\/\/pistonaddict.com\/pt-pt\/#organization\"},\"potentialAction\":[{\"@type\":\"SearchAction\",\"target\":{\"@type\":\"EntryPoint\",\"urlTemplate\":\"https:\/\/pistonaddict.com\/pt-pt\/?s={search_term_string}\"},\"query-input\":\"required name=search_term_string\"}],\"inLanguage\":\"pt-PT\"},{\"@type\":\"Organization\",\"@id\":\"https:\/\/pistonaddict.com\/pt-pt\/#organization\",\"name\":\"Piston Addict\",\"url\":\"https:\/\/pistonaddict.com\/pt-pt\/\",\"logo\":{\"@type\":\"ImageObject\",\"inLanguage\":\"pt-PT\",\"@id\":\"https:\/\/pistonaddict.com\/pt-pt\/#\/schema\/logo\/image\/\",\"url\":\"https:\/\/pistonaddict.com\/wp-content\/uploads\/2022\/07\/logo-6.png\",\"contentUrl\":\"https:\/\/pistonaddict.com\/wp-content\/uploads\/2022\/07\/logo-6.png\",\"width\":970,\"height\":200,\"caption\":\"Piston Addict\"},\"image\":{\"@id\":\"https:\/\/pistonaddict.com\/pt-pt\/#\/schema\/logo\/image\/\"}}]}<\/script>\n<!-- \/ Yoast SEO plugin. -->","yoast_head_json":{"title":"de Abarth 124 Spider leil\u00e3o - Piston Addict","robots":{"index":"index","follow":"follow","max-snippet":"max-snippet:-1","max-image-preview":"max-image-preview:large","max-video-preview":"max-video-preview:-1"},"canonical":"https:\/\/pistonaddict.com\/pt-pt\/product\/abarth-124-aranha\/","og_locale":"pt_PT","og_type":"article","og_title":"de Abarth 124 Spider leil\u00e3o - Piston Addict","og_description":"Se pretende um autom\u00f3vel com um \u00f3timo aspeto, divertido de conduzir e f\u00e1cil de conviver, deve considerar adquirir um roadster. Existem v\u00e1rios modelos relativamente novos por onde escolher, e um deles \u00e9 o 124 Spider, que partilha as suas bases mec\u00e2nicas com provavelmente o roadster mais famoso da atualidade - o Mazda MX5. Como tal, representa uma mistura \u00fanica de estilo italiano e tecnologia de precis\u00e3o japonesa. E quando o afinador interno da Fiat apimenta tudo isto, obt\u00e9m-se um ardente Abarth 124 Spider, um dos quais est\u00e1 em leil\u00e3o aqui mesmo no nosso site. Este modelo imaculado de 2019 fez apenas um pouco mais de 23.000 quil\u00f3metros e est\u00e1 atualmente \u00e0 procura de um novo propriet\u00e1rio. E, para al\u00e9m do seu aspeto elegante e do seu desempenho agrad\u00e1vel, esconde ainda mais um trunfo na manga.","og_url":"https:\/\/pistonaddict.com\/pt-pt\/product\/abarth-124-aranha\/","og_site_name":"Piston Addict","article_modified_time":"2024-03-20T08:41:49+00:00","og_image":[{"width":2560,"height":1920,"url":"https:\/\/pistonaddict.com\/wp-content\/uploads\/2023\/12\/image00020-scaled.jpeg","type":"image\/jpeg"}],"twitter_card":"summary_large_image","twitter_misc":{"Tempo estimado de leitura":"2 minutos"},"schema":{"@context":"https:\/\/schema.org","@graph":[{"@type":"WebPage","@id":"https:\/\/pistonaddict.com\/pt-pt\/product\/abarth-124-aranha\/","url":"https:\/\/pistonaddict.com\/pt-pt\/product\/abarth-124-aranha\/","name":"de Abarth 124 Spider leil\u00e3o - Piston Addict","isPartOf":{"@id":"https:\/\/pistonaddict.com\/pt-pt\/#website"},"primaryImageOfPage":{"@id":"https:\/\/pistonaddict.com\/pt-pt\/product\/abarth-124-aranha\/#primaryimage"},"image":{"@id":"https:\/\/pistonaddict.com\/pt-pt\/product\/abarth-124-aranha\/#primaryimage"},"thumbnailUrl":"https:\/\/pistonaddict.com\/wp-content\/uploads\/2023\/12\/image00020-scaled.jpeg","datePublished":"2023-12-11T14:55:41+00:00","dateModified":"2024-03-20T08:41:49+00:00","breadcrumb":{"@id":"https:\/\/pistonaddict.com\/pt-pt\/product\/abarth-124-aranha\/#breadcrumb"},"inLanguage":"pt-PT","potentialAction":[{"@type":"ReadAction","target":["https:\/\/pistonaddict.com\/pt-pt\/product\/abarth-124-aranha\/"]}]},{"@type":"ImageObject","inLanguage":"pt-PT","@id":"https:\/\/pistonaddict.com\/pt-pt\/product\/abarth-124-aranha\/#primaryimage","url":"https:\/\/pistonaddict.com\/wp-content\/uploads\/2023\/12\/image00020-scaled.jpeg","contentUrl":"https:\/\/pistonaddict.com\/wp-content\/uploads\/2023\/12\/image00020-scaled.jpeg","width":2560,"height":1920},{"@type":"BreadcrumbList","@id":"https:\/\/pistonaddict.com\/pt-pt\/product\/abarth-124-aranha\/#breadcrumb","itemListElement":[{"@type":"ListItem","position":1,"name":"Rece\u00e7\u00e3o","item":"https:\/\/pistonaddict.com\/pt-pt\/pagina-inicial\/"},{"@type":"ListItem","position":2,"name":"Auctions","item":"https:\/\/pistonaddict.com\/auctions-listing\/"},{"@type":"ListItem","position":3,"name":"Abarth 124 Spider"}]},{"@type":"WebSite","@id":"https:\/\/pistonaddict.com\/pt-pt\/#website","url":"https:\/\/pistonaddict.com\/pt-pt\/","name":"Piston Addict","description":"Only interesting vehicles","publisher":{"@id":"https:\/\/pistonaddict.com\/pt-pt\/#organization"},"potentialAction":[{"@type":"SearchAction","target":{"@type":"EntryPoint","urlTemplate":"https:\/\/pistonaddict.com\/pt-pt\/?s={search_term_string}"},"query-input":"required name=search_term_string"}],"inLanguage":"pt-PT"},{"@type":"Organization","@id":"https:\/\/pistonaddict.com\/pt-pt\/#organization","name":"Piston Addict","url":"https:\/\/pistonaddict.com\/pt-pt\/","logo":{"@type":"ImageObject","inLanguage":"pt-PT","@id":"https:\/\/pistonaddict.com\/pt-pt\/#\/schema\/logo\/image\/","url":"https:\/\/pistonaddict.com\/wp-content\/uploads\/2022\/07\/logo-6.png","contentUrl":"https:\/\/pistonaddict.com\/wp-content\/uploads\/2022\/07\/logo-6.png","width":970,"height":200,"caption":"Piston Addict"},"image":{"@id":"https:\/\/pistonaddict.com\/pt-pt\/#\/schema\/logo\/image\/"}}]}},"_links":{"self":[{"href":"https:\/\/pistonaddict.com\/pt-pt\/wp-json\/wp\/v2\/product\/77368"}],"collection":[{"href":"https:\/\/pistonaddict.com\/pt-pt\/wp-json\/wp\/v2\/product"}],"about":[{"href":"https:\/\/pistonaddict.com\/pt-pt\/wp-json\/wp\/v2\/types\/product"}],"replies":[{"embeddable":true,"href":"https:\/\/pistonaddict.com\/pt-pt\/wp-json\/wp\/v2\/comments?post=77368"}],"wp:featuredmedia":[{"embeddable":true,"href":"https:\/\/pistonaddict.com\/pt-pt\/wp-json\/wp\/v2\/media\/77148"}],"wp:attachment":[{"href":"https:\/\/pistonaddict.com\/pt-pt\/wp-json\/wp\/v2\/media?parent=77368"}],"wp:term":[{"taxonomy":"product_cat","embeddable":true,"href":"https:\/\/pistonaddict.com\/pt-pt\/wp-json\/wp\/v2\/product_cat?post=77368"},{"taxonomy":"product_tag","embeddable":true,"href":"https:\/\/pistonaddict.com\/pt-pt\/wp-json\/wp\/v2\/product_tag?post=77368"}],"curies":[{"name":"wp","href":"https:\/\/api.w.org\/{rel}","templated":true}]}}