{"id":75652,"date":"2023-12-01T10:02:11","date_gmt":"2023-12-01T09:02:11","guid":{"rendered":"https:\/\/pistonaddict.com\/product\/ferrari-458-italia\/"},"modified":"2023-12-20T09:59:14","modified_gmt":"2023-12-20T08:59:14","slug":"ferrari-458-italia","status":"publish","type":"product","link":"https:\/\/pistonaddict.com\/pt-pt\/product\/ferrari-458-italia\/","title":{"rendered":"Ferrari 458 Italia"},"content":{"rendered":"<p><strong>Hist\u00f3ria do autom\u00f3vel<\/strong><\/p>\n<p>O 458 Italia foi apresentado em 2009 e marcou uma nova era para esta marca lend\u00e1ria, introduzindo uma nova linguagem de design, um motor V8 de 4,5 litros, um diferencial eletr\u00f3nico e uma caixa autom\u00e1tica de dupla embraiagem de 7 velocidades como \u00fanica op\u00e7\u00e3o de motor. Com 570 cv enviados para as rodas traseiras e uma linha vermelha de 9.000 rpm, o 458 Italia proporcionou uma din\u00e2mica de condu\u00e7\u00e3o quase de F\u00f3rmula 1 com a mesma banda sonora e emo\u00e7\u00e3o. Desde o in\u00edcio, os testadores das revistas declararam o 458 como um dos melhores Ferraris de estrada dispon\u00edveis &#8211; uma aclama\u00e7\u00e3o elevada, mas n\u00e3o sem raz\u00e3o. \u00c9 um garanh\u00e3o italiano extremamente r\u00e1pido, com uma velocidade dos 0 aos 100 km\/h muito inferior a 4 segundos e uma velocidade m\u00e1xima superior a 320 km\/h. Este Ferrari 458 em particular foi produzido em 2011 e o atual vendedor adquiriu-o em 2022. Com um conjunto de op\u00e7\u00f5es muito interessante, um esquema de pintura cl\u00e1ssico vermelho-preto, baixa quilometragem e manuten\u00e7\u00e3o recente, est\u00e1 pronto para ser desfrutado pelo novo propriet\u00e1rio. O propriet\u00e1rio original deste autom\u00f3vel concentrou-se em op\u00e7\u00f5es de conveni\u00eancia como um Sistema de Ilumina\u00e7\u00e3o Dianteira Adaptativa, bancos aquecidos, PDC para facilitar as manobras e o estacionamento, uma coluna de dire\u00e7\u00e3o ajust\u00e1vel eletricamente e muito mais. Tudo isto faz desta 458 Italia um exemplar muito bem equipado e de f\u00e1cil utiliza\u00e7\u00e3o.<\/p>\n<p><strong>Interior<\/strong><\/p>\n<p>Uma vez que este Ferrari foi meticulosamente mantido, o interior em pele preta est\u00e1 em muito bom estado, com vest\u00edgios m\u00ednimos de utiliza\u00e7\u00e3o. Os bancos com costura vermelha est\u00e3o em condi\u00e7\u00f5es ideais e o propriet\u00e1rio original optou por um visual elegante que nunca passar\u00e1 de moda. N\u00e3o existem quaisquer modifica\u00e7\u00f5es e o interior parece novo.<\/p>\n<p><strong>Estado<\/strong><\/p>\n<p>Com apenas 25.500 quil\u00f3metros, este Ferrari 458 Italia est\u00e1 imaculado e foi cuidadosamente cuidado por todos os seus utilizadores. Todos os procedimentos de manuten\u00e7\u00e3o foram efectuados atempadamente, tendo a \u00faltima mudan\u00e7a de \u00f3leo e a \u00faltima revis\u00e3o sido realizadas em maio de 2023 e os trav\u00f5es revistos h\u00e1 apenas alguns dias, no final de novembro de 2023. No entanto, o que \u00e9 ainda mais importante neste exemplo espec\u00edfico \u00e9 o facto de todas as recolhas de f\u00e1brica para o modelo 458 Italia terem sido efectuadas por concession\u00e1rios oficiais com documentos que o comprovam. O autom\u00f3vel foi originalmente entregue nos Pa\u00edses Baixos e o concession\u00e1rio autorizado da Ferrari efectuou o servi\u00e7o de recolha. Em 2019, o airbag do lado do passageiro foi substitu\u00eddo e, em 2022, a tampa do reservat\u00f3rio do fluido dos trav\u00f5es foi substitu\u00edda. Todas estas interven\u00e7\u00f5es de recolha foram aprovadas pela f\u00e1brica e documentadas. Isto mostra que todos os propriet\u00e1rios s\u00e3o entusiastas dedicados. <strong>Este carro em particular tem uma garantia alargada Ferrari New Power para os pr\u00f3ximos 12 meses<\/strong>.<\/p>\n<p><strong> <\/strong><strong>Exterior e rodas<\/strong><\/p>\n<p>O Rosso Corsa \u00e9 a cor mais comum da Ferrari, mas esta tonalidade lend\u00e1ria funciona na perfei\u00e7\u00e3o com as linhas sedutoras do 458 Italia. A pintura original n\u00e3o tem marcas, n\u00e3o tem amolgadelas nem riscos e o carro est\u00e1 perfeitamente apresent\u00e1vel. Com jantes de 20 polegadas originais de f\u00e1brica e pneus Michelin novinhos em folha, este autom\u00f3vel est\u00e1 pronto para oferecer todo o seu desempenho. Uma das op\u00e7\u00f5es dignas de nota deste autom\u00f3vel s\u00e3o os trav\u00f5es de cer\u00e2mica para um incr\u00edvel poder de travagem.<\/p>\n<p><strong>Documenta\u00e7\u00e3o<\/strong><\/p>\n<p>Este ve\u00edculo \u00e9 vendido por um profissional com documenta\u00e7\u00e3o adequada e est\u00e1 localizado em Fran\u00e7a. O relat\u00f3rio <a href=\"https:\/\/pistonaddict.com\/wp-content\/uploads\/2023\/12\/CarVertical458.pdf\" target=\"_blank\" rel=\"noopener\">do CarVertical<\/a> est\u00e1 limpo; n\u00e3o existem provas de acidentes, repara\u00e7\u00f5es de acidentes, propriedade ou problemas legais. Existem registos de manuten\u00e7\u00e3o regular, bem como brochuras originais de f\u00e1brica, facturas de venda e recibos. Uma garantia de f\u00e1brica alargada (Ferrari Power) para este modelo durante 12 meses e um Certificado de Conformidade (no valor de 2000 euros) s\u00e3o a prova adicional de que se trata de um ve\u00edculo de cole\u00e7\u00e3o de primeira qualidade.<\/p>\n<p><strong>Veja o v\u00eddeo do arranque a frio deste belo Ferrari 458 Italia :<\/strong><\/p>\n<p><iframe title=\"Cold Start Video of the Ferrari 458 Italia for auction sale\" width=\"1200\" height=\"675\" src=\"https:\/\/www.youtube.com\/embed\/BEdW3ySb03E?feature=oembed\" frameborder=\"0\" allow=\"accelerometer; autoplay; clipboard-write; encrypted-media; gyroscope; picture-in-picture; web-share\" allowfullscreen><\/iframe><\/p>\n","protected":false},"excerpt":{"rendered":"<p>Sempre na vanguarda da tecnologia autom\u00f3vel e do desempenho, a Ferrari adoptou a turboalimenta\u00e7\u00e3o de s\u00e9rie em todos os seus modelos, juntamente com o grupo motopropulsor h\u00edbrido. No entanto, por um breve momento, a Ferrari produziu um autom\u00f3vel desportivo totalmente moderno, equipado com um motor de aspira\u00e7\u00e3o natural que combinava na perfei\u00e7\u00e3o a tecnologia contempor\u00e2nea, as altas rota\u00e7\u00f5es e o motor imensamente potente com aquela sensa\u00e7\u00e3o encantadora da velha guarda. Sim, estamos a falar do 458 Italia, e temos o orgulho de lhe oferecer um dos melhores exemplares do mercado.<\/p>\n","protected":false},"featured_media":75548,"comment_status":"open","ping_status":"closed","template":"","meta":{"inline_featured_image":false},"product_cat":[735],"product_tag":[2612,2609,2607,927],"acf":[],"yoast_head":"<!-- This site is optimized with the Yoast SEO plugin v22.5 - https:\/\/yoast.com\/wordpress\/plugins\/seo\/ -->\n<title>de Ferrari 458 Italia leil\u00e3o - Piston Addict<\/title>\n<meta name=\"robots\" content=\"index, follow, max-snippet:-1, max-image-preview:large, max-video-preview:-1\" \/>\n<link rel=\"canonical\" href=\"https:\/\/pistonaddict.com\/pt-pt\/product\/ferrari-458-italia\/\" \/>\n<meta property=\"og:locale\" content=\"pt_PT\" \/>\n<meta property=\"og:type\" content=\"article\" \/>\n<meta property=\"og:title\" content=\"de Ferrari 458 Italia leil\u00e3o - Piston Addict\" \/>\n<meta property=\"og:description\" content=\"Sempre na vanguarda da tecnologia autom\u00f3vel e do desempenho, a Ferrari adoptou a turboalimenta\u00e7\u00e3o de s\u00e9rie em todos os seus modelos, juntamente com o grupo motopropulsor h\u00edbrido. No entanto, por um breve momento, a Ferrari produziu um autom\u00f3vel desportivo totalmente moderno, equipado com um motor de aspira\u00e7\u00e3o natural que combinava na perfei\u00e7\u00e3o a tecnologia contempor\u00e2nea, as altas rota\u00e7\u00f5es e o motor imensamente potente com aquela sensa\u00e7\u00e3o encantadora da velha guarda. Sim, estamos a falar do 458 Italia, e temos o orgulho de lhe oferecer um dos melhores exemplares do mercado.\" \/>\n<meta property=\"og:url\" content=\"https:\/\/pistonaddict.com\/pt-pt\/product\/ferrari-458-italia\/\" \/>\n<meta property=\"og:site_name\" content=\"Piston Addict\" \/>\n<meta property=\"article:modified_time\" content=\"2023-12-20T08:59:14+00:00\" \/>\n<meta property=\"og:image\" content=\"https:\/\/pistonaddict.com\/wp-content\/uploads\/2023\/12\/IMG_0124.jpeg\" \/>\n\t<meta property=\"og:image:width\" content=\"1885\" \/>\n\t<meta property=\"og:image:height\" content=\"1207\" \/>\n\t<meta property=\"og:image:type\" content=\"image\/jpeg\" \/>\n<meta name=\"twitter:card\" content=\"summary_large_image\" \/>\n<meta name=\"twitter:label1\" content=\"Tempo estimado de leitura\" \/>\n\t<meta name=\"twitter:data1\" content=\"4 minutos\" \/>\n<script type=\"application\/ld+json\" class=\"yoast-schema-graph\">{\"@context\":\"https:\/\/schema.org\",\"@graph\":[{\"@type\":\"WebPage\",\"@id\":\"https:\/\/pistonaddict.com\/pt-pt\/product\/ferrari-458-italia\/\",\"url\":\"https:\/\/pistonaddict.com\/pt-pt\/product\/ferrari-458-italia\/\",\"name\":\"de Ferrari 458 Italia leil\u00e3o - Piston Addict\",\"isPartOf\":{\"@id\":\"https:\/\/pistonaddict.com\/pt-pt\/#website\"},\"primaryImageOfPage\":{\"@id\":\"https:\/\/pistonaddict.com\/pt-pt\/product\/ferrari-458-italia\/#primaryimage\"},\"image\":{\"@id\":\"https:\/\/pistonaddict.com\/pt-pt\/product\/ferrari-458-italia\/#primaryimage\"},\"thumbnailUrl\":\"https:\/\/pistonaddict.com\/wp-content\/uploads\/2023\/12\/IMG_0124.jpeg\",\"datePublished\":\"2023-12-01T09:02:11+00:00\",\"dateModified\":\"2023-12-20T08:59:14+00:00\",\"breadcrumb\":{\"@id\":\"https:\/\/pistonaddict.com\/pt-pt\/product\/ferrari-458-italia\/#breadcrumb\"},\"inLanguage\":\"pt-PT\",\"potentialAction\":[{\"@type\":\"ReadAction\",\"target\":[\"https:\/\/pistonaddict.com\/pt-pt\/product\/ferrari-458-italia\/\"]}]},{\"@type\":\"ImageObject\",\"inLanguage\":\"pt-PT\",\"@id\":\"https:\/\/pistonaddict.com\/pt-pt\/product\/ferrari-458-italia\/#primaryimage\",\"url\":\"https:\/\/pistonaddict.com\/wp-content\/uploads\/2023\/12\/IMG_0124.jpeg\",\"contentUrl\":\"https:\/\/pistonaddict.com\/wp-content\/uploads\/2023\/12\/IMG_0124.jpeg\",\"width\":1885,\"height\":1207},{\"@type\":\"BreadcrumbList\",\"@id\":\"https:\/\/pistonaddict.com\/pt-pt\/product\/ferrari-458-italia\/#breadcrumb\",\"itemListElement\":[{\"@type\":\"ListItem\",\"position\":1,\"name\":\"Rece\u00e7\u00e3o\",\"item\":\"https:\/\/pistonaddict.com\/pt-pt\/pagina-inicial\/\"},{\"@type\":\"ListItem\",\"position\":2,\"name\":\"Auctions\",\"item\":\"https:\/\/pistonaddict.com\/auctions-listing\/\"},{\"@type\":\"ListItem\",\"position\":3,\"name\":\"Ferrari 458 Italia\"}]},{\"@type\":\"WebSite\",\"@id\":\"https:\/\/pistonaddict.com\/pt-pt\/#website\",\"url\":\"https:\/\/pistonaddict.com\/pt-pt\/\",\"name\":\"Piston Addict\",\"description\":\"Only interesting vehicles\",\"publisher\":{\"@id\":\"https:\/\/pistonaddict.com\/pt-pt\/#organization\"},\"potentialAction\":[{\"@type\":\"SearchAction\",\"target\":{\"@type\":\"EntryPoint\",\"urlTemplate\":\"https:\/\/pistonaddict.com\/pt-pt\/?s={search_term_string}\"},\"query-input\":\"required name=search_term_string\"}],\"inLanguage\":\"pt-PT\"},{\"@type\":\"Organization\",\"@id\":\"https:\/\/pistonaddict.com\/pt-pt\/#organization\",\"name\":\"Piston Addict\",\"url\":\"https:\/\/pistonaddict.com\/pt-pt\/\",\"logo\":{\"@type\":\"ImageObject\",\"inLanguage\":\"pt-PT\",\"@id\":\"https:\/\/pistonaddict.com\/pt-pt\/#\/schema\/logo\/image\/\",\"url\":\"https:\/\/pistonaddict.com\/wp-content\/uploads\/2022\/07\/logo-6.png\",\"contentUrl\":\"https:\/\/pistonaddict.com\/wp-content\/uploads\/2022\/07\/logo-6.png\",\"width\":970,\"height\":200,\"caption\":\"Piston Addict\"},\"image\":{\"@id\":\"https:\/\/pistonaddict.com\/pt-pt\/#\/schema\/logo\/image\/\"}}]}<\/script>\n<!-- \/ Yoast SEO plugin. -->","yoast_head_json":{"title":"de Ferrari 458 Italia leil\u00e3o - Piston Addict","robots":{"index":"index","follow":"follow","max-snippet":"max-snippet:-1","max-image-preview":"max-image-preview:large","max-video-preview":"max-video-preview:-1"},"canonical":"https:\/\/pistonaddict.com\/pt-pt\/product\/ferrari-458-italia\/","og_locale":"pt_PT","og_type":"article","og_title":"de Ferrari 458 Italia leil\u00e3o - Piston Addict","og_description":"Sempre na vanguarda da tecnologia autom\u00f3vel e do desempenho, a Ferrari adoptou a turboalimenta\u00e7\u00e3o de s\u00e9rie em todos os seus modelos, juntamente com o grupo motopropulsor h\u00edbrido. No entanto, por um breve momento, a Ferrari produziu um autom\u00f3vel desportivo totalmente moderno, equipado com um motor de aspira\u00e7\u00e3o natural que combinava na perfei\u00e7\u00e3o a tecnologia contempor\u00e2nea, as altas rota\u00e7\u00f5es e o motor imensamente potente com aquela sensa\u00e7\u00e3o encantadora da velha guarda. Sim, estamos a falar do 458 Italia, e temos o orgulho de lhe oferecer um dos melhores exemplares do mercado.","og_url":"https:\/\/pistonaddict.com\/pt-pt\/product\/ferrari-458-italia\/","og_site_name":"Piston Addict","article_modified_time":"2023-12-20T08:59:14+00:00","og_image":[{"width":1885,"height":1207,"url":"https:\/\/pistonaddict.com\/wp-content\/uploads\/2023\/12\/IMG_0124.jpeg","type":"image\/jpeg"}],"twitter_card":"summary_large_image","twitter_misc":{"Tempo estimado de leitura":"4 minutos"},"schema":{"@context":"https:\/\/schema.org","@graph":[{"@type":"WebPage","@id":"https:\/\/pistonaddict.com\/pt-pt\/product\/ferrari-458-italia\/","url":"https:\/\/pistonaddict.com\/pt-pt\/product\/ferrari-458-italia\/","name":"de Ferrari 458 Italia leil\u00e3o - Piston Addict","isPartOf":{"@id":"https:\/\/pistonaddict.com\/pt-pt\/#website"},"primaryImageOfPage":{"@id":"https:\/\/pistonaddict.com\/pt-pt\/product\/ferrari-458-italia\/#primaryimage"},"image":{"@id":"https:\/\/pistonaddict.com\/pt-pt\/product\/ferrari-458-italia\/#primaryimage"},"thumbnailUrl":"https:\/\/pistonaddict.com\/wp-content\/uploads\/2023\/12\/IMG_0124.jpeg","datePublished":"2023-12-01T09:02:11+00:00","dateModified":"2023-12-20T08:59:14+00:00","breadcrumb":{"@id":"https:\/\/pistonaddict.com\/pt-pt\/product\/ferrari-458-italia\/#breadcrumb"},"inLanguage":"pt-PT","potentialAction":[{"@type":"ReadAction","target":["https:\/\/pistonaddict.com\/pt-pt\/product\/ferrari-458-italia\/"]}]},{"@type":"ImageObject","inLanguage":"pt-PT","@id":"https:\/\/pistonaddict.com\/pt-pt\/product\/ferrari-458-italia\/#primaryimage","url":"https:\/\/pistonaddict.com\/wp-content\/uploads\/2023\/12\/IMG_0124.jpeg","contentUrl":"https:\/\/pistonaddict.com\/wp-content\/uploads\/2023\/12\/IMG_0124.jpeg","width":1885,"height":1207},{"@type":"BreadcrumbList","@id":"https:\/\/pistonaddict.com\/pt-pt\/product\/ferrari-458-italia\/#breadcrumb","itemListElement":[{"@type":"ListItem","position":1,"name":"Rece\u00e7\u00e3o","item":"https:\/\/pistonaddict.com\/pt-pt\/pagina-inicial\/"},{"@type":"ListItem","position":2,"name":"Auctions","item":"https:\/\/pistonaddict.com\/auctions-listing\/"},{"@type":"ListItem","position":3,"name":"Ferrari 458 Italia"}]},{"@type":"WebSite","@id":"https:\/\/pistonaddict.com\/pt-pt\/#website","url":"https:\/\/pistonaddict.com\/pt-pt\/","name":"Piston Addict","description":"Only interesting vehicles","publisher":{"@id":"https:\/\/pistonaddict.com\/pt-pt\/#organization"},"potentialAction":[{"@type":"SearchAction","target":{"@type":"EntryPoint","urlTemplate":"https:\/\/pistonaddict.com\/pt-pt\/?s={search_term_string}"},"query-input":"required name=search_term_string"}],"inLanguage":"pt-PT"},{"@type":"Organization","@id":"https:\/\/pistonaddict.com\/pt-pt\/#organization","name":"Piston Addict","url":"https:\/\/pistonaddict.com\/pt-pt\/","logo":{"@type":"ImageObject","inLanguage":"pt-PT","@id":"https:\/\/pistonaddict.com\/pt-pt\/#\/schema\/logo\/image\/","url":"https:\/\/pistonaddict.com\/wp-content\/uploads\/2022\/07\/logo-6.png","contentUrl":"https:\/\/pistonaddict.com\/wp-content\/uploads\/2022\/07\/logo-6.png","width":970,"height":200,"caption":"Piston Addict"},"image":{"@id":"https:\/\/pistonaddict.com\/pt-pt\/#\/schema\/logo\/image\/"}}]}},"_links":{"self":[{"href":"https:\/\/pistonaddict.com\/pt-pt\/wp-json\/wp\/v2\/product\/75652"}],"collection":[{"href":"https:\/\/pistonaddict.com\/pt-pt\/wp-json\/wp\/v2\/product"}],"about":[{"href":"https:\/\/pistonaddict.com\/pt-pt\/wp-json\/wp\/v2\/types\/product"}],"replies":[{"embeddable":true,"href":"https:\/\/pistonaddict.com\/pt-pt\/wp-json\/wp\/v2\/comments?post=75652"}],"wp:featuredmedia":[{"embeddable":true,"href":"https:\/\/pistonaddict.com\/pt-pt\/wp-json\/wp\/v2\/media\/75548"}],"wp:attachment":[{"href":"https:\/\/pistonaddict.com\/pt-pt\/wp-json\/wp\/v2\/media?parent=75652"}],"wp:term":[{"taxonomy":"product_cat","embeddable":true,"href":"https:\/\/pistonaddict.com\/pt-pt\/wp-json\/wp\/v2\/product_cat?post=75652"},{"taxonomy":"product_tag","embeddable":true,"href":"https:\/\/pistonaddict.com\/pt-pt\/wp-json\/wp\/v2\/product_tag?post=75652"}],"curies":[{"name":"wp","href":"https:\/\/api.w.org\/{rel}","templated":true}]}}