{"id":72255,"date":"2023-11-17T17:40:02","date_gmt":"2023-11-17T16:40:02","guid":{"rendered":"https:\/\/pistonaddict.com\/product\/land-rover-defender-p90e-eletrico\/"},"modified":"2024-03-19T16:59:26","modified_gmt":"2024-03-19T15:59:26","slug":"land-rover-defender-p90e-electric","status":"publish","type":"product","link":"https:\/\/pistonaddict.com\/pt-pt\/product\/land-rover-defender-p90e-electric\/","title":{"rendered":"Land Rover Defender P90E El\u00e9trico"},"content":{"rendered":"<p><strong>Hist\u00f3ria do autom\u00f3vel<\/strong><\/p>\n<p>No mundo dos ve\u00edculos todo-o-terreno, o Land Rover Defender \u00e9 um \u00edcone indiscut\u00edvel. Um verdadeiro her\u00f3i autom\u00f3vel e um modelo que continua a simbolizar a robustez, a fiabilidade e a atitude de ir a todo o lado. Como tal, continua a ser o carro de sonho de milh\u00f5es de f\u00e3s de todo-o-terreno em todo o mundo. No entanto, os modelos cl\u00e1ssicos, por mais frescos e charmosos que sejam, s\u00e3o obsoletos no mundo atual, preocupado com o tr\u00e2nsito e com o ambiente. A empresa su\u00ed\u00e7a Revive encontrou uma solu\u00e7\u00e3o para isso e converteu este exemplar para energia el\u00e9ctrica moderna, o que transformou completamente a sensa\u00e7\u00e3o deste ve\u00edculo cl\u00e1ssico e melhorou as suas capacidades. Este exemplar em particular foi produzido em 1999 na desej\u00e1vel vers\u00e3o de tr\u00eas portas e foi entregue novo na Su\u00ed\u00e7a. Adquirido pelo vendedor em 2021, foi objeto de um processo de reequipamento completo pela Revive em 2022, que resultou na primeira convers\u00e3o do Defender EV na Su\u00ed\u00e7a. O motor diesel original foi substitu\u00eddo pelo motor el\u00e9trico Netgain Hyper 9 com 66 kW (100 cv) acompanhado por uma bateria de 44 kWh. Curiosamente, o motor el\u00e9trico foi ligado \u00e0 transmiss\u00e3o manual original e \u00e0 unidade de tra\u00e7\u00e3o 4&#215;4. Este Defender tem uma combina\u00e7\u00e3o \u00fanica de energia el\u00e9ctrica e uma caixa de velocidades com mudan\u00e7as manuais, melhor desempenho, mais bin\u00e1rio e uma autonomia de cerca de 120 a 130 km (at\u00e9 80 milhas).<\/p>\n<p><strong>Interior<\/strong><\/p>\n<p>Para al\u00e9m do ecr\u00e3 central, o interior deste Land Rover Defender \u00fanico \u00e9 da \u00e9poca e est\u00e1 em excelente estado. Os bancos s\u00e3o revestidos a tecido e os bancos traseiros t\u00eam um aspeto moderno. O painel de instrumentos tem o mesmo aspeto que o original. Tem alguns interruptores adicionais, um sistema \u00e1udio melhorado e um indicador de combust\u00edvel que foi convertido para mostrar a quantidade de eletricidade nas baterias, o que \u00e9 um excelente pormenor personalizado. Apesar de o Defender ter agora uma bateria, n\u00e3o perdeu nada do seu car\u00e1cter pr\u00e1tico ou do seu espa\u00e7o interior.<\/p>\n<p><strong> <\/strong><strong>Estado<\/strong><\/p>\n<p>Este lend\u00e1rio todo-o-terreno percorreu 187.654 km desde novo at\u00e9 ser convertido pela Revive. Este exemplar em particular foi escolhido pelo seu estado, aus\u00eancia de danos ou ferrugem, que s\u00e3o problemas comuns do Defender cl\u00e1ssico. Desde a convers\u00e3o, o Defender percorreu apenas quase 10 000 quil\u00f3metros e est\u00e1 pronto para percorrer muitos mais, uma vez que o seu motor \u00e9 novo. Atualmente, o conta-quil\u00f3metros est\u00e1 a pouco mais de 197.500 km. O autom\u00f3vel \u00e9 acompanhado de um dossier de documenta\u00e7\u00e3o completo, bem como da documenta\u00e7\u00e3o e da garantia da empresa Revive. O ve\u00edculo foi sujeito a uma manuten\u00e7\u00e3o minuciosa imediatamente antes do processo de convers\u00e3o de 2022, tendo os trav\u00f5es sido revistos apenas h\u00e1 alguns dias, em novembro de 2023. \u00c9 essencial dizer que este Defender passou na inspe\u00e7\u00e3o t\u00e9cnica su\u00ed\u00e7a, foi registado e tem uma garantia de tr\u00eas anos da Revive, o que mostra que o estado geral \u00e9 fant\u00e1stico e que o ve\u00edculo est\u00e1 absolutamente apto para qualquer utiliza\u00e7\u00e3o em estrada e fora dela.<\/p>\n<p><strong> <\/strong><strong>Exterior e rodas<\/strong><\/p>\n<p>Do lado de fora, este Defender EV assemelha-se a qualquer outro Land Rover da mesma \u00e9poca, e as \u00fanicas coisas que o distinguem s\u00e3o os autocolantes e a porta de carregamento em vez da tampa do dep\u00f3sito de combust\u00edvel. Com jantes originais de 16 polegadas revestidas com pneus Nokian todo-o-terreno (datados de 2021), \u00e9 capaz de enfrentar qualquer terreno. N\u00e3o existem amolgadelas, riscos ou ferrugem e a pintura cinzenta \u00e9 original.<\/p>\n<p><strong> <\/strong><strong>Documenta\u00e7\u00e3o<\/strong><\/p>\n<p>O propriet\u00e1rio vende este ve\u00edculo com a documenta\u00e7\u00e3o adequada e est\u00e1 localizado na Su\u00ed\u00e7a. O relat\u00f3rio <a href=\"https:\/\/pistonaddict.com\/wp-content\/uploads\/2023\/11\/CarVertical.pdf\">Car Vertical<\/a> est\u00e1 limpo; n\u00e3o existem provas de acidentes, repara\u00e7\u00f5es de acidentes, propriedade ou problemas legais. Existem registos de manuten\u00e7\u00e3o regular, brochuras originais de f\u00e1brica, facturas de venda e recibos.  <strong>O autom\u00f3vel \u00e9 fornecido com a devida documenta\u00e7\u00e3o da Revive, uma garantia escrita de 3 anos para o motor el\u00e9trico e o conjunto de baterias e uma inspe\u00e7\u00e3o t\u00e9cnica pelas autoridades su\u00ed\u00e7as. O autom\u00f3vel \u00e9 acompanhado de um manual de utiliza\u00e7\u00e3o completo e de documenta\u00e7\u00e3o relativa ao seguro<\/strong>. Tudo isto significa que este Defender EV est\u00e1 totalmente legalizado, pronto para ser exportado e pode ser utilizado em qualquer lugar.<\/p>\n<p><strong>Veja o v\u00eddeo do arranque a frio deste Land Rover Defender totalmente el\u00e9trico muito interessante:<\/strong><\/p>\n<p><iframe title=\"Cold Start Video of the Land Rover Defender full Electric for auction sale\" width=\"1200\" height=\"900\" src=\"https:\/\/www.youtube.com\/embed\/8ZfpIXIwhOI?feature=oembed\" frameborder=\"0\" allow=\"accelerometer; autoplay; clipboard-write; encrypted-media; gyroscope; picture-in-picture; web-share\" allowfullscreen><\/iframe><\/p>\n<p><strong> <\/strong><\/p>\n","protected":false},"excerpt":{"rendered":"<p>Um dos aspectos mais interessantes da revolu\u00e7\u00e3o dos ve\u00edculos el\u00e9ctricos \u00e9 o facto de podermos reinventar os autom\u00f3veis cl\u00e1ssicos e dar-lhes uma nova vida. O reequipamento de um ve\u00edculo cl\u00e1ssico com uma transmiss\u00e3o el\u00e9ctrica ultramoderna \u00e9 um passo al\u00e9m do restauro e uma forma \u00fanica de combinar essa forma reconhec\u00edvel com a tecnologia do s\u00e9culo XXI. Hoje, temos o orgulho de apresentar um desses autom\u00f3veis &#8211; o Land Rover Defender EV, o primeiro Defender cl\u00e1ssico convertido em ve\u00edculo el\u00e9trico pela empresa su\u00ed\u00e7a Revive.<\/p>\n","protected":false},"featured_media":71394,"comment_status":"open","ping_status":"closed","template":"","meta":{"inline_featured_image":false},"product_cat":[735],"product_tag":[2573,2552,2550,2554],"acf":[],"yoast_head":"<!-- This site is optimized with the Yoast SEO plugin v22.5 - https:\/\/yoast.com\/wordpress\/plugins\/seo\/ -->\n<title>de Land Rover Defender P90E El\u00e9trico leil\u00e3o - Piston Addict<\/title>\n<meta name=\"robots\" content=\"index, follow, max-snippet:-1, max-image-preview:large, max-video-preview:-1\" \/>\n<link rel=\"canonical\" href=\"https:\/\/pistonaddict.com\/pt-pt\/product\/land-rover-defender-p90e-electric\/\" \/>\n<meta property=\"og:locale\" content=\"pt_PT\" \/>\n<meta property=\"og:type\" content=\"article\" \/>\n<meta property=\"og:title\" content=\"de Land Rover Defender P90E El\u00e9trico leil\u00e3o - Piston Addict\" \/>\n<meta property=\"og:description\" content=\"Um dos aspectos mais interessantes da revolu\u00e7\u00e3o dos ve\u00edculos el\u00e9ctricos \u00e9 o facto de podermos reinventar os autom\u00f3veis cl\u00e1ssicos e dar-lhes uma nova vida. O reequipamento de um ve\u00edculo cl\u00e1ssico com uma transmiss\u00e3o el\u00e9ctrica ultramoderna \u00e9 um passo al\u00e9m do restauro e uma forma \u00fanica de combinar essa forma reconhec\u00edvel com a tecnologia do s\u00e9culo XXI. Hoje, temos o orgulho de apresentar um desses autom\u00f3veis - o Land Rover Defender EV, o primeiro Defender cl\u00e1ssico convertido em ve\u00edculo el\u00e9trico pela empresa su\u00ed\u00e7a Revive.\" \/>\n<meta property=\"og:url\" content=\"https:\/\/pistonaddict.com\/pt-pt\/product\/land-rover-defender-p90e-electric\/\" \/>\n<meta property=\"og:site_name\" content=\"Piston Addict\" \/>\n<meta property=\"article:modified_time\" content=\"2024-03-19T15:59:26+00:00\" \/>\n<meta property=\"og:image\" content=\"https:\/\/pistonaddict.com\/wp-content\/uploads\/2023\/11\/def-05.jpg\" \/>\n\t<meta property=\"og:image:width\" content=\"2560\" \/>\n\t<meta property=\"og:image:height\" content=\"1440\" \/>\n\t<meta property=\"og:image:type\" content=\"image\/jpeg\" \/>\n<meta name=\"twitter:card\" content=\"summary_large_image\" \/>\n<meta name=\"twitter:label1\" content=\"Tempo estimado de leitura\" \/>\n\t<meta name=\"twitter:data1\" content=\"4 minutos\" \/>\n<script type=\"application\/ld+json\" class=\"yoast-schema-graph\">{\"@context\":\"https:\/\/schema.org\",\"@graph\":[{\"@type\":\"WebPage\",\"@id\":\"https:\/\/pistonaddict.com\/pt-pt\/product\/land-rover-defender-p90e-electric\/\",\"url\":\"https:\/\/pistonaddict.com\/pt-pt\/product\/land-rover-defender-p90e-electric\/\",\"name\":\"de Land Rover Defender P90E El\u00e9trico leil\u00e3o - Piston Addict\",\"isPartOf\":{\"@id\":\"https:\/\/pistonaddict.com\/pt-pt\/#website\"},\"primaryImageOfPage\":{\"@id\":\"https:\/\/pistonaddict.com\/pt-pt\/product\/land-rover-defender-p90e-electric\/#primaryimage\"},\"image\":{\"@id\":\"https:\/\/pistonaddict.com\/pt-pt\/product\/land-rover-defender-p90e-electric\/#primaryimage\"},\"thumbnailUrl\":\"https:\/\/pistonaddict.com\/wp-content\/uploads\/2023\/11\/def-05.jpg\",\"datePublished\":\"2023-11-17T16:40:02+00:00\",\"dateModified\":\"2024-03-19T15:59:26+00:00\",\"breadcrumb\":{\"@id\":\"https:\/\/pistonaddict.com\/pt-pt\/product\/land-rover-defender-p90e-electric\/#breadcrumb\"},\"inLanguage\":\"pt-PT\",\"potentialAction\":[{\"@type\":\"ReadAction\",\"target\":[\"https:\/\/pistonaddict.com\/pt-pt\/product\/land-rover-defender-p90e-electric\/\"]}]},{\"@type\":\"ImageObject\",\"inLanguage\":\"pt-PT\",\"@id\":\"https:\/\/pistonaddict.com\/pt-pt\/product\/land-rover-defender-p90e-electric\/#primaryimage\",\"url\":\"https:\/\/pistonaddict.com\/wp-content\/uploads\/2023\/11\/def-05.jpg\",\"contentUrl\":\"https:\/\/pistonaddict.com\/wp-content\/uploads\/2023\/11\/def-05.jpg\",\"width\":2560,\"height\":1440},{\"@type\":\"BreadcrumbList\",\"@id\":\"https:\/\/pistonaddict.com\/pt-pt\/product\/land-rover-defender-p90e-electric\/#breadcrumb\",\"itemListElement\":[{\"@type\":\"ListItem\",\"position\":1,\"name\":\"Rece\u00e7\u00e3o\",\"item\":\"https:\/\/pistonaddict.com\/pt-pt\/pagina-inicial\/\"},{\"@type\":\"ListItem\",\"position\":2,\"name\":\"Auctions\",\"item\":\"https:\/\/pistonaddict.com\/auctions-listing\/\"},{\"@type\":\"ListItem\",\"position\":3,\"name\":\"Land Rover Defender P90E El\u00e9trico\"}]},{\"@type\":\"WebSite\",\"@id\":\"https:\/\/pistonaddict.com\/pt-pt\/#website\",\"url\":\"https:\/\/pistonaddict.com\/pt-pt\/\",\"name\":\"Piston Addict\",\"description\":\"Only interesting vehicles\",\"publisher\":{\"@id\":\"https:\/\/pistonaddict.com\/pt-pt\/#organization\"},\"potentialAction\":[{\"@type\":\"SearchAction\",\"target\":{\"@type\":\"EntryPoint\",\"urlTemplate\":\"https:\/\/pistonaddict.com\/pt-pt\/?s={search_term_string}\"},\"query-input\":\"required name=search_term_string\"}],\"inLanguage\":\"pt-PT\"},{\"@type\":\"Organization\",\"@id\":\"https:\/\/pistonaddict.com\/pt-pt\/#organization\",\"name\":\"Piston Addict\",\"url\":\"https:\/\/pistonaddict.com\/pt-pt\/\",\"logo\":{\"@type\":\"ImageObject\",\"inLanguage\":\"pt-PT\",\"@id\":\"https:\/\/pistonaddict.com\/pt-pt\/#\/schema\/logo\/image\/\",\"url\":\"https:\/\/pistonaddict.com\/wp-content\/uploads\/2022\/07\/logo-6.png\",\"contentUrl\":\"https:\/\/pistonaddict.com\/wp-content\/uploads\/2022\/07\/logo-6.png\",\"width\":970,\"height\":200,\"caption\":\"Piston Addict\"},\"image\":{\"@id\":\"https:\/\/pistonaddict.com\/pt-pt\/#\/schema\/logo\/image\/\"}}]}<\/script>\n<!-- \/ Yoast SEO plugin. -->","yoast_head_json":{"title":"de Land Rover Defender P90E El\u00e9trico leil\u00e3o - Piston Addict","robots":{"index":"index","follow":"follow","max-snippet":"max-snippet:-1","max-image-preview":"max-image-preview:large","max-video-preview":"max-video-preview:-1"},"canonical":"https:\/\/pistonaddict.com\/pt-pt\/product\/land-rover-defender-p90e-electric\/","og_locale":"pt_PT","og_type":"article","og_title":"de Land Rover Defender P90E El\u00e9trico leil\u00e3o - Piston Addict","og_description":"Um dos aspectos mais interessantes da revolu\u00e7\u00e3o dos ve\u00edculos el\u00e9ctricos \u00e9 o facto de podermos reinventar os autom\u00f3veis cl\u00e1ssicos e dar-lhes uma nova vida. O reequipamento de um ve\u00edculo cl\u00e1ssico com uma transmiss\u00e3o el\u00e9ctrica ultramoderna \u00e9 um passo al\u00e9m do restauro e uma forma \u00fanica de combinar essa forma reconhec\u00edvel com a tecnologia do s\u00e9culo XXI. Hoje, temos o orgulho de apresentar um desses autom\u00f3veis - o Land Rover Defender EV, o primeiro Defender cl\u00e1ssico convertido em ve\u00edculo el\u00e9trico pela empresa su\u00ed\u00e7a Revive.","og_url":"https:\/\/pistonaddict.com\/pt-pt\/product\/land-rover-defender-p90e-electric\/","og_site_name":"Piston Addict","article_modified_time":"2024-03-19T15:59:26+00:00","og_image":[{"width":2560,"height":1440,"url":"https:\/\/pistonaddict.com\/wp-content\/uploads\/2023\/11\/def-05.jpg","type":"image\/jpeg"}],"twitter_card":"summary_large_image","twitter_misc":{"Tempo estimado de leitura":"4 minutos"},"schema":{"@context":"https:\/\/schema.org","@graph":[{"@type":"WebPage","@id":"https:\/\/pistonaddict.com\/pt-pt\/product\/land-rover-defender-p90e-electric\/","url":"https:\/\/pistonaddict.com\/pt-pt\/product\/land-rover-defender-p90e-electric\/","name":"de Land Rover Defender P90E El\u00e9trico leil\u00e3o - Piston Addict","isPartOf":{"@id":"https:\/\/pistonaddict.com\/pt-pt\/#website"},"primaryImageOfPage":{"@id":"https:\/\/pistonaddict.com\/pt-pt\/product\/land-rover-defender-p90e-electric\/#primaryimage"},"image":{"@id":"https:\/\/pistonaddict.com\/pt-pt\/product\/land-rover-defender-p90e-electric\/#primaryimage"},"thumbnailUrl":"https:\/\/pistonaddict.com\/wp-content\/uploads\/2023\/11\/def-05.jpg","datePublished":"2023-11-17T16:40:02+00:00","dateModified":"2024-03-19T15:59:26+00:00","breadcrumb":{"@id":"https:\/\/pistonaddict.com\/pt-pt\/product\/land-rover-defender-p90e-electric\/#breadcrumb"},"inLanguage":"pt-PT","potentialAction":[{"@type":"ReadAction","target":["https:\/\/pistonaddict.com\/pt-pt\/product\/land-rover-defender-p90e-electric\/"]}]},{"@type":"ImageObject","inLanguage":"pt-PT","@id":"https:\/\/pistonaddict.com\/pt-pt\/product\/land-rover-defender-p90e-electric\/#primaryimage","url":"https:\/\/pistonaddict.com\/wp-content\/uploads\/2023\/11\/def-05.jpg","contentUrl":"https:\/\/pistonaddict.com\/wp-content\/uploads\/2023\/11\/def-05.jpg","width":2560,"height":1440},{"@type":"BreadcrumbList","@id":"https:\/\/pistonaddict.com\/pt-pt\/product\/land-rover-defender-p90e-electric\/#breadcrumb","itemListElement":[{"@type":"ListItem","position":1,"name":"Rece\u00e7\u00e3o","item":"https:\/\/pistonaddict.com\/pt-pt\/pagina-inicial\/"},{"@type":"ListItem","position":2,"name":"Auctions","item":"https:\/\/pistonaddict.com\/auctions-listing\/"},{"@type":"ListItem","position":3,"name":"Land Rover Defender P90E El\u00e9trico"}]},{"@type":"WebSite","@id":"https:\/\/pistonaddict.com\/pt-pt\/#website","url":"https:\/\/pistonaddict.com\/pt-pt\/","name":"Piston Addict","description":"Only interesting vehicles","publisher":{"@id":"https:\/\/pistonaddict.com\/pt-pt\/#organization"},"potentialAction":[{"@type":"SearchAction","target":{"@type":"EntryPoint","urlTemplate":"https:\/\/pistonaddict.com\/pt-pt\/?s={search_term_string}"},"query-input":"required name=search_term_string"}],"inLanguage":"pt-PT"},{"@type":"Organization","@id":"https:\/\/pistonaddict.com\/pt-pt\/#organization","name":"Piston Addict","url":"https:\/\/pistonaddict.com\/pt-pt\/","logo":{"@type":"ImageObject","inLanguage":"pt-PT","@id":"https:\/\/pistonaddict.com\/pt-pt\/#\/schema\/logo\/image\/","url":"https:\/\/pistonaddict.com\/wp-content\/uploads\/2022\/07\/logo-6.png","contentUrl":"https:\/\/pistonaddict.com\/wp-content\/uploads\/2022\/07\/logo-6.png","width":970,"height":200,"caption":"Piston Addict"},"image":{"@id":"https:\/\/pistonaddict.com\/pt-pt\/#\/schema\/logo\/image\/"}}]}},"_links":{"self":[{"href":"https:\/\/pistonaddict.com\/pt-pt\/wp-json\/wp\/v2\/product\/72255"}],"collection":[{"href":"https:\/\/pistonaddict.com\/pt-pt\/wp-json\/wp\/v2\/product"}],"about":[{"href":"https:\/\/pistonaddict.com\/pt-pt\/wp-json\/wp\/v2\/types\/product"}],"replies":[{"embeddable":true,"href":"https:\/\/pistonaddict.com\/pt-pt\/wp-json\/wp\/v2\/comments?post=72255"}],"wp:featuredmedia":[{"embeddable":true,"href":"https:\/\/pistonaddict.com\/pt-pt\/wp-json\/wp\/v2\/media\/71394"}],"wp:attachment":[{"href":"https:\/\/pistonaddict.com\/pt-pt\/wp-json\/wp\/v2\/media?parent=72255"}],"wp:term":[{"taxonomy":"product_cat","embeddable":true,"href":"https:\/\/pistonaddict.com\/pt-pt\/wp-json\/wp\/v2\/product_cat?post=72255"},{"taxonomy":"product_tag","embeddable":true,"href":"https:\/\/pistonaddict.com\/pt-pt\/wp-json\/wp\/v2\/product_tag?post=72255"}],"curies":[{"name":"wp","href":"https:\/\/api.w.org\/{rel}","templated":true}]}}