{"id":69416,"date":"2023-11-09T17:05:55","date_gmt":"2023-11-09T16:05:55","guid":{"rendered":"https:\/\/pistonaddict.com\/product\/mini-rover-1-3-mpi-silverstone\/"},"modified":"2023-12-20T09:53:51","modified_gmt":"2023-12-20T08:53:51","slug":"mini-rover-1-3-mpi-silverstone","status":"publish","type":"product","link":"https:\/\/pistonaddict.com\/pt-pt\/product\/mini-rover-1-3-mpi-silverstone\/","title":{"rendered":"Mini Rover 1.3 Silverstone"},"content":{"rendered":"<h2>Exterior<\/h2>\n<p>No exterior, a forma familiar deste hatchback preto de 2 portas \u00e9 apimentada com pormenores como uma grelha cromada, faixas de corrida no capot e um tejadilho pintado de branco. Al\u00e9m disso, na frente, existe um par de far\u00f3is de nevoeiro que ajudam a melhorar a visibilidade e a apar\u00eancia. Este \u00e9 acompanhado por indicadores de mudan\u00e7a de dire\u00e7\u00e3o brancos em toda a volta, uma op\u00e7\u00e3o muito melhor do que os antiquados indicadores amarelos. E, na parte de tr\u00e1s, h\u00e1 um escape centralizado com uma ponteira cromada.<\/p>\n<p>Por \u00faltimo, h\u00e1 que mencionar as cavas das rodas alargadas, que acentuam ainda mais o aspeto agressivo do autom\u00f3vel. Mas esta modifica\u00e7\u00e3o n\u00e3o \u00e9 apenas para o espet\u00e1culo, pois foi necess\u00e1ria para que houvesse espa\u00e7o suficiente para rodas largas e desportivas. E j\u00e1 que falamos de pneus, \u00e9 necess\u00e1rio mencionar que as jantes de 13 polegadas deste autom\u00f3vel n\u00e3o s\u00e3o as de origem. Mas o vendedor afirma que estes tamb\u00e9m ser\u00e3o fornecidos.<\/p>\n<h2>Interior<\/h2>\n<p>Uma vez no interior do autom\u00f3vel, encontra-se atr\u00e1s de um volante de tr\u00eas raios em pele, tipicamente mini-angular. Atr\u00e1s, encontra-se o painel de instrumentos com um veloc\u00edmetro que termina nos 180 km\/h e um conta-rota\u00e7\u00f5es que vai at\u00e9 \u00e0s 8.000 RPM. Como seria de esperar, o painel de instrumentos &#8211; feito de madeira verdadeira &#8211; est\u00e1 pouco equipado e oferece apenas o essencial. Isto inclui os interruptores das luzes, os controlos de ventila\u00e7\u00e3o e uma unidade de cabe\u00e7a est\u00e9reo, que, neste caso, \u00e9 um dispositivo Sony p\u00f3s-venda.<\/p>\n<p>O resto do interior sugere fortemente o car\u00e1cter desportivo do autom\u00f3vel, sendo os bancos dianteiros os mais atraentes. Vestidos com uma combina\u00e7\u00e3o de pele preta e tecido cinzento, proporcionam apoio suficiente nas curvas apertadas, onde o Mini est\u00e1 no seu melhor. Os bancos traseiros e o painel lateral s\u00e3o estofados no mesmo estilo, com um tapete vermelho no ch\u00e3o a completar o aspeto apelativo. Por \u00faltimo, o vendedor substituir\u00e1 o forro do tejadilho antes da entrega do autom\u00f3vel, uma vez que o original est\u00e1 danificado mesmo por cima dos guarda-s\u00f3is (ver imagem).<\/p>\n<h2>Mec\u00e2nica<\/h2>\n<p>Este Mini Cooper tem um motor 1.3 de 4 cilindros, que acciona as rodas dianteiras atrav\u00e9s de uma caixa manual de 4 velocidades. Embora a configura\u00e7\u00e3o b\u00e1sica do motor remonte aos anos 60, este modelo em particular est\u00e1 equipado com a Inje\u00e7\u00e3o Eletr\u00f3nica de Combust\u00edvel da Rover, tornando o autom\u00f3vel mais fi\u00e1vel e agrad\u00e1vel de conduzir.<\/p>\n<p>Em termos de pot\u00eancia, o Mini Cooper tem apenas 63 cavalos \u00e0 sua disposi\u00e7\u00e3o, o que pode n\u00e3o parecer muito. Mas s\u00f3 tem de lidar com 685 quilogramas, que \u00e9 o peso deste carro. Em suma, embora o Mini n\u00e3o seja provavelmente muito r\u00e1pido nas rectas, \u00e9 incrivelmente divertido nas curvas. E essa \u00e9 uma das coisas que a tornou t\u00e3o especial e famosa em primeiro lugar.<\/p>\n<h2>Historial do ve\u00edculo<\/h2>\n<p>Por \u00faltimo, algumas palavras sobre o estado atual do Mini, que o vendedor descreve como muito bom. A \u00faltima revis\u00e3o do autom\u00f3vel foi efectuada em junho de 2023, quando foi feita uma manuten\u00e7\u00e3o regular e foram instalados novos trav\u00f5es. Al\u00e9m disso, todo o sistema de escape, incluindo o catalisador, \u00e9 novo. E, a julgar pelas fotografias, o carro parece estar impec\u00e1vel, tanto por fora como por dentro. Al\u00e9m disso, o vendedor profissional, que \u00e9 o 5\u00ba propriet\u00e1rio, afirma que o autom\u00f3vel nunca teve um acidente, o que pode ser confirmado adicionalmente por um Relat\u00f3rio do Historial do Ve\u00edculo <a href=\"https:\/\/pistonaddict.com\/wp-content\/uploads\/2023\/11\/CARFAX-Vehicle-History-Report-ROVER-MINI.pdf\">CARFAX<\/a> correspondente. A \u00faltima inspe\u00e7\u00e3o t\u00e9cnica foi aprovada e homologada em 6 de outubro de 2023.<\/p>\n<p><strong><br \/>\nVeja o v\u00eddeo do arranque a frio deste bonito Mini Rover Silverstone :<\/strong><\/p>\n<p><iframe title=\"Cold Start Video of the Austin Mini Silverstone for auction sale\" width=\"1200\" height=\"675\" src=\"https:\/\/www.youtube.com\/embed\/NW_53HH3Wg4?feature=oembed\" frameborder=\"0\" allow=\"accelerometer; autoplay; clipboard-write; encrypted-media; gyroscope; picture-in-picture; web-share\" allowfullscreen><\/iframe><\/p>\n","protected":false},"excerpt":{"rendered":"<p>Se procura um autom\u00f3vel cl\u00e1ssico pequeno, pr\u00e1tico e \u00e1gil, o Mini original deve estar no topo da sua lista. Ao longo do seu longo per\u00edodo de produ\u00e7\u00e3o, este \u00edcone autom\u00f3vel esteve dispon\u00edvel em diversas variantes, sendo o Cooper desportivo provavelmente o mais desej\u00e1vel. Este \u00e9 um autom\u00f3vel que combina o car\u00e1cter original do Mini com uma variedade de detalhes visuais requintados e uma experi\u00eancia de condu\u00e7\u00e3o emocionante. E \u00e0 venda aqui, temos um Mini Cooper de 1993, que est\u00e1 em excelente estado e fez 74.000 quil\u00f3metros at\u00e9 agora. Al\u00e9m disso, o facto de ser um dos apenas 400 exemplares fabricados em Silverstone confere-lhe exclusividade. Vejamos mais de perto o que tem para oferecer.<\/p>\n","protected":false},"featured_media":67417,"comment_status":"open","ping_status":"closed","template":"","meta":{"inline_featured_image":false},"product_cat":[735],"product_tag":[2450,2452,956],"acf":[],"yoast_head":"<!-- This site is optimized with the Yoast SEO plugin v22.5 - https:\/\/yoast.com\/wordpress\/plugins\/seo\/ -->\n<title>de Mini Rover 1.3 Silverstone leil\u00e3o - Piston Addict<\/title>\n<meta name=\"robots\" content=\"index, follow, max-snippet:-1, max-image-preview:large, max-video-preview:-1\" \/>\n<link rel=\"canonical\" href=\"https:\/\/pistonaddict.com\/pt-pt\/product\/mini-rover-1-3-mpi-silverstone\/\" \/>\n<meta property=\"og:locale\" content=\"pt_PT\" \/>\n<meta property=\"og:type\" content=\"article\" \/>\n<meta property=\"og:title\" content=\"de Mini Rover 1.3 Silverstone leil\u00e3o - Piston Addict\" \/>\n<meta property=\"og:description\" content=\"Se procura um autom\u00f3vel cl\u00e1ssico pequeno, pr\u00e1tico e \u00e1gil, o Mini original deve estar no topo da sua lista. Ao longo do seu longo per\u00edodo de produ\u00e7\u00e3o, este \u00edcone autom\u00f3vel esteve dispon\u00edvel em diversas variantes, sendo o Cooper desportivo provavelmente o mais desej\u00e1vel. Este \u00e9 um autom\u00f3vel que combina o car\u00e1cter original do Mini com uma variedade de detalhes visuais requintados e uma experi\u00eancia de condu\u00e7\u00e3o emocionante. E \u00e0 venda aqui, temos um Mini Cooper de 1993, que est\u00e1 em excelente estado e fez 74.000 quil\u00f3metros at\u00e9 agora. Al\u00e9m disso, o facto de ser um dos apenas 400 exemplares fabricados em Silverstone confere-lhe exclusividade. Vejamos mais de perto o que tem para oferecer.\" \/>\n<meta property=\"og:url\" content=\"https:\/\/pistonaddict.com\/pt-pt\/product\/mini-rover-1-3-mpi-silverstone\/\" \/>\n<meta property=\"og:site_name\" content=\"Piston Addict\" \/>\n<meta property=\"article:modified_time\" content=\"2023-12-20T08:53:51+00:00\" \/>\n<meta property=\"og:image\" content=\"https:\/\/pistonaddict.com\/wp-content\/uploads\/2023\/11\/IMG_5534-scaled.jpeg\" \/>\n\t<meta property=\"og:image:width\" content=\"2560\" \/>\n\t<meta property=\"og:image:height\" content=\"1920\" \/>\n\t<meta property=\"og:image:type\" content=\"image\/jpeg\" \/>\n<meta name=\"twitter:card\" content=\"summary_large_image\" \/>\n<meta name=\"twitter:label1\" content=\"Tempo estimado de leitura\" \/>\n\t<meta name=\"twitter:data1\" content=\"3 minutos\" \/>\n<script type=\"application\/ld+json\" class=\"yoast-schema-graph\">{\"@context\":\"https:\/\/schema.org\",\"@graph\":[{\"@type\":\"WebPage\",\"@id\":\"https:\/\/pistonaddict.com\/pt-pt\/product\/mini-rover-1-3-mpi-silverstone\/\",\"url\":\"https:\/\/pistonaddict.com\/pt-pt\/product\/mini-rover-1-3-mpi-silverstone\/\",\"name\":\"de Mini Rover 1.3 Silverstone leil\u00e3o - Piston Addict\",\"isPartOf\":{\"@id\":\"https:\/\/pistonaddict.com\/pt-pt\/#website\"},\"primaryImageOfPage\":{\"@id\":\"https:\/\/pistonaddict.com\/pt-pt\/product\/mini-rover-1-3-mpi-silverstone\/#primaryimage\"},\"image\":{\"@id\":\"https:\/\/pistonaddict.com\/pt-pt\/product\/mini-rover-1-3-mpi-silverstone\/#primaryimage\"},\"thumbnailUrl\":\"https:\/\/pistonaddict.com\/wp-content\/uploads\/2023\/11\/IMG_5534-scaled.jpeg\",\"datePublished\":\"2023-11-09T16:05:55+00:00\",\"dateModified\":\"2023-12-20T08:53:51+00:00\",\"breadcrumb\":{\"@id\":\"https:\/\/pistonaddict.com\/pt-pt\/product\/mini-rover-1-3-mpi-silverstone\/#breadcrumb\"},\"inLanguage\":\"pt-PT\",\"potentialAction\":[{\"@type\":\"ReadAction\",\"target\":[\"https:\/\/pistonaddict.com\/pt-pt\/product\/mini-rover-1-3-mpi-silverstone\/\"]}]},{\"@type\":\"ImageObject\",\"inLanguage\":\"pt-PT\",\"@id\":\"https:\/\/pistonaddict.com\/pt-pt\/product\/mini-rover-1-3-mpi-silverstone\/#primaryimage\",\"url\":\"https:\/\/pistonaddict.com\/wp-content\/uploads\/2023\/11\/IMG_5534-scaled.jpeg\",\"contentUrl\":\"https:\/\/pistonaddict.com\/wp-content\/uploads\/2023\/11\/IMG_5534-scaled.jpeg\",\"width\":2560,\"height\":1920},{\"@type\":\"BreadcrumbList\",\"@id\":\"https:\/\/pistonaddict.com\/pt-pt\/product\/mini-rover-1-3-mpi-silverstone\/#breadcrumb\",\"itemListElement\":[{\"@type\":\"ListItem\",\"position\":1,\"name\":\"Rece\u00e7\u00e3o\",\"item\":\"https:\/\/pistonaddict.com\/pt-pt\/pagina-inicial\/\"},{\"@type\":\"ListItem\",\"position\":2,\"name\":\"Auctions\",\"item\":\"https:\/\/pistonaddict.com\/auctions-listing\/\"},{\"@type\":\"ListItem\",\"position\":3,\"name\":\"Mini Rover 1.3 Silverstone\"}]},{\"@type\":\"WebSite\",\"@id\":\"https:\/\/pistonaddict.com\/pt-pt\/#website\",\"url\":\"https:\/\/pistonaddict.com\/pt-pt\/\",\"name\":\"Piston Addict\",\"description\":\"Only interesting vehicles\",\"publisher\":{\"@id\":\"https:\/\/pistonaddict.com\/pt-pt\/#organization\"},\"potentialAction\":[{\"@type\":\"SearchAction\",\"target\":{\"@type\":\"EntryPoint\",\"urlTemplate\":\"https:\/\/pistonaddict.com\/pt-pt\/?s={search_term_string}\"},\"query-input\":\"required name=search_term_string\"}],\"inLanguage\":\"pt-PT\"},{\"@type\":\"Organization\",\"@id\":\"https:\/\/pistonaddict.com\/pt-pt\/#organization\",\"name\":\"Piston Addict\",\"url\":\"https:\/\/pistonaddict.com\/pt-pt\/\",\"logo\":{\"@type\":\"ImageObject\",\"inLanguage\":\"pt-PT\",\"@id\":\"https:\/\/pistonaddict.com\/pt-pt\/#\/schema\/logo\/image\/\",\"url\":\"https:\/\/pistonaddict.com\/wp-content\/uploads\/2022\/07\/logo-6.png\",\"contentUrl\":\"https:\/\/pistonaddict.com\/wp-content\/uploads\/2022\/07\/logo-6.png\",\"width\":970,\"height\":200,\"caption\":\"Piston Addict\"},\"image\":{\"@id\":\"https:\/\/pistonaddict.com\/pt-pt\/#\/schema\/logo\/image\/\"}}]}<\/script>\n<!-- \/ Yoast SEO plugin. -->","yoast_head_json":{"title":"de Mini Rover 1.3 Silverstone leil\u00e3o - Piston Addict","robots":{"index":"index","follow":"follow","max-snippet":"max-snippet:-1","max-image-preview":"max-image-preview:large","max-video-preview":"max-video-preview:-1"},"canonical":"https:\/\/pistonaddict.com\/pt-pt\/product\/mini-rover-1-3-mpi-silverstone\/","og_locale":"pt_PT","og_type":"article","og_title":"de Mini Rover 1.3 Silverstone leil\u00e3o - Piston Addict","og_description":"Se procura um autom\u00f3vel cl\u00e1ssico pequeno, pr\u00e1tico e \u00e1gil, o Mini original deve estar no topo da sua lista. Ao longo do seu longo per\u00edodo de produ\u00e7\u00e3o, este \u00edcone autom\u00f3vel esteve dispon\u00edvel em diversas variantes, sendo o Cooper desportivo provavelmente o mais desej\u00e1vel. Este \u00e9 um autom\u00f3vel que combina o car\u00e1cter original do Mini com uma variedade de detalhes visuais requintados e uma experi\u00eancia de condu\u00e7\u00e3o emocionante. E \u00e0 venda aqui, temos um Mini Cooper de 1993, que est\u00e1 em excelente estado e fez 74.000 quil\u00f3metros at\u00e9 agora. Al\u00e9m disso, o facto de ser um dos apenas 400 exemplares fabricados em Silverstone confere-lhe exclusividade. Vejamos mais de perto o que tem para oferecer.","og_url":"https:\/\/pistonaddict.com\/pt-pt\/product\/mini-rover-1-3-mpi-silverstone\/","og_site_name":"Piston Addict","article_modified_time":"2023-12-20T08:53:51+00:00","og_image":[{"width":2560,"height":1920,"url":"https:\/\/pistonaddict.com\/wp-content\/uploads\/2023\/11\/IMG_5534-scaled.jpeg","type":"image\/jpeg"}],"twitter_card":"summary_large_image","twitter_misc":{"Tempo estimado de leitura":"3 minutos"},"schema":{"@context":"https:\/\/schema.org","@graph":[{"@type":"WebPage","@id":"https:\/\/pistonaddict.com\/pt-pt\/product\/mini-rover-1-3-mpi-silverstone\/","url":"https:\/\/pistonaddict.com\/pt-pt\/product\/mini-rover-1-3-mpi-silverstone\/","name":"de Mini Rover 1.3 Silverstone leil\u00e3o - Piston Addict","isPartOf":{"@id":"https:\/\/pistonaddict.com\/pt-pt\/#website"},"primaryImageOfPage":{"@id":"https:\/\/pistonaddict.com\/pt-pt\/product\/mini-rover-1-3-mpi-silverstone\/#primaryimage"},"image":{"@id":"https:\/\/pistonaddict.com\/pt-pt\/product\/mini-rover-1-3-mpi-silverstone\/#primaryimage"},"thumbnailUrl":"https:\/\/pistonaddict.com\/wp-content\/uploads\/2023\/11\/IMG_5534-scaled.jpeg","datePublished":"2023-11-09T16:05:55+00:00","dateModified":"2023-12-20T08:53:51+00:00","breadcrumb":{"@id":"https:\/\/pistonaddict.com\/pt-pt\/product\/mini-rover-1-3-mpi-silverstone\/#breadcrumb"},"inLanguage":"pt-PT","potentialAction":[{"@type":"ReadAction","target":["https:\/\/pistonaddict.com\/pt-pt\/product\/mini-rover-1-3-mpi-silverstone\/"]}]},{"@type":"ImageObject","inLanguage":"pt-PT","@id":"https:\/\/pistonaddict.com\/pt-pt\/product\/mini-rover-1-3-mpi-silverstone\/#primaryimage","url":"https:\/\/pistonaddict.com\/wp-content\/uploads\/2023\/11\/IMG_5534-scaled.jpeg","contentUrl":"https:\/\/pistonaddict.com\/wp-content\/uploads\/2023\/11\/IMG_5534-scaled.jpeg","width":2560,"height":1920},{"@type":"BreadcrumbList","@id":"https:\/\/pistonaddict.com\/pt-pt\/product\/mini-rover-1-3-mpi-silverstone\/#breadcrumb","itemListElement":[{"@type":"ListItem","position":1,"name":"Rece\u00e7\u00e3o","item":"https:\/\/pistonaddict.com\/pt-pt\/pagina-inicial\/"},{"@type":"ListItem","position":2,"name":"Auctions","item":"https:\/\/pistonaddict.com\/auctions-listing\/"},{"@type":"ListItem","position":3,"name":"Mini Rover 1.3 Silverstone"}]},{"@type":"WebSite","@id":"https:\/\/pistonaddict.com\/pt-pt\/#website","url":"https:\/\/pistonaddict.com\/pt-pt\/","name":"Piston Addict","description":"Only interesting vehicles","publisher":{"@id":"https:\/\/pistonaddict.com\/pt-pt\/#organization"},"potentialAction":[{"@type":"SearchAction","target":{"@type":"EntryPoint","urlTemplate":"https:\/\/pistonaddict.com\/pt-pt\/?s={search_term_string}"},"query-input":"required name=search_term_string"}],"inLanguage":"pt-PT"},{"@type":"Organization","@id":"https:\/\/pistonaddict.com\/pt-pt\/#organization","name":"Piston Addict","url":"https:\/\/pistonaddict.com\/pt-pt\/","logo":{"@type":"ImageObject","inLanguage":"pt-PT","@id":"https:\/\/pistonaddict.com\/pt-pt\/#\/schema\/logo\/image\/","url":"https:\/\/pistonaddict.com\/wp-content\/uploads\/2022\/07\/logo-6.png","contentUrl":"https:\/\/pistonaddict.com\/wp-content\/uploads\/2022\/07\/logo-6.png","width":970,"height":200,"caption":"Piston Addict"},"image":{"@id":"https:\/\/pistonaddict.com\/pt-pt\/#\/schema\/logo\/image\/"}}]}},"_links":{"self":[{"href":"https:\/\/pistonaddict.com\/pt-pt\/wp-json\/wp\/v2\/product\/69416"}],"collection":[{"href":"https:\/\/pistonaddict.com\/pt-pt\/wp-json\/wp\/v2\/product"}],"about":[{"href":"https:\/\/pistonaddict.com\/pt-pt\/wp-json\/wp\/v2\/types\/product"}],"replies":[{"embeddable":true,"href":"https:\/\/pistonaddict.com\/pt-pt\/wp-json\/wp\/v2\/comments?post=69416"}],"wp:featuredmedia":[{"embeddable":true,"href":"https:\/\/pistonaddict.com\/pt-pt\/wp-json\/wp\/v2\/media\/67417"}],"wp:attachment":[{"href":"https:\/\/pistonaddict.com\/pt-pt\/wp-json\/wp\/v2\/media?parent=69416"}],"wp:term":[{"taxonomy":"product_cat","embeddable":true,"href":"https:\/\/pistonaddict.com\/pt-pt\/wp-json\/wp\/v2\/product_cat?post=69416"},{"taxonomy":"product_tag","embeddable":true,"href":"https:\/\/pistonaddict.com\/pt-pt\/wp-json\/wp\/v2\/product_tag?post=69416"}],"curies":[{"name":"wp","href":"https:\/\/api.w.org\/{rel}","templated":true}]}}