{"id":67055,"date":"2023-11-07T14:48:12","date_gmt":"2023-11-07T13:48:12","guid":{"rendered":"https:\/\/pistonaddict.com\/product\/ferrari-348-tb\/"},"modified":"2024-03-20T09:41:47","modified_gmt":"2024-03-20T08:41:47","slug":"ferrari-348-tb","status":"publish","type":"product","link":"https:\/\/pistonaddict.com\/pt-pt\/product\/ferrari-348-tb\/","title":{"rendered":"Ferrari 348 TB"},"content":{"rendered":"<p><strong>Hist\u00f3ria do autom\u00f3vel<\/strong><\/p>\n<p>O 348 TB foi apresentado em 1989 e foi um grande passo em frente em termos de desempenho e engenharia em compara\u00e7\u00e3o com os seus antecessores. Foi tamb\u00e9m um dos \u00faltimos modelos da era &#8220;Enzo&#8221;, tendo sido aprovado para produ\u00e7\u00e3o pouco antes da morte do lend\u00e1rio patr\u00e3o da Ferrari. Alimentado por um motor V8 de 3,4 litros, debitava uns saud\u00e1veis 300 cv, o que proporcionava um desempenho estimulante. Este carro em particular foi entregue novo na Su\u00ed\u00e7a em 1991 e adquirido pelo atual propriet\u00e1rio em 2023. <strong>No entanto, o que torna este Ferrari 348 TB t\u00e3o interessante \u00e9 o facto de ter sido equipado com um kit Challenge<\/strong>. No in\u00edcio dos anos 90, a Ferrari iniciou a sua famosa s\u00e9rie de corridas 348 Challenge para propriet\u00e1rios que queriam correr com os seus autom\u00f3veis. Para participar, ou comprava um 348 Challenge da f\u00e1brica (foram produzidos cerca de 50 exemplares) ou encomendava um kit Challenge ao seu concession\u00e1rio Ferrari. <strong>As especifica\u00e7\u00f5es do Challenge inclu\u00edam um motor melhorado para 320 cv, melhores trav\u00f5es, bancos, uma bateria mais pequena, uma gaiola de prote\u00e7\u00e3o e pneus lisos<\/strong>. Um concession\u00e1rio Ferrari converteu este exemplo em particular no final de 1995, mas nunca chegou a correr porque a s\u00e9rie Ferrari Challenge mudou para o modelo Ferrari 355 na \u00e9poca de 1996. O processo foi totalmente documentado com facturas e recibos, o<strong> que faz deste 348 amarelo um dos cerca de 150 autom\u00f3veis convertidos por concession\u00e1rios em todo o mundo e provavelmente o \u00fanico sem historial de corridas!<\/strong><\/p>\n<p><strong>Interior<\/strong><\/p>\n<p>Uma vez que este Ferrari foi meticulosamente mantido, o interior em pele preta est\u00e1 em muito bom estado, com vest\u00edgios m\u00ednimos de utiliza\u00e7\u00e3o. O propriet\u00e1rio anterior retirou a gaiola de prote\u00e7\u00e3o e voltou a colocar os bancos originais, o que facilita muito a entrada e sa\u00edda. O painel de instrumentos n\u00e3o tem fissuras e todos os instrumentos e bot\u00f5es funcionam. N\u00e3o h\u00e1 modifica\u00e7\u00f5es, exceto o leitor de CD, que se enquadra perfeitamente no ambiente dos anos 90 deste autom\u00f3vel.<\/p>\n<p><strong>Estado<\/strong><\/p>\n<p>Com apenas 55.721 quil\u00f3metros desde novo, este Ferrari 348 TB Challenge est\u00e1 em condi\u00e7\u00f5es imaculadas e foi cuidadosamente cuidado por todos os seus utilizadores. \u00c9 evidente que o ve\u00edculo foi pouco utilizado e bem conservado, como o demonstram os registos. O historial de manuten\u00e7\u00e3o fornecido com este carro \u00e9 inacredit\u00e1vel, com a fatura de venda original e os propriet\u00e1rios dos anos 90. O \u00faltimo servi\u00e7o foi efectuado em agosto de 2023, tendo os trav\u00f5es sido revistos h\u00e1 apenas alguns dias, em novembro de 2023. De acordo com o vendedor, a pr\u00f3xima manuten\u00e7\u00e3o deve ser a correia do distribuidor, que pode ser efectuada pelos seus mec\u00e2nicos a um custo adicional de 3000 euros. N\u00e3o h\u00e1 fugas; por baixo, o carro est\u00e1 t\u00e3o limpo como o interior. O carro est\u00e1 pronto a ser conduzido para qualquer lado e \u00e9 provavelmente um dos melhores exemplos de um Ferrari 348 TB Challenge com qualidade de condu\u00e7\u00e3o que poder\u00e1 encontrar.<\/p>\n<p><strong>Exterior e rodas<\/strong><\/p>\n<p>A pintura Amarelo Giallo est\u00e1 em perfeitas condi\u00e7\u00f5es, sem riscos nem amolgadelas. A ferramenta de espessura da tinta mostra consist\u00eancia na cor, o que significa que n\u00e3o houve repara\u00e7\u00f5es de danos e enchimento da carro\u00e7aria. O \u00fanico dano vis\u00edvel na carro\u00e7aria do autom\u00f3vel \u00e9 a calafetagem \u00e0 volta das portas do condutor, que apresenta sinais de desgaste, o que \u00e9 de esperar tendo em conta a idade do autom\u00f3vel. As jantes de liga leve OZ de 17 polegadas, com um aspeto de \u00e9poca, s\u00e3o itens espec\u00edficos da Challenge e t\u00eam bom aspeto. O Michelin Pilot Sport \u00e9 mais antigo mas n\u00e3o est\u00e1 gasto.<\/p>\n<p><strong> <\/strong><strong>Documenta\u00e7\u00e3o<\/strong><\/p>\n<p>Este ve\u00edculo \u00e9 vendido pelo concession\u00e1rio com a documenta\u00e7\u00e3o adequada e est\u00e1 localizado em Espanha. O <a href=\"https:\/\/pistonaddict.com\/wp-content\/uploads\/2023\/11\/CARFAX-Vehicle-History-Report-FERRARI-348-tb.pdf\">relat\u00f3rio CarFax<\/a> est\u00e1 limpo; n\u00e3o existem provas de acidentes, repara\u00e7\u00f5es de acidentes, propriedade ou problemas legais. Existem registos de manuten\u00e7\u00e3o regular, bem como brochuras originais de f\u00e1brica, facturas de venda, recibos e a aprova\u00e7\u00e3o da inspe\u00e7\u00e3o t\u00e9cnica \u00e9 v\u00e1lida at\u00e9 agosto de 2024. A quantidade de documenta\u00e7\u00e3o \u00e9 simplesmente espantosa e \u00e9 raro ver um autom\u00f3vel com tanta documenta\u00e7\u00e3o que comprove que foi bem tratado.<\/p>\n<p><strong><br \/>\nVeja o v\u00eddeo do arranque a frio deste belo Ferrari 348 TB :<\/strong><\/p>\n<p><iframe title=\"Cold Start Video of the Ferrari F348 TB for auction sale\" width=\"1200\" height=\"675\" src=\"https:\/\/www.youtube.com\/embed\/VcqnL6NA2Yk?feature=oembed\" frameborder=\"0\" allow=\"accelerometer; autoplay; clipboard-write; encrypted-media; gyroscope; picture-in-picture; web-share\" allowfullscreen><\/iframe><\/p>\n","protected":false},"excerpt":{"rendered":"<p>Conduzir um Ferrari \u00e9 sempre uma proposta interessante. Os autom\u00f3veis dos anos 60 s\u00e3o agora demasiado valiosos para serem utilizados na estrada e a gama atual \u00e9 quase demasiado r\u00e1pida para o tr\u00e1fego moderno. No entanto, ainda existem modelos que lhe podem proporcionar toda a emo\u00e7\u00e3o de possuir um autom\u00f3vel desportivo italiano puro-sangue, o rugido de um motor V8 naturalmente aspirado e uma din\u00e2mica de condu\u00e7\u00e3o inigual\u00e1vel. \u00c9 com orgulho que apresentamos um ve\u00edculo em condi\u00e7\u00f5es ideais, com uma excitante liga\u00e7\u00e3o aos desportos motorizados e uma documenta\u00e7\u00e3o insana.<\/p>\n","protected":false},"featured_media":64592,"comment_status":"open","ping_status":"closed","template":"","meta":{"inline_featured_image":false},"product_cat":[735],"product_tag":[2393,2392,956],"acf":[],"yoast_head":"<!-- This site is optimized with the Yoast SEO plugin v22.5 - https:\/\/yoast.com\/wordpress\/plugins\/seo\/ -->\n<title>de Ferrari 348 TB leil\u00e3o - Piston Addict<\/title>\n<meta name=\"robots\" content=\"index, follow, max-snippet:-1, max-image-preview:large, max-video-preview:-1\" \/>\n<link rel=\"canonical\" href=\"https:\/\/pistonaddict.com\/pt-pt\/product\/ferrari-348-tb\/\" \/>\n<meta property=\"og:locale\" content=\"pt_PT\" \/>\n<meta property=\"og:type\" content=\"article\" \/>\n<meta property=\"og:title\" content=\"de Ferrari 348 TB leil\u00e3o - Piston Addict\" \/>\n<meta property=\"og:description\" content=\"Conduzir um Ferrari \u00e9 sempre uma proposta interessante. Os autom\u00f3veis dos anos 60 s\u00e3o agora demasiado valiosos para serem utilizados na estrada e a gama atual \u00e9 quase demasiado r\u00e1pida para o tr\u00e1fego moderno. No entanto, ainda existem modelos que lhe podem proporcionar toda a emo\u00e7\u00e3o de possuir um autom\u00f3vel desportivo italiano puro-sangue, o rugido de um motor V8 naturalmente aspirado e uma din\u00e2mica de condu\u00e7\u00e3o inigual\u00e1vel. \u00c9 com orgulho que apresentamos um ve\u00edculo em condi\u00e7\u00f5es ideais, com uma excitante liga\u00e7\u00e3o aos desportos motorizados e uma documenta\u00e7\u00e3o insana.\" \/>\n<meta property=\"og:url\" content=\"https:\/\/pistonaddict.com\/pt-pt\/product\/ferrari-348-tb\/\" \/>\n<meta property=\"og:site_name\" content=\"Piston Addict\" \/>\n<meta property=\"article:modified_time\" content=\"2024-03-20T08:41:47+00:00\" \/>\n<meta property=\"og:image\" content=\"https:\/\/pistonaddict.com\/wp-content\/uploads\/2023\/11\/IMG7107-scaled.jpg\" \/>\n\t<meta property=\"og:image:width\" content=\"2560\" \/>\n\t<meta property=\"og:image:height\" content=\"1709\" \/>\n\t<meta property=\"og:image:type\" content=\"image\/jpeg\" \/>\n<meta name=\"twitter:card\" content=\"summary_large_image\" \/>\n<meta name=\"twitter:label1\" content=\"Tempo estimado de leitura\" \/>\n\t<meta name=\"twitter:data1\" content=\"4 minutos\" \/>\n<script type=\"application\/ld+json\" class=\"yoast-schema-graph\">{\"@context\":\"https:\/\/schema.org\",\"@graph\":[{\"@type\":\"WebPage\",\"@id\":\"https:\/\/pistonaddict.com\/pt-pt\/product\/ferrari-348-tb\/\",\"url\":\"https:\/\/pistonaddict.com\/pt-pt\/product\/ferrari-348-tb\/\",\"name\":\"de Ferrari 348 TB leil\u00e3o - Piston Addict\",\"isPartOf\":{\"@id\":\"https:\/\/pistonaddict.com\/pt-pt\/#website\"},\"primaryImageOfPage\":{\"@id\":\"https:\/\/pistonaddict.com\/pt-pt\/product\/ferrari-348-tb\/#primaryimage\"},\"image\":{\"@id\":\"https:\/\/pistonaddict.com\/pt-pt\/product\/ferrari-348-tb\/#primaryimage\"},\"thumbnailUrl\":\"https:\/\/pistonaddict.com\/wp-content\/uploads\/2023\/11\/IMG7107-scaled.jpg\",\"datePublished\":\"2023-11-07T13:48:12+00:00\",\"dateModified\":\"2024-03-20T08:41:47+00:00\",\"breadcrumb\":{\"@id\":\"https:\/\/pistonaddict.com\/pt-pt\/product\/ferrari-348-tb\/#breadcrumb\"},\"inLanguage\":\"pt-PT\",\"potentialAction\":[{\"@type\":\"ReadAction\",\"target\":[\"https:\/\/pistonaddict.com\/pt-pt\/product\/ferrari-348-tb\/\"]}]},{\"@type\":\"ImageObject\",\"inLanguage\":\"pt-PT\",\"@id\":\"https:\/\/pistonaddict.com\/pt-pt\/product\/ferrari-348-tb\/#primaryimage\",\"url\":\"https:\/\/pistonaddict.com\/wp-content\/uploads\/2023\/11\/IMG7107-scaled.jpg\",\"contentUrl\":\"https:\/\/pistonaddict.com\/wp-content\/uploads\/2023\/11\/IMG7107-scaled.jpg\",\"width\":2560,\"height\":1709},{\"@type\":\"BreadcrumbList\",\"@id\":\"https:\/\/pistonaddict.com\/pt-pt\/product\/ferrari-348-tb\/#breadcrumb\",\"itemListElement\":[{\"@type\":\"ListItem\",\"position\":1,\"name\":\"Rece\u00e7\u00e3o\",\"item\":\"https:\/\/pistonaddict.com\/pt-pt\/pagina-inicial\/\"},{\"@type\":\"ListItem\",\"position\":2,\"name\":\"Auctions\",\"item\":\"https:\/\/pistonaddict.com\/auctions-listing\/\"},{\"@type\":\"ListItem\",\"position\":3,\"name\":\"Ferrari 348 TB\"}]},{\"@type\":\"WebSite\",\"@id\":\"https:\/\/pistonaddict.com\/pt-pt\/#website\",\"url\":\"https:\/\/pistonaddict.com\/pt-pt\/\",\"name\":\"Piston Addict\",\"description\":\"Only interesting vehicles\",\"publisher\":{\"@id\":\"https:\/\/pistonaddict.com\/pt-pt\/#organization\"},\"potentialAction\":[{\"@type\":\"SearchAction\",\"target\":{\"@type\":\"EntryPoint\",\"urlTemplate\":\"https:\/\/pistonaddict.com\/pt-pt\/?s={search_term_string}\"},\"query-input\":\"required name=search_term_string\"}],\"inLanguage\":\"pt-PT\"},{\"@type\":\"Organization\",\"@id\":\"https:\/\/pistonaddict.com\/pt-pt\/#organization\",\"name\":\"Piston Addict\",\"url\":\"https:\/\/pistonaddict.com\/pt-pt\/\",\"logo\":{\"@type\":\"ImageObject\",\"inLanguage\":\"pt-PT\",\"@id\":\"https:\/\/pistonaddict.com\/pt-pt\/#\/schema\/logo\/image\/\",\"url\":\"https:\/\/pistonaddict.com\/wp-content\/uploads\/2022\/07\/logo-6.png\",\"contentUrl\":\"https:\/\/pistonaddict.com\/wp-content\/uploads\/2022\/07\/logo-6.png\",\"width\":970,\"height\":200,\"caption\":\"Piston Addict\"},\"image\":{\"@id\":\"https:\/\/pistonaddict.com\/pt-pt\/#\/schema\/logo\/image\/\"}}]}<\/script>\n<!-- \/ Yoast SEO plugin. -->","yoast_head_json":{"title":"de Ferrari 348 TB leil\u00e3o - Piston Addict","robots":{"index":"index","follow":"follow","max-snippet":"max-snippet:-1","max-image-preview":"max-image-preview:large","max-video-preview":"max-video-preview:-1"},"canonical":"https:\/\/pistonaddict.com\/pt-pt\/product\/ferrari-348-tb\/","og_locale":"pt_PT","og_type":"article","og_title":"de Ferrari 348 TB leil\u00e3o - Piston Addict","og_description":"Conduzir um Ferrari \u00e9 sempre uma proposta interessante. Os autom\u00f3veis dos anos 60 s\u00e3o agora demasiado valiosos para serem utilizados na estrada e a gama atual \u00e9 quase demasiado r\u00e1pida para o tr\u00e1fego moderno. No entanto, ainda existem modelos que lhe podem proporcionar toda a emo\u00e7\u00e3o de possuir um autom\u00f3vel desportivo italiano puro-sangue, o rugido de um motor V8 naturalmente aspirado e uma din\u00e2mica de condu\u00e7\u00e3o inigual\u00e1vel. \u00c9 com orgulho que apresentamos um ve\u00edculo em condi\u00e7\u00f5es ideais, com uma excitante liga\u00e7\u00e3o aos desportos motorizados e uma documenta\u00e7\u00e3o insana.","og_url":"https:\/\/pistonaddict.com\/pt-pt\/product\/ferrari-348-tb\/","og_site_name":"Piston Addict","article_modified_time":"2024-03-20T08:41:47+00:00","og_image":[{"width":2560,"height":1709,"url":"https:\/\/pistonaddict.com\/wp-content\/uploads\/2023\/11\/IMG7107-scaled.jpg","type":"image\/jpeg"}],"twitter_card":"summary_large_image","twitter_misc":{"Tempo estimado de leitura":"4 minutos"},"schema":{"@context":"https:\/\/schema.org","@graph":[{"@type":"WebPage","@id":"https:\/\/pistonaddict.com\/pt-pt\/product\/ferrari-348-tb\/","url":"https:\/\/pistonaddict.com\/pt-pt\/product\/ferrari-348-tb\/","name":"de Ferrari 348 TB leil\u00e3o - Piston Addict","isPartOf":{"@id":"https:\/\/pistonaddict.com\/pt-pt\/#website"},"primaryImageOfPage":{"@id":"https:\/\/pistonaddict.com\/pt-pt\/product\/ferrari-348-tb\/#primaryimage"},"image":{"@id":"https:\/\/pistonaddict.com\/pt-pt\/product\/ferrari-348-tb\/#primaryimage"},"thumbnailUrl":"https:\/\/pistonaddict.com\/wp-content\/uploads\/2023\/11\/IMG7107-scaled.jpg","datePublished":"2023-11-07T13:48:12+00:00","dateModified":"2024-03-20T08:41:47+00:00","breadcrumb":{"@id":"https:\/\/pistonaddict.com\/pt-pt\/product\/ferrari-348-tb\/#breadcrumb"},"inLanguage":"pt-PT","potentialAction":[{"@type":"ReadAction","target":["https:\/\/pistonaddict.com\/pt-pt\/product\/ferrari-348-tb\/"]}]},{"@type":"ImageObject","inLanguage":"pt-PT","@id":"https:\/\/pistonaddict.com\/pt-pt\/product\/ferrari-348-tb\/#primaryimage","url":"https:\/\/pistonaddict.com\/wp-content\/uploads\/2023\/11\/IMG7107-scaled.jpg","contentUrl":"https:\/\/pistonaddict.com\/wp-content\/uploads\/2023\/11\/IMG7107-scaled.jpg","width":2560,"height":1709},{"@type":"BreadcrumbList","@id":"https:\/\/pistonaddict.com\/pt-pt\/product\/ferrari-348-tb\/#breadcrumb","itemListElement":[{"@type":"ListItem","position":1,"name":"Rece\u00e7\u00e3o","item":"https:\/\/pistonaddict.com\/pt-pt\/pagina-inicial\/"},{"@type":"ListItem","position":2,"name":"Auctions","item":"https:\/\/pistonaddict.com\/auctions-listing\/"},{"@type":"ListItem","position":3,"name":"Ferrari 348 TB"}]},{"@type":"WebSite","@id":"https:\/\/pistonaddict.com\/pt-pt\/#website","url":"https:\/\/pistonaddict.com\/pt-pt\/","name":"Piston Addict","description":"Only interesting vehicles","publisher":{"@id":"https:\/\/pistonaddict.com\/pt-pt\/#organization"},"potentialAction":[{"@type":"SearchAction","target":{"@type":"EntryPoint","urlTemplate":"https:\/\/pistonaddict.com\/pt-pt\/?s={search_term_string}"},"query-input":"required name=search_term_string"}],"inLanguage":"pt-PT"},{"@type":"Organization","@id":"https:\/\/pistonaddict.com\/pt-pt\/#organization","name":"Piston Addict","url":"https:\/\/pistonaddict.com\/pt-pt\/","logo":{"@type":"ImageObject","inLanguage":"pt-PT","@id":"https:\/\/pistonaddict.com\/pt-pt\/#\/schema\/logo\/image\/","url":"https:\/\/pistonaddict.com\/wp-content\/uploads\/2022\/07\/logo-6.png","contentUrl":"https:\/\/pistonaddict.com\/wp-content\/uploads\/2022\/07\/logo-6.png","width":970,"height":200,"caption":"Piston Addict"},"image":{"@id":"https:\/\/pistonaddict.com\/pt-pt\/#\/schema\/logo\/image\/"}}]}},"_links":{"self":[{"href":"https:\/\/pistonaddict.com\/pt-pt\/wp-json\/wp\/v2\/product\/67055"}],"collection":[{"href":"https:\/\/pistonaddict.com\/pt-pt\/wp-json\/wp\/v2\/product"}],"about":[{"href":"https:\/\/pistonaddict.com\/pt-pt\/wp-json\/wp\/v2\/types\/product"}],"replies":[{"embeddable":true,"href":"https:\/\/pistonaddict.com\/pt-pt\/wp-json\/wp\/v2\/comments?post=67055"}],"wp:featuredmedia":[{"embeddable":true,"href":"https:\/\/pistonaddict.com\/pt-pt\/wp-json\/wp\/v2\/media\/64592"}],"wp:attachment":[{"href":"https:\/\/pistonaddict.com\/pt-pt\/wp-json\/wp\/v2\/media?parent=67055"}],"wp:term":[{"taxonomy":"product_cat","embeddable":true,"href":"https:\/\/pistonaddict.com\/pt-pt\/wp-json\/wp\/v2\/product_cat?post=67055"},{"taxonomy":"product_tag","embeddable":true,"href":"https:\/\/pistonaddict.com\/pt-pt\/wp-json\/wp\/v2\/product_tag?post=67055"}],"curies":[{"name":"wp","href":"https:\/\/api.w.org\/{rel}","templated":true}]}}