{"id":62909,"date":"2023-10-25T19:30:40","date_gmt":"2023-10-25T17:30:40","guid":{"rendered":"https:\/\/pistonaddict.com\/product\/porsche-911-996-targa\/"},"modified":"2024-03-20T09:39:50","modified_gmt":"2024-03-20T08:39:50","slug":"porsche-911-996-targa","status":"publish","type":"product","link":"https:\/\/pistonaddict.com\/pt-pt\/product\/porsche-911-996-targa\/","title":{"rendered":"Porsche 911 (996) Targa"},"content":{"rendered":"<p><strong>Hist\u00f3ria do autom\u00f3vel<\/strong><\/p>\n<p>Este exemplo em particular \u00e9 o 911 Targa, que foi produzido em 2004. O que o torna \u00fanico \u00e9 o facto de o Targa ser, de longe, o mais raro de todos os estilos de carro\u00e7aria do 996; apenas 5.125 autom\u00f3veis foram entregues com tectos de vidro de abertura especial e pilares C diferentes. Com um sedutor tom de azul escuro e um interior de cor clara, este 911 Targa foi entregue novo em Espanha e adquirido pelo atual propriet\u00e1rio em 2023. \u00c9 alimentado por um motor de seis cilindros planos de 3,6 litros, de aspira\u00e7\u00e3o natural, arrefecido a \u00e1gua (uma das controv\u00e9rsias das gera\u00e7\u00f5es 996). No entanto, possui uma caixa manual de 6 velocidades, o que o torna ainda mais raro e indispens\u00e1vel para qualquer colecionador de modelos 911 espec\u00edficos. Com 320 cv e uma carro\u00e7aria leve, este 911 Targa est\u00e1 pronto para atingir os 100 km\/h (62 mph) em apenas 5,2 segundos e atingir os 285 km\/h (177 mph). Curiosamente, a vers\u00e3o manual deste modelo \u00e9 significativamente mais r\u00e1pida do que a vers\u00e3o autom\u00e1tica, o que torna este autom\u00f3vel ainda mais apetec\u00edvel. O facto de ter todas as vantagens de um descapot\u00e1vel, uma excelente visibilidade e uma sensa\u00e7\u00e3o de ar livre com a praticidade e o conforto de um coup\u00e9 transforma este 911 Targa azul numa m\u00e1quina de condu\u00e7\u00e3o muito vers\u00e1til com uma importante banda sonora de seis cilindros e transmiss\u00e3o manual.<\/p>\n<p><strong>Interior<\/strong><\/p>\n<p>Uma vez que se trata de um exemplar com baixa quilometragem, o interior est\u00e1 imaculado, totalmente original e com op\u00e7\u00f5es desej\u00e1veis. Com acabamento em cinzento Savannah, tem um sistema de infotainment, \u00e1udio premium com 6 carregadores de CD (correto para a \u00e9poca), pele e bancos com controlo eletr\u00f3nico. A qualidade do interior Porsche \u00e9 bem conhecida em toda a ind\u00fastria, e este 911 Targa 2004 n\u00e3o \u00e9 diferente. O couro est\u00e1 em perfeitas condi\u00e7\u00f5es; n\u00e3o h\u00e1 riscos no painel de instrumentos, nos cart\u00f5es das portas ou na consola central. Existem tamb\u00e9m bancos traseiros utiliz\u00e1veis, ideais para crian\u00e7as.<\/p>\n<p><strong>Estado<\/strong><\/p>\n<p>Com apenas 39.037 quil\u00f3metros desde novo, este 911 Targa est\u00e1 em condi\u00e7\u00f5es imaculadas e foi cuidadosamente cuidado por todos os seus utilizadores. \u00c9 evidente que o ve\u00edculo foi pouco utilizado e bem conservado, como o demonstram os registos. O propriet\u00e1rio atual \u00e9 um concession\u00e1rio em Espanha e a \u00faltima revis\u00e3o foi efectuada em abril de 2023, tendo os trav\u00f5es sido revistos h\u00e1 apenas alguns dias, em outubro de 2023. A parte de baixo dos Porsches \u00e9 feita de alum\u00ednio, pelo que n\u00e3o enferruja. No entanto, como se pode ver nas \u00faltimas fotografias da parte inferior, h\u00e1 alguma sujidade seca que o vendedor limpar\u00e1 para o comprador quando o leil\u00e3o terminar. O carro est\u00e1 pronto a ser conduzido para qualquer lugar e \u00e9 provavelmente um dos melhores exemplos de 911 996 Targa equipado com manual que alguma vez ter\u00e1 a oportunidade de encontrar.<\/p>\n<p><strong>Exterior e rodas<\/strong><\/p>\n<p>Com uma carro\u00e7aria sem marcas com acabamentos em azul meia-noite e um interior cinzento, este 911 Targa \u00e9 uma m\u00e1quina de aspeto deslumbrante, sem quaisquer riscos, danos ou amolgadelas. O material circulante \u00e9 composto por jantes de 18 polegadas fornecidas de f\u00e1brica, revestidas com borracha de desempenho Bridgestone Potenza. Os pneus s\u00e3o de 2020 e percorreram muito poucos quil\u00f3metros. N\u00e3o foram efectuadas quaisquer modifica\u00e7\u00f5es e este 996 Targa encontra-se no estado em que foi entregue.<\/p>\n<p><strong>Documenta\u00e7\u00e3o<\/strong><\/p>\n<p>Este ve\u00edculo \u00e9 vendido pelo concession\u00e1rio com a documenta\u00e7\u00e3o adequada e est\u00e1 localizado em Espanha. O relat\u00f3rio CarFax est\u00e1 limpo; n\u00e3o existem provas de acidentes, repara\u00e7\u00f5es de acidentes, propriedade ou problemas legais. Existem registos de manuten\u00e7\u00e3o regular, bem como brochuras e recibos originais de f\u00e1brica.<\/p>\n<p><strong>Veja o v\u00eddeo do arranque a frio deste belo Porsche 911 Targa :<\/strong><\/p>\n<p><iframe title=\"Cold Start Video of the Porsche 911 996 Targa for auction sale\" width=\"1200\" height=\"675\" src=\"https:\/\/www.youtube.com\/embed\/pOCqegVAqt8?feature=oembed\" frameborder=\"0\" allow=\"accelerometer; autoplay; clipboard-write; encrypted-media; gyroscope; picture-in-picture; web-share\" allowfullscreen><\/iframe><\/p>\n","protected":false},"excerpt":{"rendered":"<p>A gera\u00e7\u00e3o 996 do vener\u00e1vel Porsche 911 foi muito controversa quando foi lan\u00e7ada no final dos anos 90. No entanto, desde ent\u00e3o, tem sido reconhecido como parte integrante da lenda do 911, um modelo extremamente importante para a empresa e o primeiro 911 da era moderna. Com o seu design carater\u00edstico, uma vasta gama de modelos e especifica\u00e7\u00f5es, os coleccionadores come\u00e7aram a descobrir as verdadeiras j\u00f3ias do 996 911. Hoje, temos o orgulho de apresentar este modelo, uma vers\u00e3o rara com as especifica\u00e7\u00f5es ideais que atrair\u00e1 a aten\u00e7\u00e3o de qualquer entusiasta do 911.<\/p>\n","protected":false},"featured_media":59810,"comment_status":"open","ping_status":"closed","template":"","meta":{"inline_featured_image":false},"product_cat":[735],"product_tag":[2352,2326,2323,956],"acf":[],"yoast_head":"<!-- This site is optimized with the Yoast SEO plugin v22.5 - https:\/\/yoast.com\/wordpress\/plugins\/seo\/ -->\n<title>de Porsche 911 (996) Targa leil\u00e3o - Piston Addict<\/title>\n<meta name=\"robots\" content=\"index, follow, max-snippet:-1, max-image-preview:large, max-video-preview:-1\" \/>\n<link rel=\"canonical\" href=\"https:\/\/pistonaddict.com\/pt-pt\/product\/porsche-911-996-targa\/\" \/>\n<meta property=\"og:locale\" content=\"pt_PT\" \/>\n<meta property=\"og:type\" content=\"article\" \/>\n<meta property=\"og:title\" content=\"de Porsche 911 (996) Targa leil\u00e3o - Piston Addict\" \/>\n<meta property=\"og:description\" content=\"A gera\u00e7\u00e3o 996 do vener\u00e1vel Porsche 911 foi muito controversa quando foi lan\u00e7ada no final dos anos 90. No entanto, desde ent\u00e3o, tem sido reconhecido como parte integrante da lenda do 911, um modelo extremamente importante para a empresa e o primeiro 911 da era moderna. Com o seu design carater\u00edstico, uma vasta gama de modelos e especifica\u00e7\u00f5es, os coleccionadores come\u00e7aram a descobrir as verdadeiras j\u00f3ias do 996 911. Hoje, temos o orgulho de apresentar este modelo, uma vers\u00e3o rara com as especifica\u00e7\u00f5es ideais que atrair\u00e1 a aten\u00e7\u00e3o de qualquer entusiasta do 911.\" \/>\n<meta property=\"og:url\" content=\"https:\/\/pistonaddict.com\/pt-pt\/product\/porsche-911-996-targa\/\" \/>\n<meta property=\"og:site_name\" content=\"Piston Addict\" \/>\n<meta property=\"article:modified_time\" content=\"2024-03-20T08:39:50+00:00\" \/>\n<meta property=\"og:image\" content=\"https:\/\/pistonaddict.com\/wp-content\/uploads\/2023\/10\/image00032-1-scaled.jpeg\" \/>\n\t<meta property=\"og:image:width\" content=\"2560\" \/>\n\t<meta property=\"og:image:height\" content=\"1920\" \/>\n\t<meta property=\"og:image:type\" content=\"image\/jpeg\" \/>\n<meta name=\"twitter:card\" content=\"summary_large_image\" \/>\n<meta name=\"twitter:label1\" content=\"Tempo estimado de leitura\" \/>\n\t<meta name=\"twitter:data1\" content=\"3 minutos\" \/>\n<script type=\"application\/ld+json\" class=\"yoast-schema-graph\">{\"@context\":\"https:\/\/schema.org\",\"@graph\":[{\"@type\":\"WebPage\",\"@id\":\"https:\/\/pistonaddict.com\/pt-pt\/product\/porsche-911-996-targa\/\",\"url\":\"https:\/\/pistonaddict.com\/pt-pt\/product\/porsche-911-996-targa\/\",\"name\":\"de Porsche 911 (996) Targa leil\u00e3o - Piston Addict\",\"isPartOf\":{\"@id\":\"https:\/\/pistonaddict.com\/pt-pt\/#website\"},\"primaryImageOfPage\":{\"@id\":\"https:\/\/pistonaddict.com\/pt-pt\/product\/porsche-911-996-targa\/#primaryimage\"},\"image\":{\"@id\":\"https:\/\/pistonaddict.com\/pt-pt\/product\/porsche-911-996-targa\/#primaryimage\"},\"thumbnailUrl\":\"https:\/\/pistonaddict.com\/wp-content\/uploads\/2023\/10\/image00032-1-scaled.jpeg\",\"datePublished\":\"2023-10-25T17:30:40+00:00\",\"dateModified\":\"2024-03-20T08:39:50+00:00\",\"breadcrumb\":{\"@id\":\"https:\/\/pistonaddict.com\/pt-pt\/product\/porsche-911-996-targa\/#breadcrumb\"},\"inLanguage\":\"pt-PT\",\"potentialAction\":[{\"@type\":\"ReadAction\",\"target\":[\"https:\/\/pistonaddict.com\/pt-pt\/product\/porsche-911-996-targa\/\"]}]},{\"@type\":\"ImageObject\",\"inLanguage\":\"pt-PT\",\"@id\":\"https:\/\/pistonaddict.com\/pt-pt\/product\/porsche-911-996-targa\/#primaryimage\",\"url\":\"https:\/\/pistonaddict.com\/wp-content\/uploads\/2023\/10\/image00032-1-scaled.jpeg\",\"contentUrl\":\"https:\/\/pistonaddict.com\/wp-content\/uploads\/2023\/10\/image00032-1-scaled.jpeg\",\"width\":2560,\"height\":1920},{\"@type\":\"BreadcrumbList\",\"@id\":\"https:\/\/pistonaddict.com\/pt-pt\/product\/porsche-911-996-targa\/#breadcrumb\",\"itemListElement\":[{\"@type\":\"ListItem\",\"position\":1,\"name\":\"Rece\u00e7\u00e3o\",\"item\":\"https:\/\/pistonaddict.com\/pt-pt\/pagina-inicial\/\"},{\"@type\":\"ListItem\",\"position\":2,\"name\":\"Auctions\",\"item\":\"https:\/\/pistonaddict.com\/auctions-listing\/\"},{\"@type\":\"ListItem\",\"position\":3,\"name\":\"Porsche 911 (996) Targa\"}]},{\"@type\":\"WebSite\",\"@id\":\"https:\/\/pistonaddict.com\/pt-pt\/#website\",\"url\":\"https:\/\/pistonaddict.com\/pt-pt\/\",\"name\":\"Piston Addict\",\"description\":\"Only interesting vehicles\",\"publisher\":{\"@id\":\"https:\/\/pistonaddict.com\/pt-pt\/#organization\"},\"potentialAction\":[{\"@type\":\"SearchAction\",\"target\":{\"@type\":\"EntryPoint\",\"urlTemplate\":\"https:\/\/pistonaddict.com\/pt-pt\/?s={search_term_string}\"},\"query-input\":\"required name=search_term_string\"}],\"inLanguage\":\"pt-PT\"},{\"@type\":\"Organization\",\"@id\":\"https:\/\/pistonaddict.com\/pt-pt\/#organization\",\"name\":\"Piston Addict\",\"url\":\"https:\/\/pistonaddict.com\/pt-pt\/\",\"logo\":{\"@type\":\"ImageObject\",\"inLanguage\":\"pt-PT\",\"@id\":\"https:\/\/pistonaddict.com\/pt-pt\/#\/schema\/logo\/image\/\",\"url\":\"https:\/\/pistonaddict.com\/wp-content\/uploads\/2022\/07\/logo-6.png\",\"contentUrl\":\"https:\/\/pistonaddict.com\/wp-content\/uploads\/2022\/07\/logo-6.png\",\"width\":970,\"height\":200,\"caption\":\"Piston Addict\"},\"image\":{\"@id\":\"https:\/\/pistonaddict.com\/pt-pt\/#\/schema\/logo\/image\/\"}}]}<\/script>\n<!-- \/ Yoast SEO plugin. -->","yoast_head_json":{"title":"de Porsche 911 (996) Targa leil\u00e3o - Piston Addict","robots":{"index":"index","follow":"follow","max-snippet":"max-snippet:-1","max-image-preview":"max-image-preview:large","max-video-preview":"max-video-preview:-1"},"canonical":"https:\/\/pistonaddict.com\/pt-pt\/product\/porsche-911-996-targa\/","og_locale":"pt_PT","og_type":"article","og_title":"de Porsche 911 (996) Targa leil\u00e3o - Piston Addict","og_description":"A gera\u00e7\u00e3o 996 do vener\u00e1vel Porsche 911 foi muito controversa quando foi lan\u00e7ada no final dos anos 90. No entanto, desde ent\u00e3o, tem sido reconhecido como parte integrante da lenda do 911, um modelo extremamente importante para a empresa e o primeiro 911 da era moderna. Com o seu design carater\u00edstico, uma vasta gama de modelos e especifica\u00e7\u00f5es, os coleccionadores come\u00e7aram a descobrir as verdadeiras j\u00f3ias do 996 911. Hoje, temos o orgulho de apresentar este modelo, uma vers\u00e3o rara com as especifica\u00e7\u00f5es ideais que atrair\u00e1 a aten\u00e7\u00e3o de qualquer entusiasta do 911.","og_url":"https:\/\/pistonaddict.com\/pt-pt\/product\/porsche-911-996-targa\/","og_site_name":"Piston Addict","article_modified_time":"2024-03-20T08:39:50+00:00","og_image":[{"width":2560,"height":1920,"url":"https:\/\/pistonaddict.com\/wp-content\/uploads\/2023\/10\/image00032-1-scaled.jpeg","type":"image\/jpeg"}],"twitter_card":"summary_large_image","twitter_misc":{"Tempo estimado de leitura":"3 minutos"},"schema":{"@context":"https:\/\/schema.org","@graph":[{"@type":"WebPage","@id":"https:\/\/pistonaddict.com\/pt-pt\/product\/porsche-911-996-targa\/","url":"https:\/\/pistonaddict.com\/pt-pt\/product\/porsche-911-996-targa\/","name":"de Porsche 911 (996) Targa leil\u00e3o - Piston Addict","isPartOf":{"@id":"https:\/\/pistonaddict.com\/pt-pt\/#website"},"primaryImageOfPage":{"@id":"https:\/\/pistonaddict.com\/pt-pt\/product\/porsche-911-996-targa\/#primaryimage"},"image":{"@id":"https:\/\/pistonaddict.com\/pt-pt\/product\/porsche-911-996-targa\/#primaryimage"},"thumbnailUrl":"https:\/\/pistonaddict.com\/wp-content\/uploads\/2023\/10\/image00032-1-scaled.jpeg","datePublished":"2023-10-25T17:30:40+00:00","dateModified":"2024-03-20T08:39:50+00:00","breadcrumb":{"@id":"https:\/\/pistonaddict.com\/pt-pt\/product\/porsche-911-996-targa\/#breadcrumb"},"inLanguage":"pt-PT","potentialAction":[{"@type":"ReadAction","target":["https:\/\/pistonaddict.com\/pt-pt\/product\/porsche-911-996-targa\/"]}]},{"@type":"ImageObject","inLanguage":"pt-PT","@id":"https:\/\/pistonaddict.com\/pt-pt\/product\/porsche-911-996-targa\/#primaryimage","url":"https:\/\/pistonaddict.com\/wp-content\/uploads\/2023\/10\/image00032-1-scaled.jpeg","contentUrl":"https:\/\/pistonaddict.com\/wp-content\/uploads\/2023\/10\/image00032-1-scaled.jpeg","width":2560,"height":1920},{"@type":"BreadcrumbList","@id":"https:\/\/pistonaddict.com\/pt-pt\/product\/porsche-911-996-targa\/#breadcrumb","itemListElement":[{"@type":"ListItem","position":1,"name":"Rece\u00e7\u00e3o","item":"https:\/\/pistonaddict.com\/pt-pt\/pagina-inicial\/"},{"@type":"ListItem","position":2,"name":"Auctions","item":"https:\/\/pistonaddict.com\/auctions-listing\/"},{"@type":"ListItem","position":3,"name":"Porsche 911 (996) Targa"}]},{"@type":"WebSite","@id":"https:\/\/pistonaddict.com\/pt-pt\/#website","url":"https:\/\/pistonaddict.com\/pt-pt\/","name":"Piston Addict","description":"Only interesting vehicles","publisher":{"@id":"https:\/\/pistonaddict.com\/pt-pt\/#organization"},"potentialAction":[{"@type":"SearchAction","target":{"@type":"EntryPoint","urlTemplate":"https:\/\/pistonaddict.com\/pt-pt\/?s={search_term_string}"},"query-input":"required name=search_term_string"}],"inLanguage":"pt-PT"},{"@type":"Organization","@id":"https:\/\/pistonaddict.com\/pt-pt\/#organization","name":"Piston Addict","url":"https:\/\/pistonaddict.com\/pt-pt\/","logo":{"@type":"ImageObject","inLanguage":"pt-PT","@id":"https:\/\/pistonaddict.com\/pt-pt\/#\/schema\/logo\/image\/","url":"https:\/\/pistonaddict.com\/wp-content\/uploads\/2022\/07\/logo-6.png","contentUrl":"https:\/\/pistonaddict.com\/wp-content\/uploads\/2022\/07\/logo-6.png","width":970,"height":200,"caption":"Piston Addict"},"image":{"@id":"https:\/\/pistonaddict.com\/pt-pt\/#\/schema\/logo\/image\/"}}]}},"_links":{"self":[{"href":"https:\/\/pistonaddict.com\/pt-pt\/wp-json\/wp\/v2\/product\/62909"}],"collection":[{"href":"https:\/\/pistonaddict.com\/pt-pt\/wp-json\/wp\/v2\/product"}],"about":[{"href":"https:\/\/pistonaddict.com\/pt-pt\/wp-json\/wp\/v2\/types\/product"}],"replies":[{"embeddable":true,"href":"https:\/\/pistonaddict.com\/pt-pt\/wp-json\/wp\/v2\/comments?post=62909"}],"wp:featuredmedia":[{"embeddable":true,"href":"https:\/\/pistonaddict.com\/pt-pt\/wp-json\/wp\/v2\/media\/59810"}],"wp:attachment":[{"href":"https:\/\/pistonaddict.com\/pt-pt\/wp-json\/wp\/v2\/media?parent=62909"}],"wp:term":[{"taxonomy":"product_cat","embeddable":true,"href":"https:\/\/pistonaddict.com\/pt-pt\/wp-json\/wp\/v2\/product_cat?post=62909"},{"taxonomy":"product_tag","embeddable":true,"href":"https:\/\/pistonaddict.com\/pt-pt\/wp-json\/wp\/v2\/product_tag?post=62909"}],"curies":[{"name":"wp","href":"https:\/\/api.w.org\/{rel}","templated":true}]}}