{"id":55264,"date":"2023-10-13T09:36:04","date_gmt":"2023-10-13T07:36:04","guid":{"rendered":"https:\/\/pistonaddict.com\/product\/porsche-cayman-s-3-4-325-cv\/"},"modified":"2024-03-19T17:03:28","modified_gmt":"2024-03-19T16:03:28","slug":"porsche-cayman-s-3-4-325-cv","status":"publish","type":"product","link":"https:\/\/pistonaddict.com\/pt-pt\/product\/porsche-cayman-s-3-4-325-cv\/","title":{"rendered":"Porsche Cayman S 3.4 325 CV"},"content":{"rendered":"<p><strong>Hist\u00f3ria do autom\u00f3vel<\/strong><\/p>\n<p>Este Cayman S branco de 2016 foi inicialmente vendido na Alemanha, mas mudou-se para It\u00e1lia, onde foi importado pelo atual propriet\u00e1rio, um concession\u00e1rio de autom\u00f3veis desportivos. O ano de 2016 \u00e9 o \u00faltimo da gera\u00e7\u00e3o 981 do Cayman, o que \u00e9 significativo por v\u00e1rias raz\u00f5es. Principalmente porque o Cayman S tem o renovado motor de 3,4 litros e seis cilindros do Porsche 911 Carrera, abordando uma das controv\u00e9rsias mais significativas na comunidade Porsche moderna. Durante anos, circularam rumores de que a Porsche tinha demasiado medo de colocar o motor do 911 no Cayman, receando que este pudesse oferecer uma experi\u00eancia de condu\u00e7\u00e3o ainda melhor. Este \u00e9 o primeiro Cayman que tem efetivamente um motor do 911. Com 325 cv de pot\u00eancia, uma transmiss\u00e3o PDK de 7 velocidades extremamente r\u00e1pida e uma suspens\u00e3o especialmente afinada de f\u00e1brica, o Cayman S de 2016 \u00e9 capaz de atingir os 100 km\/h (60 mph) em apenas 4,8 segundos, a caminho dos 283 km\/h (176 mph) de velocidade m\u00e1xima. No entanto, o que est\u00e1 em causa n\u00e3o s\u00e3o os n\u00fameros, apesar de serem fant\u00e1sticos. O Cayman S tem um motor montado a meio, uma carro\u00e7aria leve, uma dire\u00e7\u00e3o precisa e excelentes trav\u00f5es, raz\u00e3o pela qual deixa tantos propriet\u00e1rios de 911 t\u00e3o nervosos. A combina\u00e7\u00e3o de um motor de alta rota\u00e7\u00e3o e de aspira\u00e7\u00e3o natural, de um chassis \u00e1gil e de uma din\u00e2mica de condu\u00e7\u00e3o perfeita continua a ser considerada pelo p\u00fablico dos autom\u00f3veis desportivos como um dos autom\u00f3veis de condu\u00e7\u00e3o mais ideais de sempre.<\/p>\n<p><strong>Interior<\/strong><\/p>\n<p>Uma vez que este Porsche Cayman S 2016 \u00e9 um exemplar com baixa quilometragem, o interior n\u00e3o tem marcas e est\u00e1 em excelente estado, como esperado. O propriet\u00e1rio original inspecciona-o cuidadosamente com algumas op\u00e7\u00f5es desej\u00e1veis que o pr\u00f3ximo propriet\u00e1rio ir\u00e1 apreciar. Os bancos desportivos ajust\u00e1veis eletronicamente, o sistema de infoentretenimento com ecr\u00e3 digital integrado e o volante multifun\u00e7\u00f5es elevam a experi\u00eancia de condu\u00e7\u00e3o a um novo patamar. A qualidade interior carater\u00edstica da Porsche \u00e9 vis\u00edvel, bem como a sua not\u00e1vel adapta\u00e7\u00e3o e acabamento.<\/p>\n<p><strong>Estado<\/strong><\/p>\n<p>Este Porsche Cayman S imaculado percorreu pouco mais de 33.000 quil\u00f3metros nos \u00faltimos sete anos. Uma quilometragem t\u00e3o baixa, um par de propriet\u00e1rios cuidadosos e registos de manuten\u00e7\u00e3o adequados garantem que o autom\u00f3vel est\u00e1 em perfeitas condi\u00e7\u00f5es. O vendedor \u00e9 um concession\u00e1rio de autom\u00f3veis desportivos muito conceituado em It\u00e1lia e est\u00e1 t\u00e3o confiante no estado geral deste Cayman S que o <strong>autom\u00f3vel tem uma garantia de 12 meses<\/strong>, o que \u00e9 muito importante e distingue este ve\u00edculo de outros semelhantes que possa encontrar \u00e0 venda. Existem registos de manuten\u00e7\u00e3o e servi\u00e7os significativos realizados em 2021.<\/p>\n<p><strong>Exterior e rodas<\/strong><\/p>\n<p>O elegante exterior branco n\u00e3o tem riscos nem amolgadelas, e este carro tem um interessante pormenor gr\u00e1fico nos pain\u00e9is dos balancins, que \u00e9 original de f\u00e1brica e serve para mostrar que este Cayman n\u00e3o \u00e9 um modelo de especifica\u00e7\u00f5es b\u00e1sicas. O aspeto de carro desportivo \u00e9 completado com jantes de 20 polegadas, as mesmas utilizadas no 911 da \u00e9poca, envolvidas em pneus Michelin Pilot Sport 4S quase novos, conhecidos como a escolha dos condutores entusiastas. N\u00e3o h\u00e1 modifica\u00e7\u00f5es e este Cayman est\u00e1 em condi\u00e7\u00f5es originais ideais.<\/p>\n<p><strong>Documenta\u00e7\u00e3o<\/strong><\/p>\n<p>Este ve\u00edculo \u00e9 vendido pelo concession\u00e1rio com a documenta\u00e7\u00e3o adequada e est\u00e1 localizado em It\u00e1lia. O relat\u00f3rio <a href=\"https:\/\/pistonaddict.com\/wp-content\/uploads\/2023\/10\/CARFAX-Vehicle-History-Report-PORSCHE-WP0ZZZ98ZGK181513.pdf\" target=\"_blank\" rel=\"noopener\">CarFax<\/a> est\u00e1 limpo; n\u00e3o existem provas de acidentes, repara\u00e7\u00f5es de acidentes, propriedade ou problemas legais. O vendedor informou-nos, no entanto, que ocorreu um acidente em 2017 com uma mota, tendo o elemento afetado, o cap\u00f4 dianteiro, sido naturalmente reparado. Existem registos de manuten\u00e7\u00e3o regular, bem como brochuras e recibos originais de f\u00e1brica. A garantia de 12 meses do concession\u00e1rio est\u00e1 inclu\u00edda na venda.  <strong>Al\u00e9m disso, se residir na Europa, o vendedor pode encarregar-se do transporte e levar o ve\u00edculo ao seu domic\u00edlio.<\/strong><\/p>\n<p><strong> <\/strong><\/p>\n<p>Veja o v\u00eddeo de descoberta deste belo Porsche Cayman S :<\/p>\n<p><iframe title=\"Video of the Porsche Cayman S for auction sale\" width=\"1200\" height=\"675\" src=\"https:\/\/www.youtube.com\/embed\/-29PE_JnFJM?feature=oembed\" frameborder=\"0\" allow=\"accelerometer; autoplay; clipboard-write; encrypted-media; gyroscope; picture-in-picture; web-share\" allowfullscreen><\/iframe><\/p>\n","protected":false},"excerpt":{"rendered":"<p>Como uma empresa que sempre se esfor\u00e7ou por perseguir a perfei\u00e7\u00e3o dos autom\u00f3veis desportivos, a Porsche respondeu \u00e0s cr\u00edticas da melhor forma poss\u00edvel &#8211; apresentando o modelo de condutor dedicado que \u00e9 universalmente amado e elogiado. Quando a primeira gera\u00e7\u00e3o do Cayman foi lan\u00e7ada, era tudo o que os entusiastas queriam, com 90% da sensa\u00e7\u00e3o do Porsche 911 por 60% do pre\u00e7o. O Cayman era um autom\u00f3vel mais leve, mais preciso e mais envolvente, enquanto a sua vers\u00e3o S era um autom\u00f3vel desportivo perfeitamente equilibrado. Aqui est\u00e1 um exemplo particularmente interessante em condi\u00e7\u00f5es ideais. <strong>\u00c9 necess\u00e1rio <a href=\"https:\/\/pistonaddict.com\/pt-pt\/a-minha-conta\/\">criar uma conta<\/a> para aceder a este leil\u00e3o.<\/strong><\/p>\n","protected":false},"featured_media":55129,"comment_status":"open","ping_status":"closed","template":"","meta":{"inline_featured_image":false},"product_cat":[735],"product_tag":[2288,2286,2284,927],"acf":[],"yoast_head":"<!-- This site is optimized with the Yoast SEO plugin v22.5 - https:\/\/yoast.com\/wordpress\/plugins\/seo\/ -->\n<title>de Porsche Cayman S 3.4 325 CV leil\u00e3o - Piston Addict<\/title>\n<meta name=\"robots\" content=\"index, follow, max-snippet:-1, max-image-preview:large, max-video-preview:-1\" \/>\n<link rel=\"canonical\" href=\"https:\/\/pistonaddict.com\/pt-pt\/product\/porsche-cayman-s-3-4-325-cv\/\" \/>\n<meta property=\"og:locale\" content=\"pt_PT\" \/>\n<meta property=\"og:type\" content=\"article\" \/>\n<meta property=\"og:title\" content=\"de Porsche Cayman S 3.4 325 CV leil\u00e3o - Piston Addict\" \/>\n<meta property=\"og:description\" content=\"Como uma empresa que sempre se esfor\u00e7ou por perseguir a perfei\u00e7\u00e3o dos autom\u00f3veis desportivos, a Porsche respondeu \u00e0s cr\u00edticas da melhor forma poss\u00edvel - apresentando o modelo de condutor dedicado que \u00e9 universalmente amado e elogiado. Quando a primeira gera\u00e7\u00e3o do Cayman foi lan\u00e7ada, era tudo o que os entusiastas queriam, com 90% da sensa\u00e7\u00e3o do Porsche 911 por 60% do pre\u00e7o. O Cayman era um autom\u00f3vel mais leve, mais preciso e mais envolvente, enquanto a sua vers\u00e3o S era um autom\u00f3vel desportivo perfeitamente equilibrado. Aqui est\u00e1 um exemplo particularmente interessante em condi\u00e7\u00f5es ideais. \u00c9 necess\u00e1rio criar uma conta para aceder a este leil\u00e3o.\" \/>\n<meta property=\"og:url\" content=\"https:\/\/pistonaddict.com\/pt-pt\/product\/porsche-cayman-s-3-4-325-cv\/\" \/>\n<meta property=\"og:site_name\" content=\"Piston Addict\" \/>\n<meta property=\"article:modified_time\" content=\"2024-03-19T16:03:28+00:00\" \/>\n<meta property=\"og:image\" content=\"https:\/\/pistonaddict.com\/wp-content\/uploads\/2023\/10\/CAYMAN-1.png\" \/>\n\t<meta property=\"og:image:width\" content=\"1887\" \/>\n\t<meta property=\"og:image:height\" content=\"781\" \/>\n\t<meta property=\"og:image:type\" content=\"image\/png\" \/>\n<meta name=\"twitter:card\" content=\"summary_large_image\" \/>\n<meta name=\"twitter:label1\" content=\"Tempo estimado de leitura\" \/>\n\t<meta name=\"twitter:data1\" content=\"3 minutos\" \/>\n<script type=\"application\/ld+json\" class=\"yoast-schema-graph\">{\"@context\":\"https:\/\/schema.org\",\"@graph\":[{\"@type\":\"WebPage\",\"@id\":\"https:\/\/pistonaddict.com\/pt-pt\/product\/porsche-cayman-s-3-4-325-cv\/\",\"url\":\"https:\/\/pistonaddict.com\/pt-pt\/product\/porsche-cayman-s-3-4-325-cv\/\",\"name\":\"de Porsche Cayman S 3.4 325 CV leil\u00e3o - Piston Addict\",\"isPartOf\":{\"@id\":\"https:\/\/pistonaddict.com\/pt-pt\/#website\"},\"primaryImageOfPage\":{\"@id\":\"https:\/\/pistonaddict.com\/pt-pt\/product\/porsche-cayman-s-3-4-325-cv\/#primaryimage\"},\"image\":{\"@id\":\"https:\/\/pistonaddict.com\/pt-pt\/product\/porsche-cayman-s-3-4-325-cv\/#primaryimage\"},\"thumbnailUrl\":\"https:\/\/pistonaddict.com\/wp-content\/uploads\/2023\/10\/CAYMAN-1.png\",\"datePublished\":\"2023-10-13T07:36:04+00:00\",\"dateModified\":\"2024-03-19T16:03:28+00:00\",\"breadcrumb\":{\"@id\":\"https:\/\/pistonaddict.com\/pt-pt\/product\/porsche-cayman-s-3-4-325-cv\/#breadcrumb\"},\"inLanguage\":\"pt-PT\",\"potentialAction\":[{\"@type\":\"ReadAction\",\"target\":[\"https:\/\/pistonaddict.com\/pt-pt\/product\/porsche-cayman-s-3-4-325-cv\/\"]}]},{\"@type\":\"ImageObject\",\"inLanguage\":\"pt-PT\",\"@id\":\"https:\/\/pistonaddict.com\/pt-pt\/product\/porsche-cayman-s-3-4-325-cv\/#primaryimage\",\"url\":\"https:\/\/pistonaddict.com\/wp-content\/uploads\/2023\/10\/CAYMAN-1.png\",\"contentUrl\":\"https:\/\/pistonaddict.com\/wp-content\/uploads\/2023\/10\/CAYMAN-1.png\",\"width\":1887,\"height\":781},{\"@type\":\"BreadcrumbList\",\"@id\":\"https:\/\/pistonaddict.com\/pt-pt\/product\/porsche-cayman-s-3-4-325-cv\/#breadcrumb\",\"itemListElement\":[{\"@type\":\"ListItem\",\"position\":1,\"name\":\"Rece\u00e7\u00e3o\",\"item\":\"https:\/\/pistonaddict.com\/pt-pt\/pagina-inicial\/\"},{\"@type\":\"ListItem\",\"position\":2,\"name\":\"Auctions\",\"item\":\"https:\/\/pistonaddict.com\/auctions-listing\/\"},{\"@type\":\"ListItem\",\"position\":3,\"name\":\"Porsche Cayman S 3.4 325 CV\"}]},{\"@type\":\"WebSite\",\"@id\":\"https:\/\/pistonaddict.com\/pt-pt\/#website\",\"url\":\"https:\/\/pistonaddict.com\/pt-pt\/\",\"name\":\"Piston Addict\",\"description\":\"Only interesting vehicles\",\"publisher\":{\"@id\":\"https:\/\/pistonaddict.com\/pt-pt\/#organization\"},\"potentialAction\":[{\"@type\":\"SearchAction\",\"target\":{\"@type\":\"EntryPoint\",\"urlTemplate\":\"https:\/\/pistonaddict.com\/pt-pt\/?s={search_term_string}\"},\"query-input\":\"required name=search_term_string\"}],\"inLanguage\":\"pt-PT\"},{\"@type\":\"Organization\",\"@id\":\"https:\/\/pistonaddict.com\/pt-pt\/#organization\",\"name\":\"Piston Addict\",\"url\":\"https:\/\/pistonaddict.com\/pt-pt\/\",\"logo\":{\"@type\":\"ImageObject\",\"inLanguage\":\"pt-PT\",\"@id\":\"https:\/\/pistonaddict.com\/pt-pt\/#\/schema\/logo\/image\/\",\"url\":\"https:\/\/pistonaddict.com\/wp-content\/uploads\/2022\/07\/logo-6.png\",\"contentUrl\":\"https:\/\/pistonaddict.com\/wp-content\/uploads\/2022\/07\/logo-6.png\",\"width\":970,\"height\":200,\"caption\":\"Piston Addict\"},\"image\":{\"@id\":\"https:\/\/pistonaddict.com\/pt-pt\/#\/schema\/logo\/image\/\"}}]}<\/script>\n<!-- \/ Yoast SEO plugin. -->","yoast_head_json":{"title":"de Porsche Cayman S 3.4 325 CV leil\u00e3o - Piston Addict","robots":{"index":"index","follow":"follow","max-snippet":"max-snippet:-1","max-image-preview":"max-image-preview:large","max-video-preview":"max-video-preview:-1"},"canonical":"https:\/\/pistonaddict.com\/pt-pt\/product\/porsche-cayman-s-3-4-325-cv\/","og_locale":"pt_PT","og_type":"article","og_title":"de Porsche Cayman S 3.4 325 CV leil\u00e3o - Piston Addict","og_description":"Como uma empresa que sempre se esfor\u00e7ou por perseguir a perfei\u00e7\u00e3o dos autom\u00f3veis desportivos, a Porsche respondeu \u00e0s cr\u00edticas da melhor forma poss\u00edvel - apresentando o modelo de condutor dedicado que \u00e9 universalmente amado e elogiado. Quando a primeira gera\u00e7\u00e3o do Cayman foi lan\u00e7ada, era tudo o que os entusiastas queriam, com 90% da sensa\u00e7\u00e3o do Porsche 911 por 60% do pre\u00e7o. O Cayman era um autom\u00f3vel mais leve, mais preciso e mais envolvente, enquanto a sua vers\u00e3o S era um autom\u00f3vel desportivo perfeitamente equilibrado. Aqui est\u00e1 um exemplo particularmente interessante em condi\u00e7\u00f5es ideais. \u00c9 necess\u00e1rio criar uma conta para aceder a este leil\u00e3o.","og_url":"https:\/\/pistonaddict.com\/pt-pt\/product\/porsche-cayman-s-3-4-325-cv\/","og_site_name":"Piston Addict","article_modified_time":"2024-03-19T16:03:28+00:00","og_image":[{"width":1887,"height":781,"url":"https:\/\/pistonaddict.com\/wp-content\/uploads\/2023\/10\/CAYMAN-1.png","type":"image\/png"}],"twitter_card":"summary_large_image","twitter_misc":{"Tempo estimado de leitura":"3 minutos"},"schema":{"@context":"https:\/\/schema.org","@graph":[{"@type":"WebPage","@id":"https:\/\/pistonaddict.com\/pt-pt\/product\/porsche-cayman-s-3-4-325-cv\/","url":"https:\/\/pistonaddict.com\/pt-pt\/product\/porsche-cayman-s-3-4-325-cv\/","name":"de Porsche Cayman S 3.4 325 CV leil\u00e3o - Piston Addict","isPartOf":{"@id":"https:\/\/pistonaddict.com\/pt-pt\/#website"},"primaryImageOfPage":{"@id":"https:\/\/pistonaddict.com\/pt-pt\/product\/porsche-cayman-s-3-4-325-cv\/#primaryimage"},"image":{"@id":"https:\/\/pistonaddict.com\/pt-pt\/product\/porsche-cayman-s-3-4-325-cv\/#primaryimage"},"thumbnailUrl":"https:\/\/pistonaddict.com\/wp-content\/uploads\/2023\/10\/CAYMAN-1.png","datePublished":"2023-10-13T07:36:04+00:00","dateModified":"2024-03-19T16:03:28+00:00","breadcrumb":{"@id":"https:\/\/pistonaddict.com\/pt-pt\/product\/porsche-cayman-s-3-4-325-cv\/#breadcrumb"},"inLanguage":"pt-PT","potentialAction":[{"@type":"ReadAction","target":["https:\/\/pistonaddict.com\/pt-pt\/product\/porsche-cayman-s-3-4-325-cv\/"]}]},{"@type":"ImageObject","inLanguage":"pt-PT","@id":"https:\/\/pistonaddict.com\/pt-pt\/product\/porsche-cayman-s-3-4-325-cv\/#primaryimage","url":"https:\/\/pistonaddict.com\/wp-content\/uploads\/2023\/10\/CAYMAN-1.png","contentUrl":"https:\/\/pistonaddict.com\/wp-content\/uploads\/2023\/10\/CAYMAN-1.png","width":1887,"height":781},{"@type":"BreadcrumbList","@id":"https:\/\/pistonaddict.com\/pt-pt\/product\/porsche-cayman-s-3-4-325-cv\/#breadcrumb","itemListElement":[{"@type":"ListItem","position":1,"name":"Rece\u00e7\u00e3o","item":"https:\/\/pistonaddict.com\/pt-pt\/pagina-inicial\/"},{"@type":"ListItem","position":2,"name":"Auctions","item":"https:\/\/pistonaddict.com\/auctions-listing\/"},{"@type":"ListItem","position":3,"name":"Porsche Cayman S 3.4 325 CV"}]},{"@type":"WebSite","@id":"https:\/\/pistonaddict.com\/pt-pt\/#website","url":"https:\/\/pistonaddict.com\/pt-pt\/","name":"Piston Addict","description":"Only interesting vehicles","publisher":{"@id":"https:\/\/pistonaddict.com\/pt-pt\/#organization"},"potentialAction":[{"@type":"SearchAction","target":{"@type":"EntryPoint","urlTemplate":"https:\/\/pistonaddict.com\/pt-pt\/?s={search_term_string}"},"query-input":"required name=search_term_string"}],"inLanguage":"pt-PT"},{"@type":"Organization","@id":"https:\/\/pistonaddict.com\/pt-pt\/#organization","name":"Piston Addict","url":"https:\/\/pistonaddict.com\/pt-pt\/","logo":{"@type":"ImageObject","inLanguage":"pt-PT","@id":"https:\/\/pistonaddict.com\/pt-pt\/#\/schema\/logo\/image\/","url":"https:\/\/pistonaddict.com\/wp-content\/uploads\/2022\/07\/logo-6.png","contentUrl":"https:\/\/pistonaddict.com\/wp-content\/uploads\/2022\/07\/logo-6.png","width":970,"height":200,"caption":"Piston Addict"},"image":{"@id":"https:\/\/pistonaddict.com\/pt-pt\/#\/schema\/logo\/image\/"}}]}},"_links":{"self":[{"href":"https:\/\/pistonaddict.com\/pt-pt\/wp-json\/wp\/v2\/product\/55264"}],"collection":[{"href":"https:\/\/pistonaddict.com\/pt-pt\/wp-json\/wp\/v2\/product"}],"about":[{"href":"https:\/\/pistonaddict.com\/pt-pt\/wp-json\/wp\/v2\/types\/product"}],"replies":[{"embeddable":true,"href":"https:\/\/pistonaddict.com\/pt-pt\/wp-json\/wp\/v2\/comments?post=55264"}],"wp:featuredmedia":[{"embeddable":true,"href":"https:\/\/pistonaddict.com\/pt-pt\/wp-json\/wp\/v2\/media\/55129"}],"wp:attachment":[{"href":"https:\/\/pistonaddict.com\/pt-pt\/wp-json\/wp\/v2\/media?parent=55264"}],"wp:term":[{"taxonomy":"product_cat","embeddable":true,"href":"https:\/\/pistonaddict.com\/pt-pt\/wp-json\/wp\/v2\/product_cat?post=55264"},{"taxonomy":"product_tag","embeddable":true,"href":"https:\/\/pistonaddict.com\/pt-pt\/wp-json\/wp\/v2\/product_tag?post=55264"}],"curies":[{"name":"wp","href":"https:\/\/api.w.org\/{rel}","templated":true}]}}