{"id":53492,"date":"2023-10-06T11:28:15","date_gmt":"2023-10-06T09:28:15","guid":{"rendered":"https:\/\/pistonaddict.com\/product\/porsche-911-carrera-2-cabrio-997\/"},"modified":"2023-12-20T09:49:48","modified_gmt":"2023-12-20T08:49:48","slug":"porsche-911-carrera-2-cabrio-997","status":"publish","type":"product","link":"https:\/\/pistonaddict.com\/pt-pt\/product\/porsche-911-carrera-2-cabrio-997\/","title":{"rendered":"Porsche 911 Carrera 2 Cabrio (997)"},"content":{"rendered":"<p><strong>Hist\u00f3ria do autom\u00f3vel<\/strong><\/p>\n<p>Este Porsche 911 Carrera 2 Cabrio &#8220;Guards Red&#8221; foi produzido em dezembro de 2006 e vendido novo em Espanha, onde passou toda a sua vida. O atual propriet\u00e1rio adquiriu-a em 2021. Este descapot\u00e1vel \u00e9 um excelente exemplo do modelo Carrera 2 da gera\u00e7\u00e3o 997, que \u00e9 conhecido pela sua constru\u00e7\u00e3o leve, motores de alta rota\u00e7\u00e3o e sensa\u00e7\u00e3o de condu\u00e7\u00e3o sem compromissos. Os puristas da Porsche criticaram frequentemente os modelos 911 subsequentes por serem demasiado grandes e pesados, mas todos concordaram que o 997 era o \u00faltimo da linha cl\u00e1ssica de autom\u00f3veis. Oferece um chassis \u00e1gil, motores de aspira\u00e7\u00e3o natural, som carater\u00edstico e um manuseamento \u00fanico, especialmente na forma RWD, como este. Este exemplar \u00e9 <strong>alimentado por um<\/strong> <strong>motor<\/strong> <strong>de 3,6 litros<\/strong> e <strong>seis cilindros planos que debita 325 cv<\/strong> e um desempenho mais do que respeit\u00e1vel. O sprint dos 0 aos 100 km\/h \u00e9 poss\u00edvel em apenas 4,8 segundos, com uma velocidade m\u00e1xima superior a 280 km\/h (177 mph). No entanto, o essencial \u00e9 a caixa manual de 6 velocidades, que transforma imediatamente este cabriolet vermelho de apenas mais um 911 numa rara pe\u00e7a de cole\u00e7\u00e3o. O manual \u00e9 uma op\u00e7\u00e3o muito desej\u00e1vel que n\u00e3o s\u00f3 ajuda o autom\u00f3vel a atingir todo o seu potencial de desempenho, como tamb\u00e9m torna cada condu\u00e7\u00e3o numa experi\u00eancia inesquec\u00edvel.<\/p>\n<p><strong>Interior<\/strong><\/p>\n<p>O interior &#8220;Natural Brown&#8221; combina de forma impressionante com o exterior vermelho e distingue ainda mais este exemplar dos restantes modelos 911. O interior est\u00e1 em condi\u00e7\u00f5es imaculadas, sem riscos nos bancos de couro. Tamb\u00e9m est\u00e1 bem equipado com bancos desportivos opcionais, um sistema \u00e1udio Bose e um volante a condizer. O \u00fanico item n\u00e3o original \u00e9 a unidade principal Kenwood com ecr\u00e3 t\u00e1til, mas a atualiza\u00e7\u00e3o de bom gosto enquadra-se perfeitamente no design do painel de instrumentos. Apesar de este descapot\u00e1vel ter sido conduzido como um cruzeiro de fim de semana na solarenga Espanha, n\u00e3o h\u00e1 sinais de danos causados pelo sol no deslumbrante interior em pele bronzeada.<\/p>\n<p><strong>Estado<\/strong><\/p>\n<p>Com apenas 43.000 quil\u00f3metros de novo, o estado geral do carro \u00e9 impec\u00e1vel, sem acidentes ou danos no ve\u00edculo. A \u00faltima revis\u00e3o do motor foi realizada em 2022, enquanto os trav\u00f5es foram revistos em outubro de 2023. O carro foi cuidadosamente limpo e foi efectuada uma an\u00e1lise do \u00f3leo, que mostrou que o motor e a unidade de tra\u00e7\u00e3o estavam em condi\u00e7\u00f5es ideais. Os 911s sempre tiveram uma reputa\u00e7\u00e3o de qualidade e, quando corretamente mantidos e cuidadosamente conservados, como \u00e9 o caso deste, podem durar uma vida inteira.<\/p>\n<p><strong>Exterior e rodas  <\/strong><\/p>\n<p>A carro\u00e7aria vermelha est\u00e1 em perfeito estado, sem riscos ou amolgadelas, e a capota descapot\u00e1vel n\u00e3o apresenta danos. A combina\u00e7\u00e3o de cores \u00e9 soberba e faz com que este exemplar se destaque da multid\u00e3o. Este 911 Carrera 2 tem jantes &#8220;Lobster Claw&#8221; de 19 polegadas com a assinatura da Porsche e pneus Michelin Pilot Sport novinhos em folha.<\/p>\n<p><strong>Documenta\u00e7\u00e3o:<\/strong><\/p>\n<p>Este ve\u00edculo \u00e9 vendido pelo concession\u00e1rio com a documenta\u00e7\u00e3o adequada situado em Espanha. O relat\u00f3rio CarFax est\u00e1 limpo; n\u00e3o existem provas de acidentes, repara\u00e7\u00f5es de acidentes, propriedade ou problemas legais. Existem registos de manuten\u00e7\u00e3o regular, bem como brochuras e recibos originais de f\u00e1brica. A inspe\u00e7\u00e3o t\u00e9cnica espanhola (ITV) est\u00e1 inclu\u00edda na documenta\u00e7\u00e3o e o carro foi aprovado com distin\u00e7\u00e3o. Verifique o <a href=\"https:\/\/pistonaddict.com\/wp-content\/uploads\/2023\/10\/CARFAX-Vehicle-History-Report-PORSCHE-911.pdf\">documento CarFax<\/a> deste belo Porsche 911 Carrera descapot\u00e1vel.<\/p>\n<p><strong>Para aceder ao leil\u00e3o deste ve\u00edculo de qualidade superior, \u00e9 necess\u00e1rio um cart\u00e3o de cr\u00e9dito (libertado automaticamente).<\/strong><\/p>\n<p>Veja o v\u00eddeo do arranque a frio deste belo Porsche 911 Carrera descapot\u00e1vel :<\/p>\n<p><iframe title=\"Cold Start Video of the Porsche 911 Carrera Cabrio 325 CV\" width=\"1200\" height=\"675\" src=\"https:\/\/www.youtube.com\/embed\/FNuC3o32Erw?feature=oembed\" frameborder=\"0\" allow=\"accelerometer; autoplay; clipboard-write; encrypted-media; gyroscope; picture-in-picture; web-share\" allowfullscreen><\/iframe><\/p>\n","protected":false},"excerpt":{"rendered":"<p>O Porsche 911 ocupa um lugar especial no mundo dos autom\u00f3veis desportivos. J\u00e1 n\u00e3o \u00e9 visto apenas como um ve\u00edculo, uma vez que transcende os limites da ind\u00fastria autom\u00f3vel e tornou-se um s\u00edmbolo cultural e uma forma reconhecida mundialmente. Ao longo das suas gera\u00e7\u00f5es, o 911 evoluiu de um pequeno coup\u00e9 desportivo para o luxuoso autom\u00f3vel GT dos nossos dias. No entanto, suponha que deseja aquela sensa\u00e7\u00e3o essencial do 911, um ronco de motor boxer naturalmente aspirado e uma sensa\u00e7\u00e3o de condu\u00e7\u00e3o pura. Nesse caso, a gera\u00e7\u00e3o 997 \u00e9 a \u00faltima a oferecer todas essas virtudes cl\u00e1ssicas desej\u00e1veis numa embalagem moderna. \u00c9 a perfei\u00e7\u00e3o sobre quatro rodas em forma de descapot\u00e1vel e com transmiss\u00e3o manual.<\/p>\n","protected":false},"featured_media":53276,"comment_status":"open","ping_status":"closed","template":"","meta":{"inline_featured_image":false},"product_cat":[735],"product_tag":[2113,870,2110,2111,869,956],"acf":[],"yoast_head":"<!-- This site is optimized with the Yoast SEO plugin v22.5 - https:\/\/yoast.com\/wordpress\/plugins\/seo\/ -->\n<title>de Porsche 911 Carrera 2 Cabrio (997) leil\u00e3o - Piston Addict<\/title>\n<meta name=\"robots\" content=\"index, follow, max-snippet:-1, max-image-preview:large, max-video-preview:-1\" \/>\n<link rel=\"canonical\" href=\"https:\/\/pistonaddict.com\/pt-pt\/product\/porsche-911-carrera-2-cabrio-997\/\" \/>\n<meta property=\"og:locale\" content=\"pt_PT\" \/>\n<meta property=\"og:type\" content=\"article\" \/>\n<meta property=\"og:title\" content=\"de Porsche 911 Carrera 2 Cabrio (997) leil\u00e3o - Piston Addict\" \/>\n<meta property=\"og:description\" content=\"O Porsche 911 ocupa um lugar especial no mundo dos autom\u00f3veis desportivos. J\u00e1 n\u00e3o \u00e9 visto apenas como um ve\u00edculo, uma vez que transcende os limites da ind\u00fastria autom\u00f3vel e tornou-se um s\u00edmbolo cultural e uma forma reconhecida mundialmente. Ao longo das suas gera\u00e7\u00f5es, o 911 evoluiu de um pequeno coup\u00e9 desportivo para o luxuoso autom\u00f3vel GT dos nossos dias. No entanto, suponha que deseja aquela sensa\u00e7\u00e3o essencial do 911, um ronco de motor boxer naturalmente aspirado e uma sensa\u00e7\u00e3o de condu\u00e7\u00e3o pura. Nesse caso, a gera\u00e7\u00e3o 997 \u00e9 a \u00faltima a oferecer todas essas virtudes cl\u00e1ssicas desej\u00e1veis numa embalagem moderna. \u00c9 a perfei\u00e7\u00e3o sobre quatro rodas em forma de descapot\u00e1vel e com transmiss\u00e3o manual.\" \/>\n<meta property=\"og:url\" content=\"https:\/\/pistonaddict.com\/pt-pt\/product\/porsche-911-carrera-2-cabrio-997\/\" \/>\n<meta property=\"og:site_name\" content=\"Piston Addict\" \/>\n<meta property=\"article:modified_time\" content=\"2023-12-20T08:49:48+00:00\" \/>\n<meta property=\"og:image\" content=\"https:\/\/pistonaddict.com\/wp-content\/uploads\/2023\/10\/20220624_201726_resized-copia.jpg\" \/>\n\t<meta property=\"og:image:width\" content=\"1008\" \/>\n\t<meta property=\"og:image:height\" content=\"567\" \/>\n\t<meta property=\"og:image:type\" content=\"image\/jpeg\" \/>\n<meta name=\"twitter:card\" content=\"summary_large_image\" \/>\n<meta name=\"twitter:label1\" content=\"Tempo estimado de leitura\" \/>\n\t<meta name=\"twitter:data1\" content=\"3 minutos\" \/>\n<script type=\"application\/ld+json\" class=\"yoast-schema-graph\">{\"@context\":\"https:\/\/schema.org\",\"@graph\":[{\"@type\":\"WebPage\",\"@id\":\"https:\/\/pistonaddict.com\/pt-pt\/product\/porsche-911-carrera-2-cabrio-997\/\",\"url\":\"https:\/\/pistonaddict.com\/pt-pt\/product\/porsche-911-carrera-2-cabrio-997\/\",\"name\":\"de Porsche 911 Carrera 2 Cabrio (997) leil\u00e3o - Piston Addict\",\"isPartOf\":{\"@id\":\"https:\/\/pistonaddict.com\/pt-pt\/#website\"},\"primaryImageOfPage\":{\"@id\":\"https:\/\/pistonaddict.com\/pt-pt\/product\/porsche-911-carrera-2-cabrio-997\/#primaryimage\"},\"image\":{\"@id\":\"https:\/\/pistonaddict.com\/pt-pt\/product\/porsche-911-carrera-2-cabrio-997\/#primaryimage\"},\"thumbnailUrl\":\"https:\/\/pistonaddict.com\/wp-content\/uploads\/2023\/10\/20220624_201726_resized-copia.jpg\",\"datePublished\":\"2023-10-06T09:28:15+00:00\",\"dateModified\":\"2023-12-20T08:49:48+00:00\",\"breadcrumb\":{\"@id\":\"https:\/\/pistonaddict.com\/pt-pt\/product\/porsche-911-carrera-2-cabrio-997\/#breadcrumb\"},\"inLanguage\":\"pt-PT\",\"potentialAction\":[{\"@type\":\"ReadAction\",\"target\":[\"https:\/\/pistonaddict.com\/pt-pt\/product\/porsche-911-carrera-2-cabrio-997\/\"]}]},{\"@type\":\"ImageObject\",\"inLanguage\":\"pt-PT\",\"@id\":\"https:\/\/pistonaddict.com\/pt-pt\/product\/porsche-911-carrera-2-cabrio-997\/#primaryimage\",\"url\":\"https:\/\/pistonaddict.com\/wp-content\/uploads\/2023\/10\/20220624_201726_resized-copia.jpg\",\"contentUrl\":\"https:\/\/pistonaddict.com\/wp-content\/uploads\/2023\/10\/20220624_201726_resized-copia.jpg\",\"width\":1008,\"height\":567},{\"@type\":\"BreadcrumbList\",\"@id\":\"https:\/\/pistonaddict.com\/pt-pt\/product\/porsche-911-carrera-2-cabrio-997\/#breadcrumb\",\"itemListElement\":[{\"@type\":\"ListItem\",\"position\":1,\"name\":\"Rece\u00e7\u00e3o\",\"item\":\"https:\/\/pistonaddict.com\/pt-pt\/pagina-inicial\/\"},{\"@type\":\"ListItem\",\"position\":2,\"name\":\"Auctions\",\"item\":\"https:\/\/pistonaddict.com\/auctions-listing\/\"},{\"@type\":\"ListItem\",\"position\":3,\"name\":\"Porsche 911 Carrera 2 Cabrio (997)\"}]},{\"@type\":\"WebSite\",\"@id\":\"https:\/\/pistonaddict.com\/pt-pt\/#website\",\"url\":\"https:\/\/pistonaddict.com\/pt-pt\/\",\"name\":\"Piston Addict\",\"description\":\"Only interesting vehicles\",\"publisher\":{\"@id\":\"https:\/\/pistonaddict.com\/pt-pt\/#organization\"},\"potentialAction\":[{\"@type\":\"SearchAction\",\"target\":{\"@type\":\"EntryPoint\",\"urlTemplate\":\"https:\/\/pistonaddict.com\/pt-pt\/?s={search_term_string}\"},\"query-input\":\"required name=search_term_string\"}],\"inLanguage\":\"pt-PT\"},{\"@type\":\"Organization\",\"@id\":\"https:\/\/pistonaddict.com\/pt-pt\/#organization\",\"name\":\"Piston Addict\",\"url\":\"https:\/\/pistonaddict.com\/pt-pt\/\",\"logo\":{\"@type\":\"ImageObject\",\"inLanguage\":\"pt-PT\",\"@id\":\"https:\/\/pistonaddict.com\/pt-pt\/#\/schema\/logo\/image\/\",\"url\":\"https:\/\/pistonaddict.com\/wp-content\/uploads\/2022\/07\/logo-6.png\",\"contentUrl\":\"https:\/\/pistonaddict.com\/wp-content\/uploads\/2022\/07\/logo-6.png\",\"width\":970,\"height\":200,\"caption\":\"Piston Addict\"},\"image\":{\"@id\":\"https:\/\/pistonaddict.com\/pt-pt\/#\/schema\/logo\/image\/\"}}]}<\/script>\n<!-- \/ Yoast SEO plugin. -->","yoast_head_json":{"title":"de Porsche 911 Carrera 2 Cabrio (997) leil\u00e3o - Piston Addict","robots":{"index":"index","follow":"follow","max-snippet":"max-snippet:-1","max-image-preview":"max-image-preview:large","max-video-preview":"max-video-preview:-1"},"canonical":"https:\/\/pistonaddict.com\/pt-pt\/product\/porsche-911-carrera-2-cabrio-997\/","og_locale":"pt_PT","og_type":"article","og_title":"de Porsche 911 Carrera 2 Cabrio (997) leil\u00e3o - Piston Addict","og_description":"O Porsche 911 ocupa um lugar especial no mundo dos autom\u00f3veis desportivos. J\u00e1 n\u00e3o \u00e9 visto apenas como um ve\u00edculo, uma vez que transcende os limites da ind\u00fastria autom\u00f3vel e tornou-se um s\u00edmbolo cultural e uma forma reconhecida mundialmente. Ao longo das suas gera\u00e7\u00f5es, o 911 evoluiu de um pequeno coup\u00e9 desportivo para o luxuoso autom\u00f3vel GT dos nossos dias. No entanto, suponha que deseja aquela sensa\u00e7\u00e3o essencial do 911, um ronco de motor boxer naturalmente aspirado e uma sensa\u00e7\u00e3o de condu\u00e7\u00e3o pura. Nesse caso, a gera\u00e7\u00e3o 997 \u00e9 a \u00faltima a oferecer todas essas virtudes cl\u00e1ssicas desej\u00e1veis numa embalagem moderna. \u00c9 a perfei\u00e7\u00e3o sobre quatro rodas em forma de descapot\u00e1vel e com transmiss\u00e3o manual.","og_url":"https:\/\/pistonaddict.com\/pt-pt\/product\/porsche-911-carrera-2-cabrio-997\/","og_site_name":"Piston Addict","article_modified_time":"2023-12-20T08:49:48+00:00","og_image":[{"width":1008,"height":567,"url":"https:\/\/pistonaddict.com\/wp-content\/uploads\/2023\/10\/20220624_201726_resized-copia.jpg","type":"image\/jpeg"}],"twitter_card":"summary_large_image","twitter_misc":{"Tempo estimado de leitura":"3 minutos"},"schema":{"@context":"https:\/\/schema.org","@graph":[{"@type":"WebPage","@id":"https:\/\/pistonaddict.com\/pt-pt\/product\/porsche-911-carrera-2-cabrio-997\/","url":"https:\/\/pistonaddict.com\/pt-pt\/product\/porsche-911-carrera-2-cabrio-997\/","name":"de Porsche 911 Carrera 2 Cabrio (997) leil\u00e3o - Piston Addict","isPartOf":{"@id":"https:\/\/pistonaddict.com\/pt-pt\/#website"},"primaryImageOfPage":{"@id":"https:\/\/pistonaddict.com\/pt-pt\/product\/porsche-911-carrera-2-cabrio-997\/#primaryimage"},"image":{"@id":"https:\/\/pistonaddict.com\/pt-pt\/product\/porsche-911-carrera-2-cabrio-997\/#primaryimage"},"thumbnailUrl":"https:\/\/pistonaddict.com\/wp-content\/uploads\/2023\/10\/20220624_201726_resized-copia.jpg","datePublished":"2023-10-06T09:28:15+00:00","dateModified":"2023-12-20T08:49:48+00:00","breadcrumb":{"@id":"https:\/\/pistonaddict.com\/pt-pt\/product\/porsche-911-carrera-2-cabrio-997\/#breadcrumb"},"inLanguage":"pt-PT","potentialAction":[{"@type":"ReadAction","target":["https:\/\/pistonaddict.com\/pt-pt\/product\/porsche-911-carrera-2-cabrio-997\/"]}]},{"@type":"ImageObject","inLanguage":"pt-PT","@id":"https:\/\/pistonaddict.com\/pt-pt\/product\/porsche-911-carrera-2-cabrio-997\/#primaryimage","url":"https:\/\/pistonaddict.com\/wp-content\/uploads\/2023\/10\/20220624_201726_resized-copia.jpg","contentUrl":"https:\/\/pistonaddict.com\/wp-content\/uploads\/2023\/10\/20220624_201726_resized-copia.jpg","width":1008,"height":567},{"@type":"BreadcrumbList","@id":"https:\/\/pistonaddict.com\/pt-pt\/product\/porsche-911-carrera-2-cabrio-997\/#breadcrumb","itemListElement":[{"@type":"ListItem","position":1,"name":"Rece\u00e7\u00e3o","item":"https:\/\/pistonaddict.com\/pt-pt\/pagina-inicial\/"},{"@type":"ListItem","position":2,"name":"Auctions","item":"https:\/\/pistonaddict.com\/auctions-listing\/"},{"@type":"ListItem","position":3,"name":"Porsche 911 Carrera 2 Cabrio (997)"}]},{"@type":"WebSite","@id":"https:\/\/pistonaddict.com\/pt-pt\/#website","url":"https:\/\/pistonaddict.com\/pt-pt\/","name":"Piston Addict","description":"Only interesting vehicles","publisher":{"@id":"https:\/\/pistonaddict.com\/pt-pt\/#organization"},"potentialAction":[{"@type":"SearchAction","target":{"@type":"EntryPoint","urlTemplate":"https:\/\/pistonaddict.com\/pt-pt\/?s={search_term_string}"},"query-input":"required name=search_term_string"}],"inLanguage":"pt-PT"},{"@type":"Organization","@id":"https:\/\/pistonaddict.com\/pt-pt\/#organization","name":"Piston Addict","url":"https:\/\/pistonaddict.com\/pt-pt\/","logo":{"@type":"ImageObject","inLanguage":"pt-PT","@id":"https:\/\/pistonaddict.com\/pt-pt\/#\/schema\/logo\/image\/","url":"https:\/\/pistonaddict.com\/wp-content\/uploads\/2022\/07\/logo-6.png","contentUrl":"https:\/\/pistonaddict.com\/wp-content\/uploads\/2022\/07\/logo-6.png","width":970,"height":200,"caption":"Piston Addict"},"image":{"@id":"https:\/\/pistonaddict.com\/pt-pt\/#\/schema\/logo\/image\/"}}]}},"_links":{"self":[{"href":"https:\/\/pistonaddict.com\/pt-pt\/wp-json\/wp\/v2\/product\/53492"}],"collection":[{"href":"https:\/\/pistonaddict.com\/pt-pt\/wp-json\/wp\/v2\/product"}],"about":[{"href":"https:\/\/pistonaddict.com\/pt-pt\/wp-json\/wp\/v2\/types\/product"}],"replies":[{"embeddable":true,"href":"https:\/\/pistonaddict.com\/pt-pt\/wp-json\/wp\/v2\/comments?post=53492"}],"wp:featuredmedia":[{"embeddable":true,"href":"https:\/\/pistonaddict.com\/pt-pt\/wp-json\/wp\/v2\/media\/53276"}],"wp:attachment":[{"href":"https:\/\/pistonaddict.com\/pt-pt\/wp-json\/wp\/v2\/media?parent=53492"}],"wp:term":[{"taxonomy":"product_cat","embeddable":true,"href":"https:\/\/pistonaddict.com\/pt-pt\/wp-json\/wp\/v2\/product_cat?post=53492"},{"taxonomy":"product_tag","embeddable":true,"href":"https:\/\/pistonaddict.com\/pt-pt\/wp-json\/wp\/v2\/product_tag?post=53492"}],"curies":[{"name":"wp","href":"https:\/\/api.w.org\/{rel}","templated":true}]}}