{"id":47842,"date":"2024-01-16T09:00:29","date_gmt":"2024-01-16T08:00:29","guid":{"rendered":"https:\/\/pistonaddict.com\/product\/morgan-roadster-v6-3-0\/"},"modified":"2024-03-20T09:43:37","modified_gmt":"2024-03-20T08:43:37","slug":"morgan-roadster-v6-3-0","status":"publish","type":"product","link":"https:\/\/pistonaddict.com\/pt-pt\/product\/morgan-roadster-v6-3-0\/","title":{"rendered":"Morgan Roadster V6 3.0"},"content":{"rendered":"<p><strong>Hist\u00f3ria do autom\u00f3vel<\/strong><\/p>\n<p>O atual propriet\u00e1rio deste elegante roadster adquiriu o autom\u00f3vel em 2010, quando tinha apenas tr\u00eas anos de idade. Foi entregue novo e passou toda a sua vida em Espanha, sendo utilizado para passeios relaxantes ao longo da costa. Esta gera\u00e7\u00e3o do vener\u00e1vel roadster da Morgan foi introduzida em 2004 e, embora fosse quase indistingu\u00edvel do exterior, apresenta melhorias muito bem-vindas debaixo do longo capot &#8211; o Duratec V6 de 3,0 litros da Ford. Com 24 v\u00e1lvulas, constru\u00e7\u00e3o moderna e fiabilidade inigual\u00e1vel, o V6 da Ford \u00e9 melhor do que o antigo Rover V8 que a Morgan utilizava em praticamente todos os aspectos. Este motor debita uns respeit\u00e1veis 223 cv e, uma vez que o V6 \u00e9 mais curto do que o V8, est\u00e1 localizado mais para o centro do autom\u00f3vel, o que o torna mais f\u00e1cil de manobrar. Como provavelmente sabe, um dos segredos da din\u00e2mica de condu\u00e7\u00e3o \u00fanica do Morgan \u00e9 o seu chassis, parcialmente feito de madeira. Assim, quando se tem um roadster que pesa pouco menos de uma tonelada, tem-se uma experi\u00eancia de condu\u00e7\u00e3o viva e repara-se em todos os detalhes da condu\u00e7\u00e3o, acelera\u00e7\u00e3o e manuseamento. E, j\u00e1 agora, pode atingir os 100 km\/h em 5,5 segundos, o que torna a sua condu\u00e7\u00e3o muito emocionante.<\/p>\n<p><strong>Estado<\/strong><\/p>\n<p>Este Morgan Roadster percorreu apenas um pouco mais de 41.000 quil\u00f3metros e tem dois propriet\u00e1rios desde novo. O estado geral \u00e9 muito bom, sem danos, colis\u00f5es ou repara\u00e7\u00f5es exteriores. Foi objeto de uma manuten\u00e7\u00e3o regular sem qualquer modifica\u00e7\u00e3o do motor, da carro\u00e7aria ou da suspens\u00e3o. O propriet\u00e1rio reviu recentemente os trav\u00f5es e fez uma an\u00e1lise ao \u00f3leo que deu negativo, o que significa que o motor est\u00e1 em perfeitas condi\u00e7\u00f5es. \u00c9 de esperar, uma vez que o V6 de 3,0 litros da Ford \u00e9 conhecido pela sua durabilidade e longevidade.<\/p>\n<p><strong>Interior<\/strong><\/p>\n<p>Uma das melhores caracter\u00edsticas do Morgan Roadster era o seu interior cl\u00e1ssico mas elegante e, neste caso, foi melhorado com o lend\u00e1rio volante de madeira Moto-Lita. O painel de instrumentos em madeira tem instrumentos completos, um sistema \u00e1udio e um rel\u00f3gio. Ao mesmo tempo, os bancos s\u00e3o estofados em bel\u00edssimo couro bege, que est\u00e1 em condi\u00e7\u00f5es ideais e combina perfeitamente com a cor exterior. A capota preta descapot\u00e1vel tamb\u00e9m est\u00e1 em \u00f3timo estado e raramente foi utilizada, uma vez que o ve\u00edculo foi guardado na garagem e conduzido com bom tempo. A capa interior original de Morgan tamb\u00e9m est\u00e1 inclu\u00edda.<\/p>\n<p><strong>Exterior e rodas<\/strong><\/p>\n<p>Oficialmente chamado Connaught Green, mas mais famoso como BRG (British Racing Green), este Morgan tem o acabamento na cor mais desejada de todas. Uma tonalidade escura cl\u00e1ssica que combina na perfei\u00e7\u00e3o com o interior bege \u00e9 a melhor especifica\u00e7\u00e3o para qualquer roadster brit\u00e2nico cl\u00e1ssico. A carro\u00e7aria est\u00e1 em perfeito estado, sem riscos ou descolora\u00e7\u00e3o e com pormenores interessantes como far\u00f3is de nevoeiro, emblemas e cintos de couro que seguram o capot no lugar (o autocolante no capot pode ser facilmente removido). O visual \u00e9 completado pelo conjunto de jantes de arame de 18 polegadas com pneus Yokohama, juntamente com a roda sobresselente de tamanho normal montada na traseira. As jantes podem parecer dos anos 40, mas s\u00e3o pe\u00e7as novas e cuidadosamente recriadas, concebidas para acomodar a borracha moderna.<\/p>\n<p><strong>Documenta\u00e7\u00e3o<\/strong><\/p>\n<p>Trata-se de um ve\u00edculo de propriedade privada com documenta\u00e7\u00e3o adequada, localizado em Palma de Maiorca, Espanha. Os relat\u00f3rios est\u00e3o limpos; n\u00e3o existem provas de acidentes, repara\u00e7\u00f5es de acidentes, propriedade ou problemas legais. Existem registos de manuten\u00e7\u00e3o regular que remontam a 2020.<br \/>\nPode consultar o CarFax deste Morgan Roadster V6 descapot\u00e1vel <a href=\"https:\/\/pistonaddict.com\/wp-content\/uploads\/2023\/08\/CARFAX-Vehicle-History-Report-MORGAN-ROADSTER-Convertible-2007.pdf\">aqui<\/a>. <strong>MOT espanhol (ITV) aprovado e v\u00e1lido at\u00e9 4 de agosto de 2024<\/strong>.<\/p>\n<p><strong>Equipamento e extras<\/strong><\/p>\n<p>&#8211; Volante de madeira cl\u00e1ssico Motolita<br \/>\n&#8211; Painel de instrumentos em madeira<br \/>\n&#8211; Bot\u00e3o da alavanca de velocidades em a\u00e7o<br \/>\n&#8211; Bolsos laterais nas portas em pele<br \/>\n&#8211; Guarni\u00e7\u00f5es da barra transversal do escudo Morgan<br \/>\n&#8211; Guarni\u00e7\u00f5es das fechaduras interiores com escudo Morgan<br \/>\n&#8211; Rel\u00f3gio<br \/>\n&#8211; R\u00e1dio CD\/MP3 Blaupunkt<br \/>\n&#8211; 2 luzes dianteiras extra<br \/>\n&#8211; Cinto interior em couro forrado com pele de carneiro no topo da capota<br \/>\n&#8211; Guarda-s\u00f3is em pele preta<br \/>\n&#8211; Desconector antirroubo da bateria<br \/>\n&#8211; Barra frontal para emblemas\/escudos<br \/>\n&#8211; Cobertura do capot em pele preta com escudo Morgan<br \/>\n&#8211; 2 coberturas em pele preta para vidros de metacrilato com escudo Morgan<br \/>\n&#8211; Capa de prote\u00e7\u00e3o interior para o autom\u00f3vel (tecido azul) com escudo Morgan<\/p>\n<p><strong>Veja o v\u00eddeo de arranque a frio deste belo Morgan Roadster V6 descapot\u00e1vel :<\/strong><\/p>\n<p><iframe title=\"Cold Start : Morgan Roadster V6 3.0 on PistonAddict.com\" width=\"1200\" height=\"675\" src=\"https:\/\/www.youtube.com\/embed\/yLSfe-ePOFg?start=29&#038;feature=oembed\" frameborder=\"0\" allow=\"accelerometer; autoplay; clipboard-write; encrypted-media; gyroscope; picture-in-picture; web-share\" allowfullscreen><\/iframe><\/p>\n","protected":false},"excerpt":{"rendered":"<p>Entre os muitos cl\u00e1ssicos do Reino Unido, o Morgan Roadster \u00e9 indiscutivelmente e por excel\u00eancia o ep\u00edtome do charme brit\u00e2nico em forma de autom\u00f3vel. Com um design intemporal que remonta aos prim\u00f3rdios dos roadsters e uma linhagem de modelos que se mant\u00e9m ininterrupta desde 1950, o Morgan Plus Six moderno \u00e9 uma combina\u00e7\u00e3o irresist\u00edvel de constru\u00e7\u00e3o \u00fanica, produ\u00e7\u00e3o personalizada e feita \u00e0 m\u00e3o, e um potente V6 que transforma este cl\u00e1ssico de boa-f\u00e9 num autom\u00f3vel desportivo de capota aberta capaz.<\/p>\n","protected":false},"featured_media":46738,"comment_status":"open","ping_status":"closed","template":"","meta":{"inline_featured_image":false},"product_cat":[735],"product_tag":[2065,2064,2062,2063,956],"acf":[],"yoast_head":"<!-- This site is optimized with the Yoast SEO plugin v22.5 - https:\/\/yoast.com\/wordpress\/plugins\/seo\/ -->\n<title>de Morgan Roadster V6 3.0 leil\u00e3o - Piston Addict<\/title>\n<meta name=\"description\" content=\"Fant\u00e1stico Morgan Roadster V6 3.0 de 2007 em excelentes condi\u00e7\u00f5es \u00e0 venda em leil\u00e3o em PistonAddict.com\" \/>\n<meta name=\"robots\" content=\"index, follow, max-snippet:-1, max-image-preview:large, max-video-preview:-1\" \/>\n<link rel=\"canonical\" href=\"https:\/\/pistonaddict.com\/pt-pt\/product\/morgan-roadster-v6-3-0\/\" \/>\n<meta property=\"og:locale\" content=\"pt_PT\" \/>\n<meta property=\"og:type\" content=\"article\" \/>\n<meta property=\"og:title\" content=\"de Morgan Roadster V6 3.0 leil\u00e3o - Piston Addict\" \/>\n<meta property=\"og:description\" content=\"Fant\u00e1stico Morgan Roadster V6 3.0 de 2007 em excelentes condi\u00e7\u00f5es \u00e0 venda em leil\u00e3o em PistonAddict.com\" \/>\n<meta property=\"og:url\" content=\"https:\/\/pistonaddict.com\/pt-pt\/product\/morgan-roadster-v6-3-0\/\" \/>\n<meta property=\"og:site_name\" content=\"Piston Addict\" \/>\n<meta property=\"article:modified_time\" content=\"2024-03-20T08:43:37+00:00\" \/>\n<meta property=\"og:image\" content=\"https:\/\/pistonaddict.com\/wp-content\/uploads\/2023\/08\/DSC0169-scaled.jpg\" \/>\n\t<meta property=\"og:image:width\" content=\"2560\" \/>\n\t<meta property=\"og:image:height\" content=\"1707\" \/>\n\t<meta property=\"og:image:type\" content=\"image\/jpeg\" \/>\n<meta name=\"twitter:card\" content=\"summary_large_image\" \/>\n<meta name=\"twitter:label1\" content=\"Tempo estimado de leitura\" \/>\n\t<meta name=\"twitter:data1\" content=\"4 minutos\" \/>\n<script type=\"application\/ld+json\" class=\"yoast-schema-graph\">{\"@context\":\"https:\/\/schema.org\",\"@graph\":[{\"@type\":\"WebPage\",\"@id\":\"https:\/\/pistonaddict.com\/pt-pt\/product\/morgan-roadster-v6-3-0\/\",\"url\":\"https:\/\/pistonaddict.com\/pt-pt\/product\/morgan-roadster-v6-3-0\/\",\"name\":\"de Morgan Roadster V6 3.0 leil\u00e3o - Piston Addict\",\"isPartOf\":{\"@id\":\"https:\/\/pistonaddict.com\/pt-pt\/#website\"},\"primaryImageOfPage\":{\"@id\":\"https:\/\/pistonaddict.com\/pt-pt\/product\/morgan-roadster-v6-3-0\/#primaryimage\"},\"image\":{\"@id\":\"https:\/\/pistonaddict.com\/pt-pt\/product\/morgan-roadster-v6-3-0\/#primaryimage\"},\"thumbnailUrl\":\"https:\/\/pistonaddict.com\/wp-content\/uploads\/2023\/08\/DSC0169-scaled.jpg\",\"datePublished\":\"2024-01-16T08:00:29+00:00\",\"dateModified\":\"2024-03-20T08:43:37+00:00\",\"description\":\"Fant\u00e1stico Morgan Roadster V6 3.0 de 2007 em excelentes condi\u00e7\u00f5es \u00e0 venda em leil\u00e3o em PistonAddict.com\",\"breadcrumb\":{\"@id\":\"https:\/\/pistonaddict.com\/pt-pt\/product\/morgan-roadster-v6-3-0\/#breadcrumb\"},\"inLanguage\":\"pt-PT\",\"potentialAction\":[{\"@type\":\"ReadAction\",\"target\":[\"https:\/\/pistonaddict.com\/pt-pt\/product\/morgan-roadster-v6-3-0\/\"]}]},{\"@type\":\"ImageObject\",\"inLanguage\":\"pt-PT\",\"@id\":\"https:\/\/pistonaddict.com\/pt-pt\/product\/morgan-roadster-v6-3-0\/#primaryimage\",\"url\":\"https:\/\/pistonaddict.com\/wp-content\/uploads\/2023\/08\/DSC0169-scaled.jpg\",\"contentUrl\":\"https:\/\/pistonaddict.com\/wp-content\/uploads\/2023\/08\/DSC0169-scaled.jpg\",\"width\":2560,\"height\":1707},{\"@type\":\"BreadcrumbList\",\"@id\":\"https:\/\/pistonaddict.com\/pt-pt\/product\/morgan-roadster-v6-3-0\/#breadcrumb\",\"itemListElement\":[{\"@type\":\"ListItem\",\"position\":1,\"name\":\"Rece\u00e7\u00e3o\",\"item\":\"https:\/\/pistonaddict.com\/pt-pt\/pagina-inicial\/\"},{\"@type\":\"ListItem\",\"position\":2,\"name\":\"Auctions\",\"item\":\"https:\/\/pistonaddict.com\/auctions-listing\/\"},{\"@type\":\"ListItem\",\"position\":3,\"name\":\"Morgan Roadster V6 3.0\"}]},{\"@type\":\"WebSite\",\"@id\":\"https:\/\/pistonaddict.com\/pt-pt\/#website\",\"url\":\"https:\/\/pistonaddict.com\/pt-pt\/\",\"name\":\"Piston Addict\",\"description\":\"Only interesting vehicles\",\"publisher\":{\"@id\":\"https:\/\/pistonaddict.com\/pt-pt\/#organization\"},\"potentialAction\":[{\"@type\":\"SearchAction\",\"target\":{\"@type\":\"EntryPoint\",\"urlTemplate\":\"https:\/\/pistonaddict.com\/pt-pt\/?s={search_term_string}\"},\"query-input\":\"required name=search_term_string\"}],\"inLanguage\":\"pt-PT\"},{\"@type\":\"Organization\",\"@id\":\"https:\/\/pistonaddict.com\/pt-pt\/#organization\",\"name\":\"Piston Addict\",\"url\":\"https:\/\/pistonaddict.com\/pt-pt\/\",\"logo\":{\"@type\":\"ImageObject\",\"inLanguage\":\"pt-PT\",\"@id\":\"https:\/\/pistonaddict.com\/pt-pt\/#\/schema\/logo\/image\/\",\"url\":\"https:\/\/pistonaddict.com\/wp-content\/uploads\/2022\/07\/logo-6.png\",\"contentUrl\":\"https:\/\/pistonaddict.com\/wp-content\/uploads\/2022\/07\/logo-6.png\",\"width\":970,\"height\":200,\"caption\":\"Piston Addict\"},\"image\":{\"@id\":\"https:\/\/pistonaddict.com\/pt-pt\/#\/schema\/logo\/image\/\"}}]}<\/script>\n<!-- \/ Yoast SEO plugin. -->","yoast_head_json":{"title":"de Morgan Roadster V6 3.0 leil\u00e3o - Piston Addict","description":"Fant\u00e1stico Morgan Roadster V6 3.0 de 2007 em excelentes condi\u00e7\u00f5es \u00e0 venda em leil\u00e3o em PistonAddict.com","robots":{"index":"index","follow":"follow","max-snippet":"max-snippet:-1","max-image-preview":"max-image-preview:large","max-video-preview":"max-video-preview:-1"},"canonical":"https:\/\/pistonaddict.com\/pt-pt\/product\/morgan-roadster-v6-3-0\/","og_locale":"pt_PT","og_type":"article","og_title":"de Morgan Roadster V6 3.0 leil\u00e3o - Piston Addict","og_description":"Fant\u00e1stico Morgan Roadster V6 3.0 de 2007 em excelentes condi\u00e7\u00f5es \u00e0 venda em leil\u00e3o em PistonAddict.com","og_url":"https:\/\/pistonaddict.com\/pt-pt\/product\/morgan-roadster-v6-3-0\/","og_site_name":"Piston Addict","article_modified_time":"2024-03-20T08:43:37+00:00","og_image":[{"width":2560,"height":1707,"url":"https:\/\/pistonaddict.com\/wp-content\/uploads\/2023\/08\/DSC0169-scaled.jpg","type":"image\/jpeg"}],"twitter_card":"summary_large_image","twitter_misc":{"Tempo estimado de leitura":"4 minutos"},"schema":{"@context":"https:\/\/schema.org","@graph":[{"@type":"WebPage","@id":"https:\/\/pistonaddict.com\/pt-pt\/product\/morgan-roadster-v6-3-0\/","url":"https:\/\/pistonaddict.com\/pt-pt\/product\/morgan-roadster-v6-3-0\/","name":"de Morgan Roadster V6 3.0 leil\u00e3o - Piston Addict","isPartOf":{"@id":"https:\/\/pistonaddict.com\/pt-pt\/#website"},"primaryImageOfPage":{"@id":"https:\/\/pistonaddict.com\/pt-pt\/product\/morgan-roadster-v6-3-0\/#primaryimage"},"image":{"@id":"https:\/\/pistonaddict.com\/pt-pt\/product\/morgan-roadster-v6-3-0\/#primaryimage"},"thumbnailUrl":"https:\/\/pistonaddict.com\/wp-content\/uploads\/2023\/08\/DSC0169-scaled.jpg","datePublished":"2024-01-16T08:00:29+00:00","dateModified":"2024-03-20T08:43:37+00:00","description":"Fant\u00e1stico Morgan Roadster V6 3.0 de 2007 em excelentes condi\u00e7\u00f5es \u00e0 venda em leil\u00e3o em PistonAddict.com","breadcrumb":{"@id":"https:\/\/pistonaddict.com\/pt-pt\/product\/morgan-roadster-v6-3-0\/#breadcrumb"},"inLanguage":"pt-PT","potentialAction":[{"@type":"ReadAction","target":["https:\/\/pistonaddict.com\/pt-pt\/product\/morgan-roadster-v6-3-0\/"]}]},{"@type":"ImageObject","inLanguage":"pt-PT","@id":"https:\/\/pistonaddict.com\/pt-pt\/product\/morgan-roadster-v6-3-0\/#primaryimage","url":"https:\/\/pistonaddict.com\/wp-content\/uploads\/2023\/08\/DSC0169-scaled.jpg","contentUrl":"https:\/\/pistonaddict.com\/wp-content\/uploads\/2023\/08\/DSC0169-scaled.jpg","width":2560,"height":1707},{"@type":"BreadcrumbList","@id":"https:\/\/pistonaddict.com\/pt-pt\/product\/morgan-roadster-v6-3-0\/#breadcrumb","itemListElement":[{"@type":"ListItem","position":1,"name":"Rece\u00e7\u00e3o","item":"https:\/\/pistonaddict.com\/pt-pt\/pagina-inicial\/"},{"@type":"ListItem","position":2,"name":"Auctions","item":"https:\/\/pistonaddict.com\/auctions-listing\/"},{"@type":"ListItem","position":3,"name":"Morgan Roadster V6 3.0"}]},{"@type":"WebSite","@id":"https:\/\/pistonaddict.com\/pt-pt\/#website","url":"https:\/\/pistonaddict.com\/pt-pt\/","name":"Piston Addict","description":"Only interesting vehicles","publisher":{"@id":"https:\/\/pistonaddict.com\/pt-pt\/#organization"},"potentialAction":[{"@type":"SearchAction","target":{"@type":"EntryPoint","urlTemplate":"https:\/\/pistonaddict.com\/pt-pt\/?s={search_term_string}"},"query-input":"required name=search_term_string"}],"inLanguage":"pt-PT"},{"@type":"Organization","@id":"https:\/\/pistonaddict.com\/pt-pt\/#organization","name":"Piston Addict","url":"https:\/\/pistonaddict.com\/pt-pt\/","logo":{"@type":"ImageObject","inLanguage":"pt-PT","@id":"https:\/\/pistonaddict.com\/pt-pt\/#\/schema\/logo\/image\/","url":"https:\/\/pistonaddict.com\/wp-content\/uploads\/2022\/07\/logo-6.png","contentUrl":"https:\/\/pistonaddict.com\/wp-content\/uploads\/2022\/07\/logo-6.png","width":970,"height":200,"caption":"Piston Addict"},"image":{"@id":"https:\/\/pistonaddict.com\/pt-pt\/#\/schema\/logo\/image\/"}}]}},"_links":{"self":[{"href":"https:\/\/pistonaddict.com\/pt-pt\/wp-json\/wp\/v2\/product\/47842"}],"collection":[{"href":"https:\/\/pistonaddict.com\/pt-pt\/wp-json\/wp\/v2\/product"}],"about":[{"href":"https:\/\/pistonaddict.com\/pt-pt\/wp-json\/wp\/v2\/types\/product"}],"replies":[{"embeddable":true,"href":"https:\/\/pistonaddict.com\/pt-pt\/wp-json\/wp\/v2\/comments?post=47842"}],"wp:featuredmedia":[{"embeddable":true,"href":"https:\/\/pistonaddict.com\/pt-pt\/wp-json\/wp\/v2\/media\/46738"}],"wp:attachment":[{"href":"https:\/\/pistonaddict.com\/pt-pt\/wp-json\/wp\/v2\/media?parent=47842"}],"wp:term":[{"taxonomy":"product_cat","embeddable":true,"href":"https:\/\/pistonaddict.com\/pt-pt\/wp-json\/wp\/v2\/product_cat?post=47842"},{"taxonomy":"product_tag","embeddable":true,"href":"https:\/\/pistonaddict.com\/pt-pt\/wp-json\/wp\/v2\/product_tag?post=47842"}],"curies":[{"name":"wp","href":"https:\/\/api.w.org\/{rel}","templated":true}]}}