{"id":46000,"date":"2023-06-16T15:02:15","date_gmt":"2023-06-16T13:02:15","guid":{"rendered":"https:\/\/pistonaddict.com\/product\/audi-r8-v10-vermelho-dinamite\/"},"modified":"2023-12-20T09:46:35","modified_gmt":"2023-12-20T08:46:35","slug":"audi-r8-v10-red-dynamite","status":"publish","type":"product","link":"https:\/\/pistonaddict.com\/pt-pt\/product\/audi-r8-v10-red-dynamite\/","title":{"rendered":"Audi R8 V10 Vermelho Dinamite"},"content":{"rendered":"<h2>Exterior<\/h2>\n<p>Com um acabamento em vermelho vivo e pormenores em preto, pintado de vermelho vivo, este Audi R8 n\u00e3o passar\u00e1 despercebido onde quer que apare\u00e7a. Al\u00e9m disso, elementos como a grelha cromada e as capas dos espelhos retrovisores em fibra de carbono apenas melhoram o seu aspeto. Mas, falando francamente, o R8 \u00e9 um carro deslumbrante em qualquer cor e independentemente da presen\u00e7a de tais pormenores.<\/p>\n<p>O resultado final \u00e9 que, com o R8, os designers alem\u00e3es conseguiram uma mistura quase perfeita de agressividade e subtileza. \u00c9 dif\u00edcil acreditar que este \u00e9 mais ou menos o Lamborgini Aventador por baixo, que \u00e9 muito mais vistoso e extravagante. Assim, se procura um autom\u00f3vel desportivo capaz mas n\u00e3o quer parecer um exibicionista, o R8 \u00e9 uma das melhores apostas. Alguns dos restantes detalhes dignos de nota que este 2 lugares oferece incluem um enorme spoiler traseiro e jantes de 20 polegadas equipadas de f\u00e1brica com pneus Good Year Eagle novinhos em folha.<\/p>\n<h2>Interior<\/h2>\n<p>O interior deste R8 em particular \u00e9 dominado por uma combina\u00e7\u00e3o de pele preta, pespontos vermelhos e pe\u00e7as de acabamento em fibra de carbono. Os bancos, que parecem ter acabado de sair da f\u00e1brica, s\u00e3o simultaneamente confort\u00e1veis e solid\u00e1rios. Depois, h\u00e1 um volante de 3 raios revestido a pele com bot\u00f5es de controlo para todas as fun\u00e7\u00f5es essenciais. Para al\u00e9m dos bot\u00f5es normais, como os do sistema de som ou do computador de bordo, inclui o bot\u00e3o para sele\u00e7\u00e3o do modo de condu\u00e7\u00e3o, controlo de arranque e afina\u00e7\u00e3o do escape.<\/p>\n<p>Atr\u00e1s do volante encontra-se um painel de instrumentos digital que, para al\u00e9m da informa\u00e7\u00e3o b\u00e1sica, pode mostrar muito mais. Isto inclui navega\u00e7\u00e3o, c\u00e2mara de vis\u00e3o traseira e sistema de som, que, a prop\u00f3sito, \u00e9 fabricado pela mundialmente famosa Bang&amp;Olufsen.<\/p>\n<h2>Mec\u00e2nica<\/h2>\n<p>Por baixo da pele subtil e elegante, este R8 de segunda gera\u00e7\u00e3o tem um chassis mais r\u00edgido e mais leve feito de alum\u00ednio e fibra de carbono. Mas a parte mais significativa deste autom\u00f3vel \u00e9, previsivelmente, o seu motor, um potente V10 de 5,2 litros. E sendo aquilo a que a Audi chama um modelo Plus, produz 610 cavalos de pot\u00eancia e 560 Nm de bin\u00e1rio, que s\u00e3o entregues a todas as rodas atrav\u00e9s de um sistema Quattro e de uma caixa autom\u00e1tica de 7 velocidades. Com tudo isto, este R8 vai dos 0 aos 100 em aproximadamente 3 segundos e atinge uma velocidade m\u00e1xima de 329 km\/h. E para garantir uma pot\u00eancia de travagem correspondente a toda esta velocidade, existem trav\u00f5es maci\u00e7os em toda a volta.<\/p>\n<h2>Hist\u00f3rico do ve\u00edculo<\/h2>\n<p>De acordo com o vendedor, a \u00faltima revis\u00e3o deste Audi R8 foi efectuada em outubro de 2022, tendo os trav\u00f5es sido revistos h\u00e1 poucos dias. Al\u00e9m disso, n\u00e3o existem falhas ou avisos conhecidos no painel de instrumentos. Por \u00faltimo, a julgar pelas fotografias fornecidas, n\u00e3o h\u00e1 imperfei\u00e7\u00f5es na carro\u00e7aria a assinalar.<\/p>\n<p>&nbsp;<\/p>\n<p><strong>\u00c9 necess\u00e1rio um cart\u00e3o de cr\u00e9dito para aceder ao leil\u00e3o deste ve\u00edculo de qualidade superior.<\/strong><\/p>\n","protected":false},"excerpt":{"rendered":"<p>O carro que est\u00e1 \u00e0 venda aqui \u00e9, sem d\u00favida, um dos modelos com melhor desempenho na sua classe &#8211; o ic\u00f3nico Audi R8. Foi, e continua a ser, a primeira tentativa do construtor de Ingolstadt no mercado dos supercarros, que se revelou um enorme sucesso. De acordo com o vendedor, este ve\u00edculo tem todas as revis\u00f5es em dia e n\u00e3o teve quaisquer acidentes, com um relat\u00f3rio da CarVertical que comprova este facto. Al\u00e9m disso, fez menos de 50.000 km at\u00e9 agora, o que n\u00e3o \u00e9 muito para um carro como este. Por fim, este <strong>Audi R8 V10 plus Quattro <\/strong>de 2015 encontra-se atualmente na B\u00e9lgica, onde est\u00e1 registado desde que era novo. Pode fazer uma oferta para este autom\u00f3vel <a href=\"https:\/\/pistonaddict.com\/contact-us\/\">contactando-nos<\/a>.<\/p>\n","protected":false},"featured_media":43356,"comment_status":"open","ping_status":"closed","template":"","meta":{"inline_featured_image":false},"product_cat":[735],"product_tag":[1938,1940,927],"acf":[],"yoast_head":"<!-- This site is optimized with the Yoast SEO plugin v22.5 - https:\/\/yoast.com\/wordpress\/plugins\/seo\/ -->\n<title>de Audi R8 V10 Vermelho Dinamite leil\u00e3o - Piston Addict<\/title>\n<meta name=\"description\" content=\"O carro que est\u00e1 aqui \u00e0 venda em leil\u00e3o \u00e9, sem d\u00favida, um dos modelos com melhor desempenho na sua classe - o ic\u00f3nico Audi R8 V10.\" \/>\n<meta name=\"robots\" content=\"index, follow, max-snippet:-1, max-image-preview:large, max-video-preview:-1\" \/>\n<link rel=\"canonical\" href=\"https:\/\/pistonaddict.com\/pt-pt\/product\/audi-r8-v10-red-dynamite\/\" \/>\n<meta property=\"og:locale\" content=\"pt_PT\" \/>\n<meta property=\"og:type\" content=\"article\" \/>\n<meta property=\"og:title\" content=\"de Audi R8 V10 Vermelho Dinamite leil\u00e3o - Piston Addict\" \/>\n<meta property=\"og:description\" content=\"O carro que est\u00e1 aqui \u00e0 venda em leil\u00e3o \u00e9, sem d\u00favida, um dos modelos com melhor desempenho na sua classe - o ic\u00f3nico Audi R8 V10.\" \/>\n<meta property=\"og:url\" content=\"https:\/\/pistonaddict.com\/pt-pt\/product\/audi-r8-v10-red-dynamite\/\" \/>\n<meta property=\"og:site_name\" content=\"Piston Addict\" \/>\n<meta property=\"article:modified_time\" content=\"2023-12-20T08:46:35+00:00\" \/>\n<meta property=\"og:image\" content=\"https:\/\/pistonaddict.com\/wp-content\/uploads\/2023\/06\/DSC_0412.jpg\" \/>\n\t<meta property=\"og:image:width\" content=\"2048\" \/>\n\t<meta property=\"og:image:height\" content=\"1365\" \/>\n\t<meta property=\"og:image:type\" content=\"image\/jpeg\" \/>\n<meta name=\"twitter:card\" content=\"summary_large_image\" \/>\n<meta name=\"twitter:label1\" content=\"Tempo estimado de leitura\" \/>\n\t<meta name=\"twitter:data1\" content=\"3 minutos\" \/>\n<script type=\"application\/ld+json\" class=\"yoast-schema-graph\">{\"@context\":\"https:\/\/schema.org\",\"@graph\":[{\"@type\":\"WebPage\",\"@id\":\"https:\/\/pistonaddict.com\/pt-pt\/product\/audi-r8-v10-red-dynamite\/\",\"url\":\"https:\/\/pistonaddict.com\/pt-pt\/product\/audi-r8-v10-red-dynamite\/\",\"name\":\"de Audi R8 V10 Vermelho Dinamite leil\u00e3o - Piston Addict\",\"isPartOf\":{\"@id\":\"https:\/\/pistonaddict.com\/pt-pt\/#website\"},\"primaryImageOfPage\":{\"@id\":\"https:\/\/pistonaddict.com\/pt-pt\/product\/audi-r8-v10-red-dynamite\/#primaryimage\"},\"image\":{\"@id\":\"https:\/\/pistonaddict.com\/pt-pt\/product\/audi-r8-v10-red-dynamite\/#primaryimage\"},\"thumbnailUrl\":\"https:\/\/pistonaddict.com\/wp-content\/uploads\/2023\/06\/DSC_0412.jpg\",\"datePublished\":\"2023-06-16T13:02:15+00:00\",\"dateModified\":\"2023-12-20T08:46:35+00:00\",\"description\":\"O carro que est\u00e1 aqui \u00e0 venda em leil\u00e3o \u00e9, sem d\u00favida, um dos modelos com melhor desempenho na sua classe - o ic\u00f3nico Audi R8 V10.\",\"breadcrumb\":{\"@id\":\"https:\/\/pistonaddict.com\/pt-pt\/product\/audi-r8-v10-red-dynamite\/#breadcrumb\"},\"inLanguage\":\"pt-PT\",\"potentialAction\":[{\"@type\":\"ReadAction\",\"target\":[\"https:\/\/pistonaddict.com\/pt-pt\/product\/audi-r8-v10-red-dynamite\/\"]}]},{\"@type\":\"ImageObject\",\"inLanguage\":\"pt-PT\",\"@id\":\"https:\/\/pistonaddict.com\/pt-pt\/product\/audi-r8-v10-red-dynamite\/#primaryimage\",\"url\":\"https:\/\/pistonaddict.com\/wp-content\/uploads\/2023\/06\/DSC_0412.jpg\",\"contentUrl\":\"https:\/\/pistonaddict.com\/wp-content\/uploads\/2023\/06\/DSC_0412.jpg\",\"width\":2048,\"height\":1365},{\"@type\":\"BreadcrumbList\",\"@id\":\"https:\/\/pistonaddict.com\/pt-pt\/product\/audi-r8-v10-red-dynamite\/#breadcrumb\",\"itemListElement\":[{\"@type\":\"ListItem\",\"position\":1,\"name\":\"Rece\u00e7\u00e3o\",\"item\":\"https:\/\/pistonaddict.com\/pt-pt\/pagina-inicial\/\"},{\"@type\":\"ListItem\",\"position\":2,\"name\":\"Auctions\",\"item\":\"https:\/\/pistonaddict.com\/auctions-listing\/\"},{\"@type\":\"ListItem\",\"position\":3,\"name\":\"Audi R8 V10 Vermelho Dinamite\"}]},{\"@type\":\"WebSite\",\"@id\":\"https:\/\/pistonaddict.com\/pt-pt\/#website\",\"url\":\"https:\/\/pistonaddict.com\/pt-pt\/\",\"name\":\"Piston Addict\",\"description\":\"Only interesting vehicles\",\"publisher\":{\"@id\":\"https:\/\/pistonaddict.com\/pt-pt\/#organization\"},\"potentialAction\":[{\"@type\":\"SearchAction\",\"target\":{\"@type\":\"EntryPoint\",\"urlTemplate\":\"https:\/\/pistonaddict.com\/pt-pt\/?s={search_term_string}\"},\"query-input\":\"required name=search_term_string\"}],\"inLanguage\":\"pt-PT\"},{\"@type\":\"Organization\",\"@id\":\"https:\/\/pistonaddict.com\/pt-pt\/#organization\",\"name\":\"Piston Addict\",\"url\":\"https:\/\/pistonaddict.com\/pt-pt\/\",\"logo\":{\"@type\":\"ImageObject\",\"inLanguage\":\"pt-PT\",\"@id\":\"https:\/\/pistonaddict.com\/pt-pt\/#\/schema\/logo\/image\/\",\"url\":\"https:\/\/pistonaddict.com\/wp-content\/uploads\/2022\/07\/logo-6.png\",\"contentUrl\":\"https:\/\/pistonaddict.com\/wp-content\/uploads\/2022\/07\/logo-6.png\",\"width\":970,\"height\":200,\"caption\":\"Piston Addict\"},\"image\":{\"@id\":\"https:\/\/pistonaddict.com\/pt-pt\/#\/schema\/logo\/image\/\"}}]}<\/script>\n<!-- \/ Yoast SEO plugin. -->","yoast_head_json":{"title":"de Audi R8 V10 Vermelho Dinamite leil\u00e3o - Piston Addict","description":"O carro que est\u00e1 aqui \u00e0 venda em leil\u00e3o \u00e9, sem d\u00favida, um dos modelos com melhor desempenho na sua classe - o ic\u00f3nico Audi R8 V10.","robots":{"index":"index","follow":"follow","max-snippet":"max-snippet:-1","max-image-preview":"max-image-preview:large","max-video-preview":"max-video-preview:-1"},"canonical":"https:\/\/pistonaddict.com\/pt-pt\/product\/audi-r8-v10-red-dynamite\/","og_locale":"pt_PT","og_type":"article","og_title":"de Audi R8 V10 Vermelho Dinamite leil\u00e3o - Piston Addict","og_description":"O carro que est\u00e1 aqui \u00e0 venda em leil\u00e3o \u00e9, sem d\u00favida, um dos modelos com melhor desempenho na sua classe - o ic\u00f3nico Audi R8 V10.","og_url":"https:\/\/pistonaddict.com\/pt-pt\/product\/audi-r8-v10-red-dynamite\/","og_site_name":"Piston Addict","article_modified_time":"2023-12-20T08:46:35+00:00","og_image":[{"width":2048,"height":1365,"url":"https:\/\/pistonaddict.com\/wp-content\/uploads\/2023\/06\/DSC_0412.jpg","type":"image\/jpeg"}],"twitter_card":"summary_large_image","twitter_misc":{"Tempo estimado de leitura":"3 minutos"},"schema":{"@context":"https:\/\/schema.org","@graph":[{"@type":"WebPage","@id":"https:\/\/pistonaddict.com\/pt-pt\/product\/audi-r8-v10-red-dynamite\/","url":"https:\/\/pistonaddict.com\/pt-pt\/product\/audi-r8-v10-red-dynamite\/","name":"de Audi R8 V10 Vermelho Dinamite leil\u00e3o - Piston Addict","isPartOf":{"@id":"https:\/\/pistonaddict.com\/pt-pt\/#website"},"primaryImageOfPage":{"@id":"https:\/\/pistonaddict.com\/pt-pt\/product\/audi-r8-v10-red-dynamite\/#primaryimage"},"image":{"@id":"https:\/\/pistonaddict.com\/pt-pt\/product\/audi-r8-v10-red-dynamite\/#primaryimage"},"thumbnailUrl":"https:\/\/pistonaddict.com\/wp-content\/uploads\/2023\/06\/DSC_0412.jpg","datePublished":"2023-06-16T13:02:15+00:00","dateModified":"2023-12-20T08:46:35+00:00","description":"O carro que est\u00e1 aqui \u00e0 venda em leil\u00e3o \u00e9, sem d\u00favida, um dos modelos com melhor desempenho na sua classe - o ic\u00f3nico Audi R8 V10.","breadcrumb":{"@id":"https:\/\/pistonaddict.com\/pt-pt\/product\/audi-r8-v10-red-dynamite\/#breadcrumb"},"inLanguage":"pt-PT","potentialAction":[{"@type":"ReadAction","target":["https:\/\/pistonaddict.com\/pt-pt\/product\/audi-r8-v10-red-dynamite\/"]}]},{"@type":"ImageObject","inLanguage":"pt-PT","@id":"https:\/\/pistonaddict.com\/pt-pt\/product\/audi-r8-v10-red-dynamite\/#primaryimage","url":"https:\/\/pistonaddict.com\/wp-content\/uploads\/2023\/06\/DSC_0412.jpg","contentUrl":"https:\/\/pistonaddict.com\/wp-content\/uploads\/2023\/06\/DSC_0412.jpg","width":2048,"height":1365},{"@type":"BreadcrumbList","@id":"https:\/\/pistonaddict.com\/pt-pt\/product\/audi-r8-v10-red-dynamite\/#breadcrumb","itemListElement":[{"@type":"ListItem","position":1,"name":"Rece\u00e7\u00e3o","item":"https:\/\/pistonaddict.com\/pt-pt\/pagina-inicial\/"},{"@type":"ListItem","position":2,"name":"Auctions","item":"https:\/\/pistonaddict.com\/auctions-listing\/"},{"@type":"ListItem","position":3,"name":"Audi R8 V10 Vermelho Dinamite"}]},{"@type":"WebSite","@id":"https:\/\/pistonaddict.com\/pt-pt\/#website","url":"https:\/\/pistonaddict.com\/pt-pt\/","name":"Piston Addict","description":"Only interesting vehicles","publisher":{"@id":"https:\/\/pistonaddict.com\/pt-pt\/#organization"},"potentialAction":[{"@type":"SearchAction","target":{"@type":"EntryPoint","urlTemplate":"https:\/\/pistonaddict.com\/pt-pt\/?s={search_term_string}"},"query-input":"required name=search_term_string"}],"inLanguage":"pt-PT"},{"@type":"Organization","@id":"https:\/\/pistonaddict.com\/pt-pt\/#organization","name":"Piston Addict","url":"https:\/\/pistonaddict.com\/pt-pt\/","logo":{"@type":"ImageObject","inLanguage":"pt-PT","@id":"https:\/\/pistonaddict.com\/pt-pt\/#\/schema\/logo\/image\/","url":"https:\/\/pistonaddict.com\/wp-content\/uploads\/2022\/07\/logo-6.png","contentUrl":"https:\/\/pistonaddict.com\/wp-content\/uploads\/2022\/07\/logo-6.png","width":970,"height":200,"caption":"Piston Addict"},"image":{"@id":"https:\/\/pistonaddict.com\/pt-pt\/#\/schema\/logo\/image\/"}}]}},"_links":{"self":[{"href":"https:\/\/pistonaddict.com\/pt-pt\/wp-json\/wp\/v2\/product\/46000"}],"collection":[{"href":"https:\/\/pistonaddict.com\/pt-pt\/wp-json\/wp\/v2\/product"}],"about":[{"href":"https:\/\/pistonaddict.com\/pt-pt\/wp-json\/wp\/v2\/types\/product"}],"replies":[{"embeddable":true,"href":"https:\/\/pistonaddict.com\/pt-pt\/wp-json\/wp\/v2\/comments?post=46000"}],"wp:featuredmedia":[{"embeddable":true,"href":"https:\/\/pistonaddict.com\/pt-pt\/wp-json\/wp\/v2\/media\/43356"}],"wp:attachment":[{"href":"https:\/\/pistonaddict.com\/pt-pt\/wp-json\/wp\/v2\/media?parent=46000"}],"wp:term":[{"taxonomy":"product_cat","embeddable":true,"href":"https:\/\/pistonaddict.com\/pt-pt\/wp-json\/wp\/v2\/product_cat?post=46000"},{"taxonomy":"product_tag","embeddable":true,"href":"https:\/\/pistonaddict.com\/pt-pt\/wp-json\/wp\/v2\/product_tag?post=46000"}],"curies":[{"name":"wp","href":"https:\/\/api.w.org\/{rel}","templated":true}]}}