{"id":41970,"date":"2023-06-12T14:22:37","date_gmt":"2023-06-12T12:22:37","guid":{"rendered":"https:\/\/pistonaddict.com\/product\/audi-r8-4-2-fsi-v8\/"},"modified":"2024-03-20T09:14:32","modified_gmt":"2024-03-20T08:14:32","slug":"audi-r8-4-2-fsi-v8","status":"publish","type":"product","link":"https:\/\/pistonaddict.com\/pt-pt\/product\/audi-r8-4-2-fsi-v8\/","title":{"rendered":"Audi R8 4.2 FSI V8"},"content":{"rendered":"<p><strong>Hist\u00f3ria do modelo<\/strong><\/p>\n<p>O R8 causou grande sensa\u00e7\u00e3o quando foi lan\u00e7ado em 2007, e n\u00e3o s\u00f3 foi o primeiro supercarro da Audi, como tamb\u00e9m teve um sucesso incr\u00edvel com o seu design intemporal e um fant\u00e1stico sistema de trac\u00e7\u00e3o composto por um V8 de alta rota\u00e7\u00e3o (mais tarde V10) e o famoso sistema de trac\u00e7\u00e3o integral Quattro. O aparecimento do R8 deixou os concorrentes muito nervosos, uma vez que os clientes tinham finalmente a oportunidade de comprar uma m\u00e1quina altamente capaz com trac\u00e7\u00e3o AWD e qualidade Audi. \u00c9 por isso que a primeira gera\u00e7\u00e3o do R8 foi um enorme sucesso, com quase 30.000 exemplares produzidos. Este exemplar em particular \u00e9 o modelo de 2014, o que significa que \u00e9 uma vers\u00e3o posterior e mais apetec\u00edvel que beneficiou de um ligeiro restyle, de melhores caracter\u00edsticas e de uma mec\u00e2nica refinada. A pot\u00eancia \u00e9 fornecida por um motor V8 FSI de 4,2 litros, que debita 430 cv e os envia para as quatro rodas atrav\u00e9s de uma transmiss\u00e3o autom\u00e1tica de dupla embraiagem S Tronic de 7 velocidades. Esta combina\u00e7\u00e3o \u00e9 capaz de atingir um tempo de 4,2 segundos dos 0 aos 100 km\/h e uma velocidade m\u00e1xima de pouco mais de 300 km\/h, o que coloca o R8 na categoria dos supercarros.<\/p>\n<p><strong>Estado<\/strong><\/p>\n<p>Com apenas 43.649 km no conta-quil\u00f3metros, este R8 est\u00e1 em condi\u00e7\u00f5es ideais. Foi entregue pela primeira vez no final de 2014 ao seu propriet\u00e1rio original nos Pa\u00edses Baixos, e os actuais propriet\u00e1rios adquiriram-no em 2021. Este Audi R8 nunca foi utilizado em pista e foi objecto de manuten\u00e7\u00e3o regular com registos de assist\u00eancia fornecidos pelo vendedor. Al\u00e9m disso, este exemplo \u00e9 completamente stock, sem quaisquer modifica\u00e7\u00f5es ou complementos desnecess\u00e1rios. Todos os equipamentos e caracter\u00edsticas de f\u00e1brica est\u00e3o presentes e funcionais. A \u00faltima revis\u00e3o, juntamente com a mudan\u00e7a de \u00f3leo, foi efectuada no final de Outubro de 2022 e os trav\u00f5es foram revistos em Junho de 2023. A chamada revis\u00e3o &#8220;longa dura\u00e7\u00e3o&#8221; foi efectuada e as velas de igni\u00e7\u00e3o foram substitu\u00eddas. <strong>Este R8 est\u00e1 coberto por uma garantia Bovag de 6 meses<\/strong>, o que demonstra que est\u00e1 em perfeitas condi\u00e7\u00f5es.<\/p>\n<p><strong>Exterior e rodas<\/strong><\/p>\n<p>Pintado na elegante cor Panther Black, este R8 beneficia de um pacote de carbono opcional com inser\u00e7\u00f5es exteriores e interiores em fibra de carbono. A carro\u00e7aria do autom\u00f3vel n\u00e3o apresenta danos, riscos ou descolora\u00e7\u00f5es e a pintura est\u00e1 em perfeito estado. A \u00fanica coisa que foi tocada no exterior deste R8 foi a escotilha do dep\u00f3sito reparada (porta da tampa do dep\u00f3sito de combust\u00edvel), que foi executada por um concession\u00e1rio certificado (fatura em 5 de maio de 2021). O visual \u00e9 real\u00e7ado pelas jantes opcionais de 20 polegadas envolvidas em pneus Pirelli P Zero novos.<\/p>\n<p><strong>Interior<\/strong><\/p>\n<p>Coberto por uma combina\u00e7\u00e3o de pele preta e Alcantara a condizer, o interior n\u00e3o apresenta sinais de desgaste e tem inser\u00e7\u00f5es em fibra de carbono como parte do pacote de acabamentos de f\u00e1brica. Os bancos t\u00eam uma fun\u00e7\u00e3o de aquecimento opcional e todos os sistemas (\u00e1udio, infotainment, HVAC) est\u00e3o em perfeitas condi\u00e7\u00f5es de funcionamento. Como parte da lista de equipamento, vale a pena mencionar que este R8 tem controlo de velocidade de cruzeiro, limpa p\u00e1ra-brisas com sensores de chuva, sistema \u00e1udio Bang and Olufsen, espelhos retrovisores com escurecimento autom\u00e1tico, navega\u00e7\u00e3o, ilumina\u00e7\u00e3o LED e muito mais.<\/p>\n<p><strong>Documenta\u00e7\u00e3o<\/strong><\/p>\n<p>Este ve\u00edculo usado com a documenta\u00e7\u00e3o adequada est\u00e1 localizado nos Pa\u00edses Baixos. O relat\u00f3rio CarFax est\u00e1 limpo, n\u00e3o existem problemas legais. Existem registos de manuten\u00e7\u00e3o regular e de algumas pequenas repara\u00e7\u00f5es. \u00c9 muito importante mencionar que este Audi R8 tem um reembolso BPM. O reembolso BPM \u00e9 um reembolso do imposto de luxo holand\u00eas para exporta\u00e7\u00e3o. <strong> Isto significa que se o comprador estiver localizado em qualquer outro pa\u00eds da Uni\u00e3o Europeia (excepto nos Pa\u00edses Baixos) e registar este autom\u00f3vel no seu pa\u00eds de origem no prazo de 13 semanas ap\u00f3s a compra, receber\u00e1 5 967 euros de volta<\/strong>, o que \u00e9 muito conveniente.<br \/>\nVer o <a href=\"https:\/\/pistonaddict.com\/wp-content\/uploads\/2023\/06\/CARFAX-Vehicle-History-Report-AUDI-R8.pdf\">CarFax deste Audi R8<\/a>.<\/p>\n<p><strong>Para aceder ao leil\u00e3o deste ve\u00edculo de qualidade superior, \u00e9 necess\u00e1rio um cart\u00e3o de cr\u00e9dito (libertado automaticamente).<\/strong><\/p>\n<p>Veja o v\u00eddeo do arranque a frio deste magn\u00edfico Audi R8 aqui :<\/p>\n<p><iframe title=\"Cold Start video of the Audi R8 4.2 FSI V8 on auction sale\" width=\"1200\" height=\"675\" src=\"https:\/\/www.youtube.com\/embed\/GyBid0aFEiA?feature=oembed\" frameborder=\"0\" allow=\"accelerometer; autoplay; clipboard-write; encrypted-media; gyroscope; picture-in-picture; web-share\" allowfullscreen><\/iframe><\/p>\n","protected":false},"excerpt":{"rendered":"<p>\u00c9 frequente ouvir a express\u00e3o &#8220;supercarro para todos os dias&#8221;; no entanto, s\u00e3o muito poucos os autom\u00f3veis que, de facto, oferecem um desempenho, uma facilidade de utiliza\u00e7\u00e3o e uma fiabilidade convincentes no dia-a-dia. O Audi R8 de 2014 \u00e9 uma j\u00f3ia. Com o seu potente V8 de 4,2 litros, um interior bem equipado e uma din\u00e2mica de condu\u00e7\u00e3o perfeita, \u00e9 o carro de que pode desfrutar diariamente e ainda ter todas as vantagens de conduzir um supercarro puro-sangue. Pode fazer uma oferta para este autom\u00f3vel <a href=\"https:\/\/pistonaddict.com\/contact-us\/\">contactando-nos<\/a>.<\/p>\n","protected":false},"featured_media":41845,"comment_status":"open","ping_status":"closed","template":"","meta":{"inline_featured_image":false},"product_cat":[735],"product_tag":[1888,1884,927],"acf":[],"yoast_head":"<!-- This site is optimized with the Yoast SEO plugin v22.5 - https:\/\/yoast.com\/wordpress\/plugins\/seo\/ -->\n<title>de Audi R8 4.2 FSI V8 leil\u00e3o - Piston Addict<\/title>\n<meta name=\"description\" content=\"Este Audi R8 \u00e9 o modelo de 2014, o que significa que \u00e9 uma vers\u00e3o posterior e mais apetec\u00edvel que beneficiou de um ligeiro restyle, melhores caracter\u00edsticas e uma mec\u00e2nica refinada. A pot\u00eancia \u00e9 fornecida por um motor V8 FSI de 4,2 litros, que debita 430 cv e os envia para as quatro rodas atrav\u00e9s de uma transmiss\u00e3o autom\u00e1tica de dupla embraiagem S Tronic de 7 velocidades.\" \/>\n<meta name=\"robots\" content=\"index, follow, max-snippet:-1, max-image-preview:large, max-video-preview:-1\" \/>\n<link rel=\"canonical\" href=\"https:\/\/pistonaddict.com\/pt-pt\/product\/audi-r8-4-2-fsi-v8\/\" \/>\n<meta property=\"og:locale\" content=\"pt_PT\" \/>\n<meta property=\"og:type\" content=\"article\" \/>\n<meta property=\"og:title\" content=\"de Audi R8 4.2 FSI V8 leil\u00e3o - Piston Addict\" \/>\n<meta property=\"og:description\" content=\"Este Audi R8 \u00e9 o modelo de 2014, o que significa que \u00e9 uma vers\u00e3o posterior e mais apetec\u00edvel que beneficiou de um ligeiro restyle, melhores caracter\u00edsticas e uma mec\u00e2nica refinada. A pot\u00eancia \u00e9 fornecida por um motor V8 FSI de 4,2 litros, que debita 430 cv e os envia para as quatro rodas atrav\u00e9s de uma transmiss\u00e3o autom\u00e1tica de dupla embraiagem S Tronic de 7 velocidades.\" \/>\n<meta property=\"og:url\" content=\"https:\/\/pistonaddict.com\/pt-pt\/product\/audi-r8-4-2-fsi-v8\/\" \/>\n<meta property=\"og:site_name\" content=\"Piston Addict\" \/>\n<meta property=\"article:modified_time\" content=\"2024-03-20T08:14:32+00:00\" \/>\n<meta property=\"og:image\" content=\"https:\/\/pistonaddict.com\/wp-content\/uploads\/2023\/06\/foto-5.jpg\" \/>\n\t<meta property=\"og:image:width\" content=\"1024\" \/>\n\t<meta property=\"og:image:height\" content=\"683\" \/>\n\t<meta property=\"og:image:type\" content=\"image\/jpeg\" \/>\n<meta name=\"twitter:card\" content=\"summary_large_image\" \/>\n<meta name=\"twitter:label1\" content=\"Tempo estimado de leitura\" \/>\n\t<meta name=\"twitter:data1\" content=\"4 minutos\" \/>\n<script type=\"application\/ld+json\" class=\"yoast-schema-graph\">{\"@context\":\"https:\/\/schema.org\",\"@graph\":[{\"@type\":\"WebPage\",\"@id\":\"https:\/\/pistonaddict.com\/pt-pt\/product\/audi-r8-4-2-fsi-v8\/\",\"url\":\"https:\/\/pistonaddict.com\/pt-pt\/product\/audi-r8-4-2-fsi-v8\/\",\"name\":\"de Audi R8 4.2 FSI V8 leil\u00e3o - Piston Addict\",\"isPartOf\":{\"@id\":\"https:\/\/pistonaddict.com\/pt-pt\/#website\"},\"primaryImageOfPage\":{\"@id\":\"https:\/\/pistonaddict.com\/pt-pt\/product\/audi-r8-4-2-fsi-v8\/#primaryimage\"},\"image\":{\"@id\":\"https:\/\/pistonaddict.com\/pt-pt\/product\/audi-r8-4-2-fsi-v8\/#primaryimage\"},\"thumbnailUrl\":\"https:\/\/pistonaddict.com\/wp-content\/uploads\/2023\/06\/foto-5.jpg\",\"datePublished\":\"2023-06-12T12:22:37+00:00\",\"dateModified\":\"2024-03-20T08:14:32+00:00\",\"description\":\"Este Audi R8 \u00e9 o modelo de 2014, o que significa que \u00e9 uma vers\u00e3o posterior e mais apetec\u00edvel que beneficiou de um ligeiro restyle, melhores caracter\u00edsticas e uma mec\u00e2nica refinada. A pot\u00eancia \u00e9 fornecida por um motor V8 FSI de 4,2 litros, que debita 430 cv e os envia para as quatro rodas atrav\u00e9s de uma transmiss\u00e3o autom\u00e1tica de dupla embraiagem S Tronic de 7 velocidades.\",\"breadcrumb\":{\"@id\":\"https:\/\/pistonaddict.com\/pt-pt\/product\/audi-r8-4-2-fsi-v8\/#breadcrumb\"},\"inLanguage\":\"pt-PT\",\"potentialAction\":[{\"@type\":\"ReadAction\",\"target\":[\"https:\/\/pistonaddict.com\/pt-pt\/product\/audi-r8-4-2-fsi-v8\/\"]}]},{\"@type\":\"ImageObject\",\"inLanguage\":\"pt-PT\",\"@id\":\"https:\/\/pistonaddict.com\/pt-pt\/product\/audi-r8-4-2-fsi-v8\/#primaryimage\",\"url\":\"https:\/\/pistonaddict.com\/wp-content\/uploads\/2023\/06\/foto-5.jpg\",\"contentUrl\":\"https:\/\/pistonaddict.com\/wp-content\/uploads\/2023\/06\/foto-5.jpg\",\"width\":1024,\"height\":683},{\"@type\":\"BreadcrumbList\",\"@id\":\"https:\/\/pistonaddict.com\/pt-pt\/product\/audi-r8-4-2-fsi-v8\/#breadcrumb\",\"itemListElement\":[{\"@type\":\"ListItem\",\"position\":1,\"name\":\"Rece\u00e7\u00e3o\",\"item\":\"https:\/\/pistonaddict.com\/pt-pt\/pagina-inicial\/\"},{\"@type\":\"ListItem\",\"position\":2,\"name\":\"Auctions\",\"item\":\"https:\/\/pistonaddict.com\/auctions-listing\/\"},{\"@type\":\"ListItem\",\"position\":3,\"name\":\"Audi R8 4.2 FSI V8\"}]},{\"@type\":\"WebSite\",\"@id\":\"https:\/\/pistonaddict.com\/pt-pt\/#website\",\"url\":\"https:\/\/pistonaddict.com\/pt-pt\/\",\"name\":\"Piston Addict\",\"description\":\"Only interesting vehicles\",\"publisher\":{\"@id\":\"https:\/\/pistonaddict.com\/pt-pt\/#organization\"},\"potentialAction\":[{\"@type\":\"SearchAction\",\"target\":{\"@type\":\"EntryPoint\",\"urlTemplate\":\"https:\/\/pistonaddict.com\/pt-pt\/?s={search_term_string}\"},\"query-input\":\"required name=search_term_string\"}],\"inLanguage\":\"pt-PT\"},{\"@type\":\"Organization\",\"@id\":\"https:\/\/pistonaddict.com\/pt-pt\/#organization\",\"name\":\"Piston Addict\",\"url\":\"https:\/\/pistonaddict.com\/pt-pt\/\",\"logo\":{\"@type\":\"ImageObject\",\"inLanguage\":\"pt-PT\",\"@id\":\"https:\/\/pistonaddict.com\/pt-pt\/#\/schema\/logo\/image\/\",\"url\":\"https:\/\/pistonaddict.com\/wp-content\/uploads\/2022\/07\/logo-6.png\",\"contentUrl\":\"https:\/\/pistonaddict.com\/wp-content\/uploads\/2022\/07\/logo-6.png\",\"width\":970,\"height\":200,\"caption\":\"Piston Addict\"},\"image\":{\"@id\":\"https:\/\/pistonaddict.com\/pt-pt\/#\/schema\/logo\/image\/\"}}]}<\/script>\n<!-- \/ Yoast SEO plugin. -->","yoast_head_json":{"title":"de Audi R8 4.2 FSI V8 leil\u00e3o - Piston Addict","description":"Este Audi R8 \u00e9 o modelo de 2014, o que significa que \u00e9 uma vers\u00e3o posterior e mais apetec\u00edvel que beneficiou de um ligeiro restyle, melhores caracter\u00edsticas e uma mec\u00e2nica refinada. A pot\u00eancia \u00e9 fornecida por um motor V8 FSI de 4,2 litros, que debita 430 cv e os envia para as quatro rodas atrav\u00e9s de uma transmiss\u00e3o autom\u00e1tica de dupla embraiagem S Tronic de 7 velocidades.","robots":{"index":"index","follow":"follow","max-snippet":"max-snippet:-1","max-image-preview":"max-image-preview:large","max-video-preview":"max-video-preview:-1"},"canonical":"https:\/\/pistonaddict.com\/pt-pt\/product\/audi-r8-4-2-fsi-v8\/","og_locale":"pt_PT","og_type":"article","og_title":"de Audi R8 4.2 FSI V8 leil\u00e3o - Piston Addict","og_description":"Este Audi R8 \u00e9 o modelo de 2014, o que significa que \u00e9 uma vers\u00e3o posterior e mais apetec\u00edvel que beneficiou de um ligeiro restyle, melhores caracter\u00edsticas e uma mec\u00e2nica refinada. A pot\u00eancia \u00e9 fornecida por um motor V8 FSI de 4,2 litros, que debita 430 cv e os envia para as quatro rodas atrav\u00e9s de uma transmiss\u00e3o autom\u00e1tica de dupla embraiagem S Tronic de 7 velocidades.","og_url":"https:\/\/pistonaddict.com\/pt-pt\/product\/audi-r8-4-2-fsi-v8\/","og_site_name":"Piston Addict","article_modified_time":"2024-03-20T08:14:32+00:00","og_image":[{"width":1024,"height":683,"url":"https:\/\/pistonaddict.com\/wp-content\/uploads\/2023\/06\/foto-5.jpg","type":"image\/jpeg"}],"twitter_card":"summary_large_image","twitter_misc":{"Tempo estimado de leitura":"4 minutos"},"schema":{"@context":"https:\/\/schema.org","@graph":[{"@type":"WebPage","@id":"https:\/\/pistonaddict.com\/pt-pt\/product\/audi-r8-4-2-fsi-v8\/","url":"https:\/\/pistonaddict.com\/pt-pt\/product\/audi-r8-4-2-fsi-v8\/","name":"de Audi R8 4.2 FSI V8 leil\u00e3o - Piston Addict","isPartOf":{"@id":"https:\/\/pistonaddict.com\/pt-pt\/#website"},"primaryImageOfPage":{"@id":"https:\/\/pistonaddict.com\/pt-pt\/product\/audi-r8-4-2-fsi-v8\/#primaryimage"},"image":{"@id":"https:\/\/pistonaddict.com\/pt-pt\/product\/audi-r8-4-2-fsi-v8\/#primaryimage"},"thumbnailUrl":"https:\/\/pistonaddict.com\/wp-content\/uploads\/2023\/06\/foto-5.jpg","datePublished":"2023-06-12T12:22:37+00:00","dateModified":"2024-03-20T08:14:32+00:00","description":"Este Audi R8 \u00e9 o modelo de 2014, o que significa que \u00e9 uma vers\u00e3o posterior e mais apetec\u00edvel que beneficiou de um ligeiro restyle, melhores caracter\u00edsticas e uma mec\u00e2nica refinada. A pot\u00eancia \u00e9 fornecida por um motor V8 FSI de 4,2 litros, que debita 430 cv e os envia para as quatro rodas atrav\u00e9s de uma transmiss\u00e3o autom\u00e1tica de dupla embraiagem S Tronic de 7 velocidades.","breadcrumb":{"@id":"https:\/\/pistonaddict.com\/pt-pt\/product\/audi-r8-4-2-fsi-v8\/#breadcrumb"},"inLanguage":"pt-PT","potentialAction":[{"@type":"ReadAction","target":["https:\/\/pistonaddict.com\/pt-pt\/product\/audi-r8-4-2-fsi-v8\/"]}]},{"@type":"ImageObject","inLanguage":"pt-PT","@id":"https:\/\/pistonaddict.com\/pt-pt\/product\/audi-r8-4-2-fsi-v8\/#primaryimage","url":"https:\/\/pistonaddict.com\/wp-content\/uploads\/2023\/06\/foto-5.jpg","contentUrl":"https:\/\/pistonaddict.com\/wp-content\/uploads\/2023\/06\/foto-5.jpg","width":1024,"height":683},{"@type":"BreadcrumbList","@id":"https:\/\/pistonaddict.com\/pt-pt\/product\/audi-r8-4-2-fsi-v8\/#breadcrumb","itemListElement":[{"@type":"ListItem","position":1,"name":"Rece\u00e7\u00e3o","item":"https:\/\/pistonaddict.com\/pt-pt\/pagina-inicial\/"},{"@type":"ListItem","position":2,"name":"Auctions","item":"https:\/\/pistonaddict.com\/auctions-listing\/"},{"@type":"ListItem","position":3,"name":"Audi R8 4.2 FSI V8"}]},{"@type":"WebSite","@id":"https:\/\/pistonaddict.com\/pt-pt\/#website","url":"https:\/\/pistonaddict.com\/pt-pt\/","name":"Piston Addict","description":"Only interesting vehicles","publisher":{"@id":"https:\/\/pistonaddict.com\/pt-pt\/#organization"},"potentialAction":[{"@type":"SearchAction","target":{"@type":"EntryPoint","urlTemplate":"https:\/\/pistonaddict.com\/pt-pt\/?s={search_term_string}"},"query-input":"required name=search_term_string"}],"inLanguage":"pt-PT"},{"@type":"Organization","@id":"https:\/\/pistonaddict.com\/pt-pt\/#organization","name":"Piston Addict","url":"https:\/\/pistonaddict.com\/pt-pt\/","logo":{"@type":"ImageObject","inLanguage":"pt-PT","@id":"https:\/\/pistonaddict.com\/pt-pt\/#\/schema\/logo\/image\/","url":"https:\/\/pistonaddict.com\/wp-content\/uploads\/2022\/07\/logo-6.png","contentUrl":"https:\/\/pistonaddict.com\/wp-content\/uploads\/2022\/07\/logo-6.png","width":970,"height":200,"caption":"Piston Addict"},"image":{"@id":"https:\/\/pistonaddict.com\/pt-pt\/#\/schema\/logo\/image\/"}}]}},"_links":{"self":[{"href":"https:\/\/pistonaddict.com\/pt-pt\/wp-json\/wp\/v2\/product\/41970"}],"collection":[{"href":"https:\/\/pistonaddict.com\/pt-pt\/wp-json\/wp\/v2\/product"}],"about":[{"href":"https:\/\/pistonaddict.com\/pt-pt\/wp-json\/wp\/v2\/types\/product"}],"replies":[{"embeddable":true,"href":"https:\/\/pistonaddict.com\/pt-pt\/wp-json\/wp\/v2\/comments?post=41970"}],"wp:featuredmedia":[{"embeddable":true,"href":"https:\/\/pistonaddict.com\/pt-pt\/wp-json\/wp\/v2\/media\/41845"}],"wp:attachment":[{"href":"https:\/\/pistonaddict.com\/pt-pt\/wp-json\/wp\/v2\/media?parent=41970"}],"wp:term":[{"taxonomy":"product_cat","embeddable":true,"href":"https:\/\/pistonaddict.com\/pt-pt\/wp-json\/wp\/v2\/product_cat?post=41970"},{"taxonomy":"product_tag","embeddable":true,"href":"https:\/\/pistonaddict.com\/pt-pt\/wp-json\/wp\/v2\/product_tag?post=41970"}],"curies":[{"name":"wp","href":"https:\/\/api.w.org\/{rel}","templated":true}]}}