{"id":39226,"date":"2023-04-19T17:31:19","date_gmt":"2023-04-19T15:31:19","guid":{"rendered":"https:\/\/pistonaddict.com\/product\/mclaren-720s\/"},"modified":"2024-03-19T17:52:30","modified_gmt":"2024-03-19T16:52:30","slug":"mclaren-720s","status":"publish","type":"product","link":"https:\/\/pistonaddict.com\/pt-pt\/product\/mclaren-720s\/","title":{"rendered":"McLaren 720S"},"content":{"rendered":"<h2>Exterior<\/h2>\n<p>Pintado de cor-de-laranja brilhante, o McLaren 720S que temos em m\u00e3os vai certamente chamar a aten\u00e7\u00e3o onde quer que apare\u00e7a. Mas, por outro lado, seria o mesmo em qualquer outra cor, gra\u00e7as ao seu design deslumbrante, inspirado em tubar\u00f5es. Com um painel frontal agressivo, uma silhueta aerodin\u00e2mica e portas em forma de borboleta pr\u00e1ticas e divertidas, \u00e9 impressionante de qualquer \u00e2ngulo. Isto inclui enormes entradas de ar nas laterais, um compartimento do motor coberto de rede que brilha quando a igni\u00e7\u00e3o est\u00e1 ligada e um spoiler traseiro que se destaca quando se trava a fundo. E a travagem \u00e9 feita com discos de cer\u00e2mica maci\u00e7a atr\u00e1s das jantes pretas de 19 polegadas do carro com pneus Pirelli P Zero.<\/p>\n<p>No entanto, este ve\u00edculo de dois lugares n\u00e3o tem o aspecto que tem apenas para o espect\u00e1culo, uma vez que a maioria das formas da carro\u00e7aria s\u00e3o esculpidas para melhorar a aerodin\u00e2mica e gerar for\u00e7a descendente. E, como tal, o McLaren 720S mostra que a forma e a fun\u00e7\u00e3o podem ser unidas em perfeita harmonia.<\/p>\n<h2>Interior<\/h2>\n<p>O interior do McLaren, revestido a Alcantara e fibra de carbono, revela ainda mais a orienta\u00e7\u00e3o para a pista deste autom\u00f3vel. O primeiro \u00e9 um par de bancos desportivos moldados para manter o condutor e o passageiro firmemente presos nas curvas apertadas. Depois, h\u00e1 um volante triangular revestido a couro, que enquadra um painel de instrumentos digital. Quando est\u00e1 no modo normal, apresenta v\u00e1rios par\u00e2metros do motor e do ve\u00edculo, como a velocidade e a temperatura do motor. Mas quando o modo Track \u00e9 activado, todo o painel de instrumentos se inclina para baixo, revelando um pequeno ecr\u00e3 no topo, que mostra apenas o conta-rota\u00e7\u00f5es, a velocidade e a mudan\u00e7a seleccionada. Por \u00faltimo, a consola central \u00e9 escassa, mas funcionalmente equipada com bot\u00f5es essenciais, acompanhados por um ecr\u00e3 t\u00e1ctil central orientado para o condutor.<\/p>\n<h2>Mec\u00e2nica<\/h2>\n<p>Por baixo da pele elegante e de formato aerodin\u00e2mico, o 720S tem um chassis monocoque em fibra de carbono, a que a McLaren chama MonoCage. Esta estrutura inspirada na F1 n\u00e3o s\u00f3 \u00e9 leve, como tamb\u00e9m \u00e9 extremamente r\u00edgida, o que reduz a flex\u00e3o da carro\u00e7aria em curvas fortes.<\/p>\n<p>O cora\u00e7\u00e3o de todos os autom\u00f3veis superdesportivos \u00e9 o motor, que, no caso da McLaren, est\u00e1 instalado mesmo atr\u00e1s dos bancos. No equipamento de f\u00e1brica, o V8 biturbo escondido desenvolve 720 cavalos de pot\u00eancia, o n\u00famero a que o carro deve o seu nome, e uns espantosos 770 Nm de bin\u00e1rio. A pot\u00eancia \u00e9 enviada para as rodas traseiras atrav\u00e9s de uma r\u00e1pida transmiss\u00e3o de dupla embraiagem de 7 velocidades.<\/p>\n<p>E tudo isto num autom\u00f3vel que pesa apenas 1.400 kg \u00e9 mais do que suficiente para um comportamento e desempenho superiores. Em termos de n\u00fameros, isso traduz-se numa acelera\u00e7\u00e3o dos 0 aos 60 em 2,9 segundos e numa velocidade m\u00e1xima de 212 milhas por hora. Mas este, no entanto, n\u00e3o \u00e9 um McLaren 720S comum, afinado de f\u00e1brica. Em vez disso, o seu propriet\u00e1rio equipou-o com um Litchfield Custom Tune que aumenta a pot\u00eancia do motor para 800 cavalos.<\/p>\n<h2>Hist\u00f3rico do ve\u00edculo<\/h2>\n<p>O vendedor afirma que todos os trabalhos de manuten\u00e7\u00e3o foram efectuados regularmente, tendo a \u00faltima revis\u00e3o sido feita em Outubro de 2022. Actualmente, n\u00e3o existem falhas ou avisos conhecidos no painel de instrumentos. Al\u00e9m disso, a julgar pelas fotografias fornecidas, n\u00e3o h\u00e1 imperfei\u00e7\u00f5es na carro\u00e7aria a assinalar.<\/p>\n","protected":false},"excerpt":{"rendered":"<p>\u00c0 venda aqui est\u00e1 o McLaren 720S, sem d\u00favida um dos carros com melhor desempenho na sua classe. Com um motor V8 turboalimentado e uma suspens\u00e3o de \u00faltima gera\u00e7\u00e3o, este coup\u00e9 \u00e9 incrivelmente r\u00e1pido nas rectas e nas curvas. De acordo com o vendedor profissional que o est\u00e1 a leiloar, este McLaren 720S 2017 est\u00e1 impec\u00e1vel, com manuten\u00e7\u00e3o completa e n\u00e3o esteve envolvido em nenhum acidente. At\u00e9 agora, fez um pouco mais de 4.000 quil\u00f3metros e est\u00e1 actualmente no Reino Unido.<\/p>\n","protected":false},"featured_media":39163,"comment_status":"open","ping_status":"closed","template":"","meta":{"inline_featured_image":false},"product_cat":[735],"product_tag":[1660,1655,1649,927],"acf":[],"yoast_head":"<!-- This site is optimized with the Yoast SEO plugin v22.5 - https:\/\/yoast.com\/wordpress\/plugins\/seo\/ -->\n<title>de McLaren 720S leil\u00e3o - Piston Addict<\/title>\n<meta name=\"description\" content=\"Veja este McLaren 720S \u00e0 venda em leil\u00e3o em PistonAddict.com\" \/>\n<meta name=\"robots\" content=\"index, follow, max-snippet:-1, max-image-preview:large, max-video-preview:-1\" \/>\n<link rel=\"canonical\" href=\"https:\/\/pistonaddict.com\/pt-pt\/product\/mclaren-720s\/\" \/>\n<meta property=\"og:locale\" content=\"pt_PT\" \/>\n<meta property=\"og:type\" content=\"article\" \/>\n<meta property=\"og:title\" content=\"de McLaren 720S leil\u00e3o - Piston Addict\" \/>\n<meta property=\"og:description\" content=\"Veja este McLaren 720S \u00e0 venda em leil\u00e3o em PistonAddict.com\" \/>\n<meta property=\"og:url\" content=\"https:\/\/pistonaddict.com\/pt-pt\/product\/mclaren-720s\/\" \/>\n<meta property=\"og:site_name\" content=\"Piston Addict\" \/>\n<meta property=\"article:modified_time\" content=\"2024-03-19T16:52:30+00:00\" \/>\n<meta property=\"og:image\" content=\"https:\/\/pistonaddict.com\/wp-content\/uploads\/2023\/04\/LuxurycarLondonApril11PistonAddict_0851-scaled.jpg\" \/>\n\t<meta property=\"og:image:width\" content=\"2560\" \/>\n\t<meta property=\"og:image:height\" content=\"1534\" \/>\n\t<meta property=\"og:image:type\" content=\"image\/jpeg\" \/>\n<meta name=\"twitter:card\" content=\"summary_large_image\" \/>\n<meta name=\"twitter:label1\" content=\"Tempo estimado de leitura\" \/>\n\t<meta name=\"twitter:data1\" content=\"3 minutos\" \/>\n<script type=\"application\/ld+json\" class=\"yoast-schema-graph\">{\"@context\":\"https:\/\/schema.org\",\"@graph\":[{\"@type\":\"WebPage\",\"@id\":\"https:\/\/pistonaddict.com\/pt-pt\/product\/mclaren-720s\/\",\"url\":\"https:\/\/pistonaddict.com\/pt-pt\/product\/mclaren-720s\/\",\"name\":\"de McLaren 720S leil\u00e3o - Piston Addict\",\"isPartOf\":{\"@id\":\"https:\/\/pistonaddict.com\/pt-pt\/#website\"},\"primaryImageOfPage\":{\"@id\":\"https:\/\/pistonaddict.com\/pt-pt\/product\/mclaren-720s\/#primaryimage\"},\"image\":{\"@id\":\"https:\/\/pistonaddict.com\/pt-pt\/product\/mclaren-720s\/#primaryimage\"},\"thumbnailUrl\":\"https:\/\/pistonaddict.com\/wp-content\/uploads\/2023\/04\/LuxurycarLondonApril11PistonAddict_0851-scaled.jpg\",\"datePublished\":\"2023-04-19T15:31:19+00:00\",\"dateModified\":\"2024-03-19T16:52:30+00:00\",\"description\":\"Veja este McLaren 720S \u00e0 venda em leil\u00e3o em PistonAddict.com\",\"breadcrumb\":{\"@id\":\"https:\/\/pistonaddict.com\/pt-pt\/product\/mclaren-720s\/#breadcrumb\"},\"inLanguage\":\"pt-PT\",\"potentialAction\":[{\"@type\":\"ReadAction\",\"target\":[\"https:\/\/pistonaddict.com\/pt-pt\/product\/mclaren-720s\/\"]}]},{\"@type\":\"ImageObject\",\"inLanguage\":\"pt-PT\",\"@id\":\"https:\/\/pistonaddict.com\/pt-pt\/product\/mclaren-720s\/#primaryimage\",\"url\":\"https:\/\/pistonaddict.com\/wp-content\/uploads\/2023\/04\/LuxurycarLondonApril11PistonAddict_0851-scaled.jpg\",\"contentUrl\":\"https:\/\/pistonaddict.com\/wp-content\/uploads\/2023\/04\/LuxurycarLondonApril11PistonAddict_0851-scaled.jpg\",\"width\":2560,\"height\":1534},{\"@type\":\"BreadcrumbList\",\"@id\":\"https:\/\/pistonaddict.com\/pt-pt\/product\/mclaren-720s\/#breadcrumb\",\"itemListElement\":[{\"@type\":\"ListItem\",\"position\":1,\"name\":\"Rece\u00e7\u00e3o\",\"item\":\"https:\/\/pistonaddict.com\/pt-pt\/pagina-inicial\/\"},{\"@type\":\"ListItem\",\"position\":2,\"name\":\"Auctions\",\"item\":\"https:\/\/pistonaddict.com\/auctions-listing\/\"},{\"@type\":\"ListItem\",\"position\":3,\"name\":\"McLaren 720S\"}]},{\"@type\":\"WebSite\",\"@id\":\"https:\/\/pistonaddict.com\/pt-pt\/#website\",\"url\":\"https:\/\/pistonaddict.com\/pt-pt\/\",\"name\":\"Piston Addict\",\"description\":\"Only interesting vehicles\",\"publisher\":{\"@id\":\"https:\/\/pistonaddict.com\/pt-pt\/#organization\"},\"potentialAction\":[{\"@type\":\"SearchAction\",\"target\":{\"@type\":\"EntryPoint\",\"urlTemplate\":\"https:\/\/pistonaddict.com\/pt-pt\/?s={search_term_string}\"},\"query-input\":\"required name=search_term_string\"}],\"inLanguage\":\"pt-PT\"},{\"@type\":\"Organization\",\"@id\":\"https:\/\/pistonaddict.com\/pt-pt\/#organization\",\"name\":\"Piston Addict\",\"url\":\"https:\/\/pistonaddict.com\/pt-pt\/\",\"logo\":{\"@type\":\"ImageObject\",\"inLanguage\":\"pt-PT\",\"@id\":\"https:\/\/pistonaddict.com\/pt-pt\/#\/schema\/logo\/image\/\",\"url\":\"https:\/\/pistonaddict.com\/wp-content\/uploads\/2022\/07\/logo-6.png\",\"contentUrl\":\"https:\/\/pistonaddict.com\/wp-content\/uploads\/2022\/07\/logo-6.png\",\"width\":970,\"height\":200,\"caption\":\"Piston Addict\"},\"image\":{\"@id\":\"https:\/\/pistonaddict.com\/pt-pt\/#\/schema\/logo\/image\/\"}}]}<\/script>\n<!-- \/ Yoast SEO plugin. -->","yoast_head_json":{"title":"de McLaren 720S leil\u00e3o - Piston Addict","description":"Veja este McLaren 720S \u00e0 venda em leil\u00e3o em PistonAddict.com","robots":{"index":"index","follow":"follow","max-snippet":"max-snippet:-1","max-image-preview":"max-image-preview:large","max-video-preview":"max-video-preview:-1"},"canonical":"https:\/\/pistonaddict.com\/pt-pt\/product\/mclaren-720s\/","og_locale":"pt_PT","og_type":"article","og_title":"de McLaren 720S leil\u00e3o - Piston Addict","og_description":"Veja este McLaren 720S \u00e0 venda em leil\u00e3o em PistonAddict.com","og_url":"https:\/\/pistonaddict.com\/pt-pt\/product\/mclaren-720s\/","og_site_name":"Piston Addict","article_modified_time":"2024-03-19T16:52:30+00:00","og_image":[{"width":2560,"height":1534,"url":"https:\/\/pistonaddict.com\/wp-content\/uploads\/2023\/04\/LuxurycarLondonApril11PistonAddict_0851-scaled.jpg","type":"image\/jpeg"}],"twitter_card":"summary_large_image","twitter_misc":{"Tempo estimado de leitura":"3 minutos"},"schema":{"@context":"https:\/\/schema.org","@graph":[{"@type":"WebPage","@id":"https:\/\/pistonaddict.com\/pt-pt\/product\/mclaren-720s\/","url":"https:\/\/pistonaddict.com\/pt-pt\/product\/mclaren-720s\/","name":"de McLaren 720S leil\u00e3o - Piston Addict","isPartOf":{"@id":"https:\/\/pistonaddict.com\/pt-pt\/#website"},"primaryImageOfPage":{"@id":"https:\/\/pistonaddict.com\/pt-pt\/product\/mclaren-720s\/#primaryimage"},"image":{"@id":"https:\/\/pistonaddict.com\/pt-pt\/product\/mclaren-720s\/#primaryimage"},"thumbnailUrl":"https:\/\/pistonaddict.com\/wp-content\/uploads\/2023\/04\/LuxurycarLondonApril11PistonAddict_0851-scaled.jpg","datePublished":"2023-04-19T15:31:19+00:00","dateModified":"2024-03-19T16:52:30+00:00","description":"Veja este McLaren 720S \u00e0 venda em leil\u00e3o em PistonAddict.com","breadcrumb":{"@id":"https:\/\/pistonaddict.com\/pt-pt\/product\/mclaren-720s\/#breadcrumb"},"inLanguage":"pt-PT","potentialAction":[{"@type":"ReadAction","target":["https:\/\/pistonaddict.com\/pt-pt\/product\/mclaren-720s\/"]}]},{"@type":"ImageObject","inLanguage":"pt-PT","@id":"https:\/\/pistonaddict.com\/pt-pt\/product\/mclaren-720s\/#primaryimage","url":"https:\/\/pistonaddict.com\/wp-content\/uploads\/2023\/04\/LuxurycarLondonApril11PistonAddict_0851-scaled.jpg","contentUrl":"https:\/\/pistonaddict.com\/wp-content\/uploads\/2023\/04\/LuxurycarLondonApril11PistonAddict_0851-scaled.jpg","width":2560,"height":1534},{"@type":"BreadcrumbList","@id":"https:\/\/pistonaddict.com\/pt-pt\/product\/mclaren-720s\/#breadcrumb","itemListElement":[{"@type":"ListItem","position":1,"name":"Rece\u00e7\u00e3o","item":"https:\/\/pistonaddict.com\/pt-pt\/pagina-inicial\/"},{"@type":"ListItem","position":2,"name":"Auctions","item":"https:\/\/pistonaddict.com\/auctions-listing\/"},{"@type":"ListItem","position":3,"name":"McLaren 720S"}]},{"@type":"WebSite","@id":"https:\/\/pistonaddict.com\/pt-pt\/#website","url":"https:\/\/pistonaddict.com\/pt-pt\/","name":"Piston Addict","description":"Only interesting vehicles","publisher":{"@id":"https:\/\/pistonaddict.com\/pt-pt\/#organization"},"potentialAction":[{"@type":"SearchAction","target":{"@type":"EntryPoint","urlTemplate":"https:\/\/pistonaddict.com\/pt-pt\/?s={search_term_string}"},"query-input":"required name=search_term_string"}],"inLanguage":"pt-PT"},{"@type":"Organization","@id":"https:\/\/pistonaddict.com\/pt-pt\/#organization","name":"Piston Addict","url":"https:\/\/pistonaddict.com\/pt-pt\/","logo":{"@type":"ImageObject","inLanguage":"pt-PT","@id":"https:\/\/pistonaddict.com\/pt-pt\/#\/schema\/logo\/image\/","url":"https:\/\/pistonaddict.com\/wp-content\/uploads\/2022\/07\/logo-6.png","contentUrl":"https:\/\/pistonaddict.com\/wp-content\/uploads\/2022\/07\/logo-6.png","width":970,"height":200,"caption":"Piston Addict"},"image":{"@id":"https:\/\/pistonaddict.com\/pt-pt\/#\/schema\/logo\/image\/"}}]}},"_links":{"self":[{"href":"https:\/\/pistonaddict.com\/pt-pt\/wp-json\/wp\/v2\/product\/39226"}],"collection":[{"href":"https:\/\/pistonaddict.com\/pt-pt\/wp-json\/wp\/v2\/product"}],"about":[{"href":"https:\/\/pistonaddict.com\/pt-pt\/wp-json\/wp\/v2\/types\/product"}],"replies":[{"embeddable":true,"href":"https:\/\/pistonaddict.com\/pt-pt\/wp-json\/wp\/v2\/comments?post=39226"}],"wp:featuredmedia":[{"embeddable":true,"href":"https:\/\/pistonaddict.com\/pt-pt\/wp-json\/wp\/v2\/media\/39163"}],"wp:attachment":[{"href":"https:\/\/pistonaddict.com\/pt-pt\/wp-json\/wp\/v2\/media?parent=39226"}],"wp:term":[{"taxonomy":"product_cat","embeddable":true,"href":"https:\/\/pistonaddict.com\/pt-pt\/wp-json\/wp\/v2\/product_cat?post=39226"},{"taxonomy":"product_tag","embeddable":true,"href":"https:\/\/pistonaddict.com\/pt-pt\/wp-json\/wp\/v2\/product_tag?post=39226"}],"curies":[{"name":"wp","href":"https:\/\/api.w.org\/{rel}","templated":true}]}}