{"id":37944,"date":"2023-04-19T16:55:04","date_gmt":"2023-04-19T14:55:04","guid":{"rendered":"https:\/\/pistonaddict.com\/product\/ferrari-412\/"},"modified":"2024-03-19T17:50:33","modified_gmt":"2024-03-19T16:50:33","slug":"ferrari-412","status":"publish","type":"product","link":"https:\/\/pistonaddict.com\/pt-pt\/product\/ferrari-412\/","title":{"rendered":"Ferrari 412"},"content":{"rendered":"<p><strong>Hist\u00f3ria do autom\u00f3vel<\/strong><\/p>\n<p>O Ferrari 412 foi introduzido em 1985 como o produto GT topo de gama da empresa, com espa\u00e7o para quatro passageiros e uma bagageira espa\u00e7osa. Equipado com o cl\u00e1ssico motor Colombo V12, com 4,9 litros de cilindrada, representa uma das \u00faltimas itera\u00e7\u00f5es da era cl\u00e1ssica do Ferrari GT. Com 340 cv, alimentando as rodas traseiras atrav\u00e9s da caixa de velocidades autom\u00e1tica Borg-Warner, este Ferrari 412 consegue atingir os 100 km\/h em apenas 6,5 segundos e acelerar at\u00e9 aos 260 km\/h de velocidade m\u00e1xima. Este exemplar em particular \u00e9 um dos \u00faltimos produzidos, entregue ao primeiro propriet\u00e1rio em Novembro de 1988. A produ\u00e7\u00e3o terminou em 1989, ap\u00f3s a entrega de 576 autom\u00f3veis, dos quais apenas 306 com transmiss\u00e3o autom\u00e1tica. A \u00faltima revis\u00e3o foi efectuada em Abril de 2021 e o autom\u00f3vel quase n\u00e3o foi utilizado desde ent\u00e3o.<\/p>\n<p><strong>Estado do autom\u00f3vel<\/strong><\/p>\n<p>O que torna este elegante GT t\u00e3o atractivo \u00e9 o seu estado. Com menos de 37.000 quil\u00f3metros, \u00e9 um exemplo perfeitamente preservado da eleg\u00e2ncia do Ferrari dos anos 80. Este carro nunca foi restaurado e est\u00e1 no seu not\u00e1vel estado original, at\u00e9 \u00e0s jantes originais, kit de ferramentas (detalhe apreciado entre os coleccionadores de Ferrari) e pneus correctos de f\u00e1brica, que s\u00e3o bastante invulgares hoje em dia. Este Ferrari 412 foi objecto de uma manuten\u00e7\u00e3o adequada e foi guardado na garagem, o que \u00e9 uma das raz\u00f5es pelas quais parece novo. N\u00e3o h\u00e1 fugas de \u00f3leo no trem de aterragem, o compartimento do motor est\u00e1 arrumado, e todos os carimbos e marca\u00e7\u00f5es originais est\u00e3o presentes.<\/p>\n<p><strong>Interior<\/strong><\/p>\n<p>Como seria de esperar, o interior deste Ferrari 412 de 1988 est\u00e1 revestido a pele, e a combina\u00e7\u00e3o de cores do exterior preto com bancos castanhos \u00e9 especialmente apelativa. N\u00e3o existem danos vis\u00edveis e os bancos, os cart\u00f5es das portas e o painel de instrumentos est\u00e3o em perfeitas condi\u00e7\u00f5es. Naturalmente, como um GT luxuoso, que este Ferrari 412 certamente \u00e9, o interior est\u00e1 repleto de confortos, acess\u00f3rios el\u00e9ctricos e controlo clim\u00e1tico funcional. A \u00fanica coisa que n\u00e3o \u00e9 original \u00e9 a unidade principal do sistema \u00e1udio, que foi substitu\u00edda por uma moderna.<\/p>\n<p><strong>Exterior e rodas<\/strong><\/p>\n<p>Todas as pe\u00e7as de acabamento exterior, molduras e componentes de pl\u00e1stico parecem estar em perfeito estado e n\u00e3o h\u00e1 ferrugem, como seria de esperar de um ve\u00edculo que foi bem cuidado. N\u00e3o existem riscos ou amolgadelas e a pintura est\u00e1 em condi\u00e7\u00f5es ideais. Curiosamente, o carro mant\u00e9m as jantes originais e a borracha TRX, que tinha quando era novo. Alguns propriet\u00e1rios de Ferrari 412 trocaram as jantes por outras mais modernas, uma vez que os pneus TRX s\u00e3o dif\u00edceis de encontrar, mas o propriet\u00e1rio deste exemplar manteve-se fiel \u00e0 especifica\u00e7\u00e3o original, o que \u00e9 um toque agrad\u00e1vel e mostra como o carro foi bem tratado.<\/p>\n<p><strong>Documenta\u00e7\u00e3o<\/strong><\/p>\n<p>Trata-se de um ve\u00edculo de propriedade privada com documenta\u00e7\u00e3o adequada, localizado em Londres, Reino Unido. O relat\u00f3rio do CarVertical est\u00e1 limpo; n\u00e3o existem provas de acidentes, repara\u00e7\u00f5es de acidentes ou problemas legais. Existem registos de manuten\u00e7\u00e3o regular.<\/p>\n","protected":false},"excerpt":{"rendered":"<p>Os V12 GTs da Ferrari foram sempre m\u00e1quinas de condu\u00e7\u00e3o sublimes, capazes de saltar continentes a alta velocidade e de proporcionar um conforto impressionante, e este 412 de 1988 n\u00e3o \u00e9 diferente. O desej\u00e1vel modelo tardio apresenta todos os ingredientes de um excelente investimento Ferrari com um potente motor V12, combina\u00e7\u00e3o de cores perfeita e estado imaculado com apenas 37.000 quil\u00f3metros desde novo.<\/p>\n","protected":false},"featured_media":37884,"comment_status":"open","ping_status":"closed","template":"","meta":{"inline_featured_image":false},"product_cat":[735],"product_tag":[1566,1569,1567,927],"acf":[],"yoast_head":"<!-- This site is optimized with the Yoast SEO plugin v22.5 - https:\/\/yoast.com\/wordpress\/plugins\/seo\/ -->\n<title>de Ferrari 412 leil\u00e3o - Piston Addict<\/title>\n<meta name=\"description\" content=\"Veja este Ferrari 412 para venda em leil\u00e3o em PistonAddict.com com transmiss\u00e3o autom\u00e1tica e apenas 36 971 km.\" \/>\n<meta name=\"robots\" content=\"index, follow, max-snippet:-1, max-image-preview:large, max-video-preview:-1\" \/>\n<link rel=\"canonical\" href=\"https:\/\/pistonaddict.com\/pt-pt\/product\/ferrari-412\/\" \/>\n<meta property=\"og:locale\" content=\"pt_PT\" \/>\n<meta property=\"og:type\" content=\"article\" \/>\n<meta property=\"og:title\" content=\"de Ferrari 412 leil\u00e3o - Piston Addict\" \/>\n<meta property=\"og:description\" content=\"Veja este Ferrari 412 para venda em leil\u00e3o em PistonAddict.com com transmiss\u00e3o autom\u00e1tica e apenas 36 971 km.\" \/>\n<meta property=\"og:url\" content=\"https:\/\/pistonaddict.com\/pt-pt\/product\/ferrari-412\/\" \/>\n<meta property=\"og:site_name\" content=\"Piston Addict\" \/>\n<meta property=\"article:modified_time\" content=\"2024-03-19T16:50:33+00:00\" \/>\n<meta property=\"og:image\" content=\"https:\/\/pistonaddict.com\/wp-content\/uploads\/2023\/04\/LuxurycarLondonApril11PistonAddict_0358-scaled.jpg\" \/>\n\t<meta property=\"og:image:width\" content=\"2560\" \/>\n\t<meta property=\"og:image:height\" content=\"1737\" \/>\n\t<meta property=\"og:image:type\" content=\"image\/jpeg\" \/>\n<meta name=\"twitter:card\" content=\"summary_large_image\" \/>\n<meta name=\"twitter:label1\" content=\"Tempo estimado de leitura\" \/>\n\t<meta name=\"twitter:data1\" content=\"3 minutos\" \/>\n<script type=\"application\/ld+json\" class=\"yoast-schema-graph\">{\"@context\":\"https:\/\/schema.org\",\"@graph\":[{\"@type\":\"WebPage\",\"@id\":\"https:\/\/pistonaddict.com\/pt-pt\/product\/ferrari-412\/\",\"url\":\"https:\/\/pistonaddict.com\/pt-pt\/product\/ferrari-412\/\",\"name\":\"de Ferrari 412 leil\u00e3o - Piston Addict\",\"isPartOf\":{\"@id\":\"https:\/\/pistonaddict.com\/pt-pt\/#website\"},\"primaryImageOfPage\":{\"@id\":\"https:\/\/pistonaddict.com\/pt-pt\/product\/ferrari-412\/#primaryimage\"},\"image\":{\"@id\":\"https:\/\/pistonaddict.com\/pt-pt\/product\/ferrari-412\/#primaryimage\"},\"thumbnailUrl\":\"https:\/\/pistonaddict.com\/wp-content\/uploads\/2023\/04\/LuxurycarLondonApril11PistonAddict_0358-scaled.jpg\",\"datePublished\":\"2023-04-19T14:55:04+00:00\",\"dateModified\":\"2024-03-19T16:50:33+00:00\",\"description\":\"Veja este Ferrari 412 para venda em leil\u00e3o em PistonAddict.com com transmiss\u00e3o autom\u00e1tica e apenas 36 971 km.\",\"breadcrumb\":{\"@id\":\"https:\/\/pistonaddict.com\/pt-pt\/product\/ferrari-412\/#breadcrumb\"},\"inLanguage\":\"pt-PT\",\"potentialAction\":[{\"@type\":\"ReadAction\",\"target\":[\"https:\/\/pistonaddict.com\/pt-pt\/product\/ferrari-412\/\"]}]},{\"@type\":\"ImageObject\",\"inLanguage\":\"pt-PT\",\"@id\":\"https:\/\/pistonaddict.com\/pt-pt\/product\/ferrari-412\/#primaryimage\",\"url\":\"https:\/\/pistonaddict.com\/wp-content\/uploads\/2023\/04\/LuxurycarLondonApril11PistonAddict_0358-scaled.jpg\",\"contentUrl\":\"https:\/\/pistonaddict.com\/wp-content\/uploads\/2023\/04\/LuxurycarLondonApril11PistonAddict_0358-scaled.jpg\",\"width\":2560,\"height\":1737},{\"@type\":\"BreadcrumbList\",\"@id\":\"https:\/\/pistonaddict.com\/pt-pt\/product\/ferrari-412\/#breadcrumb\",\"itemListElement\":[{\"@type\":\"ListItem\",\"position\":1,\"name\":\"Rece\u00e7\u00e3o\",\"item\":\"https:\/\/pistonaddict.com\/pt-pt\/pagina-inicial\/\"},{\"@type\":\"ListItem\",\"position\":2,\"name\":\"Auctions\",\"item\":\"https:\/\/pistonaddict.com\/auctions-listing\/\"},{\"@type\":\"ListItem\",\"position\":3,\"name\":\"Ferrari 412\"}]},{\"@type\":\"WebSite\",\"@id\":\"https:\/\/pistonaddict.com\/pt-pt\/#website\",\"url\":\"https:\/\/pistonaddict.com\/pt-pt\/\",\"name\":\"Piston Addict\",\"description\":\"Only interesting vehicles\",\"publisher\":{\"@id\":\"https:\/\/pistonaddict.com\/pt-pt\/#organization\"},\"potentialAction\":[{\"@type\":\"SearchAction\",\"target\":{\"@type\":\"EntryPoint\",\"urlTemplate\":\"https:\/\/pistonaddict.com\/pt-pt\/?s={search_term_string}\"},\"query-input\":\"required name=search_term_string\"}],\"inLanguage\":\"pt-PT\"},{\"@type\":\"Organization\",\"@id\":\"https:\/\/pistonaddict.com\/pt-pt\/#organization\",\"name\":\"Piston Addict\",\"url\":\"https:\/\/pistonaddict.com\/pt-pt\/\",\"logo\":{\"@type\":\"ImageObject\",\"inLanguage\":\"pt-PT\",\"@id\":\"https:\/\/pistonaddict.com\/pt-pt\/#\/schema\/logo\/image\/\",\"url\":\"https:\/\/pistonaddict.com\/wp-content\/uploads\/2022\/07\/logo-6.png\",\"contentUrl\":\"https:\/\/pistonaddict.com\/wp-content\/uploads\/2022\/07\/logo-6.png\",\"width\":970,\"height\":200,\"caption\":\"Piston Addict\"},\"image\":{\"@id\":\"https:\/\/pistonaddict.com\/pt-pt\/#\/schema\/logo\/image\/\"}}]}<\/script>\n<!-- \/ Yoast SEO plugin. -->","yoast_head_json":{"title":"de Ferrari 412 leil\u00e3o - Piston Addict","description":"Veja este Ferrari 412 para venda em leil\u00e3o em PistonAddict.com com transmiss\u00e3o autom\u00e1tica e apenas 36 971 km.","robots":{"index":"index","follow":"follow","max-snippet":"max-snippet:-1","max-image-preview":"max-image-preview:large","max-video-preview":"max-video-preview:-1"},"canonical":"https:\/\/pistonaddict.com\/pt-pt\/product\/ferrari-412\/","og_locale":"pt_PT","og_type":"article","og_title":"de Ferrari 412 leil\u00e3o - Piston Addict","og_description":"Veja este Ferrari 412 para venda em leil\u00e3o em PistonAddict.com com transmiss\u00e3o autom\u00e1tica e apenas 36 971 km.","og_url":"https:\/\/pistonaddict.com\/pt-pt\/product\/ferrari-412\/","og_site_name":"Piston Addict","article_modified_time":"2024-03-19T16:50:33+00:00","og_image":[{"width":2560,"height":1737,"url":"https:\/\/pistonaddict.com\/wp-content\/uploads\/2023\/04\/LuxurycarLondonApril11PistonAddict_0358-scaled.jpg","type":"image\/jpeg"}],"twitter_card":"summary_large_image","twitter_misc":{"Tempo estimado de leitura":"3 minutos"},"schema":{"@context":"https:\/\/schema.org","@graph":[{"@type":"WebPage","@id":"https:\/\/pistonaddict.com\/pt-pt\/product\/ferrari-412\/","url":"https:\/\/pistonaddict.com\/pt-pt\/product\/ferrari-412\/","name":"de Ferrari 412 leil\u00e3o - Piston Addict","isPartOf":{"@id":"https:\/\/pistonaddict.com\/pt-pt\/#website"},"primaryImageOfPage":{"@id":"https:\/\/pistonaddict.com\/pt-pt\/product\/ferrari-412\/#primaryimage"},"image":{"@id":"https:\/\/pistonaddict.com\/pt-pt\/product\/ferrari-412\/#primaryimage"},"thumbnailUrl":"https:\/\/pistonaddict.com\/wp-content\/uploads\/2023\/04\/LuxurycarLondonApril11PistonAddict_0358-scaled.jpg","datePublished":"2023-04-19T14:55:04+00:00","dateModified":"2024-03-19T16:50:33+00:00","description":"Veja este Ferrari 412 para venda em leil\u00e3o em PistonAddict.com com transmiss\u00e3o autom\u00e1tica e apenas 36 971 km.","breadcrumb":{"@id":"https:\/\/pistonaddict.com\/pt-pt\/product\/ferrari-412\/#breadcrumb"},"inLanguage":"pt-PT","potentialAction":[{"@type":"ReadAction","target":["https:\/\/pistonaddict.com\/pt-pt\/product\/ferrari-412\/"]}]},{"@type":"ImageObject","inLanguage":"pt-PT","@id":"https:\/\/pistonaddict.com\/pt-pt\/product\/ferrari-412\/#primaryimage","url":"https:\/\/pistonaddict.com\/wp-content\/uploads\/2023\/04\/LuxurycarLondonApril11PistonAddict_0358-scaled.jpg","contentUrl":"https:\/\/pistonaddict.com\/wp-content\/uploads\/2023\/04\/LuxurycarLondonApril11PistonAddict_0358-scaled.jpg","width":2560,"height":1737},{"@type":"BreadcrumbList","@id":"https:\/\/pistonaddict.com\/pt-pt\/product\/ferrari-412\/#breadcrumb","itemListElement":[{"@type":"ListItem","position":1,"name":"Rece\u00e7\u00e3o","item":"https:\/\/pistonaddict.com\/pt-pt\/pagina-inicial\/"},{"@type":"ListItem","position":2,"name":"Auctions","item":"https:\/\/pistonaddict.com\/auctions-listing\/"},{"@type":"ListItem","position":3,"name":"Ferrari 412"}]},{"@type":"WebSite","@id":"https:\/\/pistonaddict.com\/pt-pt\/#website","url":"https:\/\/pistonaddict.com\/pt-pt\/","name":"Piston Addict","description":"Only interesting vehicles","publisher":{"@id":"https:\/\/pistonaddict.com\/pt-pt\/#organization"},"potentialAction":[{"@type":"SearchAction","target":{"@type":"EntryPoint","urlTemplate":"https:\/\/pistonaddict.com\/pt-pt\/?s={search_term_string}"},"query-input":"required name=search_term_string"}],"inLanguage":"pt-PT"},{"@type":"Organization","@id":"https:\/\/pistonaddict.com\/pt-pt\/#organization","name":"Piston Addict","url":"https:\/\/pistonaddict.com\/pt-pt\/","logo":{"@type":"ImageObject","inLanguage":"pt-PT","@id":"https:\/\/pistonaddict.com\/pt-pt\/#\/schema\/logo\/image\/","url":"https:\/\/pistonaddict.com\/wp-content\/uploads\/2022\/07\/logo-6.png","contentUrl":"https:\/\/pistonaddict.com\/wp-content\/uploads\/2022\/07\/logo-6.png","width":970,"height":200,"caption":"Piston Addict"},"image":{"@id":"https:\/\/pistonaddict.com\/pt-pt\/#\/schema\/logo\/image\/"}}]}},"_links":{"self":[{"href":"https:\/\/pistonaddict.com\/pt-pt\/wp-json\/wp\/v2\/product\/37944"}],"collection":[{"href":"https:\/\/pistonaddict.com\/pt-pt\/wp-json\/wp\/v2\/product"}],"about":[{"href":"https:\/\/pistonaddict.com\/pt-pt\/wp-json\/wp\/v2\/types\/product"}],"replies":[{"embeddable":true,"href":"https:\/\/pistonaddict.com\/pt-pt\/wp-json\/wp\/v2\/comments?post=37944"}],"wp:featuredmedia":[{"embeddable":true,"href":"https:\/\/pistonaddict.com\/pt-pt\/wp-json\/wp\/v2\/media\/37884"}],"wp:attachment":[{"href":"https:\/\/pistonaddict.com\/pt-pt\/wp-json\/wp\/v2\/media?parent=37944"}],"wp:term":[{"taxonomy":"product_cat","embeddable":true,"href":"https:\/\/pistonaddict.com\/pt-pt\/wp-json\/wp\/v2\/product_cat?post=37944"},{"taxonomy":"product_tag","embeddable":true,"href":"https:\/\/pistonaddict.com\/pt-pt\/wp-json\/wp\/v2\/product_tag?post=37944"}],"curies":[{"name":"wp","href":"https:\/\/api.w.org\/{rel}","templated":true}]}}