{"id":35660,"date":"2023-04-19T15:45:16","date_gmt":"2023-04-19T13:45:16","guid":{"rendered":"https:\/\/pistonaddict.com\/product\/bmw-m4\/"},"modified":"2024-03-19T17:50:33","modified_gmt":"2024-03-19T16:50:33","slug":"bmw-m4","status":"publish","type":"product","link":"https:\/\/pistonaddict.com\/pt-pt\/product\/bmw-m4\/","title":{"rendered":"BMW M4"},"content":{"rendered":"<p><strong>Hist\u00f3ria do autom\u00f3vel<\/strong><\/p>\n<p>O M4 da s\u00e9rie F82 foi um grande passo para a BMW quando foi lan\u00e7ado em 2014. Foi o primeiro produto M a apresentar um motor turbo de seis cilindros, um sistema de direc\u00e7\u00e3o assistida el\u00e9ctrica e uma utiliza\u00e7\u00e3o extensiva de fibra de carbono na constru\u00e7\u00e3o do autom\u00f3vel. O resultado foi uma m\u00e1quina de condu\u00e7\u00e3o fant\u00e1stica com 425 cv na vers\u00e3o de origem, uma suspens\u00e3o composta e um desempenho sublime. O F82 foi tamb\u00e9m o primeiro modelo a utilizar a placa de identifica\u00e7\u00e3o M4, que era a designa\u00e7\u00e3o da vers\u00e3o coup\u00e9 do M3. Este exemplar em particular foi produzido em 2017 e \u00e9 um modelo posterior mais desej\u00e1vel e melhorado. No entanto, o que \u00e9 mais interessante neste autom\u00f3vel s\u00e3o as suas especifica\u00e7\u00f5es, estado e quilometragem. Com pouco mais de 2000 milhas (3.500 km) no rel\u00f3gio, \u00e9 praticamente um carro novo, o que faz dele um ve\u00edculo com qualidade de investimento. No entanto, este M4 tamb\u00e9m tem muitas op\u00e7\u00f5es e foi modificado com bom gosto para oferecer mais pot\u00eancia, melhor manuseamento e uma din\u00e2mica de condu\u00e7\u00e3o geral impressionante. Foi encomendado novo pelo cliente VIP da BMW, que sabia exactamente como escolher o M4 perfeito.<\/p>\n<p><strong> <\/strong><strong>Estado<\/strong><\/p>\n<p>A quilometragem m\u00ednima garante que este M4 est\u00e1 em perfeitas condi\u00e7\u00f5es, sem falhas mec\u00e2nicas, sem danos provocados por acidentes e com uma revis\u00e3o recente efectuada em Fevereiro de 2022. No entanto, para al\u00e9m da impressionante lista de equipamento de f\u00e1brica, este ve\u00edculo em particular tem uma modifica\u00e7\u00e3o da suspens\u00e3o e fica mais baixo do que o stock, assegurando um manuseamento e uma sensa\u00e7\u00e3o de condu\u00e7\u00e3o ainda melhores. No entanto, isso \u00e9 apenas o come\u00e7o, e o propriet\u00e1rio original deste carro instalou um sistema de escape de tit\u00e2nio Akrapovi\u010d com pontas de carbono que melhoram o som do famoso motor de seis cilindros em linha. A melhoria exterior foi completada com um splitter dianteiro em carbono, um spoiler traseiro e jantes de substitui\u00e7\u00e3o. Curiosamente, apesar de os 425 cv serem bastante, o propriet\u00e1rio original melhorou o desempenho e o motor debita agora 510 cv, o que faz deste M4 um autom\u00f3vel realmente competente. A op\u00e7\u00e3o de transmiss\u00e3o \u00e9 a autom\u00e1tica DCT de 7 velocidades da BMW, que \u00e9 uma escolha inteligente que combina conforto e desempenho. Este ve\u00edculo est\u00e1 equipado com discos de trav\u00e3o de cer\u00e2mica opcionais.<\/p>\n<p><strong>Interior<\/strong><\/p>\n<p>Com acabamento em pele preta, bancos espec\u00edficos M e detalhes em carbono, o interior n\u00e3o apresenta sinais de utiliza\u00e7\u00e3o. Com uma posi\u00e7\u00e3o de assento perfeita, um sistema \u00e1udio de qualidade superior e o famoso sistema de infoentretenimento iDrive da BMW, passar o tempo neste M4 ser\u00e1 uma alegria enquanto percorre quil\u00f3metros a uma velocidade incr\u00edvel. N\u00e3o h\u00e1 modifica\u00e7\u00f5es no interior e a lista de extras opcionais e confortos \u00e9 extensa.<\/p>\n<p><strong>Exterior e rodas<\/strong><\/p>\n<p>Com um acabamento num tom marcante de Amarelo Austin Met\u00e1lico, este M4 tem um exterior impec\u00e1vel, com todas as pe\u00e7as de acabamento presentes e sem marcas. As pe\u00e7as de carbono fazem parte do cat\u00e1logo M Performance Accessories e encaixam na perfei\u00e7\u00e3o. Um pormenor not\u00e1vel s\u00e3o as jantes HRE p\u00f3s-venda que combinam com o exterior e s\u00e3o mais leves e resistentes do que as jantes de f\u00e1brica.<\/p>\n<p><strong>Documenta\u00e7\u00e3o<\/strong><\/p>\n<p>Trata-se de um ve\u00edculo de propriedade privada com documenta\u00e7\u00e3o adequada, localizado em Londres, Reino Unido. O relat\u00f3rio do CarVertical est\u00e1 limpo; n\u00e3o existem provas de acidentes, repara\u00e7\u00f5es de acidentes ou problemas legais. Existem registos de manuten\u00e7\u00e3o regular.<\/p>\n","protected":false},"excerpt":{"rendered":"<p>H\u00e1 uma boa raz\u00e3o para o BMW M4 ser t\u00e3o respeitado entre os f\u00e3s de autom\u00f3veis de alta performance. Nenhum outro autom\u00f3vel da sua classe consegue oferecer uma din\u00e2mica de autom\u00f3vel desportivo impressionante e uma utiliza\u00e7\u00e3o quotidiana como o M4 da s\u00e9rie F82. Este carro em particular \u00e9 um exemplo perfeito, ligeiramente modificado para tornar a condu\u00e7\u00e3o ainda melhor, com uma quilometragem m\u00ednima, bem cuidado e pronto para o pr\u00f3ximo propriet\u00e1rio.<\/p>\n","protected":false},"featured_media":35437,"comment_status":"open","ping_status":"closed","template":"","meta":{"inline_featured_image":false},"product_cat":[735],"product_tag":[1462,1460,1461,927],"acf":[],"yoast_head":"<!-- This site is optimized with the Yoast SEO plugin v22.5 - https:\/\/yoast.com\/wordpress\/plugins\/seo\/ -->\n<title>de BMW M4 leil\u00e3o - Piston Addict<\/title>\n<meta name=\"description\" content=\"Veja este BMW M4 para venda em leil\u00e3o em PistonAddict.com com transmiss\u00e3o autom\u00e1tica e apenas 2053 milhas.\" \/>\n<meta name=\"robots\" content=\"index, follow, max-snippet:-1, max-image-preview:large, max-video-preview:-1\" \/>\n<link rel=\"canonical\" href=\"https:\/\/pistonaddict.com\/pt-pt\/product\/bmw-m4\/\" \/>\n<meta property=\"og:locale\" content=\"pt_PT\" \/>\n<meta property=\"og:type\" content=\"article\" \/>\n<meta property=\"og:title\" content=\"de BMW M4 leil\u00e3o - Piston Addict\" \/>\n<meta property=\"og:description\" content=\"Veja este BMW M4 para venda em leil\u00e3o em PistonAddict.com com transmiss\u00e3o autom\u00e1tica e apenas 2053 milhas.\" \/>\n<meta property=\"og:url\" content=\"https:\/\/pistonaddict.com\/pt-pt\/product\/bmw-m4\/\" \/>\n<meta property=\"og:site_name\" content=\"Piston Addict\" \/>\n<meta property=\"article:modified_time\" content=\"2024-03-19T16:50:33+00:00\" \/>\n<meta property=\"og:image\" content=\"https:\/\/pistonaddict.com\/wp-content\/uploads\/2023\/04\/LuxurycarLondonApril11PistonAddict_0647-scaled.jpg\" \/>\n\t<meta property=\"og:image:width\" content=\"2560\" \/>\n\t<meta property=\"og:image:height\" content=\"1708\" \/>\n\t<meta property=\"og:image:type\" content=\"image\/jpeg\" \/>\n<meta name=\"twitter:card\" content=\"summary_large_image\" \/>\n<meta name=\"twitter:label1\" content=\"Tempo estimado de leitura\" \/>\n\t<meta name=\"twitter:data1\" content=\"3 minutos\" \/>\n<script type=\"application\/ld+json\" class=\"yoast-schema-graph\">{\"@context\":\"https:\/\/schema.org\",\"@graph\":[{\"@type\":\"WebPage\",\"@id\":\"https:\/\/pistonaddict.com\/pt-pt\/product\/bmw-m4\/\",\"url\":\"https:\/\/pistonaddict.com\/pt-pt\/product\/bmw-m4\/\",\"name\":\"de BMW M4 leil\u00e3o - Piston Addict\",\"isPartOf\":{\"@id\":\"https:\/\/pistonaddict.com\/pt-pt\/#website\"},\"primaryImageOfPage\":{\"@id\":\"https:\/\/pistonaddict.com\/pt-pt\/product\/bmw-m4\/#primaryimage\"},\"image\":{\"@id\":\"https:\/\/pistonaddict.com\/pt-pt\/product\/bmw-m4\/#primaryimage\"},\"thumbnailUrl\":\"https:\/\/pistonaddict.com\/wp-content\/uploads\/2023\/04\/LuxurycarLondonApril11PistonAddict_0647-scaled.jpg\",\"datePublished\":\"2023-04-19T13:45:16+00:00\",\"dateModified\":\"2024-03-19T16:50:33+00:00\",\"description\":\"Veja este BMW M4 para venda em leil\u00e3o em PistonAddict.com com transmiss\u00e3o autom\u00e1tica e apenas 2053 milhas.\",\"breadcrumb\":{\"@id\":\"https:\/\/pistonaddict.com\/pt-pt\/product\/bmw-m4\/#breadcrumb\"},\"inLanguage\":\"pt-PT\",\"potentialAction\":[{\"@type\":\"ReadAction\",\"target\":[\"https:\/\/pistonaddict.com\/pt-pt\/product\/bmw-m4\/\"]}]},{\"@type\":\"ImageObject\",\"inLanguage\":\"pt-PT\",\"@id\":\"https:\/\/pistonaddict.com\/pt-pt\/product\/bmw-m4\/#primaryimage\",\"url\":\"https:\/\/pistonaddict.com\/wp-content\/uploads\/2023\/04\/LuxurycarLondonApril11PistonAddict_0647-scaled.jpg\",\"contentUrl\":\"https:\/\/pistonaddict.com\/wp-content\/uploads\/2023\/04\/LuxurycarLondonApril11PistonAddict_0647-scaled.jpg\",\"width\":2560,\"height\":1708},{\"@type\":\"BreadcrumbList\",\"@id\":\"https:\/\/pistonaddict.com\/pt-pt\/product\/bmw-m4\/#breadcrumb\",\"itemListElement\":[{\"@type\":\"ListItem\",\"position\":1,\"name\":\"Rece\u00e7\u00e3o\",\"item\":\"https:\/\/pistonaddict.com\/pt-pt\/pagina-inicial\/\"},{\"@type\":\"ListItem\",\"position\":2,\"name\":\"Auctions\",\"item\":\"https:\/\/pistonaddict.com\/auctions-listing\/\"},{\"@type\":\"ListItem\",\"position\":3,\"name\":\"BMW M4\"}]},{\"@type\":\"WebSite\",\"@id\":\"https:\/\/pistonaddict.com\/pt-pt\/#website\",\"url\":\"https:\/\/pistonaddict.com\/pt-pt\/\",\"name\":\"Piston Addict\",\"description\":\"Only interesting vehicles\",\"publisher\":{\"@id\":\"https:\/\/pistonaddict.com\/pt-pt\/#organization\"},\"potentialAction\":[{\"@type\":\"SearchAction\",\"target\":{\"@type\":\"EntryPoint\",\"urlTemplate\":\"https:\/\/pistonaddict.com\/pt-pt\/?s={search_term_string}\"},\"query-input\":\"required name=search_term_string\"}],\"inLanguage\":\"pt-PT\"},{\"@type\":\"Organization\",\"@id\":\"https:\/\/pistonaddict.com\/pt-pt\/#organization\",\"name\":\"Piston Addict\",\"url\":\"https:\/\/pistonaddict.com\/pt-pt\/\",\"logo\":{\"@type\":\"ImageObject\",\"inLanguage\":\"pt-PT\",\"@id\":\"https:\/\/pistonaddict.com\/pt-pt\/#\/schema\/logo\/image\/\",\"url\":\"https:\/\/pistonaddict.com\/wp-content\/uploads\/2022\/07\/logo-6.png\",\"contentUrl\":\"https:\/\/pistonaddict.com\/wp-content\/uploads\/2022\/07\/logo-6.png\",\"width\":970,\"height\":200,\"caption\":\"Piston Addict\"},\"image\":{\"@id\":\"https:\/\/pistonaddict.com\/pt-pt\/#\/schema\/logo\/image\/\"}}]}<\/script>\n<!-- \/ Yoast SEO plugin. -->","yoast_head_json":{"title":"de BMW M4 leil\u00e3o - Piston Addict","description":"Veja este BMW M4 para venda em leil\u00e3o em PistonAddict.com com transmiss\u00e3o autom\u00e1tica e apenas 2053 milhas.","robots":{"index":"index","follow":"follow","max-snippet":"max-snippet:-1","max-image-preview":"max-image-preview:large","max-video-preview":"max-video-preview:-1"},"canonical":"https:\/\/pistonaddict.com\/pt-pt\/product\/bmw-m4\/","og_locale":"pt_PT","og_type":"article","og_title":"de BMW M4 leil\u00e3o - Piston Addict","og_description":"Veja este BMW M4 para venda em leil\u00e3o em PistonAddict.com com transmiss\u00e3o autom\u00e1tica e apenas 2053 milhas.","og_url":"https:\/\/pistonaddict.com\/pt-pt\/product\/bmw-m4\/","og_site_name":"Piston Addict","article_modified_time":"2024-03-19T16:50:33+00:00","og_image":[{"width":2560,"height":1708,"url":"https:\/\/pistonaddict.com\/wp-content\/uploads\/2023\/04\/LuxurycarLondonApril11PistonAddict_0647-scaled.jpg","type":"image\/jpeg"}],"twitter_card":"summary_large_image","twitter_misc":{"Tempo estimado de leitura":"3 minutos"},"schema":{"@context":"https:\/\/schema.org","@graph":[{"@type":"WebPage","@id":"https:\/\/pistonaddict.com\/pt-pt\/product\/bmw-m4\/","url":"https:\/\/pistonaddict.com\/pt-pt\/product\/bmw-m4\/","name":"de BMW M4 leil\u00e3o - Piston Addict","isPartOf":{"@id":"https:\/\/pistonaddict.com\/pt-pt\/#website"},"primaryImageOfPage":{"@id":"https:\/\/pistonaddict.com\/pt-pt\/product\/bmw-m4\/#primaryimage"},"image":{"@id":"https:\/\/pistonaddict.com\/pt-pt\/product\/bmw-m4\/#primaryimage"},"thumbnailUrl":"https:\/\/pistonaddict.com\/wp-content\/uploads\/2023\/04\/LuxurycarLondonApril11PistonAddict_0647-scaled.jpg","datePublished":"2023-04-19T13:45:16+00:00","dateModified":"2024-03-19T16:50:33+00:00","description":"Veja este BMW M4 para venda em leil\u00e3o em PistonAddict.com com transmiss\u00e3o autom\u00e1tica e apenas 2053 milhas.","breadcrumb":{"@id":"https:\/\/pistonaddict.com\/pt-pt\/product\/bmw-m4\/#breadcrumb"},"inLanguage":"pt-PT","potentialAction":[{"@type":"ReadAction","target":["https:\/\/pistonaddict.com\/pt-pt\/product\/bmw-m4\/"]}]},{"@type":"ImageObject","inLanguage":"pt-PT","@id":"https:\/\/pistonaddict.com\/pt-pt\/product\/bmw-m4\/#primaryimage","url":"https:\/\/pistonaddict.com\/wp-content\/uploads\/2023\/04\/LuxurycarLondonApril11PistonAddict_0647-scaled.jpg","contentUrl":"https:\/\/pistonaddict.com\/wp-content\/uploads\/2023\/04\/LuxurycarLondonApril11PistonAddict_0647-scaled.jpg","width":2560,"height":1708},{"@type":"BreadcrumbList","@id":"https:\/\/pistonaddict.com\/pt-pt\/product\/bmw-m4\/#breadcrumb","itemListElement":[{"@type":"ListItem","position":1,"name":"Rece\u00e7\u00e3o","item":"https:\/\/pistonaddict.com\/pt-pt\/pagina-inicial\/"},{"@type":"ListItem","position":2,"name":"Auctions","item":"https:\/\/pistonaddict.com\/auctions-listing\/"},{"@type":"ListItem","position":3,"name":"BMW M4"}]},{"@type":"WebSite","@id":"https:\/\/pistonaddict.com\/pt-pt\/#website","url":"https:\/\/pistonaddict.com\/pt-pt\/","name":"Piston Addict","description":"Only interesting vehicles","publisher":{"@id":"https:\/\/pistonaddict.com\/pt-pt\/#organization"},"potentialAction":[{"@type":"SearchAction","target":{"@type":"EntryPoint","urlTemplate":"https:\/\/pistonaddict.com\/pt-pt\/?s={search_term_string}"},"query-input":"required name=search_term_string"}],"inLanguage":"pt-PT"},{"@type":"Organization","@id":"https:\/\/pistonaddict.com\/pt-pt\/#organization","name":"Piston Addict","url":"https:\/\/pistonaddict.com\/pt-pt\/","logo":{"@type":"ImageObject","inLanguage":"pt-PT","@id":"https:\/\/pistonaddict.com\/pt-pt\/#\/schema\/logo\/image\/","url":"https:\/\/pistonaddict.com\/wp-content\/uploads\/2022\/07\/logo-6.png","contentUrl":"https:\/\/pistonaddict.com\/wp-content\/uploads\/2022\/07\/logo-6.png","width":970,"height":200,"caption":"Piston Addict"},"image":{"@id":"https:\/\/pistonaddict.com\/pt-pt\/#\/schema\/logo\/image\/"}}]}},"_links":{"self":[{"href":"https:\/\/pistonaddict.com\/pt-pt\/wp-json\/wp\/v2\/product\/35660"}],"collection":[{"href":"https:\/\/pistonaddict.com\/pt-pt\/wp-json\/wp\/v2\/product"}],"about":[{"href":"https:\/\/pistonaddict.com\/pt-pt\/wp-json\/wp\/v2\/types\/product"}],"replies":[{"embeddable":true,"href":"https:\/\/pistonaddict.com\/pt-pt\/wp-json\/wp\/v2\/comments?post=35660"}],"wp:featuredmedia":[{"embeddable":true,"href":"https:\/\/pistonaddict.com\/pt-pt\/wp-json\/wp\/v2\/media\/35437"}],"wp:attachment":[{"href":"https:\/\/pistonaddict.com\/pt-pt\/wp-json\/wp\/v2\/media?parent=35660"}],"wp:term":[{"taxonomy":"product_cat","embeddable":true,"href":"https:\/\/pistonaddict.com\/pt-pt\/wp-json\/wp\/v2\/product_cat?post=35660"},{"taxonomy":"product_tag","embeddable":true,"href":"https:\/\/pistonaddict.com\/pt-pt\/wp-json\/wp\/v2\/product_tag?post=35660"}],"curies":[{"name":"wp","href":"https:\/\/api.w.org\/{rel}","templated":true}]}}