{"id":34594,"date":"2023-04-19T15:06:28","date_gmt":"2023-04-19T13:06:28","guid":{"rendered":"https:\/\/pistonaddict.com\/product\/esporao-voador-bentley\/"},"modified":"2024-03-19T17:49:48","modified_gmt":"2024-03-19T16:49:48","slug":"bentley-fly-flying-spur","status":"publish","type":"product","link":"https:\/\/pistonaddict.com\/pt-pt\/product\/bentley-fly-flying-spur\/","title":{"rendered":"Espor\u00e3o Voador Bentley"},"content":{"rendered":"<p><strong>Hist\u00f3ria do autom\u00f3vel<\/strong><\/p>\n<p>Este Flying Spur \u00e9 um dos primeiros autom\u00f3veis deste tipo entregues no final de 2020 a clientes VIP bem conhecidos da Bentley. \u00c9 o carro de um \u00fanico propriet\u00e1rio e percorreu apenas 8359 km. Com o desej\u00e1vel acabamento em verde e pele castanha a condizer, este Flying Spur beneficiou de um pacote de acabamentos exteriores black-out e \u00e9 um modelo First Edition. No mundo da Bentley, os modelos First Edition s\u00e3o sempre os mais desejados devido \u00e0s escolhas de cores espec\u00edficas e exclusivas, aos pormenores requintados e ao equipamento que, muitas vezes, \u00e9 opcional nos autom\u00f3veis de s\u00e9rie.<\/p>\n<p><strong>Estado do autom\u00f3vel<\/strong><\/p>\n<p>Sendo um dos Bentley Flying Spurs com especifica\u00e7\u00f5es mais elevadas, o propriet\u00e1rio original e actual n\u00e3o s\u00f3 adquiriu o pacote First Edition, como tamb\u00e9m adicionou in\u00fameras caracter\u00edsticas e equipamento \u00e0 j\u00e1 impressionante folha de especifica\u00e7\u00f5es. O motor W12 de 6,0 litros opcional debita 626 cv e pode lan\u00e7ar este sedan super-luxuoso para uma impressionante velocidade de 3,5 segundos dos 0 aos 100 km\/h. O que \u00e9 ainda mais fascinante \u00e9 a velocidade m\u00e1xima e, se nos encontrarmos no tro\u00e7o sem restri\u00e7\u00f5es da Autobahn, podemos atingir os 333 km\/h! Temos a certeza de que, mesmo a essa velocidade, este Flying Spur ser\u00e1 est\u00e1vel e confort\u00e1vel.<\/p>\n<p><strong>Exterior e rodas<\/strong><\/p>\n<p>Devido a uma manuten\u00e7\u00e3o meticulosa, uma garagem climatizada e poucos quil\u00f3metros, este Flying Spur \u00e9 vendido com uma pintura em perfeitas condi\u00e7\u00f5es, sem danos no exterior (ou interior) e com as jantes originais. Um dos pequenos mas interessantes pormenores \u00e9 o tejadilho preto que se alinha perfeitamente com os acabamentos exteriores pretos e real\u00e7a ainda mais a natureza desportiva deste elegante sedan.<\/p>\n<p><strong>Interior<\/strong><\/p>\n<p>Uma das partes mais fascinantes deste autom\u00f3vel \u00e9 o seu interior. Concebido como a combina\u00e7\u00e3o perfeita entre a tecnologia moderna e a abordagem cl\u00e1ssica de luxo, este Flying Spur est\u00e1 coberto por uma desej\u00e1vel pele castanha com couro verde contrastante e inser\u00e7\u00f5es em madeira. Repleto de todos os tipos de conforto, a pel\u00edcula protectora pode ser encontrada em algumas pe\u00e7as de acabamento cromadas, o que mostra que este carro foi pouco utilizado.<\/p>\n<p><strong>Documenta\u00e7\u00e3o<\/strong><\/p>\n<p>Trata-se de um ve\u00edculo de propriedade privada com documenta\u00e7\u00e3o adequada, localizado em Londres, Reino Unido. O relat\u00f3rio do CarVertical est\u00e1 limpo; n\u00e3o existem provas de acidentes, repara\u00e7\u00f5es de acidentes ou problemas legais. Existem registos de manuten\u00e7\u00e3o regular.<\/p>\n","protected":false},"excerpt":{"rendered":"<p>Tal como muitos dos seus concorrentes, a Bentley est\u00e1 a voltar-se para os modelos el\u00e9ctricos num futuro pr\u00f3ximo. Isto significa que esta pode ser a \u00faltima oportunidade de adquirir um carro de luxo majestoso, movido a ICE, como este Flying Spur, com especifica\u00e7\u00f5es altamente desej\u00e1veis e em estado de novo. Equipado com o caracter\u00edstico motor W12, este \u00e9 um exemplar \u00fanico, perfeito para os conhecedores exigentes da Bentley.<\/p>\n","protected":false},"featured_media":34092,"comment_status":"open","ping_status":"closed","template":"","meta":{"inline_featured_image":false},"product_cat":[735],"product_tag":[1353,1343,1348,927],"acf":[],"yoast_head":"<!-- This site is optimized with the Yoast SEO plugin v22.5 - https:\/\/yoast.com\/wordpress\/plugins\/seo\/ -->\n<title>de Espor\u00e3o Voador Bentley leil\u00e3o - Piston Addict<\/title>\n<meta name=\"description\" content=\"Veja este Bentley Flying Spur para venda em leil\u00e3o em PistonAddict.com com transmiss\u00e3o autom\u00e1tica e apenas 8359 km.\" \/>\n<meta name=\"robots\" content=\"index, follow, max-snippet:-1, max-image-preview:large, max-video-preview:-1\" \/>\n<link rel=\"canonical\" href=\"https:\/\/pistonaddict.com\/pt-pt\/product\/bentley-fly-flying-spur\/\" \/>\n<meta property=\"og:locale\" content=\"pt_PT\" \/>\n<meta property=\"og:type\" content=\"article\" \/>\n<meta property=\"og:title\" content=\"de Espor\u00e3o Voador Bentley leil\u00e3o - Piston Addict\" \/>\n<meta property=\"og:description\" content=\"Veja este Bentley Flying Spur para venda em leil\u00e3o em PistonAddict.com com transmiss\u00e3o autom\u00e1tica e apenas 8359 km.\" \/>\n<meta property=\"og:url\" content=\"https:\/\/pistonaddict.com\/pt-pt\/product\/bentley-fly-flying-spur\/\" \/>\n<meta property=\"og:site_name\" content=\"Piston Addict\" \/>\n<meta property=\"article:modified_time\" content=\"2024-03-19T16:49:48+00:00\" \/>\n<meta property=\"og:image\" content=\"https:\/\/pistonaddict.com\/wp-content\/uploads\/2023\/04\/LuxurycarLondonApril11PistonAddict_0433-scaled.jpg\" \/>\n\t<meta property=\"og:image:width\" content=\"2560\" \/>\n\t<meta property=\"og:image:height\" content=\"1505\" \/>\n\t<meta property=\"og:image:type\" content=\"image\/jpeg\" \/>\n<meta name=\"twitter:card\" content=\"summary_large_image\" \/>\n<meta name=\"twitter:label1\" content=\"Tempo estimado de leitura\" \/>\n\t<meta name=\"twitter:data1\" content=\"2 minutos\" \/>\n<script type=\"application\/ld+json\" class=\"yoast-schema-graph\">{\"@context\":\"https:\/\/schema.org\",\"@graph\":[{\"@type\":\"WebPage\",\"@id\":\"https:\/\/pistonaddict.com\/pt-pt\/product\/bentley-fly-flying-spur\/\",\"url\":\"https:\/\/pistonaddict.com\/pt-pt\/product\/bentley-fly-flying-spur\/\",\"name\":\"de Espor\u00e3o Voador Bentley leil\u00e3o - Piston Addict\",\"isPartOf\":{\"@id\":\"https:\/\/pistonaddict.com\/pt-pt\/#website\"},\"primaryImageOfPage\":{\"@id\":\"https:\/\/pistonaddict.com\/pt-pt\/product\/bentley-fly-flying-spur\/#primaryimage\"},\"image\":{\"@id\":\"https:\/\/pistonaddict.com\/pt-pt\/product\/bentley-fly-flying-spur\/#primaryimage\"},\"thumbnailUrl\":\"https:\/\/pistonaddict.com\/wp-content\/uploads\/2023\/04\/LuxurycarLondonApril11PistonAddict_0433-scaled.jpg\",\"datePublished\":\"2023-04-19T13:06:28+00:00\",\"dateModified\":\"2024-03-19T16:49:48+00:00\",\"description\":\"Veja este Bentley Flying Spur para venda em leil\u00e3o em PistonAddict.com com transmiss\u00e3o autom\u00e1tica e apenas 8359 km.\",\"breadcrumb\":{\"@id\":\"https:\/\/pistonaddict.com\/pt-pt\/product\/bentley-fly-flying-spur\/#breadcrumb\"},\"inLanguage\":\"pt-PT\",\"potentialAction\":[{\"@type\":\"ReadAction\",\"target\":[\"https:\/\/pistonaddict.com\/pt-pt\/product\/bentley-fly-flying-spur\/\"]}]},{\"@type\":\"ImageObject\",\"inLanguage\":\"pt-PT\",\"@id\":\"https:\/\/pistonaddict.com\/pt-pt\/product\/bentley-fly-flying-spur\/#primaryimage\",\"url\":\"https:\/\/pistonaddict.com\/wp-content\/uploads\/2023\/04\/LuxurycarLondonApril11PistonAddict_0433-scaled.jpg\",\"contentUrl\":\"https:\/\/pistonaddict.com\/wp-content\/uploads\/2023\/04\/LuxurycarLondonApril11PistonAddict_0433-scaled.jpg\",\"width\":2560,\"height\":1505},{\"@type\":\"BreadcrumbList\",\"@id\":\"https:\/\/pistonaddict.com\/pt-pt\/product\/bentley-fly-flying-spur\/#breadcrumb\",\"itemListElement\":[{\"@type\":\"ListItem\",\"position\":1,\"name\":\"Rece\u00e7\u00e3o\",\"item\":\"https:\/\/pistonaddict.com\/pt-pt\/pagina-inicial\/\"},{\"@type\":\"ListItem\",\"position\":2,\"name\":\"Auctions\",\"item\":\"https:\/\/pistonaddict.com\/auctions-listing\/\"},{\"@type\":\"ListItem\",\"position\":3,\"name\":\"Espor\u00e3o Voador Bentley\"}]},{\"@type\":\"WebSite\",\"@id\":\"https:\/\/pistonaddict.com\/pt-pt\/#website\",\"url\":\"https:\/\/pistonaddict.com\/pt-pt\/\",\"name\":\"Piston Addict\",\"description\":\"Only interesting vehicles\",\"publisher\":{\"@id\":\"https:\/\/pistonaddict.com\/pt-pt\/#organization\"},\"potentialAction\":[{\"@type\":\"SearchAction\",\"target\":{\"@type\":\"EntryPoint\",\"urlTemplate\":\"https:\/\/pistonaddict.com\/pt-pt\/?s={search_term_string}\"},\"query-input\":\"required name=search_term_string\"}],\"inLanguage\":\"pt-PT\"},{\"@type\":\"Organization\",\"@id\":\"https:\/\/pistonaddict.com\/pt-pt\/#organization\",\"name\":\"Piston Addict\",\"url\":\"https:\/\/pistonaddict.com\/pt-pt\/\",\"logo\":{\"@type\":\"ImageObject\",\"inLanguage\":\"pt-PT\",\"@id\":\"https:\/\/pistonaddict.com\/pt-pt\/#\/schema\/logo\/image\/\",\"url\":\"https:\/\/pistonaddict.com\/wp-content\/uploads\/2022\/07\/logo-6.png\",\"contentUrl\":\"https:\/\/pistonaddict.com\/wp-content\/uploads\/2022\/07\/logo-6.png\",\"width\":970,\"height\":200,\"caption\":\"Piston Addict\"},\"image\":{\"@id\":\"https:\/\/pistonaddict.com\/pt-pt\/#\/schema\/logo\/image\/\"}}]}<\/script>\n<!-- \/ Yoast SEO plugin. -->","yoast_head_json":{"title":"de Espor\u00e3o Voador Bentley leil\u00e3o - Piston Addict","description":"Veja este Bentley Flying Spur para venda em leil\u00e3o em PistonAddict.com com transmiss\u00e3o autom\u00e1tica e apenas 8359 km.","robots":{"index":"index","follow":"follow","max-snippet":"max-snippet:-1","max-image-preview":"max-image-preview:large","max-video-preview":"max-video-preview:-1"},"canonical":"https:\/\/pistonaddict.com\/pt-pt\/product\/bentley-fly-flying-spur\/","og_locale":"pt_PT","og_type":"article","og_title":"de Espor\u00e3o Voador Bentley leil\u00e3o - Piston Addict","og_description":"Veja este Bentley Flying Spur para venda em leil\u00e3o em PistonAddict.com com transmiss\u00e3o autom\u00e1tica e apenas 8359 km.","og_url":"https:\/\/pistonaddict.com\/pt-pt\/product\/bentley-fly-flying-spur\/","og_site_name":"Piston Addict","article_modified_time":"2024-03-19T16:49:48+00:00","og_image":[{"width":2560,"height":1505,"url":"https:\/\/pistonaddict.com\/wp-content\/uploads\/2023\/04\/LuxurycarLondonApril11PistonAddict_0433-scaled.jpg","type":"image\/jpeg"}],"twitter_card":"summary_large_image","twitter_misc":{"Tempo estimado de leitura":"2 minutos"},"schema":{"@context":"https:\/\/schema.org","@graph":[{"@type":"WebPage","@id":"https:\/\/pistonaddict.com\/pt-pt\/product\/bentley-fly-flying-spur\/","url":"https:\/\/pistonaddict.com\/pt-pt\/product\/bentley-fly-flying-spur\/","name":"de Espor\u00e3o Voador Bentley leil\u00e3o - Piston Addict","isPartOf":{"@id":"https:\/\/pistonaddict.com\/pt-pt\/#website"},"primaryImageOfPage":{"@id":"https:\/\/pistonaddict.com\/pt-pt\/product\/bentley-fly-flying-spur\/#primaryimage"},"image":{"@id":"https:\/\/pistonaddict.com\/pt-pt\/product\/bentley-fly-flying-spur\/#primaryimage"},"thumbnailUrl":"https:\/\/pistonaddict.com\/wp-content\/uploads\/2023\/04\/LuxurycarLondonApril11PistonAddict_0433-scaled.jpg","datePublished":"2023-04-19T13:06:28+00:00","dateModified":"2024-03-19T16:49:48+00:00","description":"Veja este Bentley Flying Spur para venda em leil\u00e3o em PistonAddict.com com transmiss\u00e3o autom\u00e1tica e apenas 8359 km.","breadcrumb":{"@id":"https:\/\/pistonaddict.com\/pt-pt\/product\/bentley-fly-flying-spur\/#breadcrumb"},"inLanguage":"pt-PT","potentialAction":[{"@type":"ReadAction","target":["https:\/\/pistonaddict.com\/pt-pt\/product\/bentley-fly-flying-spur\/"]}]},{"@type":"ImageObject","inLanguage":"pt-PT","@id":"https:\/\/pistonaddict.com\/pt-pt\/product\/bentley-fly-flying-spur\/#primaryimage","url":"https:\/\/pistonaddict.com\/wp-content\/uploads\/2023\/04\/LuxurycarLondonApril11PistonAddict_0433-scaled.jpg","contentUrl":"https:\/\/pistonaddict.com\/wp-content\/uploads\/2023\/04\/LuxurycarLondonApril11PistonAddict_0433-scaled.jpg","width":2560,"height":1505},{"@type":"BreadcrumbList","@id":"https:\/\/pistonaddict.com\/pt-pt\/product\/bentley-fly-flying-spur\/#breadcrumb","itemListElement":[{"@type":"ListItem","position":1,"name":"Rece\u00e7\u00e3o","item":"https:\/\/pistonaddict.com\/pt-pt\/pagina-inicial\/"},{"@type":"ListItem","position":2,"name":"Auctions","item":"https:\/\/pistonaddict.com\/auctions-listing\/"},{"@type":"ListItem","position":3,"name":"Espor\u00e3o Voador Bentley"}]},{"@type":"WebSite","@id":"https:\/\/pistonaddict.com\/pt-pt\/#website","url":"https:\/\/pistonaddict.com\/pt-pt\/","name":"Piston Addict","description":"Only interesting vehicles","publisher":{"@id":"https:\/\/pistonaddict.com\/pt-pt\/#organization"},"potentialAction":[{"@type":"SearchAction","target":{"@type":"EntryPoint","urlTemplate":"https:\/\/pistonaddict.com\/pt-pt\/?s={search_term_string}"},"query-input":"required name=search_term_string"}],"inLanguage":"pt-PT"},{"@type":"Organization","@id":"https:\/\/pistonaddict.com\/pt-pt\/#organization","name":"Piston Addict","url":"https:\/\/pistonaddict.com\/pt-pt\/","logo":{"@type":"ImageObject","inLanguage":"pt-PT","@id":"https:\/\/pistonaddict.com\/pt-pt\/#\/schema\/logo\/image\/","url":"https:\/\/pistonaddict.com\/wp-content\/uploads\/2022\/07\/logo-6.png","contentUrl":"https:\/\/pistonaddict.com\/wp-content\/uploads\/2022\/07\/logo-6.png","width":970,"height":200,"caption":"Piston Addict"},"image":{"@id":"https:\/\/pistonaddict.com\/pt-pt\/#\/schema\/logo\/image\/"}}]}},"_links":{"self":[{"href":"https:\/\/pistonaddict.com\/pt-pt\/wp-json\/wp\/v2\/product\/34594"}],"collection":[{"href":"https:\/\/pistonaddict.com\/pt-pt\/wp-json\/wp\/v2\/product"}],"about":[{"href":"https:\/\/pistonaddict.com\/pt-pt\/wp-json\/wp\/v2\/types\/product"}],"replies":[{"embeddable":true,"href":"https:\/\/pistonaddict.com\/pt-pt\/wp-json\/wp\/v2\/comments?post=34594"}],"wp:featuredmedia":[{"embeddable":true,"href":"https:\/\/pistonaddict.com\/pt-pt\/wp-json\/wp\/v2\/media\/34092"}],"wp:attachment":[{"href":"https:\/\/pistonaddict.com\/pt-pt\/wp-json\/wp\/v2\/media?parent=34594"}],"wp:term":[{"taxonomy":"product_cat","embeddable":true,"href":"https:\/\/pistonaddict.com\/pt-pt\/wp-json\/wp\/v2\/product_cat?post=34594"},{"taxonomy":"product_tag","embeddable":true,"href":"https:\/\/pistonaddict.com\/pt-pt\/wp-json\/wp\/v2\/product_tag?post=34594"}],"curies":[{"name":"wp","href":"https:\/\/api.w.org\/{rel}","templated":true}]}}