{"id":33353,"date":"2023-04-19T09:41:30","date_gmt":"2023-04-19T07:41:30","guid":{"rendered":"https:\/\/pistonaddict.com\/product\/interceptor-jensen\/"},"modified":"2024-03-19T17:48:37","modified_gmt":"2024-03-19T16:48:37","slug":"jensen-interceptor","status":"publish","type":"product","link":"https:\/\/pistonaddict.com\/pt-pt\/product\/jensen-interceptor\/","title":{"rendered":"Jensen Interceptor R Mk3"},"content":{"rendered":"<p><strong>Hist\u00f3ria do autom\u00f3vel<\/strong><\/p>\n<p>Este Jensen Interceptor em particular foi entregue ao propriet\u00e1rio original em Mar\u00e7o de 1972. Era alimentado por um enorme motor V8 Chrysler de 440 CID que debitava apenas 280 cv devido \u00e0s normas de emiss\u00f5es mais rigorosas da altura. Os modelos Mk3 (introduzidos em 1971) eram conhecidos pelos seus interiores luxuosos, longa lista de equipamento de s\u00e9rie e din\u00e2mica de condu\u00e7\u00e3o suave. No entanto, como a maioria dos Interceptors continuaram a viver as suas vidas como parte de colec\u00e7\u00f5es de carros cl\u00e1ssicos, este exemplo recebeu uma extensa remodela\u00e7\u00e3o, um novo sopro de vida e uma enorme actualiza\u00e7\u00e3o de pot\u00eancia. Transformando-o de um cruiser dos anos 70 numa m\u00e1quina musculada do s\u00e9culo XXI, pronta para surpreender os propriet\u00e1rios de Porsche na auto-estrada. A empresa brit\u00e2nica JIR efectuou uma transforma\u00e7\u00e3o completa, mantendo as linhas originais, mas melhorando amplamente a mec\u00e2nica.<\/p>\n<p><strong>Estado do autom\u00f3vel<\/strong><\/p>\n<p>Com menos de 10.000 quil\u00f3metros desde que foi completamente reconstru\u00eddo, este Jensen Interceptor R est\u00e1 em condi\u00e7\u00f5es imaculadas. Uma vez que este \u00e9 um excelente exemplo de um restomod de sucesso, as especifica\u00e7\u00f5es s\u00e3o particularmente interessantes. O custo de constru\u00e7\u00e3o deste autom\u00f3vel ultrapassou as 200.000 libras, pelo que a lista de modifica\u00e7\u00f5es, componentes personalizados e pe\u00e7as \u00fanicas \u00e9 extensa. Este Interceptor R exacto \u00e9 amplamente considerado como o Jensen mais desenvolvido do mundo. Sob o capot est\u00e1 um V8 de 6,2 litros do Corvette ZR1, que debita mais de 600 cv e envia a pot\u00eancia para as rodas traseiras atrav\u00e9s de uma transmiss\u00e3o autom\u00e1tica de 6 velocidades. Esta pot\u00eancia exigia um conjunto de trav\u00f5es AP, uma suspens\u00e3o revista e muito mais. O resultado \u00e9 uma m\u00e1quina fant\u00e1stica que pode atingir os 100 km em pouco mais de 4 segundos e navegar confortavelmente a altas velocidades.<\/p>\n<p><strong>Interior<\/strong><\/p>\n<p>No interior, a subestima\u00e7\u00e3o foi a chave com a disposi\u00e7\u00e3o cl\u00e1ssica do painel de instrumentos e acabamentos, mas com bancos melhorados, tecnologia e estofos em pele da mais alta qualidade. A cor borgonha combina perfeitamente com um exterior de dois tons. Os propriet\u00e1rios de Jensen cl\u00e1ssicos dir-lhe-\u00e3o que estes autom\u00f3veis tinham uma electr\u00f3nica complicada e sistemas frequentemente complexos quando eram novos. Felizmente, este exemplar beneficiou de uma remodela\u00e7\u00e3o completa, de componentes modernos, de caracter\u00edsticas, de um controlo clim\u00e1tico funcional e de um sistema \u00e1udio de qualidade superior.<\/p>\n<p><strong>Exterior e rodas<\/strong><\/p>\n<p>Com uma elegante combina\u00e7\u00e3o de dois tons, este Interceptor R de 1972 tem um aspecto bastante original, mas assim que olhar para os detalhes, ver\u00e1 que \u00e9 tudo menos isso. As jantes s\u00e3o feitas por medida e assemelham-se muito ao desenho original, mas s\u00e3o mais largas e maiores. A ventila\u00e7\u00e3o lateral foi adicionada para ajudar a arrefecer o potente motor e foram discretamente acrescentados uma grelha e emblemas diferentes. Quem conhece os Interceptores cl\u00e1ssicos sabe que estes carros eram propensos \u00e0 ferrugem, mas este exemplo, depois de todo o trabalho efectuado, \u00e9 praticamente um ve\u00edculo novo sem quaisquer problemas.<\/p>\n<p><strong>  Documenta\u00e7\u00e3o<\/strong><\/p>\n<p>Trata-se de um ve\u00edculo de propriedade privada com documenta\u00e7\u00e3o adequada, localizado em Londres, Reino Unido. O relat\u00f3rio do CarVertical est\u00e1 limpo; n\u00e3o existem provas de acidentes, repara\u00e7\u00f5es de acidentes ou problemas legais. Existem registos de manuten\u00e7\u00e3o regular. Os futuros propriet\u00e1rios gostariam de saber que este exemplar em particular \u00e9 um carro de celebridades, tendo sido testado pelo famoso Jeremy Clarkson e apresentado no Top Gear em 2011\/2012.<\/p>\n","protected":false},"excerpt":{"rendered":"<p>Embora este belo Interceptor pare\u00e7a bastante conservado do lado de fora, tem um segredo emocionante. Motor V8 sobrealimentado com 600 cv e um desempenho de cortar a respira\u00e7\u00e3o, envolto num dos mais belos designs dos anos 70. Este \u00e9 um verdadeiro GT restomod brit\u00e2nico com um cora\u00e7\u00e3o americano, pronto para ultrapassar tudo o que se atravessar no seu caminho.<\/p>\n","protected":false},"featured_media":32675,"comment_status":"open","ping_status":"closed","template":"","meta":{"inline_featured_image":false},"product_cat":[735],"product_tag":[1258,1123,1120,927],"acf":[],"yoast_head":"<!-- This site is optimized with the Yoast SEO plugin v22.5 - https:\/\/yoast.com\/wordpress\/plugins\/seo\/ -->\n<title>de Jensen Interceptor R Mk3 leil\u00e3o - Piston Addict<\/title>\n<meta name=\"description\" content=\"Veja este Jensen Interceptor R MK3 \u00e0 venda em leil\u00e3o em PistonAddict.com\" \/>\n<meta name=\"robots\" content=\"index, follow, max-snippet:-1, max-image-preview:large, max-video-preview:-1\" \/>\n<link rel=\"canonical\" href=\"https:\/\/pistonaddict.com\/pt-pt\/product\/jensen-interceptor\/\" \/>\n<meta property=\"og:locale\" content=\"pt_PT\" \/>\n<meta property=\"og:type\" content=\"article\" \/>\n<meta property=\"og:title\" content=\"de Jensen Interceptor R Mk3 leil\u00e3o - Piston Addict\" \/>\n<meta property=\"og:description\" content=\"Veja este Jensen Interceptor R MK3 \u00e0 venda em leil\u00e3o em PistonAddict.com\" \/>\n<meta property=\"og:url\" content=\"https:\/\/pistonaddict.com\/pt-pt\/product\/jensen-interceptor\/\" \/>\n<meta property=\"og:site_name\" content=\"Piston Addict\" \/>\n<meta property=\"article:modified_time\" content=\"2024-03-19T16:48:37+00:00\" \/>\n<meta property=\"og:image\" content=\"https:\/\/pistonaddict.com\/wp-content\/uploads\/2023\/04\/LuxurycarLondonApril11PistonAddict_0906-scaled.jpg\" \/>\n\t<meta property=\"og:image:width\" content=\"2560\" \/>\n\t<meta property=\"og:image:height\" content=\"1505\" \/>\n\t<meta property=\"og:image:type\" content=\"image\/jpeg\" \/>\n<meta name=\"twitter:card\" content=\"summary_large_image\" \/>\n<meta name=\"twitter:label1\" content=\"Tempo estimado de leitura\" \/>\n\t<meta name=\"twitter:data1\" content=\"3 minutos\" \/>\n<script type=\"application\/ld+json\" class=\"yoast-schema-graph\">{\"@context\":\"https:\/\/schema.org\",\"@graph\":[{\"@type\":\"WebPage\",\"@id\":\"https:\/\/pistonaddict.com\/pt-pt\/product\/jensen-interceptor\/\",\"url\":\"https:\/\/pistonaddict.com\/pt-pt\/product\/jensen-interceptor\/\",\"name\":\"de Jensen Interceptor R Mk3 leil\u00e3o - Piston Addict\",\"isPartOf\":{\"@id\":\"https:\/\/pistonaddict.com\/pt-pt\/#website\"},\"primaryImageOfPage\":{\"@id\":\"https:\/\/pistonaddict.com\/pt-pt\/product\/jensen-interceptor\/#primaryimage\"},\"image\":{\"@id\":\"https:\/\/pistonaddict.com\/pt-pt\/product\/jensen-interceptor\/#primaryimage\"},\"thumbnailUrl\":\"https:\/\/pistonaddict.com\/wp-content\/uploads\/2023\/04\/LuxurycarLondonApril11PistonAddict_0906-scaled.jpg\",\"datePublished\":\"2023-04-19T07:41:30+00:00\",\"dateModified\":\"2024-03-19T16:48:37+00:00\",\"description\":\"Veja este Jensen Interceptor R MK3 \u00e0 venda em leil\u00e3o em PistonAddict.com\",\"breadcrumb\":{\"@id\":\"https:\/\/pistonaddict.com\/pt-pt\/product\/jensen-interceptor\/#breadcrumb\"},\"inLanguage\":\"pt-PT\",\"potentialAction\":[{\"@type\":\"ReadAction\",\"target\":[\"https:\/\/pistonaddict.com\/pt-pt\/product\/jensen-interceptor\/\"]}]},{\"@type\":\"ImageObject\",\"inLanguage\":\"pt-PT\",\"@id\":\"https:\/\/pistonaddict.com\/pt-pt\/product\/jensen-interceptor\/#primaryimage\",\"url\":\"https:\/\/pistonaddict.com\/wp-content\/uploads\/2023\/04\/LuxurycarLondonApril11PistonAddict_0906-scaled.jpg\",\"contentUrl\":\"https:\/\/pistonaddict.com\/wp-content\/uploads\/2023\/04\/LuxurycarLondonApril11PistonAddict_0906-scaled.jpg\",\"width\":2560,\"height\":1505},{\"@type\":\"BreadcrumbList\",\"@id\":\"https:\/\/pistonaddict.com\/pt-pt\/product\/jensen-interceptor\/#breadcrumb\",\"itemListElement\":[{\"@type\":\"ListItem\",\"position\":1,\"name\":\"Rece\u00e7\u00e3o\",\"item\":\"https:\/\/pistonaddict.com\/pt-pt\/pagina-inicial\/\"},{\"@type\":\"ListItem\",\"position\":2,\"name\":\"Auctions\",\"item\":\"https:\/\/pistonaddict.com\/auctions-listing\/\"},{\"@type\":\"ListItem\",\"position\":3,\"name\":\"Jensen Interceptor R Mk3\"}]},{\"@type\":\"WebSite\",\"@id\":\"https:\/\/pistonaddict.com\/pt-pt\/#website\",\"url\":\"https:\/\/pistonaddict.com\/pt-pt\/\",\"name\":\"Piston Addict\",\"description\":\"Only interesting vehicles\",\"publisher\":{\"@id\":\"https:\/\/pistonaddict.com\/pt-pt\/#organization\"},\"potentialAction\":[{\"@type\":\"SearchAction\",\"target\":{\"@type\":\"EntryPoint\",\"urlTemplate\":\"https:\/\/pistonaddict.com\/pt-pt\/?s={search_term_string}\"},\"query-input\":\"required name=search_term_string\"}],\"inLanguage\":\"pt-PT\"},{\"@type\":\"Organization\",\"@id\":\"https:\/\/pistonaddict.com\/pt-pt\/#organization\",\"name\":\"Piston Addict\",\"url\":\"https:\/\/pistonaddict.com\/pt-pt\/\",\"logo\":{\"@type\":\"ImageObject\",\"inLanguage\":\"pt-PT\",\"@id\":\"https:\/\/pistonaddict.com\/pt-pt\/#\/schema\/logo\/image\/\",\"url\":\"https:\/\/pistonaddict.com\/wp-content\/uploads\/2022\/07\/logo-6.png\",\"contentUrl\":\"https:\/\/pistonaddict.com\/wp-content\/uploads\/2022\/07\/logo-6.png\",\"width\":970,\"height\":200,\"caption\":\"Piston Addict\"},\"image\":{\"@id\":\"https:\/\/pistonaddict.com\/pt-pt\/#\/schema\/logo\/image\/\"}}]}<\/script>\n<!-- \/ Yoast SEO plugin. -->","yoast_head_json":{"title":"de Jensen Interceptor R Mk3 leil\u00e3o - Piston Addict","description":"Veja este Jensen Interceptor R MK3 \u00e0 venda em leil\u00e3o em PistonAddict.com","robots":{"index":"index","follow":"follow","max-snippet":"max-snippet:-1","max-image-preview":"max-image-preview:large","max-video-preview":"max-video-preview:-1"},"canonical":"https:\/\/pistonaddict.com\/pt-pt\/product\/jensen-interceptor\/","og_locale":"pt_PT","og_type":"article","og_title":"de Jensen Interceptor R Mk3 leil\u00e3o - Piston Addict","og_description":"Veja este Jensen Interceptor R MK3 \u00e0 venda em leil\u00e3o em PistonAddict.com","og_url":"https:\/\/pistonaddict.com\/pt-pt\/product\/jensen-interceptor\/","og_site_name":"Piston Addict","article_modified_time":"2024-03-19T16:48:37+00:00","og_image":[{"width":2560,"height":1505,"url":"https:\/\/pistonaddict.com\/wp-content\/uploads\/2023\/04\/LuxurycarLondonApril11PistonAddict_0906-scaled.jpg","type":"image\/jpeg"}],"twitter_card":"summary_large_image","twitter_misc":{"Tempo estimado de leitura":"3 minutos"},"schema":{"@context":"https:\/\/schema.org","@graph":[{"@type":"WebPage","@id":"https:\/\/pistonaddict.com\/pt-pt\/product\/jensen-interceptor\/","url":"https:\/\/pistonaddict.com\/pt-pt\/product\/jensen-interceptor\/","name":"de Jensen Interceptor R Mk3 leil\u00e3o - Piston Addict","isPartOf":{"@id":"https:\/\/pistonaddict.com\/pt-pt\/#website"},"primaryImageOfPage":{"@id":"https:\/\/pistonaddict.com\/pt-pt\/product\/jensen-interceptor\/#primaryimage"},"image":{"@id":"https:\/\/pistonaddict.com\/pt-pt\/product\/jensen-interceptor\/#primaryimage"},"thumbnailUrl":"https:\/\/pistonaddict.com\/wp-content\/uploads\/2023\/04\/LuxurycarLondonApril11PistonAddict_0906-scaled.jpg","datePublished":"2023-04-19T07:41:30+00:00","dateModified":"2024-03-19T16:48:37+00:00","description":"Veja este Jensen Interceptor R MK3 \u00e0 venda em leil\u00e3o em PistonAddict.com","breadcrumb":{"@id":"https:\/\/pistonaddict.com\/pt-pt\/product\/jensen-interceptor\/#breadcrumb"},"inLanguage":"pt-PT","potentialAction":[{"@type":"ReadAction","target":["https:\/\/pistonaddict.com\/pt-pt\/product\/jensen-interceptor\/"]}]},{"@type":"ImageObject","inLanguage":"pt-PT","@id":"https:\/\/pistonaddict.com\/pt-pt\/product\/jensen-interceptor\/#primaryimage","url":"https:\/\/pistonaddict.com\/wp-content\/uploads\/2023\/04\/LuxurycarLondonApril11PistonAddict_0906-scaled.jpg","contentUrl":"https:\/\/pistonaddict.com\/wp-content\/uploads\/2023\/04\/LuxurycarLondonApril11PistonAddict_0906-scaled.jpg","width":2560,"height":1505},{"@type":"BreadcrumbList","@id":"https:\/\/pistonaddict.com\/pt-pt\/product\/jensen-interceptor\/#breadcrumb","itemListElement":[{"@type":"ListItem","position":1,"name":"Rece\u00e7\u00e3o","item":"https:\/\/pistonaddict.com\/pt-pt\/pagina-inicial\/"},{"@type":"ListItem","position":2,"name":"Auctions","item":"https:\/\/pistonaddict.com\/auctions-listing\/"},{"@type":"ListItem","position":3,"name":"Jensen Interceptor R Mk3"}]},{"@type":"WebSite","@id":"https:\/\/pistonaddict.com\/pt-pt\/#website","url":"https:\/\/pistonaddict.com\/pt-pt\/","name":"Piston Addict","description":"Only interesting vehicles","publisher":{"@id":"https:\/\/pistonaddict.com\/pt-pt\/#organization"},"potentialAction":[{"@type":"SearchAction","target":{"@type":"EntryPoint","urlTemplate":"https:\/\/pistonaddict.com\/pt-pt\/?s={search_term_string}"},"query-input":"required name=search_term_string"}],"inLanguage":"pt-PT"},{"@type":"Organization","@id":"https:\/\/pistonaddict.com\/pt-pt\/#organization","name":"Piston Addict","url":"https:\/\/pistonaddict.com\/pt-pt\/","logo":{"@type":"ImageObject","inLanguage":"pt-PT","@id":"https:\/\/pistonaddict.com\/pt-pt\/#\/schema\/logo\/image\/","url":"https:\/\/pistonaddict.com\/wp-content\/uploads\/2022\/07\/logo-6.png","contentUrl":"https:\/\/pistonaddict.com\/wp-content\/uploads\/2022\/07\/logo-6.png","width":970,"height":200,"caption":"Piston Addict"},"image":{"@id":"https:\/\/pistonaddict.com\/pt-pt\/#\/schema\/logo\/image\/"}}]}},"_links":{"self":[{"href":"https:\/\/pistonaddict.com\/pt-pt\/wp-json\/wp\/v2\/product\/33353"}],"collection":[{"href":"https:\/\/pistonaddict.com\/pt-pt\/wp-json\/wp\/v2\/product"}],"about":[{"href":"https:\/\/pistonaddict.com\/pt-pt\/wp-json\/wp\/v2\/types\/product"}],"replies":[{"embeddable":true,"href":"https:\/\/pistonaddict.com\/pt-pt\/wp-json\/wp\/v2\/comments?post=33353"}],"wp:featuredmedia":[{"embeddable":true,"href":"https:\/\/pistonaddict.com\/pt-pt\/wp-json\/wp\/v2\/media\/32675"}],"wp:attachment":[{"href":"https:\/\/pistonaddict.com\/pt-pt\/wp-json\/wp\/v2\/media?parent=33353"}],"wp:term":[{"taxonomy":"product_cat","embeddable":true,"href":"https:\/\/pistonaddict.com\/pt-pt\/wp-json\/wp\/v2\/product_cat?post=33353"},{"taxonomy":"product_tag","embeddable":true,"href":"https:\/\/pistonaddict.com\/pt-pt\/wp-json\/wp\/v2\/product_tag?post=33353"}],"curies":[{"name":"wp","href":"https:\/\/api.w.org\/{rel}","templated":true}]}}