{"id":32608,"date":"2023-04-18T18:05:14","date_gmt":"2023-04-18T16:05:14","guid":{"rendered":"https:\/\/pistonaddict.com\/product\/maserati-ghibli-ss-49-litros\/"},"modified":"2024-03-19T17:37:22","modified_gmt":"2024-03-19T16:37:22","slug":"maserati-ghibli-ss-49-litros","status":"publish","type":"product","link":"https:\/\/pistonaddict.com\/pt-pt\/product\/maserati-ghibli-ss-49-litros\/","title":{"rendered":"Maserati Ghibli SS 4,9 litros"},"content":{"rendered":"<h2>Exterior<\/h2>\n<p>O carro vendido neste leil\u00e3o \u00e9 de cor azul e tem uns atraentes far\u00f3is de abrir na frente. Mas o que torna este Sypder t\u00e3o apelativo e atraente \u00e9 a sua silhueta elegante. Desenhado por um dos maiores nomes da ind\u00fastria, Giorgetto Giugiaro, este roadster de 2 portas tem um nariz baixo, tipo tubar\u00e3o, cavas das rodas musculadas e uma traseira inclinada. Isto torna-o ideal para um cruzeiro descontra\u00eddo nas avenidas ou para a condu\u00e7\u00e3o em estradas costeiras pitorescas. E em condi\u00e7\u00f5es climat\u00e9ricas desfavor\u00e1veis, uma capota dobr\u00e1vel escondida por baixo de uma cobertura tonneau com c\u00f3digo de cores ser\u00e1 \u00fatil. O carro tem jantes de arame de 15 polegadas fabricadas pela Ruote Borrani e pneus Michelin Radial X correctos para a \u00e9poca. Outros pormenores dignos de nota s\u00e3o os p\u00e1ra-choques cromados e as aberturas de ventila\u00e7\u00e3o funcionais no capot e nos guarda-lamas.<\/p>\n<h2>Interior<\/h2>\n<p>No interior deste Maserati em particular, existem dois bancos confort\u00e1veis, mas com apoio, revestidos a pele macia castanha clara. O mesmo material agrad\u00e1vel aos olhos \u00e9 utilizado para estofar a maior parte do interior, com excep\u00e7\u00e3o da parte superior do painel de instrumentos, que \u00e9 revestida a camur\u00e7a preta. A julgar pelas fotografias fornecidas pelo vendedor, o interior est\u00e1 num estado imaculado. E uma vez no interior, o condutor assume o controlo de um belo volante de madeira com tr\u00eas raios de a\u00e7o inoxid\u00e1vel no meio. Atr\u00e1s, encontra-se o painel de instrumentos com um conta-rota\u00e7\u00f5es com 5.555 RPM e um veloc\u00edmetro cujo valor final \u00e9 de 300 KPH. Para al\u00e9m destes, este Ghibli tem cinco indicadores montados no centro que mostram par\u00e2metros vitais, como a press\u00e3o do \u00f3leo, a temperatura e o n\u00edvel de combust\u00edvel. Neste momento, o conta-quil\u00f3metros est\u00e1 a aproximadamente 13.000 km.<\/p>\n<h2>Mec\u00e2nica<\/h2>\n<p>O carro \u00e0 venda \u00e9 o modelo SS, o que significa que est\u00e1 equipado com um motor V8 de 4,9 litros maior e mais potente. Alimentado por quatro carburadores Weber de duplo efeito, desenvolve 335 cavalos de pot\u00eancia e um pouco mais de 480 Nm de bin\u00e1rio, que \u00e9 enviado para as rodas traseiras atrav\u00e9s de uma caixa manual de cinco velocidades. Isto \u00e9 suficiente para levar este roadster Ghibli SS \u00e0 sua velocidade m\u00e1xima de 280 MPH, tornando-o no Maserati mais r\u00e1pido do seu tempo. Para al\u00e9m da mec\u00e2nica, o autom\u00f3vel possui um chassis tubular em a\u00e7o, que garante leveza e rigidez estrutural.<\/p>\n<h2>Hist\u00f3rico do ve\u00edculo<\/h2>\n<p>A referida convers\u00e3o do Spyder foi efectuada por uma oficina especializada em Mondena, garantindo a qualidade do trabalho. Esta \u00e9 uma modifica\u00e7\u00e3o popular entre os propriet\u00e1rios de Ghibli porque a Maserati construiu menos de 50 Spyders de f\u00e1brica. Al\u00e9m disso, o autom\u00f3vel foi submetido a um restauro profundo, efectuado por Furlonger Cars, um reputado restaurador de Ashford versado em supercarros italianos.<\/p>\n<p>De acordo com o propriet\u00e1rio, todos os trabalhos de manuten\u00e7\u00e3o foram efectuados regularmente, tendo a \u00faltima revis\u00e3o sido realizada em Junho de 2021. Actualmente, n\u00e3o se conhecem falhas ou problemas em nenhum dos seus componentes. Al\u00e9m disso, n\u00e3o existem riscos, amolgadelas ou outras imperfei\u00e7\u00f5es percept\u00edveis na carro\u00e7aria.<\/p>\n","protected":false},"excerpt":{"rendered":"<p>Este roadster aberto Maserati Ghibli SS de 1971, que fez pouco mais de 13.000 quil\u00f3metros, \u00e9 vendido em privado pelo propriet\u00e1rio. \u00c9 alimentado por um motor V8 acoplado a uma caixa manual de cinco velocidades. Embora visualmente id\u00eantico ao ic\u00f3nico modelo Spyder, este autom\u00f3vel come\u00e7ou por ser um coup\u00e9, tendo sido posteriormente convertido para a sua forma actual. Para al\u00e9m de estar num estado quase imaculado, este autom\u00f3vel tamb\u00e9m tem todas as revis\u00f5es em dia e &#8211; de acordo com o propriet\u00e1rio &#8211; n\u00e3o esteve envolvido em nenhum acidente e est\u00e1 actualmente localizado no Reino Unido.<\/p>\n","protected":false},"featured_media":32157,"comment_status":"open","ping_status":"closed","template":"","meta":{"inline_featured_image":false},"product_cat":[735],"product_tag":[1238,1083,1079,956],"acf":[],"yoast_head":"<!-- This site is optimized with the Yoast SEO plugin v22.5 - https:\/\/yoast.com\/wordpress\/plugins\/seo\/ -->\n<title>de Maserati Ghibli SS 4,9 litros leil\u00e3o - Piston Addict<\/title>\n<meta name=\"description\" content=\"Veja este Maserati Ghibli SS 4.9 litros para venda em leil\u00e3o em PistonAddict.com com transmiss\u00e3o manual e apenas 13 220 km.\" \/>\n<meta name=\"robots\" content=\"index, follow, max-snippet:-1, max-image-preview:large, max-video-preview:-1\" \/>\n<link rel=\"canonical\" href=\"https:\/\/pistonaddict.com\/pt-pt\/product\/maserati-ghibli-ss-49-litros\/\" \/>\n<meta property=\"og:locale\" content=\"pt_PT\" \/>\n<meta property=\"og:type\" content=\"article\" \/>\n<meta property=\"og:title\" content=\"de Maserati Ghibli SS 4,9 litros leil\u00e3o - Piston Addict\" \/>\n<meta property=\"og:description\" content=\"Veja este Maserati Ghibli SS 4.9 litros para venda em leil\u00e3o em PistonAddict.com com transmiss\u00e3o manual e apenas 13 220 km.\" \/>\n<meta property=\"og:url\" content=\"https:\/\/pistonaddict.com\/pt-pt\/product\/maserati-ghibli-ss-49-litros\/\" \/>\n<meta property=\"og:site_name\" content=\"Piston Addict\" \/>\n<meta property=\"article:modified_time\" content=\"2024-03-19T16:37:22+00:00\" \/>\n<meta property=\"og:image\" content=\"https:\/\/pistonaddict.com\/wp-content\/uploads\/2023\/04\/Maserati13-scaled.jpg\" \/>\n\t<meta property=\"og:image:width\" content=\"2560\" \/>\n\t<meta property=\"og:image:height\" content=\"1609\" \/>\n\t<meta property=\"og:image:type\" content=\"image\/jpeg\" \/>\n<meta name=\"twitter:card\" content=\"summary_large_image\" \/>\n<meta name=\"twitter:label1\" content=\"Tempo estimado de leitura\" \/>\n\t<meta name=\"twitter:data1\" content=\"3 minutos\" \/>\n<script type=\"application\/ld+json\" class=\"yoast-schema-graph\">{\"@context\":\"https:\/\/schema.org\",\"@graph\":[{\"@type\":\"WebPage\",\"@id\":\"https:\/\/pistonaddict.com\/pt-pt\/product\/maserati-ghibli-ss-49-litros\/\",\"url\":\"https:\/\/pistonaddict.com\/pt-pt\/product\/maserati-ghibli-ss-49-litros\/\",\"name\":\"de Maserati Ghibli SS 4,9 litros leil\u00e3o - Piston Addict\",\"isPartOf\":{\"@id\":\"https:\/\/pistonaddict.com\/pt-pt\/#website\"},\"primaryImageOfPage\":{\"@id\":\"https:\/\/pistonaddict.com\/pt-pt\/product\/maserati-ghibli-ss-49-litros\/#primaryimage\"},\"image\":{\"@id\":\"https:\/\/pistonaddict.com\/pt-pt\/product\/maserati-ghibli-ss-49-litros\/#primaryimage\"},\"thumbnailUrl\":\"https:\/\/pistonaddict.com\/wp-content\/uploads\/2023\/04\/Maserati13-scaled.jpg\",\"datePublished\":\"2023-04-18T16:05:14+00:00\",\"dateModified\":\"2024-03-19T16:37:22+00:00\",\"description\":\"Veja este Maserati Ghibli SS 4.9 litros para venda em leil\u00e3o em PistonAddict.com com transmiss\u00e3o manual e apenas 13 220 km.\",\"breadcrumb\":{\"@id\":\"https:\/\/pistonaddict.com\/pt-pt\/product\/maserati-ghibli-ss-49-litros\/#breadcrumb\"},\"inLanguage\":\"pt-PT\",\"potentialAction\":[{\"@type\":\"ReadAction\",\"target\":[\"https:\/\/pistonaddict.com\/pt-pt\/product\/maserati-ghibli-ss-49-litros\/\"]}]},{\"@type\":\"ImageObject\",\"inLanguage\":\"pt-PT\",\"@id\":\"https:\/\/pistonaddict.com\/pt-pt\/product\/maserati-ghibli-ss-49-litros\/#primaryimage\",\"url\":\"https:\/\/pistonaddict.com\/wp-content\/uploads\/2023\/04\/Maserati13-scaled.jpg\",\"contentUrl\":\"https:\/\/pistonaddict.com\/wp-content\/uploads\/2023\/04\/Maserati13-scaled.jpg\",\"width\":2560,\"height\":1609},{\"@type\":\"BreadcrumbList\",\"@id\":\"https:\/\/pistonaddict.com\/pt-pt\/product\/maserati-ghibli-ss-49-litros\/#breadcrumb\",\"itemListElement\":[{\"@type\":\"ListItem\",\"position\":1,\"name\":\"Rece\u00e7\u00e3o\",\"item\":\"https:\/\/pistonaddict.com\/pt-pt\/pagina-inicial\/\"},{\"@type\":\"ListItem\",\"position\":2,\"name\":\"Auctions\",\"item\":\"https:\/\/pistonaddict.com\/auctions-listing\/\"},{\"@type\":\"ListItem\",\"position\":3,\"name\":\"Maserati Ghibli SS 4,9 litros\"}]},{\"@type\":\"WebSite\",\"@id\":\"https:\/\/pistonaddict.com\/pt-pt\/#website\",\"url\":\"https:\/\/pistonaddict.com\/pt-pt\/\",\"name\":\"Piston Addict\",\"description\":\"Only interesting vehicles\",\"publisher\":{\"@id\":\"https:\/\/pistonaddict.com\/pt-pt\/#organization\"},\"potentialAction\":[{\"@type\":\"SearchAction\",\"target\":{\"@type\":\"EntryPoint\",\"urlTemplate\":\"https:\/\/pistonaddict.com\/pt-pt\/?s={search_term_string}\"},\"query-input\":\"required name=search_term_string\"}],\"inLanguage\":\"pt-PT\"},{\"@type\":\"Organization\",\"@id\":\"https:\/\/pistonaddict.com\/pt-pt\/#organization\",\"name\":\"Piston Addict\",\"url\":\"https:\/\/pistonaddict.com\/pt-pt\/\",\"logo\":{\"@type\":\"ImageObject\",\"inLanguage\":\"pt-PT\",\"@id\":\"https:\/\/pistonaddict.com\/pt-pt\/#\/schema\/logo\/image\/\",\"url\":\"https:\/\/pistonaddict.com\/wp-content\/uploads\/2022\/07\/logo-6.png\",\"contentUrl\":\"https:\/\/pistonaddict.com\/wp-content\/uploads\/2022\/07\/logo-6.png\",\"width\":970,\"height\":200,\"caption\":\"Piston Addict\"},\"image\":{\"@id\":\"https:\/\/pistonaddict.com\/pt-pt\/#\/schema\/logo\/image\/\"}}]}<\/script>\n<!-- \/ Yoast SEO plugin. -->","yoast_head_json":{"title":"de Maserati Ghibli SS 4,9 litros leil\u00e3o - Piston Addict","description":"Veja este Maserati Ghibli SS 4.9 litros para venda em leil\u00e3o em PistonAddict.com com transmiss\u00e3o manual e apenas 13 220 km.","robots":{"index":"index","follow":"follow","max-snippet":"max-snippet:-1","max-image-preview":"max-image-preview:large","max-video-preview":"max-video-preview:-1"},"canonical":"https:\/\/pistonaddict.com\/pt-pt\/product\/maserati-ghibli-ss-49-litros\/","og_locale":"pt_PT","og_type":"article","og_title":"de Maserati Ghibli SS 4,9 litros leil\u00e3o - Piston Addict","og_description":"Veja este Maserati Ghibli SS 4.9 litros para venda em leil\u00e3o em PistonAddict.com com transmiss\u00e3o manual e apenas 13 220 km.","og_url":"https:\/\/pistonaddict.com\/pt-pt\/product\/maserati-ghibli-ss-49-litros\/","og_site_name":"Piston Addict","article_modified_time":"2024-03-19T16:37:22+00:00","og_image":[{"width":2560,"height":1609,"url":"https:\/\/pistonaddict.com\/wp-content\/uploads\/2023\/04\/Maserati13-scaled.jpg","type":"image\/jpeg"}],"twitter_card":"summary_large_image","twitter_misc":{"Tempo estimado de leitura":"3 minutos"},"schema":{"@context":"https:\/\/schema.org","@graph":[{"@type":"WebPage","@id":"https:\/\/pistonaddict.com\/pt-pt\/product\/maserati-ghibli-ss-49-litros\/","url":"https:\/\/pistonaddict.com\/pt-pt\/product\/maserati-ghibli-ss-49-litros\/","name":"de Maserati Ghibli SS 4,9 litros leil\u00e3o - Piston Addict","isPartOf":{"@id":"https:\/\/pistonaddict.com\/pt-pt\/#website"},"primaryImageOfPage":{"@id":"https:\/\/pistonaddict.com\/pt-pt\/product\/maserati-ghibli-ss-49-litros\/#primaryimage"},"image":{"@id":"https:\/\/pistonaddict.com\/pt-pt\/product\/maserati-ghibli-ss-49-litros\/#primaryimage"},"thumbnailUrl":"https:\/\/pistonaddict.com\/wp-content\/uploads\/2023\/04\/Maserati13-scaled.jpg","datePublished":"2023-04-18T16:05:14+00:00","dateModified":"2024-03-19T16:37:22+00:00","description":"Veja este Maserati Ghibli SS 4.9 litros para venda em leil\u00e3o em PistonAddict.com com transmiss\u00e3o manual e apenas 13 220 km.","breadcrumb":{"@id":"https:\/\/pistonaddict.com\/pt-pt\/product\/maserati-ghibli-ss-49-litros\/#breadcrumb"},"inLanguage":"pt-PT","potentialAction":[{"@type":"ReadAction","target":["https:\/\/pistonaddict.com\/pt-pt\/product\/maserati-ghibli-ss-49-litros\/"]}]},{"@type":"ImageObject","inLanguage":"pt-PT","@id":"https:\/\/pistonaddict.com\/pt-pt\/product\/maserati-ghibli-ss-49-litros\/#primaryimage","url":"https:\/\/pistonaddict.com\/wp-content\/uploads\/2023\/04\/Maserati13-scaled.jpg","contentUrl":"https:\/\/pistonaddict.com\/wp-content\/uploads\/2023\/04\/Maserati13-scaled.jpg","width":2560,"height":1609},{"@type":"BreadcrumbList","@id":"https:\/\/pistonaddict.com\/pt-pt\/product\/maserati-ghibli-ss-49-litros\/#breadcrumb","itemListElement":[{"@type":"ListItem","position":1,"name":"Rece\u00e7\u00e3o","item":"https:\/\/pistonaddict.com\/pt-pt\/pagina-inicial\/"},{"@type":"ListItem","position":2,"name":"Auctions","item":"https:\/\/pistonaddict.com\/auctions-listing\/"},{"@type":"ListItem","position":3,"name":"Maserati Ghibli SS 4,9 litros"}]},{"@type":"WebSite","@id":"https:\/\/pistonaddict.com\/pt-pt\/#website","url":"https:\/\/pistonaddict.com\/pt-pt\/","name":"Piston Addict","description":"Only interesting vehicles","publisher":{"@id":"https:\/\/pistonaddict.com\/pt-pt\/#organization"},"potentialAction":[{"@type":"SearchAction","target":{"@type":"EntryPoint","urlTemplate":"https:\/\/pistonaddict.com\/pt-pt\/?s={search_term_string}"},"query-input":"required name=search_term_string"}],"inLanguage":"pt-PT"},{"@type":"Organization","@id":"https:\/\/pistonaddict.com\/pt-pt\/#organization","name":"Piston Addict","url":"https:\/\/pistonaddict.com\/pt-pt\/","logo":{"@type":"ImageObject","inLanguage":"pt-PT","@id":"https:\/\/pistonaddict.com\/pt-pt\/#\/schema\/logo\/image\/","url":"https:\/\/pistonaddict.com\/wp-content\/uploads\/2022\/07\/logo-6.png","contentUrl":"https:\/\/pistonaddict.com\/wp-content\/uploads\/2022\/07\/logo-6.png","width":970,"height":200,"caption":"Piston Addict"},"image":{"@id":"https:\/\/pistonaddict.com\/pt-pt\/#\/schema\/logo\/image\/"}}]}},"_links":{"self":[{"href":"https:\/\/pistonaddict.com\/pt-pt\/wp-json\/wp\/v2\/product\/32608"}],"collection":[{"href":"https:\/\/pistonaddict.com\/pt-pt\/wp-json\/wp\/v2\/product"}],"about":[{"href":"https:\/\/pistonaddict.com\/pt-pt\/wp-json\/wp\/v2\/types\/product"}],"replies":[{"embeddable":true,"href":"https:\/\/pistonaddict.com\/pt-pt\/wp-json\/wp\/v2\/comments?post=32608"}],"wp:featuredmedia":[{"embeddable":true,"href":"https:\/\/pistonaddict.com\/pt-pt\/wp-json\/wp\/v2\/media\/32157"}],"wp:attachment":[{"href":"https:\/\/pistonaddict.com\/pt-pt\/wp-json\/wp\/v2\/media?parent=32608"}],"wp:term":[{"taxonomy":"product_cat","embeddable":true,"href":"https:\/\/pistonaddict.com\/pt-pt\/wp-json\/wp\/v2\/product_cat?post=32608"},{"taxonomy":"product_tag","embeddable":true,"href":"https:\/\/pistonaddict.com\/pt-pt\/wp-json\/wp\/v2\/product_tag?post=32608"}],"curies":[{"name":"wp","href":"https:\/\/api.w.org\/{rel}","templated":true}]}}