{"id":29709,"date":"2023-03-02T21:25:19","date_gmt":"2023-03-02T20:25:19","guid":{"rendered":"https:\/\/pistonaddict.com\/product\/1985-porsche-911-carrera-3-2-para-venda\/"},"modified":"2024-03-22T16:10:45","modified_gmt":"2024-03-22T15:10:45","slug":"1985-porsche-911-carrera-3-2-for-sale","status":"publish","type":"product","link":"https:\/\/pistonaddict.com\/pt-pt\/product\/1985-porsche-911-carrera-3-2-for-sale\/","title":{"rendered":"1985 Porsche 911 Carrera 3.2 para venda em leil\u00e3o"},"content":{"rendered":"<p><strong>Hist\u00f3ria do autom\u00f3vel<\/strong><\/p>\n<p>O vendedor adquiriu este belo exemplo de magia de meados dos anos 80 no Luxemburgo em 1997 e importou-o para a Su\u00ed\u00e7a. Esta Carrera foi equipada com um motor de s\u00e9rie de 3,2 litros, de 6 cilindros planos, fornecendo 231 cv para as rodas traseiras atrav\u00e9s de um manual de 5 velocidades. O motor \u00e9 injectado e capaz de lan\u00e7ar este lend\u00e1rio carro desportivo a 5,9 segundos 0 a 100 km\/h de tempo e no m\u00e1ximo, ainda respeit\u00e1vel 245 km\/h (150 mph). N\u00e3o h\u00e1 registos de quaisquer modifica\u00e7\u00f5es do motor, mas o carro foi mantido regularmente, tendo o \u00faltimo servi\u00e7o documentado sido feito em finais de Mar\u00e7o de 2022. At\u00e9 agora, este Porsche preto j\u00e1 percorreu 168.000 km.<\/p>\n<p><strong>Estado<\/strong><\/p>\n<p>O ve\u00edculo beneficiou de uma repintura profissional completa da carro\u00e7aria e da remodela\u00e7\u00e3o do motor, utilizando pe\u00e7as e componentes originais. Foi aprovado na inspec\u00e7\u00e3o t\u00e9cnica su\u00ed\u00e7a, e a sua estrada \u00e9 legal e registada. Os compradores em perspectiva querem saber que a an\u00e1lise do petr\u00f3leo foi feita e que os resultados est\u00e3o em ordem. Nos v\u00eddeos, \u00e9 poss\u00edvel ver que a press\u00e3o do \u00f3leo e todos os man\u00f3metros funcionam correctamente. N\u00e3o h\u00e1 fugas de \u00f3leo no trem de aterragem, o compartimento do motor est\u00e1 arrumado, e todos os carimbos e marca\u00e7\u00f5es originais est\u00e3o presentes.<\/p>\n<p><strong>Interior<\/strong><\/p>\n<p>O interior deste Porsche 911 Carrera 3.2 de 1985 \u00e9 original, com os bancos e os cart\u00f5es das portas cobertos de couro. Em compara\u00e7\u00e3o com carros semelhantes, este triplo exemplo preto (carro\u00e7aria, interior e tapetes &#8211; todos pretos) tem algumas op\u00e7\u00f5es desej\u00e1veis que os coleccionadores procuram. O primeiro deles s\u00e3o os bancos de couro com op\u00e7\u00f5es de pot\u00eancia. Em segundo lugar, este exemplo est\u00e1 equipado com ar condicionado, que \u00e9 uma adi\u00e7\u00e3o bem-vinda, especialmente durante os dias quentes de Ver\u00e3o. Em terceiro lugar, esta Carrera de 1985 tamb\u00e9m tem um tejadilho, espelhos el\u00e9ctricos, e lavadores de far\u00f3is, tudo isto contribui para uma experi\u00eancia melhorada. O vidro traseiro \u00e9 aquecido, e existe uma unidade de cabe\u00e7a est\u00e9reo aftermarket para as suas m\u00fasicas favoritas dos anos 80. No entanto, o bot\u00e3o de mudan\u00e7a n\u00e3o \u00e9 o item original.<\/p>\n<p><strong>Exterior e rodas<\/strong><\/p>\n<p>Todas as pe\u00e7as exteriores de acabamento, molduras e componentes pl\u00e1sticos parecem estar em perfeita forma, e n\u00e3o h\u00e1 ferrugem vis\u00edvel \u00e0 volta da abertura do tejadilho, um desporto comum nestes carros. Isto significa que o ve\u00edculo \u00e9 bem cuidado e utilizado apenas esporadicamente. Curiosamente, o propriet\u00e1rio optou por melhorar o material circulante deste Porsche 911 Carrera de 1985. Em vez de rodas de 15 polegadas corretas de f\u00e1brica, este carro tem rodas originais Fuchs de 16 polegadas embrulhadas em pneus Pirelli P Zero. Naturalmente, as traseiras s\u00e3o mais largas do que as dianteiras. Esta \u00e9 uma modifica\u00e7\u00e3o comum que ajuda tanto com a apar\u00eancia como com a din\u00e2mica de condu\u00e7\u00e3o. Os pneus foram instalados em meados de 2021. O carro vem com um kit de ferramentas original e roda sobressalente, mostrando o n\u00edvel de originalidade favor\u00e1vel aos colectores.<\/p>\n<p><strong>Documenta\u00e7\u00e3o<\/strong><\/p>\n<p>Este \u00e9 um ve\u00edculo privado com documenta\u00e7\u00e3o apropriada localizado em Geneve, Su\u00ed\u00e7a. O relat\u00f3rio CarVertical \u00e9 limpo; n\u00e3o existem provas de acidentes, repara\u00e7\u00f5es ou propriedade de acidentes, ou problemas legais. H\u00e1 registos de manuten\u00e7\u00e3o regular que remontam a 2015.<\/p>\n","protected":false},"excerpt":{"rendered":"<p>Acabado num elegante tom de preto Porsche com um interior a condizer, este Carrera 3.2 de 1985 \u00e9 um exemplo perfeito do cl\u00e1ssico 911 de qualidade de um condutor, pronto para ser apreciado pelo novo propriet\u00e1rio. Apresentando um exterior sem marcas, v\u00e1rias op\u00e7\u00f5es desej\u00e1veis, e um interior bem indicado, esta Carrera \u00e9 um cl\u00e1ssico bem conservado e de confian\u00e7a, com muito desempenho, pronto para ser levado numa viagem de Ver\u00e3o entre a Europa e a Europa com confian\u00e7a.<\/p>\n","protected":false},"featured_media":29671,"comment_status":"open","ping_status":"closed","template":"","meta":{"inline_featured_image":false},"product_cat":[735],"product_tag":[957,870,895,869,956],"acf":[],"yoast_head":"<!-- This site is optimized with the Yoast SEO plugin v22.5 - https:\/\/yoast.com\/wordpress\/plugins\/seo\/ -->\n<title>1985 Porsche 911 Carrera 3.2 para venda em leil\u00e3o Piston Addict - t\u00edtulo<\/title>\n<meta name=\"description\" content=\"Verifique esta linda venda em leil\u00e3o da Porsche 911 Carrera 3.2 de 1985 em PistonAddict.com\" \/>\n<meta name=\"robots\" content=\"index, follow, max-snippet:-1, max-image-preview:large, max-video-preview:-1\" \/>\n<link rel=\"canonical\" href=\"https:\/\/pistonaddict.com\/pt-pt\/product\/1985-porsche-911-carrera-3-2-for-sale\/\" \/>\n<meta property=\"og:locale\" content=\"pt_PT\" \/>\n<meta property=\"og:type\" content=\"article\" \/>\n<meta property=\"og:title\" content=\"1985 Porsche 911 Carrera 3.2 para venda em leil\u00e3o Piston Addict - t\u00edtulo\" \/>\n<meta property=\"og:description\" content=\"Verifique esta linda venda em leil\u00e3o da Porsche 911 Carrera 3.2 de 1985 em PistonAddict.com\" \/>\n<meta property=\"og:url\" content=\"https:\/\/pistonaddict.com\/pt-pt\/product\/1985-porsche-911-carrera-3-2-for-sale\/\" \/>\n<meta property=\"og:site_name\" content=\"Piston Addict\" \/>\n<meta property=\"article:modified_time\" content=\"2024-03-22T15:10:45+00:00\" \/>\n<meta property=\"og:image\" content=\"https:\/\/pistonaddict.com\/wp-content\/uploads\/2023\/03\/IMG_2519-scaled.jpeg\" \/>\n\t<meta property=\"og:image:width\" content=\"2560\" \/>\n\t<meta property=\"og:image:height\" content=\"1920\" \/>\n\t<meta property=\"og:image:type\" content=\"image\/jpeg\" \/>\n<meta name=\"twitter:card\" content=\"summary_large_image\" \/>\n<meta name=\"twitter:label1\" content=\"Tempo estimado de leitura\" \/>\n\t<meta name=\"twitter:data1\" content=\"3 minutos\" \/>\n<script type=\"application\/ld+json\" class=\"yoast-schema-graph\">{\"@context\":\"https:\/\/schema.org\",\"@graph\":[{\"@type\":\"WebPage\",\"@id\":\"https:\/\/pistonaddict.com\/pt-pt\/product\/1985-porsche-911-carrera-3-2-for-sale\/\",\"url\":\"https:\/\/pistonaddict.com\/pt-pt\/product\/1985-porsche-911-carrera-3-2-for-sale\/\",\"name\":\"1985 Porsche 911 Carrera 3.2 para venda em leil\u00e3o Piston Addict - t\u00edtulo\",\"isPartOf\":{\"@id\":\"https:\/\/pistonaddict.com\/pt-pt\/#website\"},\"primaryImageOfPage\":{\"@id\":\"https:\/\/pistonaddict.com\/pt-pt\/product\/1985-porsche-911-carrera-3-2-for-sale\/#primaryimage\"},\"image\":{\"@id\":\"https:\/\/pistonaddict.com\/pt-pt\/product\/1985-porsche-911-carrera-3-2-for-sale\/#primaryimage\"},\"thumbnailUrl\":\"https:\/\/pistonaddict.com\/wp-content\/uploads\/2023\/03\/IMG_2519-scaled.jpeg\",\"datePublished\":\"2023-03-02T20:25:19+00:00\",\"dateModified\":\"2024-03-22T15:10:45+00:00\",\"description\":\"Verifique esta linda venda em leil\u00e3o da Porsche 911 Carrera 3.2 de 1985 em PistonAddict.com\",\"breadcrumb\":{\"@id\":\"https:\/\/pistonaddict.com\/pt-pt\/product\/1985-porsche-911-carrera-3-2-for-sale\/#breadcrumb\"},\"inLanguage\":\"pt-PT\",\"potentialAction\":[{\"@type\":\"ReadAction\",\"target\":[\"https:\/\/pistonaddict.com\/pt-pt\/product\/1985-porsche-911-carrera-3-2-for-sale\/\"]}]},{\"@type\":\"ImageObject\",\"inLanguage\":\"pt-PT\",\"@id\":\"https:\/\/pistonaddict.com\/pt-pt\/product\/1985-porsche-911-carrera-3-2-for-sale\/#primaryimage\",\"url\":\"https:\/\/pistonaddict.com\/wp-content\/uploads\/2023\/03\/IMG_2519-scaled.jpeg\",\"contentUrl\":\"https:\/\/pistonaddict.com\/wp-content\/uploads\/2023\/03\/IMG_2519-scaled.jpeg\",\"width\":2560,\"height\":1920},{\"@type\":\"BreadcrumbList\",\"@id\":\"https:\/\/pistonaddict.com\/pt-pt\/product\/1985-porsche-911-carrera-3-2-for-sale\/#breadcrumb\",\"itemListElement\":[{\"@type\":\"ListItem\",\"position\":1,\"name\":\"Rece\u00e7\u00e3o\",\"item\":\"https:\/\/pistonaddict.com\/pt-pt\/pagina-inicial\/\"},{\"@type\":\"ListItem\",\"position\":2,\"name\":\"Auctions\",\"item\":\"https:\/\/pistonaddict.com\/auctions-listing\/\"},{\"@type\":\"ListItem\",\"position\":3,\"name\":\"1985 Porsche 911 Carrera 3.2 para venda em leil\u00e3o\"}]},{\"@type\":\"WebSite\",\"@id\":\"https:\/\/pistonaddict.com\/pt-pt\/#website\",\"url\":\"https:\/\/pistonaddict.com\/pt-pt\/\",\"name\":\"Piston Addict\",\"description\":\"Only interesting vehicles\",\"publisher\":{\"@id\":\"https:\/\/pistonaddict.com\/pt-pt\/#organization\"},\"potentialAction\":[{\"@type\":\"SearchAction\",\"target\":{\"@type\":\"EntryPoint\",\"urlTemplate\":\"https:\/\/pistonaddict.com\/pt-pt\/?s={search_term_string}\"},\"query-input\":\"required name=search_term_string\"}],\"inLanguage\":\"pt-PT\"},{\"@type\":\"Organization\",\"@id\":\"https:\/\/pistonaddict.com\/pt-pt\/#organization\",\"name\":\"Piston Addict\",\"url\":\"https:\/\/pistonaddict.com\/pt-pt\/\",\"logo\":{\"@type\":\"ImageObject\",\"inLanguage\":\"pt-PT\",\"@id\":\"https:\/\/pistonaddict.com\/pt-pt\/#\/schema\/logo\/image\/\",\"url\":\"https:\/\/pistonaddict.com\/wp-content\/uploads\/2022\/07\/logo-6.png\",\"contentUrl\":\"https:\/\/pistonaddict.com\/wp-content\/uploads\/2022\/07\/logo-6.png\",\"width\":970,\"height\":200,\"caption\":\"Piston Addict\"},\"image\":{\"@id\":\"https:\/\/pistonaddict.com\/pt-pt\/#\/schema\/logo\/image\/\"}}]}<\/script>\n<!-- \/ Yoast SEO plugin. -->","yoast_head_json":{"title":"1985 Porsche 911 Carrera 3.2 para venda em leil\u00e3o Piston Addict - t\u00edtulo","description":"Verifique esta linda venda em leil\u00e3o da Porsche 911 Carrera 3.2 de 1985 em PistonAddict.com","robots":{"index":"index","follow":"follow","max-snippet":"max-snippet:-1","max-image-preview":"max-image-preview:large","max-video-preview":"max-video-preview:-1"},"canonical":"https:\/\/pistonaddict.com\/pt-pt\/product\/1985-porsche-911-carrera-3-2-for-sale\/","og_locale":"pt_PT","og_type":"article","og_title":"1985 Porsche 911 Carrera 3.2 para venda em leil\u00e3o Piston Addict - t\u00edtulo","og_description":"Verifique esta linda venda em leil\u00e3o da Porsche 911 Carrera 3.2 de 1985 em PistonAddict.com","og_url":"https:\/\/pistonaddict.com\/pt-pt\/product\/1985-porsche-911-carrera-3-2-for-sale\/","og_site_name":"Piston Addict","article_modified_time":"2024-03-22T15:10:45+00:00","og_image":[{"width":2560,"height":1920,"url":"https:\/\/pistonaddict.com\/wp-content\/uploads\/2023\/03\/IMG_2519-scaled.jpeg","type":"image\/jpeg"}],"twitter_card":"summary_large_image","twitter_misc":{"Tempo estimado de leitura":"3 minutos"},"schema":{"@context":"https:\/\/schema.org","@graph":[{"@type":"WebPage","@id":"https:\/\/pistonaddict.com\/pt-pt\/product\/1985-porsche-911-carrera-3-2-for-sale\/","url":"https:\/\/pistonaddict.com\/pt-pt\/product\/1985-porsche-911-carrera-3-2-for-sale\/","name":"1985 Porsche 911 Carrera 3.2 para venda em leil\u00e3o Piston Addict - t\u00edtulo","isPartOf":{"@id":"https:\/\/pistonaddict.com\/pt-pt\/#website"},"primaryImageOfPage":{"@id":"https:\/\/pistonaddict.com\/pt-pt\/product\/1985-porsche-911-carrera-3-2-for-sale\/#primaryimage"},"image":{"@id":"https:\/\/pistonaddict.com\/pt-pt\/product\/1985-porsche-911-carrera-3-2-for-sale\/#primaryimage"},"thumbnailUrl":"https:\/\/pistonaddict.com\/wp-content\/uploads\/2023\/03\/IMG_2519-scaled.jpeg","datePublished":"2023-03-02T20:25:19+00:00","dateModified":"2024-03-22T15:10:45+00:00","description":"Verifique esta linda venda em leil\u00e3o da Porsche 911 Carrera 3.2 de 1985 em PistonAddict.com","breadcrumb":{"@id":"https:\/\/pistonaddict.com\/pt-pt\/product\/1985-porsche-911-carrera-3-2-for-sale\/#breadcrumb"},"inLanguage":"pt-PT","potentialAction":[{"@type":"ReadAction","target":["https:\/\/pistonaddict.com\/pt-pt\/product\/1985-porsche-911-carrera-3-2-for-sale\/"]}]},{"@type":"ImageObject","inLanguage":"pt-PT","@id":"https:\/\/pistonaddict.com\/pt-pt\/product\/1985-porsche-911-carrera-3-2-for-sale\/#primaryimage","url":"https:\/\/pistonaddict.com\/wp-content\/uploads\/2023\/03\/IMG_2519-scaled.jpeg","contentUrl":"https:\/\/pistonaddict.com\/wp-content\/uploads\/2023\/03\/IMG_2519-scaled.jpeg","width":2560,"height":1920},{"@type":"BreadcrumbList","@id":"https:\/\/pistonaddict.com\/pt-pt\/product\/1985-porsche-911-carrera-3-2-for-sale\/#breadcrumb","itemListElement":[{"@type":"ListItem","position":1,"name":"Rece\u00e7\u00e3o","item":"https:\/\/pistonaddict.com\/pt-pt\/pagina-inicial\/"},{"@type":"ListItem","position":2,"name":"Auctions","item":"https:\/\/pistonaddict.com\/auctions-listing\/"},{"@type":"ListItem","position":3,"name":"1985 Porsche 911 Carrera 3.2 para venda em leil\u00e3o"}]},{"@type":"WebSite","@id":"https:\/\/pistonaddict.com\/pt-pt\/#website","url":"https:\/\/pistonaddict.com\/pt-pt\/","name":"Piston Addict","description":"Only interesting vehicles","publisher":{"@id":"https:\/\/pistonaddict.com\/pt-pt\/#organization"},"potentialAction":[{"@type":"SearchAction","target":{"@type":"EntryPoint","urlTemplate":"https:\/\/pistonaddict.com\/pt-pt\/?s={search_term_string}"},"query-input":"required name=search_term_string"}],"inLanguage":"pt-PT"},{"@type":"Organization","@id":"https:\/\/pistonaddict.com\/pt-pt\/#organization","name":"Piston Addict","url":"https:\/\/pistonaddict.com\/pt-pt\/","logo":{"@type":"ImageObject","inLanguage":"pt-PT","@id":"https:\/\/pistonaddict.com\/pt-pt\/#\/schema\/logo\/image\/","url":"https:\/\/pistonaddict.com\/wp-content\/uploads\/2022\/07\/logo-6.png","contentUrl":"https:\/\/pistonaddict.com\/wp-content\/uploads\/2022\/07\/logo-6.png","width":970,"height":200,"caption":"Piston Addict"},"image":{"@id":"https:\/\/pistonaddict.com\/pt-pt\/#\/schema\/logo\/image\/"}}]}},"_links":{"self":[{"href":"https:\/\/pistonaddict.com\/pt-pt\/wp-json\/wp\/v2\/product\/29709"}],"collection":[{"href":"https:\/\/pistonaddict.com\/pt-pt\/wp-json\/wp\/v2\/product"}],"about":[{"href":"https:\/\/pistonaddict.com\/pt-pt\/wp-json\/wp\/v2\/types\/product"}],"replies":[{"embeddable":true,"href":"https:\/\/pistonaddict.com\/pt-pt\/wp-json\/wp\/v2\/comments?post=29709"}],"wp:featuredmedia":[{"embeddable":true,"href":"https:\/\/pistonaddict.com\/pt-pt\/wp-json\/wp\/v2\/media\/29671"}],"wp:attachment":[{"href":"https:\/\/pistonaddict.com\/pt-pt\/wp-json\/wp\/v2\/media?parent=29709"}],"wp:term":[{"taxonomy":"product_cat","embeddable":true,"href":"https:\/\/pistonaddict.com\/pt-pt\/wp-json\/wp\/v2\/product_cat?post=29709"},{"taxonomy":"product_tag","embeddable":true,"href":"https:\/\/pistonaddict.com\/pt-pt\/wp-json\/wp\/v2\/product_tag?post=29709"}],"curies":[{"name":"wp","href":"https:\/\/api.w.org\/{rel}","templated":true}]}}