{"id":28021,"date":"2023-03-02T16:24:00","date_gmt":"2023-03-02T15:24:00","guid":{"rendered":"https:\/\/pistonaddict.com\/product\/2008-porsche-911-gt2\/"},"modified":"2024-03-22T16:09:27","modified_gmt":"2024-03-22T15:09:27","slug":"2008-porsche-911-gt2","status":"publish","type":"product","link":"https:\/\/pistonaddict.com\/pt-pt\/product\/2008-porsche-911-gt2\/","title":{"rendered":"2008 Porsche 911 GT2 para venda em leil\u00e3o"},"content":{"rendered":"<h2>Exterior<\/h2>\n<p>O carro na m\u00e3o \u00e9 pintado de preto e tem far\u00f3is Bi-Xenon. Mas o que \u00e9 mais marcante neste Porsche \u00e9 a sua apar\u00eancia agressiva. Em compara\u00e7\u00e3o com um 911 padr\u00e3o, este GT2 apresenta pain\u00e9is de carro\u00e7aria e p\u00e1ra-choques alargados, com aberturas adicionais para melhor arrefecimento. As pontas de escape brilhantes de tit\u00e2nio s\u00e3o outro detalhe not\u00e1vel que o separa de outros modelos. Finalmente, um grande spoiler preto na parte de tr\u00e1s acrescenta um aspecto mais agressivo e melhora a aerodin\u00e2mica. O carro assenta sobre rodas de f\u00e1brica de 19 polegadas equipadas com pneus Michelin Pilot Sport Cup2. Estes pneus foram instalados no ve\u00edculo em Julho de 2022 e s\u00e3o idealmente adequados para a aplica\u00e7\u00e3o.<\/p>\n<h2>Interior<\/h2>\n<p>No interior, h\u00e1 dois assentos de balde leves, ajustados manualmente, estofados em tecido ign\u00edfugo e acoplados com arneses de corrida vermelhos. O propriet\u00e1rio descreve-os <em>como novos<\/em>, com fotografias que contam a mesma hist\u00f3ria. Na parte de tr\u00e1s, existe uma barra de rolos instalada de f\u00e1brica, que endurece o chassis e melhora a seguran\u00e7a. O resto do interior do carro \u00e9 recortado em tecido preto. Uma vez sentado, o condutor encontra-se atr\u00e1s de um volante de quatro raios embrulhado em couro de Alc\u00e2ntara. Como na maioria dos Porsches, um conjunto de instrumentos \u00e9 dominado por um contador de rota\u00e7\u00f5es, cuja linha vermelha \u00e9 de 7.000 rpm. Al\u00e9m disso, tem um veloc\u00edmetro que vai at\u00e9 350 KPM e v\u00e1rios medidores que mostram par\u00e2metros vitais de funcionamento. Isto inclui a temperatura do motor, press\u00e3o do \u00f3leo, e n\u00edvel de combust\u00edvel, entre outras coisas. A leitura actual do od\u00f3metro est\u00e1 definida para aproximadamente 12.000 quil\u00f3metros. Finalmente, montado no centro do tablier, h\u00e1 um cron\u00f3metro, que \u00e9 \u00fatil quando se fazem voltas cronometradas.<\/p>\n<h2>Mec\u00e2nica<\/h2>\n<p>A mec\u00e2nica por baixo da pele \u00e9 onde o car\u00e1cter do GT2 \u00e9 totalmente revelado. Para come\u00e7ar, tem uma gama de 3,6 litros e 6 litros, utilizada na maior parte da gama 997. Mas para aplica\u00e7\u00e3o em GT2, este motor est\u00e1 equipado com um par de turbocompressores de geometria vari\u00e1vel e uma injec\u00e7\u00e3o directa de combust\u00edvel. Estas melhorias ajudaram a aumentar a sua produ\u00e7\u00e3o para uma pot\u00eancia maci\u00e7a de 530 cavalos. Esta \u00e9 entregue \u00e0s rodas traseiras atrav\u00e9s de uma transmiss\u00e3o tradicional de 6 velocidades. A Porsche decidiu poupar peso ao n\u00e3o montar um sistema de trac\u00e7\u00e3o integral ou uma complexa transmiss\u00e3o PDK de dupla embraiagem. Finalmente, um conjunto de trav\u00f5es cer\u00e2micos montados de f\u00e1brica assegura que o GT2 p\u00e1ra de forma t\u00e3o impressionante como se fosse.<\/p>\n<h2>Hist\u00f3ria do servi\u00e7o<\/h2>\n<p>O propriet\u00e1rio diz que a manuten\u00e7\u00e3o do carro foi feita regularmente de acordo com o hor\u00e1rio do fabricante, tendo o \u00faltimo servi\u00e7o sido feito em Julho de 2022. Actualmente, n\u00e3o h\u00e1 falhas ou luzes de aviso conhecidas no painel de instrumentos. Al\u00e9m disso, n\u00e3o existem riscos, amolgadelas ou outras imperfei\u00e7\u00f5es percept\u00edveis na carro\u00e7aria. Por \u00faltimo, este ve\u00edculo \u00e9 totalmente estoc\u00e1vel, sem qualquer tipo de modifica\u00e7\u00f5es no mercado p\u00f3s-venda. Com tudo isto em mente, pode-se dizer que este 911 GT2 est\u00e1 <em>em perfeito estado<\/em>, tal como o propriet\u00e1rio o descreveu.<\/p>\n","protected":false},"excerpt":{"rendered":"<p>Este Porsche 911 GT2 2008, que j\u00e1 fez pouco menos de 12.000 quil\u00f3metros, \u00e9 vendido em privado pelo propriet\u00e1rio, que o comprou novinho em folha. \u00c9 alimentado por um motor de 530 cavalos de pot\u00eancia, turboalimentado de seis motores planos acoplados a um autom\u00e1tico de seis velocidades. As caracter\u00edsticas incluem rodas Porsche de 19&#8243;, far\u00f3is Bi-Xenon, trav\u00f5es de cer\u00e2mica, bancos de balde leves com arn\u00eases de corrida, e uma barra de rolos instalada de f\u00e1brica. O carro encontra-se actualmente na Su\u00ed\u00e7a, onde est\u00e1 registado desde o primeiro dia. Foi totalmente reparado recentemente e tem agora um conjunto de pneus quase novinhos em folha. Para al\u00e9m de um pequeno arranh\u00e3o de p\u00e1ra-choques em 2013, que foi totalmente reparado, este GT2 est\u00e1 livre de danos, com um relat\u00f3rio carVertical correspondente para confirmar isso.<\/p>\n","protected":false},"featured_media":27902,"comment_status":"open","ping_status":"closed","template":"","meta":{"inline_featured_image":false},"product_cat":[735],"product_tag":[983,870,871,869,927],"acf":[],"yoast_head":"<!-- This site is optimized with the Yoast SEO plugin v22.5 - https:\/\/yoast.com\/wordpress\/plugins\/seo\/ -->\n<title>2008 Porsche 911 GT2 para venda em leil\u00e3o Piston Addict - t\u00edtulo<\/title>\n<meta name=\"description\" content=\"Consulte este Porsche 911 GT2 2008 para venda em leil\u00e3o em PistonAddict.com\" \/>\n<meta name=\"robots\" content=\"index, follow, max-snippet:-1, max-image-preview:large, max-video-preview:-1\" \/>\n<link rel=\"canonical\" href=\"https:\/\/pistonaddict.com\/pt-pt\/product\/2008-porsche-911-gt2\/\" \/>\n<meta property=\"og:locale\" content=\"pt_PT\" \/>\n<meta property=\"og:type\" content=\"article\" \/>\n<meta property=\"og:title\" content=\"2008 Porsche 911 GT2 para venda em leil\u00e3o Piston Addict - t\u00edtulo\" \/>\n<meta property=\"og:description\" content=\"Consulte este Porsche 911 GT2 2008 para venda em leil\u00e3o em PistonAddict.com\" \/>\n<meta property=\"og:url\" content=\"https:\/\/pistonaddict.com\/pt-pt\/product\/2008-porsche-911-gt2\/\" \/>\n<meta property=\"og:site_name\" content=\"Piston Addict\" \/>\n<meta property=\"article:modified_time\" content=\"2024-03-22T15:09:27+00:00\" \/>\n<meta property=\"og:image\" content=\"https:\/\/pistonaddict.com\/wp-content\/uploads\/2023\/03\/MainGT22008.jpg\" \/>\n\t<meta property=\"og:image:width\" content=\"1200\" \/>\n\t<meta property=\"og:image:height\" content=\"798\" \/>\n\t<meta property=\"og:image:type\" content=\"image\/jpeg\" \/>\n<meta name=\"twitter:card\" content=\"summary_large_image\" \/>\n<meta name=\"twitter:label1\" content=\"Tempo estimado de leitura\" \/>\n\t<meta name=\"twitter:data1\" content=\"3 minutos\" \/>\n<script type=\"application\/ld+json\" class=\"yoast-schema-graph\">{\"@context\":\"https:\/\/schema.org\",\"@graph\":[{\"@type\":\"WebPage\",\"@id\":\"https:\/\/pistonaddict.com\/pt-pt\/product\/2008-porsche-911-gt2\/\",\"url\":\"https:\/\/pistonaddict.com\/pt-pt\/product\/2008-porsche-911-gt2\/\",\"name\":\"2008 Porsche 911 GT2 para venda em leil\u00e3o Piston Addict - t\u00edtulo\",\"isPartOf\":{\"@id\":\"https:\/\/pistonaddict.com\/pt-pt\/#website\"},\"primaryImageOfPage\":{\"@id\":\"https:\/\/pistonaddict.com\/pt-pt\/product\/2008-porsche-911-gt2\/#primaryimage\"},\"image\":{\"@id\":\"https:\/\/pistonaddict.com\/pt-pt\/product\/2008-porsche-911-gt2\/#primaryimage\"},\"thumbnailUrl\":\"https:\/\/pistonaddict.com\/wp-content\/uploads\/2023\/03\/MainGT22008.jpg\",\"datePublished\":\"2023-03-02T15:24:00+00:00\",\"dateModified\":\"2024-03-22T15:09:27+00:00\",\"description\":\"Consulte este Porsche 911 GT2 2008 para venda em leil\u00e3o em PistonAddict.com\",\"breadcrumb\":{\"@id\":\"https:\/\/pistonaddict.com\/pt-pt\/product\/2008-porsche-911-gt2\/#breadcrumb\"},\"inLanguage\":\"pt-PT\",\"potentialAction\":[{\"@type\":\"ReadAction\",\"target\":[\"https:\/\/pistonaddict.com\/pt-pt\/product\/2008-porsche-911-gt2\/\"]}]},{\"@type\":\"ImageObject\",\"inLanguage\":\"pt-PT\",\"@id\":\"https:\/\/pistonaddict.com\/pt-pt\/product\/2008-porsche-911-gt2\/#primaryimage\",\"url\":\"https:\/\/pistonaddict.com\/wp-content\/uploads\/2023\/03\/MainGT22008.jpg\",\"contentUrl\":\"https:\/\/pistonaddict.com\/wp-content\/uploads\/2023\/03\/MainGT22008.jpg\",\"width\":1200,\"height\":798},{\"@type\":\"BreadcrumbList\",\"@id\":\"https:\/\/pistonaddict.com\/pt-pt\/product\/2008-porsche-911-gt2\/#breadcrumb\",\"itemListElement\":[{\"@type\":\"ListItem\",\"position\":1,\"name\":\"Rece\u00e7\u00e3o\",\"item\":\"https:\/\/pistonaddict.com\/pt-pt\/pagina-inicial\/\"},{\"@type\":\"ListItem\",\"position\":2,\"name\":\"Auctions\",\"item\":\"https:\/\/pistonaddict.com\/auctions-listing\/\"},{\"@type\":\"ListItem\",\"position\":3,\"name\":\"2008 Porsche 911 GT2 para venda em leil\u00e3o\"}]},{\"@type\":\"WebSite\",\"@id\":\"https:\/\/pistonaddict.com\/pt-pt\/#website\",\"url\":\"https:\/\/pistonaddict.com\/pt-pt\/\",\"name\":\"Piston Addict\",\"description\":\"Only interesting vehicles\",\"publisher\":{\"@id\":\"https:\/\/pistonaddict.com\/pt-pt\/#organization\"},\"potentialAction\":[{\"@type\":\"SearchAction\",\"target\":{\"@type\":\"EntryPoint\",\"urlTemplate\":\"https:\/\/pistonaddict.com\/pt-pt\/?s={search_term_string}\"},\"query-input\":\"required name=search_term_string\"}],\"inLanguage\":\"pt-PT\"},{\"@type\":\"Organization\",\"@id\":\"https:\/\/pistonaddict.com\/pt-pt\/#organization\",\"name\":\"Piston Addict\",\"url\":\"https:\/\/pistonaddict.com\/pt-pt\/\",\"logo\":{\"@type\":\"ImageObject\",\"inLanguage\":\"pt-PT\",\"@id\":\"https:\/\/pistonaddict.com\/pt-pt\/#\/schema\/logo\/image\/\",\"url\":\"https:\/\/pistonaddict.com\/wp-content\/uploads\/2022\/07\/logo-6.png\",\"contentUrl\":\"https:\/\/pistonaddict.com\/wp-content\/uploads\/2022\/07\/logo-6.png\",\"width\":970,\"height\":200,\"caption\":\"Piston Addict\"},\"image\":{\"@id\":\"https:\/\/pistonaddict.com\/pt-pt\/#\/schema\/logo\/image\/\"}}]}<\/script>\n<!-- \/ Yoast SEO plugin. -->","yoast_head_json":{"title":"2008 Porsche 911 GT2 para venda em leil\u00e3o Piston Addict - t\u00edtulo","description":"Consulte este Porsche 911 GT2 2008 para venda em leil\u00e3o em PistonAddict.com","robots":{"index":"index","follow":"follow","max-snippet":"max-snippet:-1","max-image-preview":"max-image-preview:large","max-video-preview":"max-video-preview:-1"},"canonical":"https:\/\/pistonaddict.com\/pt-pt\/product\/2008-porsche-911-gt2\/","og_locale":"pt_PT","og_type":"article","og_title":"2008 Porsche 911 GT2 para venda em leil\u00e3o Piston Addict - t\u00edtulo","og_description":"Consulte este Porsche 911 GT2 2008 para venda em leil\u00e3o em PistonAddict.com","og_url":"https:\/\/pistonaddict.com\/pt-pt\/product\/2008-porsche-911-gt2\/","og_site_name":"Piston Addict","article_modified_time":"2024-03-22T15:09:27+00:00","og_image":[{"width":1200,"height":798,"url":"https:\/\/pistonaddict.com\/wp-content\/uploads\/2023\/03\/MainGT22008.jpg","type":"image\/jpeg"}],"twitter_card":"summary_large_image","twitter_misc":{"Tempo estimado de leitura":"3 minutos"},"schema":{"@context":"https:\/\/schema.org","@graph":[{"@type":"WebPage","@id":"https:\/\/pistonaddict.com\/pt-pt\/product\/2008-porsche-911-gt2\/","url":"https:\/\/pistonaddict.com\/pt-pt\/product\/2008-porsche-911-gt2\/","name":"2008 Porsche 911 GT2 para venda em leil\u00e3o Piston Addict - t\u00edtulo","isPartOf":{"@id":"https:\/\/pistonaddict.com\/pt-pt\/#website"},"primaryImageOfPage":{"@id":"https:\/\/pistonaddict.com\/pt-pt\/product\/2008-porsche-911-gt2\/#primaryimage"},"image":{"@id":"https:\/\/pistonaddict.com\/pt-pt\/product\/2008-porsche-911-gt2\/#primaryimage"},"thumbnailUrl":"https:\/\/pistonaddict.com\/wp-content\/uploads\/2023\/03\/MainGT22008.jpg","datePublished":"2023-03-02T15:24:00+00:00","dateModified":"2024-03-22T15:09:27+00:00","description":"Consulte este Porsche 911 GT2 2008 para venda em leil\u00e3o em PistonAddict.com","breadcrumb":{"@id":"https:\/\/pistonaddict.com\/pt-pt\/product\/2008-porsche-911-gt2\/#breadcrumb"},"inLanguage":"pt-PT","potentialAction":[{"@type":"ReadAction","target":["https:\/\/pistonaddict.com\/pt-pt\/product\/2008-porsche-911-gt2\/"]}]},{"@type":"ImageObject","inLanguage":"pt-PT","@id":"https:\/\/pistonaddict.com\/pt-pt\/product\/2008-porsche-911-gt2\/#primaryimage","url":"https:\/\/pistonaddict.com\/wp-content\/uploads\/2023\/03\/MainGT22008.jpg","contentUrl":"https:\/\/pistonaddict.com\/wp-content\/uploads\/2023\/03\/MainGT22008.jpg","width":1200,"height":798},{"@type":"BreadcrumbList","@id":"https:\/\/pistonaddict.com\/pt-pt\/product\/2008-porsche-911-gt2\/#breadcrumb","itemListElement":[{"@type":"ListItem","position":1,"name":"Rece\u00e7\u00e3o","item":"https:\/\/pistonaddict.com\/pt-pt\/pagina-inicial\/"},{"@type":"ListItem","position":2,"name":"Auctions","item":"https:\/\/pistonaddict.com\/auctions-listing\/"},{"@type":"ListItem","position":3,"name":"2008 Porsche 911 GT2 para venda em leil\u00e3o"}]},{"@type":"WebSite","@id":"https:\/\/pistonaddict.com\/pt-pt\/#website","url":"https:\/\/pistonaddict.com\/pt-pt\/","name":"Piston Addict","description":"Only interesting vehicles","publisher":{"@id":"https:\/\/pistonaddict.com\/pt-pt\/#organization"},"potentialAction":[{"@type":"SearchAction","target":{"@type":"EntryPoint","urlTemplate":"https:\/\/pistonaddict.com\/pt-pt\/?s={search_term_string}"},"query-input":"required name=search_term_string"}],"inLanguage":"pt-PT"},{"@type":"Organization","@id":"https:\/\/pistonaddict.com\/pt-pt\/#organization","name":"Piston Addict","url":"https:\/\/pistonaddict.com\/pt-pt\/","logo":{"@type":"ImageObject","inLanguage":"pt-PT","@id":"https:\/\/pistonaddict.com\/pt-pt\/#\/schema\/logo\/image\/","url":"https:\/\/pistonaddict.com\/wp-content\/uploads\/2022\/07\/logo-6.png","contentUrl":"https:\/\/pistonaddict.com\/wp-content\/uploads\/2022\/07\/logo-6.png","width":970,"height":200,"caption":"Piston Addict"},"image":{"@id":"https:\/\/pistonaddict.com\/pt-pt\/#\/schema\/logo\/image\/"}}]}},"_links":{"self":[{"href":"https:\/\/pistonaddict.com\/pt-pt\/wp-json\/wp\/v2\/product\/28021"}],"collection":[{"href":"https:\/\/pistonaddict.com\/pt-pt\/wp-json\/wp\/v2\/product"}],"about":[{"href":"https:\/\/pistonaddict.com\/pt-pt\/wp-json\/wp\/v2\/types\/product"}],"replies":[{"embeddable":true,"href":"https:\/\/pistonaddict.com\/pt-pt\/wp-json\/wp\/v2\/comments?post=28021"}],"wp:featuredmedia":[{"embeddable":true,"href":"https:\/\/pistonaddict.com\/pt-pt\/wp-json\/wp\/v2\/media\/27902"}],"wp:attachment":[{"href":"https:\/\/pistonaddict.com\/pt-pt\/wp-json\/wp\/v2\/media?parent=28021"}],"wp:term":[{"taxonomy":"product_cat","embeddable":true,"href":"https:\/\/pistonaddict.com\/pt-pt\/wp-json\/wp\/v2\/product_cat?post=28021"},{"taxonomy":"product_tag","embeddable":true,"href":"https:\/\/pistonaddict.com\/pt-pt\/wp-json\/wp\/v2\/product_tag?post=28021"}],"curies":[{"name":"wp","href":"https:\/\/api.w.org\/{rel}","templated":true}]}}