{"id":108798,"date":"2024-06-11T17:05:07","date_gmt":"2024-06-11T15:05:07","guid":{"rendered":"https:\/\/pistonaddict.com\/product\/lamborghini-urraco-p250\/"},"modified":"2024-06-12T09:54:43","modified_gmt":"2024-06-12T07:54:43","slug":"lamborghini-urraco-p250","status":"publish","type":"product","link":"https:\/\/pistonaddict.com\/pt-pt\/product\/lamborghini-urraco-p250\/","title":{"rendered":"Lamborghini Urraco P250"},"content":{"rendered":"<h2>Exterior<\/h2>\n<p>No exterior, este quatro lugares italiano apresenta uma silhueta em forma de cunha, carater\u00edstica da maioria dos supercarros da \u00e9poca. A frente \u00e9 dominada pelos ic\u00f3nicos far\u00f3is emergentes, que s\u00e3o uma necessidade absoluta para acomodar o capot plano e baixo. Ao longo das laterais, onde as cavas das rodas musculadas que acomodam as jantes de liga leve originais de 14 polegadas equipadas com pneus Michelin XWX correctos para a \u00e9poca s\u00e3o as mais vis\u00edveis. Al\u00e9m disso, se tiveres um olhar atento, ver\u00e1s uma dupla ANSA em a\u00e7o inoxid\u00e1vel, fabricada pelo famoso afinador Abart, na parte de tr\u00e1s. Este carro em particular est\u00e1 pintado com um elegante acabamento prateado, dando um toque de eleg\u00e2ncia \u00e0 sua postura agressiva.<\/p>\n<h2>Interior<\/h2>\n<p>Ao abrir as portas, o Lambo revela o seu luxuoso interior em Nero, com os bancos dianteiros em balde, cujo estado \u00e9 descrito pelo vendedor como &#8220;novo&#8221;, a serem os mais not\u00e1veis. A mesma descri\u00e7\u00e3o pode ser utilizada para o banco traseiro, que \u00e9 suficientemente espa\u00e7oso para acomodar duas pessoas. Uma vez sentado, o condutor depara-se com um volante de quatro raios em pele com um elaborado painel de instrumentos por tr\u00e1s. Para al\u00e9m do veloc\u00edmetro que vai at\u00e9 280 KPH e do conta-rota\u00e7\u00f5es de 9000 RPM, os mostradores incluem indicadores de temperatura do motor, press\u00e3o do \u00f3leo e tens\u00e3o de carga. O painel de instrumentos est\u00e1 revestido com pele Alcantara cinzenta escura, o que lhe confere um toque suave e um aspeto liso que n\u00e3o reflecte os raios solares.<\/p>\n<h2>Mec\u00e2nica<\/h2>\n<p>Sendo o modelo P250, este Urraco tem um motor V8 de 2,5 litros que produz 250 cavalos de pot\u00eancia e um bin\u00e1rio igualmente impressionante de 220 N-m. Esta pot\u00eancia \u00e9 transferida atrav\u00e9s de uma caixa manual de 5 velocidades, garantindo tempos 0-100 em pouco menos de 7 segundos e uma velocidade m\u00e1xima de 240 quil\u00f3metros por hora. Estes valores de desempenho, impressionantes mesmo para os padr\u00f5es actuais, fizeram do Uracco um dos quatro lugares mais r\u00e1pidos da \u00e9poca. O manuseamento \u00e9 preciso, gra\u00e7as a uma suspens\u00e3o independente, enquanto os trav\u00f5es de disco capazes e duradouros nas quatro rodas garantem uma travagem segura.<\/p>\n<h2>Historial do ve\u00edculo<\/h2>\n<p>O Lamborghini Urraco P250 que temos aqui foi fabricado em 1975 e tem atualmente 78.000 quil\u00f3metros no rel\u00f3gio. Ao longo dos anos, o carro nunca foi utilizado em pista nem esteve envolvido num acidente. Em 2016, recebeu uma extensa revis\u00e3o, durante a qual o motor e a suspens\u00e3o foram totalmente reconstru\u00eddos, enquanto a parte inferior da carro\u00e7aria recebeu uma nova camada de prote\u00e7\u00e3o antiferrugem. Simultaneamente, o interior foi completamente renovado e o carro foi pintado de novo. As imperfei\u00e7\u00f5es visuais limitam-se a pequenos danos na porta do condutor, que ser\u00e3o reparados antes da entrega ao seu futuro propriet\u00e1rio. O ve\u00edculo encontra-se atualmente em Espanha, onde est\u00e1 registado desde o primeiro dia.<\/p>\n<p><strong>V\u00ea o v\u00eddeo do arranque a frio deste fant\u00e1stico<\/strong> <strong>Lamborghini Urraco P250<\/strong>:<\/p>\n<p><iframe title=\"Cold Start Video of the amazing Lamborghini Urraco P250\" width=\"1200\" height=\"675\" src=\"https:\/\/www.youtube.com\/embed\/wt_LCr8LgcQ?feature=oembed\" frameborder=\"0\" allow=\"accelerometer; autoplay; clipboard-write; encrypted-media; gyroscope; picture-in-picture; web-share\" referrerpolicy=\"strict-origin-when-cross-origin\" allowfullscreen><\/iframe><\/p>\n<p><strong>E o v\u00eddeo da visita guiada :<\/strong><\/p>\n<p><iframe title=\"Video Tour of the Lamborghini Urraco P250\" width=\"1200\" height=\"675\" src=\"https:\/\/www.youtube.com\/embed\/azU8K1XDHOA?feature=oembed\" frameborder=\"0\" allow=\"accelerometer; autoplay; clipboard-write; encrypted-media; gyroscope; picture-in-picture; web-share\" referrerpolicy=\"strict-origin-when-cross-origin\" allowfullscreen><\/iframe><\/p>\n","protected":false},"excerpt":{"rendered":"<p>Batizado com o nome de uma ra\u00e7a de touros de combate de Miura, o Urraco \u00e9 um autom\u00f3vel desportivo fabricado pela Lamborghini entre 1972 e 1979. Este quatro lugares, concebido pela Bertone, tinha como objetivo enfrentar concorrentes como o Ferrari 308 GT4 e o lend\u00e1rio Porsche 911. No entanto, apesar de ser deslumbrante \u00e0 vista e f\u00e1cil de conduzir, o Urraco n\u00e3o foi um grande sucesso de vendas, tendo sido fabricados apenas 791 autom\u00f3veis durante os 7 anos em que foi produzido. No entanto, um n\u00famero de produ\u00e7\u00e3o t\u00e3o limitado garante a exclusividade, pelo que quem comprar este Lambo prateado ter\u00e1 algo que n\u00e3o se v\u00ea com frequ\u00eancia.<\/p>\n","protected":false},"featured_media":108764,"comment_status":"open","ping_status":"closed","template":"","meta":{"inline_featured_image":false},"product_cat":[735],"product_tag":[4271,4272,4270,956],"acf":[],"yoast_head":"<!-- This site is optimized with the Yoast SEO plugin v22.5 - https:\/\/yoast.com\/wordpress\/plugins\/seo\/ -->\n<title>Lamborghini Urraco P250 Piston Addict - t\u00edtulo<\/title>\n<meta name=\"robots\" content=\"index, follow, max-snippet:-1, max-image-preview:large, max-video-preview:-1\" \/>\n<link rel=\"canonical\" href=\"https:\/\/pistonaddict.com\/pt-pt\/product\/lamborghini-urraco-p250\/\" \/>\n<meta property=\"og:locale\" content=\"pt_PT\" \/>\n<meta property=\"og:type\" content=\"article\" \/>\n<meta property=\"og:title\" content=\"Lamborghini Urraco P250 Piston Addict - t\u00edtulo\" \/>\n<meta property=\"og:description\" content=\"Batizado com o nome de uma ra\u00e7a de touros de combate de Miura, o Urraco \u00e9 um autom\u00f3vel desportivo fabricado pela Lamborghini entre 1972 e 1979. Este quatro lugares, concebido pela Bertone, tinha como objetivo enfrentar concorrentes como o Ferrari 308 GT4 e o lend\u00e1rio Porsche 911. No entanto, apesar de ser deslumbrante \u00e0 vista e f\u00e1cil de conduzir, o Urraco n\u00e3o foi um grande sucesso de vendas, tendo sido fabricados apenas 791 autom\u00f3veis durante os 7 anos em que foi produzido. No entanto, um n\u00famero de produ\u00e7\u00e3o t\u00e3o limitado garante a exclusividade, pelo que quem comprar este Lambo prateado ter\u00e1 algo que n\u00e3o se v\u00ea com frequ\u00eancia.\" \/>\n<meta property=\"og:url\" content=\"https:\/\/pistonaddict.com\/pt-pt\/product\/lamborghini-urraco-p250\/\" \/>\n<meta property=\"og:site_name\" content=\"Piston Addict\" \/>\n<meta property=\"article:modified_time\" content=\"2024-06-12T07:54:43+00:00\" \/>\n<meta property=\"og:image\" content=\"https:\/\/pistonaddict.com\/wp-content\/uploads\/2024\/06\/IMG-20231121-WA0182.jpg\" \/>\n\t<meta property=\"og:image:width\" content=\"2048\" \/>\n\t<meta property=\"og:image:height\" content=\"1536\" \/>\n\t<meta property=\"og:image:type\" content=\"image\/jpeg\" \/>\n<meta name=\"twitter:card\" content=\"summary_large_image\" \/>\n<meta name=\"twitter:label1\" content=\"Tempo estimado de leitura\" \/>\n\t<meta name=\"twitter:data1\" content=\"3 minutos\" \/>\n<script type=\"application\/ld+json\" class=\"yoast-schema-graph\">{\"@context\":\"https:\/\/schema.org\",\"@graph\":[{\"@type\":\"WebPage\",\"@id\":\"https:\/\/pistonaddict.com\/pt-pt\/product\/lamborghini-urraco-p250\/\",\"url\":\"https:\/\/pistonaddict.com\/pt-pt\/product\/lamborghini-urraco-p250\/\",\"name\":\"Lamborghini Urraco P250 Piston Addict - t\u00edtulo\",\"isPartOf\":{\"@id\":\"https:\/\/pistonaddict.com\/pt-pt\/#website\"},\"primaryImageOfPage\":{\"@id\":\"https:\/\/pistonaddict.com\/pt-pt\/product\/lamborghini-urraco-p250\/#primaryimage\"},\"image\":{\"@id\":\"https:\/\/pistonaddict.com\/pt-pt\/product\/lamborghini-urraco-p250\/#primaryimage\"},\"thumbnailUrl\":\"https:\/\/pistonaddict.com\/wp-content\/uploads\/2024\/06\/IMG-20231121-WA0182.jpg\",\"datePublished\":\"2024-06-11T15:05:07+00:00\",\"dateModified\":\"2024-06-12T07:54:43+00:00\",\"breadcrumb\":{\"@id\":\"https:\/\/pistonaddict.com\/pt-pt\/product\/lamborghini-urraco-p250\/#breadcrumb\"},\"inLanguage\":\"pt-PT\",\"potentialAction\":[{\"@type\":\"ReadAction\",\"target\":[\"https:\/\/pistonaddict.com\/pt-pt\/product\/lamborghini-urraco-p250\/\"]}]},{\"@type\":\"ImageObject\",\"inLanguage\":\"pt-PT\",\"@id\":\"https:\/\/pistonaddict.com\/pt-pt\/product\/lamborghini-urraco-p250\/#primaryimage\",\"url\":\"https:\/\/pistonaddict.com\/wp-content\/uploads\/2024\/06\/IMG-20231121-WA0182.jpg\",\"contentUrl\":\"https:\/\/pistonaddict.com\/wp-content\/uploads\/2024\/06\/IMG-20231121-WA0182.jpg\",\"width\":2048,\"height\":1536},{\"@type\":\"BreadcrumbList\",\"@id\":\"https:\/\/pistonaddict.com\/pt-pt\/product\/lamborghini-urraco-p250\/#breadcrumb\",\"itemListElement\":[{\"@type\":\"ListItem\",\"position\":1,\"name\":\"Rece\u00e7\u00e3o\",\"item\":\"https:\/\/pistonaddict.com\/pt-pt\/pagina-inicial\/\"},{\"@type\":\"ListItem\",\"position\":2,\"name\":\"Auctions\",\"item\":\"https:\/\/pistonaddict.com\/auctions-listing\/\"},{\"@type\":\"ListItem\",\"position\":3,\"name\":\"Lamborghini Urraco P250\"}]},{\"@type\":\"WebSite\",\"@id\":\"https:\/\/pistonaddict.com\/pt-pt\/#website\",\"url\":\"https:\/\/pistonaddict.com\/pt-pt\/\",\"name\":\"Piston Addict\",\"description\":\"Only interesting vehicles\",\"publisher\":{\"@id\":\"https:\/\/pistonaddict.com\/pt-pt\/#organization\"},\"potentialAction\":[{\"@type\":\"SearchAction\",\"target\":{\"@type\":\"EntryPoint\",\"urlTemplate\":\"https:\/\/pistonaddict.com\/pt-pt\/?s={search_term_string}\"},\"query-input\":\"required name=search_term_string\"}],\"inLanguage\":\"pt-PT\"},{\"@type\":\"Organization\",\"@id\":\"https:\/\/pistonaddict.com\/pt-pt\/#organization\",\"name\":\"Piston Addict\",\"url\":\"https:\/\/pistonaddict.com\/pt-pt\/\",\"logo\":{\"@type\":\"ImageObject\",\"inLanguage\":\"pt-PT\",\"@id\":\"https:\/\/pistonaddict.com\/pt-pt\/#\/schema\/logo\/image\/\",\"url\":\"https:\/\/pistonaddict.com\/wp-content\/uploads\/2022\/07\/logo-6.png\",\"contentUrl\":\"https:\/\/pistonaddict.com\/wp-content\/uploads\/2022\/07\/logo-6.png\",\"width\":970,\"height\":200,\"caption\":\"Piston Addict\"},\"image\":{\"@id\":\"https:\/\/pistonaddict.com\/pt-pt\/#\/schema\/logo\/image\/\"}}]}<\/script>\n<!-- \/ Yoast SEO plugin. -->","yoast_head_json":{"title":"Lamborghini Urraco P250 Piston Addict - t\u00edtulo","robots":{"index":"index","follow":"follow","max-snippet":"max-snippet:-1","max-image-preview":"max-image-preview:large","max-video-preview":"max-video-preview:-1"},"canonical":"https:\/\/pistonaddict.com\/pt-pt\/product\/lamborghini-urraco-p250\/","og_locale":"pt_PT","og_type":"article","og_title":"Lamborghini Urraco P250 Piston Addict - t\u00edtulo","og_description":"Batizado com o nome de uma ra\u00e7a de touros de combate de Miura, o Urraco \u00e9 um autom\u00f3vel desportivo fabricado pela Lamborghini entre 1972 e 1979. Este quatro lugares, concebido pela Bertone, tinha como objetivo enfrentar concorrentes como o Ferrari 308 GT4 e o lend\u00e1rio Porsche 911. No entanto, apesar de ser deslumbrante \u00e0 vista e f\u00e1cil de conduzir, o Urraco n\u00e3o foi um grande sucesso de vendas, tendo sido fabricados apenas 791 autom\u00f3veis durante os 7 anos em que foi produzido. No entanto, um n\u00famero de produ\u00e7\u00e3o t\u00e3o limitado garante a exclusividade, pelo que quem comprar este Lambo prateado ter\u00e1 algo que n\u00e3o se v\u00ea com frequ\u00eancia.","og_url":"https:\/\/pistonaddict.com\/pt-pt\/product\/lamborghini-urraco-p250\/","og_site_name":"Piston Addict","article_modified_time":"2024-06-12T07:54:43+00:00","og_image":[{"width":2048,"height":1536,"url":"https:\/\/pistonaddict.com\/wp-content\/uploads\/2024\/06\/IMG-20231121-WA0182.jpg","type":"image\/jpeg"}],"twitter_card":"summary_large_image","twitter_misc":{"Tempo estimado de leitura":"3 minutos"},"schema":{"@context":"https:\/\/schema.org","@graph":[{"@type":"WebPage","@id":"https:\/\/pistonaddict.com\/pt-pt\/product\/lamborghini-urraco-p250\/","url":"https:\/\/pistonaddict.com\/pt-pt\/product\/lamborghini-urraco-p250\/","name":"Lamborghini Urraco P250 Piston Addict - t\u00edtulo","isPartOf":{"@id":"https:\/\/pistonaddict.com\/pt-pt\/#website"},"primaryImageOfPage":{"@id":"https:\/\/pistonaddict.com\/pt-pt\/product\/lamborghini-urraco-p250\/#primaryimage"},"image":{"@id":"https:\/\/pistonaddict.com\/pt-pt\/product\/lamborghini-urraco-p250\/#primaryimage"},"thumbnailUrl":"https:\/\/pistonaddict.com\/wp-content\/uploads\/2024\/06\/IMG-20231121-WA0182.jpg","datePublished":"2024-06-11T15:05:07+00:00","dateModified":"2024-06-12T07:54:43+00:00","breadcrumb":{"@id":"https:\/\/pistonaddict.com\/pt-pt\/product\/lamborghini-urraco-p250\/#breadcrumb"},"inLanguage":"pt-PT","potentialAction":[{"@type":"ReadAction","target":["https:\/\/pistonaddict.com\/pt-pt\/product\/lamborghini-urraco-p250\/"]}]},{"@type":"ImageObject","inLanguage":"pt-PT","@id":"https:\/\/pistonaddict.com\/pt-pt\/product\/lamborghini-urraco-p250\/#primaryimage","url":"https:\/\/pistonaddict.com\/wp-content\/uploads\/2024\/06\/IMG-20231121-WA0182.jpg","contentUrl":"https:\/\/pistonaddict.com\/wp-content\/uploads\/2024\/06\/IMG-20231121-WA0182.jpg","width":2048,"height":1536},{"@type":"BreadcrumbList","@id":"https:\/\/pistonaddict.com\/pt-pt\/product\/lamborghini-urraco-p250\/#breadcrumb","itemListElement":[{"@type":"ListItem","position":1,"name":"Rece\u00e7\u00e3o","item":"https:\/\/pistonaddict.com\/pt-pt\/pagina-inicial\/"},{"@type":"ListItem","position":2,"name":"Auctions","item":"https:\/\/pistonaddict.com\/auctions-listing\/"},{"@type":"ListItem","position":3,"name":"Lamborghini Urraco P250"}]},{"@type":"WebSite","@id":"https:\/\/pistonaddict.com\/pt-pt\/#website","url":"https:\/\/pistonaddict.com\/pt-pt\/","name":"Piston Addict","description":"Only interesting vehicles","publisher":{"@id":"https:\/\/pistonaddict.com\/pt-pt\/#organization"},"potentialAction":[{"@type":"SearchAction","target":{"@type":"EntryPoint","urlTemplate":"https:\/\/pistonaddict.com\/pt-pt\/?s={search_term_string}"},"query-input":"required name=search_term_string"}],"inLanguage":"pt-PT"},{"@type":"Organization","@id":"https:\/\/pistonaddict.com\/pt-pt\/#organization","name":"Piston Addict","url":"https:\/\/pistonaddict.com\/pt-pt\/","logo":{"@type":"ImageObject","inLanguage":"pt-PT","@id":"https:\/\/pistonaddict.com\/pt-pt\/#\/schema\/logo\/image\/","url":"https:\/\/pistonaddict.com\/wp-content\/uploads\/2022\/07\/logo-6.png","contentUrl":"https:\/\/pistonaddict.com\/wp-content\/uploads\/2022\/07\/logo-6.png","width":970,"height":200,"caption":"Piston Addict"},"image":{"@id":"https:\/\/pistonaddict.com\/pt-pt\/#\/schema\/logo\/image\/"}}]}},"_links":{"self":[{"href":"https:\/\/pistonaddict.com\/pt-pt\/wp-json\/wp\/v2\/product\/108798"}],"collection":[{"href":"https:\/\/pistonaddict.com\/pt-pt\/wp-json\/wp\/v2\/product"}],"about":[{"href":"https:\/\/pistonaddict.com\/pt-pt\/wp-json\/wp\/v2\/types\/product"}],"replies":[{"embeddable":true,"href":"https:\/\/pistonaddict.com\/pt-pt\/wp-json\/wp\/v2\/comments?post=108798"}],"wp:featuredmedia":[{"embeddable":true,"href":"https:\/\/pistonaddict.com\/pt-pt\/wp-json\/wp\/v2\/media\/108764"}],"wp:attachment":[{"href":"https:\/\/pistonaddict.com\/pt-pt\/wp-json\/wp\/v2\/media?parent=108798"}],"wp:term":[{"taxonomy":"product_cat","embeddable":true,"href":"https:\/\/pistonaddict.com\/pt-pt\/wp-json\/wp\/v2\/product_cat?post=108798"},{"taxonomy":"product_tag","embeddable":true,"href":"https:\/\/pistonaddict.com\/pt-pt\/wp-json\/wp\/v2\/product_tag?post=108798"}],"curies":[{"name":"wp","href":"https:\/\/api.w.org\/{rel}","templated":true}]}}