{"id":104853,"date":"2024-05-21T11:33:26","date_gmt":"2024-05-21T09:33:26","guid":{"rendered":"https:\/\/pistonaddict.com\/product\/fisker-karma-2\/"},"modified":"2024-05-21T14:15:33","modified_gmt":"2024-05-21T12:15:33","slug":"fisker-karma-2","status":"publish","type":"product","link":"https:\/\/pistonaddict.com\/pt-pt\/product\/fisker-karma-2\/","title":{"rendered":"Fisker Karma"},"content":{"rendered":"<p><strong>Hist\u00f3ria do autom\u00f3vel<\/strong><\/p>\n<p>O Fisker Karma, um testemunho do g\u00e9nio de Henrik Fisker, foi apresentado em 2011. Este ve\u00edculo el\u00e9trico h\u00edbrido plug-in (PHEV) n\u00e3o s\u00f3 ultrapassou os limites do design e da tecnologia autom\u00f3vel, como tamb\u00e9m conquistou cora\u00e7\u00f5es com a sua est\u00e9tica marcante, interior luxuoso e engenharia inovadora. Embora os h\u00edbridos n\u00e3o fossem uma novidade na altura, o Karma redefiniu as percep\u00e7\u00f5es, transformando-as de mundanas em aspiracionais. Combina na perfei\u00e7\u00e3o o desempenho e a sustentabilidade, tornando os h\u00edbridos amigos do ambiente e elegantes, e emocionantes de conduzir. Alimentado por uma potente combina\u00e7\u00e3o de um motor a gasolina turbo de 2,0 litros e dois motores el\u00e9ctricos, o Karma apresentava n\u00fameros de desempenho impressionantes. A sua acelera\u00e7\u00e3o dos 0 aos 100 km\/h em apenas 5,9 segundos e uma velocidade m\u00e1xima superior a 200 km\/h demonstram o seu pedigree de autom\u00f3vel desportivo. No entanto, conseguiu estes feitos mantendo uma efici\u00eancia de combust\u00edvel louv\u00e1vel. Para al\u00e9m do seu desempenho, o design do Karma tornou-se a sua carater\u00edstica definidora. As suas linhas graciosas e a sua presen\u00e7a imponente chamaram a aten\u00e7\u00e3o por onde quer que passasse, conquistando a admira\u00e7\u00e3o dos entusiastas de autom\u00f3veis de todo o mundo. Este modelo espec\u00edfico, uma itera\u00e7\u00e3o da segunda s\u00e9rie de 2013, ocupa um lugar de raridade e exclusividade. Entre os 2.349 Fisker Karmas fabricados, este em particular est\u00e1 entre o \u00faltimo lote, com o n\u00famero de s\u00e9rie 2.259. Uma joia rara, apenas 188 ve\u00edculos em todo o mundo ostentam esta combina\u00e7\u00e3o \u00fanica de cor e jantes.<\/p>\n<p><strong>Estado<\/strong><\/p>\n<p>Com apenas 82.080 km, acompanhado por um hist\u00f3rico de manuten\u00e7\u00e3o completo e apenas um par de propriet\u00e1rios dedicados, este Karma est\u00e1 em condi\u00e7\u00f5es imaculadas. Quanto \u00e0 efici\u00eancia energ\u00e9tica, a afirma\u00e7\u00e3o da Fisker de uma autonomia el\u00e9ctrica superior a 80 km tem fundamento, tornando-o adequado para desloca\u00e7\u00f5es di\u00e1rias. Al\u00e9m disso, os n\u00fameros s\u00e3o not\u00e1veis quando se utiliza gasolina e energia el\u00e9ctrica, com uma m\u00e9dia de apenas 4,5 litros de combust\u00edvel por 100 km. Os potenciais compradores apreciar\u00e3o a manuten\u00e7\u00e3o meticulosa deste ve\u00edculo, como comprovado pelos registos de manuten\u00e7\u00e3o completos. Foi efectuada uma mudan\u00e7a de \u00f3leo no final de 2022, uma revis\u00e3o completa em mar\u00e7o de 2024 e uma revis\u00e3o do sistema de trav\u00f5es em maio de 2024 para garantir que este elegante Karma preto est\u00e1 em perfeitas condi\u00e7\u00f5es. O mais importante a mencionar \u00e9 que a bateria terminou em 2017, quando o atual propriet\u00e1rio comprou o carro &#8211; o que significa que os futuros propriet\u00e1rios ter\u00e3o uma experi\u00eancia de propriedade sem problemas.<\/p>\n<p><strong>Interior<\/strong><\/p>\n<p>A combina\u00e7\u00e3o de pele preta e Alcantara combina perfeitamente com o exterior, mas o mais importante \u00e9 que o interior est\u00e1 em estado de novo, sem rasg\u00f5es, danos ou modifica\u00e7\u00f5es. Os sistemas de infoentretenimento e \u00e1udio est\u00e3o presentes e as portas sem moldura contribuem para a sensa\u00e7\u00e3o desportiva e de coup\u00e9 deste sedan. Devido \u00e0 sua constru\u00e7\u00e3o espec\u00edfica, o Karma senta-se baixo e oferece aos passageiros mais espa\u00e7o interior do que os concorrentes. Todas as caracter\u00edsticas, como os bancos aquecidos, est\u00e3o funcionais e em condi\u00e7\u00f5es de funcionamento.<\/p>\n<p><strong>Exterior e rodas<\/strong><\/p>\n<p>A pintura preta brilhante est\u00e1 em \u00f3timo estado, sem riscos, amolgadelas ou danos. O teto solar \u00fanico est\u00e1 presente e funcional e continua a ser uma das caracter\u00edsticas mais marcantes deste modelo. Este Karma est\u00e1 equipado com jantes opcionais de 22 polegadas com pneus Pirelli nas rodas dianteiras e Goodyear nas traseiras. Os pneus dianteiros foram montados em mar\u00e7o de 2024 e est\u00e3o em estado de novos. A \u00fanica repara\u00e7\u00e3o efectuada no exterior foi a renova\u00e7\u00e3o das jantes de aspeto \u00fanico, para que pare\u00e7am ter acabado de ser entregues.<\/p>\n<p><strong>Documenta\u00e7\u00e3o<\/strong><\/p>\n<p>Este autom\u00f3vel est\u00e1 situado na Su\u00ed\u00e7a e \u00e9 vendido por um particular. O <a href=\"https:\/\/pistonaddict.com\/wp-content\/uploads\/2024\/05\/YH4K14AA4CA002259.pdf\">relat\u00f3rio do CarVertical<\/a> est\u00e1 limpo; n\u00e3o existem provas de acidentes, repara\u00e7\u00f5es de acidentes, propriedade ou problemas legais. Existem registos de manuten\u00e7\u00e3o regular, facturas de venda e recibos. N\u00e3o existe garantia de f\u00e1brica para este modelo.<\/p>\n<p><strong>V\u00ea o v\u00eddeo deste magn\u00edfico Fisker Karma :<\/strong><\/p>\n<p><iframe title=\"Video Tour of the Fisker Karma for auction sale\" width=\"1200\" height=\"675\" src=\"https:\/\/www.youtube.com\/embed\/xv_ZkvmcPKw?feature=oembed\" frameborder=\"0\" allow=\"accelerometer; autoplay; clipboard-write; encrypted-media; gyroscope; picture-in-picture; web-share\" referrerpolicy=\"strict-origin-when-cross-origin\" allowfullscreen><\/iframe><\/p>\n","protected":false},"excerpt":{"rendered":"<p>O Fisker Karma ser\u00e1 sempre recordado como um dos mais interessantes e um dos primeiros h\u00edbridos dispon\u00edveis a n\u00edvel mundial. Com o seu design \u00fanico, a sua potente unidade de tra\u00e7\u00e3o, as suas excelentes caracter\u00edsticas e a sua produ\u00e7\u00e3o muito reduzida, o Karma \u00e9, de facto, o primeiro autom\u00f3vel de cole\u00e7\u00e3o da era moderna dos ve\u00edculos el\u00e9ctricos\/h\u00edbridos. O teu futuro cl\u00e1ssico? Podes crer!<\/p>\n","protected":false},"featured_media":104626,"comment_status":"open","ping_status":"closed","template":"","meta":{"inline_featured_image":false},"product_cat":[735],"product_tag":[4119,4120,1827,4121,927],"acf":[],"yoast_head":"<!-- This site is optimized with the Yoast SEO plugin v22.5 - https:\/\/yoast.com\/wordpress\/plugins\/seo\/ -->\n<title>Fisker Karma Piston Addict - t\u00edtulo<\/title>\n<meta name=\"robots\" content=\"index, follow, max-snippet:-1, max-image-preview:large, max-video-preview:-1\" \/>\n<link rel=\"canonical\" href=\"https:\/\/pistonaddict.com\/pt-pt\/product\/fisker-karma-2\/\" \/>\n<meta property=\"og:locale\" content=\"pt_PT\" \/>\n<meta property=\"og:type\" content=\"article\" \/>\n<meta property=\"og:title\" content=\"Fisker Karma Piston Addict - t\u00edtulo\" \/>\n<meta property=\"og:description\" content=\"O Fisker Karma ser\u00e1 sempre recordado como um dos mais interessantes e um dos primeiros h\u00edbridos dispon\u00edveis a n\u00edvel mundial. Com o seu design \u00fanico, a sua potente unidade de tra\u00e7\u00e3o, as suas excelentes caracter\u00edsticas e a sua produ\u00e7\u00e3o muito reduzida, o Karma \u00e9, de facto, o primeiro autom\u00f3vel de cole\u00e7\u00e3o da era moderna dos ve\u00edculos el\u00e9ctricos\/h\u00edbridos. O teu futuro cl\u00e1ssico? Podes crer!\" \/>\n<meta property=\"og:url\" content=\"https:\/\/pistonaddict.com\/pt-pt\/product\/fisker-karma-2\/\" \/>\n<meta property=\"og:site_name\" content=\"Piston Addict\" \/>\n<meta property=\"article:modified_time\" content=\"2024-05-21T12:15:33+00:00\" \/>\n<meta property=\"og:image\" content=\"https:\/\/pistonaddict.com\/wp-content\/uploads\/2024\/05\/IMG-20240321-WA0010.jpg\" \/>\n\t<meta property=\"og:image:width\" content=\"2000\" \/>\n\t<meta property=\"og:image:height\" content=\"1500\" \/>\n\t<meta property=\"og:image:type\" content=\"image\/jpeg\" \/>\n<meta name=\"twitter:card\" content=\"summary_large_image\" \/>\n<meta name=\"twitter:label1\" content=\"Tempo estimado de leitura\" \/>\n\t<meta name=\"twitter:data1\" content=\"4 minutos\" \/>\n<script type=\"application\/ld+json\" class=\"yoast-schema-graph\">{\"@context\":\"https:\/\/schema.org\",\"@graph\":[{\"@type\":\"WebPage\",\"@id\":\"https:\/\/pistonaddict.com\/pt-pt\/product\/fisker-karma-2\/\",\"url\":\"https:\/\/pistonaddict.com\/pt-pt\/product\/fisker-karma-2\/\",\"name\":\"Fisker Karma Piston Addict - t\u00edtulo\",\"isPartOf\":{\"@id\":\"https:\/\/pistonaddict.com\/pt-pt\/#website\"},\"primaryImageOfPage\":{\"@id\":\"https:\/\/pistonaddict.com\/pt-pt\/product\/fisker-karma-2\/#primaryimage\"},\"image\":{\"@id\":\"https:\/\/pistonaddict.com\/pt-pt\/product\/fisker-karma-2\/#primaryimage\"},\"thumbnailUrl\":\"https:\/\/pistonaddict.com\/wp-content\/uploads\/2024\/05\/IMG-20240321-WA0010.jpg\",\"datePublished\":\"2024-05-21T09:33:26+00:00\",\"dateModified\":\"2024-05-21T12:15:33+00:00\",\"breadcrumb\":{\"@id\":\"https:\/\/pistonaddict.com\/pt-pt\/product\/fisker-karma-2\/#breadcrumb\"},\"inLanguage\":\"pt-PT\",\"potentialAction\":[{\"@type\":\"ReadAction\",\"target\":[\"https:\/\/pistonaddict.com\/pt-pt\/product\/fisker-karma-2\/\"]}]},{\"@type\":\"ImageObject\",\"inLanguage\":\"pt-PT\",\"@id\":\"https:\/\/pistonaddict.com\/pt-pt\/product\/fisker-karma-2\/#primaryimage\",\"url\":\"https:\/\/pistonaddict.com\/wp-content\/uploads\/2024\/05\/IMG-20240321-WA0010.jpg\",\"contentUrl\":\"https:\/\/pistonaddict.com\/wp-content\/uploads\/2024\/05\/IMG-20240321-WA0010.jpg\",\"width\":2000,\"height\":1500},{\"@type\":\"BreadcrumbList\",\"@id\":\"https:\/\/pistonaddict.com\/pt-pt\/product\/fisker-karma-2\/#breadcrumb\",\"itemListElement\":[{\"@type\":\"ListItem\",\"position\":1,\"name\":\"Rece\u00e7\u00e3o\",\"item\":\"https:\/\/pistonaddict.com\/pt-pt\/pagina-inicial\/\"},{\"@type\":\"ListItem\",\"position\":2,\"name\":\"Auctions\",\"item\":\"https:\/\/pistonaddict.com\/auctions-listing\/\"},{\"@type\":\"ListItem\",\"position\":3,\"name\":\"Fisker Karma\"}]},{\"@type\":\"WebSite\",\"@id\":\"https:\/\/pistonaddict.com\/pt-pt\/#website\",\"url\":\"https:\/\/pistonaddict.com\/pt-pt\/\",\"name\":\"Piston Addict\",\"description\":\"Only interesting vehicles\",\"publisher\":{\"@id\":\"https:\/\/pistonaddict.com\/pt-pt\/#organization\"},\"potentialAction\":[{\"@type\":\"SearchAction\",\"target\":{\"@type\":\"EntryPoint\",\"urlTemplate\":\"https:\/\/pistonaddict.com\/pt-pt\/?s={search_term_string}\"},\"query-input\":\"required name=search_term_string\"}],\"inLanguage\":\"pt-PT\"},{\"@type\":\"Organization\",\"@id\":\"https:\/\/pistonaddict.com\/pt-pt\/#organization\",\"name\":\"Piston Addict\",\"url\":\"https:\/\/pistonaddict.com\/pt-pt\/\",\"logo\":{\"@type\":\"ImageObject\",\"inLanguage\":\"pt-PT\",\"@id\":\"https:\/\/pistonaddict.com\/pt-pt\/#\/schema\/logo\/image\/\",\"url\":\"https:\/\/pistonaddict.com\/wp-content\/uploads\/2022\/07\/logo-6.png\",\"contentUrl\":\"https:\/\/pistonaddict.com\/wp-content\/uploads\/2022\/07\/logo-6.png\",\"width\":970,\"height\":200,\"caption\":\"Piston Addict\"},\"image\":{\"@id\":\"https:\/\/pistonaddict.com\/pt-pt\/#\/schema\/logo\/image\/\"}}]}<\/script>\n<!-- \/ Yoast SEO plugin. -->","yoast_head_json":{"title":"Fisker Karma Piston Addict - t\u00edtulo","robots":{"index":"index","follow":"follow","max-snippet":"max-snippet:-1","max-image-preview":"max-image-preview:large","max-video-preview":"max-video-preview:-1"},"canonical":"https:\/\/pistonaddict.com\/pt-pt\/product\/fisker-karma-2\/","og_locale":"pt_PT","og_type":"article","og_title":"Fisker Karma Piston Addict - t\u00edtulo","og_description":"O Fisker Karma ser\u00e1 sempre recordado como um dos mais interessantes e um dos primeiros h\u00edbridos dispon\u00edveis a n\u00edvel mundial. Com o seu design \u00fanico, a sua potente unidade de tra\u00e7\u00e3o, as suas excelentes caracter\u00edsticas e a sua produ\u00e7\u00e3o muito reduzida, o Karma \u00e9, de facto, o primeiro autom\u00f3vel de cole\u00e7\u00e3o da era moderna dos ve\u00edculos el\u00e9ctricos\/h\u00edbridos. O teu futuro cl\u00e1ssico? Podes crer!","og_url":"https:\/\/pistonaddict.com\/pt-pt\/product\/fisker-karma-2\/","og_site_name":"Piston Addict","article_modified_time":"2024-05-21T12:15:33+00:00","og_image":[{"width":2000,"height":1500,"url":"https:\/\/pistonaddict.com\/wp-content\/uploads\/2024\/05\/IMG-20240321-WA0010.jpg","type":"image\/jpeg"}],"twitter_card":"summary_large_image","twitter_misc":{"Tempo estimado de leitura":"4 minutos"},"schema":{"@context":"https:\/\/schema.org","@graph":[{"@type":"WebPage","@id":"https:\/\/pistonaddict.com\/pt-pt\/product\/fisker-karma-2\/","url":"https:\/\/pistonaddict.com\/pt-pt\/product\/fisker-karma-2\/","name":"Fisker Karma Piston Addict - t\u00edtulo","isPartOf":{"@id":"https:\/\/pistonaddict.com\/pt-pt\/#website"},"primaryImageOfPage":{"@id":"https:\/\/pistonaddict.com\/pt-pt\/product\/fisker-karma-2\/#primaryimage"},"image":{"@id":"https:\/\/pistonaddict.com\/pt-pt\/product\/fisker-karma-2\/#primaryimage"},"thumbnailUrl":"https:\/\/pistonaddict.com\/wp-content\/uploads\/2024\/05\/IMG-20240321-WA0010.jpg","datePublished":"2024-05-21T09:33:26+00:00","dateModified":"2024-05-21T12:15:33+00:00","breadcrumb":{"@id":"https:\/\/pistonaddict.com\/pt-pt\/product\/fisker-karma-2\/#breadcrumb"},"inLanguage":"pt-PT","potentialAction":[{"@type":"ReadAction","target":["https:\/\/pistonaddict.com\/pt-pt\/product\/fisker-karma-2\/"]}]},{"@type":"ImageObject","inLanguage":"pt-PT","@id":"https:\/\/pistonaddict.com\/pt-pt\/product\/fisker-karma-2\/#primaryimage","url":"https:\/\/pistonaddict.com\/wp-content\/uploads\/2024\/05\/IMG-20240321-WA0010.jpg","contentUrl":"https:\/\/pistonaddict.com\/wp-content\/uploads\/2024\/05\/IMG-20240321-WA0010.jpg","width":2000,"height":1500},{"@type":"BreadcrumbList","@id":"https:\/\/pistonaddict.com\/pt-pt\/product\/fisker-karma-2\/#breadcrumb","itemListElement":[{"@type":"ListItem","position":1,"name":"Rece\u00e7\u00e3o","item":"https:\/\/pistonaddict.com\/pt-pt\/pagina-inicial\/"},{"@type":"ListItem","position":2,"name":"Auctions","item":"https:\/\/pistonaddict.com\/auctions-listing\/"},{"@type":"ListItem","position":3,"name":"Fisker Karma"}]},{"@type":"WebSite","@id":"https:\/\/pistonaddict.com\/pt-pt\/#website","url":"https:\/\/pistonaddict.com\/pt-pt\/","name":"Piston Addict","description":"Only interesting vehicles","publisher":{"@id":"https:\/\/pistonaddict.com\/pt-pt\/#organization"},"potentialAction":[{"@type":"SearchAction","target":{"@type":"EntryPoint","urlTemplate":"https:\/\/pistonaddict.com\/pt-pt\/?s={search_term_string}"},"query-input":"required name=search_term_string"}],"inLanguage":"pt-PT"},{"@type":"Organization","@id":"https:\/\/pistonaddict.com\/pt-pt\/#organization","name":"Piston Addict","url":"https:\/\/pistonaddict.com\/pt-pt\/","logo":{"@type":"ImageObject","inLanguage":"pt-PT","@id":"https:\/\/pistonaddict.com\/pt-pt\/#\/schema\/logo\/image\/","url":"https:\/\/pistonaddict.com\/wp-content\/uploads\/2022\/07\/logo-6.png","contentUrl":"https:\/\/pistonaddict.com\/wp-content\/uploads\/2022\/07\/logo-6.png","width":970,"height":200,"caption":"Piston Addict"},"image":{"@id":"https:\/\/pistonaddict.com\/pt-pt\/#\/schema\/logo\/image\/"}}]}},"_links":{"self":[{"href":"https:\/\/pistonaddict.com\/pt-pt\/wp-json\/wp\/v2\/product\/104853"}],"collection":[{"href":"https:\/\/pistonaddict.com\/pt-pt\/wp-json\/wp\/v2\/product"}],"about":[{"href":"https:\/\/pistonaddict.com\/pt-pt\/wp-json\/wp\/v2\/types\/product"}],"replies":[{"embeddable":true,"href":"https:\/\/pistonaddict.com\/pt-pt\/wp-json\/wp\/v2\/comments?post=104853"}],"wp:featuredmedia":[{"embeddable":true,"href":"https:\/\/pistonaddict.com\/pt-pt\/wp-json\/wp\/v2\/media\/104626"}],"wp:attachment":[{"href":"https:\/\/pistonaddict.com\/pt-pt\/wp-json\/wp\/v2\/media?parent=104853"}],"wp:term":[{"taxonomy":"product_cat","embeddable":true,"href":"https:\/\/pistonaddict.com\/pt-pt\/wp-json\/wp\/v2\/product_cat?post=104853"},{"taxonomy":"product_tag","embeddable":true,"href":"https:\/\/pistonaddict.com\/pt-pt\/wp-json\/wp\/v2\/product_tag?post=104853"}],"curies":[{"name":"wp","href":"https:\/\/api.w.org\/{rel}","templated":true}]}}