{"id":10091,"date":"2022-06-12T14:25:17","date_gmt":"2022-06-12T12:25:17","guid":{"rendered":"https:\/\/pistonaddict.com\/produit\/premium\/"},"modified":"2023-07-12T09:41:44","modified_gmt":"2023-07-12T07:41:44","slug":"premium","status":"publish","type":"product","link":"https:\/\/pistonaddict.com\/pt-pt\/product\/premium\/","title":{"rendered":"Premium"},"content":{"rendered":"<p><strong>Como \u00e9 que funciona?<\/strong><\/p>\n<ol>\n<li>Subscreve por 349 euros<\/li>\n<li>Submete o seu ve\u00edculo<\/li>\n<li>Aceitamos se corresponder<\/li>\n<li>N\u00f3s escrevemos o seu an\u00fancio<\/li>\n<li>Edita e aprova o seu an\u00fancio<\/li>\n<li>O seu an\u00fancio est\u00e1 online<\/li>\n<li>Difundimo-lo nas nossas redes sociais, nos s\u00edtios de parceiros e nas nossas newsletters<\/li>\n<\/ol>\n","protected":false},"excerpt":{"rendered":"<p>O mesmo servi\u00e7o excelente do Classic, mas com o seu an\u00fancio apresentado nas nossas redes sociais, sites parceiros e nas nossas newsletters para ajudar os compradores a licitar com confian\u00e7a e entusiasmo.<\/p>\n","protected":false},"featured_media":1704,"comment_status":"closed","ping_status":"closed","template":"","meta":{"inline_featured_image":false},"product_cat":[],"product_tag":[],"acf":[],"yoast_head":"<!-- This site is optimized with the Yoast SEO plugin v22.5 - https:\/\/yoast.com\/wordpress\/plugins\/seo\/ -->\n<title>Premium Piston Addict - t\u00edtulo<\/title>\n<meta name=\"robots\" content=\"index, follow, max-snippet:-1, max-image-preview:large, max-video-preview:-1\" \/>\n<link rel=\"canonical\" href=\"https:\/\/pistonaddict.com\/pt-pt\/product\/premium\/\" \/>\n<meta property=\"og:locale\" content=\"pt_PT\" \/>\n<meta property=\"og:type\" content=\"article\" \/>\n<meta property=\"og:title\" content=\"Premium Piston Addict - t\u00edtulo\" \/>\n<meta property=\"og:description\" content=\"O mesmo servi\u00e7o excelente do Classic, mas com o seu an\u00fancio apresentado nas nossas redes sociais, sites parceiros e nas nossas newsletters para ajudar os compradores a licitar com confian\u00e7a e entusiasmo.\" \/>\n<meta property=\"og:url\" content=\"https:\/\/pistonaddict.com\/pt-pt\/product\/premium\/\" \/>\n<meta property=\"og:site_name\" content=\"Piston Addict\" \/>\n<meta property=\"article:modified_time\" content=\"2023-07-12T07:41:44+00:00\" \/>\n<meta property=\"og:image\" content=\"https:\/\/pistonaddict.com\/wp-content\/uploads\/2022\/05\/cropped-PA-Favicon.png\" \/>\n\t<meta property=\"og:image:width\" content=\"512\" \/>\n\t<meta property=\"og:image:height\" content=\"512\" \/>\n\t<meta property=\"og:image:type\" content=\"image\/png\" \/>\n<meta name=\"twitter:card\" content=\"summary_large_image\" \/>\n<script type=\"application\/ld+json\" class=\"yoast-schema-graph\">{\"@context\":\"https:\/\/schema.org\",\"@graph\":[{\"@type\":\"WebPage\",\"@id\":\"https:\/\/pistonaddict.com\/pt-pt\/product\/premium\/\",\"url\":\"https:\/\/pistonaddict.com\/pt-pt\/product\/premium\/\",\"name\":\"Premium Piston Addict - t\u00edtulo\",\"isPartOf\":{\"@id\":\"https:\/\/pistonaddict.com\/pt-pt\/#website\"},\"primaryImageOfPage\":{\"@id\":\"https:\/\/pistonaddict.com\/pt-pt\/product\/premium\/#primaryimage\"},\"image\":{\"@id\":\"https:\/\/pistonaddict.com\/pt-pt\/product\/premium\/#primaryimage\"},\"thumbnailUrl\":\"https:\/\/pistonaddict.com\/wp-content\/uploads\/2022\/05\/cropped-PA-Favicon.png\",\"datePublished\":\"2022-06-12T12:25:17+00:00\",\"dateModified\":\"2023-07-12T07:41:44+00:00\",\"breadcrumb\":{\"@id\":\"https:\/\/pistonaddict.com\/pt-pt\/product\/premium\/#breadcrumb\"},\"inLanguage\":\"pt-PT\",\"potentialAction\":[{\"@type\":\"ReadAction\",\"target\":[\"https:\/\/pistonaddict.com\/pt-pt\/product\/premium\/\"]}]},{\"@type\":\"ImageObject\",\"inLanguage\":\"pt-PT\",\"@id\":\"https:\/\/pistonaddict.com\/pt-pt\/product\/premium\/#primaryimage\",\"url\":\"https:\/\/pistonaddict.com\/wp-content\/uploads\/2022\/05\/cropped-PA-Favicon.png\",\"contentUrl\":\"https:\/\/pistonaddict.com\/wp-content\/uploads\/2022\/05\/cropped-PA-Favicon.png\",\"width\":512,\"height\":512},{\"@type\":\"BreadcrumbList\",\"@id\":\"https:\/\/pistonaddict.com\/pt-pt\/product\/premium\/#breadcrumb\",\"itemListElement\":[{\"@type\":\"ListItem\",\"position\":1,\"name\":\"Rece\u00e7\u00e3o\",\"item\":\"https:\/\/pistonaddict.com\/pt-pt\/pagina-inicial\/\"},{\"@type\":\"ListItem\",\"position\":2,\"name\":\"Auctions\",\"item\":\"https:\/\/pistonaddict.com\/auctions-listing\/\"},{\"@type\":\"ListItem\",\"position\":3,\"name\":\"Premium\"}]},{\"@type\":\"WebSite\",\"@id\":\"https:\/\/pistonaddict.com\/pt-pt\/#website\",\"url\":\"https:\/\/pistonaddict.com\/pt-pt\/\",\"name\":\"Piston Addict\",\"description\":\"Only interesting vehicles\",\"publisher\":{\"@id\":\"https:\/\/pistonaddict.com\/pt-pt\/#organization\"},\"potentialAction\":[{\"@type\":\"SearchAction\",\"target\":{\"@type\":\"EntryPoint\",\"urlTemplate\":\"https:\/\/pistonaddict.com\/pt-pt\/?s={search_term_string}\"},\"query-input\":\"required name=search_term_string\"}],\"inLanguage\":\"pt-PT\"},{\"@type\":\"Organization\",\"@id\":\"https:\/\/pistonaddict.com\/pt-pt\/#organization\",\"name\":\"Piston Addict\",\"url\":\"https:\/\/pistonaddict.com\/pt-pt\/\",\"logo\":{\"@type\":\"ImageObject\",\"inLanguage\":\"pt-PT\",\"@id\":\"https:\/\/pistonaddict.com\/pt-pt\/#\/schema\/logo\/image\/\",\"url\":\"https:\/\/pistonaddict.com\/wp-content\/uploads\/2022\/07\/logo-6.png\",\"contentUrl\":\"https:\/\/pistonaddict.com\/wp-content\/uploads\/2022\/07\/logo-6.png\",\"width\":970,\"height\":200,\"caption\":\"Piston Addict\"},\"image\":{\"@id\":\"https:\/\/pistonaddict.com\/pt-pt\/#\/schema\/logo\/image\/\"}}]}<\/script>\n<!-- \/ Yoast SEO plugin. -->","yoast_head_json":{"title":"Premium Piston Addict - t\u00edtulo","robots":{"index":"index","follow":"follow","max-snippet":"max-snippet:-1","max-image-preview":"max-image-preview:large","max-video-preview":"max-video-preview:-1"},"canonical":"https:\/\/pistonaddict.com\/pt-pt\/product\/premium\/","og_locale":"pt_PT","og_type":"article","og_title":"Premium Piston Addict - t\u00edtulo","og_description":"O mesmo servi\u00e7o excelente do Classic, mas com o seu an\u00fancio apresentado nas nossas redes sociais, sites parceiros e nas nossas newsletters para ajudar os compradores a licitar com confian\u00e7a e entusiasmo.","og_url":"https:\/\/pistonaddict.com\/pt-pt\/product\/premium\/","og_site_name":"Piston Addict","article_modified_time":"2023-07-12T07:41:44+00:00","og_image":[{"width":512,"height":512,"url":"https:\/\/pistonaddict.com\/wp-content\/uploads\/2022\/05\/cropped-PA-Favicon.png","type":"image\/png"}],"twitter_card":"summary_large_image","schema":{"@context":"https:\/\/schema.org","@graph":[{"@type":"WebPage","@id":"https:\/\/pistonaddict.com\/pt-pt\/product\/premium\/","url":"https:\/\/pistonaddict.com\/pt-pt\/product\/premium\/","name":"Premium Piston Addict - t\u00edtulo","isPartOf":{"@id":"https:\/\/pistonaddict.com\/pt-pt\/#website"},"primaryImageOfPage":{"@id":"https:\/\/pistonaddict.com\/pt-pt\/product\/premium\/#primaryimage"},"image":{"@id":"https:\/\/pistonaddict.com\/pt-pt\/product\/premium\/#primaryimage"},"thumbnailUrl":"https:\/\/pistonaddict.com\/wp-content\/uploads\/2022\/05\/cropped-PA-Favicon.png","datePublished":"2022-06-12T12:25:17+00:00","dateModified":"2023-07-12T07:41:44+00:00","breadcrumb":{"@id":"https:\/\/pistonaddict.com\/pt-pt\/product\/premium\/#breadcrumb"},"inLanguage":"pt-PT","potentialAction":[{"@type":"ReadAction","target":["https:\/\/pistonaddict.com\/pt-pt\/product\/premium\/"]}]},{"@type":"ImageObject","inLanguage":"pt-PT","@id":"https:\/\/pistonaddict.com\/pt-pt\/product\/premium\/#primaryimage","url":"https:\/\/pistonaddict.com\/wp-content\/uploads\/2022\/05\/cropped-PA-Favicon.png","contentUrl":"https:\/\/pistonaddict.com\/wp-content\/uploads\/2022\/05\/cropped-PA-Favicon.png","width":512,"height":512},{"@type":"BreadcrumbList","@id":"https:\/\/pistonaddict.com\/pt-pt\/product\/premium\/#breadcrumb","itemListElement":[{"@type":"ListItem","position":1,"name":"Rece\u00e7\u00e3o","item":"https:\/\/pistonaddict.com\/pt-pt\/pagina-inicial\/"},{"@type":"ListItem","position":2,"name":"Auctions","item":"https:\/\/pistonaddict.com\/auctions-listing\/"},{"@type":"ListItem","position":3,"name":"Premium"}]},{"@type":"WebSite","@id":"https:\/\/pistonaddict.com\/pt-pt\/#website","url":"https:\/\/pistonaddict.com\/pt-pt\/","name":"Piston Addict","description":"Only interesting vehicles","publisher":{"@id":"https:\/\/pistonaddict.com\/pt-pt\/#organization"},"potentialAction":[{"@type":"SearchAction","target":{"@type":"EntryPoint","urlTemplate":"https:\/\/pistonaddict.com\/pt-pt\/?s={search_term_string}"},"query-input":"required name=search_term_string"}],"inLanguage":"pt-PT"},{"@type":"Organization","@id":"https:\/\/pistonaddict.com\/pt-pt\/#organization","name":"Piston Addict","url":"https:\/\/pistonaddict.com\/pt-pt\/","logo":{"@type":"ImageObject","inLanguage":"pt-PT","@id":"https:\/\/pistonaddict.com\/pt-pt\/#\/schema\/logo\/image\/","url":"https:\/\/pistonaddict.com\/wp-content\/uploads\/2022\/07\/logo-6.png","contentUrl":"https:\/\/pistonaddict.com\/wp-content\/uploads\/2022\/07\/logo-6.png","width":970,"height":200,"caption":"Piston Addict"},"image":{"@id":"https:\/\/pistonaddict.com\/pt-pt\/#\/schema\/logo\/image\/"}}]}},"_links":{"self":[{"href":"https:\/\/pistonaddict.com\/pt-pt\/wp-json\/wp\/v2\/product\/10091"}],"collection":[{"href":"https:\/\/pistonaddict.com\/pt-pt\/wp-json\/wp\/v2\/product"}],"about":[{"href":"https:\/\/pistonaddict.com\/pt-pt\/wp-json\/wp\/v2\/types\/product"}],"replies":[{"embeddable":true,"href":"https:\/\/pistonaddict.com\/pt-pt\/wp-json\/wp\/v2\/comments?post=10091"}],"wp:featuredmedia":[{"embeddable":true,"href":"https:\/\/pistonaddict.com\/pt-pt\/wp-json\/wp\/v2\/media\/1704"}],"wp:attachment":[{"href":"https:\/\/pistonaddict.com\/pt-pt\/wp-json\/wp\/v2\/media?parent=10091"}],"wp:term":[{"taxonomy":"product_cat","embeddable":true,"href":"https:\/\/pistonaddict.com\/pt-pt\/wp-json\/wp\/v2\/product_cat?post=10091"},{"taxonomy":"product_tag","embeddable":true,"href":"https:\/\/pistonaddict.com\/pt-pt\/wp-json\/wp\/v2\/product_tag?post=10091"}],"curies":[{"name":"wp","href":"https:\/\/api.w.org\/{rel}","templated":true}]}}