{"id":51269,"date":"2022-04-28T09:17:25","date_gmt":"2022-04-28T07:17:25","guid":{"rendered":"https:\/\/pistonaddict.com\/pagina-inicial\/"},"modified":"2024-05-17T17:26:15","modified_gmt":"2024-05-17T15:26:15","slug":"pagina-inicial","status":"publish","type":"page","link":"https:\/\/pistonaddict.com\/pt-pt\/","title":{"rendered":"P\u00e1gina inicial"},"content":{"rendered":"","protected":false},"excerpt":{"rendered":"","protected":false},"author":1,"featured_media":0,"parent":0,"menu_order":0,"comment_status":"closed","ping_status":"closed","template":"template-parts\/tpl-accueil.php","meta":{"inline_featured_image":false,"footnotes":""},"acf":[],"yoast_head":"<!-- This site is optimized with the Yoast SEO plugin v22.5 - https:\/\/yoast.com\/wordpress\/plugins\/seo\/ -->\n<title>Piston Addict : Mercado de leil\u00f5es de autom\u00f3veis online<\/title>\n<meta name=\"description\" content=\"Os leil\u00f5es Piston Addict s\u00e3o o mercado internacional de ve\u00edculos cl\u00e1ssicos e vintage. Venda e compre em leil\u00f5es o ve\u00edculo dos seus sonhos em Piston Addict, apenas ve\u00edculos interessantes, de motocicleta vintage a hipercarros. Pode tamb\u00e9m informar-se sobre o seu pr\u00f3ximo ve\u00edculo com artigos sobre carros Viciados em Pist\u00e3o escritos pelos nossos jornalistas autom\u00f3veis e fazer perguntas \u00e0 comunidade Viciada em Pist\u00e3o.\" \/>\n<meta name=\"robots\" content=\"index, follow, max-snippet:-1, max-image-preview:large, max-video-preview:-1\" \/>\n<link rel=\"canonical\" href=\"https:\/\/pistonaddict.com\/pt-pt\/\" \/>\n<meta property=\"og:locale\" content=\"pt_PT\" \/>\n<meta property=\"og:type\" content=\"article\" \/>\n<meta property=\"og:title\" content=\"Piston Addict : Mercado de leil\u00f5es de autom\u00f3veis online\" \/>\n<meta property=\"og:description\" content=\"Os leil\u00f5es Piston Addict s\u00e3o o mercado internacional de ve\u00edculos cl\u00e1ssicos e vintage. Venda e compre em leil\u00f5es o ve\u00edculo dos seus sonhos em Piston Addict, apenas ve\u00edculos interessantes, de motocicleta vintage a hipercarros. Pode tamb\u00e9m informar-se sobre o seu pr\u00f3ximo ve\u00edculo com artigos sobre carros Viciados em Pist\u00e3o escritos pelos nossos jornalistas autom\u00f3veis e fazer perguntas \u00e0 comunidade Viciada em Pist\u00e3o.\" \/>\n<meta property=\"og:url\" content=\"https:\/\/pistonaddict.com\/pt-pt\/\" \/>\n<meta property=\"og:site_name\" content=\"Piston Addict\" \/>\n<meta property=\"article:modified_time\" content=\"2024-05-17T15:26:15+00:00\" \/>\n<meta name=\"twitter:card\" content=\"summary_large_image\" \/>\n<script type=\"application\/ld+json\" class=\"yoast-schema-graph\">{\"@context\":\"https:\/\/schema.org\",\"@graph\":[{\"@type\":\"WebPage\",\"@id\":\"https:\/\/pistonaddict.com\/pt-pt\/\",\"url\":\"https:\/\/pistonaddict.com\/pt-pt\/\",\"name\":\"Piston Addict : Mercado de leil\u00f5es de autom\u00f3veis online\",\"isPartOf\":{\"@id\":\"https:\/\/pistonaddict.com\/pt-pt\/#website\"},\"datePublished\":\"2022-04-28T07:17:25+00:00\",\"dateModified\":\"2024-05-17T15:26:15+00:00\",\"description\":\"Os leil\u00f5es Piston Addict s\u00e3o o mercado internacional de ve\u00edculos cl\u00e1ssicos e vintage. Venda e compre em leil\u00f5es o ve\u00edculo dos seus sonhos em Piston Addict, apenas ve\u00edculos interessantes, de motocicleta vintage a hipercarros. Pode tamb\u00e9m informar-se sobre o seu pr\u00f3ximo ve\u00edculo com artigos sobre carros Viciados em Pist\u00e3o escritos pelos nossos jornalistas autom\u00f3veis e fazer perguntas \u00e0 comunidade Viciada em Pist\u00e3o.\",\"breadcrumb\":{\"@id\":\"https:\/\/pistonaddict.com\/pt-pt\/#breadcrumb\"},\"inLanguage\":\"pt-PT\",\"potentialAction\":[{\"@type\":\"ReadAction\",\"target\":[\"https:\/\/pistonaddict.com\/pt-pt\/\"]}]},{\"@type\":\"BreadcrumbList\",\"@id\":\"https:\/\/pistonaddict.com\/pt-pt\/#breadcrumb\",\"itemListElement\":[{\"@type\":\"ListItem\",\"position\":1,\"name\":\"Rece\u00e7\u00e3o\",\"item\":\"https:\/\/pistonaddict.com\/pt-pt\/pagina-inicial\/\"},{\"@type\":\"ListItem\",\"position\":2,\"name\":\"P\u00e1gina inicial\"}]},{\"@type\":\"WebSite\",\"@id\":\"https:\/\/pistonaddict.com\/pt-pt\/#website\",\"url\":\"https:\/\/pistonaddict.com\/pt-pt\/\",\"name\":\"Piston Addict\",\"description\":\"Only interesting vehicles\",\"publisher\":{\"@id\":\"https:\/\/pistonaddict.com\/pt-pt\/#organization\"},\"potentialAction\":[{\"@type\":\"SearchAction\",\"target\":{\"@type\":\"EntryPoint\",\"urlTemplate\":\"https:\/\/pistonaddict.com\/pt-pt\/?s={search_term_string}\"},\"query-input\":\"required name=search_term_string\"}],\"inLanguage\":\"pt-PT\"},{\"@type\":\"Organization\",\"@id\":\"https:\/\/pistonaddict.com\/pt-pt\/#organization\",\"name\":\"Piston Addict\",\"url\":\"https:\/\/pistonaddict.com\/pt-pt\/\",\"logo\":{\"@type\":\"ImageObject\",\"inLanguage\":\"pt-PT\",\"@id\":\"https:\/\/pistonaddict.com\/pt-pt\/#\/schema\/logo\/image\/\",\"url\":\"https:\/\/pistonaddict.com\/wp-content\/uploads\/2022\/07\/logo-6.png\",\"contentUrl\":\"https:\/\/pistonaddict.com\/wp-content\/uploads\/2022\/07\/logo-6.png\",\"width\":970,\"height\":200,\"caption\":\"Piston Addict\"},\"image\":{\"@id\":\"https:\/\/pistonaddict.com\/pt-pt\/#\/schema\/logo\/image\/\"}}]}<\/script>\n<!-- \/ Yoast SEO plugin. -->","yoast_head_json":{"title":"Piston Addict : Mercado de leil\u00f5es de autom\u00f3veis online","description":"Os leil\u00f5es Piston Addict s\u00e3o o mercado internacional de ve\u00edculos cl\u00e1ssicos e vintage. Venda e compre em leil\u00f5es o ve\u00edculo dos seus sonhos em Piston Addict, apenas ve\u00edculos interessantes, de motocicleta vintage a hipercarros. Pode tamb\u00e9m informar-se sobre o seu pr\u00f3ximo ve\u00edculo com artigos sobre carros Viciados em Pist\u00e3o escritos pelos nossos jornalistas autom\u00f3veis e fazer perguntas \u00e0 comunidade Viciada em Pist\u00e3o.","robots":{"index":"index","follow":"follow","max-snippet":"max-snippet:-1","max-image-preview":"max-image-preview:large","max-video-preview":"max-video-preview:-1"},"canonical":"https:\/\/pistonaddict.com\/pt-pt\/","og_locale":"pt_PT","og_type":"article","og_title":"Piston Addict : Mercado de leil\u00f5es de autom\u00f3veis online","og_description":"Os leil\u00f5es Piston Addict s\u00e3o o mercado internacional de ve\u00edculos cl\u00e1ssicos e vintage. Venda e compre em leil\u00f5es o ve\u00edculo dos seus sonhos em Piston Addict, apenas ve\u00edculos interessantes, de motocicleta vintage a hipercarros. Pode tamb\u00e9m informar-se sobre o seu pr\u00f3ximo ve\u00edculo com artigos sobre carros Viciados em Pist\u00e3o escritos pelos nossos jornalistas autom\u00f3veis e fazer perguntas \u00e0 comunidade Viciada em Pist\u00e3o.","og_url":"https:\/\/pistonaddict.com\/pt-pt\/","og_site_name":"Piston Addict","article_modified_time":"2024-05-17T15:26:15+00:00","twitter_card":"summary_large_image","schema":{"@context":"https:\/\/schema.org","@graph":[{"@type":"WebPage","@id":"https:\/\/pistonaddict.com\/pt-pt\/","url":"https:\/\/pistonaddict.com\/pt-pt\/","name":"Piston Addict : Mercado de leil\u00f5es de autom\u00f3veis online","isPartOf":{"@id":"https:\/\/pistonaddict.com\/pt-pt\/#website"},"datePublished":"2022-04-28T07:17:25+00:00","dateModified":"2024-05-17T15:26:15+00:00","description":"Os leil\u00f5es Piston Addict s\u00e3o o mercado internacional de ve\u00edculos cl\u00e1ssicos e vintage. Venda e compre em leil\u00f5es o ve\u00edculo dos seus sonhos em Piston Addict, apenas ve\u00edculos interessantes, de motocicleta vintage a hipercarros. Pode tamb\u00e9m informar-se sobre o seu pr\u00f3ximo ve\u00edculo com artigos sobre carros Viciados em Pist\u00e3o escritos pelos nossos jornalistas autom\u00f3veis e fazer perguntas \u00e0 comunidade Viciada em Pist\u00e3o.","breadcrumb":{"@id":"https:\/\/pistonaddict.com\/pt-pt\/#breadcrumb"},"inLanguage":"pt-PT","potentialAction":[{"@type":"ReadAction","target":["https:\/\/pistonaddict.com\/pt-pt\/"]}]},{"@type":"BreadcrumbList","@id":"https:\/\/pistonaddict.com\/pt-pt\/#breadcrumb","itemListElement":[{"@type":"ListItem","position":1,"name":"Rece\u00e7\u00e3o","item":"https:\/\/pistonaddict.com\/pt-pt\/pagina-inicial\/"},{"@type":"ListItem","position":2,"name":"P\u00e1gina inicial"}]},{"@type":"WebSite","@id":"https:\/\/pistonaddict.com\/pt-pt\/#website","url":"https:\/\/pistonaddict.com\/pt-pt\/","name":"Piston Addict","description":"Only interesting vehicles","publisher":{"@id":"https:\/\/pistonaddict.com\/pt-pt\/#organization"},"potentialAction":[{"@type":"SearchAction","target":{"@type":"EntryPoint","urlTemplate":"https:\/\/pistonaddict.com\/pt-pt\/?s={search_term_string}"},"query-input":"required name=search_term_string"}],"inLanguage":"pt-PT"},{"@type":"Organization","@id":"https:\/\/pistonaddict.com\/pt-pt\/#organization","name":"Piston Addict","url":"https:\/\/pistonaddict.com\/pt-pt\/","logo":{"@type":"ImageObject","inLanguage":"pt-PT","@id":"https:\/\/pistonaddict.com\/pt-pt\/#\/schema\/logo\/image\/","url":"https:\/\/pistonaddict.com\/wp-content\/uploads\/2022\/07\/logo-6.png","contentUrl":"https:\/\/pistonaddict.com\/wp-content\/uploads\/2022\/07\/logo-6.png","width":970,"height":200,"caption":"Piston Addict"},"image":{"@id":"https:\/\/pistonaddict.com\/pt-pt\/#\/schema\/logo\/image\/"}}]}},"_links":{"self":[{"href":"https:\/\/pistonaddict.com\/pt-pt\/wp-json\/wp\/v2\/pages\/51269"}],"collection":[{"href":"https:\/\/pistonaddict.com\/pt-pt\/wp-json\/wp\/v2\/pages"}],"about":[{"href":"https:\/\/pistonaddict.com\/pt-pt\/wp-json\/wp\/v2\/types\/page"}],"author":[{"embeddable":true,"href":"https:\/\/pistonaddict.com\/pt-pt\/wp-json\/wp\/v2\/users\/1"}],"replies":[{"embeddable":true,"href":"https:\/\/pistonaddict.com\/pt-pt\/wp-json\/wp\/v2\/comments?post=51269"}],"version-history":[{"count":1,"href":"https:\/\/pistonaddict.com\/pt-pt\/wp-json\/wp\/v2\/pages\/51269\/revisions"}],"predecessor-version":[{"id":80983,"href":"https:\/\/pistonaddict.com\/pt-pt\/wp-json\/wp\/v2\/pages\/51269\/revisions\/80983"}],"wp:attachment":[{"href":"https:\/\/pistonaddict.com\/pt-pt\/wp-json\/wp\/v2\/media?parent=51269"}],"curies":[{"name":"wp","href":"https:\/\/api.w.org\/{rel}","templated":true}]}}