{"id":2971,"date":"2022-04-29T11:18:49","date_gmt":"2022-04-29T09:18:49","guid":{"rendered":"https:\/\/pistonaddict.com\/expedicao\/"},"modified":"2022-05-04T18:00:05","modified_gmt":"2022-05-04T16:00:05","slug":"expedicao","status":"publish","type":"page","link":"https:\/\/pistonaddict.com\/pt-pt\/expedicao\/","title":{"rendered":"Expedi\u00e7\u00e3o"},"content":{"rendered":"\t\t<div data-elementor-type=\"wp-page\" data-elementor-id=\"2971\" class=\"elementor elementor-2971 elementor-333\">\n\t\t\t\t\t\t<section class=\"elementor-section elementor-top-section elementor-element elementor-element-eb8a04d elementor-section-boxed elementor-section-height-default elementor-section-height-default\" data-id=\"eb8a04d\" data-element_type=\"section\">\n\t\t\t\t\t\t<div class=\"elementor-container elementor-column-gap-default\">\n\t\t\t\t\t<div class=\"elementor-column elementor-col-100 elementor-top-column elementor-element elementor-element-43edc4e\" data-id=\"43edc4e\" data-element_type=\"column\">\n\t\t\t<div class=\"elementor-widget-wrap elementor-element-populated\">\n\t\t\t\t\t\t<div class=\"elementor-element elementor-element-d78828a elementor-widget elementor-widget-text-editor\" data-id=\"d78828a\" data-element_type=\"widget\" data-widget_type=\"text-editor.default\">\n\t\t\t\t<div class=\"elementor-widget-container\">\n\t\t\t<style>\/*! elementor - v3.21.0 - 18-04-2024 *\/\n.elementor-widget-text-editor.elementor-drop-cap-view-stacked .elementor-drop-cap{background-color:#69727d;color:#fff}.elementor-widget-text-editor.elementor-drop-cap-view-framed .elementor-drop-cap{color:#69727d;border:3px solid;background-color:transparent}.elementor-widget-text-editor:not(.elementor-drop-cap-view-default) .elementor-drop-cap{margin-top:8px}.elementor-widget-text-editor:not(.elementor-drop-cap-view-default) .elementor-drop-cap-letter{width:1em;height:1em}.elementor-widget-text-editor .elementor-drop-cap{float:left;text-align:center;line-height:1;font-size:50px}.elementor-widget-text-editor .elementor-drop-cap-letter{display:inline-block}<\/style>\t\t\t\t\n          <h1>\n            <strong>ENVIO DO SEU VE\u00cdCULO<\/strong>\n          <\/h1>\n          <h2>\n            <strong>COMO PROCEDER PARA QUE O SEU VE\u00cdCULO \u00c9 TRANSPORTADO?<\/strong>\n          <\/h2>\n          <p>V\u00e1rias solu\u00e7\u00f5es est\u00e3o dispon\u00edveis para si se quiser que o seu ve\u00edculo seja transportado.<\/p>\n          <p>Pode faz\u00ea-lo por conta pr\u00f3pria ou utilizar servi\u00e7os de transporte profissional como reboque, transporte, transporte por bandeja ou caminh\u00e3o ou, finalmente, transporte mar\u00edtimo.<\/p>\n          <h3>\n            <strong>1- Reboque de ve\u00edculo<\/strong>\n          <\/h3>\n          <p>Este tipo de transporte \u00e9 adequado para dist\u00e2ncias curtas, a baixas velocidades. Para rebocar o seu ve\u00edculo, ter\u00e1 de ter cuidado para:<\/p>\n          <ul>\n            <li>Utilize uma barra de tra\u00e7\u00e3o aprovada para m\u00e1xima seguran\u00e7a;<\/li>\n            <li>Ser acompanhado por um condutor no ve\u00edculo rebocado;<\/li>\n            <li>Conduza a um m\u00e1ximo de 50 km\/h e utilize apenas os eixos secund\u00e1rios;<\/li>\n            <li>Fornecer um ve\u00edculo de reboque mais pesado do que o ve\u00edculo rebocado;<\/li>\n            <li>Use avisos, tenha cuidado e comporte-se suavemente.<\/li>\n          <\/ul>\n          <h2> <\/h2>\n          <h3>\n            <strong>2- Transportar um ve\u00edculo numa bandeja<\/strong>\n          <\/h3>\n          <p>Esta op\u00e7\u00e3o \u00e9 adequada para transportar o seu ve\u00edculo em longas dist\u00e2ncias com seguran\u00e7a. Pode optar por transportar o seu ve\u00edculo num cami\u00e3o achatado, de prefer\u00eancia coberto para proteger o corpo durante o transporte.<\/p>\n          <h3>\n            <strong>3- O transporte de ve\u00edculo por cami\u00e3o<\/strong>\n          <\/h3>\n          <p>Este \u00e9 o mesmo princ\u00edpio do transporte por um cami\u00e3o achatado, mas neste caso, o seu ve\u00edculo \u00e9 transportado no reboque do cami\u00e3o. Esta alternativa \u00e9 poss\u00edvel mesmo que tenha apenas um ve\u00edculo para transportar. Esta op\u00e7\u00e3o \u00e9 econ\u00f3mica; os melhores jogadores do mercado oferecem atrasos de uma a duas semanas da encomenda para a entrega.<\/p>\n          <h3>\n            <strong>4- Transporte de ve\u00edculos<\/strong>\n          <\/h3>\n          <p>Para que o transporte seja poss\u00edvel, o ve\u00edculo deve estar a rodar, em bom estado de funcionamento e bem conservado. Um transportador \u00e9 atribu\u00eddo \u00e0s suas necessidades e conduz o ve\u00edculo da partida para o seu destino.<\/p>\n          <p>\u00c9 uma alternativa r\u00e1pida sem passar por diferentes plataformas de carga ou descarga, mas mais cara.<\/p>\n          <h3>\n            <strong>5- Transporte mar\u00edtimo<\/strong>\n          <\/h3>\n          <p>O transporte de autom\u00f3veis por navio ro-ro (ou RO-RO) representa uma grande maioria do transporte mar\u00edtimo de mercadorias. Os ve\u00edculos est\u00e3o estacionados l\u00e1 durante a dura\u00e7\u00e3o do transporte. \u00c9 o modo mais econ\u00f3mico e, por vezes, o modo mais r\u00e1pido de transporte de autom\u00f3veis.<\/p>\n          <p>A utiliza\u00e7\u00e3o de um agente de transporte mar\u00edtimo \u00e9 muitas vezes obrigat\u00f3ria para poder enviar um ve\u00edculo para um pa\u00eds estrangeiro. Este \u00faltimo tratar\u00e1 dos procedimentos administrativos no porto de partida, mas tamb\u00e9m no porto de chegada.<\/p>\n          <h2>\n            <strong>QUAIS OS DOCUMENTOS A FORNECER PARA PODER ENVIAR O SEU VE\u00cdCULO INTERNACIONALMENTE?<\/strong>\n          <\/h2>\n          <ul>\n            <li>A fatura da compra do ve\u00edculo;<\/li>\n            <li>Uma c\u00f3pia do seu documento de identidade;<\/li>\n            <li>O documento de matr\u00edcula do ve\u00edculo;<\/li>\n            <li>O certificado de atribui\u00e7\u00e3o;<\/li>\n            <li>O certificado de n\u00e3o-penhor;<\/li>\n            <li>O certificado de valor preenchido e assinado (<strong>\n  <a href=\"https:\/\/pistonaddict.com\/wp-content\/uploads\/2022\/05\/Attestation-de-valeur-vehicule.pdf\" target=\"_blank\" rel=\"noopener\">\n    <u>descarregue-o<\/u>\n  <\/a>\n<\/strong>).<\/li>\n          <\/ul>\n          <p>Dependendo do pa\u00eds de destino, podem ser necess\u00e1rios outros documentos. N\u00e3o se esque\u00e7a de perguntar \u00e0 sua transportadora se os impostos, direitos e taxas de desalfandegamento est\u00e3o inclu\u00eddos na cota\u00e7\u00e3o apresentada.<\/p>\n          <h2>\n            <strong>QUANTO CUSTA ENVIAR UM VE\u00cdCULO INTERNACIONALMENTE?<\/strong>\n          <\/h2>\n          <p>As tarifas variam naturalmente de uma transportadora para outra: v\u00e1rios elementos s\u00e3o tidos em conta pela empresa de transporte de ve\u00edculos para calcular os custos de transporte:<\/p>\n          <ul>\n            <li>O tipo de ve\u00edculo;<\/li>\n            <li>Os meios de transporte;<\/li>\n            <li>A dist\u00e2ncia que separa os dois pa\u00edses;<\/li>\n            <li>O prazo para envio e a \u00e9poca do ano.<\/li>\n          <\/ul>\n          <p>Permanecer\u00e1 \u00e0s suas custas o seguro de transporte, que lhe ser\u00e1 oferecido pelo transporte, bem como as taxas aduaneiras e os impostos a pagar compulsivamente.<\/p>\n          <p>O transporte terrestre \u00e9 a forma mais conveniente de enviar um ve\u00edculo, especialmente entre pa\u00edses fronteiri\u00e7os. O transporte mar\u00edtimo tem a vantagem de ser econ\u00f3mico, mas menos r\u00e1pido.<\/p>\n          <h2>\n            <strong>DICAS DE VICIADO EM PIST\u00c3O<\/strong>\n          <\/h2>\n          <p>Agora que sabe tudo o que h\u00e1 para saber sobre o transporte de ve\u00edculos, aqui ficam algumas dicas que s\u00e3o sempre boas de seguir, antes de confiar o seu ve\u00edculo \u00e0 empresa de transporte \u00e0 sua escolha:<\/p>\n          <ul>\n            <li>Desativar o alarme se tiver um, para evitar que seja acionado durante o transporte;<\/li>\n            <li>Carregue a bateria ao m\u00e1ximo, de modo a que n\u00e3o descarregue completamente durante o transporte;<\/li>\n            <li>Esvaziar o dep\u00f3sito de g\u00e1s o m\u00e1ximo poss\u00edvel, como precau\u00e7\u00e3o de seguran\u00e7a;<\/li>\n            <li>Tenha cuidado para n\u00e3o deixar objetos no ve\u00edculo;<\/li>\n            <li>Guarde as provas do estado do ve\u00edculo antes de o colocar nas m\u00e3os do transportador;<\/li>\n            <li>Realizar um seguro para ter uma garantia de devolu\u00e7\u00e3o de dinheiro em caso de problemas durante o transporte;<\/li>\n            <li>Manter os originais do certificado de matr\u00edcula do ve\u00edculo, o certificado de propriedade e o certificado de n\u00e3o penhor;<\/li>\n            <li>Guarde consigo uma duplica\u00e7\u00e3o das chaves do ve\u00edculo. E acima de tudo, n\u00e3o se esque\u00e7a de enviar o dobro das chaves uma vez que o ve\u00edculo \u00e9 recebido pelo comprador.<\/li>\n          <\/ul>\n          <p> <\/p>\n          <h2>\n            <strong>Nossas recomenda\u00e7\u00f5es por caminh\u00e3o<\/strong>\n          <\/h2>\n          <ul>\n            <li><em><strong>Alemanha \u2013 \u00c1ustria \u2013 B\u00e9lgica \u2013 Espanha \u2013 Fran\u00e7a \u2013 It\u00e1lia \u2013 Pa\u00edses Baixos \u2013 Portugal \u2013 Su\u00ed\u00e7a \u2013 Reino Unido<\/strong> : <\/em><a href=\"https:\/\/www.eurosender.com\/en\/vt\/vehicle-transport\/car\" target=\"_blank\" rel=\"noopener\">Eurosender, Shiply<\/a><a href=\"https:\/\/www.shiply.com\/vehicle-delivery\/car-transport-to-europe.php\" target=\"_blank\" rel=\"noopener\"><\/a><\/li>\n            <li><strong>\n  <em>Fran\u00e7a: <\/em>\n<\/strong> Nacional: <a href=\"https:\/\/disposeo.com\/\" target=\"_blank\" rel=\"noopener\">Disposeo<\/a>, <a href=\"https:\/\/www.hiflow.com\/particulier\" target=\"_blank\" rel=\"noopener\">Hiflow<\/a><\/li>\n          <\/ul>\n          <h2>\n            <strong>Nossas recomenda\u00e7\u00f5es por mar<\/strong>\n          <\/h2>\n          <ul>\n            <li><a href=\"https:\/\/cfrrinkens.com\/rate-request\/\" target=\"_blank\" rel=\"noopener\">CFR Rinkens<\/a>, <a href=\"https:\/\/www.carseurope.net\/international-car-transportation-quote\/\" target=\"_blank\" rel=\"noopener\">CARS<\/a><\/li>\n          <\/ul>\n        \t\t\t\t\t\t<\/div>\n\t\t\t\t<\/div>\n\t\t\t\t\t<\/div>\n\t\t<\/div>\n\t\t\t\t\t<\/div>\n\t\t<\/section>\n\t\t\t\t<\/div>\n\t\t","protected":false},"excerpt":{"rendered":"<p>ENVIO DO SEU VE\u00cdCULO COMO PROCEDER PARA QUE O SEU VE\u00cdCULO \u00c9 TRANSPORTADO? V\u00e1rias solu\u00e7\u00f5es est\u00e3o dispon\u00edveis para si se quiser que o seu ve\u00edculo seja transportado. Pode faz\u00ea-lo por conta pr\u00f3pria ou utilizar servi\u00e7os de transporte profissional como reboque, transporte, transporte por bandeja ou caminh\u00e3o ou, finalmente, transporte mar\u00edtimo. 1- Reboque de ve\u00edculo Este &#8230; <a title=\"Expedi\u00e7\u00e3o\" class=\"read-more\" href=\"https:\/\/pistonaddict.com\/pt-pt\/expedicao\/\">Leia mais<span class=\"screen-reader-text\">Expedi\u00e7\u00e3o<\/span><\/a><\/p>\n","protected":false},"author":1,"featured_media":0,"parent":0,"menu_order":0,"comment_status":"closed","ping_status":"closed","template":"","meta":{"inline_featured_image":false,"footnotes":""},"acf":[],"yoast_head":"<!-- This site is optimized with the Yoast SEO plugin v22.5 - https:\/\/yoast.com\/wordpress\/plugins\/seo\/ -->\n<title>Expedi\u00e7\u00e3o Piston Addict - t\u00edtulo<\/title>\n<meta name=\"robots\" content=\"index, follow, max-snippet:-1, max-image-preview:large, max-video-preview:-1\" \/>\n<link rel=\"canonical\" href=\"https:\/\/pistonaddict.com\/pt-pt\/expedicao\/\" \/>\n<meta property=\"og:locale\" content=\"pt_PT\" \/>\n<meta property=\"og:type\" content=\"article\" \/>\n<meta property=\"og:title\" content=\"Expedi\u00e7\u00e3o Piston Addict - t\u00edtulo\" \/>\n<meta property=\"og:description\" content=\"ENVIO DO SEU VE\u00cdCULO COMO PROCEDER PARA QUE O SEU VE\u00cdCULO \u00c9 TRANSPORTADO? V\u00e1rias solu\u00e7\u00f5es est\u00e3o dispon\u00edveis para si se quiser que o seu ve\u00edculo seja transportado. Pode faz\u00ea-lo por conta pr\u00f3pria ou utilizar servi\u00e7os de transporte profissional como reboque, transporte, transporte por bandeja ou caminh\u00e3o ou, finalmente, transporte mar\u00edtimo. 1- Reboque de ve\u00edculo Este ... Leia maisExpedi\u00e7\u00e3o\" \/>\n<meta property=\"og:url\" content=\"https:\/\/pistonaddict.com\/pt-pt\/expedicao\/\" \/>\n<meta property=\"og:site_name\" content=\"Piston Addict\" \/>\n<meta property=\"article:modified_time\" content=\"2022-05-04T16:00:05+00:00\" \/>\n<meta name=\"twitter:card\" content=\"summary_large_image\" \/>\n<meta name=\"twitter:label1\" content=\"Tempo estimado de leitura\" \/>\n\t<meta name=\"twitter:data1\" content=\"4 minutos\" \/>\n<script type=\"application\/ld+json\" class=\"yoast-schema-graph\">{\"@context\":\"https:\/\/schema.org\",\"@graph\":[{\"@type\":\"WebPage\",\"@id\":\"https:\/\/pistonaddict.com\/pt-pt\/expedicao\/\",\"url\":\"https:\/\/pistonaddict.com\/pt-pt\/expedicao\/\",\"name\":\"Expedi\u00e7\u00e3o Piston Addict - t\u00edtulo\",\"isPartOf\":{\"@id\":\"https:\/\/pistonaddict.com\/pt-pt\/#website\"},\"datePublished\":\"2022-04-29T09:18:49+00:00\",\"dateModified\":\"2022-05-04T16:00:05+00:00\",\"breadcrumb\":{\"@id\":\"https:\/\/pistonaddict.com\/pt-pt\/expedicao\/#breadcrumb\"},\"inLanguage\":\"pt-PT\",\"potentialAction\":[{\"@type\":\"ReadAction\",\"target\":[\"https:\/\/pistonaddict.com\/pt-pt\/expedicao\/\"]}]},{\"@type\":\"BreadcrumbList\",\"@id\":\"https:\/\/pistonaddict.com\/pt-pt\/expedicao\/#breadcrumb\",\"itemListElement\":[{\"@type\":\"ListItem\",\"position\":1,\"name\":\"Rece\u00e7\u00e3o\",\"item\":\"https:\/\/pistonaddict.com\/pt-pt\/pagina-inicial\/\"},{\"@type\":\"ListItem\",\"position\":2,\"name\":\"Expedi\u00e7\u00e3o\"}]},{\"@type\":\"WebSite\",\"@id\":\"https:\/\/pistonaddict.com\/pt-pt\/#website\",\"url\":\"https:\/\/pistonaddict.com\/pt-pt\/\",\"name\":\"Piston Addict\",\"description\":\"Only interesting vehicles\",\"publisher\":{\"@id\":\"https:\/\/pistonaddict.com\/pt-pt\/#organization\"},\"potentialAction\":[{\"@type\":\"SearchAction\",\"target\":{\"@type\":\"EntryPoint\",\"urlTemplate\":\"https:\/\/pistonaddict.com\/pt-pt\/?s={search_term_string}\"},\"query-input\":\"required name=search_term_string\"}],\"inLanguage\":\"pt-PT\"},{\"@type\":\"Organization\",\"@id\":\"https:\/\/pistonaddict.com\/pt-pt\/#organization\",\"name\":\"Piston Addict\",\"url\":\"https:\/\/pistonaddict.com\/pt-pt\/\",\"logo\":{\"@type\":\"ImageObject\",\"inLanguage\":\"pt-PT\",\"@id\":\"https:\/\/pistonaddict.com\/pt-pt\/#\/schema\/logo\/image\/\",\"url\":\"https:\/\/pistonaddict.com\/wp-content\/uploads\/2022\/07\/logo-6.png\",\"contentUrl\":\"https:\/\/pistonaddict.com\/wp-content\/uploads\/2022\/07\/logo-6.png\",\"width\":970,\"height\":200,\"caption\":\"Piston Addict\"},\"image\":{\"@id\":\"https:\/\/pistonaddict.com\/pt-pt\/#\/schema\/logo\/image\/\"}}]}<\/script>\n<!-- \/ Yoast SEO plugin. -->","yoast_head_json":{"title":"Expedi\u00e7\u00e3o Piston Addict - t\u00edtulo","robots":{"index":"index","follow":"follow","max-snippet":"max-snippet:-1","max-image-preview":"max-image-preview:large","max-video-preview":"max-video-preview:-1"},"canonical":"https:\/\/pistonaddict.com\/pt-pt\/expedicao\/","og_locale":"pt_PT","og_type":"article","og_title":"Expedi\u00e7\u00e3o Piston Addict - t\u00edtulo","og_description":"ENVIO DO SEU VE\u00cdCULO COMO PROCEDER PARA QUE O SEU VE\u00cdCULO \u00c9 TRANSPORTADO? V\u00e1rias solu\u00e7\u00f5es est\u00e3o dispon\u00edveis para si se quiser que o seu ve\u00edculo seja transportado. Pode faz\u00ea-lo por conta pr\u00f3pria ou utilizar servi\u00e7os de transporte profissional como reboque, transporte, transporte por bandeja ou caminh\u00e3o ou, finalmente, transporte mar\u00edtimo. 1- Reboque de ve\u00edculo Este ... Leia maisExpedi\u00e7\u00e3o","og_url":"https:\/\/pistonaddict.com\/pt-pt\/expedicao\/","og_site_name":"Piston Addict","article_modified_time":"2022-05-04T16:00:05+00:00","twitter_card":"summary_large_image","twitter_misc":{"Tempo estimado de leitura":"4 minutos"},"schema":{"@context":"https:\/\/schema.org","@graph":[{"@type":"WebPage","@id":"https:\/\/pistonaddict.com\/pt-pt\/expedicao\/","url":"https:\/\/pistonaddict.com\/pt-pt\/expedicao\/","name":"Expedi\u00e7\u00e3o Piston Addict - t\u00edtulo","isPartOf":{"@id":"https:\/\/pistonaddict.com\/pt-pt\/#website"},"datePublished":"2022-04-29T09:18:49+00:00","dateModified":"2022-05-04T16:00:05+00:00","breadcrumb":{"@id":"https:\/\/pistonaddict.com\/pt-pt\/expedicao\/#breadcrumb"},"inLanguage":"pt-PT","potentialAction":[{"@type":"ReadAction","target":["https:\/\/pistonaddict.com\/pt-pt\/expedicao\/"]}]},{"@type":"BreadcrumbList","@id":"https:\/\/pistonaddict.com\/pt-pt\/expedicao\/#breadcrumb","itemListElement":[{"@type":"ListItem","position":1,"name":"Rece\u00e7\u00e3o","item":"https:\/\/pistonaddict.com\/pt-pt\/pagina-inicial\/"},{"@type":"ListItem","position":2,"name":"Expedi\u00e7\u00e3o"}]},{"@type":"WebSite","@id":"https:\/\/pistonaddict.com\/pt-pt\/#website","url":"https:\/\/pistonaddict.com\/pt-pt\/","name":"Piston Addict","description":"Only interesting vehicles","publisher":{"@id":"https:\/\/pistonaddict.com\/pt-pt\/#organization"},"potentialAction":[{"@type":"SearchAction","target":{"@type":"EntryPoint","urlTemplate":"https:\/\/pistonaddict.com\/pt-pt\/?s={search_term_string}"},"query-input":"required name=search_term_string"}],"inLanguage":"pt-PT"},{"@type":"Organization","@id":"https:\/\/pistonaddict.com\/pt-pt\/#organization","name":"Piston Addict","url":"https:\/\/pistonaddict.com\/pt-pt\/","logo":{"@type":"ImageObject","inLanguage":"pt-PT","@id":"https:\/\/pistonaddict.com\/pt-pt\/#\/schema\/logo\/image\/","url":"https:\/\/pistonaddict.com\/wp-content\/uploads\/2022\/07\/logo-6.png","contentUrl":"https:\/\/pistonaddict.com\/wp-content\/uploads\/2022\/07\/logo-6.png","width":970,"height":200,"caption":"Piston Addict"},"image":{"@id":"https:\/\/pistonaddict.com\/pt-pt\/#\/schema\/logo\/image\/"}}]}},"_links":{"self":[{"href":"https:\/\/pistonaddict.com\/pt-pt\/wp-json\/wp\/v2\/pages\/2971"}],"collection":[{"href":"https:\/\/pistonaddict.com\/pt-pt\/wp-json\/wp\/v2\/pages"}],"about":[{"href":"https:\/\/pistonaddict.com\/pt-pt\/wp-json\/wp\/v2\/types\/page"}],"author":[{"embeddable":true,"href":"https:\/\/pistonaddict.com\/pt-pt\/wp-json\/wp\/v2\/users\/1"}],"replies":[{"embeddable":true,"href":"https:\/\/pistonaddict.com\/pt-pt\/wp-json\/wp\/v2\/comments?post=2971"}],"version-history":[{"count":2,"href":"https:\/\/pistonaddict.com\/pt-pt\/wp-json\/wp\/v2\/pages\/2971\/revisions"}],"predecessor-version":[{"id":4205,"href":"https:\/\/pistonaddict.com\/pt-pt\/wp-json\/wp\/v2\/pages\/2971\/revisions\/4205"}],"wp:attachment":[{"href":"https:\/\/pistonaddict.com\/pt-pt\/wp-json\/wp\/v2\/media?parent=2971"}],"curies":[{"name":"wp","href":"https:\/\/api.w.org\/{rel}","templated":true}]}}