{"id":2707,"date":"2022-04-29T11:18:33","date_gmt":"2022-04-29T09:18:33","guid":{"rendered":"https:\/\/pistonaddict.com\/legal\/"},"modified":"2024-10-26T08:17:36","modified_gmt":"2024-10-26T06:17:36","slug":"legal","status":"publish","type":"page","link":"https:\/\/pistonaddict.com\/pt-pt\/legal\/","title":{"rendered":"Aviso legal"},"content":{"rendered":"\t\t<div data-elementor-type=\"wp-page\" data-elementor-id=\"2707\" class=\"elementor elementor-2707 elementor-2848\">\n\t\t\t\t\t\t<section class=\"elementor-section elementor-top-section elementor-element elementor-element-4eb0e23 elementor-section-boxed elementor-section-height-default elementor-section-height-default\" data-id=\"4eb0e23\" data-element_type=\"section\">\n\t\t\t\t\t\t<div class=\"elementor-container elementor-column-gap-default\">\n\t\t\t\t\t<div class=\"elementor-column elementor-col-100 elementor-top-column elementor-element elementor-element-229cbe5\" data-id=\"229cbe5\" data-element_type=\"column\">\n\t\t\t<div class=\"elementor-widget-wrap elementor-element-populated\">\n\t\t\t\t\t\t<div class=\"elementor-element elementor-element-2af4966 elementor-widget elementor-widget-text-editor\" data-id=\"2af4966\" data-element_type=\"widget\" data-widget_type=\"text-editor.default\">\n\t\t\t\t<div class=\"elementor-widget-container\">\n\t\t\t<style>\/*! elementor - v3.21.0 - 18-04-2024 *\/\n.elementor-widget-text-editor.elementor-drop-cap-view-stacked .elementor-drop-cap{background-color:#69727d;color:#fff}.elementor-widget-text-editor.elementor-drop-cap-view-framed .elementor-drop-cap{color:#69727d;border:3px solid;background-color:transparent}.elementor-widget-text-editor:not(.elementor-drop-cap-view-default) .elementor-drop-cap{margin-top:8px}.elementor-widget-text-editor:not(.elementor-drop-cap-view-default) .elementor-drop-cap-letter{width:1em;height:1em}.elementor-widget-text-editor .elementor-drop-cap{float:left;text-align:center;line-height:1;font-size:50px}.elementor-widget-text-editor .elementor-drop-cap-letter{display:inline-block}<\/style>\t\t\t\t<h2><strong>APRESENTA\u00c7\u00c3O DO WEBSITE<\/strong><\/h2>\n<p>Nos termos do artigo 6 da lei n.\u00ba 2004-575, de 21 de junho de 2004, sobre a confian\u00e7a na economia digital e em aplica\u00e7\u00e3o do <strong>Regulamento<\/strong> <strong>Geral de Prote\u00e7\u00e3o de Dados<\/strong> [Regulamento (UE) 2016\/679], \u00e9 especificado aos utilizadores do site: https:\/\/www.pistonaddict.com, a identidade das v\u00e1rias partes interessadas no contexto da sua realiza\u00e7\u00e3o e do seu acompanhamento.<\/p>\n<ul>\n<li><strong>Propriet\u00e1rio:<\/strong> <strong>Viciado em Pist\u00e3o SA<\/strong><\/li>\n<li>SA com um capital social de 400 000 CHF<\/li>\n<li>N\u00famero IDE: CHE-354.351.695<\/li>\n<li>N\u00famero de IVA: CHE-354.351.695TVA e EU528667635 (N\u00famero OSS n\u00e3o UE)<\/li>\n<li>Escrit\u00f3rio : Rue Alexandre Gavard 16, 1227 Carouge,&nbsp; Su\u00ed\u00e7a<\/li>\n<li>Telefone : 00 41 22 342 03 55<\/li>\n<\/ul>\n<ul>\n<li><strong>Criador\/Webmaster: KUBIWEB<\/strong><\/li>\n<li>SAS com um capital social de 21 320 euros<\/li>\n<li>N\u00famero SIRET: 53018964600025<\/li>\n<li>Sede central: 46-48 Chemin de la Bruy\u00e8re &#8211; 69570 DARDILLY<\/li>\n<\/ul>\n<ul>\n<li><strong>Anfitri\u00e3o: HOSTINGER<\/strong><\/li>\n<li>Sede central: HOSTINGER INTERNATIONAL LTD, 61 Lordou Vironos Street, 6023 Larnaca, Chipre<\/li>\n<li>Contacto: <a href=\"https:\/\/www.hostinger.fr\/contact\" target=\"_blank\" rel=\"noopener\">https:\/\/www.hostinger.fr\/contact<\/a><\/li>\n<\/ul>\n\n<ul>\n<li>E-mail : <a href=\"https:\/\/pistonaddict.com\/pt-pt\/contacte-nos\/\">Formul\u00e1rio de contacto<\/a><\/li>\n<\/ul>\n<p>As actividades da Piston Addict decorrem em todo o mundo, com especial incid\u00eancia na Europa, exceto no Reino Unido e na Irlanda.&nbsp;<\/p>\n<p><\/p>\n<h2><strong>CONDI\u00c7\u00d5ES GERAIS DE UTILIZA\u00c7\u00c3O DO SITE E DOS SERVI\u00c7OS OFERECIDOS<\/strong><\/h2>\n<p>A utiliza\u00e7\u00e3o do site https:\/\/www.pistonaddict.com implica a aceita\u00e7\u00e3o total das condi\u00e7\u00f5es gerais de utiliza\u00e7\u00e3o descritas abaixo. Estas condi\u00e7\u00f5es de utiliza\u00e7\u00e3o podem ser modificadas ou complementadas em qualquer altura, os utilizadores do s\u00edtio https:\/\/www.pistonaddict.com s\u00e3o portanto convidados a consult\u00e1-las regularmente.<\/p>\n<p>Este site \u00e9 normalmente acess\u00edvel aos utilizadores em qualquer altura. Uma interrup\u00e7\u00e3o devido a manuten\u00e7\u00e3o t\u00e9cnica pode, no entanto, ser decidida por <strong>Piston Addict<\/strong>, que se esfor\u00e7ar\u00e1 ent\u00e3o por comunicar aos utilizadores antes das datas e horas da interven\u00e7\u00e3o.<\/p>\n<p>O site https:\/\/www.pistonaddict.com \u00e9 actualizado regularmente por <strong>Piston Addict<\/strong>. Da mesma forma, os avisos legais podem ser modificados em qualquer altura: imp\u00f5em-se, no entanto, ao utilizador que \u00e9 convidado a consult\u00e1-los com a maior frequ\u00eancia poss\u00edvel, a fim de se familiarizar com eles.<\/p>\n<h2>&nbsp;<\/h2>\n<h2><strong>DESCRI\u00c7\u00c3O DOS SERVI\u00c7OS PRESTADOS<\/strong><\/h2>\n<p>O objectivo do site https:\/\/www.pistonaddict.com \u00e9 fornecer informa\u00e7\u00f5es relativas a todas as actividades da empresa. <strong>Piston Addict<\/strong> esfor\u00e7a-se por fornecer informa\u00e7\u00f5es no site https:\/\/www.pistonaddict.com que sejam t\u00e3o precisas quanto poss\u00edvel.<\/p>\n<p>Contudo, n\u00e3o pode ser considerada respons\u00e1vel por omiss\u00f5es, imprecis\u00f5es e defici\u00eancias na actualiza\u00e7\u00e3o, quer por si mesma, quer pelos parceiros terceiros que lhe fornecem estas informa\u00e7\u00f5es.<\/p>\n<p>Todas as informa\u00e7\u00f5es indicadas no s\u00edtio https:\/\/www.pistonaddict.com s\u00e3o dadas a t\u00edtulo indicativo, e \u00e9 prov\u00e1vel que evoluam. Al\u00e9m disso, a informa\u00e7\u00e3o no site https:\/\/www.pistonaddict.com n\u00e3o \u00e9 exaustiva. S\u00e3o dados sujeitos a modifica\u00e7\u00f5es desde que foram colocados em linha.<\/p>\n<h2>&nbsp;<\/h2>\n<h2><strong>LIMITA\u00c7\u00d5ES CONTRATUAIS SOBRE DADOS T\u00c9CNICOS<\/strong><\/h2>\n<p>O site utiliza tecnologia JavaScript.<\/p>\n<p>O site n\u00e3o pode ser responsabilizado por danos materiais relacionados com a utiliza\u00e7\u00e3o do site. Al\u00e9m disso, o utilizador do site concorda em aceder ao site utilizando equipamento recente, n\u00e3o contendo v\u00edrus e com um navegador de \u00faltima gera\u00e7\u00e3o actualizado.<\/p>\n<h2>&nbsp;<\/h2>\n<h2><strong>PROPRIEDADE INTELECTUAL E INFRAC\u00c7\u00d5ES<\/strong><\/h2>\n<p><strong>Piston Addict<\/strong> \u00e9 o propriet\u00e1rio dos direitos de propriedade intelectual ou det\u00e9m os direitos de utiliza\u00e7\u00e3o de todos os elementos acess\u00edveis no site, em particular os textos, imagens, gr\u00e1ficos, logotipo, \u00edcones, sons, software.<\/p>\n<p>\u00c9 proibida qualquer reprodu\u00e7\u00e3o, representa\u00e7\u00e3o, modifica\u00e7\u00e3o, publica\u00e7\u00e3o, adapta\u00e7\u00e3o de todos ou parte dos elementos do site, qualquer que seja o meio ou processo utilizado, excepto com a autoriza\u00e7\u00e3o pr\u00e9via por escrito do <strong>viciado em Piston<\/strong>.<\/p>\n<p>Qualquer utiliza\u00e7\u00e3o n\u00e3o autorizada do s\u00edtio ou de qualquer dos elementos nele contidos ser\u00e1 considerada como constituindo uma infrac\u00e7\u00e3o e processada de acordo com as disposi\u00e7\u00f5es dos artigos L.335-2 e seguintes do C\u00f3digo da Propriedade Intelectual.<\/p>\n<h2>&nbsp;<\/h2>\n<h2><strong>LIMITA\u00c7\u00d5ES DE RESPONSABILIDADE<\/strong><\/h2>\n<p><strong>A Piston Addict<\/strong> n\u00e3o pode ser responsabilizada por danos diretos ou indirectos causados ao equipamento do utilizador, ao aceder ao site https:\/\/www.pistonaddict.com, e resultantes quer da utiliza\u00e7\u00e3o de equipamento que n\u00e3o cumpra as especifica\u00e7\u00f5es indicadas no ponto 4, quer do aparecimento de um bug ou de uma incompatibilidade.<\/p>\n<p>O <strong>viciado em pist\u00e3o<\/strong> tamb\u00e9m n\u00e3o pode ser responsabilizado por danos consequentes (tais como perda de mercado ou perda de oportunidade) resultantes da utiliza\u00e7\u00e3o do site https:\/\/www.pistonaddict.com. Espa\u00e7os interactivos (possibilidade de fazer perguntas no espa\u00e7o de contacto) est\u00e3o dispon\u00edveis para os utilizadores.<\/p>\n<p><strong>Piston Addict<\/strong> reserva-se o direito de eliminar, sem aviso pr\u00e9vio, qualquer conte\u00fado publicado neste espa\u00e7o que viole a legisla\u00e7\u00e3o aplic\u00e1vel em Fran\u00e7a, em particular as disposi\u00e7\u00f5es relativas \u00e0 protec\u00e7\u00e3o de dados.<\/p>\n<p>Quando aplic\u00e1vel, <strong>Piston Addict<\/strong> reserva-se tamb\u00e9m o direito de questionar a responsabilidade civil e\/ou criminal do utilizador, em particular em caso de mensagem racista, abusiva, difamat\u00f3ria ou pornogr\u00e1fica, independentemente do meio utilizado (texto, fotografia, etc.).<\/p>\n<h2>&nbsp;<\/h2>\n<h2><strong>GEST\u00c3O DE DADOS PESSOAIS<\/strong><\/h2>\n<p>Em Fran\u00e7a, os dados pessoais s\u00e3o nomeadamente protegidos pela lei n\u00b0 78-87 de 6 de Janeiro de 1978, lei n\u00b0 2004-801 de 6 de Agosto de 2004, artigo L. 226-13 do C\u00f3digo Penal e pela Directiva Europeia de 24 de Outubro de 1995 e pelo Regulamento (UE) 2016\/679 do Parlamento Europeu e do Conselho de 27 de Abril de 2016.<\/p>\n<p>Ao utilizar o s\u00edtio https:\/\/www.pistonaddict.com, podem ser recolhidos os seguintes dados: o URL das liga\u00e7\u00f5es atrav\u00e9s das quais o utilizador acedeu ao s\u00edtio https:\/\/www.pistonaddict.com , o ISP do utilizador, o endere\u00e7o IP (Internet Protocol) do utilizador.<\/p>\n<p>Em qualquer caso, <strong>Piston Addict<\/strong> apenas recolhe informa\u00e7\u00f5es pessoais relacionadas com o utilizador para a necessidade de certos servi\u00e7os oferecidos pelo site https:\/\/www.pistonaddict.com.<\/p>\n<p>O utilizador fornece esta informa\u00e7\u00e3o com pleno conhecimento dos factos, em particular quando ele pr\u00f3prio a introduz. \u00c9 ent\u00e3o especificada ao utilizador do s\u00edtio https:\/\/www.pistonaddict.com a obriga\u00e7\u00e3o ou n\u00e3o de fornecer esta informa\u00e7\u00e3o. Em conformidade com o disposto nos artigos 38 e seguintes da lei 78-17 de 6 de Janeiro de 1978 relativa ao tratamento de dados, ficheiros e liberdades, bem como com o disposto no cap\u00edtulo 3 do Regulamento Geral sobre a Protec\u00e7\u00e3o de Dados, todos os utilizadores t\u00eam direito de acesso, rectifica\u00e7\u00e3o e oposi\u00e7\u00e3o aos dados pessoais que lhes digam respeito, mediante pedido escrito e assinado, acompanhado de uma c\u00f3pia do documento de identidade com assinatura do titular do documento, especificando o endere\u00e7o para o qual a resposta deve ser enviada.<\/p>\n<p>Nenhuma informa\u00e7\u00e3o pessoal do utilizador do s\u00edtio https:\/\/www.pistonaddict.com \u00e9 publicada sem o conhecimento do utilizador, trocada, transferida, cedida ou vendida em qualquer meio a terceiros.<\/p>\n<p>Apenas a assun\u00e7\u00e3o do resgate do <strong>Viciado em Pist\u00e3o<\/strong> e dos seus direitos permitiria a transmiss\u00e3o de tais informa\u00e7\u00f5es ao potencial comprador que, por sua vez, estaria vinculado \u00e0 mesma obriga\u00e7\u00e3o de armazenar e modificar dados com respeito ao utilizador do site. https:\/\/www.pistonaddict.com.<\/p>\n<p>O s\u00edtio n\u00e3o \u00e9 declarado \u00e0 CNIL porque n\u00e3o recolhe informa\u00e7\u00f5es pessoais sem o consentimento das pessoas envolvidas. As bases de dados s\u00e3o protegidas pelas disposi\u00e7\u00f5es da lei de 1 de Julho de 1998 que transp\u00f5e a Directiva 96\/9 de 11 de Mar\u00e7o de 1996 relativa \u00e0 protec\u00e7\u00e3o jur\u00eddica das bases de dados.<\/p>\n<p><span lang=\"en\">Para exercer os seus direitos sobre os seus dados pessoais ou em caso de d\u00favidas sobre os mesmos, pode contactar o nosso respons\u00e1vel pela prote\u00e7\u00e3o de dados atrav\u00e9s do seguinte endere\u00e7o: dpo@pistonaddict.com.<\/span><\/p>\n<h2>&nbsp;<\/h2>\n<h2><strong>LIGA\u00c7\u00d5ES DE HIPERTEXTO E COOKIES<\/strong><\/h2>\n<p>O site https:\/\/www.pistonaddict.com cont\u00e9m um certo n\u00famero de links de hipertexto para outros sites, criados com a autoriza\u00e7\u00e3o do <strong>Viciado em Pist\u00e3o<\/strong>. No entanto, <strong>Piston Addict<\/strong> n\u00e3o tem a possibilidade de verificar o conte\u00fado dos s\u00edtios assim visitados, e por isso n\u00e3o assume qualquer responsabilidade por este facto.<\/p>\n<p>A navega\u00e7\u00e3o no site https:\/\/www.pistonaddict.com \u00e9 suscept\u00edvel de provocar a instala\u00e7\u00e3o de cookie(s) no computador do utilizador. Um cookie \u00e9 um pequeno ficheiro, que n\u00e3o permite a identifica\u00e7\u00e3o do utilizador, mas que regista informa\u00e7\u00f5es relacionadas com a navega\u00e7\u00e3o de um computador num s\u00edtio.<\/p>\n<p>Os dados assim obtidos destinam-se a facilitar a navega\u00e7\u00e3o subsequente no site, e destinam-se tamb\u00e9m a permitir v\u00e1rias medidas de assist\u00eancia.<\/p>\n<p>A recusa de instalar um cookie pode tornar imposs\u00edvel o acesso a determinados servi\u00e7os. No entanto, o utilizador pode configurar o seu computador da seguinte forma para recusar a instala\u00e7\u00e3o de cookies:<\/p>\n<ul>\n<li>Sob Internet Explorer: separador de ferramentas (pictograma sob a forma de uma engrenagem no canto superior direito) \/ op\u00e7\u00f5es de Internet. Clique em Privacidade e escolha Bloquear todos os cookies. Validar em Ok.<\/li>\n<li>Sob Firefox: no topo da janela do navegador, clique no bot\u00e3o Firefox, depois v\u00e1 para o separador Op\u00e7\u00f5es. Clique no separador Privacidade. Definir as regras de Reten\u00e7\u00e3o para: utilizar configura\u00e7\u00f5es personalizadas para hist\u00f3rico. Finalmente, desmarc\u00e1-lo para desactivar os cookies.<\/li>\n<li>Sob Safari: Clique na parte superior direita do navegador no \u00edcone do menu (simbolizado por uma engrenagem). Seleccionar Defini\u00e7\u00f5es. Clique em Mostrar configura\u00e7\u00f5es avan\u00e7adas. Na sec\u00e7\u00e3o &#8220;Privacidade&#8221;, clicar em Defini\u00e7\u00f5es de conte\u00fado. Na sec\u00e7\u00e3o &#8220;Cookies&#8221;, pode bloquear os cookies.<\/li>\n<li>Em Cr\u00f3mio: Clique na parte superior direita do navegador no \u00edcone do menu (simbolizado por tr\u00eas linhas horizontais). Seleccionar Defini\u00e7\u00f5es. Clique em Mostrar configura\u00e7\u00f5es avan\u00e7adas. Na sec\u00e7\u00e3o &#8220;Privacidade&#8221;, clicar em prefer\u00eancias. No separador &#8220;Privacidade&#8221;, pode bloquear os cookies.<\/li>\n<\/ul>\n<h2>&nbsp;<\/h2>\n<h2><strong>LEI APLIC\u00c1VEL E ATRIBUI\u00c7\u00c3O DE JURISDI\u00c7\u00c3O<\/strong><\/h2>\n<p>Qualquer lit\u00edgio relacionado com a utiliza\u00e7\u00e3o do site https:\/\/www.pistonaddict.com est\u00e1 sujeito \u00e0 lei da Su\u00ed\u00e7a. A jurisdi\u00e7\u00e3o exclusiva \u00e9 dada aos tribunais competentes de Genebra.<\/p>\n<h2>&nbsp;<\/h2>\n<h2><strong>AS PRINCIPAIS LEIS EM CAUSA<\/strong><\/h2>\n<p>Lei n\u00b0 78-87 de 6 de Janeiro de 1978, nomeadamente alterada pela lei n\u00b0 2004-801 de 6 de Agosto de 2004 relativa ao tratamento de dados, ficheiros e liberdades. Lei n\u00b0 2004-575 de 21 de Junho de 2004 para a confian\u00e7a na economia digital. Sec\u00e7\u00f5es 2, 3, 4 e 5 do Cap\u00edtulo 3 do Regulamento Geral de Protec\u00e7\u00e3o de Dados.<\/p>\n<h2>&nbsp;<\/h2>\n<h2><strong>LEXICON<\/strong><\/h2>\n<p>Utilizador: Utilizador da Internet a ligar-se, utilizando o s\u00edtio acima mencionado.<\/p>\n<p>Informa\u00e7\u00e3o pessoal: &#8220;informa\u00e7\u00f5es que permitem, sob qualquer forma, directa ou indirectamente, a identifica\u00e7\u00e3o das pessoas singulares \u00e0s quais se aplica&#8221; (artigo 4 da lei n\u00b0 78-17 de 6 de Janeiro de 1978).<\/p>\n<h2>&nbsp;<\/h2>\n<h2>COPYRIGHT<\/h2>\n<p><a title=\"\u00edcones chave\" href=\"https:\/\/www.flaticon.com\/free-icons\/key\">\u00cdcones chave criados pela Good Ware &#8211; Flaticon<br><\/a><\/p>\n<p><strong>Piston Addict<\/strong> \u00e9 uma marca registada, todos os direitos reservados.<\/p>\t\t\t\t\t\t<\/div>\n\t\t\t\t<\/div>\n\t\t\t\t\t<\/div>\n\t\t<\/div>\n\t\t\t\t\t<\/div>\n\t\t<\/section>\n\t\t\t\t<\/div>\n\t\t","protected":false},"excerpt":{"rendered":"<p>APRESENTA\u00c7\u00c3O DO WEBSITE Nos termos do artigo 6 da lei n.\u00ba 2004-575, de 21 de junho de 2004, sobre a confian\u00e7a na economia digital e em aplica\u00e7\u00e3o do Regulamento Geral de Prote\u00e7\u00e3o de Dados [Regulamento (UE) 2016\/679], \u00e9 especificado aos utilizadores do site: https:\/\/www.pistonaddict.com, a identidade das v\u00e1rias partes interessadas no contexto da sua realiza\u00e7\u00e3o &#8230; <a title=\"Aviso legal\" class=\"read-more\" href=\"https:\/\/pistonaddict.com\/pt-pt\/legal\/\">Leia mais<span class=\"screen-reader-text\">Aviso legal<\/span><\/a><\/p>\n","protected":false},"author":1,"featured_media":0,"parent":0,"menu_order":0,"comment_status":"closed","ping_status":"closed","template":"","meta":{"inline_featured_image":false,"footnotes":""},"acf":[],"yoast_head":"<!-- This site is optimized with the Yoast SEO plugin v22.5 - https:\/\/yoast.com\/wordpress\/plugins\/seo\/ -->\n<title>Aviso legal Piston Addict - t\u00edtulo<\/title>\n<meta name=\"robots\" content=\"index, follow, max-snippet:-1, max-image-preview:large, max-video-preview:-1\" \/>\n<link rel=\"canonical\" href=\"https:\/\/pistonaddict.com\/pt-pt\/legal\/\" \/>\n<meta property=\"og:locale\" content=\"pt_PT\" \/>\n<meta property=\"og:type\" content=\"article\" \/>\n<meta property=\"og:title\" content=\"Aviso legal Piston Addict - t\u00edtulo\" \/>\n<meta property=\"og:description\" content=\"APRESENTA\u00c7\u00c3O DO WEBSITE Nos termos do artigo 6 da lei n.\u00ba 2004-575, de 21 de junho de 2004, sobre a confian\u00e7a na economia digital e em aplica\u00e7\u00e3o do Regulamento Geral de Prote\u00e7\u00e3o de Dados [Regulamento (UE) 2016\/679], \u00e9 especificado aos utilizadores do site: https:\/\/www.pistonaddict.com, a identidade das v\u00e1rias partes interessadas no contexto da sua realiza\u00e7\u00e3o ... Leia maisAviso legal\" \/>\n<meta property=\"og:url\" content=\"https:\/\/pistonaddict.com\/pt-pt\/legal\/\" \/>\n<meta property=\"og:site_name\" content=\"Piston Addict\" \/>\n<meta property=\"article:modified_time\" content=\"2024-10-26T06:17:36+00:00\" \/>\n<meta name=\"twitter:card\" content=\"summary_large_image\" \/>\n<meta name=\"twitter:label1\" content=\"Tempo estimado de leitura\" \/>\n\t<meta name=\"twitter:data1\" content=\"9 minutos\" \/>\n<script type=\"application\/ld+json\" class=\"yoast-schema-graph\">{\"@context\":\"https:\/\/schema.org\",\"@graph\":[{\"@type\":\"WebPage\",\"@id\":\"https:\/\/pistonaddict.com\/pt-pt\/legal\/\",\"url\":\"https:\/\/pistonaddict.com\/pt-pt\/legal\/\",\"name\":\"Aviso legal Piston Addict - t\u00edtulo\",\"isPartOf\":{\"@id\":\"https:\/\/pistonaddict.com\/pt-pt\/#website\"},\"datePublished\":\"2022-04-29T09:18:33+00:00\",\"dateModified\":\"2024-10-26T06:17:36+00:00\",\"breadcrumb\":{\"@id\":\"https:\/\/pistonaddict.com\/pt-pt\/legal\/#breadcrumb\"},\"inLanguage\":\"pt-PT\",\"potentialAction\":[{\"@type\":\"ReadAction\",\"target\":[\"https:\/\/pistonaddict.com\/pt-pt\/legal\/\"]}]},{\"@type\":\"BreadcrumbList\",\"@id\":\"https:\/\/pistonaddict.com\/pt-pt\/legal\/#breadcrumb\",\"itemListElement\":[{\"@type\":\"ListItem\",\"position\":1,\"name\":\"Rece\u00e7\u00e3o\",\"item\":\"https:\/\/pistonaddict.com\/pt-pt\/pagina-inicial\/\"},{\"@type\":\"ListItem\",\"position\":2,\"name\":\"Aviso legal\"}]},{\"@type\":\"WebSite\",\"@id\":\"https:\/\/pistonaddict.com\/pt-pt\/#website\",\"url\":\"https:\/\/pistonaddict.com\/pt-pt\/\",\"name\":\"Piston Addict\",\"description\":\"Only interesting vehicles\",\"publisher\":{\"@id\":\"https:\/\/pistonaddict.com\/pt-pt\/#organization\"},\"potentialAction\":[{\"@type\":\"SearchAction\",\"target\":{\"@type\":\"EntryPoint\",\"urlTemplate\":\"https:\/\/pistonaddict.com\/pt-pt\/?s={search_term_string}\"},\"query-input\":\"required name=search_term_string\"}],\"inLanguage\":\"pt-PT\"},{\"@type\":\"Organization\",\"@id\":\"https:\/\/pistonaddict.com\/pt-pt\/#organization\",\"name\":\"Piston Addict\",\"url\":\"https:\/\/pistonaddict.com\/pt-pt\/\",\"logo\":{\"@type\":\"ImageObject\",\"inLanguage\":\"pt-PT\",\"@id\":\"https:\/\/pistonaddict.com\/pt-pt\/#\/schema\/logo\/image\/\",\"url\":\"https:\/\/pistonaddict.com\/wp-content\/uploads\/2022\/07\/logo-6.png\",\"contentUrl\":\"https:\/\/pistonaddict.com\/wp-content\/uploads\/2022\/07\/logo-6.png\",\"width\":970,\"height\":200,\"caption\":\"Piston Addict\"},\"image\":{\"@id\":\"https:\/\/pistonaddict.com\/pt-pt\/#\/schema\/logo\/image\/\"}}]}<\/script>\n<!-- \/ Yoast SEO plugin. -->","yoast_head_json":{"title":"Aviso legal Piston Addict - t\u00edtulo","robots":{"index":"index","follow":"follow","max-snippet":"max-snippet:-1","max-image-preview":"max-image-preview:large","max-video-preview":"max-video-preview:-1"},"canonical":"https:\/\/pistonaddict.com\/pt-pt\/legal\/","og_locale":"pt_PT","og_type":"article","og_title":"Aviso legal Piston Addict - t\u00edtulo","og_description":"APRESENTA\u00c7\u00c3O DO WEBSITE Nos termos do artigo 6 da lei n.\u00ba 2004-575, de 21 de junho de 2004, sobre a confian\u00e7a na economia digital e em aplica\u00e7\u00e3o do Regulamento Geral de Prote\u00e7\u00e3o de Dados [Regulamento (UE) 2016\/679], \u00e9 especificado aos utilizadores do site: https:\/\/www.pistonaddict.com, a identidade das v\u00e1rias partes interessadas no contexto da sua realiza\u00e7\u00e3o ... Leia maisAviso legal","og_url":"https:\/\/pistonaddict.com\/pt-pt\/legal\/","og_site_name":"Piston Addict","article_modified_time":"2024-10-26T06:17:36+00:00","twitter_card":"summary_large_image","twitter_misc":{"Tempo estimado de leitura":"9 minutos"},"schema":{"@context":"https:\/\/schema.org","@graph":[{"@type":"WebPage","@id":"https:\/\/pistonaddict.com\/pt-pt\/legal\/","url":"https:\/\/pistonaddict.com\/pt-pt\/legal\/","name":"Aviso legal Piston Addict - t\u00edtulo","isPartOf":{"@id":"https:\/\/pistonaddict.com\/pt-pt\/#website"},"datePublished":"2022-04-29T09:18:33+00:00","dateModified":"2024-10-26T06:17:36+00:00","breadcrumb":{"@id":"https:\/\/pistonaddict.com\/pt-pt\/legal\/#breadcrumb"},"inLanguage":"pt-PT","potentialAction":[{"@type":"ReadAction","target":["https:\/\/pistonaddict.com\/pt-pt\/legal\/"]}]},{"@type":"BreadcrumbList","@id":"https:\/\/pistonaddict.com\/pt-pt\/legal\/#breadcrumb","itemListElement":[{"@type":"ListItem","position":1,"name":"Rece\u00e7\u00e3o","item":"https:\/\/pistonaddict.com\/pt-pt\/pagina-inicial\/"},{"@type":"ListItem","position":2,"name":"Aviso legal"}]},{"@type":"WebSite","@id":"https:\/\/pistonaddict.com\/pt-pt\/#website","url":"https:\/\/pistonaddict.com\/pt-pt\/","name":"Piston Addict","description":"Only interesting vehicles","publisher":{"@id":"https:\/\/pistonaddict.com\/pt-pt\/#organization"},"potentialAction":[{"@type":"SearchAction","target":{"@type":"EntryPoint","urlTemplate":"https:\/\/pistonaddict.com\/pt-pt\/?s={search_term_string}"},"query-input":"required name=search_term_string"}],"inLanguage":"pt-PT"},{"@type":"Organization","@id":"https:\/\/pistonaddict.com\/pt-pt\/#organization","name":"Piston Addict","url":"https:\/\/pistonaddict.com\/pt-pt\/","logo":{"@type":"ImageObject","inLanguage":"pt-PT","@id":"https:\/\/pistonaddict.com\/pt-pt\/#\/schema\/logo\/image\/","url":"https:\/\/pistonaddict.com\/wp-content\/uploads\/2022\/07\/logo-6.png","contentUrl":"https:\/\/pistonaddict.com\/wp-content\/uploads\/2022\/07\/logo-6.png","width":970,"height":200,"caption":"Piston Addict"},"image":{"@id":"https:\/\/pistonaddict.com\/pt-pt\/#\/schema\/logo\/image\/"}}]}},"_links":{"self":[{"href":"https:\/\/pistonaddict.com\/pt-pt\/wp-json\/wp\/v2\/pages\/2707"}],"collection":[{"href":"https:\/\/pistonaddict.com\/pt-pt\/wp-json\/wp\/v2\/pages"}],"about":[{"href":"https:\/\/pistonaddict.com\/pt-pt\/wp-json\/wp\/v2\/types\/page"}],"author":[{"embeddable":true,"href":"https:\/\/pistonaddict.com\/pt-pt\/wp-json\/wp\/v2\/users\/1"}],"replies":[{"embeddable":true,"href":"https:\/\/pistonaddict.com\/pt-pt\/wp-json\/wp\/v2\/comments?post=2707"}],"version-history":[{"count":15,"href":"https:\/\/pistonaddict.com\/pt-pt\/wp-json\/wp\/v2\/pages\/2707\/revisions"}],"predecessor-version":[{"id":111612,"href":"https:\/\/pistonaddict.com\/pt-pt\/wp-json\/wp\/v2\/pages\/2707\/revisions\/111612"}],"wp:attachment":[{"href":"https:\/\/pistonaddict.com\/pt-pt\/wp-json\/wp\/v2\/media?parent=2707"}],"curies":[{"name":"wp","href":"https:\/\/api.w.org\/{rel}","templated":true}]}}