{"id":26239,"date":"2022-04-29T11:20:06","date_gmt":"2022-04-29T09:20:06","guid":{"rendered":"https:\/\/pistonaddict.com\/regras-de-comentario\/"},"modified":"2023-02-05T11:11:46","modified_gmt":"2023-02-05T10:11:46","slug":"regras-de-comentario","status":"publish","type":"page","link":"https:\/\/pistonaddict.com\/pt-pt\/regras-de-comentario\/","title":{"rendered":"Regras de Coment\u00e1rio"},"content":{"rendered":"\t\t<div data-elementor-type=\"wp-page\" data-elementor-id=\"26239\" class=\"elementor elementor-26239 elementor-3043\">\n\t\t\t\t\t\t<section class=\"elementor-section elementor-top-section elementor-element elementor-element-01b8fa5 elementor-section-boxed elementor-section-height-default elementor-section-height-default\" data-id=\"01b8fa5\" data-element_type=\"section\">\n\t\t\t\t\t\t<div class=\"elementor-container elementor-column-gap-default\">\n\t\t\t\t\t<div class=\"elementor-column elementor-col-100 elementor-top-column elementor-element elementor-element-19e2c1c\" data-id=\"19e2c1c\" data-element_type=\"column\">\n\t\t\t<div class=\"elementor-widget-wrap elementor-element-populated\">\n\t\t\t\t\t\t<div class=\"elementor-element elementor-element-9413b6d elementor-widget elementor-widget-text-editor\" data-id=\"9413b6d\" data-element_type=\"widget\" data-widget_type=\"text-editor.default\">\n\t\t\t\t<div class=\"elementor-widget-container\">\n\t\t\t<style>\/*! elementor - v3.21.0 - 18-04-2024 *\/\n.elementor-widget-text-editor.elementor-drop-cap-view-stacked .elementor-drop-cap{background-color:#69727d;color:#fff}.elementor-widget-text-editor.elementor-drop-cap-view-framed .elementor-drop-cap{color:#69727d;border:3px solid;background-color:transparent}.elementor-widget-text-editor:not(.elementor-drop-cap-view-default) .elementor-drop-cap{margin-top:8px}.elementor-widget-text-editor:not(.elementor-drop-cap-view-default) .elementor-drop-cap-letter{width:1em;height:1em}.elementor-widget-text-editor .elementor-drop-cap{float:left;text-align:center;line-height:1;font-size:50px}.elementor-widget-text-editor .elementor-drop-cap-letter{display:inline-block}<\/style>\t\t\t\t<\/p>\n<h2> <\/h2>\n<h2>Regra 1. Ser construtivo e n\u00e3o negativo<\/h2>\n<p>\u00c9 mais f\u00e1cil dizer que n\u00e3o se gosta de algo, e por vezes pode ser justificado. Por outro lado, \u00e9 mais valioso dizer como se pode melhor\u00e1-lo, o valor real \u00e9 acrescentado quando se pode especificar o que est\u00e1 errado e como embelez\u00e1-lo.<\/p>\n<h2> <\/h2>\n<h2>Regra 2. A experi\u00eancia ganha<\/h2>\n<p>Outros leitores preocupam-se muito mais com a sua opini\u00e3o se ela prov\u00e9m de experi\u00eancia relevante. Se conhece a hist\u00f3ria de um determinado ve\u00edculo, ou muito sobre a marca ou modelo em particular, \u00e9 muito mais prov\u00e1vel que seja interessante.<\/p>\n<h2> <\/h2>\n<h2>Regra 3. Falar de carros, n\u00e3o de outros<\/h2>\n<p>Todos t\u00eam o direito de ter uma opini\u00e3o, mesmo que n\u00e3o concordem com ela. As cr\u00edticas ao car\u00e1cter, gosto ou natureza geral dos outros membros n\u00e3o t\u00eam lugar.<\/p>\n<h2> <\/h2>\n<h2>Regra 4. O mercado estabelece o pre\u00e7o<\/h2>\n<p>Piston Addict \u00e9 um mercado livre onde o vendedor e o comprador determinam o pre\u00e7o, por isso dizer que algo \u00e9 demasiado caro ou demasiado barato n\u00e3o significa nada. Um item vale o que algu\u00e9m est\u00e1 disposto a pagar.<\/p>\n<h2> <\/h2>\n<h2>Regra 5. Se n\u00e3o leu o resto dos coment\u00e1rios, n\u00e3o est\u00e1 preparado para deixar os seus.<\/h2>\n<p>\u00c9 o equivalente digital de ouvir antes de falar.<\/p>\n<h2> <\/h2>\n<h2>Regra 6. N\u00e3o \u00e9 permitida a compra, venda ou informa\u00e7\u00e3o de contacto na sec\u00e7\u00e3o de coment\u00e1rios<\/h2>\n<p>Se tiver um carro para venda, por favor, submeta-o atrav\u00e9s do formul\u00e1rio de submiss\u00e3o. Pedidos de compra, endere\u00e7os de e-mail e n\u00fameros de telefone publicados nos coment\u00e1rios  <br \/>ser\u00e1 apagado.<\/p>\n<h2> <\/h2>\n<h2>Regra 7. Todos s\u00e3o bem-vindos<\/h2>\n<p>Os nossos membros da comunidade s\u00e3o t\u00e3o diversos como a selec\u00e7\u00e3o de carros que listamos. N\u00e3o s\u00e3o permitidos coment\u00e1rios pol\u00edticos, mis\u00f3ginos ou homof\u00f3bicos.<\/p>\n<h2> <\/h2>\n<h2>Comentar a funcionalidade<\/h2>\n<p><strong>Modifica\u00e7\u00e3o de coment\u00e1rios:<\/strong> os coment\u00e1rios podem ser modificados pelo seu autor ap\u00f3s a sua publica\u00e7\u00e3o, sem limite de tempo. Clique na liga\u00e7\u00e3o vermelha &#8220;Editar&#8221; fornecida para o efeito.<\/p>\n<p><strong>Bandeira como N\u00e3o-Construtiva:<\/strong> Se um coment\u00e1rio violar as regras acima, por favor clique no link &#8220;Reportar&#8221; para que possa ser revisto ou removido. Revemos todos os coment\u00e1rios reportados e tomamos a decis\u00e3o final sobre se ser\u00e3o reintroduzidos ou removidos.<br \/>Queremos que a conversa neste site seja de qualidade.<\/p>\n<p><strong>Comentadores de primeira viagem: Todos os<\/strong> comentadores de <strong>primeira vez<\/strong> s\u00e3o moderados, e um coment\u00e1rio n\u00e3o ser\u00e1 publicado no site at\u00e9 que tenha sido revisto pelo pessoal da Piston Addict. Ap\u00f3s a publica\u00e7\u00e3o de um coment\u00e1rio pela primeira vez, estes j\u00e1 n\u00e3o ser\u00e3o moderados.<\/p>\n\t\t\t\t\t\t<\/div>\n\t\t\t\t<\/div>\n\t\t\t\t\t<\/div>\n\t\t<\/div>\n\t\t\t\t\t<\/div>\n\t\t<\/section>\n\t\t\t\t<\/div>\n\t\t","protected":false},"excerpt":{"rendered":"<p>Regra 1. Ser construtivo e n\u00e3o negativo \u00c9 mais f\u00e1cil dizer que n\u00e3o se gosta de algo, e por vezes pode ser justificado. Por outro lado, \u00e9 mais valioso dizer como se pode melhor\u00e1-lo, o valor real \u00e9 acrescentado quando se pode especificar o que est\u00e1 errado e como embelez\u00e1-lo. Regra 2. A experi\u00eancia ganha &#8230; <a title=\"Regras de Coment\u00e1rio\" class=\"read-more\" href=\"https:\/\/pistonaddict.com\/pt-pt\/regras-de-comentario\/\">Leia mais<span class=\"screen-reader-text\">Regras de Coment\u00e1rio<\/span><\/a><\/p>\n","protected":false},"author":1,"featured_media":0,"parent":0,"menu_order":0,"comment_status":"closed","ping_status":"closed","template":"","meta":{"inline_featured_image":false,"footnotes":""},"acf":[],"yoast_head":"<!-- This site is optimized with the Yoast SEO plugin v22.5 - https:\/\/yoast.com\/wordpress\/plugins\/seo\/ -->\n<title>Regras de Coment\u00e1rio Piston Addict - t\u00edtulo<\/title>\n<meta name=\"robots\" content=\"index, follow, max-snippet:-1, max-image-preview:large, max-video-preview:-1\" \/>\n<link rel=\"canonical\" href=\"https:\/\/pistonaddict.com\/pt-pt\/regras-de-comentario\/\" \/>\n<meta property=\"og:locale\" content=\"pt_PT\" \/>\n<meta property=\"og:type\" content=\"article\" \/>\n<meta property=\"og:title\" content=\"Regras de Coment\u00e1rio Piston Addict - t\u00edtulo\" \/>\n<meta property=\"og:description\" content=\"Regra 1. Ser construtivo e n\u00e3o negativo \u00c9 mais f\u00e1cil dizer que n\u00e3o se gosta de algo, e por vezes pode ser justificado. Por outro lado, \u00e9 mais valioso dizer como se pode melhor\u00e1-lo, o valor real \u00e9 acrescentado quando se pode especificar o que est\u00e1 errado e como embelez\u00e1-lo. Regra 2. A experi\u00eancia ganha ... Leia maisRegras de Coment\u00e1rio\" \/>\n<meta property=\"og:url\" content=\"https:\/\/pistonaddict.com\/pt-pt\/regras-de-comentario\/\" \/>\n<meta property=\"og:site_name\" content=\"Piston Addict\" \/>\n<meta property=\"article:modified_time\" content=\"2023-02-05T10:11:46+00:00\" \/>\n<meta name=\"twitter:card\" content=\"summary_large_image\" \/>\n<meta name=\"twitter:label1\" content=\"Tempo estimado de leitura\" \/>\n\t<meta name=\"twitter:data1\" content=\"2 minutos\" \/>\n<script type=\"application\/ld+json\" class=\"yoast-schema-graph\">{\"@context\":\"https:\/\/schema.org\",\"@graph\":[{\"@type\":\"WebPage\",\"@id\":\"https:\/\/pistonaddict.com\/pt-pt\/regras-de-comentario\/\",\"url\":\"https:\/\/pistonaddict.com\/pt-pt\/regras-de-comentario\/\",\"name\":\"Regras de Coment\u00e1rio Piston Addict - t\u00edtulo\",\"isPartOf\":{\"@id\":\"https:\/\/pistonaddict.com\/pt-pt\/#website\"},\"datePublished\":\"2022-04-29T09:20:06+00:00\",\"dateModified\":\"2023-02-05T10:11:46+00:00\",\"breadcrumb\":{\"@id\":\"https:\/\/pistonaddict.com\/pt-pt\/regras-de-comentario\/#breadcrumb\"},\"inLanguage\":\"pt-PT\",\"potentialAction\":[{\"@type\":\"ReadAction\",\"target\":[\"https:\/\/pistonaddict.com\/pt-pt\/regras-de-comentario\/\"]}]},{\"@type\":\"BreadcrumbList\",\"@id\":\"https:\/\/pistonaddict.com\/pt-pt\/regras-de-comentario\/#breadcrumb\",\"itemListElement\":[{\"@type\":\"ListItem\",\"position\":1,\"name\":\"Rece\u00e7\u00e3o\",\"item\":\"https:\/\/pistonaddict.com\/pt-pt\/pagina-inicial\/\"},{\"@type\":\"ListItem\",\"position\":2,\"name\":\"Regras de Coment\u00e1rio\"}]},{\"@type\":\"WebSite\",\"@id\":\"https:\/\/pistonaddict.com\/pt-pt\/#website\",\"url\":\"https:\/\/pistonaddict.com\/pt-pt\/\",\"name\":\"Piston Addict\",\"description\":\"Only interesting vehicles\",\"publisher\":{\"@id\":\"https:\/\/pistonaddict.com\/pt-pt\/#organization\"},\"potentialAction\":[{\"@type\":\"SearchAction\",\"target\":{\"@type\":\"EntryPoint\",\"urlTemplate\":\"https:\/\/pistonaddict.com\/pt-pt\/?s={search_term_string}\"},\"query-input\":\"required name=search_term_string\"}],\"inLanguage\":\"pt-PT\"},{\"@type\":\"Organization\",\"@id\":\"https:\/\/pistonaddict.com\/pt-pt\/#organization\",\"name\":\"Piston Addict\",\"url\":\"https:\/\/pistonaddict.com\/pt-pt\/\",\"logo\":{\"@type\":\"ImageObject\",\"inLanguage\":\"pt-PT\",\"@id\":\"https:\/\/pistonaddict.com\/pt-pt\/#\/schema\/logo\/image\/\",\"url\":\"https:\/\/pistonaddict.com\/wp-content\/uploads\/2022\/07\/logo-6.png\",\"contentUrl\":\"https:\/\/pistonaddict.com\/wp-content\/uploads\/2022\/07\/logo-6.png\",\"width\":970,\"height\":200,\"caption\":\"Piston Addict\"},\"image\":{\"@id\":\"https:\/\/pistonaddict.com\/pt-pt\/#\/schema\/logo\/image\/\"}}]}<\/script>\n<!-- \/ Yoast SEO plugin. -->","yoast_head_json":{"title":"Regras de Coment\u00e1rio Piston Addict - t\u00edtulo","robots":{"index":"index","follow":"follow","max-snippet":"max-snippet:-1","max-image-preview":"max-image-preview:large","max-video-preview":"max-video-preview:-1"},"canonical":"https:\/\/pistonaddict.com\/pt-pt\/regras-de-comentario\/","og_locale":"pt_PT","og_type":"article","og_title":"Regras de Coment\u00e1rio Piston Addict - t\u00edtulo","og_description":"Regra 1. Ser construtivo e n\u00e3o negativo \u00c9 mais f\u00e1cil dizer que n\u00e3o se gosta de algo, e por vezes pode ser justificado. Por outro lado, \u00e9 mais valioso dizer como se pode melhor\u00e1-lo, o valor real \u00e9 acrescentado quando se pode especificar o que est\u00e1 errado e como embelez\u00e1-lo. Regra 2. A experi\u00eancia ganha ... Leia maisRegras de Coment\u00e1rio","og_url":"https:\/\/pistonaddict.com\/pt-pt\/regras-de-comentario\/","og_site_name":"Piston Addict","article_modified_time":"2023-02-05T10:11:46+00:00","twitter_card":"summary_large_image","twitter_misc":{"Tempo estimado de leitura":"2 minutos"},"schema":{"@context":"https:\/\/schema.org","@graph":[{"@type":"WebPage","@id":"https:\/\/pistonaddict.com\/pt-pt\/regras-de-comentario\/","url":"https:\/\/pistonaddict.com\/pt-pt\/regras-de-comentario\/","name":"Regras de Coment\u00e1rio Piston Addict - t\u00edtulo","isPartOf":{"@id":"https:\/\/pistonaddict.com\/pt-pt\/#website"},"datePublished":"2022-04-29T09:20:06+00:00","dateModified":"2023-02-05T10:11:46+00:00","breadcrumb":{"@id":"https:\/\/pistonaddict.com\/pt-pt\/regras-de-comentario\/#breadcrumb"},"inLanguage":"pt-PT","potentialAction":[{"@type":"ReadAction","target":["https:\/\/pistonaddict.com\/pt-pt\/regras-de-comentario\/"]}]},{"@type":"BreadcrumbList","@id":"https:\/\/pistonaddict.com\/pt-pt\/regras-de-comentario\/#breadcrumb","itemListElement":[{"@type":"ListItem","position":1,"name":"Rece\u00e7\u00e3o","item":"https:\/\/pistonaddict.com\/pt-pt\/pagina-inicial\/"},{"@type":"ListItem","position":2,"name":"Regras de Coment\u00e1rio"}]},{"@type":"WebSite","@id":"https:\/\/pistonaddict.com\/pt-pt\/#website","url":"https:\/\/pistonaddict.com\/pt-pt\/","name":"Piston Addict","description":"Only interesting vehicles","publisher":{"@id":"https:\/\/pistonaddict.com\/pt-pt\/#organization"},"potentialAction":[{"@type":"SearchAction","target":{"@type":"EntryPoint","urlTemplate":"https:\/\/pistonaddict.com\/pt-pt\/?s={search_term_string}"},"query-input":"required name=search_term_string"}],"inLanguage":"pt-PT"},{"@type":"Organization","@id":"https:\/\/pistonaddict.com\/pt-pt\/#organization","name":"Piston Addict","url":"https:\/\/pistonaddict.com\/pt-pt\/","logo":{"@type":"ImageObject","inLanguage":"pt-PT","@id":"https:\/\/pistonaddict.com\/pt-pt\/#\/schema\/logo\/image\/","url":"https:\/\/pistonaddict.com\/wp-content\/uploads\/2022\/07\/logo-6.png","contentUrl":"https:\/\/pistonaddict.com\/wp-content\/uploads\/2022\/07\/logo-6.png","width":970,"height":200,"caption":"Piston Addict"},"image":{"@id":"https:\/\/pistonaddict.com\/pt-pt\/#\/schema\/logo\/image\/"}}]}},"_links":{"self":[{"href":"https:\/\/pistonaddict.com\/pt-pt\/wp-json\/wp\/v2\/pages\/26239"}],"collection":[{"href":"https:\/\/pistonaddict.com\/pt-pt\/wp-json\/wp\/v2\/pages"}],"about":[{"href":"https:\/\/pistonaddict.com\/pt-pt\/wp-json\/wp\/v2\/types\/page"}],"author":[{"embeddable":true,"href":"https:\/\/pistonaddict.com\/pt-pt\/wp-json\/wp\/v2\/users\/1"}],"replies":[{"embeddable":true,"href":"https:\/\/pistonaddict.com\/pt-pt\/wp-json\/wp\/v2\/comments?post=26239"}],"version-history":[{"count":1,"href":"https:\/\/pistonaddict.com\/pt-pt\/wp-json\/wp\/v2\/pages\/26239\/revisions"}],"predecessor-version":[{"id":26244,"href":"https:\/\/pistonaddict.com\/pt-pt\/wp-json\/wp\/v2\/pages\/26239\/revisions\/26244"}],"wp:attachment":[{"href":"https:\/\/pistonaddict.com\/pt-pt\/wp-json\/wp\/v2\/media?parent=26239"}],"curies":[{"name":"wp","href":"https:\/\/api.w.org\/{rel}","templated":true}]}}