{"id":22608,"date":"2022-04-20T13:00:00","date_gmt":"2022-04-20T11:00:00","guid":{"rendered":"https:\/\/pistonaddict.com\/mais-sobre\/"},"modified":"2023-01-04T12:22:39","modified_gmt":"2023-01-04T11:22:39","slug":"mais-sobre","status":"publish","type":"page","link":"https:\/\/pistonaddict.com\/pt-pt\/mais-sobre\/","title":{"rendered":"Mais sobre"},"content":{"rendered":"\t\t<div data-elementor-type=\"wp-page\" data-elementor-id=\"22608\" class=\"elementor elementor-22608 elementor-19002\">\n\t\t\t\t\t\t<section class=\"elementor-section elementor-top-section elementor-element elementor-element-3668bb8 elementor-section-full_width elementor-section-content-middle banniere-page elementor-section-height-default elementor-section-height-default\" data-id=\"3668bb8\" data-element_type=\"section\" data-settings=\"{&quot;background_background&quot;:&quot;classic&quot;}\">\n\t\t\t\t\t\t<div class=\"elementor-container elementor-column-gap-default\">\n\t\t\t\t\t<div class=\"elementor-column elementor-col-100 elementor-top-column elementor-element elementor-element-b2088b2\" data-id=\"b2088b2\" data-element_type=\"column\">\n\t\t\t<div class=\"elementor-widget-wrap elementor-element-populated\">\n\t\t\t\t\t\t<div class=\"elementor-element elementor-element-26e06c0 elementor-widget elementor-widget-heading\" data-id=\"26e06c0\" data-element_type=\"widget\" data-widget_type=\"heading.default\">\n\t\t\t\t<div class=\"elementor-widget-container\">\n\t\t\t<style>\/*! elementor - v3.21.0 - 18-04-2024 *\/\n.elementor-heading-title{padding:0;margin:0;line-height:1}.elementor-widget-heading .elementor-heading-title[class*=elementor-size-]>a{color:inherit;font-size:inherit;line-height:inherit}.elementor-widget-heading .elementor-heading-title.elementor-size-small{font-size:15px}.elementor-widget-heading .elementor-heading-title.elementor-size-medium{font-size:19px}.elementor-widget-heading .elementor-heading-title.elementor-size-large{font-size:29px}.elementor-widget-heading .elementor-heading-title.elementor-size-xl{font-size:39px}.elementor-widget-heading .elementor-heading-title.elementor-size-xxl{font-size:59px}<\/style><h1 class=\"elementor-heading-title elementor-size-default\">Sobre Piston Addict<\/h1>\t\t<\/div>\n\t\t\t\t<\/div>\n\t\t\t\t\t<\/div>\n\t\t<\/div>\n\t\t\t\t\t<\/div>\n\t\t<\/section>\n\t\t\t\t<section class=\"elementor-section elementor-top-section elementor-element elementor-element-62ecd00 elementor-section-full_width descs elementor-section-height-default elementor-section-height-default\" data-id=\"62ecd00\" data-element_type=\"section\">\n\t\t\t\t\t\t<div class=\"elementor-container elementor-column-gap-default\">\n\t\t\t\t\t<div class=\"elementor-column elementor-col-100 elementor-top-column elementor-element elementor-element-cae2e10\" data-id=\"cae2e10\" data-element_type=\"column\">\n\t\t\t<div class=\"elementor-widget-wrap elementor-element-populated\">\n\t\t\t\t\t\t<div class=\"elementor-element elementor-element-174bee4 elementor-widget elementor-widget-text-editor\" data-id=\"174bee4\" data-element_type=\"widget\" data-widget_type=\"text-editor.default\">\n\t\t\t\t<div class=\"elementor-widget-container\">\n\t\t\t<style>\/*! elementor - v3.21.0 - 18-04-2024 *\/\n.elementor-widget-text-editor.elementor-drop-cap-view-stacked .elementor-drop-cap{background-color:#69727d;color:#fff}.elementor-widget-text-editor.elementor-drop-cap-view-framed .elementor-drop-cap{color:#69727d;border:3px solid;background-color:transparent}.elementor-widget-text-editor:not(.elementor-drop-cap-view-default) .elementor-drop-cap{margin-top:8px}.elementor-widget-text-editor:not(.elementor-drop-cap-view-default) .elementor-drop-cap-letter{width:1em;height:1em}.elementor-widget-text-editor .elementor-drop-cap{float:left;text-align:center;line-height:1;font-size:50px}.elementor-widget-text-editor .elementor-drop-cap-letter{display:inline-block}<\/style>\t\t\t\t<\/p>\n<h2>A nossa hist\u00f3ria<\/h2>\n<p>Piston Addict \u00e9 uma plataforma de leil\u00e3o online especializada em ve\u00edculos excepcionais.  <\/p>\n<p>Entusiastas de autom\u00f3veis desde muito cedo, era importante para n\u00f3s tornar a venda e compra de autom\u00f3veis e motociclos mais acess\u00edveis, permitindo-lhe vender ou comprar um ve\u00edculo, onde quer que esteja. que encontrou.<\/p>\n<p>Piston Addict nasceu com o desejo de revolucionar o mercado de ve\u00edculos usados da forma mais simples, mais fluida e mais transparente: tudo o que precisa \u00e9 de um clique ou de um leil\u00e3o para adquirir e vender ve\u00edculos excitantes. de entusiastas.<\/p>\n<h2> <\/h2>\n<h2>Como trabalhamos<\/h2>\n<p>Piston Addict est\u00e1 a reinventar a forma de vender ou comprar ve\u00edculos cl\u00e1ssicos, coleccion\u00e1veis e entusiastas.<\/p>\n<p>Estudamos cada ve\u00edculo apresentado, com a maior aten\u00e7\u00e3o: na Piston Addict, encontrar\u00e1 uma equipa de entusiastas que s\u00e3o especialistas em carros antigos ou modernos.<\/p>\n<p>Os nossos leil\u00f5es oferecem transpar\u00eancia total, listas mais completas e taxas mais justas em compara\u00e7\u00e3o com as plataformas tradicionais. Seleccionamos uma vasta gama de marcas, modelos e tipos de ve\u00edculos: queremos ver o maior n\u00famero de variedades que possa esperar!<\/p>\n\t\t\t\t\t\t<\/div>\n\t\t\t\t<\/div>\n\t\t\t\t\t<\/div>\n\t\t<\/div>\n\t\t\t\t\t<\/div>\n\t\t<\/section>\n\t\t\t\t<section class=\"elementor-section elementor-top-section elementor-element elementor-element-38f2e81 elementor-section-content-middle story elementor-section-boxed elementor-section-height-default elementor-section-height-default\" data-id=\"38f2e81\" data-element_type=\"section\" data-settings=\"{&quot;background_background&quot;:&quot;gradient&quot;}\">\n\t\t\t\t\t\t<div class=\"elementor-container elementor-column-gap-default\">\n\t\t\t\t\t<div class=\"elementor-column elementor-col-100 elementor-top-column elementor-element elementor-element-71b8e7e\" data-id=\"71b8e7e\" data-element_type=\"column\">\n\t\t\t<div class=\"elementor-widget-wrap elementor-element-populated\">\n\t\t\t\t\t\t<div class=\"elementor-element elementor-element-205cd4d elementor-widget elementor-widget-text-editor\" data-id=\"205cd4d\" data-element_type=\"widget\" data-widget_type=\"text-editor.default\">\n\t\t\t\t<div class=\"elementor-widget-container\">\n\t\t\t\t\t\t\t\n          <h3>Depoimento<\/h3>\n          <p>Adoramos quando compradores e vendedores nos contam sobre as boas experi\u00eancias que tiveram no nosso site.<\/p>\n          <p>Envie-nos a sua hist\u00f3ria de compra ou venda com algumas fotografias fixes e n\u00f3s publicaremos o seu testemunho.<\/p>\n          <p>\n            <a href=\"mailto:contact@pistonaddict.com\">Submeta o seu testemunho<\/a>\n          <\/p>\n        \t\t\t\t\t\t<\/div>\n\t\t\t\t<\/div>\n\t\t\t\t\t<\/div>\n\t\t<\/div>\n\t\t\t\t\t<\/div>\n\t\t<\/section>\n\t\t\t\t<\/div>\n\t\t","protected":false},"excerpt":{"rendered":"<p>Sobre Piston Addict A nossa hist\u00f3ria Piston Addict \u00e9 uma plataforma de leil\u00e3o online especializada em ve\u00edculos excepcionais. Entusiastas de autom\u00f3veis desde muito cedo, era importante para n\u00f3s tornar a venda e compra de autom\u00f3veis e motociclos mais acess\u00edveis, permitindo-lhe vender ou comprar um ve\u00edculo, onde quer que esteja. que encontrou. Piston Addict nasceu com &#8230; <a title=\"Mais sobre\" class=\"read-more\" href=\"https:\/\/pistonaddict.com\/pt-pt\/mais-sobre\/\">Leia mais<span class=\"screen-reader-text\">Mais sobre<\/span><\/a><\/p>\n","protected":false},"author":1,"featured_media":0,"parent":0,"menu_order":0,"comment_status":"closed","ping_status":"closed","template":"","meta":{"inline_featured_image":false,"footnotes":""},"acf":[],"yoast_head":"<!-- This site is optimized with the Yoast SEO plugin v22.5 - https:\/\/yoast.com\/wordpress\/plugins\/seo\/ -->\n<title>Mais sobre Piston Addict - t\u00edtulo<\/title>\n<meta name=\"robots\" content=\"index, follow, max-snippet:-1, max-image-preview:large, max-video-preview:-1\" \/>\n<link rel=\"canonical\" href=\"https:\/\/pistonaddict.com\/pt-pt\/mais-sobre\/\" \/>\n<meta property=\"og:locale\" content=\"pt_PT\" \/>\n<meta property=\"og:type\" content=\"article\" \/>\n<meta property=\"og:title\" content=\"Mais sobre Piston Addict - t\u00edtulo\" \/>\n<meta property=\"og:description\" content=\"Sobre Piston Addict A nossa hist\u00f3ria Piston Addict \u00e9 uma plataforma de leil\u00e3o online especializada em ve\u00edculos excepcionais. Entusiastas de autom\u00f3veis desde muito cedo, era importante para n\u00f3s tornar a venda e compra de autom\u00f3veis e motociclos mais acess\u00edveis, permitindo-lhe vender ou comprar um ve\u00edculo, onde quer que esteja. que encontrou. Piston Addict nasceu com ... Leia maisMais sobre\" \/>\n<meta property=\"og:url\" content=\"https:\/\/pistonaddict.com\/pt-pt\/mais-sobre\/\" \/>\n<meta property=\"og:site_name\" content=\"Piston Addict\" \/>\n<meta property=\"article:modified_time\" content=\"2023-01-04T11:22:39+00:00\" \/>\n<meta name=\"twitter:card\" content=\"summary_large_image\" \/>\n<meta name=\"twitter:label1\" content=\"Tempo estimado de leitura\" \/>\n\t<meta name=\"twitter:data1\" content=\"1 minuto\" \/>\n<script type=\"application\/ld+json\" class=\"yoast-schema-graph\">{\"@context\":\"https:\/\/schema.org\",\"@graph\":[{\"@type\":\"WebPage\",\"@id\":\"https:\/\/pistonaddict.com\/pt-pt\/mais-sobre\/\",\"url\":\"https:\/\/pistonaddict.com\/pt-pt\/mais-sobre\/\",\"name\":\"Mais sobre Piston Addict - t\u00edtulo\",\"isPartOf\":{\"@id\":\"https:\/\/pistonaddict.com\/pt-pt\/#website\"},\"datePublished\":\"2022-04-20T11:00:00+00:00\",\"dateModified\":\"2023-01-04T11:22:39+00:00\",\"breadcrumb\":{\"@id\":\"https:\/\/pistonaddict.com\/pt-pt\/mais-sobre\/#breadcrumb\"},\"inLanguage\":\"pt-PT\",\"potentialAction\":[{\"@type\":\"ReadAction\",\"target\":[\"https:\/\/pistonaddict.com\/pt-pt\/mais-sobre\/\"]}]},{\"@type\":\"BreadcrumbList\",\"@id\":\"https:\/\/pistonaddict.com\/pt-pt\/mais-sobre\/#breadcrumb\",\"itemListElement\":[{\"@type\":\"ListItem\",\"position\":1,\"name\":\"Rece\u00e7\u00e3o\",\"item\":\"https:\/\/pistonaddict.com\/pt-pt\/pagina-inicial\/\"},{\"@type\":\"ListItem\",\"position\":2,\"name\":\"Mais sobre\"}]},{\"@type\":\"WebSite\",\"@id\":\"https:\/\/pistonaddict.com\/pt-pt\/#website\",\"url\":\"https:\/\/pistonaddict.com\/pt-pt\/\",\"name\":\"Piston Addict\",\"description\":\"Only interesting vehicles\",\"publisher\":{\"@id\":\"https:\/\/pistonaddict.com\/pt-pt\/#organization\"},\"potentialAction\":[{\"@type\":\"SearchAction\",\"target\":{\"@type\":\"EntryPoint\",\"urlTemplate\":\"https:\/\/pistonaddict.com\/pt-pt\/?s={search_term_string}\"},\"query-input\":\"required name=search_term_string\"}],\"inLanguage\":\"pt-PT\"},{\"@type\":\"Organization\",\"@id\":\"https:\/\/pistonaddict.com\/pt-pt\/#organization\",\"name\":\"Piston Addict\",\"url\":\"https:\/\/pistonaddict.com\/pt-pt\/\",\"logo\":{\"@type\":\"ImageObject\",\"inLanguage\":\"pt-PT\",\"@id\":\"https:\/\/pistonaddict.com\/pt-pt\/#\/schema\/logo\/image\/\",\"url\":\"https:\/\/pistonaddict.com\/wp-content\/uploads\/2022\/07\/logo-6.png\",\"contentUrl\":\"https:\/\/pistonaddict.com\/wp-content\/uploads\/2022\/07\/logo-6.png\",\"width\":970,\"height\":200,\"caption\":\"Piston Addict\"},\"image\":{\"@id\":\"https:\/\/pistonaddict.com\/pt-pt\/#\/schema\/logo\/image\/\"}}]}<\/script>\n<!-- \/ Yoast SEO plugin. -->","yoast_head_json":{"title":"Mais sobre Piston Addict - t\u00edtulo","robots":{"index":"index","follow":"follow","max-snippet":"max-snippet:-1","max-image-preview":"max-image-preview:large","max-video-preview":"max-video-preview:-1"},"canonical":"https:\/\/pistonaddict.com\/pt-pt\/mais-sobre\/","og_locale":"pt_PT","og_type":"article","og_title":"Mais sobre Piston Addict - t\u00edtulo","og_description":"Sobre Piston Addict A nossa hist\u00f3ria Piston Addict \u00e9 uma plataforma de leil\u00e3o online especializada em ve\u00edculos excepcionais. Entusiastas de autom\u00f3veis desde muito cedo, era importante para n\u00f3s tornar a venda e compra de autom\u00f3veis e motociclos mais acess\u00edveis, permitindo-lhe vender ou comprar um ve\u00edculo, onde quer que esteja. que encontrou. Piston Addict nasceu com ... Leia maisMais sobre","og_url":"https:\/\/pistonaddict.com\/pt-pt\/mais-sobre\/","og_site_name":"Piston Addict","article_modified_time":"2023-01-04T11:22:39+00:00","twitter_card":"summary_large_image","twitter_misc":{"Tempo estimado de leitura":"1 minuto"},"schema":{"@context":"https:\/\/schema.org","@graph":[{"@type":"WebPage","@id":"https:\/\/pistonaddict.com\/pt-pt\/mais-sobre\/","url":"https:\/\/pistonaddict.com\/pt-pt\/mais-sobre\/","name":"Mais sobre Piston Addict - t\u00edtulo","isPartOf":{"@id":"https:\/\/pistonaddict.com\/pt-pt\/#website"},"datePublished":"2022-04-20T11:00:00+00:00","dateModified":"2023-01-04T11:22:39+00:00","breadcrumb":{"@id":"https:\/\/pistonaddict.com\/pt-pt\/mais-sobre\/#breadcrumb"},"inLanguage":"pt-PT","potentialAction":[{"@type":"ReadAction","target":["https:\/\/pistonaddict.com\/pt-pt\/mais-sobre\/"]}]},{"@type":"BreadcrumbList","@id":"https:\/\/pistonaddict.com\/pt-pt\/mais-sobre\/#breadcrumb","itemListElement":[{"@type":"ListItem","position":1,"name":"Rece\u00e7\u00e3o","item":"https:\/\/pistonaddict.com\/pt-pt\/pagina-inicial\/"},{"@type":"ListItem","position":2,"name":"Mais sobre"}]},{"@type":"WebSite","@id":"https:\/\/pistonaddict.com\/pt-pt\/#website","url":"https:\/\/pistonaddict.com\/pt-pt\/","name":"Piston Addict","description":"Only interesting vehicles","publisher":{"@id":"https:\/\/pistonaddict.com\/pt-pt\/#organization"},"potentialAction":[{"@type":"SearchAction","target":{"@type":"EntryPoint","urlTemplate":"https:\/\/pistonaddict.com\/pt-pt\/?s={search_term_string}"},"query-input":"required name=search_term_string"}],"inLanguage":"pt-PT"},{"@type":"Organization","@id":"https:\/\/pistonaddict.com\/pt-pt\/#organization","name":"Piston Addict","url":"https:\/\/pistonaddict.com\/pt-pt\/","logo":{"@type":"ImageObject","inLanguage":"pt-PT","@id":"https:\/\/pistonaddict.com\/pt-pt\/#\/schema\/logo\/image\/","url":"https:\/\/pistonaddict.com\/wp-content\/uploads\/2022\/07\/logo-6.png","contentUrl":"https:\/\/pistonaddict.com\/wp-content\/uploads\/2022\/07\/logo-6.png","width":970,"height":200,"caption":"Piston Addict"},"image":{"@id":"https:\/\/pistonaddict.com\/pt-pt\/#\/schema\/logo\/image\/"}}]}},"_links":{"self":[{"href":"https:\/\/pistonaddict.com\/pt-pt\/wp-json\/wp\/v2\/pages\/22608"}],"collection":[{"href":"https:\/\/pistonaddict.com\/pt-pt\/wp-json\/wp\/v2\/pages"}],"about":[{"href":"https:\/\/pistonaddict.com\/pt-pt\/wp-json\/wp\/v2\/types\/page"}],"author":[{"embeddable":true,"href":"https:\/\/pistonaddict.com\/pt-pt\/wp-json\/wp\/v2\/users\/1"}],"replies":[{"embeddable":true,"href":"https:\/\/pistonaddict.com\/pt-pt\/wp-json\/wp\/v2\/comments?post=22608"}],"version-history":[{"count":1,"href":"https:\/\/pistonaddict.com\/pt-pt\/wp-json\/wp\/v2\/pages\/22608\/revisions"}],"predecessor-version":[{"id":22612,"href":"https:\/\/pistonaddict.com\/pt-pt\/wp-json\/wp\/v2\/pages\/22608\/revisions\/22612"}],"wp:attachment":[{"href":"https:\/\/pistonaddict.com\/pt-pt\/wp-json\/wp\/v2\/media?parent=22608"}],"curies":[{"name":"wp","href":"https:\/\/api.w.org\/{rel}","templated":true}]}}