{"id":2031,"date":"2022-04-13T10:38:14","date_gmt":"2022-04-13T08:38:14","guid":{"rendered":"https:\/\/pistonaddict.com\/pagina-de-amostra\/"},"modified":"2022-05-04T18:00:15","modified_gmt":"2022-05-04T16:00:15","slug":"pagina-de-amostra","status":"publish","type":"page","link":"https:\/\/pistonaddict.com\/pt-pt\/pagina-de-amostra\/","title":{"rendered":"P\u00e1gina de amostra"},"content":{"rendered":"\n<p>Esta \u00e9 uma p\u00e1gina de exemplo. Isto \u00e9 diferente de uma publica\u00e7\u00e3o de blog porque vai ficar no mesmo lugar e aparecer na navega\u00e7\u00e3o do seu site (na maioria dos temas). A maioria das pessoas come\u00e7a com uma p\u00e1gina &#8220;Sobre&#8221; que os apresenta \u00e0s pessoas que visitam o site. Pode parecer algo parecido com isto:<\/p>\n\n<blockquote class=\"wp-block-quote\"><p>Ol\u00e1! Sou um mec\u00e2nico que aspira a ser ator, e aqui est\u00e1 o meu site. Vivo em Bordeaux, tenho um grande c\u00e3o chamado Russell, e adoro vodka (al\u00e9m de ser surpreendido pela chuva s\u00fabita durante longas caminhadas na praia ao p\u00f4r-do-sol).<\/p><\/blockquote>\n\n<p>&#8230; ou algo assim:<\/p>\n\n<blockquote class=\"wp-block-quote\"><p>A empresa 123 Machin Truc foi criada em 1971, e continuou a oferecer coisas de qualidade p\u00fablica desde ent\u00e3o. Localizado em Saint-Remy-en-Bouzemont-Saint-Genest-et-Isson, 123 Machin Truc emprega 2.000 pessoas, e fabrica todos os tipos de grandes widgets para a comunidade bouzemont.<\/p><\/blockquote>\n\n<p>Como novo utilizador do WordPress, dever\u00e1 ir ao <a href=\"https:\/\/pistonaddict.com\/wp-admin\/\">seu painel de instrumentos<\/a> para eliminar essa p\u00e1gina e criar novas p\u00e1ginas para o seu conte\u00fado. Toque bem!<\/p>\n","protected":false},"excerpt":{"rendered":"<p>Esta \u00e9 uma p\u00e1gina de exemplo. Isto \u00e9 diferente de uma publica\u00e7\u00e3o de blog porque vai ficar no mesmo lugar e aparecer na navega\u00e7\u00e3o do seu site (na maioria dos temas). A maioria das pessoas come\u00e7a com uma p\u00e1gina &#8220;Sobre&#8221; que os apresenta \u00e0s pessoas que visitam o site. Pode parecer algo parecido com isto: &#8230; <a title=\"P\u00e1gina de amostra\" class=\"read-more\" href=\"https:\/\/pistonaddict.com\/pt-pt\/pagina-de-amostra\/\">Leia mais<span class=\"screen-reader-text\">P\u00e1gina de amostra<\/span><\/a><\/p>\n","protected":false},"author":1,"featured_media":0,"parent":0,"menu_order":0,"comment_status":"closed","ping_status":"closed","template":"","meta":{"inline_featured_image":false,"footnotes":""},"acf":[],"yoast_head":"<!-- This site is optimized with the Yoast SEO plugin v22.5 - https:\/\/yoast.com\/wordpress\/plugins\/seo\/ -->\n<title>P\u00e1gina de amostra Piston Addict - t\u00edtulo<\/title>\n<meta name=\"robots\" content=\"index, follow, max-snippet:-1, max-image-preview:large, max-video-preview:-1\" \/>\n<link rel=\"canonical\" href=\"https:\/\/pistonaddict.com\/pt-pt\/pagina-de-amostra\/\" \/>\n<meta property=\"og:locale\" content=\"pt_PT\" \/>\n<meta property=\"og:type\" content=\"article\" \/>\n<meta property=\"og:title\" content=\"P\u00e1gina de amostra Piston Addict - t\u00edtulo\" \/>\n<meta property=\"og:description\" content=\"Esta \u00e9 uma p\u00e1gina de exemplo. Isto \u00e9 diferente de uma publica\u00e7\u00e3o de blog porque vai ficar no mesmo lugar e aparecer na navega\u00e7\u00e3o do seu site (na maioria dos temas). A maioria das pessoas come\u00e7a com uma p\u00e1gina &#8220;Sobre&#8221; que os apresenta \u00e0s pessoas que visitam o site. Pode parecer algo parecido com isto: ... Leia maisP\u00e1gina de amostra\" \/>\n<meta property=\"og:url\" content=\"https:\/\/pistonaddict.com\/pt-pt\/pagina-de-amostra\/\" \/>\n<meta property=\"og:site_name\" content=\"Piston Addict\" \/>\n<meta property=\"article:modified_time\" content=\"2022-05-04T16:00:15+00:00\" \/>\n<meta name=\"twitter:card\" content=\"summary_large_image\" \/>\n<meta name=\"twitter:label1\" content=\"Tempo estimado de leitura\" \/>\n\t<meta name=\"twitter:data1\" content=\"1 minuto\" \/>\n<script type=\"application\/ld+json\" class=\"yoast-schema-graph\">{\"@context\":\"https:\/\/schema.org\",\"@graph\":[{\"@type\":\"WebPage\",\"@id\":\"https:\/\/pistonaddict.com\/pt-pt\/pagina-de-amostra\/\",\"url\":\"https:\/\/pistonaddict.com\/pt-pt\/pagina-de-amostra\/\",\"name\":\"P\u00e1gina de amostra Piston Addict - t\u00edtulo\",\"isPartOf\":{\"@id\":\"https:\/\/pistonaddict.com\/pt-pt\/#website\"},\"datePublished\":\"2022-04-13T08:38:14+00:00\",\"dateModified\":\"2022-05-04T16:00:15+00:00\",\"breadcrumb\":{\"@id\":\"https:\/\/pistonaddict.com\/pt-pt\/pagina-de-amostra\/#breadcrumb\"},\"inLanguage\":\"pt-PT\",\"potentialAction\":[{\"@type\":\"ReadAction\",\"target\":[\"https:\/\/pistonaddict.com\/pt-pt\/pagina-de-amostra\/\"]}]},{\"@type\":\"BreadcrumbList\",\"@id\":\"https:\/\/pistonaddict.com\/pt-pt\/pagina-de-amostra\/#breadcrumb\",\"itemListElement\":[{\"@type\":\"ListItem\",\"position\":1,\"name\":\"Rece\u00e7\u00e3o\",\"item\":\"https:\/\/pistonaddict.com\/pt-pt\/pagina-inicial\/\"},{\"@type\":\"ListItem\",\"position\":2,\"name\":\"P\u00e1gina de amostra\"}]},{\"@type\":\"WebSite\",\"@id\":\"https:\/\/pistonaddict.com\/pt-pt\/#website\",\"url\":\"https:\/\/pistonaddict.com\/pt-pt\/\",\"name\":\"Piston Addict\",\"description\":\"Only interesting vehicles\",\"publisher\":{\"@id\":\"https:\/\/pistonaddict.com\/pt-pt\/#organization\"},\"potentialAction\":[{\"@type\":\"SearchAction\",\"target\":{\"@type\":\"EntryPoint\",\"urlTemplate\":\"https:\/\/pistonaddict.com\/pt-pt\/?s={search_term_string}\"},\"query-input\":\"required name=search_term_string\"}],\"inLanguage\":\"pt-PT\"},{\"@type\":\"Organization\",\"@id\":\"https:\/\/pistonaddict.com\/pt-pt\/#organization\",\"name\":\"Piston Addict\",\"url\":\"https:\/\/pistonaddict.com\/pt-pt\/\",\"logo\":{\"@type\":\"ImageObject\",\"inLanguage\":\"pt-PT\",\"@id\":\"https:\/\/pistonaddict.com\/pt-pt\/#\/schema\/logo\/image\/\",\"url\":\"https:\/\/pistonaddict.com\/wp-content\/uploads\/2022\/07\/logo-6.png\",\"contentUrl\":\"https:\/\/pistonaddict.com\/wp-content\/uploads\/2022\/07\/logo-6.png\",\"width\":970,\"height\":200,\"caption\":\"Piston Addict\"},\"image\":{\"@id\":\"https:\/\/pistonaddict.com\/pt-pt\/#\/schema\/logo\/image\/\"}}]}<\/script>\n<!-- \/ Yoast SEO plugin. -->","yoast_head_json":{"title":"P\u00e1gina de amostra Piston Addict - t\u00edtulo","robots":{"index":"index","follow":"follow","max-snippet":"max-snippet:-1","max-image-preview":"max-image-preview:large","max-video-preview":"max-video-preview:-1"},"canonical":"https:\/\/pistonaddict.com\/pt-pt\/pagina-de-amostra\/","og_locale":"pt_PT","og_type":"article","og_title":"P\u00e1gina de amostra Piston Addict - t\u00edtulo","og_description":"Esta \u00e9 uma p\u00e1gina de exemplo. Isto \u00e9 diferente de uma publica\u00e7\u00e3o de blog porque vai ficar no mesmo lugar e aparecer na navega\u00e7\u00e3o do seu site (na maioria dos temas). A maioria das pessoas come\u00e7a com uma p\u00e1gina &#8220;Sobre&#8221; que os apresenta \u00e0s pessoas que visitam o site. Pode parecer algo parecido com isto: ... Leia maisP\u00e1gina de amostra","og_url":"https:\/\/pistonaddict.com\/pt-pt\/pagina-de-amostra\/","og_site_name":"Piston Addict","article_modified_time":"2022-05-04T16:00:15+00:00","twitter_card":"summary_large_image","twitter_misc":{"Tempo estimado de leitura":"1 minuto"},"schema":{"@context":"https:\/\/schema.org","@graph":[{"@type":"WebPage","@id":"https:\/\/pistonaddict.com\/pt-pt\/pagina-de-amostra\/","url":"https:\/\/pistonaddict.com\/pt-pt\/pagina-de-amostra\/","name":"P\u00e1gina de amostra Piston Addict - t\u00edtulo","isPartOf":{"@id":"https:\/\/pistonaddict.com\/pt-pt\/#website"},"datePublished":"2022-04-13T08:38:14+00:00","dateModified":"2022-05-04T16:00:15+00:00","breadcrumb":{"@id":"https:\/\/pistonaddict.com\/pt-pt\/pagina-de-amostra\/#breadcrumb"},"inLanguage":"pt-PT","potentialAction":[{"@type":"ReadAction","target":["https:\/\/pistonaddict.com\/pt-pt\/pagina-de-amostra\/"]}]},{"@type":"BreadcrumbList","@id":"https:\/\/pistonaddict.com\/pt-pt\/pagina-de-amostra\/#breadcrumb","itemListElement":[{"@type":"ListItem","position":1,"name":"Rece\u00e7\u00e3o","item":"https:\/\/pistonaddict.com\/pt-pt\/pagina-inicial\/"},{"@type":"ListItem","position":2,"name":"P\u00e1gina de amostra"}]},{"@type":"WebSite","@id":"https:\/\/pistonaddict.com\/pt-pt\/#website","url":"https:\/\/pistonaddict.com\/pt-pt\/","name":"Piston Addict","description":"Only interesting vehicles","publisher":{"@id":"https:\/\/pistonaddict.com\/pt-pt\/#organization"},"potentialAction":[{"@type":"SearchAction","target":{"@type":"EntryPoint","urlTemplate":"https:\/\/pistonaddict.com\/pt-pt\/?s={search_term_string}"},"query-input":"required name=search_term_string"}],"inLanguage":"pt-PT"},{"@type":"Organization","@id":"https:\/\/pistonaddict.com\/pt-pt\/#organization","name":"Piston Addict","url":"https:\/\/pistonaddict.com\/pt-pt\/","logo":{"@type":"ImageObject","inLanguage":"pt-PT","@id":"https:\/\/pistonaddict.com\/pt-pt\/#\/schema\/logo\/image\/","url":"https:\/\/pistonaddict.com\/wp-content\/uploads\/2022\/07\/logo-6.png","contentUrl":"https:\/\/pistonaddict.com\/wp-content\/uploads\/2022\/07\/logo-6.png","width":970,"height":200,"caption":"Piston Addict"},"image":{"@id":"https:\/\/pistonaddict.com\/pt-pt\/#\/schema\/logo\/image\/"}}]}},"_links":{"self":[{"href":"https:\/\/pistonaddict.com\/pt-pt\/wp-json\/wp\/v2\/pages\/2031"}],"collection":[{"href":"https:\/\/pistonaddict.com\/pt-pt\/wp-json\/wp\/v2\/pages"}],"about":[{"href":"https:\/\/pistonaddict.com\/pt-pt\/wp-json\/wp\/v2\/types\/page"}],"author":[{"embeddable":true,"href":"https:\/\/pistonaddict.com\/pt-pt\/wp-json\/wp\/v2\/users\/1"}],"replies":[{"embeddable":true,"href":"https:\/\/pistonaddict.com\/pt-pt\/wp-json\/wp\/v2\/comments?post=2031"}],"version-history":[{"count":3,"href":"https:\/\/pistonaddict.com\/pt-pt\/wp-json\/wp\/v2\/pages\/2031\/revisions"}],"predecessor-version":[{"id":4369,"href":"https:\/\/pistonaddict.com\/pt-pt\/wp-json\/wp\/v2\/pages\/2031\/revisions\/4369"}],"wp:attachment":[{"href":"https:\/\/pistonaddict.com\/pt-pt\/wp-json\/wp\/v2\/media?parent=2031"}],"curies":[{"name":"wp","href":"https:\/\/api.w.org\/{rel}","templated":true}]}}