{"id":11055,"date":"2022-07-05T08:47:55","date_gmt":"2022-07-05T06:47:55","guid":{"rendered":"https:\/\/pistonaddict.com\/a-minha-conta\/os-meus-leiloes\/"},"modified":"2022-07-05T08:49:08","modified_gmt":"2022-07-05T06:49:08","slug":"os-meus-leiloes","status":"publish","type":"page","link":"https:\/\/pistonaddict.com\/pt-pt\/a-minha-conta\/os-meus-leiloes\/","title":{"rendered":"Os meus leil\u00f5es"},"content":{"rendered":"<h1>Os meus leil\u00f5es<\/h1>\n<h2>A minha actividade de leil\u00f5es<\/h2>\n<p>&nbsp;<\/p>\n<div class=\"woocommerce\"><p class=\"woocommerce-info\">Por favor, inicie sess\u00e3o para ver a sua actividade de leil\u00f5es.<\/p><\/div>\n<h2>A minha lista de coisas em leil\u00e3o<\/h2>\n<p>&nbsp;<\/p>\n<div class=\"woocommerce\"><p class=\"woocommerce-info\">Por favor, inicie sess\u00e3o para ver os seus leil\u00f5es.<\/p><\/div>\n","protected":false},"excerpt":{"rendered":"<p>Os meus leil\u00f5es A minha actividade de leil\u00f5es &nbsp; A minha lista de coisas em leil\u00e3o &nbsp;<\/p>\n","protected":false},"author":1,"featured_media":0,"parent":2156,"menu_order":0,"comment_status":"closed","ping_status":"closed","template":"","meta":{"inline_featured_image":false,"footnotes":""},"acf":[],"yoast_head":"<!-- This site is optimized with the Yoast SEO plugin v22.5 - https:\/\/yoast.com\/wordpress\/plugins\/seo\/ -->\n<title>Os meus leil\u00f5es Piston Addict - t\u00edtulo<\/title>\n<meta name=\"robots\" content=\"index, follow, max-snippet:-1, max-image-preview:large, max-video-preview:-1\" \/>\n<link rel=\"canonical\" href=\"https:\/\/pistonaddict.com\/pt-pt\/a-minha-conta\/os-meus-leiloes\/\" \/>\n<meta property=\"og:locale\" content=\"pt_PT\" \/>\n<meta property=\"og:type\" content=\"article\" \/>\n<meta property=\"og:title\" content=\"Os meus leil\u00f5es Piston Addict - t\u00edtulo\" \/>\n<meta property=\"og:description\" content=\"Os meus leil\u00f5es A minha actividade de leil\u00f5es &nbsp; A minha lista de coisas em leil\u00e3o &nbsp;\" \/>\n<meta property=\"og:url\" content=\"https:\/\/pistonaddict.com\/pt-pt\/a-minha-conta\/os-meus-leiloes\/\" \/>\n<meta property=\"og:site_name\" content=\"Piston Addict\" \/>\n<meta property=\"article:modified_time\" content=\"2022-07-05T06:49:08+00:00\" \/>\n<meta name=\"twitter:card\" content=\"summary_large_image\" \/>\n<script type=\"application\/ld+json\" class=\"yoast-schema-graph\">{\"@context\":\"https:\/\/schema.org\",\"@graph\":[{\"@type\":\"WebPage\",\"@id\":\"https:\/\/pistonaddict.com\/pt-pt\/a-minha-conta\/os-meus-leiloes\/\",\"url\":\"https:\/\/pistonaddict.com\/pt-pt\/a-minha-conta\/os-meus-leiloes\/\",\"name\":\"Os meus leil\u00f5es Piston Addict - t\u00edtulo\",\"isPartOf\":{\"@id\":\"https:\/\/pistonaddict.com\/pt-pt\/#website\"},\"datePublished\":\"2022-07-05T06:47:55+00:00\",\"dateModified\":\"2022-07-05T06:49:08+00:00\",\"breadcrumb\":{\"@id\":\"https:\/\/pistonaddict.com\/pt-pt\/a-minha-conta\/os-meus-leiloes\/#breadcrumb\"},\"inLanguage\":\"pt-PT\",\"potentialAction\":[{\"@type\":\"ReadAction\",\"target\":[\"https:\/\/pistonaddict.com\/pt-pt\/a-minha-conta\/os-meus-leiloes\/\"]}]},{\"@type\":\"BreadcrumbList\",\"@id\":\"https:\/\/pistonaddict.com\/pt-pt\/a-minha-conta\/os-meus-leiloes\/#breadcrumb\",\"itemListElement\":[{\"@type\":\"ListItem\",\"position\":1,\"name\":\"Rece\u00e7\u00e3o\",\"item\":\"https:\/\/pistonaddict.com\/pt-pt\/pagina-inicial\/\"},{\"@type\":\"ListItem\",\"position\":2,\"name\":\"A minha conta\",\"item\":\"https:\/\/pistonaddict.com\/pt-pt\/a-minha-conta\/\"},{\"@type\":\"ListItem\",\"position\":3,\"name\":\"Os meus leil\u00f5es\"}]},{\"@type\":\"WebSite\",\"@id\":\"https:\/\/pistonaddict.com\/pt-pt\/#website\",\"url\":\"https:\/\/pistonaddict.com\/pt-pt\/\",\"name\":\"Piston Addict\",\"description\":\"Only interesting vehicles\",\"publisher\":{\"@id\":\"https:\/\/pistonaddict.com\/pt-pt\/#organization\"},\"potentialAction\":[{\"@type\":\"SearchAction\",\"target\":{\"@type\":\"EntryPoint\",\"urlTemplate\":\"https:\/\/pistonaddict.com\/pt-pt\/?s={search_term_string}\"},\"query-input\":\"required name=search_term_string\"}],\"inLanguage\":\"pt-PT\"},{\"@type\":\"Organization\",\"@id\":\"https:\/\/pistonaddict.com\/pt-pt\/#organization\",\"name\":\"Piston Addict\",\"url\":\"https:\/\/pistonaddict.com\/pt-pt\/\",\"logo\":{\"@type\":\"ImageObject\",\"inLanguage\":\"pt-PT\",\"@id\":\"https:\/\/pistonaddict.com\/pt-pt\/#\/schema\/logo\/image\/\",\"url\":\"https:\/\/pistonaddict.com\/wp-content\/uploads\/2022\/07\/logo-6.png\",\"contentUrl\":\"https:\/\/pistonaddict.com\/wp-content\/uploads\/2022\/07\/logo-6.png\",\"width\":970,\"height\":200,\"caption\":\"Piston Addict\"},\"image\":{\"@id\":\"https:\/\/pistonaddict.com\/pt-pt\/#\/schema\/logo\/image\/\"}}]}<\/script>\n<!-- \/ Yoast SEO plugin. -->","yoast_head_json":{"title":"Os meus leil\u00f5es Piston Addict - t\u00edtulo","robots":{"index":"index","follow":"follow","max-snippet":"max-snippet:-1","max-image-preview":"max-image-preview:large","max-video-preview":"max-video-preview:-1"},"canonical":"https:\/\/pistonaddict.com\/pt-pt\/a-minha-conta\/os-meus-leiloes\/","og_locale":"pt_PT","og_type":"article","og_title":"Os meus leil\u00f5es Piston Addict - t\u00edtulo","og_description":"Os meus leil\u00f5es A minha actividade de leil\u00f5es &nbsp; A minha lista de coisas em leil\u00e3o &nbsp;","og_url":"https:\/\/pistonaddict.com\/pt-pt\/a-minha-conta\/os-meus-leiloes\/","og_site_name":"Piston Addict","article_modified_time":"2022-07-05T06:49:08+00:00","twitter_card":"summary_large_image","schema":{"@context":"https:\/\/schema.org","@graph":[{"@type":"WebPage","@id":"https:\/\/pistonaddict.com\/pt-pt\/a-minha-conta\/os-meus-leiloes\/","url":"https:\/\/pistonaddict.com\/pt-pt\/a-minha-conta\/os-meus-leiloes\/","name":"Os meus leil\u00f5es Piston Addict - t\u00edtulo","isPartOf":{"@id":"https:\/\/pistonaddict.com\/pt-pt\/#website"},"datePublished":"2022-07-05T06:47:55+00:00","dateModified":"2022-07-05T06:49:08+00:00","breadcrumb":{"@id":"https:\/\/pistonaddict.com\/pt-pt\/a-minha-conta\/os-meus-leiloes\/#breadcrumb"},"inLanguage":"pt-PT","potentialAction":[{"@type":"ReadAction","target":["https:\/\/pistonaddict.com\/pt-pt\/a-minha-conta\/os-meus-leiloes\/"]}]},{"@type":"BreadcrumbList","@id":"https:\/\/pistonaddict.com\/pt-pt\/a-minha-conta\/os-meus-leiloes\/#breadcrumb","itemListElement":[{"@type":"ListItem","position":1,"name":"Rece\u00e7\u00e3o","item":"https:\/\/pistonaddict.com\/pt-pt\/pagina-inicial\/"},{"@type":"ListItem","position":2,"name":"A minha conta","item":"https:\/\/pistonaddict.com\/pt-pt\/a-minha-conta\/"},{"@type":"ListItem","position":3,"name":"Os meus leil\u00f5es"}]},{"@type":"WebSite","@id":"https:\/\/pistonaddict.com\/pt-pt\/#website","url":"https:\/\/pistonaddict.com\/pt-pt\/","name":"Piston Addict","description":"Only interesting vehicles","publisher":{"@id":"https:\/\/pistonaddict.com\/pt-pt\/#organization"},"potentialAction":[{"@type":"SearchAction","target":{"@type":"EntryPoint","urlTemplate":"https:\/\/pistonaddict.com\/pt-pt\/?s={search_term_string}"},"query-input":"required name=search_term_string"}],"inLanguage":"pt-PT"},{"@type":"Organization","@id":"https:\/\/pistonaddict.com\/pt-pt\/#organization","name":"Piston Addict","url":"https:\/\/pistonaddict.com\/pt-pt\/","logo":{"@type":"ImageObject","inLanguage":"pt-PT","@id":"https:\/\/pistonaddict.com\/pt-pt\/#\/schema\/logo\/image\/","url":"https:\/\/pistonaddict.com\/wp-content\/uploads\/2022\/07\/logo-6.png","contentUrl":"https:\/\/pistonaddict.com\/wp-content\/uploads\/2022\/07\/logo-6.png","width":970,"height":200,"caption":"Piston Addict"},"image":{"@id":"https:\/\/pistonaddict.com\/pt-pt\/#\/schema\/logo\/image\/"}}]}},"_links":{"self":[{"href":"https:\/\/pistonaddict.com\/pt-pt\/wp-json\/wp\/v2\/pages\/11055"}],"collection":[{"href":"https:\/\/pistonaddict.com\/pt-pt\/wp-json\/wp\/v2\/pages"}],"about":[{"href":"https:\/\/pistonaddict.com\/pt-pt\/wp-json\/wp\/v2\/types\/page"}],"author":[{"embeddable":true,"href":"https:\/\/pistonaddict.com\/pt-pt\/wp-json\/wp\/v2\/users\/1"}],"replies":[{"embeddable":true,"href":"https:\/\/pistonaddict.com\/pt-pt\/wp-json\/wp\/v2\/comments?post=11055"}],"version-history":[{"count":1,"href":"https:\/\/pistonaddict.com\/pt-pt\/wp-json\/wp\/v2\/pages\/11055\/revisions"}],"predecessor-version":[{"id":11079,"href":"https:\/\/pistonaddict.com\/pt-pt\/wp-json\/wp\/v2\/pages\/11055\/revisions\/11079"}],"up":[{"embeddable":true,"href":"https:\/\/pistonaddict.com\/pt-pt\/wp-json\/wp\/v2\/pages\/2156"}],"wp:attachment":[{"href":"https:\/\/pistonaddict.com\/pt-pt\/wp-json\/wp\/v2\/media?parent=11055"}],"curies":[{"name":"wp","href":"https:\/\/api.w.org\/{rel}","templated":true}]}}